{"id":1198,"date":"2024-01-01T11:46:22","date_gmt":"2024-01-01T10:46:22","guid":{"rendered":"https:\/\/ecoturbino.eu\/?page_id=1198"},"modified":"2024-01-16T00:49:38","modified_gmt":"2024-01-15T23:49:38","slug":"wplyw-2","status":"publish","type":"page","link":"https:\/\/ecoturbino.world\/pl\/impact-2\/","title":{"rendered":"Zoptymalizowana i widoczna higiena w prysznicach | g\u0142owice prysznicowe"},"content":{"rendered":"<section class=\"section zindex1\" id=\"section_926401413\">\n\t\t<div class=\"section-bg fill\" >\n\t\t\t\t\t\t\t\t\t\n\t\t\t\n\n\t\t<\/div>\n\n\t\t\n\n\t\t<div class=\"section-content relative\">\n\t\t\t\n<div class=\"row row-small\"  id=\"row-419054620\">\n\n\t<div id=\"col-2064957787\" class=\"col medium-9 small-12 large-9\"  >\n\t\t\t\t<div class=\"col-inner\"  >\n\t\t\t\n\t\t\t\n<h1 class=\"uppercase\">Zoptymalizowana i widoczna higiena w prysznicach i \u0142azienkach<\/h1>\n<h3 class=\"thin-font\">drugi wp\u0142yw systemu ecoturbino\u00ae oszcz\u0119dzaj\u0105cego wod\u0119 i chroni\u0105cego \u015brodowisko<\/h3>\n<div class=\"row\"  id=\"row-612030665\">\n\n\t<div id=\"col-1371065297\" class=\"col medium-11 small-12 large-11\"  >\n\t\t\t\t<div class=\"col-inner\"  >\n\t\t\t\n\t\t\t\n\t<div id=\"stack-1227173289\" class=\"stack stack-row justify-start items-start\">\n\t\t\n\t<div class=\"img has-hover x md-x lg-x y md-y lg-y\" id=\"image_651710629\">\n\t\t<a class=\"\" href=\"\/pl\/wplyw-1\/\" >\t\t\t\t\t\t<div class=\"img-inner image-color dark\" >\n\t\t\t<img decoding=\"async\" width=\"100\" height=\"100\" src=\"https:\/\/ecoturbino.world\/wp-content\/uploads\/2024\/01\/impact1.svg\" class=\"attachment-original size-original\" alt=\"\" \/>\t\t\t\t\t\t\n\t\t\t\t\t<\/div>\n\t\t\t\t\t\t<\/a>\t\t\n<style>\n#image_651710629 {\n  width: 100%;\n}\n<\/style>\n\t<\/div>\n\t\n\t<div class=\"img has-hover x md-x lg-x y md-y lg-y\" id=\"image_717348097\">\n\t\t\t\t\t\t\t\t<div class=\"img-inner dark\" >\n\t\t\t<img decoding=\"async\" width=\"100\" height=\"100\" src=\"https:\/\/ecoturbino.world\/wp-content\/uploads\/2024\/01\/impact2.svg\" class=\"attachment-original size-original\" alt=\"\" \/>\t\t\t\t\t\t\n\t\t\t\t\t<\/div>\n\t\t\t\t\t\t\t\t\n<style>\n#image_717348097 {\n  width: 100%;\n}\n<\/style>\n\t<\/div>\n\t\n\t<div class=\"img has-hover x md-x lg-x y md-y lg-y\" id=\"image_1714712162\">\n\t\t<a class=\"\" href=\"\/pl\/wplyw-3\/\" >\t\t\t\t\t\t<div class=\"img-inner image-color dark\" >\n\t\t\t<img decoding=\"async\" width=\"100\" height=\"100\" src=\"https:\/\/ecoturbino.world\/wp-content\/uploads\/2024\/01\/impact3.svg\" class=\"attachment-original size-original\" alt=\"Wp\u0142yw 3 ecoturbino\" \/>\t\t\t\t\t\t\n\t\t\t\t\t<\/div>\n\t\t\t\t\t\t<\/a>\t\t\n<style>\n#image_1714712162 {\n  width: 100%;\n}\n<\/style>\n\t<\/div>\n\t\n\t<div class=\"img has-hover x md-x lg-x y md-y lg-y\" id=\"image_643006895\">\n\t\t<a class=\"\" href=\"\/pl\/wplyw-4\/\" >\t\t\t\t\t\t<div class=\"img-inner image-color dark\" >\n\t\t\t<img decoding=\"async\" width=\"100\" height=\"100\" src=\"https:\/\/ecoturbino.world\/wp-content\/uploads\/2024\/01\/impact4.svg\" class=\"attachment-original size-original\" alt=\"Wp\u0142yw 4 ecoturbino\" \/>\t\t\t\t\t\t\n\t\t\t\t\t<\/div>\n\t\t\t\t\t\t<\/a>\t\t\n<style>\n#image_643006895 {\n  width: 100%;\n}\n<\/style>\n\t<\/div>\n\t\n\t<div class=\"img has-hover x md-x lg-x y md-y lg-y\" id=\"image_876970957\">\n\t\t<a class=\"\" href=\"\/pl\/wplyw-5\/\" >\t\t\t\t\t\t<div class=\"img-inner image-color dark\" >\n\t\t\t<img decoding=\"async\" width=\"100\" height=\"100\" src=\"https:\/\/ecoturbino.world\/wp-content\/uploads\/2024\/01\/impact5.svg\" class=\"attachment-original size-original\" alt=\"\" \/>\t\t\t\t\t\t\n\t\t\t\t\t<\/div>\n\t\t\t\t\t\t<\/a>\t\t\n<style>\n#image_876970957 {\n  width: 100%;\n}\n<\/style>\n\t<\/div>\n\t\n\t<div class=\"img has-hover x md-x lg-x y md-y lg-y\" id=\"image_1775126\">\n\t\t<a class=\"\" href=\"\/pl\/wplyw-6\/\" >\t\t\t\t\t\t<div class=\"img-inner image-color dark\" >\n\t\t\t<img decoding=\"async\" width=\"100\" height=\"100\" src=\"https:\/\/ecoturbino.world\/wp-content\/uploads\/2024\/01\/impact6.svg\" class=\"attachment-original size-original\" alt=\"Wp\u0142yw 6 ecoturbino\" \/>\t\t\t\t\t\t\n\t\t\t\t\t<\/div>\n\t\t\t\t\t\t<\/a>\t\t\n<style>\n#image_1775126 {\n  width: 100%;\n}\n<\/style>\n\t<\/div>\n\t\n\t<div class=\"img has-hover x md-x lg-x y md-y lg-y\" id=\"image_755611477\">\n\t\t<a class=\"\" href=\"\/pl\/wplyw-7\/\" >\t\t\t\t\t\t<div class=\"img-inner image-color dark\" >\n\t\t\t<img decoding=\"async\" width=\"100\" height=\"100\" src=\"https:\/\/ecoturbino.world\/wp-content\/uploads\/2024\/01\/impact7.svg\" class=\"attachment-original size-original\" alt=\"Wp\u0142yw 7 ecoturbino\" \/>\t\t\t\t\t\t\n\t\t\t\t\t<\/div>\n\t\t\t\t\t\t<\/a>\t\t\n<style>\n#image_755611477 {\n  width: 100%;\n}\n<\/style>\n\t<\/div>\n\t\n\t\t\n<style>\n#stack-1227173289 > * {\n  --stack-gap: 0.5rem;\n}\n@media (min-width:550px) {\n  #stack-1227173289 > * {\n    --stack-gap: 1rem;\n  }\n}\n<\/style>\n\t<\/div>\n\t\n\t\t<\/div>\n\t\t\t\t\t<\/div>\n\n\t\n<\/div>\n\t\t<\/div>\n\t\t\t\t\t<\/div>\n\n\t\n\n\t<div id=\"col-697024293\" class=\"col medium-3 small-12 large-3\"  >\n\t\t\t\t<div class=\"col-inner\"  >\n\t\t\t\n\t\t\t\n\t<div class=\"img has-hover x md-x lg-x y md-y lg-y\" id=\"image_372803313\">\n\t\t\t\t\t\t\t\t<div class=\"img-inner dark\" >\n\t\t\t<img decoding=\"async\" width=\"100\" height=\"100\" src=\"https:\/\/ecoturbino.world\/wp-content\/uploads\/2024\/01\/impact2.svg\" class=\"attachment-original size-original\" alt=\"\" \/>\t\t\t\t\t\t\n\t\t\t\t\t<\/div>\n\t\t\t\t\t\t\t\t\n<style>\n#image_372803313 {\n  width: 100%;\n}\n<\/style>\n\t<\/div>\n\t\n\t\t<\/div>\n\t\t\t\t\t<\/div>\n\n\t\n<\/div>\n<div class=\"row\"  id=\"row-134093286\">\n\n\t<div id=\"col-536782734\" class=\"col small-12 large-12\"  >\n\t\t\t\t<div class=\"col-inner\"  >\n\t\t\t\n\t\t\t\n<div class=\"is-divider divider clearfix\" style=\"max-width:100%;height:1px;\"><\/div>\n<h3><span style=\"font-size: 120%;\">Czyste g\u0142owice prysznicowe i w\u0119\u017ce | konieczno\u015b\u0107 dla higienicznych prysznic\u00f3w w hotelach, domach, obiektach sportowych itp.<\/span><\/h3>\n<p>The <strong>wra\u017cenia pod prysznicem<\/strong> odgrywa kluczow\u0105 rol\u0119 w naszym samopoczuciu, czy to w domu, w hotelach, czy w innych miejscach zakwaterowania.<\/p>\n<p>Relaksuj\u0105cy prysznic rano lub po d\u0142ugim dniu mo\u017ce stanowi\u0107 r\u00f3\u017cnic\u0119 mi\u0119dzy dobrym a wspania\u0142ym dniem. Ale co je\u015bli <strong>G\u0142owice prysznicowe i w\u0119\u017ce<\/strong> kt\u00f3rych u\u017cywamy do czyszczenia samych siebie <strong>zanieczyszczone bakteriami<\/strong>?<\/p>\n<p>Problem ten mo\u017ce by\u0107 nie tylko <strong>niehigieniczny<\/strong> ale tak\u017ce <strong>stanowi\u0107 zagro\u017cenie dla zdrowia (ska\u017cenie bakteriami Legionella).<\/strong> W tym miejscu do gry wkracza innowacyjna technologia ecoturbino, kt\u00f3ra nie tylko <strong>zapewnienie higienicznie czystych g\u0142owic prysznicowych i w\u0119\u017cy<\/strong> ale tak\u017ce zminimalizowanie wysi\u0142k\u00f3w zwi\u0105zanych z czyszczeniem, zmniejszenie ilo\u015bci kamienia i osad\u00f3w oraz promowanie zdrowia, zw\u0142aszcza pod wzgl\u0119dem ryzyka Legionelli.<\/p>\n\t<div id=\"gap-1858835222\" class=\"gap-element clearfix\" style=\"display:block; height:auto;\">\n\t\t\n<style>\n#gap-1858835222 {\n  padding-top: 30px;\n}\n<\/style>\n\t<\/div>\n\t\n<div class=\"row\"  id=\"row-945288571\">\n\n\t<div id=\"col-632605973\" class=\"col medium-4 small-12 large-4\"  >\n\t\t\t\t<div class=\"col-inner\"  >\n\t\t\t\n\t\t\t\n\t<div class=\"img has-hover radius10 x md-x lg-x y md-y lg-y\" id=\"image_1880542736\">\n\t\t\t\t\t\t\t\t<div class=\"img-inner dark\" >\n\t\t\t<img decoding=\"async\" width=\"600\" height=\"600\" src=\"https:\/\/ecoturbino.world\/wp-content\/uploads\/2024\/01\/shower-head_600.webp\" class=\"attachment-original size-original\" alt=\"\" srcset=\"https:\/\/ecoturbino.world\/wp-content\/uploads\/2024\/01\/shower-head_600.webp 600w, https:\/\/ecoturbino.world\/wp-content\/uploads\/2024\/01\/shower-head_600-500x500.webp 500w, https:\/\/ecoturbino.world\/wp-content\/uploads\/2024\/01\/shower-head_600-32x32.webp 32w, https:\/\/ecoturbino.world\/wp-content\/uploads\/2024\/01\/shower-head_600-48x48.webp 48w, https:\/\/ecoturbino.world\/wp-content\/uploads\/2024\/01\/shower-head_600-80x80.webp 80w, https:\/\/ecoturbino.world\/wp-content\/uploads\/2024\/01\/shower-head_600-180x180.webp 180w\" sizes=\"(max-width: 600px) 100vw, 600px\" \/>\t\t\t\t\t\t\n\t\t\t\t\t<\/div>\n\t\t\t\t\t\t\t\t\n<style>\n#image_1880542736 {\n  width: 100%;\n}\n<\/style>\n\t<\/div>\n\t\n\t\t<\/div>\n\t\t\t\t\t<\/div>\n\n\t\n\n\t<div id=\"col-240898836\" class=\"col medium-8 small-12 large-8\"  >\n\t\t\t\t<div class=\"col-inner\"  >\n\t\t\t\n\t\t\t\n<h3>Dlaczego s\u0142uchawki prysznicowe i w\u0119\u017ce s\u0105 zanieczyszczone bakteriami?<\/h3>\n<p>G\u0142owice prysznicowe i w\u0119\u017ce s\u0105 podatne na ska\u017cenie bakteryjne z kilku powod\u00f3w. G\u0142\u00f3wnym powodem jest <strong>stoj\u0105ca woda.<\/strong> Gdy woda stagnuje w rurach i g\u0142owicy prysznicowej, zapewnia to <strong>Idealna po\u017cywka dla bakterii<\/strong> i inne mikroorganizmy.<\/p>\n<p>Gdy s\u0142uchawki prysznicowe i w\u0119\u017ce prysznicowe nie s\u0105 u\u017cywane, np. podczas wyjazdu na wakacje, temperatura wody w kabinie prysznicowej mo\u017ce by\u0107 ni\u017csza. <strong>systemy naturalnie wzrastaj\u0105 do temperatury pokojowej, zwi\u0119kszaj\u0105c zanieczyszczenie i rozw\u00f3j bakterii Legionella<\/strong> przez wielokrotno\u015b\u0107 - optymalna po\u017cywka dla bakterii!<\/p>\n<p>Bakterie te mog\u0105 szybko namna\u017ca\u0107 si\u0119 w ciep\u0142ym i wilgotnym \u015brodowisku i mog\u0105<strong> powodowa\u0107 problemy zdrowotne (takie jak <a href=\"https:\/\/en.wikipedia.org\/wiki\/Pneumonia\" target=\"_blank\" rel=\"noopener sponsored\">zapalenie p\u0142uc<\/a><\/strong>). Kolejnym problemem jest<strong> tworzenie si\u0119 kamienia<\/strong> i inne osady, kt\u00f3re nie tylko wygl\u0105daj\u0105 nieestetycznie, ale tak\u017ce <strong>wp\u0142ywaj\u0105 na wydajno\u015b\u0107 g\u0142owicy prysznicowej<\/strong> i mo\u017ce prowadzi\u0107 do nier\u00f3wnomiernej dystrybucji wody.<\/p>\n\t\t<\/div>\n\t\t\t\t\t<\/div>\n\n\t\n<\/div>\n<div class=\"row\"  id=\"row-609189678\">\n\n\t<div id=\"col-690895889\" class=\"col medium-6 small-12 large-6\"  >\n\t\t\t\t<div class=\"col-inner\"  >\n\t\t\t\n\t\t\t\n<h3>Rozwi\u0105zanie dla czystych g\u0142owic prysznicowych i w\u0119\u017cy: ecoturbino\u00ae<\/h3>\n<p>Technologia Ecoturbino oferuje skuteczne rozwi\u0105zanie tych problem\u00f3w. Zosta\u0142a ona zaprojektowana do ci\u0105g\u0142ego opr\u00f3\u017cniania g\u0142owic prysznicowych i w\u0119\u017cy, aby zapobiec stagnacji wody. Ma to kilka zalet:<\/p>\n<ul>\n<li><strong>Higiena:<\/strong> Ci\u0105g\u0142e opr\u00f3\u017cnianie g\u0142owic prysznicowych i w\u0119\u017cy po k\u0105pieli znacznie zmniejsza ryzyko ska\u017cenia bakteryjnego. Brak zastoju wody w g\u0142owicy prysznicowej uniemo\u017cliwia bakteriom i mikroorganizmom rozw\u00f3j.<\/li>\n<li><strong>Wysi\u0142ek czyszczenia:<\/strong> \u017bmudne zadanie regularnego czyszczenia g\u0142owic prysznicowych i w\u0119\u017cy w celu zapobiegania gromadzeniu si\u0119 osad\u00f3w i kamienia zosta\u0142o w du\u017cej mierze wyeliminowane. Oszcz\u0119dza to czas i wysi\u0142ek. Wysi\u0142ki zwi\u0105zane z konserwacj\u0105 s\u0105 znacznie ograniczone!<\/li>\n<li><strong>Kamie\u0144 i osady:<\/strong> Technologia Ecoturbino pomaga r\u00f3wnie\u017c zmniejszy\u0107 ilo\u015b\u0107 kamienia i osad\u00f3w w g\u0142owicach prysznicowych i w\u0119\u017cach. Nie tylko poprawia to \u017cywotno\u015b\u0107 urz\u0105dze\u0144 prysznicowych, ale tak\u017ce zapewnia sta\u0142y przep\u0142yw wody i optymaln\u0105 wydajno\u015b\u0107.<\/li>\n<li><strong>Zdrowie:<\/strong> Zmniejszenie ryzyka wyst\u0105pienia bakterii Legionella jest szczeg\u00f3lnie wa\u017cne. Legionella to bakterie, kt\u00f3re namna\u017caj\u0105 si\u0119 w stoj\u0105cej wodzie i mog\u0105 powodowa\u0107 powa\u017cne problemy zdrowotne, gdy s\u0105 wdychane przez aerozole. Ecoturbino pomaga zminimalizowa\u0107 to ryzyko i chroni\u0107 zdrowie u\u017cytkownik\u00f3w.<\/li>\n<li><strong>Czysto\u015b\u0107 wizualna:<\/strong> G\u0142owice prysznicowe, kt\u00f3re s\u0105 stale opr\u00f3\u017cniane przez technologi\u0119 ecoturbino, zawsze pozostaj\u0105 wizualnie czyste i atrakcyjne. Przyczynia si\u0119 to do og\u00f3lnej estetyki \u0142azienki.<\/li>\n<\/ul>\n\t\t<\/div>\n\t\t\t\t\t<\/div>\n\n\t\n\n\t<div id=\"col-430788198\" class=\"col medium-6 small-12 large-6\"  >\n\t\t\t\t<div class=\"col-inner\" style=\"background-color:#c0d63d;\" >\n\t\t\t\n\t\t\t\n\t<div id=\"text-1493944903\" class=\"text\">\n\t\t\n<h4 class=\"uppercase\">WNIOSKI<\/h4>\n\t\t\n<style>\n#text-1493944903 {\n  font-size: 2rem;\n  text-align: right;\n  color: rgb(255, 255, 255);\n}\n#text-1493944903 > * {\n  color: rgb(255, 255, 255);\n}\n@media (min-width:850px) {\n  #text-1493944903 {\n    font-size: 3.5rem;\n  }\n}\n<\/style>\n\t<\/div>\n\t\n<h3>Doskona\u0142a higiena w \u0142azience i nie tylko dzi\u0119ki ecoturbino<\/h3>\n<p><strong>ecoturbino<\/strong> nie tylko zapewnia <strong>higienicznie czyste g\u0142owice prysznicowe<\/strong> i w\u0119\u017cy, ale tak\u017ce przyczynia si\u0119 do og\u00f3lnej higieny w \u0142azience. Poniewa\u017c zast\u00f3j wody i zwi\u0105zane z nim problemy bakteryjne s\u0105 zredukowane, og\u00f3lna higiena \u0142azienki ulega poprawie.<\/p>\n<p>Jest to szczeg\u00f3lnie wa\u017cne w przypadku obiekt\u00f3w takich jak <strong>hotele, domy opieki, <a href=\"https:\/\/ecoturbino.world\/pl\/swiat-katalogow\/kategorie\/medyczny\/\" target=\"_blank\" rel=\"noopener\">kliniki<\/a>i pensjonaty<\/strong>, a tak\u017ce operacje sezonowe i obiekty sportowe, w kt\u00f3rych bezpiecze\u0144stwo i komfort go\u015bci i pacjent\u00f3w s\u0105 najwa\u017cniejszymi priorytetami.<\/p>\n<p>Og\u00f3lnie rzecz bior\u0105c, ecoturbino to<strong> Innowacyjne rozwi\u0105zanie dla cz\u0119sto pomijanego<\/strong> problem. Czyste g\u0142owice prysznicowe i w\u0119\u017ce to nie tylko <strong>estetyczny<\/strong> ale tak\u017ce niezb\u0119dne dla zdrowia i dobrego samopoczucia u\u017cytkownik\u00f3w.<\/p>\n<p>Dzi\u0119ki ecoturbino mo\u017cesz podnie\u015b\u0107 poziom<strong> prysznic w hotelach, domach<\/strong>i inne udogodnienia na nowy poziom, podczas gdy<strong> optymalizacja higieny w \u0142azience.<\/strong><\/p>\n\t\t<\/div>\n\t\t\t\t\n<style>\n#col-430788198 > .col-inner {\n  padding: 10px 20px 1px 25px;\n  border-radius: 10px;\n}\n<\/style>\n\t<\/div>\n\n\t\n<\/div>\n<div class=\"video video-fit mb\" style=\"padding-top:56.25%;\"><p><iframe title=\"NAJ\u0141ATWIEJSZY SPOS\u00d3B NA CZYSZCZENIE G\u0141OWICY PRYSZNICOWEJ\ud83d\udca5(NIESAMOWITY REZULTAT)!!!\" width=\"1020\" height=\"574\" src=\"https:\/\/www.youtube.com\/embed\/J7uwCSF8Ym0?feature=oembed\" frameborder=\"0\" allow=\"accelerometer; autoplay; clipboard-write; encrypted-media; gyroscope; picture-in-picture; web-share\" referrerpolicy=\"strict-origin-when-cross-origin\" allowfullscreen><\/iframe><\/p>\n<\/div>\n\t\t<\/div>\n\t\t\t\t\t<\/div>\n\n\t\n<\/div>\n\t\t<\/div>\n\n\t\t\n<style>\n#section_926401413 {\n  padding-top: 30px;\n  padding-bottom: 30px;\n}\n<\/style>\n\t<\/section>","protected":false},"excerpt":{"rendered":"","protected":false},"author":2,"featured_media":1533,"parent":0,"menu_order":0,"comment_status":"closed","ping_status":"closed","template":"page-blank.php","meta":{"inline_featured_image":false,"footnotes":""},"class_list":["post-1198","page","type-page","status-publish","has-post-thumbnail","hentry"],"_links":{"self":[{"href":"https:\/\/ecoturbino.world\/pl\/wp-json\/wp\/v2\/pages\/1198","targetHints":{"allow":["GET"]}}],"collection":[{"href":"https:\/\/ecoturbino.world\/pl\/wp-json\/wp\/v2\/pages"}],"about":[{"href":"https:\/\/ecoturbino.world\/pl\/wp-json\/wp\/v2\/types\/page"}],"author":[{"embeddable":true,"href":"https:\/\/ecoturbino.world\/pl\/wp-json\/wp\/v2\/users\/2"}],"replies":[{"embeddable":true,"href":"https:\/\/ecoturbino.world\/pl\/wp-json\/wp\/v2\/comments?post=1198"}],"version-history":[{"count":0,"href":"https:\/\/ecoturbino.world\/pl\/wp-json\/wp\/v2\/pages\/1198\/revisions"}],"wp:featuredmedia":[{"embeddable":true,"href":"https:\/\/ecoturbino.world\/pl\/wp-json\/wp\/v2\/media\/1533"}],"wp:attachment":[{"href":"https:\/\/ecoturbino.world\/pl\/wp-json\/wp\/v2\/media?parent=1198"}],"curies":[{"name":"wp","href":"https:\/\/api.w.org\/{rel}","templated":true}]}}