{"id":1195,"date":"2024-01-01T11:44:09","date_gmt":"2024-01-01T10:44:09","guid":{"rendered":"https:\/\/ecoturbino.eu\/?page_id=1195"},"modified":"2024-01-20T12:37:42","modified_gmt":"2024-01-20T11:37:42","slug":"wplyw-1","status":"publish","type":"page","link":"https:\/\/ecoturbino.world\/pl\/impact-1\/","title":{"rendered":"Prysznic z wodospadem i d\u017awi\u0119kiem deszczu | ecoturbino"},"content":{"rendered":"<section class=\"section zindex1\" id=\"section_233802954\">\n\t\t<div class=\"section-bg fill\" >\n\t\t\t\t\t\t\t\t\t\n\t\t\t\n\n\t\t<\/div>\n\n\t\t\n\n\t\t<div class=\"section-content relative\">\n\t\t\t\n<div class=\"row row-small\"  id=\"row-122405826\">\n\n\t<div id=\"col-2138532094\" class=\"col medium-9 small-12 large-9\"  >\n\t\t\t\t<div class=\"col-inner\"  >\n\t\t\t\n\t\t\t\n<h1 class=\"uppercase\">Prysznic z wodospadem i d\u017awi\u0119kiem deszczu | Ecoturbino\u00ae<\/h1>\n<h3 class=\"thin-font\">pierwszy wp\u0142yw systemu ecoturbino\u00ae oszcz\u0119dzaj\u0105cego wod\u0119 i chroni\u0105cego \u015brodowisko<\/h3>\n<div class=\"row\"  id=\"row-1354480230\">\n\n\t<div id=\"col-881674051\" class=\"col medium-11 small-12 large-11\"  >\n\t\t\t\t<div class=\"col-inner\"  >\n\t\t\t\n\t\t\t\n\t<div id=\"stack-1689975659\" class=\"stack stack-row justify-start items-start sm:stack-row\">\n\t\t\n\t<div class=\"img has-hover x md-x lg-x y md-y lg-y\" id=\"image_1456651267\">\n\t\t\t\t\t\t\t\t<div class=\"img-inner dark\" >\n\t\t\t<img decoding=\"async\" width=\"100\" height=\"100\" src=\"https:\/\/ecoturbino.world\/wp-content\/uploads\/2024\/01\/impact1.svg\" class=\"attachment-original size-original\" alt=\"\" \/>\t\t\t\t\t\t\n\t\t\t\t\t<\/div>\n\t\t\t\t\t\t\t\t\n<style>\n#image_1456651267 {\n  width: 100%;\n}\n<\/style>\n\t<\/div>\n\t\n\t<div class=\"img has-hover x md-x lg-x y md-y lg-y\" id=\"image_1140216318\">\n\t\t<a class=\"\" href=\"\/pl\/wplyw-2\/\" >\t\t\t\t\t\t<div class=\"img-inner image-color dark\" >\n\t\t\t<img decoding=\"async\" width=\"100\" height=\"100\" src=\"https:\/\/ecoturbino.world\/wp-content\/uploads\/2024\/01\/impact2.svg\" class=\"attachment-original size-original\" alt=\"\" \/>\t\t\t\t\t\t\n\t\t\t\t\t<\/div>\n\t\t\t\t\t\t<\/a>\t\t\n<style>\n#image_1140216318 {\n  width: 100%;\n}\n<\/style>\n\t<\/div>\n\t\n\t<div class=\"img has-hover x md-x lg-x y md-y lg-y\" id=\"image_846846576\">\n\t\t<a class=\"\" href=\"\/pl\/wplyw-3\/\" >\t\t\t\t\t\t<div class=\"img-inner image-color dark\" >\n\t\t\t<img decoding=\"async\" width=\"100\" height=\"100\" src=\"https:\/\/ecoturbino.world\/wp-content\/uploads\/2024\/01\/impact3.svg\" class=\"attachment-original size-original\" alt=\"Wp\u0142yw 3 ecoturbino\" \/>\t\t\t\t\t\t\n\t\t\t\t\t<\/div>\n\t\t\t\t\t\t<\/a>\t\t\n<style>\n#image_846846576 {\n  width: 100%;\n}\n<\/style>\n\t<\/div>\n\t\n\t<div class=\"img has-hover x md-x lg-x y md-y lg-y\" id=\"image_80977974\">\n\t\t<a class=\"\" href=\"\/pl\/wplyw-4\/\" >\t\t\t\t\t\t<div class=\"img-inner image-color dark\" >\n\t\t\t<img decoding=\"async\" width=\"100\" height=\"100\" src=\"https:\/\/ecoturbino.world\/wp-content\/uploads\/2024\/01\/impact4.svg\" class=\"attachment-original size-original\" alt=\"Wp\u0142yw 4 ecoturbino\" \/>\t\t\t\t\t\t\n\t\t\t\t\t<\/div>\n\t\t\t\t\t\t<\/a>\t\t\n<style>\n#image_80977974 {\n  width: 100%;\n}\n<\/style>\n\t<\/div>\n\t\n\t<div class=\"img has-hover x md-x lg-x y md-y lg-y\" id=\"image_378879305\">\n\t\t<a class=\"\" href=\"\/pl\/wplyw-5\/\" >\t\t\t\t\t\t<div class=\"img-inner image-color dark\" >\n\t\t\t<img decoding=\"async\" width=\"100\" height=\"100\" src=\"https:\/\/ecoturbino.world\/wp-content\/uploads\/2024\/01\/impact5.svg\" class=\"attachment-original size-original\" alt=\"\" \/>\t\t\t\t\t\t\n\t\t\t\t\t<\/div>\n\t\t\t\t\t\t<\/a>\t\t\n<style>\n#image_378879305 {\n  width: 100%;\n}\n<\/style>\n\t<\/div>\n\t\n\t<div class=\"img has-hover x md-x lg-x y md-y lg-y\" id=\"image_1967687232\">\n\t\t<a class=\"\" href=\"\/pl\/wplyw-6\/\" >\t\t\t\t\t\t<div class=\"img-inner image-color dark\" >\n\t\t\t<img decoding=\"async\" width=\"100\" height=\"100\" src=\"https:\/\/ecoturbino.world\/wp-content\/uploads\/2024\/01\/impact6.svg\" class=\"attachment-original size-original\" alt=\"Wp\u0142yw 6 ecoturbino\" \/>\t\t\t\t\t\t\n\t\t\t\t\t<\/div>\n\t\t\t\t\t\t<\/a>\t\t\n<style>\n#image_1967687232 {\n  width: 100%;\n}\n<\/style>\n\t<\/div>\n\t\n\t<div class=\"img has-hover x md-x lg-x y md-y lg-y\" id=\"image_416907698\">\n\t\t<a class=\"\" href=\"\/pl\/wplyw-7\/\" >\t\t\t\t\t\t<div class=\"img-inner image-color dark\" >\n\t\t\t<img decoding=\"async\" width=\"100\" height=\"100\" src=\"https:\/\/ecoturbino.world\/wp-content\/uploads\/2024\/01\/impact7.svg\" class=\"attachment-original size-original\" alt=\"Wp\u0142yw 7 ecoturbino\" \/>\t\t\t\t\t\t\n\t\t\t\t\t<\/div>\n\t\t\t\t\t\t<\/a>\t\t\n<style>\n#image_416907698 {\n  width: 100%;\n}\n<\/style>\n\t<\/div>\n\t\n\t\t\n<style>\n#stack-1689975659 > * {\n  --stack-gap: 0.5rem;\n}\n@media (min-width:550px) {\n  #stack-1689975659 > * {\n    --stack-gap: 1rem;\n  }\n}\n<\/style>\n\t<\/div>\n\t\n\t\t<\/div>\n\t\t\t\t\t<\/div>\n\n\t\n<\/div>\n\t\t<\/div>\n\t\t\t\t\t<\/div>\n\n\t\n\n\t<div id=\"col-291209857\" class=\"col medium-3 small-12 large-3\"  >\n\t\t\t\t<div class=\"col-inner\"  >\n\t\t\t\n\t\t\t\n\t<div class=\"img has-hover x md-x lg-x y md-y lg-y\" id=\"image_32910461\">\n\t\t\t\t\t\t\t\t<div class=\"img-inner dark\" >\n\t\t\t<img decoding=\"async\" width=\"100\" height=\"100\" src=\"https:\/\/ecoturbino.world\/wp-content\/uploads\/2024\/01\/impact1.svg\" class=\"attachment-original size-original\" alt=\"\" \/>\t\t\t\t\t\t\n\t\t\t\t\t<\/div>\n\t\t\t\t\t\t\t\t\n<style>\n#image_32910461 {\n  width: 100%;\n}\n<\/style>\n\t<\/div>\n\t\n\t\t<\/div>\n\t\t\t\t\t<\/div>\n\n\t\n<\/div>\n<div class=\"row\"  id=\"row-1433164826\">\n\n\t<div id=\"col-1688829143\" class=\"col small-12 large-12\"  >\n\t\t\t\t<div class=\"col-inner\"  >\n\t\t\t\n\t\t\t\n<div class=\"is-divider divider clearfix\" style=\"max-width:100%;height:1px;\"><\/div>\n<h2><span style=\"font-size: 120%;\">Prysznic jak na zewn\u0105trz | s\u0142yszalny strumie\u0144 deszczu dla wi\u0119kszego komfortu<\/span><\/h2>\n<p>Dla wielu os\u00f3b codzienne <strong>prysznic<\/strong> jest czym\u015b wi\u0119cej ni\u017c tylko niezb\u0119dnym \u015brodkiem higieny. To <strong>chwila relaksu, dobrego samopoczucia i od\u015bwie\u017cenia.<\/strong><\/p>\n<p>W dzisiejszym gor\u0105czkowym \u015bwiecie, w kt\u00f3rym stres i terminy s\u0105 wszechobecne <strong>prysznic mo\u017ce by\u0107 oaz\u0105 spokoju<\/strong> i odm\u0142odzenie.<\/p>\n<p>A kiedy mo\u017cna poprawi\u0107<strong> Do\u015bwiadczenie prysznica przez uczucie<\/strong> jakby\u015b sta\u0142 pod <strong>orze\u017awiaj\u0105cy prysznic deszczowy na \u015bwie\u017cym powietrzu lub obok wodospadu,<\/strong> ten moment staje si\u0119 czym\u015b naprawd\u0119 wyj\u0105tkowym. Dzi\u0119ki ecoturbino jest to teraz mo\u017cliwe.<\/p>\n<h3>T\u0119sknota za natur\u0105 w \u0142azience<\/h3>\n<p>The <strong>t\u0119sknota za natur\u0105 i przebywaniem na \u015bwie\u017cym powietrzu<\/strong> jest w nas g\u0142\u0119boko zakorzeniona. Na przestrzeni dziej\u00f3w, <strong>ludzie szukali po\u0142\u0105czenia z natur\u0105<\/strong> i zintegrowali\u015bmy j\u0105 z naszym codziennym \u017cyciem, czy to poprzez zazielenianie naszych przestrzeni \u017cyciowych, czy te\u017c u\u017cywanie naturalnych materia\u0142\u00f3w.<\/p>\n<p>To naturalne, \u017ce chcemy do\u015bwiadcza\u0107 natury tak\u017ce w naszych \u0142azienkach. Pomys\u0142 stani\u0119cia pod orze\u017awiaj\u0105cym prysznicem deszczowym, wraz z <strong>d\u017awi\u0119ki wody na zewn\u0105trz<\/strong>gdy jest ciep\u0142o <strong>woda delikatnie sp\u0142ywa po naszych cia\u0142ach<\/strong>jest bardzo atrakcyjne dla wielu z nas. Dzi\u0119ki ecoturbino jest to teraz mo\u017cliwe.<\/p>\n\t<div id=\"gap-992327414\" class=\"gap-element clearfix\" style=\"display:block; height:auto;\">\n\t\t\n<style>\n#gap-992327414 {\n  padding-top: 30px;\n}\n<\/style>\n\t<\/div>\n\t\n<div class=\"row\"  id=\"row-427401604\">\n\n\t<div id=\"col-613719634\" class=\"col medium-4 small-12 large-4\"  >\n\t\t\t\t<div class=\"col-inner\"  >\n\t\t\t\n\t\t\t\n\t<div class=\"img has-hover radius10 x md-x lg-x y md-y lg-y\" id=\"image_1571274571\">\n\t\t\t\t\t\t\t\t<div class=\"img-inner dark\" >\n\t\t\t<img decoding=\"async\" width=\"600\" height=\"600\" src=\"https:\/\/ecoturbino.world\/wp-content\/uploads\/2024\/01\/waterfall_600.webp\" class=\"attachment-original size-original\" alt=\"Symbol wodospadu\" srcset=\"https:\/\/ecoturbino.world\/wp-content\/uploads\/2024\/01\/waterfall_600.webp 600w, https:\/\/ecoturbino.world\/wp-content\/uploads\/2024\/01\/waterfall_600-500x500.webp 500w, https:\/\/ecoturbino.world\/wp-content\/uploads\/2024\/01\/waterfall_600-32x32.webp 32w, https:\/\/ecoturbino.world\/wp-content\/uploads\/2024\/01\/waterfall_600-48x48.webp 48w, https:\/\/ecoturbino.world\/wp-content\/uploads\/2024\/01\/waterfall_600-80x80.webp 80w, https:\/\/ecoturbino.world\/wp-content\/uploads\/2024\/01\/waterfall_600-180x180.webp 180w\" sizes=\"(max-width: 600px) 100vw, 600px\" \/>\t\t\t\t\t\t\n\t\t\t\t\t<\/div>\n\t\t\t\t\t\t\t\t\n<style>\n#image_1571274571 {\n  width: 100%;\n}\n<\/style>\n\t<\/div>\n\t\n\t\t<\/div>\n\t\t\t\t\t<\/div>\n\n\t\n\n\t<div id=\"col-59302731\" class=\"col medium-8 small-12 large-8\"  >\n\t\t\t\t<div class=\"col-inner\"  >\n\t\t\t\n\t\t\t\n<h3>D\u017awi\u0119k wody i deszczu | relaksuj\u0105ce do\u015bwiadczenie s\u0142uchowe<\/h3>\n<p>Ale <strong>Prysznic z d\u017awi\u0119kiem deszczu i wody<\/strong> pod prysznicem wykracza poza uczucie ciep\u0142ego deszczu na sk\u00f3rze. To tak\u017ce koj\u0105cy d\u017awi\u0119k deszczu delikatnie uderzaj\u0105cego o cia\u0142o, a nast\u0119pnie sp\u0142ywaj\u0105cego kaskad\u0105 w d\u00f3\u0142. To delikatne stukanie przypomina nam orze\u017awiaj\u0105c\u0105 k\u0105piel. <strong>Deszczownica zewn\u0119trzna<\/strong> i pomaga otrz\u0105sn\u0105\u0107 si\u0119 ze stresu codziennego \u017cycia.<\/p>\n<blockquote>\n<p>P\u0119cherzyki powietrza pod ci\u015bnieniem zintegrowane ze strumieniem wody przez ecoturbino zasadniczo rozwijaj\u0105 si\u0119, gdy opuszczaj\u0105 dysze g\u0142owicy prysznicowej. Tworzy to wra\u017cenie \u015bwie\u017cego d\u017awi\u0119ku, kt\u00f3ry mo\u017cna por\u00f3wna\u0107 do deszczu na zewn\u0105trz. Fantastyczne do\u015bwiadczenie.<\/p>\n<\/blockquote>\n<p>The <strong>d\u017awi\u0119k <a href=\"https:\/\/en.wikipedia.org\/wiki\/Waterfall\" target=\"_blank\" rel=\"noopener sponsored\">wodospad<\/a><\/strong> mo\u017ce dzia\u0142a\u0107 uspokajaj\u0105co i \u0142agodzi\u0107 stres. Tworzy <strong>zrelaksowana atmosfera, kt\u00f3ra u\u0142atwia odpuszczenie<\/strong> i skupi\u0107 si\u0119 na doznaniach pod prysznicem. Delikatny szmer wody mo\u017ce uspokoi\u0107 umys\u0142 i zrelaksowa\u0107 cia\u0142o, co jest szczeg\u00f3lnie pocieszaj\u0105ce po d\u0142ugim dniu.<\/p>\n\t\t<\/div>\n\t\t\t\t\t<\/div>\n\n\t\n<\/div>\n\t<div id=\"gap-1020145374\" class=\"gap-element clearfix\" style=\"display:block; height:auto;\">\n\t\t\n<style>\n#gap-1020145374 {\n  padding-top: 30px;\n}\n<\/style>\n\t<\/div>\n\t\n<div class=\"row\"  id=\"row-1459610456\">\n\n\t<div id=\"col-501480686\" class=\"col medium-6 small-12 large-6\"  >\n\t\t\t\t<div class=\"col-inner\"  >\n\t\t\t\n\t\t\t\n<h3>Nauka stoj\u0105ca za doznaniami pod prysznicem<\/h3>\n<blockquote>\n<p>Relaksuj\u0105cy efekt d\u017awi\u0119k\u00f3w wody jest potwierdzony naukowo. Badania wykaza\u0142y, \u017ce s\u0142uchanie d\u017awi\u0119k\u00f3w wody mo\u017ce zmniejszy\u0107 poziom stresu.<\/p>\n<\/blockquote>\n<p>The <strong>d\u017awi\u0119k deszczu, fal lub p\u0142yn\u0105cej wody<\/strong> aktywuje pewne cz\u0119\u015bci m\u00f3zgu zwi\u0105zane z relaksacj\u0105 i dobrym samopoczuciem.<\/p>\n<p>To wyja\u015bnia, dlaczego wiele os\u00f3b <strong>rozwa\u017cenie prysznica jako sposobu na z\u0142agodzenie stresu i zrelaksowanie si\u0119<\/strong>. Dzi\u0119ki ecoturbino jest to teraz mo\u017cliwe.<\/p>\n\t\t<\/div>\n\t\t\t\t\t<\/div>\n\n\t\n\n\t<div id=\"col-1396738652\" class=\"col medium-6 small-12 large-6\"  >\n\t\t\t\t<div class=\"col-inner\" style=\"background-color:#c0d63d;\" >\n\t\t\t\n\t\t\t\n\t<div id=\"text-1152475908\" class=\"text\">\n\t\t\n<h4 class=\"uppercase\">WNIOSKI<\/h4>\n\t\t\n<style>\n#text-1152475908 {\n  font-size: 2rem;\n  text-align: right;\n  color: rgb(255, 255, 255);\n}\n#text-1152475908 > * {\n  color: rgb(255, 255, 255);\n}\n@media (min-width:850px) {\n  #text-1152475908 {\n    font-size: 3.5rem;\n  }\n}\n<\/style>\n\t<\/div>\n\t\n<h3>Korzystanie z prysznica jak na \u015bwie\u017cym powietrzu<\/h3>\n<p>Do\u015bwiadczanie prysznica tak, jakby by\u0142 <strong>s\u0142yszalny deszcz<\/strong> to co\u015b wi\u0119cej ni\u017c zwyk\u0142y prysznic. To spos\u00f3b na integracj\u0119 natury z naszym codziennym \u017cyciem, redukcj\u0119 stresu i relaks.<\/p>\n<p>Z deszczem i <strong>odpowiednie elementy atmosferyczne w <a href=\"https:\/\/ecoturbino.world\/pl\/swiat-katalogow\/kategorie\/hotel\/\">hotel<\/a> lub domowa \u0142azienka<\/strong>Ka\u017cdy mo\u017ce do\u015bwiadczy\u0107 tej wyj\u0105tkowej chwili relaksu.<\/p>\n<p>Zafunduj sobie wi\u0119c od czasu do czasu przerw\u0119 pod w\u0142asn\u0105 ma\u0142\u0105 deszczow\u0105 chmurk\u0105 i delektuj si\u0119 uczuciem, jakby\u015b sta\u0142 pod ciep\u0142ym prysznicem na \u015bwie\u017cym powietrzu. Twoje cia\u0142o i umys\u0142 b\u0119d\u0105 Ci wdzi\u0119czne.<\/p>\n\t\t<\/div>\n\t\t\t\t\n<style>\n#col-1396738652 > .col-inner {\n  padding: 10px 20px 1px 25px;\n  border-radius: 10px;\n}\n<\/style>\n\t<\/div>\n\n\t\n<\/div>\n<div class=\"video video-fit mb\" style=\"padding-top:56.25%;\"><p><iframe title=\"Wodospad p\u0142yn\u0105cy po ska\u0142ach w lesie 4k. Relaksuj\u0105ca p\u0142yn\u0105ca woda, bia\u0142y szum do snu, medytacji\" width=\"1020\" height=\"574\" src=\"https:\/\/www.youtube.com\/embed\/sa2JCQ1Dils?feature=oembed\" frameborder=\"0\" allow=\"accelerometer; autoplay; clipboard-write; encrypted-media; gyroscope; picture-in-picture; web-share\" referrerpolicy=\"strict-origin-when-cross-origin\" allowfullscreen><\/iframe><\/p>\n<\/div>\n\t\t<\/div>\n\t\t\t\t\t<\/div>\n\n\t\n<\/div>\n\t\t<\/div>\n\n\t\t\n<style>\n#section_233802954 {\n  padding-top: 30px;\n  padding-bottom: 30px;\n}\n<\/style>\n\t<\/section>","protected":false},"excerpt":{"rendered":"","protected":false},"author":2,"featured_media":1494,"parent":0,"menu_order":0,"comment_status":"closed","ping_status":"closed","template":"page-blank.php","meta":{"inline_featured_image":false,"footnotes":""},"class_list":["post-1195","page","type-page","status-publish","has-post-thumbnail","hentry"],"_links":{"self":[{"href":"https:\/\/ecoturbino.world\/pl\/wp-json\/wp\/v2\/pages\/1195","targetHints":{"allow":["GET"]}}],"collection":[{"href":"https:\/\/ecoturbino.world\/pl\/wp-json\/wp\/v2\/pages"}],"about":[{"href":"https:\/\/ecoturbino.world\/pl\/wp-json\/wp\/v2\/types\/page"}],"author":[{"embeddable":true,"href":"https:\/\/ecoturbino.world\/pl\/wp-json\/wp\/v2\/users\/2"}],"replies":[{"embeddable":true,"href":"https:\/\/ecoturbino.world\/pl\/wp-json\/wp\/v2\/comments?post=1195"}],"version-history":[{"count":0,"href":"https:\/\/ecoturbino.world\/pl\/wp-json\/wp\/v2\/pages\/1195\/revisions"}],"wp:featuredmedia":[{"embeddable":true,"href":"https:\/\/ecoturbino.world\/pl\/wp-json\/wp\/v2\/media\/1494"}],"wp:attachment":[{"href":"https:\/\/ecoturbino.world\/pl\/wp-json\/wp\/v2\/media?parent=1195"}],"curies":[{"name":"wp","href":"https:\/\/api.w.org\/{rel}","templated":true}]}}