{"id":3,"date":"2023-11-25T11:41:12","date_gmt":"2023-11-25T10:41:12","guid":{"rendered":"https:\/\/ecoturbino.eu\/?page_id=3"},"modified":"2024-01-18T02:10:49","modified_gmt":"2024-01-18T01:10:49","slug":"privacy","status":"publish","type":"page","link":"https:\/\/ecoturbino.world\/it\/privacy-cockpit\/privacy\/","title":{"rendered":"Informativa sulla privacy secondo il GDPR"},"content":{"rendered":"<div class=\"banner has-hover\" id=\"banner-315995046\">\n          <div class=\"banner-inner fill\">\n        <div class=\"banner-bg fill\" >\n            <img decoding=\"async\" width=\"2000\" height=\"230\" src=\"https:\/\/ecoturbino.world\/wp-content\/uploads\/2024\/01\/wasser-faq-2000-sw.webp\" class=\"bg attachment-original size-original\" alt=\"Testata dell&#039;acqua\" \/>                                    \n                    <\/div>\n\t\t\n        <div class=\"banner-layers container\">\n            <div class=\"fill banner-link\"><\/div>            \n   <div id=\"text-box-954546017\" class=\"text-box banner-layer x50 md-x50 lg-x50 y50 md-y50 lg-y50 res-text\">\n                                <div class=\"text-box-content text dark\">\n              \n              <div class=\"text-inner text-center\">\n                  \n<h1><span style=\"font-size: 100%;\">INFORMATIVA SULLA PRIVACY<\/span><\/h1>\n              <\/div>\n           <\/div>\n                            \n<style>\n#text-box-954546017 {\n  width: 60%;\n}\n#text-box-954546017 .text-box-content {\n  font-size: 100%;\n}\n<\/style>\n    <\/div>\n \n        <\/div>\n      <\/div>\n\n            \n<style>\n#banner-315995046 {\n  padding-top: 110px;\n}\n@media (min-width:550px) {\n  #banner-315995046 {\n    padding-top: 170px;\n  }\n}\n@media (min-width:850px) {\n  #banner-315995046 {\n    padding-top: 190px;\n  }\n}\n<\/style>\n  <\/div>\n\n\n<div class=\"row\"  id=\"row-1210214566\">\n\n\t<div id=\"col-242882988\" class=\"col small-12 large-12\"  >\n\t\t\t\t<div class=\"col-inner\"  >\n\t\t\t\n\t\t\t\n<h3>1. Nome e indirizzo della parte responsabile<\/h3>\n<p>Il responsabile ai sensi del Regolamento generale sulla protezione dei dati e delle altre leggi nazionali sulla protezione dei dati degli Stati membri, nonch\u00e9 di altri regolamenti legali sulla protezione dei dati \u00e8:<\/p>\n<p>Ressourcen Saving GmbH<br \/>\nAlserbachstra\u00dfe 2<br \/>\nAT- 1090 Vienna<\/p>\n<p>\ud83d\udcde <a href=\"tel:+4369918180000\">+43 699 18180000<\/a><br \/>\n\ud83d\udce7 <a href=\"mailto:info@ecoturbino.eu\">info (at) ecoturbino.eu<\/a><\/p>\n<p>(d'ora in poi chiamato anche parte responsabile).<\/p>\n<p>Il responsabile gestisce il seguente sito web: https:\/\/ecoturbino.world.<\/p>\n<p>La protezione dei vostri dati personali \u00e8 una questione importante per noi. Pertanto, desideriamo illustrarvi come vengono gestite le vostre informazioni personali utilizzate per questo sito web e per i nostri servizi.<\/p>\n<p>La nostra politica sulla privacy riguarda solo l'utilizzo del sito web https:\/\/en.ecoturbino.shop. Se dalle nostre pagine venite reindirizzati ad altri siti web, siete pregati di informarvi sul trattamento dei vostri dati personali da parte del sito a cui siete stati reindirizzati.<\/p>\n<h3>2. Domande sulla protezione dei dati<\/h3>\n<p>Rivolgete le vostre domande sulla protezione dei dati a <a href=\"mailto:privacy@ecoturbino.shop\">privacy@ecoturbino.shop<\/a>.<\/p>\n<h3>3. Informazioni generali sul trattamento dei dati<\/h3>\n<p>Per dati personali si intendono tutte le informazioni che rivelano la vostra identit\u00e0 (es. nome, indirizzo, indirizzo e-mail, numero di telefono). Utilizzando il nostro servizio digitale, i vostri dati personali vengono elaborati solo in conformit\u00e0 alle disposizioni di legge. Ci\u00f2 include il DSGVO, il TKG 2003 o la legge nazionale sulla protezione dei dati. I vostri dati personali saranno raccolti secondo le politiche di prevenzione e minimizzazione dei dati solo se necessari per lo scopo desiderato o se ce li mettete volontariamente a disposizione.<\/p>\n<p>Desideriamo informarvi che siamo responsabili dei vostri dati anche nel caso in cui ci avvaliamo di un terzo (incaricato del trattamento) per l'elaborazione di un contratto.<\/p>\n<h3>4. Eseguiamo i seguenti processi<\/h3>\n<p><strong>4.1. I cookie<\/strong><\/p>\n<p>Per rendere l'uso del nostro sito web il pi\u00f9 semplice e sicuro possibile e per far funzionare determinate funzioni, utilizziamo i cosiddetti cookie. Si tratta di piccoli file di testo che vengono inseriti nel vostro browser. La maggior parte dei cookie che utilizziamo sono i cosiddetti cookie di sessione, che vengono cancellati automaticamente dal vostro dispositivo dopo aver lasciato il nostro sito web. Altri cookie, detti a lungo termine, rimangono memorizzati sul vostro dispositivo fino a quando non li cancellate. Questi cookie ci permettono di riconoscere il vostro browser alla vostra prossima visita. \u00c8 possibile impedire il salvataggio dei cookie con le impostazioni appropriate del browser. Tuttavia, vi informiamo che non sarete in grado di utilizzare appieno tutte le funzioni del sito web.<\/p>\n<p>Scrivere un commento sul nostro sito web pu\u00f2 essere un'autorizzazione a salvare nei cookie il vostro nome, indirizzo e-mail e sito web. Si tratta di una funzione di comodit\u00e0, in modo che non dobbiate reinserire tutte queste informazioni la prossima volta che scrivete un commento. Questi cookie vengono salvati per un anno.<\/p>\n<p>Se disponete di un account e accedete a questo sito web, imposteremo un cookie temporaneo per determinare se il vostro browser accetta o meno i cookie. Questo cookie non contiene informazioni personali e viene eliminato quando si chiude il browser.<\/p>\n<p>Quando vi registrate, configuriamo alcuni cookie per salvare le informazioni di registrazione e le opzioni di visualizzazione. I cookie di accesso scadono dopo due anni e i cookie per le opzioni di visualizzazione scadono dopo un anno. Se al momento dell'accesso selezionate \"Resta connesso\", rimarrete connessi per due settimane. Disconnettendosi dal proprio account, i cookie di accesso vengono cancellati.<\/p>\n<p><strong>4.2. Cookie di sessione<\/strong><\/p>\n<p>Per facilitarvi la navigazione nel nostro sito web, abbiamo impostato un cosiddetto ID di sessione che viene assegnato a ciascun visitatore quando inizia a utilizzare il nostro sito web. Questo ID di sessione consente al nostro server di riconoscere l'utente o il suo computer\/browser come lo stesso visitatore, nonostante eventuali cambiamenti di indirizzo IP tra una visita e l'altra. L'ID di sessione consente inoltre di assegnare diverse richieste correlate effettuate da un utente durante una sessione. Il cookie dell'ID di sessione utilizzato viene salvato fino al termine della sessione. Viene eliminato automaticamente alla chiusura del browser.<\/p>\n<p><strong>4.3. Cookie a lungo termine<\/strong><\/p>\n<p>Il nostro sito web utilizza anche funzioni del servizio di analisi web Google Analytics, un servizio di Google Inc. (\"Google\") che dispone di un certificato privacy shield.<\/p>\n<p>Anche Google Analytics utilizza dei cookie che consentono, tra l'altro, di analizzare il modo in cui l'utente utilizza il sito web. Nel corso dell'utilizzo di Google Analytics attraverso questo sito web, vengono raccolte le seguenti informazioni: Indirizzo IP, comportamento dell'utente, informazioni sul browser. Installiamo Google Analytics solo con l'anonimizzazione dell'IP. Ci\u00f2 significa che il vostro indirizzo IP viene abbreviato da Google all'interno degli Stati membri dell'Unione Europea o in altre parti contraenti dello Spazio economico europeo. Solo in casi eccezionali l'indirizzo IP completo viene trasmesso a un server di Google negli Stati Uniti, dove viene abbreviato. Google utilizzer\u00e0 queste informazioni per conto del gestore di questo sito web al fine di valutare l'utilizzo del sito web da parte degli utenti, compilare report sulle attivit\u00e0 del sito web e fornire ulteriori servizi relativi all'utilizzo del sito web e di Internet per il gestore del sito web. Questi rapporti e servizi saranno utilizzati per migliorare costantemente le offerte di questo sito web. Potete impedire a Google di raccogliere le informazioni generate da questi cookie e ottenute attraverso il vostro utilizzo del sito web (compreso l'indirizzo IP) e di elaborarle scaricando e installando il plug-in del browser di Google, disponibile al seguente link:\u00a0<a href=\"http:\/\/tools.google.com\/dlpage\/gaoptout?hl=de\" target=\"_blank\" rel=\"noopener noreferrer\">http:\/\/tools.google.com\/dlpage\/gaoptout?hl=de<\/a>. A seconda del browser utilizzato, sono disponibili altri plug-in simili di altri fornitori. Le informazioni personali di cui sopra vengono salvate per due anni.<\/p>\n<p><strong>4.4. Newsletter e messaggi push<br \/>\n<\/strong><\/p>\n<p>Trattiamo i vostri dati personali per potervi inviare newsletter e messaggi push. Questo processo avviene legalmente con il vostro consenso. Forniamo i vostri dati personali a terzi affinch\u00e9 possano inviare i messaggi per conto nostro. I vostri dati personali vengono elaborati fino a quando non annullate l'elaborazione.<\/p>\n<p><strong>4.5. Commenti<\/strong><\/p>\n<p>Quando i visitatori lasciano commenti sul sito web, raccogliamo i dati visualizzati nel modulo di commento, nonch\u00e9 l'indirizzo IP del visitatore e la stringa dell'agente utente (per identificare il browser) al fine di supportare il riconoscimento dello spam.<\/p>\n<p>Una stringa anonima di caratteri (chiamata anche hash) pu\u00f2 essere creata a partire dal vostro indirizzo e-mail e fornita a Gravatar per verificare se lo utilizzate. L'informativa sulla privacy di Gravatar \u00e8 disponibile qui: <a href=\"https:\/\/automattic.com\/privacy\/\" target=\"_blank\" rel=\"noopener noreferrer\">https:\/\/automattic.com\/privacy\/<\/a>. Dopo l'approvazione del commento, l'immagine del profilo \u00e8 visibile nel commento.<\/p>\n<p><strong>4.6. Media<\/strong><\/p>\n<p>Se siete un utente registrato e caricate foto su questo sito web, dovreste evitare di caricare foto con una posizione EXIF GPS. I visitatori di questo sito potrebbero scaricare le foto salvate su questo sito ed estrarre informazioni sulla localit\u00e0 in cui sono state scattate.<\/p>\n<p><strong>4.7. Contenuti incorporati da altri siti web<\/strong><\/p>\n<p>I contributi di questo sito web possono contenere contenuti incorporati (es. video, immagini, articoli). I contenuti incorporati provenienti da altri siti web agiscono esattamente come se il visitatore avesse consultato gli altri siti web.<\/p>\n<p>Questi siti web possono raccogliere informazioni sull'utente, utilizzare cookie, incorporare servizi di tracciamento aggiuntivi da parte di terzi e registrare l'interazione dell'utente con questo contenuto incorporato, compresa l'interazione dell'utente con questo sito web se dispone di un account e vi ha effettuato l'accesso.<\/p>\n<p><strong>4.8. Presentazione delle richieste e degli acquisti anonimizzati<\/strong><\/p>\n<p>Utilizziamo un servizio Cloud per l'informazione e la presentazione di prodotti frequentemente richiesti e acquistati e per dimostrare la sicurezza dell'acquisto sul nostro negozio online. Trasmettiamo a questa terza parte dati anonimizzati per realizzare presentazioni ottimali per il sistema web.<\/p>\n<p><strong>4.9. Ulteriori servizi di analisi<\/strong><\/p>\n<p>Oltre al servizio di analisi di Google (Google Anlytics), utilizziamo ulteriori processi di analisi tecnica, se necessario, soprattutto subito dopo l'aggiornamento della homepage e del software operativo del negozio web. L'obiettivo \u00e8 quello di riconoscere rapidamente gli errori tecnici che potrebbero compromettere l'esperienza di navigazione e le esigenze di acquisto dell'utente. Esempi di questo tipo possono essere \"Il prodotto non pu\u00f2 essere aggiunto al carrello\", \"Il pagamento non \u00e8 possibile\", \"Non \u00e8 possibile registrare un account cliente\", ecc. Le informazioni personali registrate vengono salvate in forma anonima e cancellate dopo la disattivazione dell'esame.<\/p>\n<p><strong>4.10. Sistema di protezione contro hacking, spam, malware e phishing<br \/>\n<\/strong><\/p>\n<p>Per proteggere le informazioni personali e l'intero sistema, utilizziamo diversi sistemi di protezione altamente sviluppati che non elenchiamo per motivi di privacy e sicurezza. I commenti lasciati dai visitatori potrebbero essere esaminati da un servizio automatico per il riconoscimento dello spam. L'intera homepage \u00e8 criptata con SSL per garantire un'esperienza di navigazione sicura.<\/p>\n<p>Questo sito \u00e8 protetto da reCAPTCHA e da Google <a href=\"https:\/\/policies.google.com\/privacy\" rel=\"nofollow noopener\" target=\"_blank\">Informativa sulla privacy<\/a>\u00a0e <a href=\"https:\/\/policies.google.com\/terms\" rel=\"nofollow noopener\" target=\"_blank\">Termini di servizio<\/a>\u00a0applicare.<\/p>\n<h3>5. Salvataggio ed elaborazione dei dati nel negozio web<\/h3>\n<p><strong>5.1. Durante la vostra visita al nostro negozio web, registriamo:<\/strong><\/p>\n<ul>\n<li>Prodotti gi\u00e0 visti. Utilizziamo questa registrazione per mostrarvi i prodotti che avete gi\u00e0 visto come promemoria.<\/li>\n<li>Posizione, indirizzo IP e browser. Utilizziamo queste opzioni per mostrarvi automaticamente, ad esempio, le tasse e i costi di spedizione corretti.<\/li>\n<li>Cookie e sessioni per memorizzare nella cache il contenuto del carrello durante la navigazione nel negozio web.<\/li>\n<\/ul>\n<p>Quando acquistate dei prodotti da noi, vi chiediamo le vostre informazioni personali per poter completare l'ordine e spedire i prodotti. Tali informazioni sono il nome, l'indirizzo di fatturazione, l'indirizzo di spedizione, l'indirizzo e-mail e il numero di telefono. Se si apre un account cliente e non si ordina come ospite, verranno richiesti anche il nome utente e la password desiderati. I dati di pagamento inseriti nel negozio non vengono raccolti n\u00e9 salvati da noi. Il salvataggio di queste informazioni finanziarie spetta al servizio di pagamento scelto (PayPal, carte di credito, bonifico immediato, ecc.).<\/p>\n<p>Oltre a compilare gli ordini, utilizziamo i vostri dati personali per:<\/p>\n<ul>\n<li>Inviare i dati dell'ordine e del conto cliente via e-mail.<\/li>\n<li>Rispondere a tutte le domande nei commenti all'ordine.<\/li>\n<li>Eseguite il pagamento e allontanate le frodi.<\/li>\n<li>Creare un account cliente<\/li>\n<li>Adempiere ai nostri compiti finanziari, come ad esempio il calcolo dell'IVA per le autorit\u00e0 fiscali.<\/li>\n<li>Ottimizziamo costantemente il nostro negozio per rendere ancora pi\u00f9 facile l'acquisto.<\/li>\n<li>Inviarvi informazioni, come la nostra newsletter, se acconsentite a questo uso.<\/li>\n<\/ul>\n<p>Trattiamo i vostri dati personali per potervi fornire un negozio online. Questo trattamento avviene in base alla base giuridica del contratto. Forniamo i vostri dati personali a un centro di calcolo che esegue questo trattamento per noi. Inoltre, forniamo i dati personali a un fornitore di servizi di pagamento e a un servizio di consegna, affinch\u00e9 possano elaborare i vostri dati ai fini dell'elaborazione del pagamento o della consegna. Trattiamo i vostri dati personali per tutto il tempo necessario a causa dei periodi di conservazione fiscale e fino a quando non abbiamo pi\u00f9 bisogno dei vostri dati personali per rivendicazioni legali.<\/p>\n<p>Salviamo anche le recensioni dei prodotti e le rendiamo pubbliche, in modo che altre persone interessate ai prodotti possano accedere alle vostre esperienze.<\/p>\n<p><strong>5.2. Accesso alle informazioni personali<\/strong><\/p>\n<p>Il nostro servizio clienti ha accesso alle informazioni inserite al momento dell'ordine. Queste includono:<\/p>\n<ul>\n<li>Informazioni sul contenuto dell'ordine, sulla data dell'ordine e sulla destinazione della spedizione<\/li>\n<li>Informazioni personali come nome, indirizzo di fatturazione e spedizione, indirizzo e-mail e numero di telefono.<\/li>\n<\/ul>\n<p>Questo accesso \u00e8 necessario per rendere l'ordine pronto per la spedizione, rispondere alle vostre domande ed elaborare i resi.<\/p>\n<h3>6. Diritti della persona interessata<\/h3>\n<p>In qualit\u00e0 di persona interessata, avete i seguenti diritti nei confronti della parte responsabile:<\/p>\n<p><strong>6.1. Diritto all'informazione<\/strong><\/p>\n<p>Potete chiedere conferma al responsabile del trattamento dei dati personali che vi riguardano.<\/p>\n<p><strong>6.2. Diritto di correzione<\/strong><\/p>\n<p>L'utente ha il diritto di rettifica o completamento nei confronti del responsabile se le informazioni personali trattate sono errate o incomplete. Il responsabile deve apportare immediatamente tali correzioni.<\/p>\n<p><strong>6.3. Diritto di limitare il trattamento<\/strong><\/p>\n<p>\u00c8 possibile richiedere la limitazione del trattamento dei propri dati personali alle seguenti condizioni:<\/p>\n<p>(1) Se si nega l'accuratezza delle informazioni personali;<br \/>\n(2) se il trattamento \u00e8 illegale;<br \/>\n(3) se la parte responsabile non ha pi\u00f9 bisogno dei dati personali per il trattamento, ma voi ne avete bisogno per far valere, esercitare o difendere un diritto legale, oppure<br \/>\n(4) se avete presentato un'obiezione contro il trattamento e non avete ancora stabilito se le ragioni del responsabile prevalgono sulle vostre.<\/p>\n<p><strong>6.4. Diritto alla cancellazione<\/strong><\/p>\n<p>Potete chiedere al responsabile di cancellare immediatamente i vostri dati personali e il responsabile \u00e8 obbligato a farlo se si applica uno dei seguenti motivi:<\/p>\n<p>(1) I vostri dati personali non sono pi\u00f9 necessari per gli scopi per i quali sono stati raccolti o trattati in un certo modo.<br \/>\n(2) L'utente revoca il consenso al trattamento dei propri dati personali e non sussistono altre basi giuridiche per il trattamento di tali informazioni.<br \/>\n(3) L'utente presenta un'obiezione contro il trattamento dei suoi dati personali e non vi sono motivi prevalenti per tale trattamento.<br \/>\n(4) I vostri dati personali sono stati trattati illegalmente.<\/p>\n<p><strong>6.5. Diritto di consultazione<\/strong><\/p>\n<p>Se avete fatto valere il diritto di rettifica, il diritto alla cancellazione o il diritto alla limitazione del trattamento nei confronti della parte responsabile, quest'ultima \u00e8 tenuta a informare tutte le parti a cui sono stati comunicati i vostri dati personali in merito a tale rettifica, cancellazione o limitazione del trattamento, a meno che ci\u00f2 non risulti impossibile o richieda uno sforzo eccessivo. L'utente ha il diritto di essere informato su tali soggetti da parte del responsabile.<\/p>\n<p><strong>6.6. Diritto alla portabilit\u00e0 dei dati<\/strong><\/p>\n<p>L'utente ha il diritto di ricevere le informazioni personali che ha messo a disposizione del responsabile in un formato strutturato, comune e leggibile da una macchina. Inoltre, ha il diritto di trasmettere tali informazioni a un altro soggetto responsabile senza interferenze da parte del soggetto responsabile a cui ha messo a disposizione le sue informazioni personali se<\/p>\n<p>(1) il trattamento si basa sul consenso o su un contratto e<br \/>\n(2) il trattamento viene effettuato con l'ausilio di processi automatizzati.<\/p>\n<p>Quando si esercita questo diritto, si ottiene anche il diritto di far trasmettere i propri dati personali da un responsabile a un altro responsabile, purch\u00e9 sia tecnicamente possibile. La libert\u00e0 e i diritti di altre persone non possono essere compromessi.<\/p>\n<p><strong>6.7. Diritto di appello<\/strong><\/p>\n<p>L'utente ha il diritto di presentare un'obiezione in qualsiasi momento contro il trattamento dei suoi dati personali che \u00e8 stato effettuato a causa di un interesse pubblico o sulla base di un interesse legittimo della parte responsabile.<\/p>\n<p>Se i vostri dati personali sono trattati per effettuare pubblicit\u00e0 diretta, avete il diritto di opporvi in qualsiasi momento al trattamento dei vostri dati personali ai fini di questo tipo di pubblicit\u00e0; ci\u00f2 vale anche per la profilazione, purch\u00e9 sia connessa a questo tipo di pubblicit\u00e0 diretta.<\/p>\n<p>Se vi opponete al trattamento dei vostri dati personali a fini di pubblicit\u00e0 diretta, tali informazioni non saranno pi\u00f9 trattate a tale scopo.<\/p>\n<p><strong>6.8. Diritto di revocare il consenso alla protezione dei dati<\/strong><\/p>\n<p>Avete il diritto di revocare il vostro consenso alla protezione dei dati in qualsiasi momento.<\/p>\n<p><strong>6.9. Decisioni automatizzate in casi individuali, compresa la profilazione<\/strong><\/p>\n<p>Avete il diritto di non essere sottoposti a una decisione basata esclusivamente su un trattamento automatico dei vostri dati personali - compresa la profilazione - che produca effetti legali o vi comprometta gravemente in modo analogo.<\/p>\n<p><strong>6.10. Diritto di ricorso presso un organismo di regolamentazione<\/strong><\/p>\n<p>Avete il diritto di ricorrere a un organismo di regolamentazione, indipendentemente da altri rimedi amministrativi o legali, in particolare nello Stato membro in cui risiedete, in cui lavorate o in cui si sospetta la violazione, se il trattamento dei vostri dati personali viola il DSGVO.<\/p>\n<p>Se volete inviarci una richiesta di informazioni, utilizzate il modulo qui.<\/p>\n<p>Se ritenete che i vostri diritti di persona siano stati violati, potete rivolgervi all'Autorit\u00e0 austriaca per la protezione dei dati:<\/p>\n<p>Protezione dei dati<br \/>\nWickenburggasse 8<br \/>\n1080 Vienna<\/p>\n<p>E-mail:\u00a0<a href=\"mailto:dsb@dsb.gv.at\">dsb@dsb.gv.at<\/a><br \/>\nTelefono: <a href=\"tel:+431521522569\">+43 1 521 52-25 69<\/a><\/p>\n<h3>7. Aggiornamento dell'informativa sulla privacy<\/h3>\n<p>La presente informativa sulla privacy verr\u00e0 aggiornata in caso di modifica dei processi o di adeguamenti tecnici. Si prega di controllare sempre la versione attuale della nostra informativa sulla privacy.<\/p>\n<hr \/>\n<p>A partire da: 01.01.2024<\/p>\n\t\t<\/div>\n\t\t\t\t\t<\/div>\n\n\t\n<\/div>","protected":false},"excerpt":{"rendered":"","protected":false},"author":1,"featured_media":0,"parent":2849,"menu_order":0,"comment_status":"closed","ping_status":"closed","template":"page-blank.php","meta":{"inline_featured_image":false,"footnotes":""},"class_list":["post-3","page","type-page","status-publish","hentry"],"_links":{"self":[{"href":"https:\/\/ecoturbino.world\/it\/wp-json\/wp\/v2\/pages\/3","targetHints":{"allow":["GET"]}}],"collection":[{"href":"https:\/\/ecoturbino.world\/it\/wp-json\/wp\/v2\/pages"}],"about":[{"href":"https:\/\/ecoturbino.world\/it\/wp-json\/wp\/v2\/types\/page"}],"author":[{"embeddable":true,"href":"https:\/\/ecoturbino.world\/it\/wp-json\/wp\/v2\/users\/1"}],"replies":[{"embeddable":true,"href":"https:\/\/ecoturbino.world\/it\/wp-json\/wp\/v2\/comments?post=3"}],"version-history":[{"count":0,"href":"https:\/\/ecoturbino.world\/it\/wp-json\/wp\/v2\/pages\/3\/revisions"}],"up":[{"embeddable":true,"href":"https:\/\/ecoturbino.world\/it\/wp-json\/wp\/v2\/pages\/2849"}],"wp:attachment":[{"href":"https:\/\/ecoturbino.world\/it\/wp-json\/wp\/v2\/media?parent=3"}],"curies":[{"name":"wp","href":"https:\/\/api.w.org\/{rel}","templated":true}]}}