{"id":1215,"date":"2024-01-01T12:07:15","date_gmt":"2024-01-01T11:07:15","guid":{"rendered":"https:\/\/ecoturbino.eu\/?page_id=1215"},"modified":"2025-12-29T22:45:35","modified_gmt":"2025-12-29T21:45:35","slug":"impatto-6","status":"publish","type":"page","link":"https:\/\/ecoturbino.world\/it\/impact-6\/","title":{"rendered":"Assolutamente esente da manutenzione e adattabile a tutte le docce - pu\u00f2 essere installato da chiunque"},"content":{"rendered":"<section class=\"section zindex1\" id=\"section_2004568841\">\n\t\t<div class=\"section-bg fill\" >\n\t\t\t\t\t\t\t\t\t\n\t\t\t\n\n\t\t<\/div>\n\n\t\t\n\n\t\t<div class=\"section-content relative\">\n\t\t\t\n<div class=\"row row-small\"  id=\"row-1835489357\">\n\n\t<div id=\"col-1587934992\" class=\"col medium-9 small-12 large-9\"  >\n\t\t\t\t<div class=\"col-inner\"  >\n\t\t\t\n\t\t\t\n<h2 class=\"uppercase\">Assolutamente esente da manutenzione e adattabile a tutte le docce - Installabile da chiunque<\/h2>\n<h3 class=\"thin-font\">il sesto impatto del sistema ecoturbino\u00ae per il risparmio idrico e la tutela dell'ambiente<\/h3>\n<div class=\"row\"  id=\"row-1649211112\">\n\n\t<div id=\"col-1593424419\" class=\"col medium-11 small-12 large-11\"  >\n\t\t\t\t<div class=\"col-inner\"  >\n\t\t\t\n\t\t\t\n\t<div id=\"stack-1419397798\" class=\"stack stack-row justify-start items-start\">\n\t\t\n\t<div class=\"img has-hover x md-x lg-x y md-y lg-y\" id=\"image_417794652\">\n\t\t<a class=\"\" href=\"\/it\/impatto-1\/\" >\t\t\t\t\t\t<div class=\"img-inner image-color dark\" >\n\t\t\t<img decoding=\"async\" width=\"100\" height=\"100\" src=\"https:\/\/ecoturbino.world\/wp-content\/uploads\/2024\/01\/impact1.svg\" class=\"attachment-original size-original\" alt=\"\" \/>\t\t\t\t\t\t\n\t\t\t\t\t<\/div>\n\t\t\t\t\t\t<\/a>\t\t\n<style>\n#image_417794652 {\n  width: 100%;\n}\n<\/style>\n\t<\/div>\n\t\n\t<div class=\"img has-hover x md-x lg-x y md-y lg-y\" id=\"image_108890932\">\n\t\t<a class=\"\" href=\"\/it\/impatto-2\/\" >\t\t\t\t\t\t<div class=\"img-inner image-color dark\" >\n\t\t\t<img decoding=\"async\" width=\"100\" height=\"100\" src=\"https:\/\/ecoturbino.world\/wp-content\/uploads\/2024\/01\/impact2.svg\" class=\"attachment-original size-original\" alt=\"\" \/>\t\t\t\t\t\t\n\t\t\t\t\t<\/div>\n\t\t\t\t\t\t<\/a>\t\t\n<style>\n#image_108890932 {\n  width: 100%;\n}\n<\/style>\n\t<\/div>\n\t\n\t<div class=\"img has-hover x md-x lg-x y md-y lg-y\" id=\"image_1292373430\">\n\t\t<a class=\"\" href=\"\/it\/impatto-3\/\" >\t\t\t\t\t\t<div class=\"img-inner image-color dark\" >\n\t\t\t<img decoding=\"async\" width=\"100\" height=\"100\" src=\"https:\/\/ecoturbino.world\/wp-content\/uploads\/2024\/01\/impact3.svg\" class=\"attachment-original size-original\" alt=\"Impatto 3 di ecoturbino\" \/>\t\t\t\t\t\t\n\t\t\t\t\t<\/div>\n\t\t\t\t\t\t<\/a>\t\t\n<style>\n#image_1292373430 {\n  width: 100%;\n}\n<\/style>\n\t<\/div>\n\t\n\t<div class=\"img has-hover x md-x lg-x y md-y lg-y\" id=\"image_171999769\">\n\t\t<a class=\"\" href=\"\/it\/impatto-4\/\" >\t\t\t\t\t\t<div class=\"img-inner image-color dark\" >\n\t\t\t<img decoding=\"async\" width=\"100\" height=\"100\" src=\"https:\/\/ecoturbino.world\/wp-content\/uploads\/2024\/01\/impact4.svg\" class=\"attachment-original size-original\" alt=\"Impatto 4 di ecoturbino\" \/>\t\t\t\t\t\t\n\t\t\t\t\t<\/div>\n\t\t\t\t\t\t<\/a>\t\t\n<style>\n#image_171999769 {\n  width: 100%;\n}\n<\/style>\n\t<\/div>\n\t\n\t<div class=\"img has-hover x md-x lg-x y md-y lg-y\" id=\"image_2128909262\">\n\t\t<a class=\"\" href=\"\/it\/impatto-5\/\" >\t\t\t\t\t\t<div class=\"img-inner image-color dark\" >\n\t\t\t<img decoding=\"async\" width=\"100\" height=\"100\" src=\"https:\/\/ecoturbino.world\/wp-content\/uploads\/2024\/01\/impact5.svg\" class=\"attachment-original size-original\" alt=\"\" \/>\t\t\t\t\t\t\n\t\t\t\t\t<\/div>\n\t\t\t\t\t\t<\/a>\t\t\n<style>\n#image_2128909262 {\n  width: 100%;\n}\n<\/style>\n\t<\/div>\n\t\n\t<div class=\"img has-hover x md-x lg-x y md-y lg-y\" id=\"image_1899173309\">\n\t\t\t\t\t\t\t\t<div class=\"img-inner dark\" >\n\t\t\t<img decoding=\"async\" width=\"100\" height=\"100\" src=\"https:\/\/ecoturbino.world\/wp-content\/uploads\/2024\/01\/impact6.svg\" class=\"attachment-original size-original\" alt=\"Impatto 6 di ecoturbino\" \/>\t\t\t\t\t\t\n\t\t\t\t\t<\/div>\n\t\t\t\t\t\t\t\t\n<style>\n#image_1899173309 {\n  width: 100%;\n}\n<\/style>\n\t<\/div>\n\t\n\t<div class=\"img has-hover x md-x lg-x y md-y lg-y\" id=\"image_1860755002\">\n\t\t<a class=\"\" href=\"\/it\/impatto-7\/\" >\t\t\t\t\t\t<div class=\"img-inner image-color dark\" >\n\t\t\t<img decoding=\"async\" width=\"100\" height=\"100\" src=\"https:\/\/ecoturbino.world\/wp-content\/uploads\/2024\/01\/impact7.svg\" class=\"attachment-original size-original\" alt=\"Impatto 7 di ecoturbino\" \/>\t\t\t\t\t\t\n\t\t\t\t\t<\/div>\n\t\t\t\t\t\t<\/a>\t\t\n<style>\n#image_1860755002 {\n  width: 100%;\n}\n<\/style>\n\t<\/div>\n\t\n\t\t\n<style>\n#stack-1419397798 > * {\n  --stack-gap: 0.5rem;\n}\n@media (min-width:550px) {\n  #stack-1419397798 > * {\n    --stack-gap: 1rem;\n  }\n}\n<\/style>\n\t<\/div>\n\t\n\t\t<\/div>\n\t\t\t\t\t<\/div>\n\n\t\n<\/div>\n\t\t<\/div>\n\t\t\t\t\t<\/div>\n\n\t\n\n\t<div id=\"col-1504086598\" class=\"col medium-3 small-12 large-3\"  >\n\t\t\t\t<div class=\"col-inner\"  >\n\t\t\t\n\t\t\t\n\t<div class=\"img has-hover x md-x lg-x y md-y lg-y\" id=\"image_380033342\">\n\t\t\t\t\t\t\t\t<div class=\"img-inner dark\" >\n\t\t\t<img decoding=\"async\" width=\"100\" height=\"100\" src=\"https:\/\/ecoturbino.world\/wp-content\/uploads\/2024\/01\/impact6.svg\" class=\"attachment-original size-original\" alt=\"Impatto 6 di ecoturbino\" \/>\t\t\t\t\t\t\n\t\t\t\t\t<\/div>\n\t\t\t\t\t\t\t\t\n<style>\n#image_380033342 {\n  width: 100%;\n}\n<\/style>\n\t<\/div>\n\t\n\t\t<\/div>\n\t\t\t\t\t<\/div>\n\n\t\n<\/div>\n<div class=\"row\"  id=\"row-651212595\">\n\n\t<div id=\"col-729648104\" class=\"col small-12 large-12\"  >\n\t\t\t\t<div class=\"col-inner\"  >\n\t\t\t\n\t\t\t\n<div class=\"is-divider divider clearfix\" style=\"max-width:100%;height:1px;\"><\/div>\n<h3><span style=\"font-size: 120%;\">Il risparmio energetico \u00e8 facile. <a href=\"https:\/\/en.ecoturbino.shop\/details\/\" target=\"_blank\" rel=\"noopener\">ecoturbino<\/a> - Facile da installare e adatto a tutti<\/span><\/h3>\n<p>In un periodo in cui <strong>la conservazione dell'energia e la tutela dell'ambiente stanno diventando sempre pi\u00f9 importanti,<\/strong> molte persone sono alla ricerca di modi per <strong>ridurre il consumo di energia<\/strong> e <strong>diminuire la loro impronta ecologica.<\/strong><\/p>\n<p>Tuttavia, spesso incontrano il problema che molti <strong>i prodotti a risparmio energetico sono complicati<\/strong> e richiedono un'installazione professionale. Ma non deve essere cos\u00ec. Con ecoturbino, risparmiare energia diventa un gioco da ragazzi.<\/p>\n<p>Questo <strong>prodotto innovativo austriaco<\/strong> pu\u00f2 essere <strong>installata da chiunque, senza alcuna conoscenza preventiva<\/strong> o esperienza, e si adatta a qualsiasi doccia. \u00c8 pronto all'uso in soli tre minuti e non richiede attrezzi o installazioni complesse.<\/p>\n<h3>Perch\u00e9 ecoturbino \u00e8 cos\u00ec facile da installare?<\/h3>\n<p>Ecoturbino \u00e8 stato progettato per rendere<strong> installazione pi\u00f9 semplice possibile<\/strong>. Non richiede strumenti complicati o conoscenze specialistiche. Il motivo \u00e8 la filettatura standard da \u00bd pollice presente nella maggior parte dei collegamenti idraulici al miscelatore dell'acqua calda della doccia.<\/p>\n<p>Questa filettatura standard consente un fissaggio facile e sicuro dell'ecoturbino senza bisogno di ulteriori regolazioni o modifiche.<\/p>\n\t<div id=\"gap-1645581765\" class=\"gap-element clearfix\" style=\"display:block; height:auto;\">\n\t\t\n<style>\n#gap-1645581765 {\n  padding-top: 30px;\n}\n<\/style>\n\t<\/div>\n\t\n<div class=\"row\"  id=\"row-694816476\">\n\n\t<div id=\"col-1738250185\" class=\"col medium-4 small-12 large-4\"  >\n\t\t\t\t<div class=\"col-inner\"  >\n\t\t\t\n\t\t\t\n\t<div class=\"img has-hover radius10 x md-x lg-x y md-y lg-y\" id=\"image_1285133826\">\n\t\t\t\t\t\t\t\t<div class=\"img-inner dark\" >\n\t\t\t<img decoding=\"async\" width=\"600\" height=\"600\" src=\"https:\/\/ecoturbino.world\/wp-content\/uploads\/2024\/01\/tools-shower_600.webp\" class=\"attachment-original size-original\" alt=\"Simbolo degli attrezzi da doccia\" srcset=\"https:\/\/ecoturbino.world\/wp-content\/uploads\/2024\/01\/tools-shower_600.webp 600w, https:\/\/ecoturbino.world\/wp-content\/uploads\/2024\/01\/tools-shower_600-500x500.webp 500w, https:\/\/ecoturbino.world\/wp-content\/uploads\/2024\/01\/tools-shower_600-32x32.webp 32w, https:\/\/ecoturbino.world\/wp-content\/uploads\/2024\/01\/tools-shower_600-48x48.webp 48w, https:\/\/ecoturbino.world\/wp-content\/uploads\/2024\/01\/tools-shower_600-80x80.webp 80w, https:\/\/ecoturbino.world\/wp-content\/uploads\/2024\/01\/tools-shower_600-180x180.webp 180w\" sizes=\"(max-width: 600px) 100vw, 600px\" \/>\t\t\t\t\t\t\n\t\t\t\t\t<\/div>\n\t\t\t\t\t\t\t\t\n<style>\n#image_1285133826 {\n  width: 100%;\n}\n<\/style>\n\t<\/div>\n\t\n\t\t<\/div>\n\t\t\t\t\t<\/div>\n\n\t\n\n\t<div id=\"col-2067404876\" class=\"col medium-8 small-12 large-8\"  >\n\t\t\t\t<div class=\"col-inner\"  >\n\t\t\t\n\t\t\t\n<h3>Il semplice processo di installazione di ecoturbino<\/h3>\n<p>L'installazione di ecoturbino non potrebbe essere pi\u00f9 semplice. Ecco i passaggi in dettaglio:<\/p>\n<ol>\n<li><strong>Preparazione:<\/strong> Assicurarsi che il tubo della doccia abbia un <strong>Filettatura standard da \u00bd pollice<\/strong> (che \u00e8 lo standard mondiale). Questo \u00e8 il caso della maggior parte delle docce.<\/li>\n<li><strong>Rimuovere il flessibile della doccia:<\/strong> Svitarlo ruotandolo in senso orario.<\/li>\n<li><strong>Collegare l'ecoturbino:<\/strong> \u00c8 sufficiente avvitare ecoturbino sulla filettatura standard da \u00bd pollice del miscelatore, ruotandolo in senso orario fino a quando non \u00e8 fissato saldamente.<\/li>\n<li>Ora collegate il tubo dell'acqua all'ecoturbino - Fatto! L'ecoturbino \u00e8 pronto per l'uso. Non sono necessari altri passaggi.<\/li>\n<\/ol>\n\t\t<\/div>\n\t\t\t\t\t<\/div>\n\n\t\n<\/div>\n\t<div id=\"gap-160597713\" class=\"gap-element clearfix\" style=\"display:block; height:auto;\">\n\t\t\n<style>\n#gap-160597713 {\n  padding-top: 30px;\n}\n<\/style>\n\t<\/div>\n\t\n<div class=\"row\"  id=\"row-1158121541\">\n\n\t<div id=\"col-752559677\" class=\"col medium-6 small-12 large-6\"  >\n\t\t\t\t<div class=\"col-inner\"  >\n\t\t\t\n\t\t\t\n<h3>Non sono richieste conoscenze o competenze preliminari<\/h3>\n<p>La cosa migliore di ecoturbino \u00e8 che \u00e8 <strong>adatto a tutti<\/strong>. Non sono necessarie conoscenze o competenze preliminari in materia di installazioni idrauliche. La filettatura standard e la facilit\u00e0 di fissaggio rendono l'installazione un gioco da ragazzi.<\/p>\n<blockquote>\n<p>\u00c8 un ottimo modo per risparmiare energia e acqua senza doversi preoccupare della complessit\u00e0 dell'installazione.<\/p>\n<\/blockquote>\n\t\t<\/div>\n\t\t\t\t\t<\/div>\n\n\t\n\n\t<div id=\"col-15693227\" class=\"col medium-6 small-12 large-6\"  >\n\t\t\t\t<div class=\"col-inner\" style=\"background-color:#c0d63d;\" >\n\t\t\t\n\t\t\t\n\t<div id=\"text-282991392\" class=\"text\">\n\t\t\n<h4 class=\"uppercase\">CONCLUSIONE<\/h4>\n\t\t\n<style>\n#text-282991392 {\n  font-size: 2rem;\n  text-align: right;\n  color: rgb(255,255,255);\n}\n#text-282991392 > * {\n  color: rgb(255,255,255);\n}\n@media (min-width:550px) {\n  #text-282991392 {\n    font-size: 3.5rem;\n  }\n}\n<\/style>\n\t<\/div>\n\t\n<h3>I grandi vantaggi dell'ecoturbino<\/h3>\n<p>Ecoturbino non solo offre una facile installazione ma anche una serie di vantaggi che <strong>un investimento che vale la pena di fare<\/strong>:<\/p>\n<ul>\n<li><strong><a href=\"https:\/\/ecoturbino.world\/it\/lue-regola-lacqua-dolce\/\">Risparmio idrico<\/a>:<\/strong> Ecoturbino riduce del 40% il consumo di acqua durante la doccia. In questo modo non solo si risparmia acqua, ma si riducono anche i costi di produzione e smaltimento dell'acqua.<\/li>\n<li><strong>Risparmio energetico:<\/strong> Poich\u00e9 \u00e8 necessario riscaldare meno acqua per ottenere acqua calda per la doccia, l'ecoturbino consente anche un notevole risparmio energetico e una riduzione dei costi energetici.<\/li>\n<li><strong>Rispettoso dell'ambiente:<\/strong> La riduzione del consumo di acqua e di energia contribuisce alla conservazione dell'ambiente e alla diminuzione delle emissioni di CO2.<\/li>\n<li><strong>Rapida rivincita:<\/strong> I risparmi sui costi dell'acqua e dell'energia rendono rapidamente redditizio l'investimento nell'ecoturbino.<\/li>\n<li><strong>Comfort della doccia migliorato:<\/strong> Nonostante la riduzione del consumo d'acqua, ecoturbino offre comunque un'esperienza di doccia forte e piacevole. Il getto d'acqua rimane robusto e piacevole.<\/li>\n<\/ul>\n<blockquote>\n<p>Nel complesso, ecoturbino \u00e8 una soluzione semplice e <strong>Un modo economico per risparmiare energia e acqua senza rinunciare al comfort della doccia.<\/strong> Chiunque pu\u00f2 installarlo e beneficiare dei numerosi vantaggi che offre. \u00c8 una soluzione vantaggiosa per il portafoglio e per l'ambiente.<\/p>\n<\/blockquote>\n\t\t<\/div>\n\t\t\t\t\n<style>\n#col-15693227 > .col-inner {\n  padding: 10px 20px 1px 20px;\n  border-radius: 10px;\n}\n<\/style>\n\t<\/div>\n\n\t\n<\/div>\n\t\t<\/div>\n\t\t\t\t\n<style>\n#col-729648104 > .col-inner {\n  margin: 0px 0px -125px 0px;\n}\n@media (min-width:550px) {\n  #col-729648104 > .col-inner {\n    margin: 0px 0px -200px 0px;\n  }\n}\n<\/style>\n\t<\/div>\n\n\t\n<\/div>\n\t\t<\/div>\n\n\t\t\n<style>\n#section_2004568841 {\n  padding-top: 30px;\n  padding-bottom: 30px;\n}\n<\/style>\n\t<\/section>\n\t\n\n\t<section class=\"section\" id=\"section_1013804811\">\n\t\t<div class=\"section-bg fill\" >\n\t\t\t<img decoding=\"async\" width=\"1920\" height=\"683\" src=\"https:\/\/ecoturbino.world\/wp-content\/uploads\/2025\/12\/ecoturbino-function_1920-1.webp\" class=\"bg attachment- size-\" alt=\"funzione ecoturbino\" \/>\t\t\t\t\t\t<div class=\"section-bg-overlay absolute fill\"><\/div>\n\t\t\t\n\n\t\t<\/div>\n\n\t\t\t<div class=\"ux-shape-divider ux-shape-divider--top ux-shape-divider--style-waves-opacity\">\n\t\t<svg viewbox=\"0 0 1000 300\" xmlns=\"http:\/\/www.w3.org\/2000\/svg\" preserveaspectratio=\"none\">\n    <path class=\"ux-shape-fill\" d=\"M0 300L-1 69.71C216 57 299.47 198.86 403 226C506 253 577 196 660 197C740 198 790.09 234.07 874 267C935.23 291 982 282.61 1000 277.61V300H0Z\"\/>\n    <path class=\"ux-shape-fill\" opacity=\"0.5\" d=\"M1 265.094L0 50.5C217 37.79 300.47 186.36 404 213.5C507 240.5 578 196.5 661 197.5C741 198.5 787.59 239.57 871.5 272.5C932.73 296.5 980.5 284.5 998.5 279.5V298.5L1 265.094Z\"\/>\n    <path class=\"ux-shape-fill\" opacity=\"0.15\" d=\"M0.999878 244.094L-0.00012207 27C217 14.29 300.47 173.86 404 201C507 228 578 196 661 197C741 198 787.59 243.07 871.5 276C932.73 300 980.5 284.5 998.5 279.5V299L0.999878 244.094Z\"\/>\n<\/svg>\n\n\t<\/div>\n\n\n\t\t<div class=\"section-content relative\">\n\t\t\t\n\t\t<\/div>\n\n\t\t\n<style>\n#section_1013804811 {\n  padding-top: 125px;\n  padding-bottom: 125px;\n}\n#section_1013804811 .section-bg-overlay {\n  background-color: rgba(0, 0, 0, 0.25);\n}\n#section_1013804811 .ux-shape-divider--top svg {\n  height: 80px;\n  --divider-top-width: 100%;\n}\n@media (min-width:550px) {\n  #section_1013804811 {\n    padding-top: 200px;\n    padding-bottom: 200px;\n  }\n  #section_1013804811 .ux-shape-divider--top svg {\n    height: 124px;\n  }\n}\n<\/style>\n\t<\/section>","protected":false},"excerpt":{"rendered":"","protected":false},"author":2,"featured_media":1685,"parent":0,"menu_order":0,"comment_status":"closed","ping_status":"closed","template":"page-blank.php","meta":{"inline_featured_image":false,"footnotes":""},"class_list":["post-1215","page","type-page","status-publish","has-post-thumbnail","hentry"],"_links":{"self":[{"href":"https:\/\/ecoturbino.world\/it\/wp-json\/wp\/v2\/pages\/1215","targetHints":{"allow":["GET"]}}],"collection":[{"href":"https:\/\/ecoturbino.world\/it\/wp-json\/wp\/v2\/pages"}],"about":[{"href":"https:\/\/ecoturbino.world\/it\/wp-json\/wp\/v2\/types\/page"}],"author":[{"embeddable":true,"href":"https:\/\/ecoturbino.world\/it\/wp-json\/wp\/v2\/users\/2"}],"replies":[{"embeddable":true,"href":"https:\/\/ecoturbino.world\/it\/wp-json\/wp\/v2\/comments?post=1215"}],"version-history":[{"count":0,"href":"https:\/\/ecoturbino.world\/it\/wp-json\/wp\/v2\/pages\/1215\/revisions"}],"wp:featuredmedia":[{"embeddable":true,"href":"https:\/\/ecoturbino.world\/it\/wp-json\/wp\/v2\/media\/1685"}],"wp:attachment":[{"href":"https:\/\/ecoturbino.world\/it\/wp-json\/wp\/v2\/media?parent=1215"}],"curies":[{"name":"wp","href":"https:\/\/api.w.org\/{rel}","templated":true}]}}