{"id":1212,"date":"2024-01-01T12:02:37","date_gmt":"2024-01-01T11:02:37","guid":{"rendered":"https:\/\/ecoturbino.eu\/?page_id=1212"},"modified":"2025-12-29T22:45:10","modified_gmt":"2025-12-29T21:45:10","slug":"impatto-5","status":"publish","type":"page","link":"https:\/\/ecoturbino.world\/it\/impact-5\/","title":{"rendered":"L'uso conservativo delle risorse della terra"},"content":{"rendered":"<section class=\"section zindex1\" id=\"section_1745986644\">\n\t\t<div class=\"section-bg fill\" >\n\t\t\t\t\t\t\t\t\t\n\t\t\t\n\n\t\t<\/div>\n\n\t\t\n\n\t\t<div class=\"section-content relative\">\n\t\t\t\n<div class=\"row row-small\"  id=\"row-190212935\">\n\n\t<div id=\"col-1594234823\" class=\"col medium-9 small-12 large-9\"  >\n\t\t\t\t<div class=\"col-inner\"  >\n\t\t\t\n\t\t\t\n<h1 class=\"uppercase\">Trattamento della Terra nel rispetto delle risorse<\/h1>\n<h3 class=\"thin-font\">il quinto impatto del sistema ecoturbino\u00ae per il risparmio idrico e la tutela dell'ambiente<\/h3>\n<div class=\"row\"  id=\"row-908341540\">\n\n\t<div id=\"col-1811525434\" class=\"col medium-11 small-12 large-11\"  >\n\t\t\t\t<div class=\"col-inner\"  >\n\t\t\t\n\t\t\t\n\t<div id=\"stack-107031420\" class=\"stack stack-row justify-start items-start\">\n\t\t\n\t<div class=\"img has-hover x md-x lg-x y md-y lg-y\" id=\"image_287993116\">\n\t\t<a class=\"\" href=\"\/it\/impatto-1\/\" >\t\t\t\t\t\t<div class=\"img-inner image-color dark\" >\n\t\t\t<img decoding=\"async\" width=\"100\" height=\"100\" src=\"https:\/\/ecoturbino.world\/wp-content\/uploads\/2024\/01\/impact1.svg\" class=\"attachment-original size-original\" alt=\"\" \/>\t\t\t\t\t\t\n\t\t\t\t\t<\/div>\n\t\t\t\t\t\t<\/a>\t\t\n<style>\n#image_287993116 {\n  width: 100%;\n}\n<\/style>\n\t<\/div>\n\t\n\t<div class=\"img has-hover x md-x lg-x y md-y lg-y\" id=\"image_1555879561\">\n\t\t<a class=\"\" href=\"\/it\/impatto-2\/\" >\t\t\t\t\t\t<div class=\"img-inner image-color dark\" >\n\t\t\t<img decoding=\"async\" width=\"100\" height=\"100\" src=\"https:\/\/ecoturbino.world\/wp-content\/uploads\/2024\/01\/impact2.svg\" class=\"attachment-original size-original\" alt=\"\" \/>\t\t\t\t\t\t\n\t\t\t\t\t<\/div>\n\t\t\t\t\t\t<\/a>\t\t\n<style>\n#image_1555879561 {\n  width: 100%;\n}\n<\/style>\n\t<\/div>\n\t\n\t<div class=\"img has-hover x md-x lg-x y md-y lg-y\" id=\"image_1691400068\">\n\t\t<a class=\"\" href=\"\/it\/impatto-3\/\" >\t\t\t\t\t\t<div class=\"img-inner image-color dark\" >\n\t\t\t<img decoding=\"async\" width=\"100\" height=\"100\" src=\"https:\/\/ecoturbino.world\/wp-content\/uploads\/2024\/01\/impact3.svg\" class=\"attachment-original size-original\" alt=\"Impatto 3 di ecoturbino\" \/>\t\t\t\t\t\t\n\t\t\t\t\t<\/div>\n\t\t\t\t\t\t<\/a>\t\t\n<style>\n#image_1691400068 {\n  width: 100%;\n}\n<\/style>\n\t<\/div>\n\t\n\t<div class=\"img has-hover x md-x lg-x y md-y lg-y\" id=\"image_1956175071\">\n\t\t<a class=\"\" href=\"\/it\/impatto-4\/\" >\t\t\t\t\t\t<div class=\"img-inner image-color dark\" >\n\t\t\t<img decoding=\"async\" width=\"100\" height=\"100\" src=\"https:\/\/ecoturbino.world\/wp-content\/uploads\/2024\/01\/impact4.svg\" class=\"attachment-original size-original\" alt=\"Impatto 4 di ecoturbino\" \/>\t\t\t\t\t\t\n\t\t\t\t\t<\/div>\n\t\t\t\t\t\t<\/a>\t\t\n<style>\n#image_1956175071 {\n  width: 100%;\n}\n<\/style>\n\t<\/div>\n\t\n\t<div class=\"img has-hover x md-x lg-x y md-y lg-y\" id=\"image_259059201\">\n\t\t\t\t\t\t\t\t<div class=\"img-inner dark\" >\n\t\t\t<img decoding=\"async\" width=\"100\" height=\"100\" src=\"https:\/\/ecoturbino.world\/wp-content\/uploads\/2024\/01\/impact5.svg\" class=\"attachment-original size-original\" alt=\"\" \/>\t\t\t\t\t\t\n\t\t\t\t\t<\/div>\n\t\t\t\t\t\t\t\t\n<style>\n#image_259059201 {\n  width: 100%;\n}\n<\/style>\n\t<\/div>\n\t\n\t<div class=\"img has-hover x md-x lg-x y md-y lg-y\" id=\"image_2126148949\">\n\t\t<a class=\"\" href=\"\/it\/impatto-6\/\" >\t\t\t\t\t\t<div class=\"img-inner image-color dark\" >\n\t\t\t<img decoding=\"async\" width=\"100\" height=\"100\" src=\"https:\/\/ecoturbino.world\/wp-content\/uploads\/2024\/01\/impact6.svg\" class=\"attachment-original size-original\" alt=\"Impatto 6 di ecoturbino\" \/>\t\t\t\t\t\t\n\t\t\t\t\t<\/div>\n\t\t\t\t\t\t<\/a>\t\t\n<style>\n#image_2126148949 {\n  width: 100%;\n}\n<\/style>\n\t<\/div>\n\t\n\t<div class=\"img has-hover x md-x lg-x y md-y lg-y\" id=\"image_1576112049\">\n\t\t<a class=\"\" href=\"\/it\/impatto-7\/\" >\t\t\t\t\t\t<div class=\"img-inner image-color dark\" >\n\t\t\t<img decoding=\"async\" width=\"100\" height=\"100\" src=\"https:\/\/ecoturbino.world\/wp-content\/uploads\/2024\/01\/impact7.svg\" class=\"attachment-original size-original\" alt=\"Impatto 7 di ecoturbino\" \/>\t\t\t\t\t\t\n\t\t\t\t\t<\/div>\n\t\t\t\t\t\t<\/a>\t\t\n<style>\n#image_1576112049 {\n  width: 100%;\n}\n<\/style>\n\t<\/div>\n\t\n\t\t\n<style>\n#stack-107031420 > * {\n  --stack-gap: 0.5rem;\n}\n@media (min-width:550px) {\n  #stack-107031420 > * {\n    --stack-gap: 1rem;\n  }\n}\n<\/style>\n\t<\/div>\n\t\n\t\t<\/div>\n\t\t\t\t\t<\/div>\n\n\t\n<\/div>\n\t\t<\/div>\n\t\t\t\t\t<\/div>\n\n\t\n\n\t<div id=\"col-1366636671\" class=\"col medium-3 small-12 large-3\"  >\n\t\t\t\t<div class=\"col-inner\"  >\n\t\t\t\n\t\t\t\n\t<div class=\"img has-hover x md-x lg-x y md-y lg-y\" id=\"image_126838079\">\n\t\t\t\t\t\t\t\t<div class=\"img-inner dark\" >\n\t\t\t<img decoding=\"async\" width=\"100\" height=\"100\" src=\"https:\/\/ecoturbino.world\/wp-content\/uploads\/2024\/01\/impact5.svg\" class=\"attachment-original size-original\" alt=\"\" \/>\t\t\t\t\t\t\n\t\t\t\t\t<\/div>\n\t\t\t\t\t\t\t\t\n<style>\n#image_126838079 {\n  width: 100%;\n}\n<\/style>\n\t<\/div>\n\t\n\t\t<\/div>\n\t\t\t\t\t<\/div>\n\n\t\n<\/div>\n<div class=\"row\"  id=\"row-1407927261\">\n\n\t<div id=\"col-520298051\" class=\"col small-12 large-12\"  >\n\t\t\t\t<div class=\"col-inner\"  >\n\t\t\t\n\t\t\t\n<div class=\"is-divider divider clearfix\" style=\"max-width:100%;height:1px;\"><\/div>\n<h2><span style=\"font-size: 120%;\">Risparmio di acqua, costi energetici e acque reflue per tutti | Il significato di ecoturbino\u00ae<\/span><\/h2>\n<p>Qui, stiamo riducendo ulteriormente il consumo di acqua durante le docce in Europa! I dati seguiranno!<\/p>\n<p><strong>Il nostro mondo sta diventando sempre pi\u00f9 arido<\/strong>, con <strong>prezzi dell'acqua e dell'energia in costante aumento<\/strong>e i costi degli impianti di trattamento delle acque reflue sono in aumento. Di fronte a queste sfide, \u00e8 essenziale utilizzare le risorse in modo pi\u00f9 efficiente e agire in modo sostenibile.<\/p>\n<blockquote>\n<p>Una delle cose apparentemente insignificanti ma <strong>Tuttavia, l'abitudine di sprecare \u00e8 quella di fare la doccia<\/strong>. Ci godiamo un breve incontro con l'acqua calda, ma poi quest'acqua diventa acqua di scarico calda che viene semplicemente gettata nello scarico.<\/p>\n<\/blockquote>\n<p>Questo \u00e8 un <strong><a href=\"https:\/\/ecoturbino.world\/it\/lue-regola-lacqua-dolce\/\">spreco insensato di acqua preziosa<\/a> e l'energia<\/strong> e contraddice i principi della sostenibilit\u00e0 e della tutela ambientale. \u00c8 qui che il <strong>tecnologia innovativa di ecoturbino<\/strong> entra in gioco, consentendo a tutti di<strong> risparmiare il 40% del consumo di acqua<\/strong> mentre si fa la doccia e ridurre immediatamente i costi.<\/p>\n<h3>La questione di <strong>spreco di acqua ed energia durante la doccia<\/strong><\/h3>\n<p><strong>Doccia<\/strong> \u00e8 una delle nostre abitudini quotidiane a cui spesso non prestiamo attenzione per il suo impatto sull'ambiente. Ci godiamo l'acqua calda che scorre sulla nostra pelle, dimenticando che si tratta di una risorsa limitata.<\/p>\n<p>Il problema inizia quando il <strong>L'acqua della doccia usata finisce nella fognatura come acqua di scarico calda.<\/strong> Il riscaldamento dell'acqua richiede energia, spesso proveniente da fonti non rinnovabili, con conseguenti costi.<\/p>\n<p>Inoltre, gli impianti di trattamento delle acque reflue devono <strong>trattare queste acque reflue, aggiungendo ulteriori costi<\/strong>. L'aumento vertiginoso dei costi delle acque reflue.<\/p>\n\t<div id=\"gap-143581389\" class=\"gap-element clearfix\" style=\"display:block; height:auto;\">\n\t\t\n<style>\n#gap-143581389 {\n  padding-top: 30px;\n}\n<\/style>\n\t<\/div>\n\t\n<div class=\"row\"  id=\"row-107058146\">\n\n\t<div id=\"col-839375468\" class=\"col medium-4 small-12 large-4\"  >\n\t\t\t\t<div class=\"col-inner\"  >\n\t\t\t\n\t\t\t\n\t<div class=\"img has-hover radius10 x md-x lg-x y md-y lg-y\" id=\"image_2020747250\">\n\t\t\t\t\t\t\t\t<div class=\"img-inner dark\" >\n\t\t\t<img decoding=\"async\" width=\"600\" height=\"600\" src=\"https:\/\/ecoturbino.world\/wp-content\/uploads\/2024\/01\/water-saving-environment-costs_600.webp\" class=\"attachment-original size-original\" alt=\"Simbolo di risparmio idrico e protezione dell&#039;ambiente\" srcset=\"https:\/\/ecoturbino.world\/wp-content\/uploads\/2024\/01\/water-saving-environment-costs_600.webp 600w, https:\/\/ecoturbino.world\/wp-content\/uploads\/2024\/01\/water-saving-environment-costs_600-500x500.webp 500w, https:\/\/ecoturbino.world\/wp-content\/uploads\/2024\/01\/water-saving-environment-costs_600-32x32.webp 32w, https:\/\/ecoturbino.world\/wp-content\/uploads\/2024\/01\/water-saving-environment-costs_600-48x48.webp 48w, https:\/\/ecoturbino.world\/wp-content\/uploads\/2024\/01\/water-saving-environment-costs_600-80x80.webp 80w, https:\/\/ecoturbino.world\/wp-content\/uploads\/2024\/01\/water-saving-environment-costs_600-180x180.webp 180w\" sizes=\"(max-width: 600px) 100vw, 600px\" \/>\t\t\t\t\t\t\n\t\t\t\t\t<\/div>\n\t\t\t\t\t\t\t\t\n<style>\n#image_2020747250 {\n  width: 100%;\n}\n<\/style>\n\t<\/div>\n\t\n\t\t<\/div>\n\t\t\t\t\t<\/div>\n\n\t\n\n\t<div id=\"col-1946263151\" class=\"col medium-8 small-12 large-8\"  >\n\t\t\t\t<div class=\"col-inner\"  >\n\t\t\t\n\t\t\t\n<h3>La soluzione: ecoturbino<\/h3>\n<p>ecoturbino offre una soluzione semplice ed efficiente a questo problema. La tecnologia \u00e8 stata sviluppata per ridurre<strong> il consumo d'acqua durante le docce di ben il 40%.<\/strong> senza che gli utenti debbano rinunciare al comfort della doccia. Ecco alcuni dei vantaggi che ecoturbino offre a tutti:<\/p>\n<ul>\n<li><strong>Riduzione dei costi:<\/strong> ecoturbino consente a tutti di ridurre significativamente i costi dell'acqua e dell'energia. Riducendo il consumo di acqua, \u00e8 necessario riscaldarne di meno, con conseguente riduzione dei costi energetici. La riduzione dei costi dell'acqua rappresenta un ulteriore vantaggio finanziario.<\/li>\n<li><strong>Rispettoso dell'ambiente:<\/strong> Riducendo il consumo di acqua e risparmiando energia, ecoturbino contribuisce alla tutela dell'ambiente. Contribuisce a ridurre il consumo di acqua e a diminuire le emissioni di CO2, contribuendo alla conservazione dell'ambiente.<\/li>\n<li><strong>Breve periodo di ammortamento:<\/strong> I costi di acquisto dell'ecoturbino sono bassi e il risparmio sui costi dell'acqua e dell'energia ripaga l'investimento in breve tempo. \u00c8 una decisione economicamente sensata per aziende, alberghi, famiglie, club, ospedali, case di cura e molti altri.<\/li>\n<li><strong>Nessun compromesso sul piacere della doccia:<\/strong> Nonostante la riduzione del consumo d'acqua, ecoturbino continua a garantire un'esperienza di doccia piacevole e rilassante. Il getto d'acqua rimane forte e piacevole senza compromettere la qualit\u00e0 della doccia.<\/li>\n<\/ul>\n\t\t<\/div>\n\t\t\t\t\t<\/div>\n\n\t\n<\/div>\n\t<div id=\"gap-1439503397\" class=\"gap-element clearfix\" style=\"display:block; height:auto;\">\n\t\t\n<style>\n#gap-1439503397 {\n  padding-top: 30px;\n}\n<\/style>\n\t<\/div>\n\t\n<div class=\"row\"  id=\"row-1597591144\">\n\n\t<div id=\"col-61489963\" class=\"col medium-6 small-12 large-6\"  >\n\t\t\t\t<div class=\"col-inner\"  >\n\t\t\t\n\t\t\t\n<h3>Ulteriori vantaggi di ecoturbino<\/h3>\n<p>L'ecoturbino offre ulteriori vantaggi oltre al risparmio economico. Contribuisce alla conservazione delle risorse idriche e <strong>ridurre il carico sugli impianti di trattamento delle acque reflue<\/strong>. Ci\u00f2 \u00e8 particolarmente importante in tempi in cui la scarsit\u00e0 d'acqua e l'impatto ambientale sono sempre pi\u00f9 diffusi.<\/p>\n\t\t<\/div>\n\t\t\t\t\t<\/div>\n\n\t\n\n\t<div id=\"col-538803203\" class=\"col medium-6 small-12 large-6\"  >\n\t\t\t\t<div class=\"col-inner\" style=\"background-color:#c0d63d;\" >\n\t\t\t\n\t\t\t\n\t<div id=\"text-353364907\" class=\"text\">\n\t\t\n<h4 class=\"uppercase\">CONCLUSIONE<\/h4>\n\t\t\n<style>\n#text-353364907 {\n  font-size: 2rem;\n  text-align: right;\n  color: rgb(255, 255, 255);\n}\n#text-353364907 > * {\n  color: rgb(255, 255, 255);\n}\n@media (min-width:550px) {\n  #text-353364907 {\n    font-size: 3.5rem;\n  }\n}\n<\/style>\n\t<\/div>\n\t\n<h3>ecoturbino - Una vittoria per tutti, <a href=\"https:\/\/www.google.com\/aclk?sa=l&amp;ai=DChcSEwizlIz2qdWDAxXtm1oFHdKnCJEYABAAGgJ2dQ&amp;ase=2&amp;gclid=Cj0KCQiAwP6sBhDAARIsAPfK_watGz1qAKakOF_2c21Sq6uC66UaUaL18vzWqCx2GV9fPAC4TGya1OQaAgj9EALw_wcB&amp;ei=1t2fZZTQN4yJ9u8PsZifyAM&amp;sig=AOD64_3tZ_HBVO8lhe659upTWIB85jM_VA&amp;q&amp;sqi=2&amp;nis=4&amp;adurl&amp;ved=2ahUKEwiUk4L2qdWDAxWMhP0HHTHMBzkQ0Qx6BAgIEAE\" target=\"_blank\" rel=\"noopener sponsored\">Certificato T\u00dcV<\/a> calcolo dell'ammortamento<\/h3>\n<p><strong>ecoturbino \u00e8 una soluzione innovativa per risparmiare acqua, costi energetici e acque reflue,<\/strong> senza compromettere il piacere della doccia. Questa tecnologia \u00e8 adatta a imprese, hotel, famiglie, club, ospedali, case di cura e molti altri.<\/p>\n<blockquote>\n<p>Con ecoturbino, tutti noi possiamo contribuire alla tutela dell'ambiente riducendo al contempo il nostro onere finanziario.<\/p>\n<\/blockquote>\n<p>\u00c8 ora di assumerci la responsabilit\u00e0 delle nostre risorse e di fare un passo avanti verso la sostenibilit\u00e0.<\/p>\n\t\t<\/div>\n\t\t\t\t\n<style>\n#col-538803203 > .col-inner {\n  padding: 10px 20px 1px 25px;\n  border-radius: 10px;\n}\n<\/style>\n\t<\/div>\n\n\t\n<\/div>\n\t\t<\/div>\n\t\t\t\t\n<style>\n#col-520298051 > .col-inner {\n  margin: 0px 0px -125px 0px;\n}\n@media (min-width:550px) {\n  #col-520298051 > .col-inner {\n    margin: 0px 0px -200px 0px;\n  }\n}\n<\/style>\n\t<\/div>\n\n\t\n<\/div>\n\t\t<\/div>\n\n\t\t\n<style>\n#section_1745986644 {\n  padding-top: 30px;\n  padding-bottom: 30px;\n}\n<\/style>\n\t<\/section>\n\t\n\n\t<section class=\"section\" id=\"section_549114851\">\n\t\t<div class=\"section-bg fill\" >\n\t\t\t<img decoding=\"async\" width=\"1920\" height=\"683\" src=\"https:\/\/ecoturbino.world\/wp-content\/uploads\/2025\/12\/ecoturbino-function_1920-1.webp\" class=\"bg attachment- size-\" alt=\"funzione ecoturbino\" \/>\t\t\t\t\t\t<div class=\"section-bg-overlay absolute fill\"><\/div>\n\t\t\t\n\n\t\t<\/div>\n\n\t\t\t<div class=\"ux-shape-divider ux-shape-divider--top ux-shape-divider--style-waves-opacity\">\n\t\t<svg viewbox=\"0 0 1000 300\" xmlns=\"http:\/\/www.w3.org\/2000\/svg\" preserveaspectratio=\"none\">\n    <path class=\"ux-shape-fill\" d=\"M0 300L-1 69.71C216 57 299.47 198.86 403 226C506 253 577 196 660 197C740 198 790.09 234.07 874 267C935.23 291 982 282.61 1000 277.61V300H0Z\"\/>\n    <path class=\"ux-shape-fill\" opacity=\"0.5\" d=\"M1 265.094L0 50.5C217 37.79 300.47 186.36 404 213.5C507 240.5 578 196.5 661 197.5C741 198.5 787.59 239.57 871.5 272.5C932.73 296.5 980.5 284.5 998.5 279.5V298.5L1 265.094Z\"\/>\n    <path class=\"ux-shape-fill\" opacity=\"0.15\" d=\"M0.999878 244.094L-0.00012207 27C217 14.29 300.47 173.86 404 201C507 228 578 196 661 197C741 198 787.59 243.07 871.5 276C932.73 300 980.5 284.5 998.5 279.5V299L0.999878 244.094Z\"\/>\n<\/svg>\n\n\t<\/div>\n\n\n\t\t<div class=\"section-content relative\">\n\t\t\t\n\t\t<\/div>\n\n\t\t\n<style>\n#section_549114851 {\n  padding-top: 125px;\n  padding-bottom: 125px;\n}\n#section_549114851 .section-bg-overlay {\n  background-color: rgba(0, 0, 0, 0.25);\n}\n#section_549114851 .ux-shape-divider--top svg {\n  height: 80px;\n  --divider-top-width: 100%;\n}\n@media (min-width:550px) {\n  #section_549114851 {\n    padding-top: 200px;\n    padding-bottom: 200px;\n  }\n  #section_549114851 .ux-shape-divider--top svg {\n    height: 124px;\n  }\n}\n<\/style>\n\t<\/section>","protected":false},"excerpt":{"rendered":"","protected":false},"author":2,"featured_media":1680,"parent":0,"menu_order":0,"comment_status":"closed","ping_status":"closed","template":"page-blank.php","meta":{"inline_featured_image":false,"footnotes":""},"class_list":["post-1212","page","type-page","status-publish","has-post-thumbnail","hentry"],"_links":{"self":[{"href":"https:\/\/ecoturbino.world\/it\/wp-json\/wp\/v2\/pages\/1212","targetHints":{"allow":["GET"]}}],"collection":[{"href":"https:\/\/ecoturbino.world\/it\/wp-json\/wp\/v2\/pages"}],"about":[{"href":"https:\/\/ecoturbino.world\/it\/wp-json\/wp\/v2\/types\/page"}],"author":[{"embeddable":true,"href":"https:\/\/ecoturbino.world\/it\/wp-json\/wp\/v2\/users\/2"}],"replies":[{"embeddable":true,"href":"https:\/\/ecoturbino.world\/it\/wp-json\/wp\/v2\/comments?post=1212"}],"version-history":[{"count":0,"href":"https:\/\/ecoturbino.world\/it\/wp-json\/wp\/v2\/pages\/1212\/revisions"}],"wp:featuredmedia":[{"embeddable":true,"href":"https:\/\/ecoturbino.world\/it\/wp-json\/wp\/v2\/media\/1680"}],"wp:attachment":[{"href":"https:\/\/ecoturbino.world\/it\/wp-json\/wp\/v2\/media?parent=1212"}],"curies":[{"name":"wp","href":"https:\/\/api.w.org\/{rel}","templated":true}]}}