{"id":1207,"date":"2024-01-01T11:58:41","date_gmt":"2024-01-01T10:58:41","guid":{"rendered":"https:\/\/ecoturbino.eu\/?page_id=1207"},"modified":"2025-12-29T22:44:51","modified_gmt":"2025-12-29T21:44:51","slug":"impatto-4","status":"publish","type":"page","link":"https:\/\/ecoturbino.world\/it\/impact-4\/","title":{"rendered":"Pressione dell'acqua della doccia sufficiente per tutti (non \u00e8 un problema per le famiglie)"},"content":{"rendered":"<section class=\"section zindex1\" id=\"section_2043633460\">\n\t\t<div class=\"section-bg fill\" >\n\t\t\t\t\t\t\t\t\t\n\t\t\t\n\n\t\t<\/div>\n\n\t\t\n\n\t\t<div class=\"section-content relative\">\n\t\t\t\n<div class=\"row row-small\"  id=\"row-1249932479\">\n\n\t<div id=\"col-1441793278\" class=\"col medium-9 small-12 large-9\"  >\n\t\t\t\t<div class=\"col-inner\"  >\n\t\t\t\n\t\t\t\n<h1 class=\"uppercase\">Pressione dell'acqua sufficiente per tutti (solo per le aziende)<\/h1>\n<h3 class=\"thin-font\">il quarto impatto del sistema ecoturbino\u00ae per il risparmio idrico e la tutela dell'ambiente<\/h3>\n<div class=\"row\"  id=\"row-1420976086\">\n\n\t<div id=\"col-1298546465\" class=\"col medium-11 small-12 large-11\"  >\n\t\t\t\t<div class=\"col-inner\"  >\n\t\t\t\n\t\t\t\n\t<div id=\"stack-2870918785\" class=\"stack stack-row justify-start items-start\">\n\t\t\n\t<div class=\"img has-hover x md-x lg-x y md-y lg-y\" id=\"image_1419806384\">\n\t\t<a class=\"\" href=\"\/it\/impatto-1\/\" >\t\t\t\t\t\t<div class=\"img-inner image-color dark\" >\n\t\t\t<img decoding=\"async\" width=\"100\" height=\"100\" src=\"https:\/\/ecoturbino.world\/wp-content\/uploads\/2024\/01\/impact1.svg\" class=\"attachment-original size-original\" alt=\"\" \/>\t\t\t\t\t\t\n\t\t\t\t\t<\/div>\n\t\t\t\t\t\t<\/a>\t\t\n<style>\n#image_1419806384 {\n  width: 100%;\n}\n<\/style>\n\t<\/div>\n\t\n\t<div class=\"img has-hover x md-x lg-x y md-y lg-y\" id=\"image_631365885\">\n\t\t<a class=\"\" href=\"\/it\/impatto-2\/\" >\t\t\t\t\t\t<div class=\"img-inner image-color dark\" >\n\t\t\t<img decoding=\"async\" width=\"100\" height=\"100\" src=\"https:\/\/ecoturbino.world\/wp-content\/uploads\/2024\/01\/impact2.svg\" class=\"attachment-original size-original\" alt=\"\" \/>\t\t\t\t\t\t\n\t\t\t\t\t<\/div>\n\t\t\t\t\t\t<\/a>\t\t\n<style>\n#image_631365885 {\n  width: 100%;\n}\n<\/style>\n\t<\/div>\n\t\n\t<div class=\"img has-hover x md-x lg-x y md-y lg-y\" id=\"image_1317159643\">\n\t\t<a class=\"\" href=\"\/it\/impatto-3\/\" >\t\t\t\t\t\t<div class=\"img-inner image-color dark\" >\n\t\t\t<img decoding=\"async\" width=\"100\" height=\"100\" src=\"https:\/\/ecoturbino.world\/wp-content\/uploads\/2024\/01\/impact3.svg\" class=\"attachment-original size-original\" alt=\"Impatto 3 di ecoturbino\" \/>\t\t\t\t\t\t\n\t\t\t\t\t<\/div>\n\t\t\t\t\t\t<\/a>\t\t\n<style>\n#image_1317159643 {\n  width: 100%;\n}\n<\/style>\n\t<\/div>\n\t\n\t<div class=\"img has-hover x md-x lg-x y md-y lg-y\" id=\"image_851700109\">\n\t\t\t\t\t\t\t\t<div class=\"img-inner dark\" >\n\t\t\t<img decoding=\"async\" width=\"100\" height=\"100\" src=\"https:\/\/ecoturbino.world\/wp-content\/uploads\/2024\/01\/impact4.svg\" class=\"attachment-original size-original\" alt=\"Impatto 4 di ecoturbino\" \/>\t\t\t\t\t\t\n\t\t\t\t\t<\/div>\n\t\t\t\t\t\t\t\t\n<style>\n#image_851700109 {\n  width: 100%;\n}\n<\/style>\n\t<\/div>\n\t\n\t<div class=\"img has-hover x md-x lg-x y md-y lg-y\" id=\"image_1638748144\">\n\t\t<a class=\"\" href=\"\/it\/impatto-5\/\" >\t\t\t\t\t\t<div class=\"img-inner image-color dark\" >\n\t\t\t<img decoding=\"async\" width=\"100\" height=\"100\" src=\"https:\/\/ecoturbino.world\/wp-content\/uploads\/2024\/01\/impact5.svg\" class=\"attachment-original size-original\" alt=\"\" \/>\t\t\t\t\t\t\n\t\t\t\t\t<\/div>\n\t\t\t\t\t\t<\/a>\t\t\n<style>\n#image_1638748144 {\n  width: 100%;\n}\n<\/style>\n\t<\/div>\n\t\n\t<div class=\"img has-hover x md-x lg-x y md-y lg-y\" id=\"image_2016029034\">\n\t\t<a class=\"\" href=\"\/it\/impatto-6\/\" >\t\t\t\t\t\t<div class=\"img-inner image-color dark\" >\n\t\t\t<img decoding=\"async\" width=\"100\" height=\"100\" src=\"https:\/\/ecoturbino.world\/wp-content\/uploads\/2024\/01\/impact6.svg\" class=\"attachment-original size-original\" alt=\"Impatto 6 di ecoturbino\" \/>\t\t\t\t\t\t\n\t\t\t\t\t<\/div>\n\t\t\t\t\t\t<\/a>\t\t\n<style>\n#image_2016029034 {\n  width: 100%;\n}\n<\/style>\n\t<\/div>\n\t\n\t<div class=\"img has-hover x md-x lg-x y md-y lg-y\" id=\"image_2067358038\">\n\t\t<a class=\"\" href=\"\/it\/impatto-7\/\" >\t\t\t\t\t\t<div class=\"img-inner image-color dark\" >\n\t\t\t<img decoding=\"async\" width=\"100\" height=\"100\" src=\"https:\/\/ecoturbino.world\/wp-content\/uploads\/2024\/01\/impact7.svg\" class=\"attachment-original size-original\" alt=\"Impatto 7 di ecoturbino\" \/>\t\t\t\t\t\t\n\t\t\t\t\t<\/div>\n\t\t\t\t\t\t<\/a>\t\t\n<style>\n#image_2067358038 {\n  width: 100%;\n}\n<\/style>\n\t<\/div>\n\t\n\t\t\n<style>\n#stack-2870918785 > * {\n  --stack-gap: 0.5rem;\n}\n@media (min-width:550px) {\n  #stack-2870918785 > * {\n    --stack-gap: 1rem;\n  }\n}\n<\/style>\n\t<\/div>\n\t\n\t\t<\/div>\n\t\t\t\t\t<\/div>\n\n\t\n<\/div>\n\t\t<\/div>\n\t\t\t\t\t<\/div>\n\n\t\n\n\t<div id=\"col-300467088\" class=\"col medium-3 small-12 large-3\"  >\n\t\t\t\t<div class=\"col-inner\"  >\n\t\t\t\n\t\t\t\n\t<div class=\"img has-hover x md-x lg-x y md-y lg-y\" id=\"image_2129488936\">\n\t\t\t\t\t\t\t\t<div class=\"img-inner dark\" >\n\t\t\t<img decoding=\"async\" width=\"100\" height=\"100\" src=\"https:\/\/ecoturbino.world\/wp-content\/uploads\/2024\/01\/impact4.svg\" class=\"attachment-original size-original\" alt=\"Impatto 4 di ecoturbino\" \/>\t\t\t\t\t\t\n\t\t\t\t\t<\/div>\n\t\t\t\t\t\t\t\t\n<style>\n#image_2129488936 {\n  width: 100%;\n}\n<\/style>\n\t<\/div>\n\t\n\t\t<\/div>\n\t\t\t\t\t<\/div>\n\n\t\n<\/div>\n<div class=\"row\"  id=\"row-1676239780\">\n\n\t<div id=\"col-280650390\" class=\"col small-12 large-12\"  >\n\t\t\t\t<div class=\"col-inner\"  >\n\t\t\t\n\t\t\t\n<div class=\"is-divider divider clearfix\" style=\"max-width:100%;height:1px;\"><\/div>\n<h3><span style=\"font-size: 120%;\">Soluzioni efficaci per le docce negli hotel, <a href=\"https:\/\/ecoturbino.world\/it\/directory-mondo\/categorie\/residenze-per-studenti\/\" target=\"_blank\" rel=\"noopener\">Dormitori per studenti<\/a>, club e centri fitness: ecoturbino per una maggiore soddisfazione<\/span><\/h3>\n<p>In <strong>In hotel, club e centri fitness, l'approvvigionamento di acqua calda pu\u00f2 spesso diventare un vero problema,<\/strong> soprattutto quando tutti gli ospiti o i membri <strong>vogliono fare la doccia contemporaneamente<\/strong>. Dopo lo sport, lo sci o prima di cena, le persone si precipitano alle docce, e il<a href=\"https:\/\/en.wikipedia.org\/wiki\/Plumbing#Water_pipes\" target=\"_blank\" rel=\"noopener sponsored\"> tubi dell'acqua<\/a> pu\u00f2 solo fornire<strong> capacit\u00e0 idrica limitata.<\/strong><\/p>\n<blockquote>\n<p>Quando troppe persone fanno la doccia contemporaneamente, la pressione dell'acqua diminuisce notevolmente e l'esperienza della doccia viene rovinata. Questo porta a clienti o ospiti insoddisfatti e pu\u00f2 avere un impatto negativo sulla reputazione della struttura.<\/p>\n<\/blockquote>\n<p>Questo \u00e8 il punto in cui il <strong>entra in gioco la tecnologia innovativa di ecoturbino,<\/strong> riducendo il consumo di acqua delle docce del 40%, mantenendo la pressione dell'acqua e garantendo la soddisfazione di clienti e ospiti.<\/p>\n\t<div id=\"gap-1980163199\" class=\"gap-element clearfix\" style=\"display:block; height:auto;\">\n\t\t\n<style>\n#gap-1980163199 {\n  padding-top: 30px;\n}\n<\/style>\n\t<\/div>\n\t\n<div class=\"row\"  id=\"row-639861422\">\n\n\t<div id=\"col-26469226\" class=\"col medium-4 small-12 large-4\"  >\n\t\t\t\t<div class=\"col-inner\"  >\n\t\t\t\n\t\t\t\n\t<div class=\"img has-hover radius10 x md-x lg-x y md-y lg-y\" id=\"image_1269096841\">\n\t\t\t\t\t\t\t\t<div class=\"img-inner dark\" >\n\t\t\t<img decoding=\"async\" width=\"600\" height=\"600\" src=\"https:\/\/ecoturbino.world\/wp-content\/uploads\/2024\/01\/hotel-floor_600.webp\" class=\"attachment-original size-original\" alt=\"Simbolo del piano dell&#039;hotel\" srcset=\"https:\/\/ecoturbino.world\/wp-content\/uploads\/2024\/01\/hotel-floor_600.webp 600w, https:\/\/ecoturbino.world\/wp-content\/uploads\/2024\/01\/hotel-floor_600-500x500.webp 500w, https:\/\/ecoturbino.world\/wp-content\/uploads\/2024\/01\/hotel-floor_600-32x32.webp 32w, https:\/\/ecoturbino.world\/wp-content\/uploads\/2024\/01\/hotel-floor_600-48x48.webp 48w, https:\/\/ecoturbino.world\/wp-content\/uploads\/2024\/01\/hotel-floor_600-80x80.webp 80w, https:\/\/ecoturbino.world\/wp-content\/uploads\/2024\/01\/hotel-floor_600-180x180.webp 180w\" sizes=\"(max-width: 600px) 100vw, 600px\" \/>\t\t\t\t\t\t\n\t\t\t\t\t<\/div>\n\t\t\t\t\t\t\t\t\n<style>\n#image_1269096841 {\n  width: 100%;\n}\n<\/style>\n\t<\/div>\n\t\n\t\t<\/div>\n\t\t\t\t\t<\/div>\n\n\t\n\n\t<div id=\"col-2100919061\" class=\"col medium-8 small-12 large-8\"  >\n\t\t\t\t<div class=\"col-inner\"  >\n\t\t\t\n\t\t\t\n<h3>Il problema della capacit\u00e0 idrica limitata<\/h3>\n<p>La limitata capacit\u00e0 idrica delle tubature e dei sistemi di erogazione dell'acqua calda negli hotel, nei club e nei centri fitness \u00e8 un problema comune. <strong>pu\u00f2 portare a situazioni frustranti.<\/strong><\/p>\n<p>Quando tutti vogliono <strong>doccia allo stesso tempo, la pressione dell'acqua pu\u00f2 diminuire<\/strong> tanto che il getto d'acqua diventa un semplice rivolo. Il piacere di fare la doccia viene meno e <strong>gli ospiti o i membri sono delusi<\/strong>. Ci\u00f2 pu\u00f2 influire sulla soddisfazione dei clienti e compromettere la reputazione della struttura.<\/p>\n<ul>\n<li><strong>Corridoi lunghi:<\/strong> Spesso molte stanze sono collegate a un'unica tubatura e l'aumento dell'utilizzo dell'acqua in prossimit\u00e0 del punto di ingresso della tubatura si traduce spesso in un aumento del consumo di acqua. <strong>sottofornitura nei punti di utilizzo pi\u00f9 distanti,<\/strong> un problema comune negli edifici pi\u00f9 vecchi. La soluzione: L'installazione del sistema ecoturbino garantisce una distribuzione uniforme dell'acqua in tutti i punti di utilizzo, anche negli edifici a pi\u00f9 piani!<\/li>\n<li>La soluzione semplice: il sistema ecoturbino<\/li>\n<\/ul>\n\t\t<\/div>\n\t\t\t\t\t<\/div>\n\n\t\n<\/div>\n\t<div id=\"gap-1242450189\" class=\"gap-element clearfix\" style=\"display:block; height:auto;\">\n\t\t\n<style>\n#gap-1242450189 {\n  padding-top: 30px;\n}\n<\/style>\n\t<\/div>\n\t\n<div class=\"row\"  id=\"row-1014292814\">\n\n\t<div id=\"col-1665817311\" class=\"col medium-6 small-12 large-6\"  >\n\t\t\t\t<div class=\"col-inner\" style=\"background-color:rgb(255,255,255);\" >\n\t\t\t\n\t\t\t\n<p>ecoturbino \u00e8 una soluzione efficace a questo problema diffuso. La tecnologia \u00e8 stata sviluppata per ridurre il consumo d'acqua della doccia di un impressionante 40%, senza influire sulla pressione dell'acqua. Ecco alcuni dei vantaggi che ecoturbino offre a hotel, club e centri fitness:<\/p>\n<ul>\n<li><strong>Conservazione della pressione dell'acqua:<\/strong> ecoturbino garantisce il mantenimento della pressione dell'acqua anche quando pi\u00f9 persone fanno la doccia contemporaneamente. Ci\u00f2 significa che tutti gli ospiti o i soci possono godere di un flusso d'acqua forte e piacevole senza dover scendere a compromessi a causa della limitata disponibilit\u00e0 d'acqua.<\/li>\n<li><strong>Clienti e ospiti soddisfatti:<\/strong> ecoturbino garantisce clienti e ospiti soddisfatti. Possono godersi appieno l'esperienza della doccia senza preoccuparsi della pressione dell'acqua. Questo porta a <strong>passaparola positivo<\/strong> e rafforza la reputazione della struttura.<\/li>\n<li><strong>Risparmio idrico:<\/strong> Nonostante il mantenimento della pressione dell'acqua, <strong>ecoturbino riduce significativamente il consumo di acqua.<\/strong> Ci\u00f2 contribuisce a preservare le risorse idriche e a ridurre i costi dell'acqua.<\/li>\n<li><strong>Risparmio energetico:<\/strong> Poich\u00e9 \u00e8 necessario riscaldare meno acqua per ottenere acqua calda per la doccia, si riducono anche i costi energetici. Questo non solo \u00e8 vantaggioso per l'ambiente, ma anche per il bilancio della struttura.<\/li>\n<li><strong>Facile installazione:<\/strong> ecoturbino pu\u00f2 essere installato in modo semplice ed economico senza bisogno di grandi ristrutturazioni. L'investimento si ripaga rapidamente grazie ai risparmi ottenuti.<\/li>\n<\/ul>\n\t\t<\/div>\n\t\t\t\t\n<style>\n#col-1665817311 > .col-inner {\n  padding: 15px 15px 15px 15px;\n  border-radius: 10px;\n}\n<\/style>\n\t<\/div>\n\n\t\n\n\t<div id=\"col-82153687\" class=\"col medium-6 small-12 large-6\"  >\n\t\t\t\t<div class=\"col-inner\" style=\"background-color:#c0d63d;\" >\n\t\t\t\n\t\t\t\n\t<div id=\"text-684753306\" class=\"text\">\n\t\t\n<h4 class=\"uppercase\">CONCLUSIONE<\/h4>\n\t\t\n<style>\n#text-684753306 {\n  font-size: 2rem;\n  text-align: right;\n  color: rgb(255, 255, 255);\n}\n#text-684753306 > * {\n  color: rgb(255, 255, 255);\n}\n@media (min-width:550px) {\n  #text-684753306 {\n    font-size: 3.5rem;\n    text-align: right;\n  }\n}\n<\/style>\n\t<\/div>\n\t\n<h3>Pi\u00f9 soddisfazione, meno costi<\/h3>\n<p>La tecnologia ecoturbino \u00e8 un<strong> soluzione ideale per hotel, club e centri fitness<\/strong>e a tutti coloro che hanno a che fare con una capacit\u00e0 idrica limitata. Non solo <strong>garantisce clienti e ospiti soddisfatti<\/strong> ma consente anche un notevole risparmio idrico e una riduzione dei costi energetici.<\/p>\n<p>Con ecoturbino, le strutture possono migliorare i loro servizi e contemporaneamente ridurre i costi: una situazione vantaggiosa per tutti.<\/p>\n\t\t<\/div>\n\t\t\t\t\n<style>\n#col-82153687 > .col-inner {\n  padding: 10px 20px 1px 25px;\n  border-radius: 10px;\n}\n<\/style>\n\t<\/div>\n\n\t\n<\/div>\n\t\t<\/div>\n\t\t\t\t\n<style>\n#col-280650390 > .col-inner {\n  margin: 0px 0px -125px 0px;\n}\n@media (min-width:550px) {\n  #col-280650390 > .col-inner {\n    margin: 0px 0px -200px 0px;\n  }\n}\n<\/style>\n\t<\/div>\n\n\t\n<\/div>\n\t\t<\/div>\n\n\t\t\n<style>\n#section_2043633460 {\n  padding-top: 30px;\n  padding-bottom: 30px;\n}\n<\/style>\n\t<\/section>\n\t\n\n\t<section class=\"section\" id=\"section_929661277\">\n\t\t<div class=\"section-bg fill\" >\n\t\t\t<img decoding=\"async\" width=\"1920\" height=\"683\" src=\"https:\/\/ecoturbino.world\/wp-content\/uploads\/2025\/12\/ecoturbino-function_1920-1.webp\" class=\"bg attachment- size-\" alt=\"funzione ecoturbino\" \/>\t\t\t\t\t\t<div class=\"section-bg-overlay absolute fill\"><\/div>\n\t\t\t\n\n\t\t<\/div>\n\n\t\t\t<div class=\"ux-shape-divider ux-shape-divider--top ux-shape-divider--style-waves-opacity\">\n\t\t<svg viewbox=\"0 0 1000 300\" xmlns=\"http:\/\/www.w3.org\/2000\/svg\" preserveaspectratio=\"none\">\n    <path class=\"ux-shape-fill\" d=\"M0 300L-1 69.71C216 57 299.47 198.86 403 226C506 253 577 196 660 197C740 198 790.09 234.07 874 267C935.23 291 982 282.61 1000 277.61V300H0Z\"\/>\n    <path class=\"ux-shape-fill\" opacity=\"0.5\" d=\"M1 265.094L0 50.5C217 37.79 300.47 186.36 404 213.5C507 240.5 578 196.5 661 197.5C741 198.5 787.59 239.57 871.5 272.5C932.73 296.5 980.5 284.5 998.5 279.5V298.5L1 265.094Z\"\/>\n    <path class=\"ux-shape-fill\" opacity=\"0.15\" d=\"M0.999878 244.094L-0.00012207 27C217 14.29 300.47 173.86 404 201C507 228 578 196 661 197C741 198 787.59 243.07 871.5 276C932.73 300 980.5 284.5 998.5 279.5V299L0.999878 244.094Z\"\/>\n<\/svg>\n\n\t<\/div>\n\n\n\t\t<div class=\"section-content relative\">\n\t\t\t\n\t\t<\/div>\n\n\t\t\n<style>\n#section_929661277 {\n  padding-top: 125px;\n  padding-bottom: 125px;\n}\n#section_929661277 .section-bg-overlay {\n  background-color: rgba(0, 0, 0, 0.25);\n}\n#section_929661277 .ux-shape-divider--top svg {\n  height: 80px;\n  --divider-top-width: 100%;\n}\n@media (min-width:550px) {\n  #section_929661277 {\n    padding-top: 300px;\n    padding-bottom: 300px;\n  }\n  #section_929661277 .ux-shape-divider--top svg {\n    height: 124px;\n  }\n}\n<\/style>\n\t<\/section>","protected":false},"excerpt":{"rendered":"","protected":false},"author":2,"featured_media":1688,"parent":0,"menu_order":0,"comment_status":"closed","ping_status":"closed","template":"page-blank.php","meta":{"inline_featured_image":false,"footnotes":""},"class_list":["post-1207","page","type-page","status-publish","has-post-thumbnail","hentry"],"_links":{"self":[{"href":"https:\/\/ecoturbino.world\/it\/wp-json\/wp\/v2\/pages\/1207","targetHints":{"allow":["GET"]}}],"collection":[{"href":"https:\/\/ecoturbino.world\/it\/wp-json\/wp\/v2\/pages"}],"about":[{"href":"https:\/\/ecoturbino.world\/it\/wp-json\/wp\/v2\/types\/page"}],"author":[{"embeddable":true,"href":"https:\/\/ecoturbino.world\/it\/wp-json\/wp\/v2\/users\/2"}],"replies":[{"embeddable":true,"href":"https:\/\/ecoturbino.world\/it\/wp-json\/wp\/v2\/comments?post=1207"}],"version-history":[{"count":0,"href":"https:\/\/ecoturbino.world\/it\/wp-json\/wp\/v2\/pages\/1207\/revisions"}],"wp:featuredmedia":[{"embeddable":true,"href":"https:\/\/ecoturbino.world\/it\/wp-json\/wp\/v2\/media\/1688"}],"wp:attachment":[{"href":"https:\/\/ecoturbino.world\/it\/wp-json\/wp\/v2\/media?parent=1207"}],"curies":[{"name":"wp","href":"https:\/\/api.w.org\/{rel}","templated":true}]}}