{"id":1198,"date":"2024-01-01T11:46:22","date_gmt":"2024-01-01T10:46:22","guid":{"rendered":"https:\/\/ecoturbino.eu\/?page_id=1198"},"modified":"2024-01-16T00:49:38","modified_gmt":"2024-01-15T23:49:38","slug":"impatto-2","status":"publish","type":"page","link":"https:\/\/ecoturbino.world\/it\/impact-2\/","title":{"rendered":"Igiene ottimizzata e visibile nelle docce | soffioni doccia"},"content":{"rendered":"<section class=\"section zindex1\" id=\"section_49886666\">\n\t\t<div class=\"section-bg fill\" >\n\t\t\t\t\t\t\t\t\t\n\t\t\t\n\n\t\t<\/div>\n\n\t\t\n\n\t\t<div class=\"section-content relative\">\n\t\t\t\n<div class=\"row row-small\"  id=\"row-1481739165\">\n\n\t<div id=\"col-1579113929\" class=\"col medium-9 small-12 large-9\"  >\n\t\t\t\t<div class=\"col-inner\"  >\n\t\t\t\n\t\t\t\n<h1 class=\"uppercase\">Igiene ottimizzata e visibile IN DOCCE E BAGNO<\/h1>\n<h3 class=\"thin-font\">il secondo impatto del sistema ecoturbino\u00ae per il risparmio idrico e la tutela dell'ambiente<\/h3>\n<div class=\"row\"  id=\"row-998742201\">\n\n\t<div id=\"col-2071195821\" class=\"col medium-11 small-12 large-11\"  >\n\t\t\t\t<div class=\"col-inner\"  >\n\t\t\t\n\t\t\t\n\t<div id=\"stack-2312942872\" class=\"stack stack-row justify-start items-start\">\n\t\t\n\t<div class=\"img has-hover x md-x lg-x y md-y lg-y\" id=\"image_1343949016\">\n\t\t<a class=\"\" href=\"\/it\/impatto-1\/\" >\t\t\t\t\t\t<div class=\"img-inner image-color dark\" >\n\t\t\t<img decoding=\"async\" width=\"100\" height=\"100\" src=\"https:\/\/ecoturbino.world\/wp-content\/uploads\/2024\/01\/impact1.svg\" class=\"attachment-original size-original\" alt=\"\" \/>\t\t\t\t\t\t\n\t\t\t\t\t<\/div>\n\t\t\t\t\t\t<\/a>\t\t\n<style>\n#image_1343949016 {\n  width: 100%;\n}\n<\/style>\n\t<\/div>\n\t\n\t<div class=\"img has-hover x md-x lg-x y md-y lg-y\" id=\"image_1183075448\">\n\t\t\t\t\t\t\t\t<div class=\"img-inner dark\" >\n\t\t\t<img decoding=\"async\" width=\"100\" height=\"100\" src=\"https:\/\/ecoturbino.world\/wp-content\/uploads\/2024\/01\/impact2.svg\" class=\"attachment-original size-original\" alt=\"\" \/>\t\t\t\t\t\t\n\t\t\t\t\t<\/div>\n\t\t\t\t\t\t\t\t\n<style>\n#image_1183075448 {\n  width: 100%;\n}\n<\/style>\n\t<\/div>\n\t\n\t<div class=\"img has-hover x md-x lg-x y md-y lg-y\" id=\"image_485394552\">\n\t\t<a class=\"\" href=\"\/it\/impatto-3\/\" >\t\t\t\t\t\t<div class=\"img-inner image-color dark\" >\n\t\t\t<img decoding=\"async\" width=\"100\" height=\"100\" src=\"https:\/\/ecoturbino.world\/wp-content\/uploads\/2024\/01\/impact3.svg\" class=\"attachment-original size-original\" alt=\"Impatto 3 di ecoturbino\" \/>\t\t\t\t\t\t\n\t\t\t\t\t<\/div>\n\t\t\t\t\t\t<\/a>\t\t\n<style>\n#image_485394552 {\n  width: 100%;\n}\n<\/style>\n\t<\/div>\n\t\n\t<div class=\"img has-hover x md-x lg-x y md-y lg-y\" id=\"image_1961692931\">\n\t\t<a class=\"\" href=\"\/it\/impatto-4\/\" >\t\t\t\t\t\t<div class=\"img-inner image-color dark\" >\n\t\t\t<img decoding=\"async\" width=\"100\" height=\"100\" src=\"https:\/\/ecoturbino.world\/wp-content\/uploads\/2024\/01\/impact4.svg\" class=\"attachment-original size-original\" alt=\"Impatto 4 di ecoturbino\" \/>\t\t\t\t\t\t\n\t\t\t\t\t<\/div>\n\t\t\t\t\t\t<\/a>\t\t\n<style>\n#image_1961692931 {\n  width: 100%;\n}\n<\/style>\n\t<\/div>\n\t\n\t<div class=\"img has-hover x md-x lg-x y md-y lg-y\" id=\"image_2052803641\">\n\t\t<a class=\"\" href=\"\/it\/impatto-5\/\" >\t\t\t\t\t\t<div class=\"img-inner image-color dark\" >\n\t\t\t<img decoding=\"async\" width=\"100\" height=\"100\" src=\"https:\/\/ecoturbino.world\/wp-content\/uploads\/2024\/01\/impact5.svg\" class=\"attachment-original size-original\" alt=\"\" \/>\t\t\t\t\t\t\n\t\t\t\t\t<\/div>\n\t\t\t\t\t\t<\/a>\t\t\n<style>\n#image_2052803641 {\n  width: 100%;\n}\n<\/style>\n\t<\/div>\n\t\n\t<div class=\"img has-hover x md-x lg-x y md-y lg-y\" id=\"image_366955224\">\n\t\t<a class=\"\" href=\"\/it\/impatto-6\/\" >\t\t\t\t\t\t<div class=\"img-inner image-color dark\" >\n\t\t\t<img decoding=\"async\" width=\"100\" height=\"100\" src=\"https:\/\/ecoturbino.world\/wp-content\/uploads\/2024\/01\/impact6.svg\" class=\"attachment-original size-original\" alt=\"Impatto 6 di ecoturbino\" \/>\t\t\t\t\t\t\n\t\t\t\t\t<\/div>\n\t\t\t\t\t\t<\/a>\t\t\n<style>\n#image_366955224 {\n  width: 100%;\n}\n<\/style>\n\t<\/div>\n\t\n\t<div class=\"img has-hover x md-x lg-x y md-y lg-y\" id=\"image_354616565\">\n\t\t<a class=\"\" href=\"\/it\/impatto-7\/\" >\t\t\t\t\t\t<div class=\"img-inner image-color dark\" >\n\t\t\t<img decoding=\"async\" width=\"100\" height=\"100\" src=\"https:\/\/ecoturbino.world\/wp-content\/uploads\/2024\/01\/impact7.svg\" class=\"attachment-original size-original\" alt=\"Impatto 7 di ecoturbino\" \/>\t\t\t\t\t\t\n\t\t\t\t\t<\/div>\n\t\t\t\t\t\t<\/a>\t\t\n<style>\n#image_354616565 {\n  width: 100%;\n}\n<\/style>\n\t<\/div>\n\t\n\t\t\n<style>\n#stack-2312942872 > * {\n  --stack-gap: 0.5rem;\n}\n@media (min-width:550px) {\n  #stack-2312942872 > * {\n    --stack-gap: 1rem;\n  }\n}\n<\/style>\n\t<\/div>\n\t\n\t\t<\/div>\n\t\t\t\t\t<\/div>\n\n\t\n<\/div>\n\t\t<\/div>\n\t\t\t\t\t<\/div>\n\n\t\n\n\t<div id=\"col-1996505058\" class=\"col medium-3 small-12 large-3\"  >\n\t\t\t\t<div class=\"col-inner\"  >\n\t\t\t\n\t\t\t\n\t<div class=\"img has-hover x md-x lg-x y md-y lg-y\" id=\"image_324423175\">\n\t\t\t\t\t\t\t\t<div class=\"img-inner dark\" >\n\t\t\t<img decoding=\"async\" width=\"100\" height=\"100\" src=\"https:\/\/ecoturbino.world\/wp-content\/uploads\/2024\/01\/impact2.svg\" class=\"attachment-original size-original\" alt=\"\" \/>\t\t\t\t\t\t\n\t\t\t\t\t<\/div>\n\t\t\t\t\t\t\t\t\n<style>\n#image_324423175 {\n  width: 100%;\n}\n<\/style>\n\t<\/div>\n\t\n\t\t<\/div>\n\t\t\t\t\t<\/div>\n\n\t\n<\/div>\n<div class=\"row\"  id=\"row-1068415452\">\n\n\t<div id=\"col-2013448538\" class=\"col small-12 large-12\"  >\n\t\t\t\t<div class=\"col-inner\"  >\n\t\t\t\n\t\t\t\n<div class=\"is-divider divider clearfix\" style=\"max-width:100%;height:1px;\"><\/div>\n<h3><span style=\"font-size: 120%;\">I soffioni e i tubi flessibili puliti sono indispensabili per garantire l'igiene delle docce in hotel, case, impianti sportivi, ecc.<\/span><\/h3>\n<p>Il <strong>esperienza della doccia<\/strong> gioca un ruolo centrale nel nostro benessere, sia a casa che in albergo o in altre strutture ricettive.<\/p>\n<p>Una doccia rilassante al mattino o dopo una lunga giornata pu\u00f2 fare la differenza tra una buona e una grande giornata. Ma cosa succede se la <strong>soffioni e tubi flessibili<\/strong> che usiamo per pulirci sono loro stessi <strong>contaminato da batteri<\/strong>?<\/p>\n<p>Questo problema non solo pu\u00f2 essere <strong>antigienico<\/strong> ma anche <strong>rischi per la salute (contaminazione da legionella).<\/strong> \u00c8 qui che entra in gioco l'innovativa tecnologia dell'ecoturbino, che non solo <strong>garantire la pulizia igienica dei soffioni e dei tubi flessibili della doccia<\/strong> ma anche di minimizzare gli sforzi di pulizia, ridurre il calcare e i depositi e promuovere la salute, soprattutto in termini di rischio di legionella.<\/p>\n\t<div id=\"gap-1943212691\" class=\"gap-element clearfix\" style=\"display:block; height:auto;\">\n\t\t\n<style>\n#gap-1943212691 {\n  padding-top: 30px;\n}\n<\/style>\n\t<\/div>\n\t\n<div class=\"row\"  id=\"row-516339069\">\n\n\t<div id=\"col-1990310344\" class=\"col medium-4 small-12 large-4\"  >\n\t\t\t\t<div class=\"col-inner\"  >\n\t\t\t\n\t\t\t\n\t<div class=\"img has-hover radius10 x md-x lg-x y md-y lg-y\" id=\"image_1945048037\">\n\t\t\t\t\t\t\t\t<div class=\"img-inner dark\" >\n\t\t\t<img decoding=\"async\" width=\"600\" height=\"600\" src=\"https:\/\/ecoturbino.world\/wp-content\/uploads\/2024\/01\/shower-head_600.webp\" class=\"attachment-original size-original\" alt=\"\" srcset=\"https:\/\/ecoturbino.world\/wp-content\/uploads\/2024\/01\/shower-head_600.webp 600w, https:\/\/ecoturbino.world\/wp-content\/uploads\/2024\/01\/shower-head_600-500x500.webp 500w, https:\/\/ecoturbino.world\/wp-content\/uploads\/2024\/01\/shower-head_600-32x32.webp 32w, https:\/\/ecoturbino.world\/wp-content\/uploads\/2024\/01\/shower-head_600-48x48.webp 48w, https:\/\/ecoturbino.world\/wp-content\/uploads\/2024\/01\/shower-head_600-80x80.webp 80w, https:\/\/ecoturbino.world\/wp-content\/uploads\/2024\/01\/shower-head_600-180x180.webp 180w\" sizes=\"(max-width: 600px) 100vw, 600px\" \/>\t\t\t\t\t\t\n\t\t\t\t\t<\/div>\n\t\t\t\t\t\t\t\t\n<style>\n#image_1945048037 {\n  width: 100%;\n}\n<\/style>\n\t<\/div>\n\t\n\t\t<\/div>\n\t\t\t\t\t<\/div>\n\n\t\n\n\t<div id=\"col-10438915\" class=\"col medium-8 small-12 large-8\"  >\n\t\t\t\t<div class=\"col-inner\"  >\n\t\t\t\n\t\t\t\n<h3>Perch\u00e9 i soffioni e i tubi flessibili si contaminano con i batteri?<\/h3>\n<p>I soffioni e i tubi flessibili sono soggetti a contaminazione batterica per diversi motivi. Il motivo principale \u00e8 <strong>acqua stagnante.<\/strong> Quando l'acqua ristagna nelle tubature e nel soffione della doccia, si crea una <strong>terreno di coltura ideale per i batteri<\/strong> e altri microrganismi.<\/p>\n<p>Quando i soffioni e i tubi della doccia non vengono utilizzati, come ad esempio quando si va in vacanza, la temperatura dell'acqua nella stanza non \u00e8 pi\u00f9 cos\u00ec alta. <strong>I sistemi di riscaldamento salgono naturalmente a temperatura ambiente, aumentando la contaminazione e la crescita della legionella.<\/strong> da un multiplo - un terreno di coltura ottimale per i batteri!<\/p>\n<p>Questi batteri possono moltiplicarsi rapidamente in un ambiente caldo e umido e possono<strong> causare problemi di salute (come <a href=\"https:\/\/en.wikipedia.org\/wiki\/Pneumonia\" target=\"_blank\" rel=\"noopener sponsored\">polmonite<\/a><\/strong>). Un altro problema \u00e8 la<strong> formazione di calcare<\/strong> e altri depositi, che non solo hanno un aspetto antiestetico, ma anche <strong>influiscono sulle prestazioni del soffione<\/strong> e pu\u00f2 portare a una distribuzione dell'acqua non uniforme.<\/p>\n\t\t<\/div>\n\t\t\t\t\t<\/div>\n\n\t\n<\/div>\n<div class=\"row\"  id=\"row-1150914956\">\n\n\t<div id=\"col-985782850\" class=\"col medium-6 small-12 large-6\"  >\n\t\t\t\t<div class=\"col-inner\"  >\n\t\t\t\n\t\t\t\n<h3>La soluzione per soffioni e tubi flessibili puliti: ecoturbino\u00ae<\/h3>\n<p>La tecnologia Ecoturbino offre una soluzione efficace a questi problemi. \u00c8 progettata per scaricare continuamente i soffioni e i tubi flessibili per evitare il ristagno dell'acqua. Questo comporta diversi vantaggi:<\/p>\n<ul>\n<li><strong>Igiene:<\/strong> Lo scarico continuo dei soffioni e dei tubi flessibili dopo la doccia riduce notevolmente il rischio di contaminazione batterica. Senza acqua stagnante nel soffione, batteri e microrganismi non hanno terreno di coltura.<\/li>\n<li><strong>Sforzo di pulizia:<\/strong> Il noioso compito di pulire regolarmente i soffioni e i tubi flessibili per evitare depositi e accumuli di calcare viene in gran parte eliminato. Ci\u00f2 consente di risparmiare tempo e fatica. L'impegno per la manutenzione \u00e8 notevolmente ridotto!<\/li>\n<li><strong>Calcare e depositi:<\/strong> La tecnologia Ecoturbino contribuisce inoltre a ridurre il calcare e i depositi nei soffioni e nei tubi flessibili. Questo non solo migliora la durata di vita dell'apparecchiatura doccia, ma garantisce anche un flusso d'acqua costante e prestazioni ottimali.<\/li>\n<li><strong>Salute:<\/strong> Ridurre il rischio di legionella \u00e8 particolarmente importante. La legionella \u00e8 un batterio che si moltiplica nell'acqua stagnante e pu\u00f2 causare gravi problemi di salute se inalato attraverso gli aerosol. Ecoturbino aiuta a minimizzare questo rischio e a proteggere la salute degli utenti.<\/li>\n<li><strong>Pulizia visiva:<\/strong> I soffioni che vengono svuotati continuamente dalla tecnologia ecoturbina rimangono sempre visivamente puliti e accattivanti. Ci\u00f2 contribuisce all'estetica complessiva del bagno.<\/li>\n<\/ul>\n\t\t<\/div>\n\t\t\t\t\t<\/div>\n\n\t\n\n\t<div id=\"col-89239302\" class=\"col medium-6 small-12 large-6\"  >\n\t\t\t\t<div class=\"col-inner\" style=\"background-color:#c0d63d;\" >\n\t\t\t\n\t\t\t\n\t<div id=\"text-3035218286\" class=\"text\">\n\t\t\n<h4 class=\"uppercase\">CONCLUSIONE<\/h4>\n\t\t\n<style>\n#text-3035218286 {\n  font-size: 2rem;\n  text-align: right;\n  color: rgb(255, 255, 255);\n}\n#text-3035218286 > * {\n  color: rgb(255, 255, 255);\n}\n@media (min-width:850px) {\n  #text-3035218286 {\n    font-size: 3.5rem;\n  }\n}\n<\/style>\n\t<\/div>\n\t\n<h3>Igiene perfetta del bagno e non solo grazie a ecoturbino<\/h3>\n<p><strong>ecoturbino<\/strong> non solo fornisce <strong>soffioni igienicamente puliti<\/strong> e tubi, ma contribuisce anche all'igiene generale del bagno. Riducendo il ristagno dell'acqua e i problemi batterici associati, si migliora l'igiene generale del bagno.<\/p>\n<p>Questo \u00e8 particolarmente importante in strutture come <strong>alberghi, case di cura, <a href=\"https:\/\/ecoturbino.world\/it\/directory-mondo\/categorie\/medico\/\" target=\"_blank\" rel=\"noopener\">cliniche<\/a>, e pensioni<\/strong>, cos\u00ec come le attivit\u00e0 stagionali e le strutture sportive, dove la sicurezza e il comfort degli ospiti e dei pazienti sono le priorit\u00e0 assolute.<\/p>\n<p>Nel complesso, ecoturbino \u00e8 un<strong> soluzione innovativa a un problema spesso trascurato<\/strong> problema. Soffioni e tubi flessibili puliti non sono solo <strong>esteticamente gradevole<\/strong> ma anche essenziale per la salute e il benessere degli utenti.<\/p>\n<p>Con ecoturbino, \u00e8 possibile elevare la<strong> esperienza di doccia in hotel, case<\/strong>e altre strutture ricettive ad un nuovo livello, mentre<strong> ottimizzare l'igiene del bagno.<\/strong><\/p>\n\t\t<\/div>\n\t\t\t\t\n<style>\n#col-89239302 > .col-inner {\n  padding: 10px 20px 1px 25px;\n  border-radius: 10px;\n}\n<\/style>\n\t<\/div>\n\n\t\n<\/div>\n<div class=\"video video-fit mb\" style=\"padding-top:56.25%;\"><p><iframe title=\"Il modo pi\u00f9 semplice per pulire il soffione della doccia\ud83d\udca5 (RISULTATO INCREDIBILE)!!!\" width=\"1020\" height=\"574\" src=\"https:\/\/www.youtube.com\/embed\/J7uwCSF8Ym0?feature=oembed\" frameborder=\"0\" allow=\"accelerometer; autoplay; clipboard-write; encrypted-media; gyroscope; picture-in-picture; web-share\" referrerpolicy=\"strict-origin-when-cross-origin\" allowfullscreen><\/iframe><\/p>\n<\/div>\n\t\t<\/div>\n\t\t\t\t\t<\/div>\n\n\t\n<\/div>\n\t\t<\/div>\n\n\t\t\n<style>\n#section_49886666 {\n  padding-top: 30px;\n  padding-bottom: 30px;\n}\n<\/style>\n\t<\/section>","protected":false},"excerpt":{"rendered":"","protected":false},"author":2,"featured_media":1533,"parent":0,"menu_order":0,"comment_status":"closed","ping_status":"closed","template":"page-blank.php","meta":{"inline_featured_image":false,"footnotes":""},"class_list":["post-1198","page","type-page","status-publish","has-post-thumbnail","hentry"],"_links":{"self":[{"href":"https:\/\/ecoturbino.world\/it\/wp-json\/wp\/v2\/pages\/1198","targetHints":{"allow":["GET"]}}],"collection":[{"href":"https:\/\/ecoturbino.world\/it\/wp-json\/wp\/v2\/pages"}],"about":[{"href":"https:\/\/ecoturbino.world\/it\/wp-json\/wp\/v2\/types\/page"}],"author":[{"embeddable":true,"href":"https:\/\/ecoturbino.world\/it\/wp-json\/wp\/v2\/users\/2"}],"replies":[{"embeddable":true,"href":"https:\/\/ecoturbino.world\/it\/wp-json\/wp\/v2\/comments?post=1198"}],"version-history":[{"count":0,"href":"https:\/\/ecoturbino.world\/it\/wp-json\/wp\/v2\/pages\/1198\/revisions"}],"wp:featuredmedia":[{"embeddable":true,"href":"https:\/\/ecoturbino.world\/it\/wp-json\/wp\/v2\/media\/1533"}],"wp:attachment":[{"href":"https:\/\/ecoturbino.world\/it\/wp-json\/wp\/v2\/media?parent=1198"}],"curies":[{"name":"wp","href":"https:\/\/api.w.org\/{rel}","templated":true}]}}