{"id":4988,"date":"2026-02-03T13:36:00","date_gmt":"2026-02-03T12:36:00","guid":{"rendered":"https:\/\/ecoturbino.world\/?page_id=4988"},"modified":"2026-02-04T00:11:14","modified_gmt":"2026-02-03T23:11:14","slug":"eredmeny","status":"publish","type":"page","link":"https:\/\/ecoturbino.world\/hu\/result\/","title":{"rendered":"Eredm\u00e9ny oldal"},"content":{"rendered":"<div class=\"row align-right\"  id=\"row-597840488\">\n\n\t<div id=\"col-26611497\" class=\"col hide-for-medium medium-5 small-12 large-5\"  >\n\t\t\t\t<div class=\"col-inner\"  >\n\t\t\t\n\t<div class=\"is-border\"\n\t\tstyle=\"border-color:rgb(20, 153, 214);border-radius:5px;border-width:1px 1px 1px 1px;\">\n\t<\/div>\n\t\t\t\n\n\n\n\t<div id=\"gap-1554972520\" class=\"gap-element clearfix\" style=\"display:block; height:auto;\">\n\t\t\n<style>\n#gap-1554972520 {\n  padding-top: 15px;\n}\n<\/style>\n\t<\/div>\n\t\n<div class=\"accordion\">\n\t<div id=\"accordion-2154873815\" class=\"accordion-item\">\n\t\t<a id=\"accordion-2154873815-label\" class=\"accordion-title plain\" href=\"#accordion-item-ecoturbino\u00ae-by-country\" aria-expanded=\"false\" aria-controls=\"accordion-2154873815-content\">\n\t\t\t<button class=\"toggle\" aria-label=\"Toggle\"><i class=\"icon-angle-down\" aria-hidden=\"true\"><\/i><\/button>\n\t\t\t<span>ecoturbino\u00ae orsz\u00e1gonk\u00e9nt<\/span>\n\t\t<\/a>\n\t\t<div id=\"accordion-2154873815-content\" class=\"accordion-inner\" aria-labelledby=\"accordion-2154873815-label\">\n\t\t\t\n<a href=\"https:\/\/ecoturbino.world\/hu\/directory-world\/helyszinek\/ausztria\/\" class=\"button primary is-outline is-small expand\" style=\"border-radius:10px;\">\n\t\t<span>Ausztria<\/span>\n\t<\/a>\n\n<a href=\"https:\/\/ecoturbino.world\/hu\/directory-world\/helyszinek\/bahrain\/\" class=\"button primary is-outline is-small expand\" style=\"border-radius:10px;\">\n\t\t<span>Bahrein<\/span>\n\t<\/a>\n\n<a href=\"https:\/\/ecoturbino.world\/hu\/directory-world\/helyszinek\/horvatorszag\/\" class=\"button primary is-outline is-small expand\" style=\"border-radius:10px;\">\n\t\t<span>Horv\u00e1torsz\u00e1g<\/span>\n\t<\/a>\n\n<a href=\"https:\/\/ecoturbino.world\/hu\/directory-world\/helyszinek\/nemetorszag\/\" class=\"button primary is-outline is-small expand\" style=\"border-radius:10px;\">\n\t\t<span>N\u00e9metorsz\u00e1g<\/span>\n\t<\/a>\n\n<a href=\"https:\/\/ecoturbino.world\/hu\/directory-world\/helyszinek\/magyarorszag\/\" class=\"button primary is-outline is-small expand\" style=\"border-radius:10px;\">\n\t\t<span>Magyarorsz\u00e1g<\/span>\n\t<\/a>\n\n<a href=\"https:\/\/ecoturbino.world\/hu\/directory-world\/helyszinek\/irorszag\/\" class=\"button primary is-outline is-small expand\" style=\"border-radius:10px;\">\n\t\t<span>\u00cdrorsz\u00e1g<\/span>\n\t<\/a>\n\n<a href=\"https:\/\/ecoturbino.world\/hu\/directory-world\/helyszinek\/olaszorszag\/\" class=\"button primary is-outline is-small expand\" style=\"border-radius:10px;\">\n\t\t<span>Olaszorsz\u00e1g<\/span>\n\t<\/a>\n\n<a href=\"https:\/\/ecoturbino.world\/hu\/directory-world\/helyszinek\/lettorszag\/\" class=\"button primary is-outline is-small expand\" style=\"border-radius:10px;\">\n\t\t<span>Lettorsz\u00e1g<\/span>\n\t<\/a>\n\n<a href=\"https:\/\/ecoturbino.world\/hu\/directory-world\/helyszinek\/luxemburg\/\" class=\"button primary is-outline is-small expand\" style=\"border-radius:10px;\">\n\t\t<span>Luxemburg<\/span>\n\t<\/a>\n\n<a href=\"https:\/\/ecoturbino.world\/hu\/directory-world\/helyszinek\/malta\/\" class=\"button primary is-outline is-small expand\" style=\"border-radius:10px;\">\n\t\t<span>M\u00e1lta<\/span>\n\t<\/a>\n\n<a href=\"https:\/\/ecoturbino.world\/hu\/directory-world\/helyszinek\/szlovenia\/\" class=\"button primary is-outline is-small expand\" style=\"border-radius:10px;\">\n\t\t<span>Szlov\u00e9nia<\/span>\n\t<\/a>\n\n<a href=\"https:\/\/ecoturbino.world\/hu\/directory-world\/helyszinek\/spanyolorszag\/\" class=\"button primary is-outline is-small expand\" style=\"border-radius:10px;\">\n\t\t<span>Spanyolorsz\u00e1g<\/span>\n\t<\/a>\n\n<a href=\"https:\/\/ecoturbino.world\/hu\/directory-world\/helyszinek\/svajc\/\" class=\"button primary is-outline is-small expand\" style=\"border-radius:10px;\">\n\t\t<span>Sv\u00e1jc<\/span>\n\t<\/a>\n\n<a href=\"https:\/\/ecoturbino.world\/hu\/directory-world\/helyszinek\/del-korea\/\" class=\"button primary is-outline is-small expand\" style=\"border-radius:10px;\">\n\t\t<span>D\u00e9l-Korea<\/span>\n\t<\/a>\n\n<a href=\"https:\/\/ecoturbino.world\/hu\/directory-world\/helyszinek\/pulyka\/\" class=\"button primary is-outline is-small expand\" style=\"border-radius:10px;\">\n\t\t<span>T\u00f6r\u00f6korsz\u00e1g<\/span>\n\t<\/a>\n\n<a href=\"https:\/\/ecoturbino.world\/hu\/directory-world\/helyszinek\/egyesult-arab-emirsegek\/\" class=\"button primary is-outline is-small expand\" style=\"border-radius:10px;\">\n\t\t<span>Egyes\u00fclt Arab Em\u00edrs\u00e9gek<\/span>\n\t<\/a>\n\n\t\t<\/div>\n\t<\/div>\n\t\n<\/div>\n\t\t<\/div>\n\t\t\t\t\n<style>\n#col-26611497 > .col-inner {\n  padding: 15px 15px 15px 15px;\n  margin: 12px 0px 0px 0px;\n}\n<\/style>\n\t<\/div>\n\n\t\n\n\t<div id=\"col-1283290315\" class=\"col medium-12 small-12 large-7\"  >\n\t\t\t\t<div class=\"col-inner\"  >\n\t\t\t\n\t\t\t\n\n<div id='wpdreams_asp_results_3'><\/div>\n\n\t<div id=\"gap-71958915\" class=\"gap-element clearfix\" style=\"display:block; height:auto;\">\n\t\t\n<style>\n#gap-71958915 {\n  padding-top: 30px;\n}\n<\/style>\n\t<\/div>\n\t\n\t\t<\/div>\n\t\t\t\t\t<\/div>\n\n\t\n<\/div>","protected":false},"excerpt":{"rendered":"","protected":false},"author":1,"featured_media":0,"parent":0,"menu_order":0,"comment_status":"closed","ping_status":"closed","template":"page-blank.php","meta":{"inline_featured_image":false,"footnotes":""},"class_list":["post-4988","page","type-page","status-publish","hentry"],"_links":{"self":[{"href":"https:\/\/ecoturbino.world\/hu\/wp-json\/wp\/v2\/pages\/4988","targetHints":{"allow":["GET"]}}],"collection":[{"href":"https:\/\/ecoturbino.world\/hu\/wp-json\/wp\/v2\/pages"}],"about":[{"href":"https:\/\/ecoturbino.world\/hu\/wp-json\/wp\/v2\/types\/page"}],"author":[{"embeddable":true,"href":"https:\/\/ecoturbino.world\/hu\/wp-json\/wp\/v2\/users\/1"}],"replies":[{"embeddable":true,"href":"https:\/\/ecoturbino.world\/hu\/wp-json\/wp\/v2\/comments?post=4988"}],"version-history":[{"count":1,"href":"https:\/\/ecoturbino.world\/hu\/wp-json\/wp\/v2\/pages\/4988\/revisions"}],"predecessor-version":[{"id":5052,"href":"https:\/\/ecoturbino.world\/hu\/wp-json\/wp\/v2\/pages\/4988\/revisions\/5052"}],"wp:attachment":[{"href":"https:\/\/ecoturbino.world\/hu\/wp-json\/wp\/v2\/media?parent=4988"}],"curies":[{"name":"wp","href":"https:\/\/api.w.org\/{rel}","templated":true}]}}