{"id":3924,"date":"2024-09-07T10:07:30","date_gmt":"2024-09-07T08:07:30","guid":{"rendered":"https:\/\/ecoturbino.world\/?page_id=3924"},"modified":"2024-09-09T18:45:32","modified_gmt":"2024-09-09T16:45:32","slug":"szallodai-eloadasok","status":"publish","type":"page","link":"https:\/\/ecoturbino.world\/hu\/hotel-presentations\/","title":{"rendered":"El\u0151ad\u00e1sok ecoturbino a sz\u00e1llod\u00e1k sz\u00e1m\u00e1ra | Technol\u00f3gia \u00e9s rendszer pdf"},"content":{"rendered":"<div class=\"banner has-hover\" id=\"banner-84810368\">\n          <div class=\"banner-inner fill\">\n        <div class=\"banner-bg fill\" >\n            <img decoding=\"async\" width=\"2000\" height=\"230\" src=\"https:\/\/ecoturbino.world\/wp-content\/uploads\/2024\/01\/wasser-faq-2000-sw.webp\" class=\"bg attachment-original size-original\" alt=\"V\u00edzgy\u0171jt\u0151\" \/>                                    \n                    <\/div>\n\t\t\n        <div class=\"banner-layers container\">\n            <div class=\"fill banner-link\"><\/div>            \n   <div id=\"text-box-2023371277\" class=\"text-box banner-layer x50 md-x50 lg-x50 y50 md-y50 lg-y50 res-text\">\n                                <div class=\"text-box-content text dark\">\n              \n              <div class=\"text-inner text-center\">\n                  \n\t<div id=\"text-3626566327\" class=\"text\">\n\t\t\n<h1>ecoturbino FOR HOTELEK | EL\u0150AD\u00c1SOK<\/h1>\n\t\t\n<style>\n#text-3626566327 {\n  font-size: 0.75rem;\n}\n@media (min-width:550px) {\n  #text-3626566327 {\n    font-size: 1rem;\n  }\n}\n<\/style>\n\t<\/div>\n\t\n              <\/div>\n           <\/div>\n                            \n<style>\n#text-box-2023371277 {\n  width: 80%;\n}\n#text-box-2023371277 .text-box-content {\n  font-size: 100%;\n}\n@media (min-width:550px) {\n  #text-box-2023371277 {\n    width: 67%;\n  }\n}\n@media (min-width:850px) {\n  #text-box-2023371277 {\n    width: 57%;\n  }\n}\n<\/style>\n    <\/div>\n \n        <\/div>\n      <\/div>\n\n            \n<style>\n#banner-84810368 {\n  padding-top: 110px;\n}\n#banner-84810368 .banner-bg img {\n  object-position: 78% 0%;\n}\n@media (min-width:550px) {\n  #banner-84810368 {\n    padding-top: 170px;\n  }\n}\n@media (min-width:850px) {\n  #banner-84810368 {\n    padding-top: 190px;\n  }\n}\n<\/style>\n  <\/div>\n\n\n<div class=\"row\"  id=\"row-1482255812\">\n\n\t<div id=\"col-2096922773\" class=\"col small-12 large-12\"  >\n\t\t\t\t<div class=\"col-inner text-left\"  >\n\t\t\t\n\t\t\t\n<h2>ecoturbino sz\u00e1llod\u00e1knak | V\u00edzmegtakar\u00edt\u00e1si rendszer bemutat\u00f3 pdf k\u00fcl\u00f6nb\u00f6z\u0151 nyelveken | Hogyan m\u0171k\u00f6dik r\u00e9szletesen!<\/h2>\n<div class=\"row\"  id=\"row-90805044\">\n\n\t<div id=\"col-2049590592\" class=\"col hide-for-small medium-8 small-12 large-8\"  >\n\t\t\t\t<div class=\"col-inner\"  >\n\t\t\t\n\t\t\t\n\t<div id=\"text-1931410065\" class=\"text hide-for-small\">\n\t\t\n<p>A <strong><a href=\"https:\/\/en.ecoturbino.shop\/water-savings-calculator\/\" target=\"_blank\" rel=\"noopener\">ecoturbino<\/a> ide\u00e1lis megold\u00e1s a <a href=\"https:\/\/ecoturbino.world\/hu\/directory-world\/kategoriak\/hotel\/\">sz\u00e1llod\u00e1k<\/a><\/strong> mivel jelent\u0151sen cs\u00f6kkenti a v\u00edz- \u00e9s energiak\u00f6lts\u00e9geket an\u00e9lk\u00fcl, hogy a vend\u00e9gek komfort\u00e9rzet\u00e9t vesz\u00e9lyeztetn\u00e9.<\/p>\n<p>Innovat\u00edv technol\u00f3gi\u00e1ja optimaliz\u00e1lja a v\u00edz\u00e1raml\u00e1st a zuhanyz\u00f3kban \u00e9s a csaptelepekben, <strong>a v\u00edzfogyaszt\u00e1s ak\u00e1r 50%-vel t\u00f6rt\u00e9n\u0151 cs\u00f6kkent\u00e9se<\/strong> a teljes v\u00edznyom\u00e1s fenntart\u00e1sa mellett. Ez a megtakar\u00edt\u00e1s k\u00f6zvetlen\u00fcl cs\u00f6kkenti az energiak\u00f6lts\u00e9geket, mivel kevesebb vizet kell felmeleg\u00edteni.<\/p>\n<blockquote><p>Ez az el\u0151ad\u00e1s seg\u00edt megismerni az ecoturbino-t, meg\u00e9rteni, hogyan m\u0171k\u00f6dik, \u00e9s mi\u00e9rt karbantart\u00e1smentes hossz\u00fa \u00e9vekig. Egy kis befektet\u00e9s - egy \u00e9letre sz\u00f3l\u00f3 nyeres\u00e9g.<\/p><\/blockquote>\n<p>Az olyan sz\u00e1llod\u00e1k eset\u00e9ben, amelyek<strong> naponta t\u00f6bb sz\u00e1z zuhanyz\u00f3 \u00e9s csaptelep,<\/strong> ezek a megtakar\u00edt\u00e1sok jelent\u0151s k\u00f6lts\u00e9gel\u0151ny\u00f6ket jelentenek.<\/p>\n<p>Ugyanakkor az ecoturbino seg\u00edt a k\u00f6rnyezet v\u00e9delm\u00e9ben, ami kulcsfontoss\u00e1g\u00fa t\u00e9nyez\u0151 a fenntarthat\u00f3s\u00e1got szem el\u0151tt tart\u00f3, \u00f6kol\u00f3giai m\u00e9rleg\u00fck jav\u00edt\u00e1s\u00e1ra t\u00f6rekv\u0151 sz\u00e1llod\u00e1k sz\u00e1m\u00e1ra. Ezenk\u00edv\u00fcl a <strong>az ecoturbino k\u00f6nnyen ut\u00f3lagosan felszerelhet\u0151<\/strong> \u00e9s nem okoz extra karbantart\u00e1si k\u00f6lts\u00e9geket.<\/p>\n<p>A sz\u00e1llod\u00e1k tov\u00e1bbra is haszn\u00e1lhatj\u00e1k <strong>megl\u00e9v\u0151 l\u00e9tes\u00edtm\u00e9nyek, an\u00e9lk\u00fcl, hogy kiterjedt fel\u00faj\u00edt\u00e1sokra lenne sz\u00fcks\u00e9g.<\/strong> Mivel a vend\u00e9gek nem vesznek \u00e9szre k\u00fcl\u00f6nbs\u00e9get a v\u00edz komfort\u00e9rzet\u00e9ben, az el\u00e9gedetts\u00e9g tov\u00e1bbra is magas, w<strong>h\u00edg a sz\u00e1lloda \u00f6kol\u00f3giai \u00e9s gazdas\u00e1gi szempontb\u00f3l egyar\u00e1nt el\u0151ny\u00f6s.<\/strong> A mai vil\u00e1gban, ahol a fenntarthat\u00f3s\u00e1g egyre fontosabb\u00e1 v\u00e1lik, az ecoturbino intelligens, k\u00f6lts\u00e9ghat\u00e9kony megold\u00e1st k\u00edn\u00e1l a vend\u00e9gl\u00e1t\u00f3ipar sz\u00e1m\u00e1ra.<br \/>\n\t\t\n<style>\n#text-1931410065 {\n  text-align: left;\n}\n<\/style>\n\t<\/div>\n\t\n\t\t<\/div>\n\t\t\t\t\t<\/div>\n\n\t\n\n\t<div id=\"col-791249720\" class=\"col hide-for-small medium-4 small-12 large-4\"  >\n\t\t\t\t<div class=\"col-inner\"  >\n\t\t\t\n\t\t\t\n<div class=\"is-divider divider clearfix\" ><\/div>\n<div class=\"row\"  id=\"row-923986691\">\n\n\t<div id=\"col-1006379121\" class=\"col medium-6 small-12 large-6\"  >\n\t\t\t\t<div class=\"col-inner text-center\"  >\n\t\t\t\n\t\t\t\n\t<div class=\"img has-hover x md-x lg-x y md-y lg-y\" id=\"image_326422145\">\n\t\t\t\t\t\t\t\t<div class=\"img-inner dark\" >\n\t\t\t<img decoding=\"async\" width=\"500\" height=\"102\" src=\"https:\/\/ecoturbino.world\/wp-content\/uploads\/2024\/07\/logo-ecoturbino_500.png\" class=\"attachment-large size-large\" alt=\"ecoturbino log\u00f3\" srcset=\"https:\/\/ecoturbino.world\/wp-content\/uploads\/2024\/07\/logo-ecoturbino_500.png 500w, https:\/\/ecoturbino.world\/wp-content\/uploads\/2024\/07\/logo-ecoturbino_500-240x49.png 240w\" sizes=\"(max-width: 500px) 100vw, 500px\" \/>\t\t\t\t\t\t\n\t\t\t\t\t<\/div>\n\t\t\t\t\t\t\t\t\n<style>\n#image_326422145 {\n  width: 100%;\n}\n<\/style>\n\t<\/div>\n\t\n\t<div class=\"img has-hover x md-x lg-x y md-y lg-y\" id=\"image_226440149\">\n\t\t<a class=\"\" href=\"https:\/\/ecoturbino.net\/\" target=\"_blank\" rel=\"noopener\">\t\t\t\t\t\t<div class=\"img-inner dark\" >\n\t\t\t<img decoding=\"async\" width=\"1020\" height=\"1020\" src=\"https:\/\/ecoturbino.world\/wp-content\/uploads\/2024\/06\/b2b-icon.svg\" class=\"attachment-large size-large\" alt=\"B2B ikon\" \/>\t\t\t\t\t\t\n\t\t\t\t\t<\/div>\n\t\t\t\t\t\t<\/a>\t\t\n<style>\n#image_226440149 {\n  width: 100%;\n}\n<\/style>\n\t<\/div>\n\t\n\t\t<\/div>\n\t\t\t\t\t<\/div>\n\n\t\n\n\t<div id=\"col-1495050914\" class=\"col medium-6 small-12 large-6\"  >\n\t\t\t\t<div class=\"col-inner text-center\"  >\n\t\t\t\n\t\t\t\n\t<div class=\"img has-hover x md-x lg-x y md-y lg-y\" id=\"image_1422379059\">\n\t\t\t\t\t\t\t\t<div class=\"img-inner dark\" >\n\t\t\t<img decoding=\"async\" width=\"1020\" height=\"1020\" src=\"https:\/\/ecoturbino.world\/wp-content\/uploads\/2024\/03\/impact1-7.svg\" class=\"attachment-large size-large\" alt=\"zuhanyok hat\u00e1sa 1-t\u0151l 7-ig ecoturbino\" \/>\t\t\t\t\t\t\n\t\t\t\t\t<\/div>\n\t\t\t\t\t\t\t\t\n<style>\n#image_1422379059 {\n  width: 77%;\n}\n<\/style>\n\t<\/div>\n\t\n\t\t<\/div>\n\t\t\t\t\t<\/div>\n\n\t\n<\/div>\n\t<div class=\"img has-hover x md-x lg-x y md-y lg-y\" id=\"image_801778726\">\n\t\t\t\t\t\t\t\t<div class=\"img-inner dark\" >\n\t\t\t<img decoding=\"async\" width=\"1020\" height=\"638\" src=\"https:\/\/ecoturbino.world\/wp-content\/uploads\/2024\/06\/Showerhead-hand-shower.webp\" class=\"attachment-large size-large\" alt=\"Zuhanyfej | v\u00edztakar\u00e9kos funkci\u00f3 kontra ecoturbino zuhanyadapter\" srcset=\"https:\/\/ecoturbino.world\/wp-content\/uploads\/2024\/06\/Showerhead-hand-shower.webp 1200w, https:\/\/ecoturbino.world\/wp-content\/uploads\/2024\/06\/Showerhead-hand-shower-1000x625.webp 1000w, https:\/\/ecoturbino.world\/wp-content\/uploads\/2024\/06\/Showerhead-hand-shower-768x480.webp 768w, https:\/\/ecoturbino.world\/wp-content\/uploads\/2024\/06\/Showerhead-hand-shower-240x150.webp 240w\" sizes=\"(max-width: 1020px) 100vw, 1020px\" \/>\t\t\t\t\t\t\n\t\t\t\t\t<\/div>\n\t\t\t\t\t\t\t\t\n<style>\n#image_801778726 {\n  width: 100%;\n}\n<\/style>\n\t<\/div>\n\t\n\t\t<\/div>\n\t\t\t\t\t<\/div>\n\n\t\n<\/div>\n<a href=\"https:\/\/ecoturbino.net\/\" target=\"_blank\" class=\"button primary expand\" rel=\"noopener\" style=\"border-radius:6px;\">\n\t\t<span>Tov\u00e1bbi k\u00e9rd\u00e9sek ? - Keresse meg az \u00d6n orsz\u00e1g\u00e1nak el\u00e9rhet\u0151s\u00e9g\u00e9t itt<\/span>\n\t<\/a>\n\n<div class=\"container section-title-container\" ><h3 class=\"section-title section-title-center\"><b aria-hidden=\"true\"><\/b><span class=\"section-title-main\" ><i class=\"icon-checkmark\" aria-hidden=\"true\"><\/i>El\u00e9rhet\u0151 ecoturbino rendszer magyar\u00e1z\u00f3 prezent\u00e1ci\u00f3k<\/span><b aria-hidden=\"true\"><\/b><\/h3><\/div>\n\n\t<section class=\"section\" id=\"section_348705977\">\n\t\t<div class=\"section-bg fill\" >\n\t\t\t\t\t\t\t\t\t\n\t\t\t\n\n\t\t<\/div>\n\n\t\t\n\n\t\t<div class=\"section-content relative\">\n\t\t\t\n<div class=\"row\"  id=\"row-692175813\">\n\n\t<div id=\"col-1608681665\" class=\"col medium-3 small-6 large-3\"  >\n\t\t\t\t<div class=\"col-inner\"  >\n\t\t\t\n\t\t\t\n\t<div class=\"box has-hover   has-hover box-vertical box-text-bottom\" >\n\n\t\t<div class=\"box-image\" >\n\t\t\t\t\t\t<div class=\"image-cover\" style=\"padding-top:120px;\">\n\t\t\t\t<img decoding=\"async\" width=\"400\" height=\"300\" src=\"https:\/\/ecoturbino.world\/wp-content\/uploads\/2024\/09\/presentations.webp\" class=\"attachment- size-\" alt=\"prezent\u00e1ci\u00f3k sz\u00e1llod\u00e1k sz\u00e1m\u00e1ra | el\u0151ny\u00f6k ecoturbino\" srcset=\"https:\/\/ecoturbino.world\/wp-content\/uploads\/2024\/09\/presentations.webp 400w, https:\/\/ecoturbino.world\/wp-content\/uploads\/2024\/09\/presentations-240x180.webp 240w\" sizes=\"(max-width: 400px) 100vw, 400px\" \/>\t\t\t\t\t\t\t\t\t\t\t<\/div>\n\t\t\t\t\t<\/div>\n\n\t\t<div class=\"box-text text-center\" style=\"background-color:rgba(228, 236, 210, 0.93);\">\n\t\t\t<div class=\"box-text-inner\">\n\t\t\t\t\n<h4>ANGOL<\/h4>\n\t<div class=\"img has-hover x md-x lg-x y md-y lg-y\" id=\"image_1009412204\">\n\t\t\t\t\t\t\t\t<div class=\"img-inner dark\" >\n\t\t\t<img decoding=\"async\" width=\"640\" height=\"384\" src=\"https:\/\/ecoturbino.world\/wp-content\/uploads\/2024\/09\/uk-flag-1.webp\" class=\"attachment-large size-large\" alt=\"\" srcset=\"https:\/\/ecoturbino.world\/wp-content\/uploads\/2024\/09\/uk-flag-1.webp 640w, https:\/\/ecoturbino.world\/wp-content\/uploads\/2024\/09\/uk-flag-1-240x144.webp 240w\" sizes=\"(max-width: 640px) 100vw, 640px\" \/>\t\t\t\t\t\t\n\t\t\t\t\t<\/div>\n\t\t\t\t\t\t\t\t\n<style>\n#image_1009412204 {\n  width: 100%;\n}\n<\/style>\n\t<\/div>\n\t\n\t\t\t<\/div>\n\t\t<\/div>\n\t<\/div>\n\t\n\t<div id=\"gap-732361984\" class=\"gap-element clearfix\" style=\"display:block; height:auto;\">\n\t\t\n<style>\n#gap-732361984 {\n  padding-top: 15px;\n}\n<\/style>\n\t<\/div>\n\t\n<a href=\"https:\/\/ecoturbino.world\/wp-content\/uploads\/2024\/09\/Prasentation-Hotel-EN_13.8.pdf\" target=\"_blank\" class=\"button secondary lowercase expand\" rel=\"noopener\" style=\"border-radius:5px;\">\n\t\t<span>PDF prezent\u00e1ci\u00f3<\/span>\n\t<\/a>\n\n\t\t<\/div>\n\t\t\t\t\n<style>\n#col-1608681665 > .col-inner {\n  margin: 0px 0px 0px 0px;\n}\n<\/style>\n\t<\/div>\n\n\t\n\n\t<div id=\"col-295074911\" class=\"col medium-3 small-6 large-3\"  >\n\t\t\t\t<div class=\"col-inner\"  >\n\t\t\t\n\t\t\t\n\t<div class=\"box has-hover   has-hover box-vertical box-text-bottom\" >\n\n\t\t<div class=\"box-image\" >\n\t\t\t\t\t\t<div class=\"image-cover\" style=\"padding-top:120px;\">\n\t\t\t\t<img decoding=\"async\" width=\"400\" height=\"300\" src=\"https:\/\/ecoturbino.world\/wp-content\/uploads\/2024\/09\/presentations.webp\" class=\"attachment- size-\" alt=\"prezent\u00e1ci\u00f3k sz\u00e1llod\u00e1k sz\u00e1m\u00e1ra | el\u0151ny\u00f6k ecoturbino\" srcset=\"https:\/\/ecoturbino.world\/wp-content\/uploads\/2024\/09\/presentations.webp 400w, https:\/\/ecoturbino.world\/wp-content\/uploads\/2024\/09\/presentations-240x180.webp 240w\" sizes=\"(max-width: 400px) 100vw, 400px\" \/>\t\t\t\t\t\t\t\t\t\t\t<\/div>\n\t\t\t\t\t<\/div>\n\n\t\t<div class=\"box-text text-center\" style=\"background-color:rgba(228, 236, 210, 0.93);\">\n\t\t\t<div class=\"box-text-inner\">\n\t\t\t\t\n<h4>SPANYOL<\/h4>\n\t<div class=\"img has-hover x md-x lg-x y md-y lg-y\" id=\"image_1892201672\">\n\t\t\t\t\t\t\t\t<div class=\"img-inner dark\" >\n\t\t\t<img decoding=\"async\" width=\"1020\" height=\"680\" src=\"https:\/\/ecoturbino.world\/wp-content\/uploads\/2024\/09\/flag-spain.webp\" class=\"attachment-large size-large\" alt=\"\" srcset=\"https:\/\/ecoturbino.world\/wp-content\/uploads\/2024\/09\/flag-spain.webp 1200w, https:\/\/ecoturbino.world\/wp-content\/uploads\/2024\/09\/flag-spain-1000x667.webp 1000w, https:\/\/ecoturbino.world\/wp-content\/uploads\/2024\/09\/flag-spain-768x512.webp 768w, https:\/\/ecoturbino.world\/wp-content\/uploads\/2024\/09\/flag-spain-240x160.webp 240w\" sizes=\"(max-width: 1020px) 100vw, 1020px\" \/>\t\t\t\t\t\t\n\t\t\t\t\t<\/div>\n\t\t\t\t\t\t\t\t\n<style>\n#image_1892201672 {\n  width: 100%;\n}\n<\/style>\n\t<\/div>\n\t\n\t\t\t<\/div>\n\t\t<\/div>\n\t<\/div>\n\t\n\t<div id=\"gap-236898776\" class=\"gap-element clearfix\" style=\"display:block; height:auto;\">\n\t\t\n<style>\n#gap-236898776 {\n  padding-top: 15px;\n}\n<\/style>\n\t<\/div>\n\t\n<a href=\"https:\/\/ecoturbino.world\/wp-content\/uploads\/2024\/09\/Prasentation-Hotel-ES_13.8.pdf\" target=\"_blank\" class=\"button secondary lowercase expand\" rel=\"noopener\" style=\"border-radius:5px;\">\n\t\t<span>PDF prezent\u00e1ci\u00f3<\/span>\n\t<\/a>\n\n\t\t<\/div>\n\t\t\t\t\n<style>\n#col-295074911 > .col-inner {\n  margin: 0px 0px 0px 0px;\n}\n<\/style>\n\t<\/div>\n\n\t\n\n\t<div id=\"col-912597826\" class=\"col medium-3 small-6 large-3\"  >\n\t\t\t\t<div class=\"col-inner\"  >\n\t\t\t\n\t\t\t\n\t<div class=\"box has-hover   has-hover box-vertical box-text-bottom\" >\n\n\t\t<div class=\"box-image\" >\n\t\t\t\t\t\t<div class=\"image-cover\" style=\"padding-top:120px;\">\n\t\t\t\t<img decoding=\"async\" width=\"400\" height=\"300\" src=\"https:\/\/ecoturbino.world\/wp-content\/uploads\/2024\/09\/presentations.webp\" class=\"attachment- size-\" alt=\"prezent\u00e1ci\u00f3k sz\u00e1llod\u00e1k sz\u00e1m\u00e1ra | el\u0151ny\u00f6k ecoturbino\" srcset=\"https:\/\/ecoturbino.world\/wp-content\/uploads\/2024\/09\/presentations.webp 400w, https:\/\/ecoturbino.world\/wp-content\/uploads\/2024\/09\/presentations-240x180.webp 240w\" sizes=\"(max-width: 400px) 100vw, 400px\" \/>\t\t\t\t\t\t\t\t\t\t\t<\/div>\n\t\t\t\t\t<\/div>\n\n\t\t<div class=\"box-text text-center\" style=\"background-color:rgba(228, 236, 210, 0.93);\">\n\t\t\t<div class=\"box-text-inner\">\n\t\t\t\t\n<h4>DUTCH<\/h4>\n\t<div class=\"img has-hover x md-x lg-x y md-y lg-y\" id=\"image_1294269011\">\n\t\t\t\t\t\t\t\t<div class=\"img-inner dark\" >\n\t\t\t<img decoding=\"async\" width=\"1020\" height=\"680\" src=\"https:\/\/ecoturbino.world\/wp-content\/uploads\/2024\/09\/flag-netherlands-1500x1000.png\" class=\"attachment-large size-large\" alt=\"\" srcset=\"https:\/\/ecoturbino.world\/wp-content\/uploads\/2024\/09\/flag-netherlands-1500x1000.png 1500w, https:\/\/ecoturbino.world\/wp-content\/uploads\/2024\/09\/flag-netherlands-1000x667.png 1000w, https:\/\/ecoturbino.world\/wp-content\/uploads\/2024\/09\/flag-netherlands-768x512.png 768w, https:\/\/ecoturbino.world\/wp-content\/uploads\/2024\/09\/flag-netherlands-1536x1024.png 1536w, https:\/\/ecoturbino.world\/wp-content\/uploads\/2024\/09\/flag-netherlands-240x160.png 240w, https:\/\/ecoturbino.world\/wp-content\/uploads\/2024\/09\/flag-netherlands.png 1920w\" sizes=\"(max-width: 1020px) 100vw, 1020px\" \/>\t\t\t\t\t\t\n\t\t\t\t\t<\/div>\n\t\t\t\t\t\t\t\t\n<style>\n#image_1294269011 {\n  width: 100%;\n}\n<\/style>\n\t<\/div>\n\t\n\t\t\t<\/div>\n\t\t<\/div>\n\t<\/div>\n\t\n\t<div id=\"gap-276363322\" class=\"gap-element clearfix\" style=\"display:block; height:auto;\">\n\t\t\n<style>\n#gap-276363322 {\n  padding-top: 15px;\n}\n<\/style>\n\t<\/div>\n\t\n<a href=\"https:\/\/ecoturbino.world\/wp-content\/uploads\/2024\/09\/Prasentation-Hotel-NL_13-8.pdf\" target=\"_blank\" class=\"button secondary lowercase expand\" rel=\"noopener\" style=\"border-radius:5px;\">\n\t\t<span>PDF prezent\u00e1ci\u00f3<\/span>\n\t<\/a>\n\n\t\t<\/div>\n\t\t\t\t\n<style>\n#col-912597826 > .col-inner {\n  margin: 0px 0px 0px 0px;\n}\n<\/style>\n\t<\/div>\n\n\t\n\n\t<div id=\"col-1609956875\" class=\"col medium-3 small-6 large-3\"  >\n\t\t\t\t<div class=\"col-inner\"  >\n\t\t\t\n\t\t\t\n\t<div class=\"box has-hover   has-hover box-vertical box-text-bottom\" >\n\n\t\t<div class=\"box-image\" >\n\t\t\t\t\t\t<div class=\"image-cover\" style=\"padding-top:120px;\">\n\t\t\t\t<img decoding=\"async\" width=\"400\" height=\"300\" src=\"https:\/\/ecoturbino.world\/wp-content\/uploads\/2024\/09\/presentations.webp\" class=\"attachment- size-\" alt=\"prezent\u00e1ci\u00f3k sz\u00e1llod\u00e1k sz\u00e1m\u00e1ra | el\u0151ny\u00f6k ecoturbino\" srcset=\"https:\/\/ecoturbino.world\/wp-content\/uploads\/2024\/09\/presentations.webp 400w, https:\/\/ecoturbino.world\/wp-content\/uploads\/2024\/09\/presentations-240x180.webp 240w\" sizes=\"(max-width: 400px) 100vw, 400px\" \/>\t\t\t\t\t\t\t\t\t\t\t<\/div>\n\t\t\t\t\t<\/div>\n\n\t\t<div class=\"box-text text-center\" style=\"background-color:rgba(228, 236, 210, 0.93);\">\n\t\t\t<div class=\"box-text-inner\">\n\t\t\t\t\n<h4>MAGYARORSZ\u00c1G<\/h4>\n\t<div class=\"img has-hover x md-x lg-x y md-y lg-y\" id=\"image_1758238541\">\n\t\t\t\t\t\t\t\t<div class=\"img-inner dark\" >\n\t\t\t<img decoding=\"async\" width=\"1020\" height=\"680\" src=\"https:\/\/ecoturbino.world\/wp-content\/uploads\/2024\/09\/flag-hungary-1500x1000.png\" class=\"attachment-large size-large\" alt=\"\" srcset=\"https:\/\/ecoturbino.world\/wp-content\/uploads\/2024\/09\/flag-hungary-1500x1000.png 1500w, https:\/\/ecoturbino.world\/wp-content\/uploads\/2024\/09\/flag-hungary-1000x667.png 1000w, https:\/\/ecoturbino.world\/wp-content\/uploads\/2024\/09\/flag-hungary-768x512.png 768w, https:\/\/ecoturbino.world\/wp-content\/uploads\/2024\/09\/flag-hungary-1536x1024.png 1536w, https:\/\/ecoturbino.world\/wp-content\/uploads\/2024\/09\/flag-hungary-240x160.png 240w, https:\/\/ecoturbino.world\/wp-content\/uploads\/2024\/09\/flag-hungary.png 1920w\" sizes=\"(max-width: 1020px) 100vw, 1020px\" \/>\t\t\t\t\t\t\n\t\t\t\t\t<\/div>\n\t\t\t\t\t\t\t\t\n<style>\n#image_1758238541 {\n  width: 100%;\n}\n<\/style>\n\t<\/div>\n\t\n\t\t\t<\/div>\n\t\t<\/div>\n\t<\/div>\n\t\n\t<div id=\"gap-621694360\" class=\"gap-element clearfix\" style=\"display:block; height:auto;\">\n\t\t\n<style>\n#gap-621694360 {\n  padding-top: 15px;\n}\n<\/style>\n\t<\/div>\n\t\n<a href=\"https:\/\/ecoturbino.world\/wp-content\/uploads\/2024\/09\/Prasentation-Hotel-HU_13.8.pdf\" target=\"_blank\" class=\"button secondary lowercase expand\" rel=\"noopener\" style=\"border-radius:5px;\">\n\t\t<span>PDF bemutat\u00f3PDF<\/span>\n\t<\/a>\n\n\t\t<\/div>\n\t\t\t\t\n<style>\n#col-1609956875 > .col-inner {\n  margin: 0px 0px 0px 0px;\n}\n<\/style>\n\t<\/div>\n\n\t\n\n\t<div id=\"col-365630875\" class=\"col medium-3 small-6 large-3\"  >\n\t\t\t\t<div class=\"col-inner\"  >\n\t\t\t\n\t\t\t\n\t<div class=\"box has-hover   has-hover box-vertical box-text-bottom\" >\n\n\t\t<div class=\"box-image\" >\n\t\t\t\t\t\t<div class=\"image-cover\" style=\"padding-top:120px;\">\n\t\t\t\t<img decoding=\"async\" width=\"400\" height=\"300\" src=\"https:\/\/ecoturbino.world\/wp-content\/uploads\/2024\/09\/presentations.webp\" class=\"attachment- size-\" alt=\"prezent\u00e1ci\u00f3k sz\u00e1llod\u00e1k sz\u00e1m\u00e1ra | el\u0151ny\u00f6k ecoturbino\" srcset=\"https:\/\/ecoturbino.world\/wp-content\/uploads\/2024\/09\/presentations.webp 400w, https:\/\/ecoturbino.world\/wp-content\/uploads\/2024\/09\/presentations-240x180.webp 240w\" sizes=\"(max-width: 400px) 100vw, 400px\" \/>\t\t\t\t\t\t\t\t\t\t\t<\/div>\n\t\t\t\t\t<\/div>\n\n\t\t<div class=\"box-text text-center\" style=\"background-color:rgba(228, 236, 210, 0.93);\">\n\t\t\t<div class=\"box-text-inner\">\n\t\t\t\t\n<h4>N\u00c9MET<\/h4>\n\t<div class=\"img has-hover x md-x lg-x y md-y lg-y\" id=\"image_1853592867\">\n\t\t\t\t\t\t\t\t<div class=\"img-inner dark\" >\n\t\t\t<img decoding=\"async\" width=\"1020\" height=\"612\" src=\"https:\/\/ecoturbino.world\/wp-content\/uploads\/2024\/09\/flag-germany.png\" class=\"attachment-large size-large\" alt=\"\" srcset=\"https:\/\/ecoturbino.world\/wp-content\/uploads\/2024\/09\/flag-germany.png 1200w, https:\/\/ecoturbino.world\/wp-content\/uploads\/2024\/09\/flag-germany-1000x600.png 1000w, https:\/\/ecoturbino.world\/wp-content\/uploads\/2024\/09\/flag-germany-768x461.png 768w, https:\/\/ecoturbino.world\/wp-content\/uploads\/2024\/09\/flag-germany-240x144.png 240w\" sizes=\"(max-width: 1020px) 100vw, 1020px\" \/>\t\t\t\t\t\t\n\t\t\t\t\t<\/div>\n\t\t\t\t\t\t\t\t\n<style>\n#image_1853592867 {\n  width: 100%;\n}\n<\/style>\n\t<\/div>\n\t\n\t\t\t<\/div>\n\t\t<\/div>\n\t<\/div>\n\t\n\t<div id=\"gap-1487223628\" class=\"gap-element clearfix\" style=\"display:block; height:auto;\">\n\t\t\n<style>\n#gap-1487223628 {\n  padding-top: 15px;\n}\n<\/style>\n\t<\/div>\n\t\n<a href=\"https:\/\/ecoturbino.world\/wp-content\/uploads\/2024\/09\/Prasentation-Hotel-DE_13.8.pdf\" target=\"_blank\" class=\"button secondary lowercase expand\" rel=\"noopener\" style=\"border-radius:5px;\">\n\t\t<span>PDF prezent\u00e1ci\u00f3<\/span>\n\t<\/a>\n\n\t\t<\/div>\n\t\t\t\t\n<style>\n#col-365630875 > .col-inner {\n  margin: 0px 0px 0px 0px;\n}\n<\/style>\n\t<\/div>\n\n\t\n<\/div>\n\t\t<\/div>\n\n\t\t\n<style>\n#section_348705977 {\n  padding-top: 30px;\n  padding-bottom: 30px;\n}\n<\/style>\n\t<\/section>\n\t\n\t\t<\/div>\n\t\t\t\t\t<\/div>\n\n\t\n<\/div>","protected":false},"excerpt":{"rendered":"","protected":false},"author":2,"featured_media":3977,"parent":0,"menu_order":0,"comment_status":"closed","ping_status":"closed","template":"page-blank.php","meta":{"inline_featured_image":false,"footnotes":""},"class_list":["post-3924","page","type-page","status-publish","has-post-thumbnail","hentry"],"_links":{"self":[{"href":"https:\/\/ecoturbino.world\/hu\/wp-json\/wp\/v2\/pages\/3924","targetHints":{"allow":["GET"]}}],"collection":[{"href":"https:\/\/ecoturbino.world\/hu\/wp-json\/wp\/v2\/pages"}],"about":[{"href":"https:\/\/ecoturbino.world\/hu\/wp-json\/wp\/v2\/types\/page"}],"author":[{"embeddable":true,"href":"https:\/\/ecoturbino.world\/hu\/wp-json\/wp\/v2\/users\/2"}],"replies":[{"embeddable":true,"href":"https:\/\/ecoturbino.world\/hu\/wp-json\/wp\/v2\/comments?post=3924"}],"version-history":[{"count":0,"href":"https:\/\/ecoturbino.world\/hu\/wp-json\/wp\/v2\/pages\/3924\/revisions"}],"wp:featuredmedia":[{"embeddable":true,"href":"https:\/\/ecoturbino.world\/hu\/wp-json\/wp\/v2\/media\/3977"}],"wp:attachment":[{"href":"https:\/\/ecoturbino.world\/hu\/wp-json\/wp\/v2\/media?parent=3924"}],"curies":[{"name":"wp","href":"https:\/\/api.w.org\/{rel}","templated":true}]}}