{"id":2870,"date":"2024-01-18T01:59:26","date_gmt":"2024-01-18T00:59:26","guid":{"rendered":"https:\/\/ecoturbino.eu\/?page_id=2870"},"modified":"2024-01-18T02:07:39","modified_gmt":"2024-01-18T01:07:39","slug":"gtc","status":"publish","type":"page","link":"https:\/\/ecoturbino.world\/hu\/gtc\/","title":{"rendered":"Terms and Conditions"},"content":{"rendered":"<div class=\"banner has-hover\" id=\"banner-616617136\">\n          <div class=\"banner-inner fill\">\n        <div class=\"banner-bg fill\" >\n            <img decoding=\"async\" width=\"2000\" height=\"230\" src=\"https:\/\/ecoturbino.world\/wp-content\/uploads\/2024\/01\/wasser-faq-2000-sw.webp\" class=\"bg attachment-original size-original\" alt=\"V\u00edzgy\u0171jt\u0151\" \/>                                    \n                    <\/div>\n\t\t\n        <div class=\"banner-layers container\">\n            <div class=\"fill banner-link\"><\/div>            \n   <div id=\"text-box-2009008708\" class=\"text-box banner-layer x50 md-x50 lg-x50 y50 md-y50 lg-y50 res-text\">\n                                <div class=\"text-box-content text dark\">\n              \n              <div class=\"text-inner text-center\">\n                  \n<h1>GTC<\/h1>\n              <\/div>\n           <\/div>\n                            \n<style>\n#text-box-2009008708 {\n  width: 100%;\n}\n#text-box-2009008708 .text-box-content {\n  font-size: 100%;\n}\n@media (min-width:550px) {\n  #text-box-2009008708 {\n    width: 71%;\n  }\n}\n@media (min-width:850px) {\n  #text-box-2009008708 {\n    width: 50%;\n  }\n}\n<\/style>\n    <\/div>\n \n        <\/div>\n      <\/div>\n\n            \n<style>\n#banner-616617136 {\n  padding-top: 110px;\n}\n@media (min-width:550px) {\n  #banner-616617136 {\n    padding-top: 170px;\n  }\n}\n@media (min-width:850px) {\n  #banner-616617136 {\n    padding-top: 190px;\n  }\n}\n<\/style>\n  <\/div>\n\n\n<div class=\"row\"  id=\"row-668317508\">\n\n\t<div id=\"col-1342625305\" class=\"col small-12 large-12\"  >\n\t\t\t\t<div class=\"col-inner\"  >\n\t\t\t\n\t\t\t\n<h2>\u00c1ltal\u00e1nos Szerz\u0151d\u00e9si Felt\u00e9telek az ecoturbino\u00ae World sz\u00e1m\u00e1ra<\/h2>\n<ol>\n<li><strong>Felel\u0151ss\u00e9g<\/strong><br \/>Nem v\u00e1llalunk felel\u0151ss\u00e9get az interneten esetlegesen felmer\u00fcl\u0151 hib\u00e1k\u00e9rt vagy technikai probl\u00e9m\u00e1k\u00e9rt. Az osztr\u00e1k jog alkalmazand\u00f3.<\/li>\n<li><strong>Felel\u0151ss\u00e9g a tartalom\u00e9rt<\/strong><br \/>Az ezen a weboldalon tal\u00e1lhat\u00f3 inform\u00e1ci\u00f3k kiz\u00e1r\u00f3lag \u00e1ltal\u00e1nos t\u00e1j\u00e9koztat\u00f3 jelleg\u0171ek \u00e9s nem k\u00f6telez\u0151 \u00e9rv\u00e9ny\u0171ek.<\/li>\n<li><strong>A hivatkozott oldalak tartalm\u00e1ra vonatkoz\u00f3 jogi nyilatkozat<\/strong><br \/>Ez a weboldal k\u00fcl\u00f6nb\u00f6z\u0151 linkeket tartalmaz m\u00e1s gy\u00e1rt\u00f3k oldalaira stb. az interneten. Kifejezetten hangs\u00falyozzuk, hogy nincs befoly\u00e1sunk a hivatkozott oldalak tartalm\u00e1ra \u00e9s kialak\u00edt\u00e1s\u00e1ra. Ez\u00e9rt nem tudjuk garant\u00e1lni az ott tal\u00e1lhat\u00f3 inform\u00e1ci\u00f3k id\u0151szer\u0171s\u00e9g\u00e9t, pontoss\u00e1g\u00e1t \u00e9s teljess\u00e9g\u00e9t. Kifejezetten elhat\u00e1rol\u00f3dunk ezen oldalak tartalm\u00e1t\u00f3l. Ez a nyilatkozat vonatkozik a honlapunkon tal\u00e1lhat\u00f3 minden k\u00fcls\u0151 oldalra mutat\u00f3 linkre \u00e9s ezen oldalak minden tartalm\u00e1ra, amelyekre a linkek vezetnek.<\/li>\n<li><strong>K\u00e9pi jogok<\/strong><br \/>Az \u00fczletben tal\u00e1lhat\u00f3 illusztr\u00e1ci\u00f3k minden k\u00e9pi joga a Ressourcen Saving GmbH \u00e9s a Webdeals Shops GmbH tulajdon\u00e1t k\u00e9pezi. Kifejezett hozz\u00e1j\u00e1rul\u00e1sunk n\u00e9lk\u00fcl a felhaszn\u00e1l\u00e1s tilos.<\/li>\n<li><strong>Adatv\u00e9delmi \u00e9s titoktart\u00e1si politika<\/strong><br \/>K\u00e9rj\u00fck, olvassa el a <a href=\"\/hu\/privat-pilotafulke\/adatvedelem\/\">GDPR adatv\u00e9delmi meg\u00e1llapod\u00e1s<\/a>.<\/li>\n<li><strong>Elv\u00e1laszthat\u00f3s\u00e1gi z\u00e1rad\u00e9k \/ Egy\u00e9b<\/strong><br \/>A jelen \u00e1ltal\u00e1nos szerz\u0151d\u00e9si felt\u00e9telek vagy az ad\u00e1sv\u00e9teli szerz\u0151d\u00e9s egyes rendelkez\u00e9seinek \u00e9rv\u00e9nytelens\u00e9ge nem \u00e9rinti a t\u00f6bbi rendelkez\u00e9s \u00e9rv\u00e9nyess\u00e9g\u00e9t. Az \u00e9rv\u00e9nytelen rendelkez\u00e9s helyett a t\u00f6rv\u00e9nyi szab\u00e1lyoz\u00e1s \u00e9rv\u00e9nyes.<\/li>\n<\/ol>\n\t\t<\/div>\n\t\t\t\t\t<\/div>\n\n\t\n<\/div>\n\t<div id=\"gap-189506636\" class=\"gap-element clearfix\" style=\"display:block; height:auto;\">\n\t\t\n<style>\n#gap-189506636 {\n  padding-top: 30px;\n}\n<\/style>\n\t<\/div>","protected":false},"excerpt":{"rendered":"","protected":false},"author":1,"featured_media":0,"parent":0,"menu_order":0,"comment_status":"closed","ping_status":"closed","template":"page-blank.php","meta":{"inline_featured_image":false,"footnotes":""},"class_list":["post-2870","page","type-page","status-publish","hentry"],"_links":{"self":[{"href":"https:\/\/ecoturbino.world\/hu\/wp-json\/wp\/v2\/pages\/2870","targetHints":{"allow":["GET"]}}],"collection":[{"href":"https:\/\/ecoturbino.world\/hu\/wp-json\/wp\/v2\/pages"}],"about":[{"href":"https:\/\/ecoturbino.world\/hu\/wp-json\/wp\/v2\/types\/page"}],"author":[{"embeddable":true,"href":"https:\/\/ecoturbino.world\/hu\/wp-json\/wp\/v2\/users\/1"}],"replies":[{"embeddable":true,"href":"https:\/\/ecoturbino.world\/hu\/wp-json\/wp\/v2\/comments?post=2870"}],"version-history":[{"count":0,"href":"https:\/\/ecoturbino.world\/hu\/wp-json\/wp\/v2\/pages\/2870\/revisions"}],"wp:attachment":[{"href":"https:\/\/ecoturbino.world\/hu\/wp-json\/wp\/v2\/media?parent=2870"}],"curies":[{"name":"wp","href":"https:\/\/api.w.org\/{rel}","templated":true}]}}