{"id":2866,"date":"2024-01-18T01:54:46","date_gmt":"2024-01-18T00:54:46","guid":{"rendered":"https:\/\/ecoturbino.eu\/?page_id=2866"},"modified":"2024-01-18T01:54:46","modified_gmt":"2024-01-18T00:54:46","slug":"adatok-lekerdezese","status":"publish","type":"page","link":"https:\/\/ecoturbino.world\/hu\/privacy-cockpit\/request-data\/","title":{"rendered":"Adatk\u00e9r\u00e9s"},"content":{"rendered":"<a class=\"wordpress-gdpr-back-link\" href=\"https:\/\/ecoturbino.world\/hu\/privacy-cockpit\/\">&larr; Vissza az adatv\u00e9delmi k\u00f6zpontba<\/a><form action=\"\/hu\/wp-json\/wp\/v2\/pages\/2866\" class=\"wordpress-gdpr-form wordpress-gdpr-form-request-data\" method=\"post\" data-trp-original-action=\"\/hu\/wp-json\/wp\/v2\/pages\/2866\"><input type=\"hidden\" name=\"wordpress_gdpr_form_type\" value=\"request-data\"><div class=\"form-group\"><label for=\"gdpr_firstname\">Vezet\u00e9kn\u00e9v (*)<\/label><input class=\"form-control\" type=\"text\" name=\"gdpr_firstname\" value=\"\" required \/><\/div><div class=\"form-group\"><label for=\"gdpr_lastname\">Keresztn\u00e9v (*)<\/label><input class=\"form-control\" type=\"text\" name=\"gdpr_lastname\" value=\"\" required \/><\/div><div class=\"form-group\"><label for=\"gdpr_email\">Email c\u00edm (*)<\/label><input class=\"form-control\" type=\"email\" name=\"gdpr_email\" value=\"\" required \/><\/div><div class=\"form-group\"><label for=\"gdpr_terms\"><input id=\"gdpr_terms\" class=\"form-control\" type=\"checkbox\" name=\"gdpr_terms\" value=\"1\" required \/><span class=\"gdpr-accept-conditiones-text\">Elfogadom az adatv\u00e9delmi szab\u00e1lyzatot, \u00e9s elfogadom, hogy adataimat a GDPR-k\u00e9relemhez t\u00e1rolj\u00e1k.<\/span><\/label><\/div><input type=\"submit\" name=\"gdpr_submitted\" value=\"K\u00fcld\u00e9s\"\/><input type=\"hidden\" name=\"trp-form-language\" value=\"hu\"\/><\/form>","protected":false},"excerpt":{"rendered":"","protected":false},"author":1,"featured_media":0,"parent":2849,"menu_order":0,"comment_status":"closed","ping_status":"closed","template":"","meta":{"inline_featured_image":false,"footnotes":""},"class_list":["post-2866","page","type-page","status-publish","hentry"],"_links":{"self":[{"href":"https:\/\/ecoturbino.world\/hu\/wp-json\/wp\/v2\/pages\/2866","targetHints":{"allow":["GET"]}}],"collection":[{"href":"https:\/\/ecoturbino.world\/hu\/wp-json\/wp\/v2\/pages"}],"about":[{"href":"https:\/\/ecoturbino.world\/hu\/wp-json\/wp\/v2\/types\/page"}],"author":[{"embeddable":true,"href":"https:\/\/ecoturbino.world\/hu\/wp-json\/wp\/v2\/users\/1"}],"replies":[{"embeddable":true,"href":"https:\/\/ecoturbino.world\/hu\/wp-json\/wp\/v2\/comments?post=2866"}],"version-history":[{"count":0,"href":"https:\/\/ecoturbino.world\/hu\/wp-json\/wp\/v2\/pages\/2866\/revisions"}],"up":[{"embeddable":true,"href":"https:\/\/ecoturbino.world\/hu\/wp-json\/wp\/v2\/pages\/2849"}],"wp:attachment":[{"href":"https:\/\/ecoturbino.world\/hu\/wp-json\/wp\/v2\/media?parent=2866"}],"curies":[{"name":"wp","href":"https:\/\/api.w.org\/{rel}","templated":true}]}}