{"id":2849,"date":"2024-01-18T01:38:41","date_gmt":"2024-01-18T00:38:41","guid":{"rendered":"https:\/\/ecoturbino.eu\/?page_id=2849"},"modified":"2024-01-18T02:23:31","modified_gmt":"2024-01-18T01:23:31","slug":"privat-pilotafulke","status":"publish","type":"page","link":"https:\/\/ecoturbino.world\/hu\/privacy-cockpit\/","title":{"rendered":"ADATV\u00c9DELMI KABIN"},"content":{"rendered":"<div class=\"banner has-hover\" id=\"banner-15257860\">\n          <div class=\"banner-inner fill\">\n        <div class=\"banner-bg fill\" >\n            <img decoding=\"async\" width=\"2000\" height=\"230\" src=\"https:\/\/ecoturbino.world\/wp-content\/uploads\/2024\/01\/wasser-faq-2000-sw.webp\" class=\"bg attachment-original size-original\" alt=\"V\u00edzgy\u0171jt\u0151\" \/>                                    \n                    <\/div>\n\t\t\n        <div class=\"banner-layers container\">\n            <div class=\"fill banner-link\"><\/div>            \n   <div id=\"text-box-1960887851\" class=\"text-box banner-layer x50 md-x50 lg-x50 y50 md-y50 lg-y50 res-text\">\n                                <div class=\"text-box-content text dark\">\n              \n              <div class=\"text-inner text-center\">\n                  \n<h1>PRIVACY<\/h1>\n              <\/div>\n           <\/div>\n                            \n<style>\n#text-box-1960887851 {\n  width: 80%;\n}\n#text-box-1960887851 .text-box-content {\n  font-size: 100%;\n}\n@media (min-width:550px) {\n  #text-box-1960887851 {\n    width: 67%;\n  }\n}\n@media (min-width:850px) {\n  #text-box-1960887851 {\n    width: 44%;\n  }\n}\n<\/style>\n    <\/div>\n \n        <\/div>\n      <\/div>\n\n            \n<style>\n#banner-15257860 {\n  padding-top: 110px;\n}\n@media (min-width:550px) {\n  #banner-15257860 {\n    padding-top: 170px;\n  }\n}\n@media (min-width:850px) {\n  #banner-15257860 {\n    padding-top: 190px;\n  }\n}\n<\/style>\n  <\/div>\n\n\n<div class=\"row\"  id=\"row-222992896\">\n\n\t<div id=\"col-93713954\" class=\"col small-12 large-12\"  >\n\t\t\t\t<div class=\"col-inner\"  >\n\t\t\t\n\t\t\t\n<div class=\"wordpress-gdpr-privacy-center\"><div class=\"wordpress-gdpr-privacy-center-items\"><a href=\"https:\/\/ecoturbino.world\/hu\/privacy-cockpit\/data-protection-officer\/\" class=\"wordpress-gdpr-privacy-center-item\"><div class=\"wordpress-gdpr-privacy-center-item-contactDPO\"><i class=\"fas fa-user-circle\"><\/i><h2 class=\"wordpress-gdpr-privacy-center-item-headline\">Adatv\u00e9delmi tisztvisel\u0151 kapcsolat<\/h2><p class=\"wordpress-gdpr-privacy-center-item-desc\">Kapcsolatfelv\u00e9tel az adatv\u00e9delmi tisztvisel\u0151vel.<\/p><div class=\"wordpress-gdpr-privacy-center-item-action\">Ismerj meg t\u00f6bbet<\/div><\/div><\/a><a href=\"https:\/\/ecoturbino.world\/hu\/privacy-cockpit\/privacy\/\" class=\"wordpress-gdpr-privacy-center-item\"><div class=\"wordpress-gdpr-privacy-center-item-cookiePolicy\"><i class=\"fas  fa-list-alt\"><\/i><h2 class=\"wordpress-gdpr-privacy-center-item-headline\">Cookie szab\u00e1lyzat<\/h2><p class=\"wordpress-gdpr-privacy-center-item-desc\">Tov\u00e1bbi inform\u00e1ci\u00f3 a cookie-kezel\u00e9sr\u0151l.<\/p><div class=\"wordpress-gdpr-privacy-center-item-action\">Ismerj meg t\u00f6bbet<\/div><\/div><\/a><a href=\"https:\/\/ecoturbino.world\/hu\/privacy-cockpit\/data-rectification\/\" class=\"wordpress-gdpr-privacy-center-item wordpress-gdpr-privacy-center-item-last\"><div class=\"wordpress-gdpr-privacy-center-item-dataRectification\"><i class=\"fas fa-pencil-alt\"><\/i><h2 class=\"wordpress-gdpr-privacy-center-item-headline\">Adathelyesb\u00edt\u00e9s<\/h2><p class=\"wordpress-gdpr-privacy-center-item-desc\">L\u00e9pjen kapcsolatba vel\u00fcnk adatcser\u00e9re vonatkoz\u00f3 k\u00e9r\u00e9ssel.<\/p><div class=\"wordpress-gdpr-privacy-center-item-action\">Ismerj meg t\u00f6bbet<\/div><\/div><\/a><a href=\"https:\/\/ecoturbino.world\/hu\/privacy-cockpit\/forget-me\/\" class=\"wordpress-gdpr-privacy-center-item\"><div class=\"wordpress-gdpr-privacy-center-item-forgetMe\"><i class=\"fas fa-eraser\"><\/i><h2 class=\"wordpress-gdpr-privacy-center-item-headline\">Feledd el<\/h2><p class=\"wordpress-gdpr-privacy-center-item-desc\">K\u00e9rj\u00fck, k\u00fcldje el a szem\u00e9lyes adatok t\u00f6rl\u00e9s\u00e9re vonatkoz\u00f3 k\u00e9relmet.<\/p><div class=\"wordpress-gdpr-privacy-center-item-action\">Ismerj meg t\u00f6bbet<\/div><\/div><\/a><a href=\"https:\/\/ecoturbino.world\/hu\/legal-notice\/\" class=\"wordpress-gdpr-privacy-center-item\"><div class=\"wordpress-gdpr-privacy-center-item-imprint\"><i class=\"fas fa-file-alt\"><\/i><h2 class=\"wordpress-gdpr-privacy-center-item-headline\">Impresszum<\/h2><p class=\"wordpress-gdpr-privacy-center-item-desc\">Az oldal \u00fczemeltet\u0151j\u00e9nek \u00e9s tulajdonos\u00e1nak adatai.<\/p><div class=\"wordpress-gdpr-privacy-center-item-action\">Ismerj meg t\u00f6bbet<\/div><\/div><\/a><a href=\"https:\/\/ecoturbino.world\/hu\/privacy-cockpit\/request-data\/\" class=\"wordpress-gdpr-privacy-center-item wordpress-gdpr-privacy-center-item-last\"><div class=\"wordpress-gdpr-privacy-center-item-requestData\"><i class=\"fas fa-database\"><\/i><h2 class=\"wordpress-gdpr-privacy-center-item-headline\">Adatk\u00e9r\u00e9s<\/h2><p class=\"wordpress-gdpr-privacy-center-item-desc\">Request to retrieve stored data.<\/p><div class=\"wordpress-gdpr-privacy-center-item-action\">Ismerj meg t\u00f6bbet<\/div><\/div><\/a><a href=\"https:\/\/ecoturbino.world\/hu\/privacy-cockpit\/privacy\/\" class=\"wordpress-gdpr-privacy-center-item\"><div class=\"wordpress-gdpr-privacy-center-item-privacyPolicy\"><i class=\"fas fa-file-alt\"><\/i><h2 class=\"wordpress-gdpr-privacy-center-item-headline\">Adatv\u00e9delmi ir\u00e1nyelvek<\/h2><p class=\"wordpress-gdpr-privacy-center-item-desc\">Elolvashatja az adatkezel\u00e9si t\u00e1j\u00e9koztat\u00f3t.<\/p><div class=\"wordpress-gdpr-privacy-center-item-action\">Ismerj meg t\u00f6bbet<\/div><\/div><\/a><a href=\"#\" class=\"wordpress-gdpr-privacy-center-item wordpress-gdpr-open-privacy-settings-modal\"><div class=\"wordpress-gdpr-privacy-center-item-privacySettings\"><i class=\"fas fa-user-secret\"><\/i><h2 class=\"wordpress-gdpr-privacy-center-item-headline\">Adatv\u00e9delmi be\u00e1ll\u00edt\u00e1sok<\/h2><p class=\"wordpress-gdpr-privacy-center-item-desc\">Itt tilthatod vagy enged\u00e9lyezheted a k\u00fcl\u00f6nb\u00f6z\u0151 cookie-kat.<\/p><div class=\"wordpress-gdpr-privacy-center-item-action\">Ismerj meg t\u00f6bbet<\/div><\/div><\/a><a href=\"https:\/\/ecoturbino.world\/hu\/gtc\/\" class=\"wordpress-gdpr-privacy-center-item wordpress-gdpr-privacy-center-item-last\"><div class=\"wordpress-gdpr-privacy-center-item-termsConditions\"><i class=\"fas fa-align-left\"><\/i><h2 class=\"wordpress-gdpr-privacy-center-item-headline\">\u00c1ltal\u00e1nos Szerz\u0151d\u00e9si Felt\u00e9telek<\/h2><p class=\"wordpress-gdpr-privacy-center-item-desc\">Elolvashatod a jogi nyilatkozatot.<\/p><div class=\"wordpress-gdpr-privacy-center-item-action\">Ismerj meg t\u00f6bbet<\/div><\/div><\/a><\/div><\/div>\n\t\t<\/div>\n\t\t\t\t\t<\/div>\n\n\t\n<\/div>","protected":false},"excerpt":{"rendered":"","protected":false},"author":1,"featured_media":0,"parent":0,"menu_order":0,"comment_status":"closed","ping_status":"closed","template":"page-blank.php","meta":{"inline_featured_image":false,"footnotes":""},"class_list":["post-2849","page","type-page","status-publish","hentry"],"_links":{"self":[{"href":"https:\/\/ecoturbino.world\/hu\/wp-json\/wp\/v2\/pages\/2849","targetHints":{"allow":["GET"]}}],"collection":[{"href":"https:\/\/ecoturbino.world\/hu\/wp-json\/wp\/v2\/pages"}],"about":[{"href":"https:\/\/ecoturbino.world\/hu\/wp-json\/wp\/v2\/types\/page"}],"author":[{"embeddable":true,"href":"https:\/\/ecoturbino.world\/hu\/wp-json\/wp\/v2\/users\/1"}],"replies":[{"embeddable":true,"href":"https:\/\/ecoturbino.world\/hu\/wp-json\/wp\/v2\/comments?post=2849"}],"version-history":[{"count":0,"href":"https:\/\/ecoturbino.world\/hu\/wp-json\/wp\/v2\/pages\/2849\/revisions"}],"wp:attachment":[{"href":"https:\/\/ecoturbino.world\/hu\/wp-json\/wp\/v2\/media?parent=2849"}],"curies":[{"name":"wp","href":"https:\/\/api.w.org\/{rel}","templated":true}]}}