{"id":1652,"date":"2024-01-03T21:01:56","date_gmt":"2024-01-03T20:01:56","guid":{"rendered":"https:\/\/ecoturbino.eu\/?page_id=1652"},"modified":"2025-12-29T22:43:52","modified_gmt":"2025-12-29T21:43:52","slug":"kemeny-viz-es-legionella","status":"publish","type":"page","link":"https:\/\/ecoturbino.world\/hu\/hard-water-and-legionella\/","title":{"rendered":"Kem\u00e9ny v\u00edz \u00e9s legionella | Zuhanyz\u00e1si probl\u00e9m\u00e1k a f\u00fcrd\u0151szob\u00e1ban"},"content":{"rendered":"<section class=\"section zindex1\" id=\"section_1904270445\">\n\t\t<div class=\"section-bg fill\" >\n\t\t\t\t\t\t\t\t\t\n\t\t\t\n\n\t\t<\/div>\n\n\t\t\n\n\t\t<div class=\"section-content relative\">\n\t\t\t\n<div class=\"row\"  id=\"row-1243284453\">\n\n\t<div id=\"col-1800071452\" class=\"col small-12 large-12\"  >\n\t\t\t\t<div class=\"col-inner\"  >\n\t\t\t\n\t\t\t\n\t<div id=\"text-3315797452\" class=\"text\">\n\t\t\n<h1 class=\"uppercase\">Kem\u00e9ny v\u00edz \u00e9s a legionella | A probl\u00e9ma val\u00f3di m\u00e9rt\u00e9ke!<\/h1>\n<h3 class=\"thin-font\">B\u00e1r a kem\u00e9ny v\u00edz \u00e9s a legionella k\u00f6z\u00f6tti \u00e1ltal\u00e1nos kapcsolat j\u00f3l ismert, gyakran f\u00e9lre\u00e9rtik.<\/h3>\n\t\t\n<style>\n#text-3315797452 {\n  text-align: center;\n}\n<\/style>\n\t<\/div>\n\t\n<div class=\"text-center\"><div class=\"is-divider divider clearfix\" style=\"max-width:50%;height:1px;\"><\/div><\/div>\n\t<div id=\"gap-1153896899\" class=\"gap-element clearfix\" style=\"display:block; height:auto;\">\n\t\t\n<style>\n#gap-1153896899 {\n  padding-top: 30px;\n}\n<\/style>\n\t<\/div>\n\t\n<div class=\"row\"  id=\"row-314491589\">\n\n\t<div id=\"col-337021002\" class=\"col medium-8 small-12 large-8\"  >\n\t\t\t\t<div class=\"col-inner\"  >\n\t\t\t\n\t\t\t\n<p>Ebben a bejegyz\u00e9sben arra \u00f6sszpontos\u00edtunk, hogy mik\u00e9nt tudunk <strong>a v\u00edz bakt\u00e9riumtartalm\u00e1nak jobb ellen\u0151rz\u00e9se m\u00e1r a kezdetekt\u0151l fogva<\/strong>annak \u00e9rdek\u00e9ben, hogy <strong>cs\u00f6kkentse<\/strong> a <strong>agressz\u00edv \u00e9s <a href=\"https:\/\/ecoturbino.world\/hu\/hatas-5\/\">k\u00f6rnyezetv\u00e9delmi szempontb\u00f3l<\/a> k\u00e1ros vegyi anyagok a bakt\u00e9riumok elt\u00e1vol\u00edt\u00e1s\u00e1ra.<\/strong><\/p>\n<p><strong>Kl\u00f3r-dioxid<\/strong> tov\u00e1bbra is a <strong>a leggyakrabban haszn\u00e1lt biocid a v\u00edzben l\u00e9v\u0151 bakt\u00e9riumok, k\u00f6zt\u00fck a Legionella elt\u00e1vol\u00edt\u00e1s\u00e1ra.<\/strong>. A biofilmek elpuszt\u00edt\u00e1s\u00e1ra val\u00f3 k\u00e9pess\u00e9ge rendk\u00edv\u00fcl fontos szempont enn\u00e9l a vegyszern\u00e9l. A kl\u00f3r-dioxid azonban kiz\u00e1r\u00f3lag a szab\u00e1lyoz\u00e1sra \u00e9s a cs\u00f6kkent\u00e9sre szolg\u00e1l, nem pedig a megel\u0151z\u00e9sre.<\/p>\n<p>A k\u00e9rd\u00e9s kulcsa a k\u00f6vetkez\u0151kben rejlik <strong>a kalciumlerak\u00f3d\u00e1sok, a biofilmek \u00e9s a Legionella k\u00f6z\u00f6tti kapcsolat meg\u00e9rt\u00e9se.<\/strong> Ez a megk\u00f6zel\u00edt\u00e9s lehet\u0151v\u00e9 teszi a<strong> a bakt\u00e9riumok sz\u00e1m\u00e1nak cs\u00f6kkent\u00e9se a v\u00edzrendszerben<\/strong>, ez\u00e1ltal minimaliz\u00e1lva a rendszer karbantart\u00e1s\u00e1ra ford\u00edtott id\u0151t \u00e9s vegyszerfelhaszn\u00e1l\u00e1st.<\/p>\n<p>\u00c9s itt j\u00f6n a k\u00e9pbe az ecoturbino zuhanyadapter,<strong> higi\u00e9nikus zuhanyz\u00f3k biztos\u00edt\u00e1sa sz\u00e1llod\u00e1kban, fitneszk\u00f6zpontokban, otthonokban stb.<\/strong><\/p>\n\t\t<\/div>\n\t\t\t\t\t<\/div>\n\n\t\n\n\t<div id=\"col-2086240991\" class=\"col medium-4 small-12 large-4\"  >\n\t\t\t\t<div class=\"col-inner\"  >\n\t\t\t\n\t\t\t\n\t<div class=\"img has-hover radius10 hide-for-small x md-x lg-x y md-y lg-y\" id=\"image_1886723040\">\n\t\t\t\t\t\t\t\t<div class=\"img-inner dark\" >\n\t\t\t<img decoding=\"async\" width=\"600\" height=\"600\" src=\"https:\/\/ecoturbino.world\/wp-content\/uploads\/2024\/01\/water-drain2_600.webp\" class=\"attachment-original size-original\" alt=\"\" srcset=\"https:\/\/ecoturbino.world\/wp-content\/uploads\/2024\/01\/water-drain2_600.webp 600w, https:\/\/ecoturbino.world\/wp-content\/uploads\/2024\/01\/water-drain2_600-500x500.webp 500w, https:\/\/ecoturbino.world\/wp-content\/uploads\/2024\/01\/water-drain2_600-32x32.webp 32w, https:\/\/ecoturbino.world\/wp-content\/uploads\/2024\/01\/water-drain2_600-48x48.webp 48w, https:\/\/ecoturbino.world\/wp-content\/uploads\/2024\/01\/water-drain2_600-80x80.webp 80w, https:\/\/ecoturbino.world\/wp-content\/uploads\/2024\/01\/water-drain2_600-180x180.webp 180w\" sizes=\"(max-width: 600px) 100vw, 600px\" \/>\t\t\t\t\t\t\n\t\t\t\t\t<\/div>\n\t\t\t\t\t\t\t\t\n<style>\n#image_1886723040 {\n  width: 100%;\n}\n<\/style>\n\t<\/div>\n\t\n\t\t<\/div>\n\t\t\t\t\t<\/div>\n\n\t\n<\/div>\n\t<div id=\"gap-223562671\" class=\"gap-element clearfix\" style=\"display:block; height:auto;\">\n\t\t\n<style>\n#gap-223562671 {\n  padding-top: 30px;\n}\n<\/style>\n\t<\/div>\n\t\n<div class=\"row\"  id=\"row-717411738\">\n\n\t<div id=\"col-286828447\" class=\"col medium-4 small-12 large-4\"  >\n\t\t\t\t<div class=\"col-inner\"  >\n\t\t\t\n\t\t\t\n\t<div class=\"img has-hover radius10 x md-x lg-x y md-y lg-y\" id=\"image_69537212\">\n\t\t\t\t\t\t\t\t<div class=\"img-inner dark\" >\n\t\t\t<img decoding=\"async\" width=\"600\" height=\"900\" src=\"https:\/\/ecoturbino.world\/wp-content\/uploads\/2024\/01\/shower-head-limescale_600.webp\" class=\"attachment-original size-original\" alt=\"Zuhanyfej v\u00edzk\u0151 szimb\u00f3lum\" srcset=\"https:\/\/ecoturbino.world\/wp-content\/uploads\/2024\/01\/shower-head-limescale_600.webp 600w, https:\/\/ecoturbino.world\/wp-content\/uploads\/2024\/01\/shower-head-limescale_600-120x180.webp 120w\" sizes=\"(max-width: 600px) 100vw, 600px\" \/>\t\t\t\t\t\t\n\t\t\t\t\t<\/div>\n\t\t\t\t\t\t\t\t\n<style>\n#image_69537212 {\n  width: 100%;\n}\n<\/style>\n\t<\/div>\n\t\n\t\t<\/div>\n\t\t\t\t\t<\/div>\n\n\t\n\n\t<div id=\"col-2056970718\" class=\"col medium-8 small-12 large-8\"  >\n\t\t\t\t<div class=\"col-inner\"  >\n\t\t\t\n\t\t\t\n<div class=\"flex-1 overflow-hidden\">\n<div class=\"react-scroll-to-bottom--css-tpvix-79elbk h-full\">\n<div class=\"react-scroll-to-bottom--css-tpvix-1n7m0yu\">\n<div class=\"flex flex-col pb-9 text-sm\">\n<div class=\"w-full text-token-text-primary\" data-testid=\"conversation-turn-13\">\n<div class=\"px-4 py-2 justify-center text-base md:gap-6 m-auto\">\n<div class=\"flex flex-1 text-base mx-auto gap-3 md:px-5 lg:px-1 xl:px-5 md:max-w-3xl lg:max-w-&#091;40rem&#093; xl:max-w-&#091;48rem&#093; group final-completion\">\n<div class=\"relative flex w-full flex-col lg:w-&#091;calc(100%-115px)&#093; agent-turn\">\n<div class=\"flex-col gap-1 md:gap-3\">\n<div class=\"flex flex-grow flex-col max-w-full\">\n<div class=\"min-h-&#091;20px&#093; text-message flex flex-col items-start gap-3 whitespace-pre-wrap break-words &#091;.text-message+&amp;&#093;:mt-5 overflow-x-auto\" data-message-author-role=\"assistant\" data-message-id=\"6402d42d-ba99-40ec-b57e-ac45c40c778e\">\n<div class=\"markdown prose w-full break-words dark:prose-invert light\">\n<h3>Mik azok a v\u00edzk\u0151lerak\u00f3d\u00e1sok?<\/h3>\n<p><strong>A v\u00edzk\u0151 lerak\u00f3d\u00e1sok kem\u00e9ny felhalmoz\u00f3d\u00e1sok<\/strong> els\u0151sorban a k\u00f6vetkez\u0151kb\u0151l \u00e1ll <strong>kalcium-karbon\u00e1t (CaCO3)<\/strong> \u00e9s gyakran <strong>a melegv\u00edz-rendszerekben, cs\u0151vezet\u00e9kekben \u00e9s k\u00e9sz\u00fcl\u00e9kekben val\u00f3 felhalmoz\u00f3d\u00e1s.<\/strong><\/p>\n<p>\u0150k is<strong> jelent\u0151sen rontja a teljes\u00edtm\u00e9nyt<\/strong> k\u00fcl\u00f6nb\u00f6z\u0151 v\u00edzvezet\u00e9k- \u00e9s f\u0171t\u00e9si alkatr\u00e9szek,<strong> a hat\u00e9konys\u00e1g cs\u00f6kken\u00e9s\u00e9hez vezet<\/strong> \u00e9s <strong>magasabb m\u0171k\u00f6d\u00e9si k\u00f6lts\u00e9gek<\/strong> a v\u00edzzel kapcsolatos berendez\u00e9sekre, valamint vizu\u00e1lisan nem vonz\u00f3 eredm\u00e9nyeket a f\u00fcrd\u0151szob\u00e1ban.<\/p>\n<blockquote>\n<p>A <strong>a v\u00edzk\u0151k\u00e9pz\u0151d\u00e9s m\u00e9rt\u00e9ke<\/strong> a v\u00edzkem\u00e9nys\u00e9g hat\u00e1rozza meg. A v\u00edzkem\u00e9nys\u00e9g meghat\u00e1roz\u00e1sa: A v\u00edzkem\u00e9nys\u00e9g meghat\u00e1roz\u00e1sa: l\u00e1gy vagy kem\u00e9ny a vizem?<\/p>\n<\/blockquote>\n<p>A v\u00edz kem\u00e9nys\u00e9ge f\u00fcgg a <strong>kalcium- \u00e9s magn\u00e9ziumvegy\u00fcletek tartalma<\/strong>, amely akkor keletkezik, amikor a kalcium \u00e9s a magn\u00e9zium egyes\u00fcl a v\u00edzben oldott sz\u00e9n-dioxiddal.<\/p>\n<ol>\n<li>L\u00e1gy v\u00edz: 0 \u00e9s 7 fok k\u00f6z\u00f6tti n\u00e9met kem\u00e9nys\u00e9g (dH) - Az I. kem\u00e9nys\u00e9gi kateg\u00f3ria (0 \u00e9s 1,3 millimol kalcium-oxid\/liter k\u00f6z\u00f6tt) l\u00e1gy v\u00edznek min\u0151s\u00fcl.<\/li>\n<li>Kem\u00e9ny v\u00edz: Kem\u00e9ny v\u00edz: 14 \u00e9s 21 dH fok k\u00f6z\u00f6tt - A III. kem\u00e9nys\u00e9gi kateg\u00f3ria (2,5-3,8 millimol kalcium-oxid literenk\u00e9nt) kem\u00e9ny v\u00edznek min\u0151s\u00fcl.<\/li>\n<\/ol>\n<\/div>\n<\/div>\n<\/div>\n<\/div>\n<\/div>\n<\/div>\n<\/div>\n<\/div>\n<\/div>\n<\/div>\n<\/div>\n<\/div>\n\t<div id=\"gap-1783093109\" class=\"gap-element clearfix\" style=\"display:block; height:auto;\">\n\t\t\n<style>\n#gap-1783093109 {\n  padding-top: 15px;\n}\n<\/style>\n\t<\/div>\n\t\n<div class=\"is-divider divider clearfix\" style=\"max-width:100%;height:1px;\"><\/div>\n<h3>Mi az a biofilm?<\/h3>\n<p>A <strong><a href=\"https:\/\/en.wikipedia.org\/wiki\/Biofilm\" target=\"_blank\" rel=\"noopener sponsored\">biofilm<\/a> \u00e9l\u0151 mikroorganizmusokb\u00f3l \u00e1ll<\/strong>, p\u00e9ld\u00e1ul bakt\u00e9riumok, amelyek kol\u00f3ni\u00e1ban vagy k\u00f6z\u00f6ss\u00e9gben telepednek meg \u00e9s szaporodnak.<\/p>\n<p>A biofilm kialakul\u00e1sa akkor k\u00f6vetkezik be, ha <strong>bizonyos mikroorganizmusok<\/strong>, mint egyes bakt\u00e9riumfajok, <strong>megtapad egy t\u00e1rgy fel\u00fclet\u00e9n<\/strong> nedves k\u00f6rnyezetben, \u00e9s elkezdenek szaporodni.<\/p>\n<p>Ezek a mikroorganizmusok a t\u00e1rgy fel\u00fclet\u00e9re tapadnak a k\u00f6vetkez\u0151k r\u00e9v\u00e9n <strong>ragacsos, ny\u00e1lk\u00e1s anyagot v\u00e1lasztanak ki.<\/strong><\/p>\n\t\t<\/div>\n\t\t\t\t\t<\/div>\n\n\t\n<\/div>\n<div class=\"row\"  id=\"row-1657736936\">\n\n\t<div id=\"col-932962642\" class=\"col small-12 large-12\"  >\n\t\t\t\t<div class=\"col-inner\"  >\n\t\t\t\n\t\t\t\n<div class=\"row row-large row-divided\"  id=\"row-669028264\">\n\n\t<div id=\"col-283890003\" class=\"col medium-6 small-12 large-6\"  >\n\t\t\t\t<div class=\"col-inner\"  >\n\t\t\t\n\t\t\t\n<h3>Mik a legionell\u00e1k?<\/h3>\n<p><strong><a href=\"https:\/\/en.wikipedia.org\/wiki\/Legionella\" target=\"_blank\" rel=\"noopener sponsored\">Legionella<\/a> bakt\u00e9riumok<\/strong> amely l\u00e9gi\u00f3s betegs\u00e9get okozhat, egy s\u00falyos \u00e9s <strong>a t\u00fcd\u0151gyullad\u00e1s potenci\u00e1lisan \u00e9letvesz\u00e9lyes form\u00e1ja.<\/strong><\/p>\n<p>A k\u00f6vetkez\u0151k tov\u00e1bb\u00edt\u00e1sa <strong>Legion\u00e1rius betegs\u00e9g az emberre<\/strong> a leveg\u0151ben lebeg\u0151, Legionella bakt\u00e9riumokat tartalmaz\u00f3 apr\u00f3 v\u00edzcseppek (aeroszolok) bel\u00e9gz\u00e9se r\u00e9v\u00e9n t\u00f6rt\u00e9nik. A fert\u0151z\u00e9s akkor k\u00f6vetkezik be, amikor ezek a v\u00edzcseppek a t\u00fcd\u0151be jutnak.<\/p>\n<p>A Legionella pneumophila volt az els\u0151 felfedezett rokon bakt\u00e9riumfajok nagy \u00e9s egyre n\u00f6vekv\u0151 csoportja, az \u00fagynevezett Legionellae. Ma m\u00e1r ismert, hogy a <strong>48 faj \u00e9s 70 alcsoport.<\/strong><\/p>\n<p>A Legionella el\u0151fordul\u00e1si gyakoris\u00e1g\u00e1ra vonatkoz\u00f3an elt\u00e9r\u0151 jelent\u00e9sek vannak, de ezek a k\u00f6vetkez\u0151k <strong>\u00e1ltal\u00e1ban ink\u00e1bb a melegv\u00edz-rendszerekben tal\u00e1lhat\u00f3<\/strong>. \u00dagy v\u00e9lik azonban, hogy a Legionella el\u0151fordul\u00e1sa a melegv\u00edz-rendszerekben az ut\u00f3bbi \u00e9vekben cs\u00f6kkent.<\/p>\n<p>Ez a sz\u00e1m v\u00e1rhat\u00f3an tov\u00e1bb cs\u00f6kken, ahogy a probl\u00e9ma tudatoss\u00e1ga n\u0151, \u00e9s egyre t\u00f6bb v\u00edzvezet\u00e9k-szerel\u00e9si int\u00e9zked\u00e9st hoznak. Ez azt jelenti, hogy a megtett int\u00e9zked\u00e9sek hat\u00e9konynak bizonyultak a bakt\u00e9riumok v\u00edzben val\u00f3 jelenl\u00e9t\u00e9nek minimaliz\u00e1l\u00e1s\u00e1ban, \u00e9s ezek elhanyagol\u00e1sa hanyags\u00e1gnak min\u0151s\u00fcl.<\/p>\n\t\t<\/div>\n\t\t\t\t\n<style>\n#col-283890003 > .col-inner {\n  margin: 0px 0px -50px 0px;\n}\n<\/style>\n\t<\/div>\n\n\t\n\n\t<div id=\"col-1234542896\" class=\"col medium-6 small-12 large-6\"  >\n\t\t\t\t<div class=\"col-inner\"  >\n\t\t\t\n\t\t\t\n<p><strong>A Legionella optim\u00e1lis \u00e9letfelt\u00e9telei a k\u00f6vetkez\u0151k:<\/strong><\/p>\n<ul>\n<li>\u00c9desv\u00edz-ut\u00e1np\u00f3tl\u00e1s.<\/li>\n<li>Meghosszabb\u00edtott tart\u00f3zkod\u00e1si id\u0151.<\/li>\n<li>25\u00b0C \u00e9s 50\u00b0C k\u00f6z\u00f6tti h\u0151m\u00e9rs\u00e9klet-tartom\u00e1ny.<\/li>\n<\/ul>\n<p>A<strong> k\u00fcl\u00f6nb\u00f6z\u0151 h\u0151m\u00e9rs\u00e9kleti tartom\u00e1nyok<\/strong> a Legionella elszaporod\u00e1s\u00e1r\u00f3l:<\/p>\n<div class=\"row\"  id=\"row-302580371\">\n\n\t<div id=\"col-1503605482\" class=\"col small-12 large-12\"  >\n\t\t\t\t<div class=\"col-inner\"  >\n\t\t\t\n\t\t\t\n<table style=\"border-collapse: collapse; width: 100%; height: 189px;\">\n<tbody>\n<tr style=\"height: 21px;\">\n<td style=\"width: 50%; height: 21px;\">H\u0151m\u00e9rs\u00e9klet-tartom\u00e1ny<\/td>\n<td style=\"width: 50%; height: 21px;\">A szaporod\u00e1si ar\u00e1nyra gyakorolt hat\u00e1s<\/td>\n<\/tr>\n<tr style=\"height: 21px;\">\n<td style=\"width: 50%; height: 21px;\">20 \u00b0C-ig<\/td>\n<td style=\"width: 50%; height: 21px;\">nagyon lass\u00fa reprodukci\u00f3<\/td>\n<\/tr>\n<tr style=\"height: 21px;\">\n<td style=\"width: 50%; height: 21px;\">20 \u00b0C-t\u00f3l<\/td>\n<td style=\"width: 50%; height: 21px;\">A szaporod\u00e1si r\u00e1ta n\u00f6vekszik<\/td>\n<\/tr>\n<tr style=\"height: 21px;\">\n<td style=\"width: 50%; height: 21px;\">30 \u00b0C \u00e9s 45 \u00b0C k\u00f6z\u00f6tt<\/td>\n<td style=\"width: 50%; height: 21px;\">Optim\u00e1lis szaporod\u00e1s, 36 \u00b0C-on j\u00f3 t\u00e1panyagell\u00e1t\u00e1s eset\u00e9n mind\u00f6ssze 3 \u00f3ra alatt, alacsony t\u00e1panyagell\u00e1t\u00e1s eset\u00e9n 22-72 \u00f3ra alatt megdupl\u00e1z\u00f3dik.<\/td>\n<\/tr>\n<tr style=\"height: 21px;\">\n<td style=\"width: 50%; height: 21px;\">50 \u00b0C-t\u00f3l<\/td>\n<td style=\"width: 50%; height: 21px;\">alig van reprodukci\u00f3<\/td>\n<\/tr>\n<tr style=\"height: 21px;\">\n<td style=\"width: 50%; height: 21px;\">55 \u00b0C-t\u00f3l<\/td>\n<td style=\"width: 50%; height: 21px;\">Nem lehets\u00e9ges t\u00f6bb szaporod\u00e1s, 6 \u00f3ra ut\u00e1n elpusztult.<\/td>\n<\/tr>\n<tr style=\"height: 21px;\">\n<td style=\"width: 50%; height: 21px;\">60 \u00b0C-t\u00f3l<\/td>\n<td style=\"width: 50%; height: 21px;\">Kb. 30 percen bel\u00fcl elpuszt\u00edtja a legionell\u00e1t.<\/td>\n<\/tr>\n<tr style=\"height: 21px;\">\n<td style=\"width: 50%; height: 21px;\">65 \u00b0C-t\u00f3l<\/td>\n<td style=\"width: 50%; height: 21px;\">2 percen bel\u00fcl meg\u00f6lt\u00e9k<\/td>\n<\/tr>\n<tr style=\"height: 21px;\">\n<td style=\"width: 50%; height: 21px;\">70 \u00b0C-t\u00f3l<\/td>\n<td style=\"width: 50%; height: 21px;\">M\u00e1sodperceken bel\u00fcl meg\u00f6lt\u00e9k<\/td>\n<\/tr>\n<\/tbody>\n<\/table>\n\t\t<\/div>\n\t\t\t\t\n<style>\n#col-1503605482 > .col-inner {\n  margin: 0px 0px -60px 0px;\n}\n<\/style>\n\t<\/div>\n\n\t\n<\/div>\n<p><span style=\"font-size: 90%;\">(Forr\u00e1s: <a href=\"https:\/\/de.wikipedia.org\/wiki\/Legionellen\" target=\"_blank\" rel=\"noopener sponsored\">https:\/\/de.wikipedia.org\/wiki\/Legionellen<\/a>)<\/span><\/p>\n\t\t<\/div>\n\t\t\t\t\n<style>\n#col-1234542896 > .col-inner {\n  margin: 0px 0px -50px 0px;\n}\n<\/style>\n\t<\/div>\n\n\t\n<\/div>\n\t\t<\/div>\n\t\t\t\t\n<style>\n#col-932962642 > .col-inner {\n  padding: 25px 25px 25px 25px;\n  margin: 0px 0px -30px 0px;\n}\n<\/style>\n\t<\/div>\n\n\t\n\n<style>\n#row-1657736936 > .col > .col-inner {\n  background-color: rgba(0, 0, 0, 0.15);\n  border-radius: 10px;\n}\n<\/style>\n<\/div>\n\t\t<\/div>\n\t\t\t\t\t<\/div>\n\n\t\n<\/div>\n<div class=\"row\"  id=\"row-937228604\">\n\n\t<div id=\"col-362816561\" class=\"col small-12 large-12\"  >\n\t\t\t\t<div class=\"col-inner\" style=\"background-color:rgb(255,255,255);\" >\n\t\t\t\n\t<div class=\"is-border is-dashed\"\n\t\tstyle=\"border-color:rgba(85, 85, 85, 0.75);border-radius:10px;border-width:2px 2px 2px 2px;\">\n\t<\/div>\n\t\t\t\n<div class=\"row\"  id=\"row-8279428\">\n\n\t<div id=\"col-590938821\" class=\"col medium-8 small-12 large-8\"  >\n\t\t\t\t<div class=\"col-inner\"  >\n\t\t\t\n\t\t\t\n<h3>Mi a kapcsolat a v\u00edzk\u0151lerak\u00f3d\u00e1s, a biofilm \u00e9s a Legionella k\u00f6z\u00f6tt?<\/h3>\n<p>Azokon a helyeken, ahol<strong> a v\u00edzk\u0151 lerak\u00f3d\u00e1sok az \u00e1sv\u00e1nyi anyagok kicsap\u00f3d\u00e1sa miatt alakultak ki.<\/strong> a kem\u00e9ny v\u00edzben \u00e9s a fel\u00fcletekhez val\u00f3 tapad\u00e1sukkal optim\u00e1lis t\u00e1ptalajt teremtenek a bakt\u00e9riumok sz\u00e1m\u00e1ra.<\/p>\n<p>A Legionella szaporod\u00e1s\u00e1t k\u00fcl\u00f6n\u00f6sen el\u0151seg\u00edt\u0151 f\u0151 t\u00e9nyez\u0151k a h\u0151m\u00e9rs\u00e9klet \u00e9s a t\u00e1panyagok hozz\u00e1f\u00e9rhet\u0151s\u00e9ge. <strong>A legionella 20 \u00e9s 45\u00b0C k\u00f6z\u00f6tti h\u0151m\u00e9rs\u00e9kleten fejl\u0151dik a legjobban.<\/strong>, \u00e9s ha a v\u00edz ebben a h\u0151m\u00e9rs\u00e9klettartom\u00e1nyban stagn\u00e1l, akkor a<strong> a bakt\u00e9riumok gyorsan szaporodhatnak.<\/strong><\/p>\n<p>Az \u00e1sv\u00e1nyi anyagokban gazdag term\u00e9szet\u00e9vel \u00f6sszef\u00fcgg\u00e9sben a <strong>\u00faj \u00e9l\u0151helyet biztos\u00edt a bakt\u00e9riumoknak, nevezetesen a v\u00edzk\u0151nek,<\/strong> amely kiv\u00e1l\u00f3 t\u00e1pl\u00e1l\u00e9kforr\u00e1sk\u00e9nt szolg\u00e1l, a probl\u00e9ma tov\u00e1bb terjedhet.<\/p>\n<p>Ha a bakt\u00e9riumok m\u00e1r jelen vannak \u00e9s szaporodnak, biofilmet k\u00e9peznek. A v\u00edzk\u0151 \u00e9s a biofilm jelenl\u00e9t\u00e9ben, amelyek most olyan k\u00f6rnyezetben vannak, amely sz\u00e1mukra <strong>ide\u00e1lis k\u00f6r\u00fclm\u00e9nyek \u00e9s megfelel\u0151 t\u00e1pl\u00e1lkoz\u00e1s,<\/strong> A legionella \u00e9s m\u00e1s bakt\u00e9riumok elszaporodhatnak \u00e9s gyarapodhatnak.<\/p>\n\t\t<\/div>\n\t\t\t\t\n<style>\n#col-590938821 > .col-inner {\n  margin: 0px 0px -20px 0px;\n}\n<\/style>\n\t<\/div>\n\n\t\n\n\t<div id=\"col-467651833\" class=\"col medium-4 small-12 large-4\"  >\n\t\t\t\t<div class=\"col-inner\"  >\n\t\t\t\n\t\t\t\n\t<div class=\"img has-hover radius10 x md-x lg-x y md-y lg-y\" id=\"image_1275420191\">\n\t\t\t\t\t\t\t\t<div class=\"img-inner dark\" >\n\t\t\t<img decoding=\"async\" width=\"600\" height=\"600\" src=\"https:\/\/ecoturbino.world\/wp-content\/uploads\/2024\/01\/legionella-wikipedia_600.webp\" class=\"attachment-original size-original\" alt=\"Legionella, wikipedia\" srcset=\"https:\/\/ecoturbino.world\/wp-content\/uploads\/2024\/01\/legionella-wikipedia_600.webp 600w, https:\/\/ecoturbino.world\/wp-content\/uploads\/2024\/01\/legionella-wikipedia_600-500x500.webp 500w, https:\/\/ecoturbino.world\/wp-content\/uploads\/2024\/01\/legionella-wikipedia_600-32x32.webp 32w, https:\/\/ecoturbino.world\/wp-content\/uploads\/2024\/01\/legionella-wikipedia_600-48x48.webp 48w, https:\/\/ecoturbino.world\/wp-content\/uploads\/2024\/01\/legionella-wikipedia_600-80x80.webp 80w, https:\/\/ecoturbino.world\/wp-content\/uploads\/2024\/01\/legionella-wikipedia_600-180x180.webp 180w\" sizes=\"(max-width: 600px) 100vw, 600px\" \/>\t\t\t\t\t\t\n\t\t\t\t\t<\/div>\n\t\t\t\t\t\t\t\t\n<style>\n#image_1275420191 {\n  width: 100%;\n}\n<\/style>\n\t<\/div>\n\t\n\t\t<\/div>\n\t\t\t\t\n<style>\n#col-467651833 > .col-inner {\n  margin: 5px 0px -20px 0px;\n}\n<\/style>\n\t<\/div>\n\n\t\n<\/div>\n\t\t<\/div>\n\t\t\t\t\n<style>\n#col-362816561 > .col-inner {\n  padding: 15px 20px 10px 30px;\n  margin: 0px 0px -100px 0px;\n  border-radius: 10px;\n}\n@media (min-width:550px) {\n  #col-362816561 > .col-inner {\n    margin: 0px 0px -120px 0px;\n  }\n}\n<\/style>\n\t<\/div>\n\n\t\n<\/div>\n\t\t<\/div>\n\n\t\t\n<style>\n#section_1904270445 {\n  padding-top: 30px;\n  padding-bottom: 30px;\n}\n<\/style>\n\t<\/section>\n\t\n\n\t<section class=\"section\" id=\"section_944406161\">\n\t\t<div class=\"section-bg fill\" >\n\t\t\t<img decoding=\"async\" width=\"1920\" height=\"683\" src=\"https:\/\/ecoturbino.world\/wp-content\/uploads\/2025\/12\/ecoturbino-function_1920-1.webp\" class=\"bg attachment- size-\" alt=\"ecoturbino funkci\u00f3\" \/>\t\t\t\t\t\t<div class=\"section-bg-overlay absolute fill\"><\/div>\n\t\t\t\n\n\t\t<\/div>\n\n\t\t\t<div class=\"ux-shape-divider ux-shape-divider--top ux-shape-divider--style-waves-opacity\">\n\t\t<svg viewbox=\"0 0 1000 300\" xmlns=\"http:\/\/www.w3.org\/2000\/svg\" preserveaspectratio=\"none\">\n    <path class=\"ux-shape-fill\" d=\"M0 300L-1 69.71C216 57 299.47 198.86 403 226C506 253 577 196 660 197C740 198 790.09 234.07 874 267C935.23 291 982 282.61 1000 277.61V300H0Z\"\/>\n    <path class=\"ux-shape-fill\" opacity=\"0.5\" d=\"M1 265.094L0 50.5C217 37.79 300.47 186.36 404 213.5C507 240.5 578 196.5 661 197.5C741 198.5 787.59 239.57 871.5 272.5C932.73 296.5 980.5 284.5 998.5 279.5V298.5L1 265.094Z\"\/>\n    <path class=\"ux-shape-fill\" opacity=\"0.15\" d=\"M0.999878 244.094L-0.00012207 27C217 14.29 300.47 173.86 404 201C507 228 578 196 661 197C741 198 787.59 243.07 871.5 276C932.73 300 980.5 284.5 998.5 279.5V299L0.999878 244.094Z\"\/>\n<\/svg>\n\n\t<\/div>\n\n\n\t\t<div class=\"section-content relative\">\n\t\t\t\n\t\t<\/div>\n\n\t\t\n<style>\n#section_944406161 {\n  padding-top: 125px;\n  padding-bottom: 125px;\n}\n#section_944406161 .section-bg-overlay {\n  background-color: rgba(0, 0, 0, 0.25);\n}\n#section_944406161 .ux-shape-divider--top svg {\n  height: 80px;\n  --divider-top-width: 100%;\n}\n@media (min-width:550px) {\n  #section_944406161 {\n    padding-top: 220px;\n    padding-bottom: 220px;\n  }\n  #section_944406161 .ux-shape-divider--top svg {\n    height: 124px;\n  }\n}\n<\/style>\n\t<\/section>","protected":false},"excerpt":{"rendered":"","protected":false},"author":2,"featured_media":1841,"parent":0,"menu_order":0,"comment_status":"closed","ping_status":"closed","template":"page-blank.php","meta":{"inline_featured_image":false,"footnotes":""},"class_list":["post-1652","page","type-page","status-publish","has-post-thumbnail","hentry"],"_links":{"self":[{"href":"https:\/\/ecoturbino.world\/hu\/wp-json\/wp\/v2\/pages\/1652","targetHints":{"allow":["GET"]}}],"collection":[{"href":"https:\/\/ecoturbino.world\/hu\/wp-json\/wp\/v2\/pages"}],"about":[{"href":"https:\/\/ecoturbino.world\/hu\/wp-json\/wp\/v2\/types\/page"}],"author":[{"embeddable":true,"href":"https:\/\/ecoturbino.world\/hu\/wp-json\/wp\/v2\/users\/2"}],"replies":[{"embeddable":true,"href":"https:\/\/ecoturbino.world\/hu\/wp-json\/wp\/v2\/comments?post=1652"}],"version-history":[{"count":0,"href":"https:\/\/ecoturbino.world\/hu\/wp-json\/wp\/v2\/pages\/1652\/revisions"}],"wp:featuredmedia":[{"embeddable":true,"href":"https:\/\/ecoturbino.world\/hu\/wp-json\/wp\/v2\/media\/1841"}],"wp:attachment":[{"href":"https:\/\/ecoturbino.world\/hu\/wp-json\/wp\/v2\/media?parent=1652"}],"curies":[{"name":"wp","href":"https:\/\/api.w.org\/{rel}","templated":true}]}}