{"id":1220,"date":"2024-01-01T12:13:14","date_gmt":"2024-01-01T11:13:14","guid":{"rendered":"https:\/\/ecoturbino.eu\/?page_id=1220"},"modified":"2025-12-29T22:45:57","modified_gmt":"2025-12-29T21:45:57","slug":"hatas-7","status":"publish","type":"page","link":"https:\/\/ecoturbino.world\/hu\/impact-7\/","title":{"rendered":"Turbulens v\u00edz - \u00e9l\u00e9nk\u00edti a vizet"},"content":{"rendered":"<section class=\"section zindex1\" id=\"section_316149613\">\n\t\t<div class=\"section-bg fill\" >\n\t\t\t\t\t\t\t\t\t\n\t\t\t\n\n\t\t<\/div>\n\n\t\t\n\n\t\t<div class=\"section-content relative\">\n\t\t\t\n<div class=\"row row-small\"  id=\"row-61604253\">\n\n\t<div id=\"col-47909167\" class=\"col medium-9 small-12 large-9\"  >\n\t\t\t\t<div class=\"col-inner\"  >\n\t\t\t\n\t\t\t\n<h1 class=\"uppercase\">Turbulens v\u00edz - Energiz\u00e1lja a vizet<\/h1>\n<h3 class=\"thin-font\">az ecoturbino\u00ae v\u00edztakar\u00e9kos k\u00f6rnyezetv\u00e9d\u0151 rendszer hetedik hat\u00e1sa<\/h3>\n<div class=\"row\"  id=\"row-1844007367\">\n\n\t<div id=\"col-1361176828\" class=\"col medium-11 small-12 large-11\"  >\n\t\t\t\t<div class=\"col-inner\"  >\n\t\t\t\n\t\t\t\n\t<div id=\"stack-3577420783\" class=\"stack stack-row justify-start items-start\">\n\t\t\n\t<div class=\"img has-hover x md-x lg-x y md-y lg-y\" id=\"image_663886785\">\n\t\t<a class=\"\" href=\"\/hu\/hatas-1\/\" >\t\t\t\t\t\t<div class=\"img-inner image-color dark\" >\n\t\t\t<img decoding=\"async\" width=\"100\" height=\"100\" src=\"https:\/\/ecoturbino.world\/wp-content\/uploads\/2024\/01\/impact1.svg\" class=\"attachment-original size-original\" alt=\"\" \/>\t\t\t\t\t\t\n\t\t\t\t\t<\/div>\n\t\t\t\t\t\t<\/a>\t\t\n<style>\n#image_663886785 {\n  width: 100%;\n}\n<\/style>\n\t<\/div>\n\t\n\t<div class=\"img has-hover x md-x lg-x y md-y lg-y\" id=\"image_502358965\">\n\t\t<a class=\"\" href=\"\/hu\/hatas-2\/\" >\t\t\t\t\t\t<div class=\"img-inner image-color dark\" >\n\t\t\t<img decoding=\"async\" width=\"100\" height=\"100\" src=\"https:\/\/ecoturbino.world\/wp-content\/uploads\/2024\/01\/impact2.svg\" class=\"attachment-original size-original\" alt=\"\" \/>\t\t\t\t\t\t\n\t\t\t\t\t<\/div>\n\t\t\t\t\t\t<\/a>\t\t\n<style>\n#image_502358965 {\n  width: 100%;\n}\n<\/style>\n\t<\/div>\n\t\n\t<div class=\"img has-hover x md-x lg-x y md-y lg-y\" id=\"image_436880353\">\n\t\t<a class=\"\" href=\"\/hu\/hatas-3\/\" >\t\t\t\t\t\t<div class=\"img-inner image-color dark\" >\n\t\t\t<img decoding=\"async\" width=\"100\" height=\"100\" src=\"https:\/\/ecoturbino.world\/wp-content\/uploads\/2024\/01\/impact3.svg\" class=\"attachment-original size-original\" alt=\"Az ecoturbino 3. hat\u00e1sa\" \/>\t\t\t\t\t\t\n\t\t\t\t\t<\/div>\n\t\t\t\t\t\t<\/a>\t\t\n<style>\n#image_436880353 {\n  width: 100%;\n}\n<\/style>\n\t<\/div>\n\t\n\t<div class=\"img has-hover x md-x lg-x y md-y lg-y\" id=\"image_491722626\">\n\t\t<a class=\"\" href=\"\/hu\/hatas-4\/\" >\t\t\t\t\t\t<div class=\"img-inner image-color dark\" >\n\t\t\t<img decoding=\"async\" width=\"100\" height=\"100\" src=\"https:\/\/ecoturbino.world\/wp-content\/uploads\/2024\/01\/impact4.svg\" class=\"attachment-original size-original\" alt=\"Az ecoturbino 4. hat\u00e1sa\" \/>\t\t\t\t\t\t\n\t\t\t\t\t<\/div>\n\t\t\t\t\t\t<\/a>\t\t\n<style>\n#image_491722626 {\n  width: 100%;\n}\n<\/style>\n\t<\/div>\n\t\n\t<div class=\"img has-hover x md-x lg-x y md-y lg-y\" id=\"image_1982689146\">\n\t\t<a class=\"\" href=\"\/hu\/hatas-5\/\" >\t\t\t\t\t\t<div class=\"img-inner image-color dark\" >\n\t\t\t<img decoding=\"async\" width=\"100\" height=\"100\" src=\"https:\/\/ecoturbino.world\/wp-content\/uploads\/2024\/01\/impact5.svg\" class=\"attachment-original size-original\" alt=\"\" \/>\t\t\t\t\t\t\n\t\t\t\t\t<\/div>\n\t\t\t\t\t\t<\/a>\t\t\n<style>\n#image_1982689146 {\n  width: 100%;\n}\n<\/style>\n\t<\/div>\n\t\n\t<div class=\"img has-hover x md-x lg-x y md-y lg-y\" id=\"image_205265154\">\n\t\t<a class=\"\" href=\"\/hu\/hatas-6\/\" >\t\t\t\t\t\t<div class=\"img-inner image-color dark\" >\n\t\t\t<img decoding=\"async\" width=\"100\" height=\"100\" src=\"https:\/\/ecoturbino.world\/wp-content\/uploads\/2024\/01\/impact6.svg\" class=\"attachment-original size-original\" alt=\"Az ecoturbino 6. hat\u00e1sa\" \/>\t\t\t\t\t\t\n\t\t\t\t\t<\/div>\n\t\t\t\t\t\t<\/a>\t\t\n<style>\n#image_205265154 {\n  width: 100%;\n}\n<\/style>\n\t<\/div>\n\t\n\t<div class=\"img has-hover x md-x lg-x y md-y lg-y\" id=\"image_1730254979\">\n\t\t\t\t\t\t\t\t<div class=\"img-inner dark\" >\n\t\t\t<img decoding=\"async\" width=\"100\" height=\"100\" src=\"https:\/\/ecoturbino.world\/wp-content\/uploads\/2024\/01\/impact7.svg\" class=\"attachment-original size-original\" alt=\"Az ecoturbino 7. hat\u00e1sa\" \/>\t\t\t\t\t\t\n\t\t\t\t\t<\/div>\n\t\t\t\t\t\t\t\t\n<style>\n#image_1730254979 {\n  width: 100%;\n}\n<\/style>\n\t<\/div>\n\t\n\t\t\n<style>\n#stack-3577420783 > * {\n  --stack-gap: 0.5rem;\n}\n@media (min-width:550px) {\n  #stack-3577420783 > * {\n    --stack-gap: 1rem;\n  }\n}\n<\/style>\n\t<\/div>\n\t\n\t\t<\/div>\n\t\t\t\t\t<\/div>\n\n\t\n<\/div>\n\t\t<\/div>\n\t\t\t\t\t<\/div>\n\n\t\n\n\t<div id=\"col-1885798187\" class=\"col medium-3 small-12 large-3\"  >\n\t\t\t\t<div class=\"col-inner\"  >\n\t\t\t\n\t\t\t\n\t<div class=\"img has-hover x md-x lg-x y md-y lg-y\" id=\"image_699933826\">\n\t\t\t\t\t\t\t\t<div class=\"img-inner dark\" >\n\t\t\t<img decoding=\"async\" width=\"100\" height=\"100\" src=\"https:\/\/ecoturbino.world\/wp-content\/uploads\/2024\/01\/impact7.svg\" class=\"attachment-original size-original\" alt=\"Az ecoturbino 7. hat\u00e1sa\" \/>\t\t\t\t\t\t\n\t\t\t\t\t<\/div>\n\t\t\t\t\t\t\t\t\n<style>\n#image_699933826 {\n  width: 100%;\n}\n<\/style>\n\t<\/div>\n\t\n\t\t<\/div>\n\t\t\t\t\t<\/div>\n\n\t\n<\/div>\n<div class=\"row\"  id=\"row-102350879\">\n\n\t<div id=\"col-1348196005\" class=\"col small-12 large-12\"  >\n\t\t\t\t<div class=\"col-inner\"  >\n\t\t\t\n\t\t\t\n<div class=\"is-divider divider clearfix\" style=\"max-width:100%;height:1px;\"><\/div>\n<h2><span style=\"font-size: 120%;\">Turbulens v\u00edz a zuhanyz\u00f3ban az ecoturbin\u00f3nak k\u00f6sz\u00f6nhet\u0151en | Hogyan \u00e9l\u00e9nk\u00edti a leveg\u0151 a v\u00edz\u00e1raml\u00e1st?<\/span><\/h2>\n<p>A <strong>a reggeli zuhanyz\u00e1s d\u00f6nt\u0151 pillanat<\/strong> sok ember sz\u00e1m\u00e1ra<strong> frissen \u00e9s energikusan indul a nap<\/strong>. Egy \u00e9l\u00e9nk\u00edt\u0151 v\u00edzsug\u00e1r csod\u00e1kra k\u00e9pes, \u00e9s fel\u00e9breszti az \u00e9rz\u00e9keket.<\/p>\n<p>Az ecoturbino egy l\u00e9p\u00e9ssel tov\u00e1bb megy, hogy fokozza ezt a zuhanyz\u00e1s \u00e9lm\u00e9ny\u00e9t az\u00e1ltal, hogy<strong> gener\u00e1l\u00f3 <a href=\"https:\/\/en.wikipedia.org\/wiki\/Turbulence\" target=\"_blank\" rel=\"noopener sponsored\">turbulens<\/a> v\u00edz.<\/strong> De hogyan is m\u0171k\u00f6dik ez val\u00f3j\u00e1ban? A v\u00e1lasz az okos <strong>leveg\u0151 bevezet\u00e9se a v\u00edz\u00e1ramba<\/strong>, ami \u00e9l\u00e9nk\u00edt\u0151 \u00e9s hat\u00e9kony zuhanyz\u00e1si \u00e9lm\u00e9nyt eredm\u00e9nyez.<\/p>\n<h3>A leveg\u0151 szerepe a zuhanyz\u00f3ban<\/h3>\n<p>A leveg\u0151 d\u00f6nt\u0151 szerepet j\u00e1tszik a zuhanyz\u00e1s \u00e9lm\u00e9ny\u00e9nek fokoz\u00e1s\u00e1ban. Amikor a v\u00edz\u00e1ramba ker\u00fcl, a <strong>apr\u00f3 l\u00e9gbubor\u00e9kokat hoz l\u00e9tre, amelyek felkavarj\u00e1k a vizet, nagyobb t\u00e9rfogatot \u00e9s szerkezetet biztos\u00edtva.<\/strong> Ez egy turbulens v\u00edz\u00e1raml\u00e1shoz vezet, amely a<strong> nagyobb hat\u00e9konys\u00e1g \u00e9s kellemesebb zuhanyoz\u00e1si \u00e9lm\u00e9ny.<\/strong><\/p>\n<h3>Az ecoturbino innovat\u00edv technol\u00f3gi\u00e1ja<\/h3>\n<p>ecoturbino ezt haszn\u00e1lja <strong>leveg\u0151technol\u00f3gia a v\u00edz\u00e1raml\u00e1s jav\u00edt\u00e1sa \u00e9rdek\u00e9ben.<\/strong> A technol\u00f3gia a keresztmetszet speci\u00e1lis sz\u0171k\u00edt\u00e9s\u00e9n alapul, amely <strong>felgyors\u00edtja a v\u00edz \u00e1raml\u00e1s\u00e1t<\/strong> mik\u00f6zben leveg\u0151t sz\u00edv be. Ez a leveg\u0151 ezut\u00e1n \u00f6sszekeveredik a v\u00edzzel, dinamikus \u00e9s \u00e9l\u00e9nk\u00edt\u0151 \u00e1raml\u00e1st hozva l\u00e9tre.<\/p>\n\t<div id=\"gap-1734918721\" class=\"gap-element clearfix\" style=\"display:block; height:auto;\">\n\t\t\n<style>\n#gap-1734918721 {\n  padding-top: 30px;\n}\n<\/style>\n\t<\/div>\n\t\n<div class=\"row\"  id=\"row-1510562489\">\n\n\t<div id=\"col-1591639813\" class=\"col medium-4 small-12 large-4\"  >\n\t\t\t\t<div class=\"col-inner\"  >\n\t\t\t\n\t\t\t\n\t<div class=\"img has-hover radius10 x md-x lg-x y md-y lg-y\" id=\"image_1473924065\">\n\t\t\t\t\t\t\t\t<div class=\"img-inner dark\" >\n\t\t\t<img decoding=\"async\" width=\"600\" height=\"600\" src=\"https:\/\/ecoturbino.world\/wp-content\/uploads\/2024\/01\/air-water_600.webp\" class=\"attachment-original size-original\" alt=\"Leveg\u0151 \u00e9s v\u00edz szimb\u00f3lum\" srcset=\"https:\/\/ecoturbino.world\/wp-content\/uploads\/2024\/01\/air-water_600.webp 600w, https:\/\/ecoturbino.world\/wp-content\/uploads\/2024\/01\/air-water_600-500x500.webp 500w, https:\/\/ecoturbino.world\/wp-content\/uploads\/2024\/01\/air-water_600-32x32.webp 32w, https:\/\/ecoturbino.world\/wp-content\/uploads\/2024\/01\/air-water_600-48x48.webp 48w, https:\/\/ecoturbino.world\/wp-content\/uploads\/2024\/01\/air-water_600-80x80.webp 80w, https:\/\/ecoturbino.world\/wp-content\/uploads\/2024\/01\/air-water_600-180x180.webp 180w\" sizes=\"(max-width: 600px) 100vw, 600px\" \/>\t\t\t\t\t\t\n\t\t\t\t\t<\/div>\n\t\t\t\t\t\t\t\t\n<style>\n#image_1473924065 {\n  width: 100%;\n}\n<\/style>\n\t<\/div>\n\t\n\t\t<\/div>\n\t\t\t\t\t<\/div>\n\n\t\n\n\t<div id=\"col-1977731646\" class=\"col medium-8 small-12 large-8\"  >\n\t\t\t\t<div class=\"col-inner\"  >\n\t\t\t\n\t\t\t\n<h3>A turbulens v\u00edz el\u0151nyei a zuhanyz\u00f3ban<\/h3>\n<ul>\n<li><strong>Hat\u00e9konyabb tiszt\u00edt\u00e1s:<\/strong> A turbulens v\u00edz\u00e1ram hat\u00e9konyan t\u00e1vol\u00edtja el a szennyez\u0151d\u00e9seket \u00e9s a szappant a b\u0151rr\u0151l \u00e9s a hajr\u00f3l, ami alaposabb tiszt\u00edt\u00e1st \u00e9s jobb zuhanyoz\u00e1si \u00e9lm\u00e9nyt eredm\u00e9nyez.<\/li>\n<li><strong>V\u00edzmegtakar\u00edt\u00e1s:<\/strong> Leveg\u0151 hozz\u00e1ad\u00e1s\u00e1val az ecoturbino n\u00f6velheti a v\u00edznyom\u00e1st an\u00e9lk\u00fcl, hogy t\u00f6bb vizet fogyasztana. Ez lehet\u0151v\u00e9 teszi a k\u00e9nyelmes zuhanyz\u00e1s \u00e9lm\u00e9ny\u00e9t cs\u00f6kkentett v\u00edzfogyaszt\u00e1s mellett.<\/li>\n<li><strong>Energiatakar\u00e9koss\u00e1g:<\/strong> Mivel kevesebb vizet kell felmeleg\u00edteni a meleg zuhanyv\u00edz el\u0151\u00e1ll\u00edt\u00e1s\u00e1hoz, az ecoturbino energiamegtakar\u00edt\u00e1st \u00e9s alacsonyabb energiak\u00f6lts\u00e9geket is eredm\u00e9nyez.<\/li>\n<li><strong>Fokozott zuhanyz\u00e1si k\u00e9nyelem:<\/strong> Az ecoturbino turbulensebb v\u00edzsugara er\u0151sebbnek \u00e9s kellemesebbnek \u00e9rz\u0151dik, ami jobb zuhanyz\u00e1si k\u00e9nyelmet eredm\u00e9nyez.<\/li>\n<li><strong><a href=\"https:\/\/ecoturbino.world\/hu\/hatas-5\/\">K\u00f6rnyezetv\u00e9delmi szempontb\u00f3l<\/a> bar\u00e1ts\u00e1gos:<\/strong> A cs\u00f6kkentett v\u00edz- \u00e9s energiafogyaszt\u00e1s kisebb k\u00f6rnyezetterhel\u00e9st \u00e9s CO2-kibocs\u00e1t\u00e1st jelent.<\/li>\n<\/ul>\n\t\t<\/div>\n\t\t\t\t\t<\/div>\n\n\t\n<\/div>\n\t<div id=\"gap-1883178438\" class=\"gap-element clearfix\" style=\"display:block; height:auto;\">\n\t\t\n<style>\n#gap-1883178438 {\n  padding-top: 30px;\n}\n<\/style>\n\t<\/div>\n\t\n<div class=\"row\"  id=\"row-1292308406\">\n\n\t<div id=\"col-22697617\" class=\"col medium-6 small-12 large-6\"  >\n\t\t\t\t<div class=\"col-inner\"  >\n\t\t\t\n\t\t\t\n<h3>Az ecoturbino telep\u00edt\u00e9se<\/h3>\n<p>Az ecoturbino telep\u00edt\u00e9se nem is lehetne egyszer\u0171bb. Jellemz\u0151en \u00bd h\u00fcvelykes szabv\u00e1nyos menettel \u00e9rkezik, amely a legt\u00f6bb zuhanyz\u00f3ban megtal\u00e1lhat\u00f3.<\/p>\n<p>Ez lehet\u0151v\u00e9 teszi <strong>gyors \u00e9s egyszer\u0171 telep\u00edt\u00e9s speci\u00e1lis szersz\u00e1mok n\u00e9lk\u00fcl<\/strong> vagy szak\u00e9rtelem. N\u00e9h\u00e1ny perc alatt b\u00e1rki \u00e9lvezheti a turbulens v\u00edz\u00e1raml\u00e1s el\u0151nyeit.<\/p>\n\t\t<\/div>\n\t\t\t\t\t<\/div>\n\n\t\n\n\t<div id=\"col-1530762833\" class=\"col medium-6 small-12 large-6\"  >\n\t\t\t\t<div class=\"col-inner\" style=\"background-color:#c0d63d;\" >\n\t\t\t\n\t\t\t\n\t<div id=\"text-2945940695\" class=\"text\">\n\t\t\n<h4 class=\"uppercase\">K\u00d6VETKEZTET\u00c9S<\/h4>\n\t\t\n<style>\n#text-2945940695 {\n  font-size: 2rem;\n  text-align: right;\n  color: rgb(255,255,255);\n}\n#text-2945940695 > * {\n  color: rgb(255,255,255);\n}\n@media (min-width:550px) {\n  #text-2945940695 {\n    font-size: 3.5rem;\n  }\n}\n<\/style>\n\t<\/div>\n\t\n<h3>\u00c9l\u00e9nk\u00edt\u0151 zuhanyz\u00e1s az ecoturbin\u00f3nak k\u00f6sz\u00f6nhet\u0151en<\/h3>\n<blockquote>\n<p>Az ecoturbino innovat\u00edv megold\u00e1st k\u00edn\u00e1l a zuhanyz\u00f3ban a turbulens v\u00edz el\u0151\u00e1ll\u00edt\u00e1s\u00e1ra, \u00e9s az \u00e9l\u00e9nk\u00edt\u0151 v\u00edzsug\u00e1r el\u0151nyeinek \u00e9lvez\u00e9s\u00e9re.<\/p>\n<\/blockquote>\n<p>A leveg\u0151 bevezet\u00e9se a v\u00edz\u00e1ramba lehet\u0151v\u00e9 teszi, hogy <strong>hat\u00e9konyabban zuhanyozhat, vizet \u00e9s energi\u00e1t takar\u00edthat meg,<\/strong> \u00e9s <strong>fokozza a zuhanyz\u00e1s k\u00e9nyelm\u00e9t<\/strong>t.<\/p>\n<p>Az egyszer\u0171 telep\u00edt\u00e9snek k\u00f6sz\u00f6nhet\u0151en mindenki \u00e9lvezheti az ecoturbino el\u0151nyeit, \u00e9s \u00faj szintre emelheti a reggeli zuhanyz\u00e1s \u00e9lm\u00e9ny\u00e9t.<\/p>\n\t\t<\/div>\n\t\t\t\t\n<style>\n#col-1530762833 > .col-inner {\n  padding: 10px 20px 1px 25px;\n  border-radius: 10px;\n}\n<\/style>\n\t<\/div>\n\n\t\n<\/div>\n\t\t<\/div>\n\t\t\t\t\n<style>\n#col-1348196005 > .col-inner {\n  margin: 0px 0px -125px 0px;\n}\n@media (min-width:550px) {\n  #col-1348196005 > .col-inner {\n    margin: 0px 0px -200px 0px;\n  }\n}\n<\/style>\n\t<\/div>\n\n\t\n<\/div>\n\t\t<\/div>\n\n\t\t\n<style>\n#section_316149613 {\n  padding-top: 30px;\n  padding-bottom: 30px;\n}\n<\/style>\n\t<\/section>\n\t\n\n\t<section class=\"section\" id=\"section_518139041\">\n\t\t<div class=\"section-bg fill\" >\n\t\t\t<img decoding=\"async\" width=\"1920\" height=\"683\" src=\"https:\/\/ecoturbino.world\/wp-content\/uploads\/2025\/12\/ecoturbino-function_1920-1.webp\" class=\"bg attachment- size-\" alt=\"ecoturbino funkci\u00f3\" \/>\t\t\t\t\t\t<div class=\"section-bg-overlay absolute fill\"><\/div>\n\t\t\t\n\n\t\t<\/div>\n\n\t\t\t<div class=\"ux-shape-divider ux-shape-divider--top ux-shape-divider--style-waves-opacity\">\n\t\t<svg viewbox=\"0 0 1000 300\" xmlns=\"http:\/\/www.w3.org\/2000\/svg\" preserveaspectratio=\"none\">\n    <path class=\"ux-shape-fill\" d=\"M0 300L-1 69.71C216 57 299.47 198.86 403 226C506 253 577 196 660 197C740 198 790.09 234.07 874 267C935.23 291 982 282.61 1000 277.61V300H0Z\"\/>\n    <path class=\"ux-shape-fill\" opacity=\"0.5\" d=\"M1 265.094L0 50.5C217 37.79 300.47 186.36 404 213.5C507 240.5 578 196.5 661 197.5C741 198.5 787.59 239.57 871.5 272.5C932.73 296.5 980.5 284.5 998.5 279.5V298.5L1 265.094Z\"\/>\n    <path class=\"ux-shape-fill\" opacity=\"0.15\" d=\"M0.999878 244.094L-0.00012207 27C217 14.29 300.47 173.86 404 201C507 228 578 196 661 197C741 198 787.59 243.07 871.5 276C932.73 300 980.5 284.5 998.5 279.5V299L0.999878 244.094Z\"\/>\n<\/svg>\n\n\t<\/div>\n\n\n\t\t<div class=\"section-content relative\">\n\t\t\t\n\t\t<\/div>\n\n\t\t\n<style>\n#section_518139041 {\n  padding-top: 125px;\n  padding-bottom: 125px;\n}\n#section_518139041 .section-bg-overlay {\n  background-color: rgba(0, 0, 0, 0.25);\n}\n#section_518139041 .ux-shape-divider--top svg {\n  height: 80px;\n  --divider-top-width: 100%;\n}\n@media (min-width:550px) {\n  #section_518139041 {\n    padding-top: 300px;\n    padding-bottom: 300px;\n  }\n  #section_518139041 .ux-shape-divider--top svg {\n    height: 124px;\n  }\n}\n<\/style>\n\t<\/section>","protected":false},"excerpt":{"rendered":"","protected":false},"author":2,"featured_media":1698,"parent":0,"menu_order":0,"comment_status":"closed","ping_status":"closed","template":"page-blank.php","meta":{"inline_featured_image":false,"footnotes":""},"class_list":["post-1220","page","type-page","status-publish","has-post-thumbnail","hentry"],"_links":{"self":[{"href":"https:\/\/ecoturbino.world\/hu\/wp-json\/wp\/v2\/pages\/1220","targetHints":{"allow":["GET"]}}],"collection":[{"href":"https:\/\/ecoturbino.world\/hu\/wp-json\/wp\/v2\/pages"}],"about":[{"href":"https:\/\/ecoturbino.world\/hu\/wp-json\/wp\/v2\/types\/page"}],"author":[{"embeddable":true,"href":"https:\/\/ecoturbino.world\/hu\/wp-json\/wp\/v2\/users\/2"}],"replies":[{"embeddable":true,"href":"https:\/\/ecoturbino.world\/hu\/wp-json\/wp\/v2\/comments?post=1220"}],"version-history":[{"count":0,"href":"https:\/\/ecoturbino.world\/hu\/wp-json\/wp\/v2\/pages\/1220\/revisions"}],"wp:featuredmedia":[{"embeddable":true,"href":"https:\/\/ecoturbino.world\/hu\/wp-json\/wp\/v2\/media\/1698"}],"wp:attachment":[{"href":"https:\/\/ecoturbino.world\/hu\/wp-json\/wp\/v2\/media?parent=1220"}],"curies":[{"name":"wp","href":"https:\/\/api.w.org\/{rel}","templated":true}]}}