{"id":1215,"date":"2024-01-01T12:07:15","date_gmt":"2024-01-01T11:07:15","guid":{"rendered":"https:\/\/ecoturbino.eu\/?page_id=1215"},"modified":"2025-12-29T22:45:35","modified_gmt":"2025-12-29T21:45:35","slug":"hatas-6","status":"publish","type":"page","link":"https:\/\/ecoturbino.world\/hu\/impact-6\/","title":{"rendered":"Abszol\u00fat karbantart\u00e1smentes \u00e9s ut\u00f3lagosan be\u00e9p\u00edthet\u0151 minden zuhanyz\u00f3ba - b\u00e1rki felszerelheti."},"content":{"rendered":"<section class=\"section zindex1\" id=\"section_111011549\">\n\t\t<div class=\"section-bg fill\" >\n\t\t\t\t\t\t\t\t\t\n\t\t\t\n\n\t\t<\/div>\n\n\t\t\n\n\t\t<div class=\"section-content relative\">\n\t\t\t\n<div class=\"row row-small\"  id=\"row-71640654\">\n\n\t<div id=\"col-1710944102\" class=\"col medium-9 small-12 large-9\"  >\n\t\t\t\t<div class=\"col-inner\"  >\n\t\t\t\n\t\t\t\n<h2 class=\"uppercase\">Abszol\u00fat karbantart\u00e1smentes \u00e9s ut\u00f3lagos felszerel\u00e9s minden zuhanyz\u00f3ban - b\u00e1rki \u00e1ltal telep\u00edthet\u0151<\/h2>\n<h3 class=\"thin-font\">az ecoturbino\u00ae v\u00edztakar\u00e9kos k\u00f6rnyezetv\u00e9d\u0151 rendszer hatodik hat\u00e1sa<\/h3>\n<div class=\"row\"  id=\"row-1262147908\">\n\n\t<div id=\"col-1731180422\" class=\"col medium-11 small-12 large-11\"  >\n\t\t\t\t<div class=\"col-inner\"  >\n\t\t\t\n\t\t\t\n\t<div id=\"stack-156592286\" class=\"stack stack-row justify-start items-start\">\n\t\t\n\t<div class=\"img has-hover x md-x lg-x y md-y lg-y\" id=\"image_1494860468\">\n\t\t<a class=\"\" href=\"\/hu\/hatas-1\/\" >\t\t\t\t\t\t<div class=\"img-inner image-color dark\" >\n\t\t\t<img decoding=\"async\" width=\"100\" height=\"100\" src=\"https:\/\/ecoturbino.world\/wp-content\/uploads\/2024\/01\/impact1.svg\" class=\"attachment-original size-original\" alt=\"\" \/>\t\t\t\t\t\t\n\t\t\t\t\t<\/div>\n\t\t\t\t\t\t<\/a>\t\t\n<style>\n#image_1494860468 {\n  width: 100%;\n}\n<\/style>\n\t<\/div>\n\t\n\t<div class=\"img has-hover x md-x lg-x y md-y lg-y\" id=\"image_1847931760\">\n\t\t<a class=\"\" href=\"\/hu\/hatas-2\/\" >\t\t\t\t\t\t<div class=\"img-inner image-color dark\" >\n\t\t\t<img decoding=\"async\" width=\"100\" height=\"100\" src=\"https:\/\/ecoturbino.world\/wp-content\/uploads\/2024\/01\/impact2.svg\" class=\"attachment-original size-original\" alt=\"\" \/>\t\t\t\t\t\t\n\t\t\t\t\t<\/div>\n\t\t\t\t\t\t<\/a>\t\t\n<style>\n#image_1847931760 {\n  width: 100%;\n}\n<\/style>\n\t<\/div>\n\t\n\t<div class=\"img has-hover x md-x lg-x y md-y lg-y\" id=\"image_480682126\">\n\t\t<a class=\"\" href=\"\/hu\/hatas-3\/\" >\t\t\t\t\t\t<div class=\"img-inner image-color dark\" >\n\t\t\t<img decoding=\"async\" width=\"100\" height=\"100\" src=\"https:\/\/ecoturbino.world\/wp-content\/uploads\/2024\/01\/impact3.svg\" class=\"attachment-original size-original\" alt=\"Az ecoturbino 3. hat\u00e1sa\" \/>\t\t\t\t\t\t\n\t\t\t\t\t<\/div>\n\t\t\t\t\t\t<\/a>\t\t\n<style>\n#image_480682126 {\n  width: 100%;\n}\n<\/style>\n\t<\/div>\n\t\n\t<div class=\"img has-hover x md-x lg-x y md-y lg-y\" id=\"image_1615269186\">\n\t\t<a class=\"\" href=\"\/hu\/hatas-4\/\" >\t\t\t\t\t\t<div class=\"img-inner image-color dark\" >\n\t\t\t<img decoding=\"async\" width=\"100\" height=\"100\" src=\"https:\/\/ecoturbino.world\/wp-content\/uploads\/2024\/01\/impact4.svg\" class=\"attachment-original size-original\" alt=\"Az ecoturbino 4. hat\u00e1sa\" \/>\t\t\t\t\t\t\n\t\t\t\t\t<\/div>\n\t\t\t\t\t\t<\/a>\t\t\n<style>\n#image_1615269186 {\n  width: 100%;\n}\n<\/style>\n\t<\/div>\n\t\n\t<div class=\"img has-hover x md-x lg-x y md-y lg-y\" id=\"image_599742004\">\n\t\t<a class=\"\" href=\"\/hu\/hatas-5\/\" >\t\t\t\t\t\t<div class=\"img-inner image-color dark\" >\n\t\t\t<img decoding=\"async\" width=\"100\" height=\"100\" src=\"https:\/\/ecoturbino.world\/wp-content\/uploads\/2024\/01\/impact5.svg\" class=\"attachment-original size-original\" alt=\"\" \/>\t\t\t\t\t\t\n\t\t\t\t\t<\/div>\n\t\t\t\t\t\t<\/a>\t\t\n<style>\n#image_599742004 {\n  width: 100%;\n}\n<\/style>\n\t<\/div>\n\t\n\t<div class=\"img has-hover x md-x lg-x y md-y lg-y\" id=\"image_869330220\">\n\t\t\t\t\t\t\t\t<div class=\"img-inner dark\" >\n\t\t\t<img decoding=\"async\" width=\"100\" height=\"100\" src=\"https:\/\/ecoturbino.world\/wp-content\/uploads\/2024\/01\/impact6.svg\" class=\"attachment-original size-original\" alt=\"Az ecoturbino 6. hat\u00e1sa\" \/>\t\t\t\t\t\t\n\t\t\t\t\t<\/div>\n\t\t\t\t\t\t\t\t\n<style>\n#image_869330220 {\n  width: 100%;\n}\n<\/style>\n\t<\/div>\n\t\n\t<div class=\"img has-hover x md-x lg-x y md-y lg-y\" id=\"image_1097926604\">\n\t\t<a class=\"\" href=\"\/hu\/hatas-7\/\" >\t\t\t\t\t\t<div class=\"img-inner image-color dark\" >\n\t\t\t<img decoding=\"async\" width=\"100\" height=\"100\" src=\"https:\/\/ecoturbino.world\/wp-content\/uploads\/2024\/01\/impact7.svg\" class=\"attachment-original size-original\" alt=\"Az ecoturbino 7. hat\u00e1sa\" \/>\t\t\t\t\t\t\n\t\t\t\t\t<\/div>\n\t\t\t\t\t\t<\/a>\t\t\n<style>\n#image_1097926604 {\n  width: 100%;\n}\n<\/style>\n\t<\/div>\n\t\n\t\t\n<style>\n#stack-156592286 > * {\n  --stack-gap: 0.5rem;\n}\n@media (min-width:550px) {\n  #stack-156592286 > * {\n    --stack-gap: 1rem;\n  }\n}\n<\/style>\n\t<\/div>\n\t\n\t\t<\/div>\n\t\t\t\t\t<\/div>\n\n\t\n<\/div>\n\t\t<\/div>\n\t\t\t\t\t<\/div>\n\n\t\n\n\t<div id=\"col-1894612435\" class=\"col medium-3 small-12 large-3\"  >\n\t\t\t\t<div class=\"col-inner\"  >\n\t\t\t\n\t\t\t\n\t<div class=\"img has-hover x md-x lg-x y md-y lg-y\" id=\"image_1587978055\">\n\t\t\t\t\t\t\t\t<div class=\"img-inner dark\" >\n\t\t\t<img decoding=\"async\" width=\"100\" height=\"100\" src=\"https:\/\/ecoturbino.world\/wp-content\/uploads\/2024\/01\/impact6.svg\" class=\"attachment-original size-original\" alt=\"Az ecoturbino 6. hat\u00e1sa\" \/>\t\t\t\t\t\t\n\t\t\t\t\t<\/div>\n\t\t\t\t\t\t\t\t\n<style>\n#image_1587978055 {\n  width: 100%;\n}\n<\/style>\n\t<\/div>\n\t\n\t\t<\/div>\n\t\t\t\t\t<\/div>\n\n\t\n<\/div>\n<div class=\"row\"  id=\"row-2069364256\">\n\n\t<div id=\"col-701221210\" class=\"col small-12 large-12\"  >\n\t\t\t\t<div class=\"col-inner\"  >\n\t\t\t\n\t\t\t\n<div class=\"is-divider divider clearfix\" style=\"max-width:100%;height:1px;\"><\/div>\n<h3><span style=\"font-size: 120%;\">Energiatakar\u00e9koss\u00e1g egyszer\u0171en | <a href=\"https:\/\/en.ecoturbino.shop\/details\/\" target=\"_blank\" rel=\"noopener\">ecoturbino<\/a> - K\u00f6nnyen telep\u00edthet\u0151 \u00e9s mindenki sz\u00e1m\u00e1ra alkalmas<\/span><\/h3>\n<p>Egy olyan id\u0151szakban, amikor <strong>az energiatakar\u00e9koss\u00e1g \u00e9s a k\u00f6rnyezetv\u00e9delem egyre fontosabb\u00e1 v\u00e1lik,<\/strong> sokan keresik a m\u00f3dj\u00e1t, hogy <strong>cs\u00f6kkentik energiafogyaszt\u00e1sukat<\/strong> \u00e9s <strong>cs\u00f6kkentik \u00f6kol\u00f3giai l\u00e1bnyomukat.<\/strong><\/p>\n<p>Azonban gyakran tal\u00e1lkoznak azzal a probl\u00e9m\u00e1val, hogy sok <strong>az energiatakar\u00e9kos term\u00e9kek bonyolultak<\/strong> \u00e9s szakszer\u0171 beszerel\u00e9st ig\u00e9nyelnek. De ennek nem kell \u00edgy lennie. Az ecoturbino seg\u00edts\u00e9g\u00e9vel az energiatakar\u00e9koss\u00e1g gyerekj\u00e1t\u00e9kk\u00e1 v\u00e1lik.<\/p>\n<p>Ez a <strong>innovat\u00edv osztr\u00e1k term\u00e9k<\/strong> lehet <strong>b\u00e1rki \u00e1ltal el\u0151zetes ismeretek n\u00e9lk\u00fcl telep\u00edthet\u0151<\/strong> vagy szak\u00e9rtelemmel, \u00e9s b\u00e1rmilyen zuhanyz\u00f3ban elf\u00e9r. Mind\u00f6ssze h\u00e1rom perc alatt haszn\u00e1latra k\u00e9sz, \u00e9s nem ig\u00e9nyel szersz\u00e1mokat vagy bonyolult telep\u00edt\u00e9st.<\/p>\n<h3>Mi\u00e9rt olyan egyszer\u0171 az ecoturbino telep\u00edt\u00e9se?<\/h3>\n<p>Az Ecoturbino-t \u00fagy tervezt\u00e9k, hogy<strong> a lehet\u0151 legegyszer\u0171bb telep\u00edt\u00e9s<\/strong>. Nem ig\u00e9nyel bonyolult eszk\u00f6z\u00f6ket vagy speci\u00e1lis tud\u00e1st. Ennek oka a \u00bd h\u00fcvelykes szabv\u00e1nyos menet, amely a legt\u00f6bb v\u00edzvezet\u00e9k-csatlakoz\u00e1sn\u00e1l jelen van a zuhany melegv\u00edz-kever\u0151n\u00e9l.<\/p>\n<p>Ez a szabv\u00e1nyos menet lehet\u0151v\u00e9 teszi az ecoturbino egyszer\u0171 \u00e9s biztons\u00e1gos r\u00f6gz\u00edt\u00e9s\u00e9t tov\u00e1bbi be\u00e1ll\u00edt\u00e1sok vagy m\u00f3dos\u00edt\u00e1sok n\u00e9lk\u00fcl.<\/p>\n\t<div id=\"gap-1330941212\" class=\"gap-element clearfix\" style=\"display:block; height:auto;\">\n\t\t\n<style>\n#gap-1330941212 {\n  padding-top: 30px;\n}\n<\/style>\n\t<\/div>\n\t\n<div class=\"row\"  id=\"row-879932261\">\n\n\t<div id=\"col-1859056346\" class=\"col medium-4 small-12 large-4\"  >\n\t\t\t\t<div class=\"col-inner\"  >\n\t\t\t\n\t\t\t\n\t<div class=\"img has-hover radius10 x md-x lg-x y md-y lg-y\" id=\"image_1910343174\">\n\t\t\t\t\t\t\t\t<div class=\"img-inner dark\" >\n\t\t\t<img decoding=\"async\" width=\"600\" height=\"600\" src=\"https:\/\/ecoturbino.world\/wp-content\/uploads\/2024\/01\/tools-shower_600.webp\" class=\"attachment-original size-original\" alt=\"Zuhanyz\u00f3 szersz\u00e1mok szimb\u00f3luma\" srcset=\"https:\/\/ecoturbino.world\/wp-content\/uploads\/2024\/01\/tools-shower_600.webp 600w, https:\/\/ecoturbino.world\/wp-content\/uploads\/2024\/01\/tools-shower_600-500x500.webp 500w, https:\/\/ecoturbino.world\/wp-content\/uploads\/2024\/01\/tools-shower_600-32x32.webp 32w, https:\/\/ecoturbino.world\/wp-content\/uploads\/2024\/01\/tools-shower_600-48x48.webp 48w, https:\/\/ecoturbino.world\/wp-content\/uploads\/2024\/01\/tools-shower_600-80x80.webp 80w, https:\/\/ecoturbino.world\/wp-content\/uploads\/2024\/01\/tools-shower_600-180x180.webp 180w\" sizes=\"(max-width: 600px) 100vw, 600px\" \/>\t\t\t\t\t\t\n\t\t\t\t\t<\/div>\n\t\t\t\t\t\t\t\t\n<style>\n#image_1910343174 {\n  width: 100%;\n}\n<\/style>\n\t<\/div>\n\t\n\t\t<\/div>\n\t\t\t\t\t<\/div>\n\n\t\n\n\t<div id=\"col-964231434\" class=\"col medium-8 small-12 large-8\"  >\n\t\t\t\t<div class=\"col-inner\"  >\n\t\t\t\n\t\t\t\n<h3>Az egyszer\u0171 ecoturbino telep\u00edt\u00e9si folyamat<\/h3>\n<p>Az ecoturbino telep\u00edt\u00e9se nem is lehetne egyszer\u0171bb. Itt vannak a l\u00e9p\u00e9sek r\u00e9szletesen:<\/p>\n<ol>\n<li><strong>El\u0151k\u00e9sz\u00edt\u00e9s:<\/strong> Gy\u0151z\u0151dj\u00f6n meg r\u00f3la, hogy a zuhanycs\u0151 <strong>\u00bd h\u00fcvelykes szabv\u00e1nyos menet<\/strong> (amely a vil\u00e1gm\u00e9ret\u0171 szabv\u00e1ny). Ez a helyzet a legt\u00f6bb zuhanyz\u00f3ban.<\/li>\n<li><strong>T\u00e1vol\u00edtsa el a zuhanyt\u00f6ml\u0151t:<\/strong> Csavarja ki az \u00f3ramutat\u00f3 j\u00e1r\u00e1s\u00e1val megegyez\u0151 ir\u00e1nyban elforgatva.<\/li>\n<li><strong>Csatlakoztassa az ecoturbin\u00f3t:<\/strong> Egyszer\u0171en csavarja az ecoturbin\u00f3t a kever\u0151 \u00bd h\u00fcvelykes szabv\u00e1nyos menet\u00e9re, az \u00f3ramutat\u00f3 j\u00e1r\u00e1s\u00e1val megegyez\u0151 ir\u00e1nyba forgatva, am\u00edg biztons\u00e1gosan r\u00f6gz\u00fcl.<\/li>\n<li>Most csatlakoztassa a v\u00edzt\u00f6ml\u0151t az ecoturbin\u00f3hoz - K\u00e9sz! Az ecoturbino m\u00e1r k\u00e9szen \u00e1ll a haszn\u00e1latra. Nincs sz\u00fcks\u00e9g tov\u00e1bbi l\u00e9p\u00e9sekre.<\/li>\n<\/ol>\n\t\t<\/div>\n\t\t\t\t\t<\/div>\n\n\t\n<\/div>\n\t<div id=\"gap-1144361875\" class=\"gap-element clearfix\" style=\"display:block; height:auto;\">\n\t\t\n<style>\n#gap-1144361875 {\n  padding-top: 30px;\n}\n<\/style>\n\t<\/div>\n\t\n<div class=\"row\"  id=\"row-240850774\">\n\n\t<div id=\"col-416138310\" class=\"col medium-6 small-12 large-6\"  >\n\t\t\t\t<div class=\"col-inner\"  >\n\t\t\t\n\t\t\t\n<h3>Nincs sz\u00fcks\u00e9g el\u0151zetes ismeretekre vagy szak\u00e9rtelemre<\/h3>\n<p>A legjobb dolog az ecoturbino-ban az, hogy ez <strong>mindenki sz\u00e1m\u00e1ra alkalmas<\/strong>. Nem kell el\u0151zetes tud\u00e1s vagy szak\u00e9rtelem a v\u00edzvezet\u00e9k-szerel\u00e9sben. A szabv\u00e1nyos menet \u00e9s az egyszer\u0171 r\u00f6gz\u00edt\u00e9snek k\u00f6sz\u00f6nhet\u0151en a beszerel\u00e9s gyerekj\u00e1t\u00e9k.<\/p>\n<blockquote>\n<p>Ez egy nagyszer\u0171 m\u00f3dja az energia- \u00e9s v\u00edztakar\u00e9koss\u00e1gnak an\u00e9lk\u00fcl, hogy a telep\u00edt\u00e9s bonyolults\u00e1ga miatt kellene agg\u00f3dnia.<\/p>\n<\/blockquote>\n\t\t<\/div>\n\t\t\t\t\t<\/div>\n\n\t\n\n\t<div id=\"col-789147768\" class=\"col medium-6 small-12 large-6\"  >\n\t\t\t\t<div class=\"col-inner\" style=\"background-color:#c0d63d;\" >\n\t\t\t\n\t\t\t\n\t<div id=\"text-3267832678\" class=\"text\">\n\t\t\n<h4 class=\"uppercase\">K\u00d6VETKEZTET\u00c9S<\/h4>\n\t\t\n<style>\n#text-3267832678 {\n  font-size: 2rem;\n  text-align: right;\n  color: rgb(255,255,255);\n}\n#text-3267832678 > * {\n  color: rgb(255,255,255);\n}\n@media (min-width:550px) {\n  #text-3267832678 {\n    font-size: 3.5rem;\n  }\n}\n<\/style>\n\t<\/div>\n\t\n<h3>Az ecoturbino nagy el\u0151nyei<\/h3>\n<p>Az Ecoturbino nem csak egyszer\u0171 telep\u00edt\u00e9st k\u00edn\u00e1l, hanem sz\u00e1mos el\u0151nyt is, amelyek a k\u00f6vetkez\u0151ket jelentik <strong>\u00e9rdemes befektet\u00e9ss\u00e9 teszi<\/strong>:<\/p>\n<ul>\n<li><strong><a href=\"https:\/\/ecoturbino.world\/hu\/az-eu-szabalyozza-az-edesvizet\/\">V\u00edzmegtakar\u00edt\u00e1s<\/a>:<\/strong> Az Ecoturbino 40 sz\u00e1zal\u00e9kkal cs\u00f6kkenti a v\u00edzfogyaszt\u00e1st zuhanyz\u00e1s k\u00f6zben. Ez nemcsak vizet takar\u00edt meg, hanem cs\u00f6kkenti a v\u00edztermel\u00e9s \u00e9s a v\u00edzelvezet\u00e9s k\u00f6lts\u00e9geit is.<\/li>\n<li><strong>Energiatakar\u00e9koss\u00e1g:<\/strong> Mivel kevesebb vizet kell felmeleg\u00edteni a meleg zuhanyv\u00edz el\u0151\u00e1ll\u00edt\u00e1s\u00e1hoz, az ecoturbino jelent\u0151s energiamegtakar\u00edt\u00e1st \u00e9s alacsonyabb energiak\u00f6lts\u00e9geket is eredm\u00e9nyez.<\/li>\n<li><strong>K\u00f6rnyezetbar\u00e1t:<\/strong> A cs\u00f6kkentett v\u00edz- \u00e9s energiafogyaszt\u00e1s hozz\u00e1j\u00e1rul a k\u00f6rnyezetv\u00e9delemhez \u00e9s a CO2-kibocs\u00e1t\u00e1s cs\u00f6kken\u00e9s\u00e9hez.<\/li>\n<li><strong>Gyors megt\u00e9r\u00fcl\u00e9s:<\/strong> A v\u00edz- \u00e9s energiak\u00f6lts\u00e9gek megtakar\u00edt\u00e1sa gyorsan megt\u00e9r\u00edti az ecoturbino beruh\u00e1z\u00e1st.<\/li>\n<li><strong>Fokozott zuhanyz\u00e1si k\u00e9nyelem:<\/strong> A v\u00edzfogyaszt\u00e1s cs\u00f6kkent\u00e9se ellen\u00e9re az ecoturbino m\u00e9g mindig er\u0151s \u00e9s \u00e9lvezetes zuhanyoz\u00e1si \u00e9lm\u00e9nyt ny\u00fajt. A v\u00edzsug\u00e1r tov\u00e1bbra is er\u0151teljes \u00e9s kellemes marad.<\/li>\n<\/ul>\n<blockquote>\n<p>\u00d6sszess\u00e9g\u00e9ben, ecoturbino egy egyszer\u0171 \u00e9s <strong>k\u00f6lts\u00e9ghat\u00e9kony m\u00f3dja az energia- \u00e9s v\u00edztakar\u00e9koss\u00e1gnak a zuhanyoz\u00e1si k\u00e9nyelem fel\u00e1ldoz\u00e1sa n\u00e9lk\u00fcl.<\/strong> B\u00e1rki telep\u00edtheti, \u00e9s kihaszn\u00e1lhatja az \u00e1ltala k\u00edn\u00e1lt sz\u00e1mos el\u0151nyt. Mindenki sz\u00e1m\u00e1ra el\u0151ny\u00f6s megold\u00e1s a p\u00e9nzt\u00e1rc\u00e1ja \u00e9s a k\u00f6rnyezet sz\u00e1m\u00e1ra.<\/p>\n<\/blockquote>\n\t\t<\/div>\n\t\t\t\t\n<style>\n#col-789147768 > .col-inner {\n  padding: 10px 20px 1px 20px;\n  border-radius: 10px;\n}\n<\/style>\n\t<\/div>\n\n\t\n<\/div>\n\t\t<\/div>\n\t\t\t\t\n<style>\n#col-701221210 > .col-inner {\n  margin: 0px 0px -125px 0px;\n}\n@media (min-width:550px) {\n  #col-701221210 > .col-inner {\n    margin: 0px 0px -200px 0px;\n  }\n}\n<\/style>\n\t<\/div>\n\n\t\n<\/div>\n\t\t<\/div>\n\n\t\t\n<style>\n#section_111011549 {\n  padding-top: 30px;\n  padding-bottom: 30px;\n}\n<\/style>\n\t<\/section>\n\t\n\n\t<section class=\"section\" id=\"section_939426624\">\n\t\t<div class=\"section-bg fill\" >\n\t\t\t<img decoding=\"async\" width=\"1920\" height=\"683\" src=\"https:\/\/ecoturbino.world\/wp-content\/uploads\/2025\/12\/ecoturbino-function_1920-1.webp\" class=\"bg attachment- size-\" alt=\"ecoturbino funkci\u00f3\" \/>\t\t\t\t\t\t<div class=\"section-bg-overlay absolute fill\"><\/div>\n\t\t\t\n\n\t\t<\/div>\n\n\t\t\t<div class=\"ux-shape-divider ux-shape-divider--top ux-shape-divider--style-waves-opacity\">\n\t\t<svg viewbox=\"0 0 1000 300\" xmlns=\"http:\/\/www.w3.org\/2000\/svg\" preserveaspectratio=\"none\">\n    <path class=\"ux-shape-fill\" d=\"M0 300L-1 69.71C216 57 299.47 198.86 403 226C506 253 577 196 660 197C740 198 790.09 234.07 874 267C935.23 291 982 282.61 1000 277.61V300H0Z\"\/>\n    <path class=\"ux-shape-fill\" opacity=\"0.5\" d=\"M1 265.094L0 50.5C217 37.79 300.47 186.36 404 213.5C507 240.5 578 196.5 661 197.5C741 198.5 787.59 239.57 871.5 272.5C932.73 296.5 980.5 284.5 998.5 279.5V298.5L1 265.094Z\"\/>\n    <path class=\"ux-shape-fill\" opacity=\"0.15\" d=\"M0.999878 244.094L-0.00012207 27C217 14.29 300.47 173.86 404 201C507 228 578 196 661 197C741 198 787.59 243.07 871.5 276C932.73 300 980.5 284.5 998.5 279.5V299L0.999878 244.094Z\"\/>\n<\/svg>\n\n\t<\/div>\n\n\n\t\t<div class=\"section-content relative\">\n\t\t\t\n\t\t<\/div>\n\n\t\t\n<style>\n#section_939426624 {\n  padding-top: 125px;\n  padding-bottom: 125px;\n}\n#section_939426624 .section-bg-overlay {\n  background-color: rgba(0, 0, 0, 0.25);\n}\n#section_939426624 .ux-shape-divider--top svg {\n  height: 80px;\n  --divider-top-width: 100%;\n}\n@media (min-width:550px) {\n  #section_939426624 {\n    padding-top: 200px;\n    padding-bottom: 200px;\n  }\n  #section_939426624 .ux-shape-divider--top svg {\n    height: 124px;\n  }\n}\n<\/style>\n\t<\/section>","protected":false},"excerpt":{"rendered":"","protected":false},"author":2,"featured_media":1685,"parent":0,"menu_order":0,"comment_status":"closed","ping_status":"closed","template":"page-blank.php","meta":{"inline_featured_image":false,"footnotes":""},"class_list":["post-1215","page","type-page","status-publish","has-post-thumbnail","hentry"],"_links":{"self":[{"href":"https:\/\/ecoturbino.world\/hu\/wp-json\/wp\/v2\/pages\/1215","targetHints":{"allow":["GET"]}}],"collection":[{"href":"https:\/\/ecoturbino.world\/hu\/wp-json\/wp\/v2\/pages"}],"about":[{"href":"https:\/\/ecoturbino.world\/hu\/wp-json\/wp\/v2\/types\/page"}],"author":[{"embeddable":true,"href":"https:\/\/ecoturbino.world\/hu\/wp-json\/wp\/v2\/users\/2"}],"replies":[{"embeddable":true,"href":"https:\/\/ecoturbino.world\/hu\/wp-json\/wp\/v2\/comments?post=1215"}],"version-history":[{"count":0,"href":"https:\/\/ecoturbino.world\/hu\/wp-json\/wp\/v2\/pages\/1215\/revisions"}],"wp:featuredmedia":[{"embeddable":true,"href":"https:\/\/ecoturbino.world\/hu\/wp-json\/wp\/v2\/media\/1685"}],"wp:attachment":[{"href":"https:\/\/ecoturbino.world\/hu\/wp-json\/wp\/v2\/media?parent=1215"}],"curies":[{"name":"wp","href":"https:\/\/api.w.org\/{rel}","templated":true}]}}