{"id":1212,"date":"2024-01-01T12:02:37","date_gmt":"2024-01-01T11:02:37","guid":{"rendered":"https:\/\/ecoturbino.eu\/?page_id=1212"},"modified":"2025-12-29T22:45:10","modified_gmt":"2025-12-29T21:45:10","slug":"hatas-5","status":"publish","type":"page","link":"https:\/\/ecoturbino.world\/hu\/impact-5\/","title":{"rendered":"A F\u00f6ld er\u0151forr\u00e1s-k\u00edm\u00e9l\u0151 haszn\u00e1lata"},"content":{"rendered":"<section class=\"section zindex1\" id=\"section_1750443747\">\n\t\t<div class=\"section-bg fill\" >\n\t\t\t\t\t\t\t\t\t\n\t\t\t\n\n\t\t<\/div>\n\n\t\t\n\n\t\t<div class=\"section-content relative\">\n\t\t\t\n<div class=\"row row-small\"  id=\"row-2102864123\">\n\n\t<div id=\"col-210082099\" class=\"col medium-9 small-12 large-9\"  >\n\t\t\t\t<div class=\"col-inner\"  >\n\t\t\t\n\t\t\t\n<h1 class=\"uppercase\">A F\u00f6ld er\u0151forr\u00e1s-k\u00edm\u00e9l\u0151 kezel\u00e9se<\/h1>\n<h3 class=\"thin-font\">az ecoturbino\u00ae v\u00edztakar\u00e9kos k\u00f6rnyezetv\u00e9d\u0151 rendszer \u00f6t\u00f6dik hat\u00e1sa<\/h3>\n<div class=\"row\"  id=\"row-487508113\">\n\n\t<div id=\"col-1019744210\" class=\"col medium-11 small-12 large-11\"  >\n\t\t\t\t<div class=\"col-inner\"  >\n\t\t\t\n\t\t\t\n\t<div id=\"stack-3401030939\" class=\"stack stack-row justify-start items-start\">\n\t\t\n\t<div class=\"img has-hover x md-x lg-x y md-y lg-y\" id=\"image_918159946\">\n\t\t<a class=\"\" href=\"\/hu\/hatas-1\/\" >\t\t\t\t\t\t<div class=\"img-inner image-color dark\" >\n\t\t\t<img decoding=\"async\" width=\"100\" height=\"100\" src=\"https:\/\/ecoturbino.world\/wp-content\/uploads\/2024\/01\/impact1.svg\" class=\"attachment-original size-original\" alt=\"\" \/>\t\t\t\t\t\t\n\t\t\t\t\t<\/div>\n\t\t\t\t\t\t<\/a>\t\t\n<style>\n#image_918159946 {\n  width: 100%;\n}\n<\/style>\n\t<\/div>\n\t\n\t<div class=\"img has-hover x md-x lg-x y md-y lg-y\" id=\"image_125317033\">\n\t\t<a class=\"\" href=\"\/hu\/hatas-2\/\" >\t\t\t\t\t\t<div class=\"img-inner image-color dark\" >\n\t\t\t<img decoding=\"async\" width=\"100\" height=\"100\" src=\"https:\/\/ecoturbino.world\/wp-content\/uploads\/2024\/01\/impact2.svg\" class=\"attachment-original size-original\" alt=\"\" \/>\t\t\t\t\t\t\n\t\t\t\t\t<\/div>\n\t\t\t\t\t\t<\/a>\t\t\n<style>\n#image_125317033 {\n  width: 100%;\n}\n<\/style>\n\t<\/div>\n\t\n\t<div class=\"img has-hover x md-x lg-x y md-y lg-y\" id=\"image_1349722953\">\n\t\t<a class=\"\" href=\"\/hu\/hatas-3\/\" >\t\t\t\t\t\t<div class=\"img-inner image-color dark\" >\n\t\t\t<img decoding=\"async\" width=\"100\" height=\"100\" src=\"https:\/\/ecoturbino.world\/wp-content\/uploads\/2024\/01\/impact3.svg\" class=\"attachment-original size-original\" alt=\"Az ecoturbino 3. hat\u00e1sa\" \/>\t\t\t\t\t\t\n\t\t\t\t\t<\/div>\n\t\t\t\t\t\t<\/a>\t\t\n<style>\n#image_1349722953 {\n  width: 100%;\n}\n<\/style>\n\t<\/div>\n\t\n\t<div class=\"img has-hover x md-x lg-x y md-y lg-y\" id=\"image_152703209\">\n\t\t<a class=\"\" href=\"\/hu\/hatas-4\/\" >\t\t\t\t\t\t<div class=\"img-inner image-color dark\" >\n\t\t\t<img decoding=\"async\" width=\"100\" height=\"100\" src=\"https:\/\/ecoturbino.world\/wp-content\/uploads\/2024\/01\/impact4.svg\" class=\"attachment-original size-original\" alt=\"Az ecoturbino 4. hat\u00e1sa\" \/>\t\t\t\t\t\t\n\t\t\t\t\t<\/div>\n\t\t\t\t\t\t<\/a>\t\t\n<style>\n#image_152703209 {\n  width: 100%;\n}\n<\/style>\n\t<\/div>\n\t\n\t<div class=\"img has-hover x md-x lg-x y md-y lg-y\" id=\"image_1310133396\">\n\t\t\t\t\t\t\t\t<div class=\"img-inner dark\" >\n\t\t\t<img decoding=\"async\" width=\"100\" height=\"100\" src=\"https:\/\/ecoturbino.world\/wp-content\/uploads\/2024\/01\/impact5.svg\" class=\"attachment-original size-original\" alt=\"\" \/>\t\t\t\t\t\t\n\t\t\t\t\t<\/div>\n\t\t\t\t\t\t\t\t\n<style>\n#image_1310133396 {\n  width: 100%;\n}\n<\/style>\n\t<\/div>\n\t\n\t<div class=\"img has-hover x md-x lg-x y md-y lg-y\" id=\"image_374502695\">\n\t\t<a class=\"\" href=\"\/hu\/hatas-6\/\" >\t\t\t\t\t\t<div class=\"img-inner image-color dark\" >\n\t\t\t<img decoding=\"async\" width=\"100\" height=\"100\" src=\"https:\/\/ecoturbino.world\/wp-content\/uploads\/2024\/01\/impact6.svg\" class=\"attachment-original size-original\" alt=\"Az ecoturbino 6. hat\u00e1sa\" \/>\t\t\t\t\t\t\n\t\t\t\t\t<\/div>\n\t\t\t\t\t\t<\/a>\t\t\n<style>\n#image_374502695 {\n  width: 100%;\n}\n<\/style>\n\t<\/div>\n\t\n\t<div class=\"img has-hover x md-x lg-x y md-y lg-y\" id=\"image_1756757495\">\n\t\t<a class=\"\" href=\"\/hu\/hatas-7\/\" >\t\t\t\t\t\t<div class=\"img-inner image-color dark\" >\n\t\t\t<img decoding=\"async\" width=\"100\" height=\"100\" src=\"https:\/\/ecoturbino.world\/wp-content\/uploads\/2024\/01\/impact7.svg\" class=\"attachment-original size-original\" alt=\"Az ecoturbino 7. hat\u00e1sa\" \/>\t\t\t\t\t\t\n\t\t\t\t\t<\/div>\n\t\t\t\t\t\t<\/a>\t\t\n<style>\n#image_1756757495 {\n  width: 100%;\n}\n<\/style>\n\t<\/div>\n\t\n\t\t\n<style>\n#stack-3401030939 > * {\n  --stack-gap: 0.5rem;\n}\n@media (min-width:550px) {\n  #stack-3401030939 > * {\n    --stack-gap: 1rem;\n  }\n}\n<\/style>\n\t<\/div>\n\t\n\t\t<\/div>\n\t\t\t\t\t<\/div>\n\n\t\n<\/div>\n\t\t<\/div>\n\t\t\t\t\t<\/div>\n\n\t\n\n\t<div id=\"col-1573219525\" class=\"col medium-3 small-12 large-3\"  >\n\t\t\t\t<div class=\"col-inner\"  >\n\t\t\t\n\t\t\t\n\t<div class=\"img has-hover x md-x lg-x y md-y lg-y\" id=\"image_553149427\">\n\t\t\t\t\t\t\t\t<div class=\"img-inner dark\" >\n\t\t\t<img decoding=\"async\" width=\"100\" height=\"100\" src=\"https:\/\/ecoturbino.world\/wp-content\/uploads\/2024\/01\/impact5.svg\" class=\"attachment-original size-original\" alt=\"\" \/>\t\t\t\t\t\t\n\t\t\t\t\t<\/div>\n\t\t\t\t\t\t\t\t\n<style>\n#image_553149427 {\n  width: 100%;\n}\n<\/style>\n\t<\/div>\n\t\n\t\t<\/div>\n\t\t\t\t\t<\/div>\n\n\t\n<\/div>\n<div class=\"row\"  id=\"row-950415366\">\n\n\t<div id=\"col-11097676\" class=\"col small-12 large-12\"  >\n\t\t\t\t<div class=\"col-inner\"  >\n\t\t\t\n\t\t\t\n<div class=\"is-divider divider clearfix\" style=\"max-width:100%;height:1px;\"><\/div>\n<h2><span style=\"font-size: 120%;\">V\u00edz-, energia- \u00e9s szennyv\u00edzmegtakar\u00edt\u00e1s mindenkinek | Az ecoturbino\u00ae jelent\u0151s\u00e9ge<\/span><\/h2>\n<p>Itt tov\u00e1bb cs\u00f6kkentj\u00fck a v\u00edzfogyaszt\u00e1st a zuhanyz\u00e1s sor\u00e1n Eur\u00f3p\u00e1ban! Az adatok k\u00f6vetni fogj\u00e1k!<\/p>\n<p><strong>Vil\u00e1gunk egyre sz\u00e1razabb\u00e1 v\u00e1lik<\/strong>, a <strong>a v\u00edz- \u00e9s energia\u00e1rak folyamatosan emelkednek<\/strong>, \u00e9s a szennyv\u00edztiszt\u00edt\u00f3 l\u00e9tes\u00edtm\u00e9nyek k\u00f6lts\u00e9gei is n\u00f6vekednek. E kih\u00edv\u00e1sokkal szemben elengedhetetlen az er\u0151forr\u00e1sok hat\u00e9konyabb felhaszn\u00e1l\u00e1sa \u00e9s a fenntarthat\u00f3 cselekv\u00e9s.<\/p>\n<blockquote>\n<p>Az egyik l\u00e1tsz\u00f3lag jelent\u00e9ktelennek t\u0171n\u0151, de <strong>m\u00e9gis pazarl\u00f3 szok\u00e1sok a zuhanyz\u00e1s<\/strong>. \u00c9lvezz\u00fck a meleg v\u00edzzel val\u00f3 r\u00f6vid tal\u00e1lkoz\u00e1st, de ut\u00e1na ez a v\u00edz meleg szennyv\u00edzz\u00e9 v\u00e1lik, amelyet egyszer\u0171en leh\u00fazunk a lefoly\u00f3n.<\/p>\n<\/blockquote>\n<p>Ez egy <strong><a href=\"https:\/\/ecoturbino.world\/hu\/az-eu-szabalyozza-az-edesvizet\/\">\u00e9rt\u00e9kes v\u00edz \u00e9rtelmetlen pazarl\u00e1sa<\/a> \u00e9s energia<\/strong> \u00e9s ellentmond a fenntarthat\u00f3s\u00e1g \u00e9s a k\u00f6rnyezetv\u00e9delem elveinek. Ez az a pont, ahol a <strong>az ecoturbino \u00fatt\u00f6r\u0151 technol\u00f3gi\u00e1ja<\/strong> j\u00f6n a k\u00e9pbe, lehet\u0151v\u00e9 t\u00e9ve mindenki sz\u00e1m\u00e1ra, hogy<strong> a v\u00edzfogyaszt\u00e1s 40 sz\u00e1zal\u00e9k\u00e1nak megtakar\u00edt\u00e1sa<\/strong> zuhanyz\u00e1s k\u00f6zben, \u00e9s azonnal cs\u00f6kkenti a k\u00f6lts\u00e9geket.<\/p>\n<h3>A k\u00e9rd\u00e9s a <strong>v\u00edz- \u00e9s energiapazarl\u00e1s zuhanyz\u00e1s k\u00f6zben<\/strong><\/h3>\n<p><strong>Zuhanyz\u00e1s<\/strong> az egyik olyan mindennapi szok\u00e1sunk, amelynek a k\u00f6rnyezet\u00fcnkre gyakorolt hat\u00e1s\u00e1ra gyakran nem is gondolunk. \u00c9lvezz\u00fck a b\u0151r\u00fcnk\u00f6n \u00e1tfoly\u00f3 meleg vizet, \u00e9s megfeledkez\u00fcnk arr\u00f3l, hogy ez egy v\u00e9ges er\u0151forr\u00e1s.<\/p>\n<p>A probl\u00e9ma akkor kezd\u0151dik, amikor a <strong>a haszn\u00e1lt zuhanyv\u00edz meleg szennyv\u00edzk\u00e9nt ker\u00fcl a csatorn\u00e1ba.<\/strong> A v\u00edz felmeleg\u00edt\u00e9s\u00e9hez energi\u00e1ra van sz\u00fcks\u00e9g, gyakran nem meg\u00fajul\u00f3 forr\u00e1sokb\u00f3l, ami k\u00f6lts\u00e9gekkel j\u00e1r.<\/p>\n<p>A szennyv\u00edztiszt\u00edt\u00f3 telepeknek tov\u00e1bb\u00e1 <strong>a szennyv\u00edz feldolgoz\u00e1sa, ami tov\u00e1bbi k\u00f6lts\u00e9geket jelent<\/strong>. \u00c9gbe sz\u00f6k\u0151 szennyv\u00edzk\u00f6lts\u00e9gek.<\/p>\n\t<div id=\"gap-1067746443\" class=\"gap-element clearfix\" style=\"display:block; height:auto;\">\n\t\t\n<style>\n#gap-1067746443 {\n  padding-top: 30px;\n}\n<\/style>\n\t<\/div>\n\t\n<div class=\"row\"  id=\"row-768540832\">\n\n\t<div id=\"col-1541315114\" class=\"col medium-4 small-12 large-4\"  >\n\t\t\t\t<div class=\"col-inner\"  >\n\t\t\t\n\t\t\t\n\t<div class=\"img has-hover radius10 x md-x lg-x y md-y lg-y\" id=\"image_94444622\">\n\t\t\t\t\t\t\t\t<div class=\"img-inner dark\" >\n\t\t\t<img decoding=\"async\" width=\"600\" height=\"600\" src=\"https:\/\/ecoturbino.world\/wp-content\/uploads\/2024\/01\/water-saving-environment-costs_600.webp\" class=\"attachment-original size-original\" alt=\"V\u00edzmegtakar\u00edt\u00e1s k\u00f6rnyezetv\u00e9delmi szimb\u00f3lum\" srcset=\"https:\/\/ecoturbino.world\/wp-content\/uploads\/2024\/01\/water-saving-environment-costs_600.webp 600w, https:\/\/ecoturbino.world\/wp-content\/uploads\/2024\/01\/water-saving-environment-costs_600-500x500.webp 500w, https:\/\/ecoturbino.world\/wp-content\/uploads\/2024\/01\/water-saving-environment-costs_600-32x32.webp 32w, https:\/\/ecoturbino.world\/wp-content\/uploads\/2024\/01\/water-saving-environment-costs_600-48x48.webp 48w, https:\/\/ecoturbino.world\/wp-content\/uploads\/2024\/01\/water-saving-environment-costs_600-80x80.webp 80w, https:\/\/ecoturbino.world\/wp-content\/uploads\/2024\/01\/water-saving-environment-costs_600-180x180.webp 180w\" sizes=\"(max-width: 600px) 100vw, 600px\" \/>\t\t\t\t\t\t\n\t\t\t\t\t<\/div>\n\t\t\t\t\t\t\t\t\n<style>\n#image_94444622 {\n  width: 100%;\n}\n<\/style>\n\t<\/div>\n\t\n\t\t<\/div>\n\t\t\t\t\t<\/div>\n\n\t\n\n\t<div id=\"col-364845327\" class=\"col medium-8 small-12 large-8\"  >\n\t\t\t\t<div class=\"col-inner\"  >\n\t\t\t\n\t\t\t\n<h3>A megold\u00e1s: ecoturbino<\/h3>\n<p>Az ecoturbino egyszer\u0171 \u00e9s hat\u00e9kony megold\u00e1st k\u00edn\u00e1l erre a probl\u00e9m\u00e1ra. A technol\u00f3gi\u00e1t az al\u00e1bbiak cs\u00f6kkent\u00e9s\u00e9re fejlesztett\u00e9k ki<strong> v\u00edzfogyaszt\u00e1s zuhanyz\u00e1s k\u00f6zben elk\u00e9peszt\u0151 40 sz\u00e1zal\u00e9kkal<\/strong> an\u00e9lk\u00fcl, hogy a felhaszn\u00e1l\u00f3knak fel kellene \u00e1ldozniuk a zuhanyz\u00e1s k\u00e9nyelm\u00e9t. \u00cdme n\u00e9h\u00e1ny el\u0151ny, amelyet az ecoturbino mindenki sz\u00e1m\u00e1ra k\u00edn\u00e1l:<\/p>\n<ul>\n<li><strong>K\u00f6lts\u00e9gcs\u00f6kkent\u00e9s:<\/strong> Az ecoturbino lehet\u0151v\u00e9 teszi mindenki sz\u00e1m\u00e1ra, hogy jelent\u0151sen cs\u00f6kkentse v\u00edz- \u00e9s energiak\u00f6lts\u00e9geit. A v\u00edzfogyaszt\u00e1s cs\u00f6kkent\u00e9s\u00e9vel kevesebb vizet kell felmeleg\u00edteni, ami alacsonyabb energiak\u00f6lts\u00e9geket eredm\u00e9nyez. Az alacsonyabb v\u00edzk\u00f6lts\u00e9gek tov\u00e1bbi p\u00e9nz\u00fcgyi el\u0151nyt jelentenek.<\/li>\n<li><strong>K\u00f6rnyezetbar\u00e1t:<\/strong> A v\u00edzfogyaszt\u00e1s cs\u00f6kkent\u00e9s\u00e9vel \u00e9s az energiatakar\u00e9koss\u00e1ggal az ecoturbino hozz\u00e1j\u00e1rul a k\u00f6rnyezetv\u00e9delemhez. Seg\u00edt cs\u00f6kkenteni a v\u00edzfogyaszt\u00e1st \u00e9s a CO2-kibocs\u00e1t\u00e1st, hozz\u00e1j\u00e1rulva ezzel a k\u00f6rnyezetv\u00e9delemhez.<\/li>\n<li><strong>R\u00f6vid megt\u00e9r\u00fcl\u00e9si id\u0151:<\/strong> Az ecoturbino beszerz\u00e9si k\u00f6lts\u00e9gei alacsonyak, a v\u00edz- \u00e9s energiak\u00f6lts\u00e9gek megtakar\u00edt\u00e1sa pedig r\u00f6vid id\u0151n bel\u00fcl megt\u00e9r\u00edti a beruh\u00e1z\u00e1st. Gazdas\u00e1gilag \u00e9sszer\u0171 d\u00f6nt\u00e9s v\u00e1llalkoz\u00e1sok, sz\u00e1llod\u00e1k, csal\u00e1dok, klubok, k\u00f3rh\u00e1zak, id\u0151sotthonok \u00e9s sok m\u00e1s sz\u00e1m\u00e1ra.<\/li>\n<li><strong>Nincs kompromisszum a zuhanyz\u00e1s \u00e9lvezet\u00e9ben:<\/strong> A v\u00edzfogyaszt\u00e1s cs\u00f6kkent\u00e9se ellen\u00e9re az ecoturbino tov\u00e1bbra is kellemes \u00e9s pihentet\u0151 zuhanyoz\u00e1si \u00e9lm\u00e9nyt ny\u00fajt. A v\u00edzsug\u00e1r tov\u00e1bbra is er\u0151s \u00e9s \u00e9lvezetes marad, an\u00e9lk\u00fcl, hogy a zuhanyz\u00e1s min\u0151s\u00e9ge romlana.<\/li>\n<\/ul>\n\t\t<\/div>\n\t\t\t\t\t<\/div>\n\n\t\n<\/div>\n\t<div id=\"gap-1342852222\" class=\"gap-element clearfix\" style=\"display:block; height:auto;\">\n\t\t\n<style>\n#gap-1342852222 {\n  padding-top: 30px;\n}\n<\/style>\n\t<\/div>\n\t\n<div class=\"row\"  id=\"row-43078656\">\n\n\t<div id=\"col-108867508\" class=\"col medium-6 small-12 large-6\"  >\n\t\t\t\t<div class=\"col-inner\"  >\n\t\t\t\n\t\t\t\n<h3>Az ecoturbino tov\u00e1bbi el\u0151nyei<\/h3>\n<p>Az ecoturbino a k\u00f6lts\u00e9gmegtakar\u00edt\u00e1son t\u00fal tov\u00e1bbi el\u0151ny\u00f6ket is k\u00edn\u00e1l. Seg\u00edt meg\u0151rizni a v\u00edzk\u00e9szletet \u00e9s <strong>a szennyv\u00edztiszt\u00edt\u00f3 telepek terheinek cs\u00f6kkent\u00e9se<\/strong>. Ez k\u00fcl\u00f6n\u00f6sen fontos olyan id\u0151kben, amikor a v\u00edzhi\u00e1ny \u00e9s a k\u00f6rnyezeti hat\u00e1sok egyre ink\u00e1bb el\u0151t\u00e9rbe ker\u00fclnek.<\/p>\n\t\t<\/div>\n\t\t\t\t\t<\/div>\n\n\t\n\n\t<div id=\"col-1287458350\" class=\"col medium-6 small-12 large-6\"  >\n\t\t\t\t<div class=\"col-inner\" style=\"background-color:#c0d63d;\" >\n\t\t\t\n\t\t\t\n\t<div id=\"text-1104320646\" class=\"text\">\n\t\t\n<h4 class=\"uppercase\">K\u00d6VETKEZTET\u00c9S<\/h4>\n\t\t\n<style>\n#text-1104320646 {\n  font-size: 2rem;\n  text-align: right;\n  color: rgb(255, 255, 255);\n}\n#text-1104320646 > * {\n  color: rgb(255, 255, 255);\n}\n@media (min-width:550px) {\n  #text-1104320646 {\n    font-size: 3.5rem;\n  }\n}\n<\/style>\n\t<\/div>\n\t\n<h3>ecoturbino - Mindenki nyer, <a href=\"https:\/\/www.google.com\/aclk?sa=l&amp;ai=DChcSEwizlIz2qdWDAxXtm1oFHdKnCJEYABAAGgJ2dQ&amp;ase=2&amp;gclid=Cj0KCQiAwP6sBhDAARIsAPfK_watGz1qAKakOF_2c21Sq6uC66UaUaL18vzWqCx2GV9fPAC4TGya1OQaAgj9EALw_wcB&amp;ei=1t2fZZTQN4yJ9u8PsZifyAM&amp;sig=AOD64_3tZ_HBVO8lhe659upTWIB85jM_VA&amp;q&amp;sqi=2&amp;nis=4&amp;adurl&amp;ved=2ahUKEwiUk4L2qdWDAxWMhP0HHTHMBzkQ0Qx6BAgIEAE\" target=\"_blank\" rel=\"noopener sponsored\">T\u00dcV-tan\u00fas\u00edtv\u00e1ny<\/a> amortiz\u00e1ci\u00f3s sz\u00e1m\u00edt\u00e1s<\/h3>\n<p><strong>Az ecoturbino innovat\u00edv megold\u00e1s a v\u00edz, az energiak\u00f6lts\u00e9gek \u00e9s a szennyv\u00edz megtakar\u00edt\u00e1s\u00e1ra,<\/strong> mindezt an\u00e9lk\u00fcl, hogy a zuhanyz\u00e1s \u00e9lvezete csorb\u00e1t szenvedne. A technol\u00f3gia alkalmas v\u00e1llalkoz\u00e1sok, sz\u00e1llod\u00e1k, csal\u00e1dok, klubok, k\u00f3rh\u00e1zak, id\u0151sotthonok \u00e9s sok m\u00e1s helyis\u00e9g sz\u00e1m\u00e1ra.<\/p>\n<blockquote>\n<p>Az ecoturbino seg\u00edts\u00e9g\u00e9vel mindannyian hozz\u00e1j\u00e1rulhatunk a k\u00f6rnyezetv\u00e9delemhez, mik\u00f6zben cs\u00f6kkenthetj\u00fck p\u00e9nz\u00fcgyi terheinket.<\/p>\n<\/blockquote>\n<p>Itt az ideje, hogy felel\u0151ss\u00e9get v\u00e1llaljunk er\u0151forr\u00e1saink\u00e9rt, \u00e9s l\u00e9p\u00e9seket tegy\u00fcnk a fenntarthat\u00f3s\u00e1g fel\u00e9.<\/p>\n\t\t<\/div>\n\t\t\t\t\n<style>\n#col-1287458350 > .col-inner {\n  padding: 10px 20px 1px 25px;\n  border-radius: 10px;\n}\n<\/style>\n\t<\/div>\n\n\t\n<\/div>\n\t\t<\/div>\n\t\t\t\t\n<style>\n#col-11097676 > .col-inner {\n  margin: 0px 0px -125px 0px;\n}\n@media (min-width:550px) {\n  #col-11097676 > .col-inner {\n    margin: 0px 0px -200px 0px;\n  }\n}\n<\/style>\n\t<\/div>\n\n\t\n<\/div>\n\t\t<\/div>\n\n\t\t\n<style>\n#section_1750443747 {\n  padding-top: 30px;\n  padding-bottom: 30px;\n}\n<\/style>\n\t<\/section>\n\t\n\n\t<section class=\"section\" id=\"section_886290181\">\n\t\t<div class=\"section-bg fill\" >\n\t\t\t<img decoding=\"async\" width=\"1920\" height=\"683\" src=\"https:\/\/ecoturbino.world\/wp-content\/uploads\/2025\/12\/ecoturbino-function_1920-1.webp\" class=\"bg attachment- size-\" alt=\"ecoturbino funkci\u00f3\" \/>\t\t\t\t\t\t<div class=\"section-bg-overlay absolute fill\"><\/div>\n\t\t\t\n\n\t\t<\/div>\n\n\t\t\t<div class=\"ux-shape-divider ux-shape-divider--top ux-shape-divider--style-waves-opacity\">\n\t\t<svg viewbox=\"0 0 1000 300\" xmlns=\"http:\/\/www.w3.org\/2000\/svg\" preserveaspectratio=\"none\">\n    <path class=\"ux-shape-fill\" d=\"M0 300L-1 69.71C216 57 299.47 198.86 403 226C506 253 577 196 660 197C740 198 790.09 234.07 874 267C935.23 291 982 282.61 1000 277.61V300H0Z\"\/>\n    <path class=\"ux-shape-fill\" opacity=\"0.5\" d=\"M1 265.094L0 50.5C217 37.79 300.47 186.36 404 213.5C507 240.5 578 196.5 661 197.5C741 198.5 787.59 239.57 871.5 272.5C932.73 296.5 980.5 284.5 998.5 279.5V298.5L1 265.094Z\"\/>\n    <path class=\"ux-shape-fill\" opacity=\"0.15\" d=\"M0.999878 244.094L-0.00012207 27C217 14.29 300.47 173.86 404 201C507 228 578 196 661 197C741 198 787.59 243.07 871.5 276C932.73 300 980.5 284.5 998.5 279.5V299L0.999878 244.094Z\"\/>\n<\/svg>\n\n\t<\/div>\n\n\n\t\t<div class=\"section-content relative\">\n\t\t\t\n\t\t<\/div>\n\n\t\t\n<style>\n#section_886290181 {\n  padding-top: 125px;\n  padding-bottom: 125px;\n}\n#section_886290181 .section-bg-overlay {\n  background-color: rgba(0, 0, 0, 0.25);\n}\n#section_886290181 .ux-shape-divider--top svg {\n  height: 80px;\n  --divider-top-width: 100%;\n}\n@media (min-width:550px) {\n  #section_886290181 {\n    padding-top: 200px;\n    padding-bottom: 200px;\n  }\n  #section_886290181 .ux-shape-divider--top svg {\n    height: 124px;\n  }\n}\n<\/style>\n\t<\/section>","protected":false},"excerpt":{"rendered":"","protected":false},"author":2,"featured_media":1680,"parent":0,"menu_order":0,"comment_status":"closed","ping_status":"closed","template":"page-blank.php","meta":{"inline_featured_image":false,"footnotes":""},"class_list":["post-1212","page","type-page","status-publish","has-post-thumbnail","hentry"],"_links":{"self":[{"href":"https:\/\/ecoturbino.world\/hu\/wp-json\/wp\/v2\/pages\/1212","targetHints":{"allow":["GET"]}}],"collection":[{"href":"https:\/\/ecoturbino.world\/hu\/wp-json\/wp\/v2\/pages"}],"about":[{"href":"https:\/\/ecoturbino.world\/hu\/wp-json\/wp\/v2\/types\/page"}],"author":[{"embeddable":true,"href":"https:\/\/ecoturbino.world\/hu\/wp-json\/wp\/v2\/users\/2"}],"replies":[{"embeddable":true,"href":"https:\/\/ecoturbino.world\/hu\/wp-json\/wp\/v2\/comments?post=1212"}],"version-history":[{"count":0,"href":"https:\/\/ecoturbino.world\/hu\/wp-json\/wp\/v2\/pages\/1212\/revisions"}],"wp:featuredmedia":[{"embeddable":true,"href":"https:\/\/ecoturbino.world\/hu\/wp-json\/wp\/v2\/media\/1680"}],"wp:attachment":[{"href":"https:\/\/ecoturbino.world\/hu\/wp-json\/wp\/v2\/media?parent=1212"}],"curies":[{"name":"wp","href":"https:\/\/api.w.org\/{rel}","templated":true}]}}