{"id":1207,"date":"2024-01-01T11:58:41","date_gmt":"2024-01-01T10:58:41","guid":{"rendered":"https:\/\/ecoturbino.eu\/?page_id=1207"},"modified":"2025-12-29T22:44:51","modified_gmt":"2025-12-29T21:44:51","slug":"hatas-4","status":"publish","type":"page","link":"https:\/\/ecoturbino.world\/hu\/impact-4\/","title":{"rendered":"Mindenki sz\u00e1m\u00e1ra elegend\u0151 v\u00edznyom\u00e1s a zuhanyz\u00f3ban (a h\u00e1ztart\u00e1sokban nem probl\u00e9ma)"},"content":{"rendered":"<section class=\"section zindex1\" id=\"section_1283012138\">\n\t\t<div class=\"section-bg fill\" >\n\t\t\t\t\t\t\t\t\t\n\t\t\t\n\n\t\t<\/div>\n\n\t\t\n\n\t\t<div class=\"section-content relative\">\n\t\t\t\n<div class=\"row row-small\"  id=\"row-1711892525\">\n\n\t<div id=\"col-1749232237\" class=\"col medium-9 small-12 large-9\"  >\n\t\t\t\t<div class=\"col-inner\"  >\n\t\t\t\n\t\t\t\n<h1 class=\"uppercase\">El\u00e9gs\u00e9ges v\u00edznyom\u00e1s mindenki sz\u00e1m\u00e1ra (csak \u00fczleti c\u00e9lokra)<\/h1>\n<h3 class=\"thin-font\">az ecoturbino\u00ae v\u00edztakar\u00e9kos k\u00f6rnyezetv\u00e9d\u0151 rendszer negyedik hat\u00e1sa<\/h3>\n<div class=\"row\"  id=\"row-420091775\">\n\n\t<div id=\"col-1062827818\" class=\"col medium-11 small-12 large-11\"  >\n\t\t\t\t<div class=\"col-inner\"  >\n\t\t\t\n\t\t\t\n\t<div id=\"stack-1210282772\" class=\"stack stack-row justify-start items-start\">\n\t\t\n\t<div class=\"img has-hover x md-x lg-x y md-y lg-y\" id=\"image_1695740589\">\n\t\t<a class=\"\" href=\"\/hu\/hatas-1\/\" >\t\t\t\t\t\t<div class=\"img-inner image-color dark\" >\n\t\t\t<img decoding=\"async\" width=\"100\" height=\"100\" src=\"https:\/\/ecoturbino.world\/wp-content\/uploads\/2024\/01\/impact1.svg\" class=\"attachment-original size-original\" alt=\"\" \/>\t\t\t\t\t\t\n\t\t\t\t\t<\/div>\n\t\t\t\t\t\t<\/a>\t\t\n<style>\n#image_1695740589 {\n  width: 100%;\n}\n<\/style>\n\t<\/div>\n\t\n\t<div class=\"img has-hover x md-x lg-x y md-y lg-y\" id=\"image_415157090\">\n\t\t<a class=\"\" href=\"\/hu\/hatas-2\/\" >\t\t\t\t\t\t<div class=\"img-inner image-color dark\" >\n\t\t\t<img decoding=\"async\" width=\"100\" height=\"100\" src=\"https:\/\/ecoturbino.world\/wp-content\/uploads\/2024\/01\/impact2.svg\" class=\"attachment-original size-original\" alt=\"\" \/>\t\t\t\t\t\t\n\t\t\t\t\t<\/div>\n\t\t\t\t\t\t<\/a>\t\t\n<style>\n#image_415157090 {\n  width: 100%;\n}\n<\/style>\n\t<\/div>\n\t\n\t<div class=\"img has-hover x md-x lg-x y md-y lg-y\" id=\"image_2131583911\">\n\t\t<a class=\"\" href=\"\/hu\/hatas-3\/\" >\t\t\t\t\t\t<div class=\"img-inner image-color dark\" >\n\t\t\t<img decoding=\"async\" width=\"100\" height=\"100\" src=\"https:\/\/ecoturbino.world\/wp-content\/uploads\/2024\/01\/impact3.svg\" class=\"attachment-original size-original\" alt=\"Az ecoturbino 3. hat\u00e1sa\" \/>\t\t\t\t\t\t\n\t\t\t\t\t<\/div>\n\t\t\t\t\t\t<\/a>\t\t\n<style>\n#image_2131583911 {\n  width: 100%;\n}\n<\/style>\n\t<\/div>\n\t\n\t<div class=\"img has-hover x md-x lg-x y md-y lg-y\" id=\"image_1629802014\">\n\t\t\t\t\t\t\t\t<div class=\"img-inner dark\" >\n\t\t\t<img decoding=\"async\" width=\"100\" height=\"100\" src=\"https:\/\/ecoturbino.world\/wp-content\/uploads\/2024\/01\/impact4.svg\" class=\"attachment-original size-original\" alt=\"Az ecoturbino 4. hat\u00e1sa\" \/>\t\t\t\t\t\t\n\t\t\t\t\t<\/div>\n\t\t\t\t\t\t\t\t\n<style>\n#image_1629802014 {\n  width: 100%;\n}\n<\/style>\n\t<\/div>\n\t\n\t<div class=\"img has-hover x md-x lg-x y md-y lg-y\" id=\"image_932065494\">\n\t\t<a class=\"\" href=\"\/hu\/hatas-5\/\" >\t\t\t\t\t\t<div class=\"img-inner image-color dark\" >\n\t\t\t<img decoding=\"async\" width=\"100\" height=\"100\" src=\"https:\/\/ecoturbino.world\/wp-content\/uploads\/2024\/01\/impact5.svg\" class=\"attachment-original size-original\" alt=\"\" \/>\t\t\t\t\t\t\n\t\t\t\t\t<\/div>\n\t\t\t\t\t\t<\/a>\t\t\n<style>\n#image_932065494 {\n  width: 100%;\n}\n<\/style>\n\t<\/div>\n\t\n\t<div class=\"img has-hover x md-x lg-x y md-y lg-y\" id=\"image_211435249\">\n\t\t<a class=\"\" href=\"\/hu\/hatas-6\/\" >\t\t\t\t\t\t<div class=\"img-inner image-color dark\" >\n\t\t\t<img decoding=\"async\" width=\"100\" height=\"100\" src=\"https:\/\/ecoturbino.world\/wp-content\/uploads\/2024\/01\/impact6.svg\" class=\"attachment-original size-original\" alt=\"Az ecoturbino 6. hat\u00e1sa\" \/>\t\t\t\t\t\t\n\t\t\t\t\t<\/div>\n\t\t\t\t\t\t<\/a>\t\t\n<style>\n#image_211435249 {\n  width: 100%;\n}\n<\/style>\n\t<\/div>\n\t\n\t<div class=\"img has-hover x md-x lg-x y md-y lg-y\" id=\"image_738498480\">\n\t\t<a class=\"\" href=\"\/hu\/hatas-7\/\" >\t\t\t\t\t\t<div class=\"img-inner image-color dark\" >\n\t\t\t<img decoding=\"async\" width=\"100\" height=\"100\" src=\"https:\/\/ecoturbino.world\/wp-content\/uploads\/2024\/01\/impact7.svg\" class=\"attachment-original size-original\" alt=\"Az ecoturbino 7. hat\u00e1sa\" \/>\t\t\t\t\t\t\n\t\t\t\t\t<\/div>\n\t\t\t\t\t\t<\/a>\t\t\n<style>\n#image_738498480 {\n  width: 100%;\n}\n<\/style>\n\t<\/div>\n\t\n\t\t\n<style>\n#stack-1210282772 > * {\n  --stack-gap: 0.5rem;\n}\n@media (min-width:550px) {\n  #stack-1210282772 > * {\n    --stack-gap: 1rem;\n  }\n}\n<\/style>\n\t<\/div>\n\t\n\t\t<\/div>\n\t\t\t\t\t<\/div>\n\n\t\n<\/div>\n\t\t<\/div>\n\t\t\t\t\t<\/div>\n\n\t\n\n\t<div id=\"col-1415423820\" class=\"col medium-3 small-12 large-3\"  >\n\t\t\t\t<div class=\"col-inner\"  >\n\t\t\t\n\t\t\t\n\t<div class=\"img has-hover x md-x lg-x y md-y lg-y\" id=\"image_1589699018\">\n\t\t\t\t\t\t\t\t<div class=\"img-inner dark\" >\n\t\t\t<img decoding=\"async\" width=\"100\" height=\"100\" src=\"https:\/\/ecoturbino.world\/wp-content\/uploads\/2024\/01\/impact4.svg\" class=\"attachment-original size-original\" alt=\"Az ecoturbino 4. hat\u00e1sa\" \/>\t\t\t\t\t\t\n\t\t\t\t\t<\/div>\n\t\t\t\t\t\t\t\t\n<style>\n#image_1589699018 {\n  width: 100%;\n}\n<\/style>\n\t<\/div>\n\t\n\t\t<\/div>\n\t\t\t\t\t<\/div>\n\n\t\n<\/div>\n<div class=\"row\"  id=\"row-675707351\">\n\n\t<div id=\"col-2080324383\" class=\"col small-12 large-12\"  >\n\t\t\t\t<div class=\"col-inner\"  >\n\t\t\t\n\t\t\t\n<div class=\"is-divider divider clearfix\" style=\"max-width:100%;height:1px;\"><\/div>\n<h3><span style=\"font-size: 120%;\">Hat\u00e9kony zuhanyz\u00e1si megold\u00e1sok sz\u00e1llod\u00e1k sz\u00e1m\u00e1ra, <a href=\"https:\/\/ecoturbino.world\/hu\/directory-world\/kategoriak\/diakszallasok\/\" target=\"_blank\" rel=\"noopener\">Di\u00e1kotthonok<\/a>, klubok \u00e9s fitneszk\u00f6zpontok: ecoturbino a megn\u00f6vekedett el\u00e9gedetts\u00e9g\u00e9rt<\/span><\/h3>\n<p>A  oldalon. <strong>sz\u00e1llod\u00e1kban, klubokban \u00e9s fitneszk\u00f6zpontokban a melegv\u00edz-ell\u00e1t\u00e1s gyakran val\u00f3di probl\u00e9m\u00e1v\u00e1 v\u00e1lhat,<\/strong> k\u00fcl\u00f6n\u00f6sen, ha minden vend\u00e9g vagy tag <strong>egyszerre akarnak zuhanyozni<\/strong>. Sportol\u00e1s, s\u00edel\u00e9s ut\u00e1n, vagy vacsora el\u0151tt az emberek a zuhanyz\u00f3ba rohannak, \u00e9s a<a href=\"https:\/\/en.wikipedia.org\/wiki\/Plumbing#Water_pipes\" target=\"_blank\" rel=\"noopener sponsored\"> v\u00edzvezet\u00e9kek<\/a> csak a<strong> korl\u00e1tozott v\u00edzkapacit\u00e1s.<\/strong><\/p>\n<blockquote>\n<p>Ha t\u00fal sokan zuhanyoznak egyszerre, a v\u00edznyom\u00e1s jelent\u0151sen cs\u00f6kken, \u00e9s a zuhanyz\u00e1s \u00e9lm\u00e9nye t\u00f6nkremegy. Ez el\u00e9gedetlen \u00fcgyfelekhez vagy vend\u00e9gekhez vezet, \u00e9s negat\u00edvan befoly\u00e1solhatja a l\u00e9tes\u00edtm\u00e9ny h\u00edrnev\u00e9t.<\/p>\n<\/blockquote>\n<p>Ez az a hely, ahol a <strong>az ecoturbino innovat\u00edv technol\u00f3gi\u00e1ja ker\u00fcl a k\u00e9pbe,<\/strong> a zuhanyz\u00f3k v\u00edzfogyaszt\u00e1s\u00e1nak 40 sz\u00e1zal\u00e9kos cs\u00f6kkent\u00e9se, a v\u00edznyom\u00e1s fenntart\u00e1sa, valamint el\u00e9gedett \u00fcgyfelek \u00e9s vend\u00e9gek biztos\u00edt\u00e1sa.<\/p>\n\t<div id=\"gap-1498148863\" class=\"gap-element clearfix\" style=\"display:block; height:auto;\">\n\t\t\n<style>\n#gap-1498148863 {\n  padding-top: 30px;\n}\n<\/style>\n\t<\/div>\n\t\n<div class=\"row\"  id=\"row-1501711973\">\n\n\t<div id=\"col-1642060167\" class=\"col medium-4 small-12 large-4\"  >\n\t\t\t\t<div class=\"col-inner\"  >\n\t\t\t\n\t\t\t\n\t<div class=\"img has-hover radius10 x md-x lg-x y md-y lg-y\" id=\"image_55206889\">\n\t\t\t\t\t\t\t\t<div class=\"img-inner dark\" >\n\t\t\t<img decoding=\"async\" width=\"600\" height=\"600\" src=\"https:\/\/ecoturbino.world\/wp-content\/uploads\/2024\/01\/hotel-floor_600.webp\" class=\"attachment-original size-original\" alt=\"Hotel padl\u00f3 szimb\u00f3lum\" srcset=\"https:\/\/ecoturbino.world\/wp-content\/uploads\/2024\/01\/hotel-floor_600.webp 600w, https:\/\/ecoturbino.world\/wp-content\/uploads\/2024\/01\/hotel-floor_600-500x500.webp 500w, https:\/\/ecoturbino.world\/wp-content\/uploads\/2024\/01\/hotel-floor_600-32x32.webp 32w, https:\/\/ecoturbino.world\/wp-content\/uploads\/2024\/01\/hotel-floor_600-48x48.webp 48w, https:\/\/ecoturbino.world\/wp-content\/uploads\/2024\/01\/hotel-floor_600-80x80.webp 80w, https:\/\/ecoturbino.world\/wp-content\/uploads\/2024\/01\/hotel-floor_600-180x180.webp 180w\" sizes=\"(max-width: 600px) 100vw, 600px\" \/>\t\t\t\t\t\t\n\t\t\t\t\t<\/div>\n\t\t\t\t\t\t\t\t\n<style>\n#image_55206889 {\n  width: 100%;\n}\n<\/style>\n\t<\/div>\n\t\n\t\t<\/div>\n\t\t\t\t\t<\/div>\n\n\t\n\n\t<div id=\"col-1743597618\" class=\"col medium-8 small-12 large-8\"  >\n\t\t\t\t<div class=\"col-inner\"  >\n\t\t\t\n\t\t\t\n<h3>A korl\u00e1tozott v\u00edzkapacit\u00e1s probl\u00e9m\u00e1ja<\/h3>\n<p>A sz\u00e1llod\u00e1k, klubok \u00e9s fitneszk\u00f6zpontok cs\u0151vezet\u00e9keinek \u00e9s melegv\u00edz-ell\u00e1t\u00f3 rendszereinek korl\u00e1tozott v\u00edzkapacit\u00e1sa gyakori probl\u00e9ma, amelyet <strong>frusztr\u00e1l\u00f3 helyzetekhez vezethet.<\/strong><\/p>\n<p>Amikor mindenki azt akarja, hogy <strong>zuhanyoz\u00e1ssal egyidej\u0171leg a v\u00edznyom\u00e1s cs\u00f6kkenhet.<\/strong> annyira, hogy a v\u00edzfoly\u00e1s csak csordog\u00e1l. A zuhanyz\u00e1s \u00f6r\u00f6me elv\u00e9sz, \u00e9s <strong>a vend\u00e9gek vagy tagok csal\u00f3dottak<\/strong>. Ez befoly\u00e1solhatja az \u00fcgyfelek el\u00e9gedetts\u00e9g\u00e9t \u00e9s ronthatja a l\u00e9tes\u00edtm\u00e9ny h\u00edrnev\u00e9t.<\/p>\n<ul>\n<li><strong>Hossz\u00fa folyos\u00f3k:<\/strong> Sok helyis\u00e9g gyakran egyetlen cs\u0151re van csatlakoztatva, \u00e9s a cs\u0151 bel\u00e9p\u00e9si pontja k\u00f6zel\u00e9ben a megn\u00f6vekedett v\u00edzhaszn\u00e1lat gyakran a k\u00f6vetkez\u0151ket eredm\u00e9nyezi <strong>alulell\u00e1totts\u00e1g a t\u00e1voli felhaszn\u00e1l\u00e1si helyeken,<\/strong> gyakori probl\u00e9ma a r\u00e9gebbi \u00e9p\u00fcletekben. Megold\u00e1s: Az ecoturbino rendszer ut\u00f3lagos felszerel\u00e9se biztos\u00edtja az egyenletes v\u00edzeloszt\u00e1st minden felhaszn\u00e1l\u00e1si helyen - ez t\u00f6bbszintes \u00e9p\u00fcletekre is vonatkozik!<\/li>\n<li>Az egyszer\u0171 megold\u00e1s: ecoturbino rendszer<\/li>\n<\/ul>\n\t\t<\/div>\n\t\t\t\t\t<\/div>\n\n\t\n<\/div>\n\t<div id=\"gap-389984134\" class=\"gap-element clearfix\" style=\"display:block; height:auto;\">\n\t\t\n<style>\n#gap-389984134 {\n  padding-top: 30px;\n}\n<\/style>\n\t<\/div>\n\t\n<div class=\"row\"  id=\"row-74053164\">\n\n\t<div id=\"col-1070941329\" class=\"col medium-6 small-12 large-6\"  >\n\t\t\t\t<div class=\"col-inner\" style=\"background-color:rgb(255,255,255);\" >\n\t\t\t\n\t\t\t\n<p>Az ecoturbino hat\u00e9kony megold\u00e1st k\u00edn\u00e1l erre a sz\u00e9les k\u00f6rben elterjedt probl\u00e9m\u00e1ra. A technol\u00f3gi\u00e1t \u00fagy fejlesztett\u00e9k ki, hogy a zuhanyz\u00f3 v\u00edzfogyaszt\u00e1s\u00e1t leny\u0171g\u00f6z\u0151en, 40 sz\u00e1zal\u00e9kkal cs\u00f6kkentse an\u00e9lk\u00fcl, hogy a v\u00edznyom\u00e1st befoly\u00e1soln\u00e1. \u00cdme n\u00e9h\u00e1ny el\u0151ny, amelyet az ecoturbino a sz\u00e1llod\u00e1k, klubok \u00e9s fitneszk\u00f6zpontok sz\u00e1m\u00e1ra k\u00edn\u00e1l:<\/p>\n<ul>\n<li><strong>A v\u00edznyom\u00e1s meg\u0151rz\u00e9se:<\/strong> Az ecoturbino biztos\u00edtja, hogy a v\u00edznyom\u00e1s akkor is fennmaradjon, ha egyszerre t\u00f6bben zuhanyoznak. Ez azt jelenti, hogy minden vend\u00e9g vagy tag \u00e9lvezheti az er\u0151s \u00e9s kellemes v\u00edzsugarat an\u00e9lk\u00fcl, hogy a korl\u00e1tozott v\u00edzell\u00e1t\u00e1s miatt kompromisszumot kellene k\u00f6tnie.<\/li>\n<li><strong>El\u00e9gedett \u00fcgyfelek \u00e9s vend\u00e9gek:<\/strong> Az ecoturbino garant\u00e1lja az el\u00e9gedett \u00fcgyfeleket \u00e9s vend\u00e9geket. Teljes m\u00e9rt\u00e9kben \u00e9lvezhetik a zuhanyz\u00e1s \u00e9lm\u00e9ny\u00e9t an\u00e9lk\u00fcl, hogy agg\u00f3dn\u00e1nak a v\u00edznyom\u00e1s miatt. Ez azt eredm\u00e9nyezi, hogy <strong>pozit\u00edv sz\u00e1jpropaganda<\/strong> \u00e9s er\u0151s\u00edti a l\u00e9tes\u00edtm\u00e9ny h\u00edrnev\u00e9t.<\/li>\n<li><strong>V\u00edzmegtakar\u00edt\u00e1s:<\/strong> A v\u00edznyom\u00e1s fenntart\u00e1sa ellen\u00e9re, <strong>Az ecoturbino jelent\u0151sen cs\u00f6kkenti a v\u00edzfogyaszt\u00e1st.<\/strong> Ez hozz\u00e1j\u00e1rul a v\u00edzk\u00e9szletek meg\u0151rz\u00e9s\u00e9hez \u00e9s egy\u00fattal cs\u00f6kkenti a v\u00edzk\u00f6lts\u00e9geket.<\/li>\n<li><strong>Energiatakar\u00e9koss\u00e1g:<\/strong> Mivel kevesebb vizet kell felmeleg\u00edteni a meleg zuhanyv\u00edz el\u0151\u00e1ll\u00edt\u00e1s\u00e1hoz, az energiak\u00f6lts\u00e9gek is cs\u00f6kkennek. Ez nemcsak a k\u00f6rnyezet, hanem a l\u00e9tes\u00edtm\u00e9ny k\u00f6lts\u00e9gvet\u00e9se szempontj\u00e1b\u00f3l is el\u0151ny\u00f6s.<\/li>\n<li><strong>Egyszer\u0171 telep\u00edt\u00e9s:<\/strong> Az ecoturbino k\u00f6nnyen \u00e9s k\u00f6lts\u00e9ghat\u00e9konyan telep\u00edthet\u0151, an\u00e9lk\u00fcl, hogy kiterjedt fel\u00faj\u00edt\u00e1sokra lenne sz\u00fcks\u00e9g. A befektet\u00e9s az el\u00e9rt megtakar\u00edt\u00e1sok r\u00e9v\u00e9n gyorsan megt\u00e9r\u00fcl.<\/li>\n<\/ul>\n\t\t<\/div>\n\t\t\t\t\n<style>\n#col-1070941329 > .col-inner {\n  padding: 15px 15px 15px 15px;\n  border-radius: 10px;\n}\n<\/style>\n\t<\/div>\n\n\t\n\n\t<div id=\"col-1812080995\" class=\"col medium-6 small-12 large-6\"  >\n\t\t\t\t<div class=\"col-inner\" style=\"background-color:#c0d63d;\" >\n\t\t\t\n\t\t\t\n\t<div id=\"text-1179766080\" class=\"text\">\n\t\t\n<h4 class=\"uppercase\">K\u00d6VETKEZTET\u00c9S<\/h4>\n\t\t\n<style>\n#text-1179766080 {\n  font-size: 2rem;\n  text-align: right;\n  color: rgb(255, 255, 255);\n}\n#text-1179766080 > * {\n  color: rgb(255, 255, 255);\n}\n@media (min-width:550px) {\n  #text-1179766080 {\n    font-size: 3.5rem;\n    text-align: right;\n  }\n}\n<\/style>\n\t<\/div>\n\t\n<h3>Nagyobb el\u00e9gedetts\u00e9g, alacsonyabb k\u00f6lts\u00e9gek<\/h3>\n<p>Az ecoturbino technol\u00f3gia egy<strong> ide\u00e1lis megold\u00e1s sz\u00e1llod\u00e1k, klubok \u00e9s fitneszk\u00f6zpontok sz\u00e1m\u00e1ra<\/strong>, valamint mindazok, akik korl\u00e1tozott v\u00edzkapacit\u00e1ssal rendelkeznek. Ez nem csak <strong>el\u00e9gedett \u00fcgyfeleket \u00e9s vend\u00e9geket biztos\u00edt<\/strong> hanem jelent\u0151s v\u00edzmegtakar\u00edt\u00e1st \u00e9s energiak\u00f6lts\u00e9g-cs\u00f6kkent\u00e9st is lehet\u0151v\u00e9 tesz.<\/p>\n<p>Az ecoturbino seg\u00edts\u00e9g\u00e9vel a l\u00e9tes\u00edtm\u00e9nyek jav\u00edthatj\u00e1k szolg\u00e1ltat\u00e1saikat, mik\u00f6zben egyidej\u0171leg cs\u00f6kkenthetik k\u00f6lts\u00e9geiket - ez mindenki sz\u00e1m\u00e1ra el\u0151ny\u00f6s helyzet.<\/p>\n\t\t<\/div>\n\t\t\t\t\n<style>\n#col-1812080995 > .col-inner {\n  padding: 10px 20px 1px 25px;\n  border-radius: 10px;\n}\n<\/style>\n\t<\/div>\n\n\t\n<\/div>\n\t\t<\/div>\n\t\t\t\t\n<style>\n#col-2080324383 > .col-inner {\n  margin: 0px 0px -125px 0px;\n}\n@media (min-width:550px) {\n  #col-2080324383 > .col-inner {\n    margin: 0px 0px -200px 0px;\n  }\n}\n<\/style>\n\t<\/div>\n\n\t\n<\/div>\n\t\t<\/div>\n\n\t\t\n<style>\n#section_1283012138 {\n  padding-top: 30px;\n  padding-bottom: 30px;\n}\n<\/style>\n\t<\/section>\n\t\n\n\t<section class=\"section\" id=\"section_1902860591\">\n\t\t<div class=\"section-bg fill\" >\n\t\t\t<img decoding=\"async\" width=\"1920\" height=\"683\" src=\"https:\/\/ecoturbino.world\/wp-content\/uploads\/2025\/12\/ecoturbino-function_1920-1.webp\" class=\"bg attachment- size-\" alt=\"ecoturbino funkci\u00f3\" \/>\t\t\t\t\t\t<div class=\"section-bg-overlay absolute fill\"><\/div>\n\t\t\t\n\n\t\t<\/div>\n\n\t\t\t<div class=\"ux-shape-divider ux-shape-divider--top ux-shape-divider--style-waves-opacity\">\n\t\t<svg viewbox=\"0 0 1000 300\" xmlns=\"http:\/\/www.w3.org\/2000\/svg\" preserveaspectratio=\"none\">\n    <path class=\"ux-shape-fill\" d=\"M0 300L-1 69.71C216 57 299.47 198.86 403 226C506 253 577 196 660 197C740 198 790.09 234.07 874 267C935.23 291 982 282.61 1000 277.61V300H0Z\"\/>\n    <path class=\"ux-shape-fill\" opacity=\"0.5\" d=\"M1 265.094L0 50.5C217 37.79 300.47 186.36 404 213.5C507 240.5 578 196.5 661 197.5C741 198.5 787.59 239.57 871.5 272.5C932.73 296.5 980.5 284.5 998.5 279.5V298.5L1 265.094Z\"\/>\n    <path class=\"ux-shape-fill\" opacity=\"0.15\" d=\"M0.999878 244.094L-0.00012207 27C217 14.29 300.47 173.86 404 201C507 228 578 196 661 197C741 198 787.59 243.07 871.5 276C932.73 300 980.5 284.5 998.5 279.5V299L0.999878 244.094Z\"\/>\n<\/svg>\n\n\t<\/div>\n\n\n\t\t<div class=\"section-content relative\">\n\t\t\t\n\t\t<\/div>\n\n\t\t\n<style>\n#section_1902860591 {\n  padding-top: 125px;\n  padding-bottom: 125px;\n}\n#section_1902860591 .section-bg-overlay {\n  background-color: rgba(0, 0, 0, 0.25);\n}\n#section_1902860591 .ux-shape-divider--top svg {\n  height: 80px;\n  --divider-top-width: 100%;\n}\n@media (min-width:550px) {\n  #section_1902860591 {\n    padding-top: 300px;\n    padding-bottom: 300px;\n  }\n  #section_1902860591 .ux-shape-divider--top svg {\n    height: 124px;\n  }\n}\n<\/style>\n\t<\/section>","protected":false},"excerpt":{"rendered":"","protected":false},"author":2,"featured_media":1688,"parent":0,"menu_order":0,"comment_status":"closed","ping_status":"closed","template":"page-blank.php","meta":{"inline_featured_image":false,"footnotes":""},"class_list":["post-1207","page","type-page","status-publish","has-post-thumbnail","hentry"],"_links":{"self":[{"href":"https:\/\/ecoturbino.world\/hu\/wp-json\/wp\/v2\/pages\/1207","targetHints":{"allow":["GET"]}}],"collection":[{"href":"https:\/\/ecoturbino.world\/hu\/wp-json\/wp\/v2\/pages"}],"about":[{"href":"https:\/\/ecoturbino.world\/hu\/wp-json\/wp\/v2\/types\/page"}],"author":[{"embeddable":true,"href":"https:\/\/ecoturbino.world\/hu\/wp-json\/wp\/v2\/users\/2"}],"replies":[{"embeddable":true,"href":"https:\/\/ecoturbino.world\/hu\/wp-json\/wp\/v2\/comments?post=1207"}],"version-history":[{"count":0,"href":"https:\/\/ecoturbino.world\/hu\/wp-json\/wp\/v2\/pages\/1207\/revisions"}],"wp:featuredmedia":[{"embeddable":true,"href":"https:\/\/ecoturbino.world\/hu\/wp-json\/wp\/v2\/media\/1688"}],"wp:attachment":[{"href":"https:\/\/ecoturbino.world\/hu\/wp-json\/wp\/v2\/media?parent=1207"}],"curies":[{"name":"wp","href":"https:\/\/api.w.org\/{rel}","templated":true}]}}