{"id":1202,"date":"2024-01-01T11:52:19","date_gmt":"2024-01-01T10:52:19","guid":{"rendered":"https:\/\/ecoturbino.eu\/?page_id=1202"},"modified":"2025-12-29T22:44:32","modified_gmt":"2025-12-29T21:44:32","slug":"hatas-3","status":"publish","type":"page","link":"https:\/\/ecoturbino.world\/hu\/impact-3\/","title":{"rendered":"El\u00e9g meleg v\u00edz minden zuhanyz\u00f3 sz\u00e1m\u00e1ra egyidej\u0171leg"},"content":{"rendered":"<section class=\"section zindex1\" id=\"section_688248483\">\n\t\t<div class=\"section-bg fill\" >\n\t\t\t\t\t\t\t\t\t\n\t\t\t\n\n\t\t<\/div>\n\n\t\t\n\n\t\t<div class=\"section-content relative\">\n\t\t\t\n<div class=\"row row-small\"  id=\"row-392475229\">\n\n\t<div id=\"col-342570110\" class=\"col medium-9 small-12 large-9\"  >\n\t\t\t\t<div class=\"col-inner\"  >\n\t\t\t\n\t\t\t\n<h1 class=\"uppercase\">El\u00e9gs\u00e9ges melegv\u00edz-ell\u00e1t\u00e1s minden zuhanyz\u00f3hoz<\/h1>\n<h3 class=\"thin-font\">az ecoturbino\u00ae v\u00edztakar\u00e9kos k\u00f6rnyezetv\u00e9d\u0151 rendszer harmadik hat\u00e1sa<\/h3>\n<div class=\"row\"  id=\"row-1613160185\">\n\n\t<div id=\"col-1160720038\" class=\"col medium-11 small-12 large-11\"  >\n\t\t\t\t<div class=\"col-inner\"  >\n\t\t\t\n\t\t\t\n\t<div id=\"stack-1518758509\" class=\"stack stack-row justify-start items-start\">\n\t\t\n\t<div class=\"img has-hover x md-x lg-x y md-y lg-y\" id=\"image_595325264\">\n\t\t<a class=\"\" href=\"\/hu\/hatas-1\/\" >\t\t\t\t\t\t<div class=\"img-inner image-color dark\" >\n\t\t\t<img decoding=\"async\" width=\"100\" height=\"100\" src=\"https:\/\/ecoturbino.world\/wp-content\/uploads\/2024\/01\/impact1.svg\" class=\"attachment-original size-original\" alt=\"\" \/>\t\t\t\t\t\t\n\t\t\t\t\t<\/div>\n\t\t\t\t\t\t<\/a>\t\t\n<style>\n#image_595325264 {\n  width: 100%;\n}\n<\/style>\n\t<\/div>\n\t\n\t<div class=\"img has-hover x md-x lg-x y md-y lg-y\" id=\"image_1852857324\">\n\t\t<a class=\"\" href=\"\/hu\/hatas-2\/\" >\t\t\t\t\t\t<div class=\"img-inner image-color dark\" >\n\t\t\t<img decoding=\"async\" width=\"100\" height=\"100\" src=\"https:\/\/ecoturbino.world\/wp-content\/uploads\/2024\/01\/impact2.svg\" class=\"attachment-original size-original\" alt=\"\" \/>\t\t\t\t\t\t\n\t\t\t\t\t<\/div>\n\t\t\t\t\t\t<\/a>\t\t\n<style>\n#image_1852857324 {\n  width: 100%;\n}\n<\/style>\n\t<\/div>\n\t\n\t<div class=\"img has-hover x md-x lg-x y md-y lg-y\" id=\"image_1443973423\">\n\t\t\t\t\t\t\t\t<div class=\"img-inner dark\" >\n\t\t\t<img decoding=\"async\" width=\"100\" height=\"100\" src=\"https:\/\/ecoturbino.world\/wp-content\/uploads\/2024\/01\/impact3.svg\" class=\"attachment-original size-original\" alt=\"Az ecoturbino 3. hat\u00e1sa\" \/>\t\t\t\t\t\t\n\t\t\t\t\t<\/div>\n\t\t\t\t\t\t\t\t\n<style>\n#image_1443973423 {\n  width: 100%;\n}\n<\/style>\n\t<\/div>\n\t\n\t<div class=\"img has-hover x md-x lg-x y md-y lg-y\" id=\"image_2054493269\">\n\t\t<a class=\"\" href=\"\/hu\/hatas-4\/\" >\t\t\t\t\t\t<div class=\"img-inner image-color dark\" >\n\t\t\t<img decoding=\"async\" width=\"100\" height=\"100\" src=\"https:\/\/ecoturbino.world\/wp-content\/uploads\/2024\/01\/impact4.svg\" class=\"attachment-original size-original\" alt=\"Az ecoturbino 4. hat\u00e1sa\" \/>\t\t\t\t\t\t\n\t\t\t\t\t<\/div>\n\t\t\t\t\t\t<\/a>\t\t\n<style>\n#image_2054493269 {\n  width: 100%;\n}\n<\/style>\n\t<\/div>\n\t\n\t<div class=\"img has-hover x md-x lg-x y md-y lg-y\" id=\"image_528645312\">\n\t\t<a class=\"\" href=\"\/hu\/hatas-5\/\" >\t\t\t\t\t\t<div class=\"img-inner image-color dark\" >\n\t\t\t<img decoding=\"async\" width=\"100\" height=\"100\" src=\"https:\/\/ecoturbino.world\/wp-content\/uploads\/2024\/01\/impact5.svg\" class=\"attachment-original size-original\" alt=\"\" \/>\t\t\t\t\t\t\n\t\t\t\t\t<\/div>\n\t\t\t\t\t\t<\/a>\t\t\n<style>\n#image_528645312 {\n  width: 100%;\n}\n<\/style>\n\t<\/div>\n\t\n\t<div class=\"img has-hover x md-x lg-x y md-y lg-y\" id=\"image_1145355853\">\n\t\t<a class=\"\" href=\"\/hu\/hatas-6\/\" >\t\t\t\t\t\t<div class=\"img-inner image-color dark\" >\n\t\t\t<img decoding=\"async\" width=\"100\" height=\"100\" src=\"https:\/\/ecoturbino.world\/wp-content\/uploads\/2024\/01\/impact6.svg\" class=\"attachment-original size-original\" alt=\"Az ecoturbino 6. hat\u00e1sa\" \/>\t\t\t\t\t\t\n\t\t\t\t\t<\/div>\n\t\t\t\t\t\t<\/a>\t\t\n<style>\n#image_1145355853 {\n  width: 100%;\n}\n<\/style>\n\t<\/div>\n\t\n\t<div class=\"img has-hover x md-x lg-x y md-y lg-y\" id=\"image_1920798324\">\n\t\t<a class=\"\" href=\"\/hu\/hatas-7\/\" >\t\t\t\t\t\t<div class=\"img-inner image-color dark\" >\n\t\t\t<img decoding=\"async\" width=\"100\" height=\"100\" src=\"https:\/\/ecoturbino.world\/wp-content\/uploads\/2024\/01\/impact7.svg\" class=\"attachment-original size-original\" alt=\"Az ecoturbino 7. hat\u00e1sa\" \/>\t\t\t\t\t\t\n\t\t\t\t\t<\/div>\n\t\t\t\t\t\t<\/a>\t\t\n<style>\n#image_1920798324 {\n  width: 100%;\n}\n<\/style>\n\t<\/div>\n\t\n\t\t\n<style>\n#stack-1518758509 > * {\n  --stack-gap: 0.5rem;\n}\n@media (min-width:550px) {\n  #stack-1518758509 > * {\n    --stack-gap: 1rem;\n  }\n}\n<\/style>\n\t<\/div>\n\t\n\t\t<\/div>\n\t\t\t\t\t<\/div>\n\n\t\n<\/div>\n\t\t<\/div>\n\t\t\t\t\t<\/div>\n\n\t\n\n\t<div id=\"col-1660872751\" class=\"col medium-3 small-12 large-3\"  >\n\t\t\t\t<div class=\"col-inner\"  >\n\t\t\t\n\t\t\t\n\t<div class=\"img has-hover x md-x lg-x y md-y lg-y\" id=\"image_337816313\">\n\t\t\t\t\t\t\t\t<div class=\"img-inner dark\" >\n\t\t\t<img decoding=\"async\" width=\"100\" height=\"100\" src=\"https:\/\/ecoturbino.world\/wp-content\/uploads\/2024\/01\/impact3.svg\" class=\"attachment-original size-original\" alt=\"Az ecoturbino 3. hat\u00e1sa\" \/>\t\t\t\t\t\t\n\t\t\t\t\t<\/div>\n\t\t\t\t\t\t\t\t\n<style>\n#image_337816313 {\n  width: 100%;\n}\n<\/style>\n\t<\/div>\n\t\n\t\t<\/div>\n\t\t\t\t\t<\/div>\n\n\t\n<\/div>\n<div class=\"row\"  id=\"row-484388434\">\n\n\t<div id=\"col-1733396429\" class=\"col small-12 large-12\"  >\n\t\t\t\t<div class=\"col-inner\"  >\n\t\t\t\n\t\t\t\n<div class=\"is-divider divider clearfix\" style=\"max-width:100%;height:1px;\"><\/div>\n<h3><span style=\"font-size: 120%;\">Kis kaz\u00e1nok \u00e9s melegv\u00edz-ell\u00e1t\u00e1s mindenkinek | Probl\u00e9ma \u00e9s megold\u00e1s az ecoturbino seg\u00edts\u00e9g\u00e9vel<\/span><\/h3>\n<p>A k\u00e9rd\u00e9s a <strong>a melegv\u00edz-ell\u00e1t\u00e1s gyakran figyelmen k\u00edv\u00fcl hagyj\u00e1k<\/strong> de tov\u00e1bbra is a k\u00e9nyelem \u00e9s az \u00e9letmin\u0151s\u00e9g egyik legfontosabb eleme sokakn\u00e1l <strong>h\u00e1ztart\u00e1sok, <a href=\"https:\/\/ecoturbino.world\/hu\/directory-world\/kategoriak\/sportkozpont-2\/\" target=\"_blank\" rel=\"noopener\">tornatermek<\/a>, di\u00e1ksz\u00e1ll\u00f3k,<\/strong> \u00e9s egy\u00e9b k\u00f6z\u00f6ss\u00e9gi l\u00e9tes\u00edtm\u00e9nyek.<\/p>\n<p>K\u00fcl\u00f6n\u00f6sen olyan helyzetekben, amikor <strong>kis kaz\u00e1nok vagy h\u0151szivatty\u00fak a melegv\u00edz kiz\u00e1r\u00f3lagos forr\u00e1sa,<\/strong> hi\u00e1ny l\u00e9phet fel, amikor mindenki egyszerre akar zuhanyozni. Ez a probl\u00e9ma els\u0151sorban az egylak\u00e1sos csal\u00e1di h\u00e1zakban, edz\u0151termekben \u00e9s k\u00f6z\u00f6ss\u00e9gi l\u00e9tes\u00edtm\u00e9nyekben \u00e9l\u0151 csal\u00e1dokat \u00e9rinti.<\/p>\n<p>Ez az a hely, ahol a <strong>az ecoturbino innovat\u00edv technol\u00f3gi\u00e1ja l\u00e9p m\u0171k\u00f6d\u00e9sbe<\/strong>, nem csak <strong>a zuhanyz\u00e1s k\u00f6zbeni v\u00edzfogyaszt\u00e1s 40 sz\u00e1zal\u00e9kkal t\u00f6rt\u00e9n\u0151 cs\u00f6kkent\u00e9se.<\/strong> hanem \u00e1ltal\u00e1ban v\u00e9ve is megfelel\u0151 melegv\u00edz-ell\u00e1t\u00e1st biztos\u00edt mindenki sz\u00e1m\u00e1ra, \u00e9s sz\u00e1mos el\u0151nnyel j\u00e1r.<\/p>\n<blockquote>\n<p>A 40% meghosszabb\u00edtja a melegv\u00edz-ell\u00e1t\u00e1s id\u0151tartam\u00e1t a zuhanyoz\u00e1shoz.<\/p>\n<\/blockquote>\n\t<div id=\"gap-69205688\" class=\"gap-element clearfix\" style=\"display:block; height:auto;\">\n\t\t\n<style>\n#gap-69205688 {\n  padding-top: 30px;\n}\n<\/style>\n\t<\/div>\n\t\n<div class=\"row\"  id=\"row-229647278\">\n\n\t<div id=\"col-289409840\" class=\"col medium-4 small-12 large-4\"  >\n\t\t\t\t<div class=\"col-inner\"  >\n\t\t\t\n\t\t\t\n\t<div class=\"img has-hover radius10 x md-x lg-x y md-y lg-y\" id=\"image_1466859979\">\n\t\t\t\t\t\t\t\t<div class=\"img-inner dark\" >\n\t\t\t<img decoding=\"async\" width=\"600\" height=\"600\" src=\"https:\/\/ecoturbino.world\/wp-content\/uploads\/2024\/01\/setting-temp_600.webp\" class=\"attachment-original size-original\" alt=\"H\u0151m\u00e9rs\u00e9klet szimb\u00f3lum be\u00e1ll\u00edt\u00e1sa\" srcset=\"https:\/\/ecoturbino.world\/wp-content\/uploads\/2024\/01\/setting-temp_600.webp 600w, https:\/\/ecoturbino.world\/wp-content\/uploads\/2024\/01\/setting-temp_600-500x500.webp 500w, https:\/\/ecoturbino.world\/wp-content\/uploads\/2024\/01\/setting-temp_600-32x32.webp 32w, https:\/\/ecoturbino.world\/wp-content\/uploads\/2024\/01\/setting-temp_600-48x48.webp 48w, https:\/\/ecoturbino.world\/wp-content\/uploads\/2024\/01\/setting-temp_600-80x80.webp 80w, https:\/\/ecoturbino.world\/wp-content\/uploads\/2024\/01\/setting-temp_600-180x180.webp 180w\" sizes=\"(max-width: 600px) 100vw, 600px\" \/>\t\t\t\t\t\t\n\t\t\t\t\t<\/div>\n\t\t\t\t\t\t\t\t\n<style>\n#image_1466859979 {\n  width: 100%;\n}\n<\/style>\n\t<\/div>\n\t\n\t\t<\/div>\n\t\t\t\t\t<\/div>\n\n\t\n\n\t<div id=\"col-453070453\" class=\"col medium-8 small-12 large-8\"  >\n\t\t\t\t<div class=\"col-inner\"  >\n\t\t\t\n\t\t\t\n<h3>A kis kaz\u00e1nok probl\u00e9m\u00e1ja \u00e9s <a href=\"https:\/\/en.wikipedia.org\/wiki\/Heat_pump\" target=\"_blank\" rel=\"noopener sponsored\">H\u0151szivatty\u00fak<\/a><\/h3>\n<p>Sz\u00e1mos lak\u00f3otthonban \u00e9s k\u00f6z\u00f6ss\u00e9gi l\u00e9tes\u00edtm\u00e9nyben, <strong>a melegv\u00edz-ell\u00e1t\u00f3 rendszerek gyakran alulm\u00e9retezettek<\/strong> korl\u00e1tozott er\u0151forr\u00e1sok vagy helyhi\u00e1ny miatt.<\/p>\n<p>A kis kaz\u00e1nok vagy h\u0151szivatty\u00fak neh\u00e9zs\u00e9geket okozhatnak, <strong>k\u00fcl\u00f6n\u00f6sen, ha sokan akarnak egyszerre zuhanyozni.<\/strong> Ez gyakran vezet olyan kellemetlen helyzetekhez, amikor a meleg v\u00edz fogyt\u00e1n van, vagy ak\u00e1r teljesen elfogy.<\/p>\n<p>A csal\u00e1dtagoknak sietni\u00fck kell zuhanyz\u00e1s k\u00f6zben, vagy v\u00e1rniuk kell a forr\u00f3 v\u00edzre, <strong>az edz\u0151termi \u00fcgyfelek frusztr\u00e1ltak lesznek,<\/strong> \u00e9s az \u00e1ltal\u00e1nos k\u00e9nyelem jelent\u0151sen romlik.<\/p>\n\t\t<\/div>\n\t\t\t\t\t<\/div>\n\n\t\n<\/div>\n\t<div id=\"gap-432927016\" class=\"gap-element clearfix\" style=\"display:block; height:auto;\">\n\t\t\n<style>\n#gap-432927016 {\n  padding-top: 30px;\n}\n<\/style>\n\t<\/div>\n\t\n<div class=\"row\"  id=\"row-2057976249\">\n\n\t<div id=\"col-312525023\" class=\"col medium-6 small-12 large-6\"  >\n\t\t\t\t<div class=\"col-inner\" style=\"background-color:rgb(255,255,255);\" >\n\t\t\t\n\t\t\t\n<h3>A \"Megfelel\u0151 melegv\u00edz mindenkinek\" megold\u00e1s = ecoturbino<\/h3>\n<p>Az ecoturbino technol\u00f3gia<strong> hat\u00e9kony megold\u00e1s erre a sz\u00e9les k\u00f6rben elterjedt probl\u00e9m\u00e1ra<\/strong>. \u00dagy tervezt\u00e9k, hogy <strong>drasztikusan cs\u00f6kkenti a v\u00edzfogyaszt\u00e1st zuhanyz\u00e1s k\u00f6zben<\/strong> a zuhanyz\u00e1si k\u00e9nyelem vesz\u00e9lyeztet\u00e9se n\u00e9lk\u00fcl. \u00cdme n\u00e9h\u00e1ny el\u0151ny, amelyet az ecoturbino mindenki sz\u00e1m\u00e1ra biztos\u00edt:<\/p>\n<ul>\n<li><strong>Cs\u00f6kkentett (HOT) - V\u00edzfogyaszt\u00e1s:<\/strong> Az ecoturbino leny\u0171g\u00f6z\u0151 40 sz\u00e1zal\u00e9kkal cs\u00f6kkentheti a v\u00edzfogyaszt\u00e1st. Ez azt jelenti, hogy kevesebb vizet kell felmeleg\u00edteni a zuhanyoz\u00e1shoz sz\u00fcks\u00e9ges meleg v\u00edz el\u0151\u00e1ll\u00edt\u00e1s\u00e1hoz, vagy a megl\u00e9v\u0151 mennyis\u00e9g sokkal t\u00f6bb zuhanyoz\u00e1sra elegend\u0151. Ez jelent\u0151s energia- \u00e9s v\u00edzforr\u00e1s-megtakar\u00edt\u00e1st eredm\u00e9nyez.<\/li>\n<\/ul>\n<blockquote>\n<p>Megfelel\u0151 meleg v\u00edz mindenkinek: A v\u00edzfogyaszt\u00e1s cs\u00f6kkent\u00e9s\u00e9vel az ecoturbino biztos\u00edtja, hogy mindenki sz\u00e1m\u00e1ra elegend\u0151 meleg v\u00edz \u00e1lljon rendelkez\u00e9sre, m\u00e9g akkor is, ha egyszerre t\u00f6bben szeretn\u00e9nek zuhanyozni. A kis bojlerek vagy h\u0151szivatty\u00fak korl\u00e1tozott kapacit\u00e1s\u00e1b\u00f3l ad\u00f3d\u00f3 probl\u00e9ma hat\u00e9konyan megold\u00f3dik.<\/p>\n<\/blockquote>\n<ul>\n<li><strong>Gyors visszafizet\u00e9s:<\/strong> Az ecoturbino telep\u00edt\u00e9se egyszer\u0171 \u00e9s k\u00f6lts\u00e9ghat\u00e9kony. Az energia- \u00e9s v\u00edzk\u00f6lts\u00e9gek megtakar\u00edt\u00e1sa r\u00f6vid id\u0151n bel\u00fcl nyeres\u00e9gess\u00e9 teszi a beruh\u00e1z\u00e1st. Csal\u00e1dok, edz\u0151termek \u00e9s m\u00e1s l\u00e9tes\u00edtm\u00e9nyek sz\u00e1m\u00e1ra az ecoturbino gyorsan megt\u00e9r\u00fcl.<\/li>\n<li><strong>K\u00f6rnyezetbar\u00e1t:<\/strong> A v\u00edzfogyaszt\u00e1s cs\u00f6kkent\u00e9s\u00e9vel az ecoturbino hozz\u00e1j\u00e1rul a v\u00edzk\u00e9szletek meg\u0151rz\u00e9s\u00e9hez \u00e9s a CO2-kibocs\u00e1t\u00e1s cs\u00f6kkent\u00e9s\u00e9hez. Ez nem csak az \u00d6n p\u00e9nzt\u00e1rc\u00e1ja, hanem a k\u00f6rnyezet sz\u00e1m\u00e1ra is el\u0151ny\u00f6s.<\/li>\n<li><strong>Fokozott zuhanyz\u00e1si k\u00e9nyelem:<\/strong> A v\u00edzfogyaszt\u00e1s cs\u00f6kkent\u00e9se ellen\u00e9re, <strong>Az ecoturbino tov\u00e1bbra is v\u00e1ltozatlan, kellemes \u00e9s pihentet\u0151 zuhanyz\u00e1si \u00e9lm\u00e9nyt ny\u00fajt.<\/strong>. A technol\u00f3gia biztos\u00edtja, hogy a v\u00edz\u00e1raml\u00e1s er\u0151s \u00e9s \u00e9lvezetes maradjon, an\u00e9lk\u00fcl, hogy pazarolna (nyom\u00e1sfokoz\u00f3 elv k\u00fcls\u0151 energia n\u00e9lk\u00fcl).<\/li>\n<\/ul>\n\t\t<\/div>\n\t\t\t\t\n<style>\n#col-312525023 > .col-inner {\n  padding: 5px 15px 15px 15px;\n  border-radius: 10px;\n}\n<\/style>\n\t<\/div>\n\n\t\n\n\t<div id=\"col-1653994138\" class=\"col medium-6 small-12 large-6\"  >\n\t\t\t\t<div class=\"col-inner\" style=\"background-color:#c0d63d;\" >\n\t\t\t\n\t\t\t\n\t<div id=\"text-1410756282\" class=\"text\">\n\t\t\n<h4 class=\"uppercase\">K\u00d6VETKEZTET\u00c9S<\/h4>\n\t\t\n<style>\n#text-1410756282 {\n  font-size: 2rem;\n  text-align: right;\n  color: rgb(255,255,255);\n}\n#text-1410756282 > * {\n  color: rgb(255,255,255);\n}\n@media (min-width:850px) {\n  #text-1410756282 {\n    font-size: 3.5rem;\n  }\n}\n<\/style>\n\t<\/div>\n\t\n<h3>El\u0151ny\u00f6k mindenkinek az ecoturbino rendszernek k\u00f6sz\u00f6nhet\u0151en<\/h3>\n<p>Az ecoturbino technol\u00f3gia egy <strong>mindenki sz\u00e1m\u00e1ra el\u0151ny\u00f6s megold\u00e1s<\/strong> a korl\u00e1tozott melegv\u00edz-forr\u00e1sok kezel\u00e9se. A <strong>cs\u00f6kkenti a v\u00edzfogyaszt\u00e1st, megfelel\u0151 meleg vizet biztos\u00edt mindenki sz\u00e1m\u00e1ra,<\/strong> \u00e9s sz\u00e1mos el\u0151nyt k\u00edn\u00e1l a k\u00f6lts\u00e9gmegtakar\u00edt\u00e1s, a k\u00f6rnyezetbar\u00e1ts\u00e1g \u00e9s a zuhanyz\u00e1si k\u00e9nyelem tekintet\u00e9ben.<\/p>\n<blockquote>\n<p>Legyen sz\u00f3 csal\u00e1di h\u00e1zakr\u00f3l, edz\u0151termekr\u0151l vagy m\u00e1s k\u00f6z\u00f6ss\u00e9gi l\u00e9tes\u00edtm\u00e9nyekr\u0151l, az ecoturbino hat\u00e9kony \u00e9s kiel\u00e9g\u00edt\u0151 melegv\u00edz-ell\u00e1t\u00e1st biztos\u00edt mindenki sz\u00e1m\u00e1ra.<\/p>\n<\/blockquote>\n<p>Amennyiben egy <strong>a megl\u00e9v\u0151 lefoly\u00f3 t\u00fal kicsi,<\/strong> Az ecoturbino is seg\u00edthet ebben a probl\u00e9m\u00e1ban. Az \u00e1rv\u00edz helyett term\u00e9keink haszn\u00e1lat\u00e1val <strong>gyakran elegend\u0151 a t\u00falcsordul\u00e1s megakad\u00e1lyoz\u00e1s\u00e1hoz,<\/strong> \u00edgy csak 60% a lefoly\u00f3kapacit\u00e1sb\u00f3l sz\u00fcks\u00e9ges - a t\u00falfoly\u00e1s gyakran megel\u0151zhet\u0151.<\/p>\n\t\t<\/div>\n\t\t\t\t\n<style>\n#col-1653994138 > .col-inner {\n  padding: 10px 20px 1px 25px;\n  border-radius: 10px;\n}\n<\/style>\n\t<\/div>\n\n\t\n<\/div>\n\t\t<\/div>\n\t\t\t\t\n<style>\n#col-1733396429 > .col-inner {\n  margin: 0px 0px -125px 0px;\n}\n@media (min-width:550px) {\n  #col-1733396429 > .col-inner {\n    margin: 0px 0px -200px 0px;\n  }\n}\n<\/style>\n\t<\/div>\n\n\t\n<\/div>\n\t\t<\/div>\n\n\t\t\n<style>\n#section_688248483 {\n  padding-top: 30px;\n  padding-bottom: 30px;\n}\n<\/style>\n\t<\/section>\n\t\n\n\t<section class=\"section\" id=\"section_402060257\">\n\t\t<div class=\"section-bg fill\" >\n\t\t\t<img decoding=\"async\" width=\"1920\" height=\"683\" src=\"https:\/\/ecoturbino.world\/wp-content\/uploads\/2025\/12\/ecoturbino-function_1920-1.webp\" class=\"bg attachment- size-\" alt=\"ecoturbino funkci\u00f3\" \/>\t\t\t\t\t\t<div class=\"section-bg-overlay absolute fill\"><\/div>\n\t\t\t\n\n\t\t<\/div>\n\n\t\t\t<div class=\"ux-shape-divider ux-shape-divider--top ux-shape-divider--style-waves-opacity\">\n\t\t<svg viewbox=\"0 0 1000 300\" xmlns=\"http:\/\/www.w3.org\/2000\/svg\" preserveaspectratio=\"none\">\n    <path class=\"ux-shape-fill\" d=\"M0 300L-1 69.71C216 57 299.47 198.86 403 226C506 253 577 196 660 197C740 198 790.09 234.07 874 267C935.23 291 982 282.61 1000 277.61V300H0Z\"\/>\n    <path class=\"ux-shape-fill\" opacity=\"0.5\" d=\"M1 265.094L0 50.5C217 37.79 300.47 186.36 404 213.5C507 240.5 578 196.5 661 197.5C741 198.5 787.59 239.57 871.5 272.5C932.73 296.5 980.5 284.5 998.5 279.5V298.5L1 265.094Z\"\/>\n    <path class=\"ux-shape-fill\" opacity=\"0.15\" d=\"M0.999878 244.094L-0.00012207 27C217 14.29 300.47 173.86 404 201C507 228 578 196 661 197C741 198 787.59 243.07 871.5 276C932.73 300 980.5 284.5 998.5 279.5V299L0.999878 244.094Z\"\/>\n<\/svg>\n\n\t<\/div>\n\n\n\t\t<div class=\"section-content relative\">\n\t\t\t\n\t\t<\/div>\n\n\t\t\n<style>\n#section_402060257 {\n  padding-top: 125px;\n  padding-bottom: 125px;\n}\n#section_402060257 .section-bg-overlay {\n  background-color: rgba(0, 0, 0, 0.25);\n}\n#section_402060257 .ux-shape-divider--top svg {\n  height: 80px;\n  --divider-top-width: 100%;\n}\n@media (min-width:550px) {\n  #section_402060257 {\n    padding-top: 250px;\n    padding-bottom: 250px;\n  }\n  #section_402060257 .ux-shape-divider--top svg {\n    height: 124px;\n  }\n}\n<\/style>\n\t<\/section>","protected":false},"excerpt":{"rendered":"","protected":false},"author":2,"featured_media":1556,"parent":0,"menu_order":0,"comment_status":"closed","ping_status":"closed","template":"page-blank.php","meta":{"inline_featured_image":false,"footnotes":""},"class_list":["post-1202","page","type-page","status-publish","has-post-thumbnail","hentry"],"_links":{"self":[{"href":"https:\/\/ecoturbino.world\/hu\/wp-json\/wp\/v2\/pages\/1202","targetHints":{"allow":["GET"]}}],"collection":[{"href":"https:\/\/ecoturbino.world\/hu\/wp-json\/wp\/v2\/pages"}],"about":[{"href":"https:\/\/ecoturbino.world\/hu\/wp-json\/wp\/v2\/types\/page"}],"author":[{"embeddable":true,"href":"https:\/\/ecoturbino.world\/hu\/wp-json\/wp\/v2\/users\/2"}],"replies":[{"embeddable":true,"href":"https:\/\/ecoturbino.world\/hu\/wp-json\/wp\/v2\/comments?post=1202"}],"version-history":[{"count":0,"href":"https:\/\/ecoturbino.world\/hu\/wp-json\/wp\/v2\/pages\/1202\/revisions"}],"wp:featuredmedia":[{"embeddable":true,"href":"https:\/\/ecoturbino.world\/hu\/wp-json\/wp\/v2\/media\/1556"}],"wp:attachment":[{"href":"https:\/\/ecoturbino.world\/hu\/wp-json\/wp\/v2\/media?parent=1202"}],"curies":[{"name":"wp","href":"https:\/\/api.w.org\/{rel}","templated":true}]}}