{"id":1198,"date":"2024-01-01T11:46:22","date_gmt":"2024-01-01T10:46:22","guid":{"rendered":"https:\/\/ecoturbino.eu\/?page_id=1198"},"modified":"2024-01-16T00:49:38","modified_gmt":"2024-01-15T23:49:38","slug":"hatas-2","status":"publish","type":"page","link":"https:\/\/ecoturbino.world\/hu\/impact-2\/","title":{"rendered":"Optimaliz\u00e1lt \u00e9s l\u00e1that\u00f3 higi\u00e9nia a zuhanyz\u00f3kban | zuhanyfejek"},"content":{"rendered":"<section class=\"section zindex1\" id=\"section_530363404\">\n\t\t<div class=\"section-bg fill\" >\n\t\t\t\t\t\t\t\t\t\n\t\t\t\n\n\t\t<\/div>\n\n\t\t\n\n\t\t<div class=\"section-content relative\">\n\t\t\t\n<div class=\"row row-small\"  id=\"row-998999720\">\n\n\t<div id=\"col-493504965\" class=\"col medium-9 small-12 large-9\"  >\n\t\t\t\t<div class=\"col-inner\"  >\n\t\t\t\n\t\t\t\n<h1 class=\"uppercase\">Optimaliz\u00e1lt \u00e9s l\u00e1that\u00f3 higi\u00e9nia ZUHANYZ\u00d3BAN \u00e9s F\u00dcRD\u0150BEN<\/h1>\n<h3 class=\"thin-font\">az ecoturbino\u00ae v\u00edztakar\u00e9kos k\u00f6rnyezetv\u00e9d\u0151 rendszer m\u00e1sodik hat\u00e1sa<\/h3>\n<div class=\"row\"  id=\"row-1950180909\">\n\n\t<div id=\"col-881721471\" class=\"col medium-11 small-12 large-11\"  >\n\t\t\t\t<div class=\"col-inner\"  >\n\t\t\t\n\t\t\t\n\t<div id=\"stack-981345181\" class=\"stack stack-row justify-start items-start\">\n\t\t\n\t<div class=\"img has-hover x md-x lg-x y md-y lg-y\" id=\"image_2077591512\">\n\t\t<a class=\"\" href=\"\/hu\/hatas-1\/\" >\t\t\t\t\t\t<div class=\"img-inner image-color dark\" >\n\t\t\t<img decoding=\"async\" width=\"100\" height=\"100\" src=\"https:\/\/ecoturbino.world\/wp-content\/uploads\/2024\/01\/impact1.svg\" class=\"attachment-original size-original\" alt=\"\" \/>\t\t\t\t\t\t\n\t\t\t\t\t<\/div>\n\t\t\t\t\t\t<\/a>\t\t\n<style>\n#image_2077591512 {\n  width: 100%;\n}\n<\/style>\n\t<\/div>\n\t\n\t<div class=\"img has-hover x md-x lg-x y md-y lg-y\" id=\"image_1772036329\">\n\t\t\t\t\t\t\t\t<div class=\"img-inner dark\" >\n\t\t\t<img decoding=\"async\" width=\"100\" height=\"100\" src=\"https:\/\/ecoturbino.world\/wp-content\/uploads\/2024\/01\/impact2.svg\" class=\"attachment-original size-original\" alt=\"\" \/>\t\t\t\t\t\t\n\t\t\t\t\t<\/div>\n\t\t\t\t\t\t\t\t\n<style>\n#image_1772036329 {\n  width: 100%;\n}\n<\/style>\n\t<\/div>\n\t\n\t<div class=\"img has-hover x md-x lg-x y md-y lg-y\" id=\"image_1352163107\">\n\t\t<a class=\"\" href=\"\/hu\/hatas-3\/\" >\t\t\t\t\t\t<div class=\"img-inner image-color dark\" >\n\t\t\t<img decoding=\"async\" width=\"100\" height=\"100\" src=\"https:\/\/ecoturbino.world\/wp-content\/uploads\/2024\/01\/impact3.svg\" class=\"attachment-original size-original\" alt=\"Az ecoturbino 3. hat\u00e1sa\" \/>\t\t\t\t\t\t\n\t\t\t\t\t<\/div>\n\t\t\t\t\t\t<\/a>\t\t\n<style>\n#image_1352163107 {\n  width: 100%;\n}\n<\/style>\n\t<\/div>\n\t\n\t<div class=\"img has-hover x md-x lg-x y md-y lg-y\" id=\"image_1724390199\">\n\t\t<a class=\"\" href=\"\/hu\/hatas-4\/\" >\t\t\t\t\t\t<div class=\"img-inner image-color dark\" >\n\t\t\t<img decoding=\"async\" width=\"100\" height=\"100\" src=\"https:\/\/ecoturbino.world\/wp-content\/uploads\/2024\/01\/impact4.svg\" class=\"attachment-original size-original\" alt=\"Az ecoturbino 4. hat\u00e1sa\" \/>\t\t\t\t\t\t\n\t\t\t\t\t<\/div>\n\t\t\t\t\t\t<\/a>\t\t\n<style>\n#image_1724390199 {\n  width: 100%;\n}\n<\/style>\n\t<\/div>\n\t\n\t<div class=\"img has-hover x md-x lg-x y md-y lg-y\" id=\"image_1540785625\">\n\t\t<a class=\"\" href=\"\/hu\/hatas-5\/\" >\t\t\t\t\t\t<div class=\"img-inner image-color dark\" >\n\t\t\t<img decoding=\"async\" width=\"100\" height=\"100\" src=\"https:\/\/ecoturbino.world\/wp-content\/uploads\/2024\/01\/impact5.svg\" class=\"attachment-original size-original\" alt=\"\" \/>\t\t\t\t\t\t\n\t\t\t\t\t<\/div>\n\t\t\t\t\t\t<\/a>\t\t\n<style>\n#image_1540785625 {\n  width: 100%;\n}\n<\/style>\n\t<\/div>\n\t\n\t<div class=\"img has-hover x md-x lg-x y md-y lg-y\" id=\"image_805447945\">\n\t\t<a class=\"\" href=\"\/hu\/hatas-6\/\" >\t\t\t\t\t\t<div class=\"img-inner image-color dark\" >\n\t\t\t<img decoding=\"async\" width=\"100\" height=\"100\" src=\"https:\/\/ecoturbino.world\/wp-content\/uploads\/2024\/01\/impact6.svg\" class=\"attachment-original size-original\" alt=\"Az ecoturbino 6. hat\u00e1sa\" \/>\t\t\t\t\t\t\n\t\t\t\t\t<\/div>\n\t\t\t\t\t\t<\/a>\t\t\n<style>\n#image_805447945 {\n  width: 100%;\n}\n<\/style>\n\t<\/div>\n\t\n\t<div class=\"img has-hover x md-x lg-x y md-y lg-y\" id=\"image_202179391\">\n\t\t<a class=\"\" href=\"\/hu\/hatas-7\/\" >\t\t\t\t\t\t<div class=\"img-inner image-color dark\" >\n\t\t\t<img decoding=\"async\" width=\"100\" height=\"100\" src=\"https:\/\/ecoturbino.world\/wp-content\/uploads\/2024\/01\/impact7.svg\" class=\"attachment-original size-original\" alt=\"Az ecoturbino 7. hat\u00e1sa\" \/>\t\t\t\t\t\t\n\t\t\t\t\t<\/div>\n\t\t\t\t\t\t<\/a>\t\t\n<style>\n#image_202179391 {\n  width: 100%;\n}\n<\/style>\n\t<\/div>\n\t\n\t\t\n<style>\n#stack-981345181 > * {\n  --stack-gap: 0.5rem;\n}\n@media (min-width:550px) {\n  #stack-981345181 > * {\n    --stack-gap: 1rem;\n  }\n}\n<\/style>\n\t<\/div>\n\t\n\t\t<\/div>\n\t\t\t\t\t<\/div>\n\n\t\n<\/div>\n\t\t<\/div>\n\t\t\t\t\t<\/div>\n\n\t\n\n\t<div id=\"col-633511391\" class=\"col medium-3 small-12 large-3\"  >\n\t\t\t\t<div class=\"col-inner\"  >\n\t\t\t\n\t\t\t\n\t<div class=\"img has-hover x md-x lg-x y md-y lg-y\" id=\"image_1991849799\">\n\t\t\t\t\t\t\t\t<div class=\"img-inner dark\" >\n\t\t\t<img decoding=\"async\" width=\"100\" height=\"100\" src=\"https:\/\/ecoturbino.world\/wp-content\/uploads\/2024\/01\/impact2.svg\" class=\"attachment-original size-original\" alt=\"\" \/>\t\t\t\t\t\t\n\t\t\t\t\t<\/div>\n\t\t\t\t\t\t\t\t\n<style>\n#image_1991849799 {\n  width: 100%;\n}\n<\/style>\n\t<\/div>\n\t\n\t\t<\/div>\n\t\t\t\t\t<\/div>\n\n\t\n<\/div>\n<div class=\"row\"  id=\"row-641318523\">\n\n\t<div id=\"col-380030359\" class=\"col small-12 large-12\"  >\n\t\t\t\t<div class=\"col-inner\"  >\n\t\t\t\n\t\t\t\n<div class=\"is-divider divider clearfix\" style=\"max-width:100%;height:1px;\"><\/div>\n<h3><span style=\"font-size: 120%;\">Tiszta zuhanyfejek \u00e9s t\u00f6ml\u0151k | a higi\u00e9nikus zuhanyz\u00e1s elengedhetetlen felt\u00e9tele a sz\u00e1llod\u00e1kban, otthonokban, sportl\u00e9tes\u00edtm\u00e9nyekben stb.<\/span><\/h3>\n<p>A <strong>zuhanyz\u00e1s \u00e9lm\u00e9nye<\/strong> k\u00f6zponti szerepet j\u00e1tszik a j\u00f3l\u00e9t\u00fcnkben, ak\u00e1r otthon, ak\u00e1r sz\u00e1llod\u00e1kban vagy m\u00e1s sz\u00e1ll\u00e1shelyeken.<\/p>\n<p>Egy pihentet\u0151 zuhany reggel vagy egy hossz\u00fa nap ut\u00e1n k\u00fcl\u00f6nbs\u00e9get tehet egy j\u00f3 \u00e9s egy nagyszer\u0171 nap k\u00f6z\u00f6tt. De mi van akkor, ha a <strong>zuhanyfejek \u00e9s t\u00f6ml\u0151k<\/strong> amit a tiszt\u00e1lkod\u00e1sra haszn\u00e1lunk, maguk is <strong>bakt\u00e9riumokkal szennyezett<\/strong>?<\/p>\n<p>Ez a probl\u00e9ma nem csak a <strong>nem higi\u00e9nikus<\/strong> hanem <strong>eg\u00e9szs\u00e9g\u00fcgyi kock\u00e1zatot jelentenek (Legionella-szennyez\u00e9s).<\/strong> Itt l\u00e9p be az ecoturbino innovat\u00edv technol\u00f3gi\u00e1ja a k\u00e9pbe, amely nem csak a <strong>higi\u00e9nikusan tiszta zuhanyfejek \u00e9s t\u00f6ml\u0151k biztos\u00edt\u00e1sa<\/strong> hanem a tiszt\u00edt\u00e1si er\u0151fesz\u00edt\u00e9sek minimaliz\u00e1l\u00e1sa, a v\u00edzk\u0151 \u00e9s a lerak\u00f3d\u00e1sok cs\u00f6kkent\u00e9se, valamint az eg\u00e9szs\u00e9g el\u0151seg\u00edt\u00e9se, k\u00fcl\u00f6n\u00f6sen a Legionella kock\u00e1zat\u00e1nak cs\u00f6kkent\u00e9se tekintet\u00e9ben.<\/p>\n\t<div id=\"gap-1326259538\" class=\"gap-element clearfix\" style=\"display:block; height:auto;\">\n\t\t\n<style>\n#gap-1326259538 {\n  padding-top: 30px;\n}\n<\/style>\n\t<\/div>\n\t\n<div class=\"row\"  id=\"row-780496984\">\n\n\t<div id=\"col-570919828\" class=\"col medium-4 small-12 large-4\"  >\n\t\t\t\t<div class=\"col-inner\"  >\n\t\t\t\n\t\t\t\n\t<div class=\"img has-hover radius10 x md-x lg-x y md-y lg-y\" id=\"image_1469392052\">\n\t\t\t\t\t\t\t\t<div class=\"img-inner dark\" >\n\t\t\t<img decoding=\"async\" width=\"600\" height=\"600\" src=\"https:\/\/ecoturbino.world\/wp-content\/uploads\/2024\/01\/shower-head_600.webp\" class=\"attachment-original size-original\" alt=\"\" srcset=\"https:\/\/ecoturbino.world\/wp-content\/uploads\/2024\/01\/shower-head_600.webp 600w, https:\/\/ecoturbino.world\/wp-content\/uploads\/2024\/01\/shower-head_600-500x500.webp 500w, https:\/\/ecoturbino.world\/wp-content\/uploads\/2024\/01\/shower-head_600-32x32.webp 32w, https:\/\/ecoturbino.world\/wp-content\/uploads\/2024\/01\/shower-head_600-48x48.webp 48w, https:\/\/ecoturbino.world\/wp-content\/uploads\/2024\/01\/shower-head_600-80x80.webp 80w, https:\/\/ecoturbino.world\/wp-content\/uploads\/2024\/01\/shower-head_600-180x180.webp 180w\" sizes=\"(max-width: 600px) 100vw, 600px\" \/>\t\t\t\t\t\t\n\t\t\t\t\t<\/div>\n\t\t\t\t\t\t\t\t\n<style>\n#image_1469392052 {\n  width: 100%;\n}\n<\/style>\n\t<\/div>\n\t\n\t\t<\/div>\n\t\t\t\t\t<\/div>\n\n\t\n\n\t<div id=\"col-1743797390\" class=\"col medium-8 small-12 large-8\"  >\n\t\t\t\t<div class=\"col-inner\"  >\n\t\t\t\n\t\t\t\n<h3>Mi\u00e9rt szennyez\u0151dnek a zuhanyfejek \u00e9s a t\u00f6ml\u0151k bakt\u00e9riumokkal?<\/h3>\n<p>A zuhanyfejek \u00e9s t\u00f6ml\u0151k t\u00f6bb okb\u00f3l is hajlamosak a bakteri\u00e1lis szennyez\u0151d\u00e9sre. A f\u0151 ok a k\u00f6vetkez\u0151 <strong>\u00e1ll\u00f3v\u00edz.<\/strong> Ha a v\u00edz a cs\u00f6vekben \u00e9s a zuhanyr\u00f3zs\u00e1ban stagn\u00e1l, az egy <strong>ide\u00e1lis t\u00e1ptalaj a bakt\u00e9riumok sz\u00e1m\u00e1ra<\/strong> \u00e9s m\u00e1s mikroorganizmusok.<\/p>\n<p>Ha a zuhanyfejeket \u00e9s a zuhanyt\u00f6ml\u0151ket nem haszn\u00e1lj\u00e1k, p\u00e9ld\u00e1ul amikor nyaralni mennek, a v\u00edz h\u0151m\u00e9rs\u00e9klete az <strong>rendszerek term\u00e9szetes m\u00f3don szobah\u0151m\u00e9rs\u00e9kletre emelkednek, ami n\u00f6veli a szennyez\u0151d\u00e9st \u00e9s a Legionella szaporod\u00e1s\u00e1t.<\/strong> t\u00f6bbsz\u00f6r\u00f6s\u00e9vel - optim\u00e1lis t\u00e1ptalaj a bakt\u00e9riumok sz\u00e1m\u00e1ra!<\/p>\n<p>Ezek a bakt\u00e9riumok a meleg \u00e9s nedves k\u00f6rnyezetben gyorsan elszaporodnak \u00e9s<strong> eg\u00e9szs\u00e9g\u00fcgyi probl\u00e9m\u00e1kat okozhat (p\u00e9ld\u00e1ul <a href=\"https:\/\/en.wikipedia.org\/wiki\/Pneumonia\" target=\"_blank\" rel=\"noopener sponsored\">t\u00fcd\u0151gyullad\u00e1s<\/a><\/strong>). Egy m\u00e1sik probl\u00e9ma a<strong> v\u00edzk\u0151 k\u00e9pz\u0151d\u00e9s<\/strong> \u00e9s egy\u00e9b lerak\u00f3d\u00e1sok, amelyek nemcsak cs\u00fany\u00e1n n\u00e9znek ki, hanem <strong>befoly\u00e1solja a zuhanyfej teljes\u00edtm\u00e9ny\u00e9t<\/strong> \u00e9s egyenetlen v\u00edzeloszl\u00e1shoz vezethet.<\/p>\n\t\t<\/div>\n\t\t\t\t\t<\/div>\n\n\t\n<\/div>\n<div class=\"row\"  id=\"row-2037024726\">\n\n\t<div id=\"col-1266771223\" class=\"col medium-6 small-12 large-6\"  >\n\t\t\t\t<div class=\"col-inner\"  >\n\t\t\t\n\t\t\t\n<h3>A tiszta zuhanyfejek \u00e9s t\u00f6ml\u0151k megold\u00e1sa: ecoturbino\u00ae<\/h3>\n<p>Az Ecoturbino technol\u00f3gia hat\u00e9kony megold\u00e1st k\u00edn\u00e1l ezekre a probl\u00e9m\u00e1kra. \u00dagy tervezt\u00e9k, hogy a zuhanyfejek \u00e9s t\u00f6ml\u0151k folyamatosan lecsapoljanak a pang\u00f3 v\u00edz megakad\u00e1lyoz\u00e1sa \u00e9rdek\u00e9ben. Ennek sz\u00e1mos el\u0151nye van:<\/p>\n<ul>\n<li><strong>Higi\u00e9nia:<\/strong> A zuhanyfejek \u00e9s t\u00f6ml\u0151k folyamatos le\u00fcr\u00edt\u00e9se zuhanyz\u00e1s ut\u00e1n jelent\u0151sen cs\u00f6kkenti a bakteri\u00e1lis szennyez\u0151d\u00e9s kock\u00e1zat\u00e1t. Mivel nincs pang\u00f3 v\u00edz a zuhanyfejben, a bakt\u00e9riumoknak \u00e9s mikroorganizmusoknak nincs t\u00e1ptalaja.<\/li>\n<li><strong>Tiszt\u00edt\u00e1si er\u0151fesz\u00edt\u00e9s:<\/strong> A zuhanyfejek \u00e9s t\u00f6ml\u0151k rendszeres tiszt\u00edt\u00e1s\u00e1nak f\u00e1raszt\u00f3 feladata a lerak\u00f3d\u00e1sok \u00e9s a v\u00edzk\u0151lerak\u00f3d\u00e1s megel\u0151z\u00e9se \u00e9rdek\u00e9ben nagyr\u00e9szt megsz\u0171nik. Ez id\u0151t \u00e9s energi\u00e1t takar\u00edt meg. A karbantart\u00e1si er\u0151fesz\u00edt\u00e9sek jelent\u0151sen cs\u00f6kkennek!<\/li>\n<li><strong>V\u00edzk\u0151 \u00e9s lerak\u00f3d\u00e1sok:<\/strong> Az Ecoturbino technol\u00f3gia seg\u00edt a v\u00edzk\u0151 \u00e9s a lerak\u00f3d\u00e1sok cs\u00f6kkent\u00e9s\u00e9ben a zuhanyfejekben \u00e9s a t\u00f6ml\u0151kben. Ez nemcsak a zuhanyberendez\u00e9sek \u00e9lettartam\u00e1t n\u00f6veli, hanem egyenletes v\u00edz\u00e1raml\u00e1st \u00e9s optim\u00e1lis teljes\u00edtm\u00e9nyt is biztos\u00edt.<\/li>\n<li><strong>Eg\u00e9szs\u00e9g:<\/strong> A Legionella kock\u00e1zat\u00e1nak cs\u00f6kkent\u00e9se k\u00fcl\u00f6n\u00f6sen fontos. A legionella olyan bakt\u00e9riumok, amelyek a pang\u00f3 v\u00edzben szaporodnak el, \u00e9s aeroszolok form\u00e1j\u00e1ban bel\u00e9legezve s\u00falyos eg\u00e9szs\u00e9g\u00fcgyi probl\u00e9m\u00e1kat okozhatnak. Az Ecoturbino seg\u00edt minimaliz\u00e1lni ezt a kock\u00e1zatot \u00e9s meg\u00f3vni a felhaszn\u00e1l\u00f3k eg\u00e9szs\u00e9g\u00e9t.<\/li>\n<li><strong>Vizu\u00e1lis tisztas\u00e1g:<\/strong> Az ecoturbino technol\u00f3gi\u00e1val folyamatosan lecsapolt zuhanyfejek vizu\u00e1lisan mindig tiszt\u00e1k \u00e9s vonz\u00f3ak maradnak. Ez hozz\u00e1j\u00e1rul a f\u00fcrd\u0151szoba \u00e1ltal\u00e1nos eszt\u00e9tik\u00e1j\u00e1hoz.<\/li>\n<\/ul>\n\t\t<\/div>\n\t\t\t\t\t<\/div>\n\n\t\n\n\t<div id=\"col-148460040\" class=\"col medium-6 small-12 large-6\"  >\n\t\t\t\t<div class=\"col-inner\" style=\"background-color:#c0d63d;\" >\n\t\t\t\n\t\t\t\n\t<div id=\"text-2419446083\" class=\"text\">\n\t\t\n<h4 class=\"uppercase\">K\u00d6VETKEZTET\u00c9S<\/h4>\n\t\t\n<style>\n#text-2419446083 {\n  font-size: 2rem;\n  text-align: right;\n  color: rgb(255, 255, 255);\n}\n#text-2419446083 > * {\n  color: rgb(255, 255, 255);\n}\n@media (min-width:850px) {\n  #text-2419446083 {\n    font-size: 3.5rem;\n  }\n}\n<\/style>\n\t<\/div>\n\t\n<h3>T\u00f6k\u00e9letes f\u00fcrd\u0151szobai higi\u00e9nia \u00e9s azon t\u00fal az ecoturbino-nak k\u00f6sz\u00f6nhet\u0151en<\/h3>\n<p><strong>ecoturbino<\/strong> nem csak a <strong>higi\u00e9nikusan tiszta zuhanyfejek<\/strong> \u00e9s t\u00f6ml\u0151ket, hanem hozz\u00e1j\u00e1rul az \u00e1ltal\u00e1nos f\u00fcrd\u0151szobai higi\u00e9ni\u00e1hoz is. Mivel a pang\u00f3 v\u00edz \u00e9s a kapcsol\u00f3d\u00f3 bakteri\u00e1lis probl\u00e9m\u00e1k cs\u00f6kkennek, javul a f\u00fcrd\u0151szoba \u00e1ltal\u00e1nos higi\u00e9ni\u00e1ja.<\/p>\n<p>Ez k\u00fcl\u00f6n\u00f6sen fontos az olyan sz\u00e1ll\u00e1shelyeken, mint p\u00e9ld\u00e1ul <strong>sz\u00e1llod\u00e1k, id\u0151sotthonok, <a href=\"https:\/\/ecoturbino.world\/hu\/directory-world\/kategoriak\/orvosi\/\" target=\"_blank\" rel=\"noopener\">klinik\u00e1k<\/a>, \u00e9s vend\u00e9gh\u00e1zak<\/strong>, valamint szezon\u00e1lis m\u0171veletek \u00e9s sportl\u00e9tes\u00edtm\u00e9nyek, ahol a vend\u00e9gek \u00e9s a betegek biztons\u00e1ga \u00e9s k\u00e9nyelme a legfontosabb priorit\u00e1s.<\/p>\n<p>\u00d6sszess\u00e9g\u00e9ben e ecoturbino egy<strong> innovat\u00edv megold\u00e1s egy gyakran figyelmen k\u00edv\u00fcl hagyott<\/strong> probl\u00e9ma. A tiszta zuhanyfejek \u00e9s t\u00f6ml\u0151k nem csup\u00e1n <strong>eszt\u00e9tikailag kellemes<\/strong> de a felhaszn\u00e1l\u00f3k eg\u00e9szs\u00e9ge \u00e9s j\u00f3l\u00e9te szempontj\u00e1b\u00f3l is alapvet\u0151 fontoss\u00e1g\u00fa.<\/p>\n<p>Az ecoturbino seg\u00edts\u00e9g\u00e9vel felemelheti a<strong> zuhanyoz\u00e1si tapasztalat sz\u00e1llod\u00e1kban, otthonokban<\/strong>, \u00e9s egy\u00e9b sz\u00e1ll\u00e1shelyek \u00faj szintre emel\u00e9se, mik\u00f6zben<strong> a f\u00fcrd\u0151szobai higi\u00e9nia optimaliz\u00e1l\u00e1sa.<\/strong><\/p>\n\t\t<\/div>\n\t\t\t\t\n<style>\n#col-148460040 > .col-inner {\n  padding: 10px 20px 1px 25px;\n  border-radius: 10px;\n}\n<\/style>\n\t<\/div>\n\n\t\n<\/div>\n<div class=\"video video-fit mb\" style=\"padding-top:56.25%;\"><p><iframe title=\"A legegyszer\u0171bb m\u00f3dja a zuhanyfej tiszt\u00edt\u00e1s\u00e1nak\ud83d\udca5(hihetetlen eredm\u00e9ny)!!!\" width=\"1020\" height=\"574\" src=\"https:\/\/www.youtube.com\/embed\/J7uwCSF8Ym0?feature=oembed\" frameborder=\"0\" allow=\"accelerometer; autoplay; clipboard-write; encrypted-media; gyroscope; picture-in-picture; web-share\" referrerpolicy=\"strict-origin-when-cross-origin\" allowfullscreen><\/iframe><\/p>\n<\/div>\n\t\t<\/div>\n\t\t\t\t\t<\/div>\n\n\t\n<\/div>\n\t\t<\/div>\n\n\t\t\n<style>\n#section_530363404 {\n  padding-top: 30px;\n  padding-bottom: 30px;\n}\n<\/style>\n\t<\/section>","protected":false},"excerpt":{"rendered":"","protected":false},"author":2,"featured_media":1533,"parent":0,"menu_order":0,"comment_status":"closed","ping_status":"closed","template":"page-blank.php","meta":{"inline_featured_image":false,"footnotes":""},"class_list":["post-1198","page","type-page","status-publish","has-post-thumbnail","hentry"],"_links":{"self":[{"href":"https:\/\/ecoturbino.world\/hu\/wp-json\/wp\/v2\/pages\/1198","targetHints":{"allow":["GET"]}}],"collection":[{"href":"https:\/\/ecoturbino.world\/hu\/wp-json\/wp\/v2\/pages"}],"about":[{"href":"https:\/\/ecoturbino.world\/hu\/wp-json\/wp\/v2\/types\/page"}],"author":[{"embeddable":true,"href":"https:\/\/ecoturbino.world\/hu\/wp-json\/wp\/v2\/users\/2"}],"replies":[{"embeddable":true,"href":"https:\/\/ecoturbino.world\/hu\/wp-json\/wp\/v2\/comments?post=1198"}],"version-history":[{"count":0,"href":"https:\/\/ecoturbino.world\/hu\/wp-json\/wp\/v2\/pages\/1198\/revisions"}],"wp:featuredmedia":[{"embeddable":true,"href":"https:\/\/ecoturbino.world\/hu\/wp-json\/wp\/v2\/media\/1533"}],"wp:attachment":[{"href":"https:\/\/ecoturbino.world\/hu\/wp-json\/wp\/v2\/media?parent=1198"}],"curies":[{"name":"wp","href":"https:\/\/api.w.org\/{rel}","templated":true}]}}