{"id":1195,"date":"2024-01-01T11:44:09","date_gmt":"2024-01-01T10:44:09","guid":{"rendered":"https:\/\/ecoturbino.eu\/?page_id=1195"},"modified":"2024-01-20T12:37:42","modified_gmt":"2024-01-20T11:37:42","slug":"hatas-1","status":"publish","type":"page","link":"https:\/\/ecoturbino.world\/hu\/impact-1\/","title":{"rendered":"V\u00edzes\u00e9s \u00e9s es\u0151 hangzuhany \u00e9lm\u00e9ny | ecoturbino"},"content":{"rendered":"<section class=\"section zindex1\" id=\"section_332194108\">\n\t\t<div class=\"section-bg fill\" >\n\t\t\t\t\t\t\t\t\t\n\t\t\t\n\n\t\t<\/div>\n\n\t\t\n\n\t\t<div class=\"section-content relative\">\n\t\t\t\n<div class=\"row row-small\"  id=\"row-1273725302\">\n\n\t<div id=\"col-1768642186\" class=\"col medium-9 small-12 large-9\"  >\n\t\t\t\t<div class=\"col-inner\"  >\n\t\t\t\n\t\t\t\n<h1 class=\"uppercase\">V\u00edzes\u00e9s \u00e9s es\u0151hangos zuhanyz\u00e1s \u00e9lm\u00e9nye | Ecoturbino\u00ae<\/h1>\n<h3 class=\"thin-font\">az ecoturbino\u00ae v\u00edztakar\u00e9kos k\u00f6rnyezetv\u00e9d\u0151 rendszer els\u0151 hat\u00e1sa<\/h3>\n<div class=\"row\"  id=\"row-376325662\">\n\n\t<div id=\"col-312848181\" class=\"col medium-11 small-12 large-11\"  >\n\t\t\t\t<div class=\"col-inner\"  >\n\t\t\t\n\t\t\t\n\t<div id=\"stack-3750435534\" class=\"stack stack-row justify-start items-start sm:stack-row\">\n\t\t\n\t<div class=\"img has-hover x md-x lg-x y md-y lg-y\" id=\"image_1222838388\">\n\t\t\t\t\t\t\t\t<div class=\"img-inner dark\" >\n\t\t\t<img decoding=\"async\" width=\"100\" height=\"100\" src=\"https:\/\/ecoturbino.world\/wp-content\/uploads\/2024\/01\/impact1.svg\" class=\"attachment-original size-original\" alt=\"\" \/>\t\t\t\t\t\t\n\t\t\t\t\t<\/div>\n\t\t\t\t\t\t\t\t\n<style>\n#image_1222838388 {\n  width: 100%;\n}\n<\/style>\n\t<\/div>\n\t\n\t<div class=\"img has-hover x md-x lg-x y md-y lg-y\" id=\"image_1680199338\">\n\t\t<a class=\"\" href=\"\/hu\/hatas-2\/\" >\t\t\t\t\t\t<div class=\"img-inner image-color dark\" >\n\t\t\t<img decoding=\"async\" width=\"100\" height=\"100\" src=\"https:\/\/ecoturbino.world\/wp-content\/uploads\/2024\/01\/impact2.svg\" class=\"attachment-original size-original\" alt=\"\" \/>\t\t\t\t\t\t\n\t\t\t\t\t<\/div>\n\t\t\t\t\t\t<\/a>\t\t\n<style>\n#image_1680199338 {\n  width: 100%;\n}\n<\/style>\n\t<\/div>\n\t\n\t<div class=\"img has-hover x md-x lg-x y md-y lg-y\" id=\"image_211987022\">\n\t\t<a class=\"\" href=\"\/hu\/hatas-3\/\" >\t\t\t\t\t\t<div class=\"img-inner image-color dark\" >\n\t\t\t<img decoding=\"async\" width=\"100\" height=\"100\" src=\"https:\/\/ecoturbino.world\/wp-content\/uploads\/2024\/01\/impact3.svg\" class=\"attachment-original size-original\" alt=\"Az ecoturbino 3. hat\u00e1sa\" \/>\t\t\t\t\t\t\n\t\t\t\t\t<\/div>\n\t\t\t\t\t\t<\/a>\t\t\n<style>\n#image_211987022 {\n  width: 100%;\n}\n<\/style>\n\t<\/div>\n\t\n\t<div class=\"img has-hover x md-x lg-x y md-y lg-y\" id=\"image_121063983\">\n\t\t<a class=\"\" href=\"\/hu\/hatas-4\/\" >\t\t\t\t\t\t<div class=\"img-inner image-color dark\" >\n\t\t\t<img decoding=\"async\" width=\"100\" height=\"100\" src=\"https:\/\/ecoturbino.world\/wp-content\/uploads\/2024\/01\/impact4.svg\" class=\"attachment-original size-original\" alt=\"Az ecoturbino 4. hat\u00e1sa\" \/>\t\t\t\t\t\t\n\t\t\t\t\t<\/div>\n\t\t\t\t\t\t<\/a>\t\t\n<style>\n#image_121063983 {\n  width: 100%;\n}\n<\/style>\n\t<\/div>\n\t\n\t<div class=\"img has-hover x md-x lg-x y md-y lg-y\" id=\"image_1966717467\">\n\t\t<a class=\"\" href=\"\/hu\/hatas-5\/\" >\t\t\t\t\t\t<div class=\"img-inner image-color dark\" >\n\t\t\t<img decoding=\"async\" width=\"100\" height=\"100\" src=\"https:\/\/ecoturbino.world\/wp-content\/uploads\/2024\/01\/impact5.svg\" class=\"attachment-original size-original\" alt=\"\" \/>\t\t\t\t\t\t\n\t\t\t\t\t<\/div>\n\t\t\t\t\t\t<\/a>\t\t\n<style>\n#image_1966717467 {\n  width: 100%;\n}\n<\/style>\n\t<\/div>\n\t\n\t<div class=\"img has-hover x md-x lg-x y md-y lg-y\" id=\"image_1638204932\">\n\t\t<a class=\"\" href=\"\/hu\/hatas-6\/\" >\t\t\t\t\t\t<div class=\"img-inner image-color dark\" >\n\t\t\t<img decoding=\"async\" width=\"100\" height=\"100\" src=\"https:\/\/ecoturbino.world\/wp-content\/uploads\/2024\/01\/impact6.svg\" class=\"attachment-original size-original\" alt=\"Az ecoturbino 6. hat\u00e1sa\" \/>\t\t\t\t\t\t\n\t\t\t\t\t<\/div>\n\t\t\t\t\t\t<\/a>\t\t\n<style>\n#image_1638204932 {\n  width: 100%;\n}\n<\/style>\n\t<\/div>\n\t\n\t<div class=\"img has-hover x md-x lg-x y md-y lg-y\" id=\"image_92598881\">\n\t\t<a class=\"\" href=\"\/hu\/hatas-7\/\" >\t\t\t\t\t\t<div class=\"img-inner image-color dark\" >\n\t\t\t<img decoding=\"async\" width=\"100\" height=\"100\" src=\"https:\/\/ecoturbino.world\/wp-content\/uploads\/2024\/01\/impact7.svg\" class=\"attachment-original size-original\" alt=\"Az ecoturbino 7. hat\u00e1sa\" \/>\t\t\t\t\t\t\n\t\t\t\t\t<\/div>\n\t\t\t\t\t\t<\/a>\t\t\n<style>\n#image_92598881 {\n  width: 100%;\n}\n<\/style>\n\t<\/div>\n\t\n\t\t\n<style>\n#stack-3750435534 > * {\n  --stack-gap: 0.5rem;\n}\n@media (min-width:550px) {\n  #stack-3750435534 > * {\n    --stack-gap: 1rem;\n  }\n}\n<\/style>\n\t<\/div>\n\t\n\t\t<\/div>\n\t\t\t\t\t<\/div>\n\n\t\n<\/div>\n\t\t<\/div>\n\t\t\t\t\t<\/div>\n\n\t\n\n\t<div id=\"col-1604783298\" class=\"col medium-3 small-12 large-3\"  >\n\t\t\t\t<div class=\"col-inner\"  >\n\t\t\t\n\t\t\t\n\t<div class=\"img has-hover x md-x lg-x y md-y lg-y\" id=\"image_1089833077\">\n\t\t\t\t\t\t\t\t<div class=\"img-inner dark\" >\n\t\t\t<img decoding=\"async\" width=\"100\" height=\"100\" src=\"https:\/\/ecoturbino.world\/wp-content\/uploads\/2024\/01\/impact1.svg\" class=\"attachment-original size-original\" alt=\"\" \/>\t\t\t\t\t\t\n\t\t\t\t\t<\/div>\n\t\t\t\t\t\t\t\t\n<style>\n#image_1089833077 {\n  width: 100%;\n}\n<\/style>\n\t<\/div>\n\t\n\t\t<\/div>\n\t\t\t\t\t<\/div>\n\n\t\n<\/div>\n<div class=\"row\"  id=\"row-949833123\">\n\n\t<div id=\"col-1940787912\" class=\"col small-12 large-12\"  >\n\t\t\t\t<div class=\"col-inner\"  >\n\t\t\t\n\t\t\t\n<div class=\"is-divider divider clearfix\" style=\"max-width:100%;height:1px;\"><\/div>\n<h2><span style=\"font-size: 120%;\">A zuhanyz\u00e1s \u00e9lm\u00e9nye, mintha a szabadban lenne | hallhat\u00f3 es\u0151zuhany a k\u00e9nyelem \u00e9rdek\u00e9ben<\/span><\/h2>\n<p>Sok ember sz\u00e1m\u00e1ra a napi <strong>zuhanyz\u00e1s<\/strong> t\u00f6bb mint egy sz\u00fcks\u00e9ges higi\u00e9niai int\u00e9zked\u00e9s. Ez egy <strong>a pihen\u00e9s, a j\u00f3l\u00e9t \u00e9s a felfriss\u00fcl\u00e9s pillanata.<\/strong><\/p>\n<p>A mai rohan\u00f3 vil\u00e1gban, ahol a stressz \u00e9s a hat\u00e1rid\u0151k mindenhol jelen vannak, a <strong>a zuhany a nyugalom o\u00e1zisa lehet<\/strong> \u00e9s megfiatal\u00edt\u00e1s.<\/p>\n<p>\u00c9s amikor n\u00f6velheti a<strong> zuhanyz\u00e1s \u00e9lm\u00e9nye \u00e9rz\u00e9ssel<\/strong> mintha egy <strong>friss\u00edt\u0151 szabadt\u00e9ri es\u0151zuhany vagy egy v\u00edzes\u00e9s mellett,<\/strong> ez a pillanat valami igaz\u00e1n k\u00fcl\u00f6nleges lesz. Az ecoturbin\u00f3nak k\u00f6sz\u00f6nhet\u0151en ez most m\u00e1r lehets\u00e9ges.<\/p>\n<h3>A term\u00e9szet ut\u00e1ni v\u00e1gyakoz\u00e1s a f\u00fcrd\u0151szob\u00e1ban<\/h3>\n<p>A <strong>v\u00e1gyakoz\u00e1s a term\u00e9szet \u00e9s a szabadban<\/strong> m\u00e9lyen gy\u00f6kerezik benn\u00fcnk. A t\u00f6rt\u00e9nelem sor\u00e1n, <strong>az emberek kapcsolatot kerestek a term\u00e9szettel<\/strong> \u00e9s be\u00e9p\u00edtj\u00fck mindennapi \u00e9let\u00fcnkbe, ak\u00e1r \u00e9letter\u00fcnk z\u00f6ld\u00edt\u00e9s\u00e9vel, ak\u00e1r term\u00e9szetes anyagok haszn\u00e1lat\u00e1val.<\/p>\n<p>\u00cdgy term\u00e9szetes, hogy a f\u00fcrd\u0151szob\u00e1nkban is szeretn\u00e9nk megtapasztalni a term\u00e9szetet. A gondolat, hogy egy friss\u00edt\u0151 es\u0151zuhany alatt \u00e1lljunk, kieg\u00e9sz\u00edtve <strong>k\u00fclt\u00e9ri v\u00edzhangok<\/strong>, m\u00edg meleg <strong>a v\u00edz l\u00e1gyan \u00e1tfolyik a test\u00fcnk\u00f6n<\/strong>, sokunk sz\u00e1m\u00e1ra rendk\u00edv\u00fcl vonz\u00f3. Az ecoturbino-nak k\u00f6sz\u00f6nhet\u0151en ez most m\u00e1r lehets\u00e9ges.<\/p>\n\t<div id=\"gap-64630974\" class=\"gap-element clearfix\" style=\"display:block; height:auto;\">\n\t\t\n<style>\n#gap-64630974 {\n  padding-top: 30px;\n}\n<\/style>\n\t<\/div>\n\t\n<div class=\"row\"  id=\"row-1012813904\">\n\n\t<div id=\"col-989196131\" class=\"col medium-4 small-12 large-4\"  >\n\t\t\t\t<div class=\"col-inner\"  >\n\t\t\t\n\t\t\t\n\t<div class=\"img has-hover radius10 x md-x lg-x y md-y lg-y\" id=\"image_50160802\">\n\t\t\t\t\t\t\t\t<div class=\"img-inner dark\" >\n\t\t\t<img decoding=\"async\" width=\"600\" height=\"600\" src=\"https:\/\/ecoturbino.world\/wp-content\/uploads\/2024\/01\/waterfall_600.webp\" class=\"attachment-original size-original\" alt=\"V\u00edzes\u00e9s szimb\u00f3lum\" srcset=\"https:\/\/ecoturbino.world\/wp-content\/uploads\/2024\/01\/waterfall_600.webp 600w, https:\/\/ecoturbino.world\/wp-content\/uploads\/2024\/01\/waterfall_600-500x500.webp 500w, https:\/\/ecoturbino.world\/wp-content\/uploads\/2024\/01\/waterfall_600-32x32.webp 32w, https:\/\/ecoturbino.world\/wp-content\/uploads\/2024\/01\/waterfall_600-48x48.webp 48w, https:\/\/ecoturbino.world\/wp-content\/uploads\/2024\/01\/waterfall_600-80x80.webp 80w, https:\/\/ecoturbino.world\/wp-content\/uploads\/2024\/01\/waterfall_600-180x180.webp 180w\" sizes=\"(max-width: 600px) 100vw, 600px\" \/>\t\t\t\t\t\t\n\t\t\t\t\t<\/div>\n\t\t\t\t\t\t\t\t\n<style>\n#image_50160802 {\n  width: 100%;\n}\n<\/style>\n\t<\/div>\n\t\n\t\t<\/div>\n\t\t\t\t\t<\/div>\n\n\t\n\n\t<div id=\"col-1844760296\" class=\"col medium-8 small-12 large-8\"  >\n\t\t\t\t<div class=\"col-inner\"  >\n\t\t\t\n\t\t\t\n<h3>A v\u00edz \u00e9s az es\u0151 hangja | pihentet\u0151 audit\u00edv \u00e9lm\u00e9ny<\/h3>\n<p>De a <strong>Es\u0151 \u00e9s v\u00edz hangzuhany \u00e9lm\u00e9ny<\/strong> a zuhany alatt t\u00falmutat a meleg es\u0151 \u00e9rz\u00e9s\u00e9n a b\u0151r\u00f6n. Az es\u0151 nyugtat\u00f3 hangja is, ahogy finoman a testre csap\u00f3dik, majd lez\u00fadul. Ez a l\u00e1gy csobog\u00e1s eml\u00e9keztet minket a friss\u00edt\u0151 <strong>k\u00fclt\u00e9ri es\u0151zuhany<\/strong> \u00e9s seg\u00edt ler\u00e1zni a mindennapi \u00e9let stressz\u00e9t.<\/p>\n<blockquote>\n<p>Az ecoturbino \u00e1ltal a v\u00edz\u00e1ramba integr\u00e1lt, nyom\u00e1s alatt l\u00e9v\u0151 l\u00e9gbubor\u00e9kok l\u00e9nyeg\u00e9ben a zuhanyfej f\u00fav\u00f3k\u00e1ib\u00f3l kil\u00e9pve kiold\u00f3dnak. Ez olyan friss hang\u00e9rzetet kelt, amely legink\u00e1bb egy szabadt\u00e9ri es\u0151zuhanyhoz hasonl\u00edthat\u00f3. Fantasztikus \u00e9lm\u00e9ny.<\/p>\n<\/blockquote>\n<p>A <strong>hangja <a href=\"https:\/\/en.wikipedia.org\/wiki\/Waterfall\" target=\"_blank\" rel=\"noopener sponsored\">v\u00edzes\u00e9s<\/a><\/strong> nyugtat\u00f3 hat\u00e1s\u00fa \u00e9s enyh\u00edti a stresszt. L\u00e9trehoz egy <strong>nyugodt l\u00e9gk\u00f6r, amely megk\u00f6nny\u00edti az elenged\u00e9st<\/strong> \u00e9s \u00f6sszpontos\u00edtson a zuhanyz\u00e1s \u00e9lm\u00e9ny\u00e9re. A v\u00edz l\u00e1gy z\u00fag\u00e1sa megnyugtatja az elm\u00e9t \u00e9s ellaz\u00edtja a testet, ami k\u00fcl\u00f6n\u00f6sen megnyugtat\u00f3 egy hossz\u00fa nap ut\u00e1n.<\/p>\n\t\t<\/div>\n\t\t\t\t\t<\/div>\n\n\t\n<\/div>\n\t<div id=\"gap-1788422832\" class=\"gap-element clearfix\" style=\"display:block; height:auto;\">\n\t\t\n<style>\n#gap-1788422832 {\n  padding-top: 30px;\n}\n<\/style>\n\t<\/div>\n\t\n<div class=\"row\"  id=\"row-180541978\">\n\n\t<div id=\"col-1773928241\" class=\"col medium-6 small-12 large-6\"  >\n\t\t\t\t<div class=\"col-inner\"  >\n\t\t\t\n\t\t\t\n<h3>A zuhanyz\u00e1s \u00e9lm\u00e9nye m\u00f6g\u00f6tti tudom\u00e1ny<\/h3>\n<blockquote>\n<p>A v\u00edzhangok relax\u00e1l\u00f3 hat\u00e1sa tudom\u00e1nyosan al\u00e1t\u00e1masztott. Tanulm\u00e1nyok kimutatt\u00e1k, hogy a v\u00edzhangok hallgat\u00e1sa cs\u00f6kkentheti a stressz-szintet.<\/p>\n<\/blockquote>\n<p>A <strong>es\u0151, hull\u00e1mok vagy foly\u00f3v\u00edz hangja<\/strong> aktiv\u00e1lja az agy bizonyos r\u00e9szeit, amelyek a relax\u00e1ci\u00f3val \u00e9s a j\u00f3 k\u00f6z\u00e9rzettel kapcsolatosak.<\/p>\n<p>Ez megmagyar\u00e1zza, hogy mi\u00e9rt van az, hogy sokan <strong>a zuhanyz\u00e1st a stressz levezet\u00e9s\u00e9nek \u00e9s a kikapcsol\u00f3d\u00e1snak a m\u00f3djak\u00e9nt tekintse.<\/strong>. Az ecoturbino-nak k\u00f6sz\u00f6nhet\u0151en ez most m\u00e1r lehets\u00e9ges.<\/p>\n\t\t<\/div>\n\t\t\t\t\t<\/div>\n\n\t\n\n\t<div id=\"col-1429321246\" class=\"col medium-6 small-12 large-6\"  >\n\t\t\t\t<div class=\"col-inner\" style=\"background-color:#c0d63d;\" >\n\t\t\t\n\t\t\t\n\t<div id=\"text-4145649146\" class=\"text\">\n\t\t\n<h4 class=\"uppercase\">K\u00d6VETKEZTET\u00c9S<\/h4>\n\t\t\n<style>\n#text-4145649146 {\n  font-size: 2rem;\n  text-align: right;\n  color: rgb(255, 255, 255);\n}\n#text-4145649146 > * {\n  color: rgb(255, 255, 255);\n}\n@media (min-width:850px) {\n  #text-4145649146 {\n    font-size: 3.5rem;\n  }\n}\n<\/style>\n\t<\/div>\n\t\n<h3>\u00c9lvezze a zuhanyz\u00e1s \u00e9lm\u00e9ny\u00e9t, mintha a szabadban lenne<\/h3>\n<p>A zuhanyz\u00e1s megtapasztal\u00e1sa, mintha az egy <strong>hallhat\u00f3 es\u0151 z\u00e1por<\/strong> t\u00f6bb mint egy egyszer\u0171 zuhany. Ez egy m\u00f3dja annak, hogy integr\u00e1ljuk a term\u00e9szetet a mindennapi \u00e9let\u00fcnkbe, cs\u00f6kkents\u00fck a stresszt \u00e9s ellazuljunk.<\/p>\n<p>Egy es\u0151 z\u00e1por \u00e9s a <strong>megfelel\u0151 l\u00e9gk\u00f6ri elemek a <a href=\"https:\/\/ecoturbino.world\/hu\/directory-world\/kategoriak\/hotel\/\">hotel<\/a> vagy otthoni f\u00fcrd\u0151szoba<\/strong>, b\u00e1rki \u00e1t\u00e9lheti a pihen\u00e9s e k\u00fcl\u00f6nleges pillanat\u00e1t.<\/p>\n<p>K\u00e9nyeztesse mag\u00e1t teh\u00e1t id\u0151r\u0151l id\u0151re egy kis sz\u00fcnettel a saj\u00e1t kis es\u0151felh\u0151je alatt, \u00e9s \u00e9lvezze ki az \u00e9rz\u00e9st, mintha egy meleg szabadt\u00e9ri z\u00e1por alatt \u00e1llna. A tested \u00e9s az elm\u00e9d meg fogja h\u00e1l\u00e1lni.<\/p>\n\t\t<\/div>\n\t\t\t\t\n<style>\n#col-1429321246 > .col-inner {\n  padding: 10px 20px 1px 25px;\n  border-radius: 10px;\n}\n<\/style>\n\t<\/div>\n\n\t\n<\/div>\n<div class=\"video video-fit mb\" style=\"padding-top:56.25%;\"><p><iframe title=\"Szikl\u00e1kon \u00e1tfoly\u00f3 v\u00edzes\u00e9s az erd\u0151ben 4k. Relax\u00e1l\u00f3 \u00e1raml\u00f3 v\u00edz, feh\u00e9r zaj alv\u00e1shoz, medit\u00e1ci\u00f3hoz.\" width=\"1020\" height=\"574\" src=\"https:\/\/www.youtube.com\/embed\/sa2JCQ1Dils?feature=oembed\" frameborder=\"0\" allow=\"accelerometer; autoplay; clipboard-write; encrypted-media; gyroscope; picture-in-picture; web-share\" referrerpolicy=\"strict-origin-when-cross-origin\" allowfullscreen><\/iframe><\/p>\n<\/div>\n\t\t<\/div>\n\t\t\t\t\t<\/div>\n\n\t\n<\/div>\n\t\t<\/div>\n\n\t\t\n<style>\n#section_332194108 {\n  padding-top: 30px;\n  padding-bottom: 30px;\n}\n<\/style>\n\t<\/section>","protected":false},"excerpt":{"rendered":"","protected":false},"author":2,"featured_media":1494,"parent":0,"menu_order":0,"comment_status":"closed","ping_status":"closed","template":"page-blank.php","meta":{"inline_featured_image":false,"footnotes":""},"class_list":["post-1195","page","type-page","status-publish","has-post-thumbnail","hentry"],"_links":{"self":[{"href":"https:\/\/ecoturbino.world\/hu\/wp-json\/wp\/v2\/pages\/1195","targetHints":{"allow":["GET"]}}],"collection":[{"href":"https:\/\/ecoturbino.world\/hu\/wp-json\/wp\/v2\/pages"}],"about":[{"href":"https:\/\/ecoturbino.world\/hu\/wp-json\/wp\/v2\/types\/page"}],"author":[{"embeddable":true,"href":"https:\/\/ecoturbino.world\/hu\/wp-json\/wp\/v2\/users\/2"}],"replies":[{"embeddable":true,"href":"https:\/\/ecoturbino.world\/hu\/wp-json\/wp\/v2\/comments?post=1195"}],"version-history":[{"count":0,"href":"https:\/\/ecoturbino.world\/hu\/wp-json\/wp\/v2\/pages\/1195\/revisions"}],"wp:featuredmedia":[{"embeddable":true,"href":"https:\/\/ecoturbino.world\/hu\/wp-json\/wp\/v2\/media\/1494"}],"wp:attachment":[{"href":"https:\/\/ecoturbino.world\/hu\/wp-json\/wp\/v2\/media?parent=1195"}],"curies":[{"name":"wp","href":"https:\/\/api.w.org\/{rel}","templated":true}]}}