{"id":3924,"date":"2024-09-07T10:07:30","date_gmt":"2024-09-07T08:07:30","guid":{"rendered":"https:\/\/ecoturbino.world\/?page_id=3924"},"modified":"2024-09-09T18:45:32","modified_gmt":"2024-09-09T16:45:32","slug":"prezentacije-hotela","status":"publish","type":"page","link":"https:\/\/ecoturbino.world\/hr\/hotel-presentations\/","title":{"rendered":"Prezentacije ecoturbino za hotele | Tehnologija i sustav pdf"},"content":{"rendered":"<div class=\"banner has-hover\" id=\"banner-891875921\">\n          <div class=\"banner-inner fill\">\n        <div class=\"banner-bg fill\" >\n            <img decoding=\"async\" width=\"2000\" height=\"230\" src=\"https:\/\/ecoturbino.world\/wp-content\/uploads\/2024\/01\/wasser-faq-2000-sw.webp\" class=\"bg attachment-original size-original\" alt=\"Vodovodni kolektor\" \/>                                    \n                    <\/div>\n\t\t\n        <div class=\"banner-layers container\">\n            <div class=\"fill banner-link\"><\/div>            \n   <div id=\"text-box-1218105654\" class=\"text-box banner-layer x50 md-x50 lg-x50 y50 md-y50 lg-y50 res-text\">\n                                <div class=\"text-box-content text dark\">\n              \n              <div class=\"text-inner text-center\">\n                  \n\t<div id=\"text-4258508748\" class=\"text\">\n\t\t\n<h1>ecoturbino ZA HOTELE | PREZENTACIJE<\/h1>\n\t\t\n<style>\n#text-4258508748 {\n  font-size: 0.75rem;\n}\n@media (min-width:550px) {\n  #text-4258508748 {\n    font-size: 1rem;\n  }\n}\n<\/style>\n\t<\/div>\n\t\n              <\/div>\n           <\/div>\n                            \n<style>\n#text-box-1218105654 {\n  width: 80%;\n}\n#text-box-1218105654 .text-box-content {\n  font-size: 100%;\n}\n@media (min-width:550px) {\n  #text-box-1218105654 {\n    width: 67%;\n  }\n}\n@media (min-width:850px) {\n  #text-box-1218105654 {\n    width: 57%;\n  }\n}\n<\/style>\n    <\/div>\n \n        <\/div>\n      <\/div>\n\n            \n<style>\n#banner-891875921 {\n  padding-top: 110px;\n}\n#banner-891875921 .banner-bg img {\n  object-position: 78% 0%;\n}\n@media (min-width:550px) {\n  #banner-891875921 {\n    padding-top: 170px;\n  }\n}\n@media (min-width:850px) {\n  #banner-891875921 {\n    padding-top: 190px;\n  }\n}\n<\/style>\n  <\/div>\n\n\n<div class=\"row\"  id=\"row-327516654\">\n\n\t<div id=\"col-879195698\" class=\"col small-12 large-12\"  >\n\t\t\t\t<div class=\"col-inner text-left\"  >\n\t\t\t\n\t\t\t\n<h2>ecoturbino za hotele | Prezentacije sustava za u\u0161tedu vode pdf na raznim jezicima | Kako to radi u detalje!<\/h2>\n<div class=\"row\"  id=\"row-1877011533\">\n\n\t<div id=\"col-576360641\" class=\"col hide-for-small medium-8 small-12 large-8\"  >\n\t\t\t\t<div class=\"col-inner\"  >\n\t\t\t\n\t\t\t\n\t<div id=\"text-1897086369\" class=\"text hide-for-small\">\n\t\t\n<p>The <strong><a href=\"https:\/\/en.ecoturbino.shop\/water-savings-calculator\/\" target=\"_blank\" rel=\"noopener\">ekoturbino<\/a> je idealno rje\u0161enje za <a href=\"https:\/\/ecoturbino.world\/hr\/svijet-imenika\/kategorije\/hotel\/\">hoteli<\/a><\/strong> jer zna\u010dajno smanjuje tro\u0161kove vode i energije bez ugro\u017eavanja udobnosti gostiju.<\/p>\n<p>Njegova inovativna tehnologija optimizira protok vode u tu\u0161evima i slavinama, <strong>smanjenje potro\u0161nje vode do 50%<\/strong> uz odr\u017eavanje punog pritiska vode. Ova u\u0161teda izravno smanjuje tro\u0161kove energije, jer je potrebno zagrijati manje vode.<\/p>\n<blockquote><p>Ova prezentacija pomo\u0107i \u0107e vam da upoznate ecoturbino, shvatite kako radi i za\u0161to ne zahtijeva odr\u017eavanje dugi niz godina. Jedno malo ulaganje \u2013 \u017eivotni vijek profita.<\/p><\/blockquote>\n<p>Za hotele koji koriste<strong> stotine tu\u0161eva i slavina dnevno,<\/strong> te se u\u0161tede akumuliraju u zna\u010dajne tro\u0161kovne prednosti.<\/p>\n<p>U isto vrijeme, ecoturbino poma\u017ee u za\u0161titi okoli\u0161a, \u0161to je klju\u010dni \u010dimbenik za hotele koji su svjesni odr\u017eivosti s ciljem pobolj\u0161anja svoje ekolo\u0161ke ravnote\u017ee. Osim toga, <strong>ecoturbino je lako naknadno ugraditi<\/strong> i ne uzrokuje dodatne tro\u0161kove odr\u017eavanja.<\/p>\n<p>Hoteli mogu nastaviti koristiti svoje <strong>postoje\u0107e instalacije bez potrebe za opse\u017enim renoviranjem.<\/strong> Budu\u0107i da gosti ne primje\u0107uju razliku u udobnosti vode, zadovoljstvo ostaje visoko, w<strong>a hotel ima koristi i ekolo\u0161ki i ekonomski.<\/strong> U dana\u0161njem svijetu, gdje odr\u017eivost postaje sve va\u017enija, ecoturbino nudi pametno, tro\u0161kovno u\u010dinkovito rje\u0161enje za ugostiteljsku industriju.<br \/>\n\t\t\n<style>\n#text-1897086369 {\n  text-align: left;\n}\n<\/style>\n\t<\/div>\n\t\n\t\t<\/div>\n\t\t\t\t\t<\/div>\n\n\t\n\n\t<div id=\"col-1664461687\" class=\"col hide-for-small medium-4 small-12 large-4\"  >\n\t\t\t\t<div class=\"col-inner\"  >\n\t\t\t\n\t\t\t\n<div class=\"is-divider divider clearfix\" ><\/div>\n<div class=\"row\"  id=\"row-950918870\">\n\n\t<div id=\"col-610472631\" class=\"col medium-6 small-12 large-6\"  >\n\t\t\t\t<div class=\"col-inner text-center\"  >\n\t\t\t\n\t\t\t\n\t<div class=\"img has-hover x md-x lg-x y md-y lg-y\" id=\"image_244376998\">\n\t\t\t\t\t\t\t\t<div class=\"img-inner dark\" >\n\t\t\t<img decoding=\"async\" width=\"500\" height=\"102\" src=\"https:\/\/ecoturbino.world\/wp-content\/uploads\/2024\/07\/logo-ecoturbino_500.png\" class=\"attachment-large size-large\" alt=\"ecoturbino Logo\" srcset=\"https:\/\/ecoturbino.world\/wp-content\/uploads\/2024\/07\/logo-ecoturbino_500.png 500w, https:\/\/ecoturbino.world\/wp-content\/uploads\/2024\/07\/logo-ecoturbino_500-240x49.png 240w\" sizes=\"(max-width: 500px) 100vw, 500px\" \/>\t\t\t\t\t\t\n\t\t\t\t\t<\/div>\n\t\t\t\t\t\t\t\t\n<style>\n#image_244376998 {\n  width: 100%;\n}\n<\/style>\n\t<\/div>\n\t\n\t<div class=\"img has-hover x md-x lg-x y md-y lg-y\" id=\"image_1014502360\">\n\t\t<a class=\"\" href=\"https:\/\/ecoturbino.net\/\" target=\"_blank\" rel=\"noopener\">\t\t\t\t\t\t<div class=\"img-inner dark\" >\n\t\t\t<img decoding=\"async\" width=\"1020\" height=\"1020\" src=\"https:\/\/ecoturbino.world\/wp-content\/uploads\/2024\/06\/b2b-icon.svg\" class=\"attachment-large size-large\" alt=\"B2B ikona\" \/>\t\t\t\t\t\t\n\t\t\t\t\t<\/div>\n\t\t\t\t\t\t<\/a>\t\t\n<style>\n#image_1014502360 {\n  width: 100%;\n}\n<\/style>\n\t<\/div>\n\t\n\t\t<\/div>\n\t\t\t\t\t<\/div>\n\n\t\n\n\t<div id=\"col-2020699620\" class=\"col medium-6 small-12 large-6\"  >\n\t\t\t\t<div class=\"col-inner text-center\"  >\n\t\t\t\n\t\t\t\n\t<div class=\"img has-hover x md-x lg-x y md-y lg-y\" id=\"image_1366209872\">\n\t\t\t\t\t\t\t\t<div class=\"img-inner dark\" >\n\t\t\t<img decoding=\"async\" width=\"1020\" height=\"1020\" src=\"https:\/\/ecoturbino.world\/wp-content\/uploads\/2024\/03\/impact1-7.svg\" class=\"attachment-large size-large\" alt=\"pljuskovi utjecaj 1 do 7 ekoturbino\" \/>\t\t\t\t\t\t\n\t\t\t\t\t<\/div>\n\t\t\t\t\t\t\t\t\n<style>\n#image_1366209872 {\n  width: 77%;\n}\n<\/style>\n\t<\/div>\n\t\n\t\t<\/div>\n\t\t\t\t\t<\/div>\n\n\t\n<\/div>\n\t<div class=\"img has-hover x md-x lg-x y md-y lg-y\" id=\"image_2088682453\">\n\t\t\t\t\t\t\t\t<div class=\"img-inner dark\" >\n\t\t\t<img decoding=\"async\" width=\"1020\" height=\"638\" src=\"https:\/\/ecoturbino.world\/wp-content\/uploads\/2024\/06\/Showerhead-hand-shower.webp\" class=\"attachment-large size-large\" alt=\"Glava tu\u0161a | funkcija u\u0161tede vode u odnosu na ecoturbino adapter za tu\u0161\" srcset=\"https:\/\/ecoturbino.world\/wp-content\/uploads\/2024\/06\/Showerhead-hand-shower.webp 1200w, https:\/\/ecoturbino.world\/wp-content\/uploads\/2024\/06\/Showerhead-hand-shower-1000x625.webp 1000w, https:\/\/ecoturbino.world\/wp-content\/uploads\/2024\/06\/Showerhead-hand-shower-768x480.webp 768w, https:\/\/ecoturbino.world\/wp-content\/uploads\/2024\/06\/Showerhead-hand-shower-240x150.webp 240w\" sizes=\"(max-width: 1020px) 100vw, 1020px\" \/>\t\t\t\t\t\t\n\t\t\t\t\t<\/div>\n\t\t\t\t\t\t\t\t\n<style>\n#image_2088682453 {\n  width: 100%;\n}\n<\/style>\n\t<\/div>\n\t\n\t\t<\/div>\n\t\t\t\t\t<\/div>\n\n\t\n<\/div>\n<a href=\"https:\/\/ecoturbino.net\/\" target=\"_blank\" class=\"button primary expand\" rel=\"noopener\" style=\"border-radius:6px;\">\n\t\t<span>Jo\u0161 pitanja? - Prona\u0111ite kontakt za svoju dr\u017eavu ovdje<\/span>\n\t<\/a>\n\n<div class=\"container section-title-container\" ><h3 class=\"section-title section-title-center\"><b aria-hidden=\"true\"><\/b><span class=\"section-title-main\" ><i class=\"icon-checkmark\" aria-hidden=\"true\"><\/i>Dostupne prezentacije obja\u0161njenja sustava ecoturbino<\/span><b aria-hidden=\"true\"><\/b><\/h3><\/div>\n\n\t<section class=\"section\" id=\"section_2066748278\">\n\t\t<div class=\"section-bg fill\" >\n\t\t\t\t\t\t\t\t\t\n\t\t\t\n\n\t\t<\/div>\n\n\t\t\n\n\t\t<div class=\"section-content relative\">\n\t\t\t\n<div class=\"row\"  id=\"row-926227828\">\n\n\t<div id=\"col-1102110112\" class=\"col medium-3 small-6 large-3\"  >\n\t\t\t\t<div class=\"col-inner\"  >\n\t\t\t\n\t\t\t\n\t<div class=\"box has-hover   has-hover box-vertical box-text-bottom\" >\n\n\t\t<div class=\"box-image\" >\n\t\t\t\t\t\t<div class=\"image-cover\" style=\"padding-top:120px;\">\n\t\t\t\t<img decoding=\"async\" width=\"400\" height=\"300\" src=\"https:\/\/ecoturbino.world\/wp-content\/uploads\/2024\/09\/presentations.webp\" class=\"attachment- size-\" alt=\"prezentacije za hotele | koristi ecoturbino\" srcset=\"https:\/\/ecoturbino.world\/wp-content\/uploads\/2024\/09\/presentations.webp 400w, https:\/\/ecoturbino.world\/wp-content\/uploads\/2024\/09\/presentations-240x180.webp 240w\" sizes=\"(max-width: 400px) 100vw, 400px\" \/>\t\t\t\t\t\t\t\t\t\t\t<\/div>\n\t\t\t\t\t<\/div>\n\n\t\t<div class=\"box-text text-center\" style=\"background-color:rgba(228, 236, 210, 0.93);\">\n\t\t\t<div class=\"box-text-inner\">\n\t\t\t\t\n<h4>ENGLESKI<\/h4>\n\t<div class=\"img has-hover x md-x lg-x y md-y lg-y\" id=\"image_491682170\">\n\t\t\t\t\t\t\t\t<div class=\"img-inner dark\" >\n\t\t\t<img decoding=\"async\" width=\"640\" height=\"384\" src=\"https:\/\/ecoturbino.world\/wp-content\/uploads\/2024\/09\/uk-flag-1.webp\" class=\"attachment-large size-large\" alt=\"\" srcset=\"https:\/\/ecoturbino.world\/wp-content\/uploads\/2024\/09\/uk-flag-1.webp 640w, https:\/\/ecoturbino.world\/wp-content\/uploads\/2024\/09\/uk-flag-1-240x144.webp 240w\" sizes=\"(max-width: 640px) 100vw, 640px\" \/>\t\t\t\t\t\t\n\t\t\t\t\t<\/div>\n\t\t\t\t\t\t\t\t\n<style>\n#image_491682170 {\n  width: 100%;\n}\n<\/style>\n\t<\/div>\n\t\n\t\t\t<\/div>\n\t\t<\/div>\n\t<\/div>\n\t\n\t<div id=\"gap-1161628479\" class=\"gap-element clearfix\" style=\"display:block; height:auto;\">\n\t\t\n<style>\n#gap-1161628479 {\n  padding-top: 15px;\n}\n<\/style>\n\t<\/div>\n\t\n<a href=\"https:\/\/ecoturbino.world\/wp-content\/uploads\/2024\/09\/Prasentation-Hotel-EN_13.8.pdf\" target=\"_blank\" class=\"button secondary lowercase expand\" rel=\"noopener\" style=\"border-radius:5px;\">\n\t\t<span>PDF prezentacija<\/span>\n\t<\/a>\n\n\t\t<\/div>\n\t\t\t\t\n<style>\n#col-1102110112 > .col-inner {\n  margin: 0px 0px 0px 0px;\n}\n<\/style>\n\t<\/div>\n\n\t\n\n\t<div id=\"col-1590376403\" class=\"col medium-3 small-6 large-3\"  >\n\t\t\t\t<div class=\"col-inner\"  >\n\t\t\t\n\t\t\t\n\t<div class=\"box has-hover   has-hover box-vertical box-text-bottom\" >\n\n\t\t<div class=\"box-image\" >\n\t\t\t\t\t\t<div class=\"image-cover\" style=\"padding-top:120px;\">\n\t\t\t\t<img decoding=\"async\" width=\"400\" height=\"300\" src=\"https:\/\/ecoturbino.world\/wp-content\/uploads\/2024\/09\/presentations.webp\" class=\"attachment- size-\" alt=\"prezentacije za hotele | koristi ecoturbino\" srcset=\"https:\/\/ecoturbino.world\/wp-content\/uploads\/2024\/09\/presentations.webp 400w, https:\/\/ecoturbino.world\/wp-content\/uploads\/2024\/09\/presentations-240x180.webp 240w\" sizes=\"(max-width: 400px) 100vw, 400px\" \/>\t\t\t\t\t\t\t\t\t\t\t<\/div>\n\t\t\t\t\t<\/div>\n\n\t\t<div class=\"box-text text-center\" style=\"background-color:rgba(228, 236, 210, 0.93);\">\n\t\t\t<div class=\"box-text-inner\">\n\t\t\t\t\n<h4>\u0160PANJOLSKI<\/h4>\n\t<div class=\"img has-hover x md-x lg-x y md-y lg-y\" id=\"image_1158875734\">\n\t\t\t\t\t\t\t\t<div class=\"img-inner dark\" >\n\t\t\t<img decoding=\"async\" width=\"1020\" height=\"680\" src=\"https:\/\/ecoturbino.world\/wp-content\/uploads\/2024\/09\/flag-spain.webp\" class=\"attachment-large size-large\" alt=\"\" srcset=\"https:\/\/ecoturbino.world\/wp-content\/uploads\/2024\/09\/flag-spain.webp 1200w, https:\/\/ecoturbino.world\/wp-content\/uploads\/2024\/09\/flag-spain-1000x667.webp 1000w, https:\/\/ecoturbino.world\/wp-content\/uploads\/2024\/09\/flag-spain-768x512.webp 768w, https:\/\/ecoturbino.world\/wp-content\/uploads\/2024\/09\/flag-spain-240x160.webp 240w\" sizes=\"(max-width: 1020px) 100vw, 1020px\" \/>\t\t\t\t\t\t\n\t\t\t\t\t<\/div>\n\t\t\t\t\t\t\t\t\n<style>\n#image_1158875734 {\n  width: 100%;\n}\n<\/style>\n\t<\/div>\n\t\n\t\t\t<\/div>\n\t\t<\/div>\n\t<\/div>\n\t\n\t<div id=\"gap-937899904\" class=\"gap-element clearfix\" style=\"display:block; height:auto;\">\n\t\t\n<style>\n#gap-937899904 {\n  padding-top: 15px;\n}\n<\/style>\n\t<\/div>\n\t\n<a href=\"https:\/\/ecoturbino.world\/wp-content\/uploads\/2024\/09\/Prasentation-Hotel-ES_13.8.pdf\" target=\"_blank\" class=\"button secondary lowercase expand\" rel=\"noopener\" style=\"border-radius:5px;\">\n\t\t<span>PDF prezentacija<\/span>\n\t<\/a>\n\n\t\t<\/div>\n\t\t\t\t\n<style>\n#col-1590376403 > .col-inner {\n  margin: 0px 0px 0px 0px;\n}\n<\/style>\n\t<\/div>\n\n\t\n\n\t<div id=\"col-1153406763\" class=\"col medium-3 small-6 large-3\"  >\n\t\t\t\t<div class=\"col-inner\"  >\n\t\t\t\n\t\t\t\n\t<div class=\"box has-hover   has-hover box-vertical box-text-bottom\" >\n\n\t\t<div class=\"box-image\" >\n\t\t\t\t\t\t<div class=\"image-cover\" style=\"padding-top:120px;\">\n\t\t\t\t<img decoding=\"async\" width=\"400\" height=\"300\" src=\"https:\/\/ecoturbino.world\/wp-content\/uploads\/2024\/09\/presentations.webp\" class=\"attachment- size-\" alt=\"prezentacije za hotele | koristi ecoturbino\" srcset=\"https:\/\/ecoturbino.world\/wp-content\/uploads\/2024\/09\/presentations.webp 400w, https:\/\/ecoturbino.world\/wp-content\/uploads\/2024\/09\/presentations-240x180.webp 240w\" sizes=\"(max-width: 400px) 100vw, 400px\" \/>\t\t\t\t\t\t\t\t\t\t\t<\/div>\n\t\t\t\t\t<\/div>\n\n\t\t<div class=\"box-text text-center\" style=\"background-color:rgba(228, 236, 210, 0.93);\">\n\t\t\t<div class=\"box-text-inner\">\n\t\t\t\t\n<h4>NIZOZEMSKE<\/h4>\n\t<div class=\"img has-hover x md-x lg-x y md-y lg-y\" id=\"image_38138625\">\n\t\t\t\t\t\t\t\t<div class=\"img-inner dark\" >\n\t\t\t<img decoding=\"async\" width=\"1020\" height=\"680\" src=\"https:\/\/ecoturbino.world\/wp-content\/uploads\/2024\/09\/flag-netherlands-1500x1000.png\" class=\"attachment-large size-large\" alt=\"\" srcset=\"https:\/\/ecoturbino.world\/wp-content\/uploads\/2024\/09\/flag-netherlands-1500x1000.png 1500w, https:\/\/ecoturbino.world\/wp-content\/uploads\/2024\/09\/flag-netherlands-1000x667.png 1000w, https:\/\/ecoturbino.world\/wp-content\/uploads\/2024\/09\/flag-netherlands-768x512.png 768w, https:\/\/ecoturbino.world\/wp-content\/uploads\/2024\/09\/flag-netherlands-1536x1024.png 1536w, https:\/\/ecoturbino.world\/wp-content\/uploads\/2024\/09\/flag-netherlands-240x160.png 240w, https:\/\/ecoturbino.world\/wp-content\/uploads\/2024\/09\/flag-netherlands.png 1920w\" sizes=\"(max-width: 1020px) 100vw, 1020px\" \/>\t\t\t\t\t\t\n\t\t\t\t\t<\/div>\n\t\t\t\t\t\t\t\t\n<style>\n#image_38138625 {\n  width: 100%;\n}\n<\/style>\n\t<\/div>\n\t\n\t\t\t<\/div>\n\t\t<\/div>\n\t<\/div>\n\t\n\t<div id=\"gap-71653891\" class=\"gap-element clearfix\" style=\"display:block; height:auto;\">\n\t\t\n<style>\n#gap-71653891 {\n  padding-top: 15px;\n}\n<\/style>\n\t<\/div>\n\t\n<a href=\"https:\/\/ecoturbino.world\/wp-content\/uploads\/2024\/09\/Prasentation-Hotel-NL_13-8.pdf\" target=\"_blank\" class=\"button secondary lowercase expand\" rel=\"noopener\" style=\"border-radius:5px;\">\n\t\t<span>PDF prezentacija<\/span>\n\t<\/a>\n\n\t\t<\/div>\n\t\t\t\t\n<style>\n#col-1153406763 > .col-inner {\n  margin: 0px 0px 0px 0px;\n}\n<\/style>\n\t<\/div>\n\n\t\n\n\t<div id=\"col-35530470\" class=\"col medium-3 small-6 large-3\"  >\n\t\t\t\t<div class=\"col-inner\"  >\n\t\t\t\n\t\t\t\n\t<div class=\"box has-hover   has-hover box-vertical box-text-bottom\" >\n\n\t\t<div class=\"box-image\" >\n\t\t\t\t\t\t<div class=\"image-cover\" style=\"padding-top:120px;\">\n\t\t\t\t<img decoding=\"async\" width=\"400\" height=\"300\" src=\"https:\/\/ecoturbino.world\/wp-content\/uploads\/2024\/09\/presentations.webp\" class=\"attachment- size-\" alt=\"prezentacije za hotele | koristi ecoturbino\" srcset=\"https:\/\/ecoturbino.world\/wp-content\/uploads\/2024\/09\/presentations.webp 400w, https:\/\/ecoturbino.world\/wp-content\/uploads\/2024\/09\/presentations-240x180.webp 240w\" sizes=\"(max-width: 400px) 100vw, 400px\" \/>\t\t\t\t\t\t\t\t\t\t\t<\/div>\n\t\t\t\t\t<\/div>\n\n\t\t<div class=\"box-text text-center\" style=\"background-color:rgba(228, 236, 210, 0.93);\">\n\t\t\t<div class=\"box-text-inner\">\n\t\t\t\t\n<h4>MA\u0110ARSKA<\/h4>\n\t<div class=\"img has-hover x md-x lg-x y md-y lg-y\" id=\"image_1683618417\">\n\t\t\t\t\t\t\t\t<div class=\"img-inner dark\" >\n\t\t\t<img decoding=\"async\" width=\"1020\" height=\"680\" src=\"https:\/\/ecoturbino.world\/wp-content\/uploads\/2024\/09\/flag-hungary-1500x1000.png\" class=\"attachment-large size-large\" alt=\"\" srcset=\"https:\/\/ecoturbino.world\/wp-content\/uploads\/2024\/09\/flag-hungary-1500x1000.png 1500w, https:\/\/ecoturbino.world\/wp-content\/uploads\/2024\/09\/flag-hungary-1000x667.png 1000w, https:\/\/ecoturbino.world\/wp-content\/uploads\/2024\/09\/flag-hungary-768x512.png 768w, https:\/\/ecoturbino.world\/wp-content\/uploads\/2024\/09\/flag-hungary-1536x1024.png 1536w, https:\/\/ecoturbino.world\/wp-content\/uploads\/2024\/09\/flag-hungary-240x160.png 240w, https:\/\/ecoturbino.world\/wp-content\/uploads\/2024\/09\/flag-hungary.png 1920w\" sizes=\"(max-width: 1020px) 100vw, 1020px\" \/>\t\t\t\t\t\t\n\t\t\t\t\t<\/div>\n\t\t\t\t\t\t\t\t\n<style>\n#image_1683618417 {\n  width: 100%;\n}\n<\/style>\n\t<\/div>\n\t\n\t\t\t<\/div>\n\t\t<\/div>\n\t<\/div>\n\t\n\t<div id=\"gap-685729808\" class=\"gap-element clearfix\" style=\"display:block; height:auto;\">\n\t\t\n<style>\n#gap-685729808 {\n  padding-top: 15px;\n}\n<\/style>\n\t<\/div>\n\t\n<a href=\"https:\/\/ecoturbino.world\/wp-content\/uploads\/2024\/09\/Prasentation-Hotel-HU_13.8.pdf\" target=\"_blank\" class=\"button secondary lowercase expand\" rel=\"noopener\" style=\"border-radius:5px;\">\n\t\t<span>PDF prezentacijaPDF<\/span>\n\t<\/a>\n\n\t\t<\/div>\n\t\t\t\t\n<style>\n#col-35530470 > .col-inner {\n  margin: 0px 0px 0px 0px;\n}\n<\/style>\n\t<\/div>\n\n\t\n\n\t<div id=\"col-397927535\" class=\"col medium-3 small-6 large-3\"  >\n\t\t\t\t<div class=\"col-inner\"  >\n\t\t\t\n\t\t\t\n\t<div class=\"box has-hover   has-hover box-vertical box-text-bottom\" >\n\n\t\t<div class=\"box-image\" >\n\t\t\t\t\t\t<div class=\"image-cover\" style=\"padding-top:120px;\">\n\t\t\t\t<img decoding=\"async\" width=\"400\" height=\"300\" src=\"https:\/\/ecoturbino.world\/wp-content\/uploads\/2024\/09\/presentations.webp\" class=\"attachment- size-\" alt=\"prezentacije za hotele | koristi ecoturbino\" srcset=\"https:\/\/ecoturbino.world\/wp-content\/uploads\/2024\/09\/presentations.webp 400w, https:\/\/ecoturbino.world\/wp-content\/uploads\/2024\/09\/presentations-240x180.webp 240w\" sizes=\"(max-width: 400px) 100vw, 400px\" \/>\t\t\t\t\t\t\t\t\t\t\t<\/div>\n\t\t\t\t\t<\/div>\n\n\t\t<div class=\"box-text text-center\" style=\"background-color:rgba(228, 236, 210, 0.93);\">\n\t\t\t<div class=\"box-text-inner\">\n\t\t\t\t\n<h4>NJEMA\u010cKI<\/h4>\n\t<div class=\"img has-hover x md-x lg-x y md-y lg-y\" id=\"image_217873207\">\n\t\t\t\t\t\t\t\t<div class=\"img-inner dark\" >\n\t\t\t<img decoding=\"async\" width=\"1020\" height=\"612\" src=\"https:\/\/ecoturbino.world\/wp-content\/uploads\/2024\/09\/flag-germany.png\" class=\"attachment-large size-large\" alt=\"\" srcset=\"https:\/\/ecoturbino.world\/wp-content\/uploads\/2024\/09\/flag-germany.png 1200w, https:\/\/ecoturbino.world\/wp-content\/uploads\/2024\/09\/flag-germany-1000x600.png 1000w, https:\/\/ecoturbino.world\/wp-content\/uploads\/2024\/09\/flag-germany-768x461.png 768w, https:\/\/ecoturbino.world\/wp-content\/uploads\/2024\/09\/flag-germany-240x144.png 240w\" sizes=\"(max-width: 1020px) 100vw, 1020px\" \/>\t\t\t\t\t\t\n\t\t\t\t\t<\/div>\n\t\t\t\t\t\t\t\t\n<style>\n#image_217873207 {\n  width: 100%;\n}\n<\/style>\n\t<\/div>\n\t\n\t\t\t<\/div>\n\t\t<\/div>\n\t<\/div>\n\t\n\t<div id=\"gap-175118010\" class=\"gap-element clearfix\" style=\"display:block; height:auto;\">\n\t\t\n<style>\n#gap-175118010 {\n  padding-top: 15px;\n}\n<\/style>\n\t<\/div>\n\t\n<a href=\"https:\/\/ecoturbino.world\/wp-content\/uploads\/2024\/09\/Prasentation-Hotel-DE_13.8.pdf\" target=\"_blank\" class=\"button secondary lowercase expand\" rel=\"noopener\" style=\"border-radius:5px;\">\n\t\t<span>PDF prezentacija<\/span>\n\t<\/a>\n\n\t\t<\/div>\n\t\t\t\t\n<style>\n#col-397927535 > .col-inner {\n  margin: 0px 0px 0px 0px;\n}\n<\/style>\n\t<\/div>\n\n\t\n<\/div>\n\t\t<\/div>\n\n\t\t\n<style>\n#section_2066748278 {\n  padding-top: 30px;\n  padding-bottom: 30px;\n}\n<\/style>\n\t<\/section>\n\t\n\t\t<\/div>\n\t\t\t\t\t<\/div>\n\n\t\n<\/div>","protected":false},"excerpt":{"rendered":"","protected":false},"author":2,"featured_media":3977,"parent":0,"menu_order":0,"comment_status":"closed","ping_status":"closed","template":"page-blank.php","meta":{"inline_featured_image":false,"footnotes":""},"class_list":["post-3924","page","type-page","status-publish","has-post-thumbnail","hentry"],"_links":{"self":[{"href":"https:\/\/ecoturbino.world\/hr\/wp-json\/wp\/v2\/pages\/3924","targetHints":{"allow":["GET"]}}],"collection":[{"href":"https:\/\/ecoturbino.world\/hr\/wp-json\/wp\/v2\/pages"}],"about":[{"href":"https:\/\/ecoturbino.world\/hr\/wp-json\/wp\/v2\/types\/page"}],"author":[{"embeddable":true,"href":"https:\/\/ecoturbino.world\/hr\/wp-json\/wp\/v2\/users\/2"}],"replies":[{"embeddable":true,"href":"https:\/\/ecoturbino.world\/hr\/wp-json\/wp\/v2\/comments?post=3924"}],"version-history":[{"count":0,"href":"https:\/\/ecoturbino.world\/hr\/wp-json\/wp\/v2\/pages\/3924\/revisions"}],"wp:featuredmedia":[{"embeddable":true,"href":"https:\/\/ecoturbino.world\/hr\/wp-json\/wp\/v2\/media\/3977"}],"wp:attachment":[{"href":"https:\/\/ecoturbino.world\/hr\/wp-json\/wp\/v2\/media?parent=3924"}],"curies":[{"name":"wp","href":"https:\/\/api.w.org\/{rel}","templated":true}]}}