{"id":3,"date":"2023-11-25T11:41:12","date_gmt":"2023-11-25T10:41:12","guid":{"rendered":"https:\/\/ecoturbino.eu\/?page_id=3"},"modified":"2024-01-18T02:10:49","modified_gmt":"2024-01-18T01:10:49","slug":"privatnost","status":"publish","type":"page","link":"https:\/\/ecoturbino.world\/hr\/privacy-cockpit\/privacy\/","title":{"rendered":"Politika privatnosti prema GDPR-u"},"content":{"rendered":"<div class=\"banner has-hover\" id=\"banner-634493127\">\n          <div class=\"banner-inner fill\">\n        <div class=\"banner-bg fill\" >\n            <img decoding=\"async\" width=\"2000\" height=\"230\" src=\"https:\/\/ecoturbino.world\/wp-content\/uploads\/2024\/01\/wasser-faq-2000-sw.webp\" class=\"bg attachment-original size-original\" alt=\"Vodovodni kolektor\" \/>                                    \n                    <\/div>\n\t\t\n        <div class=\"banner-layers container\">\n            <div class=\"fill banner-link\"><\/div>            \n   <div id=\"text-box-1389069112\" class=\"text-box banner-layer x50 md-x50 lg-x50 y50 md-y50 lg-y50 res-text\">\n                                <div class=\"text-box-content text dark\">\n              \n              <div class=\"text-inner text-center\">\n                  \n<h1><span style=\"font-size: 100%;\">POLITIKA PRIVATNOSTI<\/span><\/h1>\n              <\/div>\n           <\/div>\n                            \n<style>\n#text-box-1389069112 {\n  width: 60%;\n}\n#text-box-1389069112 .text-box-content {\n  font-size: 100%;\n}\n<\/style>\n    <\/div>\n \n        <\/div>\n      <\/div>\n\n            \n<style>\n#banner-634493127 {\n  padding-top: 110px;\n}\n@media (min-width:550px) {\n  #banner-634493127 {\n    padding-top: 170px;\n  }\n}\n@media (min-width:850px) {\n  #banner-634493127 {\n    padding-top: 190px;\n  }\n}\n<\/style>\n  <\/div>\n\n\n<div class=\"row\"  id=\"row-886734773\">\n\n\t<div id=\"col-466484079\" class=\"col small-12 large-12\"  >\n\t\t\t\t<div class=\"col-inner\"  >\n\t\t\t\n\t\t\t\n<h3>1. Naziv i adresa odgovorne strane<\/h3>\n<p>Odgovorna strana u smislu Op\u0107e uredbe o za\u0161titi podataka i drugih nacionalnih zakona o za\u0161titi podataka dr\u017eava \u010dlanica, kao i drugih pravnih propisa o za\u0161titi podataka je:<\/p>\n<p>Ressourcen Saving GmbH<br \/>\nAlserbachstra\u00dfe 2<br \/>\nAT- 1090 Wien<\/p>\n<p>\ud83d\udcde <a href=\"tel:+4369918180000\">+43 699 18180000<\/a><br \/>\n\ud83d\udce7 <a href=\"mailto:info@ecoturbino.eu\">info (at) ecoturbino.eu<\/a><\/p>\n<p>(od sada se naziva i odgovorna strana).<\/p>\n<p>Odgovorna strana upravlja sljede\u0107om web stranicom: https:\/\/ecoturbino.world.<\/p>\n<p>Za\u0161tita va\u0161ih osobnih podataka va\u017eno je pitanje za nas. Stoga vam u nastavku \u017eelimo pokazati kako se postupa s va\u0161im osobnim podacima koji se koriste za ovu web stranicu i na\u0161e usluge.<\/p>\n<p>Na\u0161a politika privatnosti odnosi se samo na kori\u0161tenje web stranice https:\/\/en.ecoturbino.shop. Ako ste s na\u0161ih stranica preusmjereni na druge web stranice, informirajte se o doti\u010dnom postupanju s va\u0161im osobnim podacima na web stranici na koju ste preusmjereni.<\/p>\n<h3>2. Pitanja za\u0161tite podataka<\/h3>\n<p>Pitanja o za\u0161titi podataka uputite na <a href=\"mailto:privacy@ecoturbino.shop\">privacy@ecoturbino.shop<\/a>.<\/p>\n<h3>3. Op\u0107e informacije o obradi podataka<\/h3>\n<p>Pod osobnim podacima podrazumijevamo sve podatke koji otkrivaju va\u0161 identitet (npr. ime, adresa, e-mail adresa, broj telefona). Kori\u0161tenjem na\u0161e digitalne usluge Va\u0161i se osobni podaci obra\u0111uju isklju\u010divo u skladu sa zakonskim propisima. To uklju\u010duje DSGVO, TKG 2003 ili nacionalni zakon o za\u0161titi podataka. Va\u0161i osobni podaci prikupljat \u0107e se samo u skladu s pravilima izbjegavanja i smanjivanja podataka ako je to potrebno za va\u0161u \u017eeljenu svrhu ili ako nam ih dobrovoljno u\u010dinite dostupnima.<\/p>\n<p>Obavje\u0161tavamo vas da smo tako\u0111er odgovorni za va\u0161e podatke ako koristimo tre\u0107u stranu (izvr\u0161itelj obrade) za obradu ugovora.<\/p>\n<h3>4. Provodimo sljede\u0107e procese<\/h3>\n<p><strong>4.1. Kola\u010di\u0107i<\/strong><\/p>\n<p>Kako bi kori\u0161tenje na\u0161e web stranice bilo \u0161to jednostavnije i sigurnije te kako bi odre\u0111ene funkcije funkcionirale, koristimo tzv. kola\u010di\u0107e. To su male tekstualne datoteke koje se ispu\u0161taju u va\u0161 preglednik. Ve\u0107ina kola\u010di\u0107a koje koristimo su takozvani sesijski kola\u010di\u0107i, koje va\u0161 ure\u0111aj automatski bri\u0161e nakon napu\u0161tanja na\u0161e web stranice. Ostali kola\u010di\u0107i, koji se nazivaju dugoro\u010dni kola\u010di\u0107i, ostaju spremljeni na va\u0161em ure\u0111aju dok ih ne izbri\u0161ete. Ovi kola\u010di\u0107i nam omogu\u0107uju da prepoznamo va\u0161 preglednik prilikom va\u0161e sljede\u0107e posjete. Spremanje kola\u010di\u0107a mo\u017eete sprije\u010diti odgovaraju\u0107im postavkama u pregledniku. Me\u0111utim, obavje\u0161tavamo vas da ne\u0107ete mo\u0107i u potpunosti koristiti sve funkcije web stranice.<\/p>\n<p>Pisanje komentara na na\u0161oj web stranici mo\u017ee biti suglasnost da se va\u0161e ime, e-mail adresa i web stranica spremaju u kola\u010di\u0107e. Ovo je udobna funkcija tako da ne morate ponovno unositi sve ove informacije sljede\u0107i put kada pi\u0161ete komentar. Ovi se kola\u010di\u0107i \u010duvaju godinu dana.<\/p>\n<p>Ako imate ra\u010dun i prijavite se na ovu web stranicu, postavit \u0107emo privremeni kola\u010di\u0107 kako bismo utvrdili prihva\u0107a li va\u0161 preglednik kola\u010di\u0107e ili ne. Ovaj kola\u010di\u0107 ne sadr\u017ei nikakve osobne podatke i bri\u0161e se kada zatvorite preglednik.<\/p>\n<p>Kada se prijavite, konfigurirat \u0107emo neke kola\u010di\u0107e kako bismo spremili va\u0161e podatke o prijavi i opcije prikaza. Kola\u010di\u0107i za prijavu istje\u010du nakon dvije godine, a kola\u010di\u0107i za va\u0161e opcije prikaza istje\u010du nakon godinu dana. Ako prilikom prijave odaberete \u201cOstani prijavljen\u201d, ostat \u0107ete prijavljeni dva tjedna. Odjavom s ra\u010duna bri\u0161u se kola\u010di\u0107i za prijavu.<\/p>\n<p><strong>4.2. Sesijski kola\u010di\u0107i<\/strong><\/p>\n<p>Kako bismo vam olak\u0161ali pregledavanje na\u0161e web stranice, postavili smo takozvani ID sesije koji se dodjeljuje svakom posjetitelju kada po\u010dne koristiti na\u0161u web stranicu. Ovaj ID sesije omogu\u0107uje na\u0161em poslu\u017eitelju da prepozna vas ili va\u0161e ra\u010dunalo\/preglednik kao istog posjetitelja, unato\u010d mogu\u0107im promjenama IP adrese izme\u0111u posjeta. Ovaj ID sesije tako\u0111er omogu\u0107uje dodjelu nekoliko povezanih zahtjeva koje je podnio korisnik tijekom sesije. Kori\u0161teni ID kola\u010di\u0107 sesije sprema se do kraja sesije. Automatski se bri\u0161e kada zatvorite preglednik.<\/p>\n<p><strong>4.3. Dugoro\u010dni kola\u010di\u0107i<\/strong><\/p>\n<p>Na\u0161a web stranica tako\u0111er koristi funkcije usluge web analize, Google Analytics, usluge Google Inc. (\u201cGoogle\u201d) koja ima certifikat za\u0161tite privatnosti.<\/p>\n<p>Google Analytics tako\u0111er koristi kola\u010di\u0107e koji izme\u0111u ostalog omogu\u0107uju analizu na\u010dina na koji koristite web stranicu. Tijekom kori\u0161tenja Google Analytics putem ove web stranice prikupljaju se sljede\u0107i podaci: IP adresa, pona\u0161anje korisnika, podaci o pregledniku. Instaliramo samo Google Analytics s IP anonimizacijom. To zna\u010di da Google skra\u0107uje va\u0161u IP adresu unutar dr\u017eava \u010dlanica Europske unije ili u drugim ugovornim stranama u Europskom gospodarskom prostoru. Puna IP adresa samo \u0107e se u iznimnim slu\u010dajevima prenijeti na Google poslu\u017eitelj u Sjedinjenim Dr\u017eavama i tamo \u0107e se samo skratiti. Google \u0107e koristiti ove podatke u ime upravitelja ove web stranice kako bi procijenio va\u0161e kori\u0161tenje web stranice, sastavljao izvje\u0161\u0107a o aktivnostima na web stranici te pru\u017eio daljnje usluge vezane uz kori\u0161tenje web stranice i interneta za operatera web stranice. Ova izvje\u0161\u0107a i usluge koristit \u0107e se za stalno pobolj\u0161avanje ponuda ove web stranice. Mo\u017eete sprije\u010diti Google u prikupljanju informacija koje su generirali ovi kola\u010di\u0107i i dobiveni va\u0161om upotrebom web stranice (uklju\u010duju\u0107i IP adresu) i obradu tih informacija preuzimanjem i instaliranjem dodatka za preglednik od strane Googlea, dostupnog na sljede\u0107oj poveznici:\u00a0<a href=\"http:\/\/tools.google.com\/dlpage\/gaoptout?hl=de\" target=\"_blank\" rel=\"noopener noreferrer\">http:\/\/tools.google.com\/dlpage\/gaoptout?hl=de<\/a>. Ostali sli\u010dni dodaci drugih pru\u017eatelja dostupni su ovisno o kori\u0161tenom pregledniku. Gore navedeni osobni podaci \u010duvaju se dvije godine.<\/p>\n<p><strong>4.4. Newsletter i push poruke<br \/>\n<\/strong><\/p>\n<p>Va\u0161e osobne podatke obra\u0111ujemo kako bismo vam mogli slati biltene i push poruke. Ovaj se postupak provodi legalno uz va\u0161 pristanak. Va\u0161e osobne podatke dajemo tre\u0107oj strani kako bi oni mogli poslati poruku umjesto nas. Va\u0161i osobni podaci obra\u0111uju se dok ne otka\u017eete obradu.<\/p>\n<p><strong>4.5. Komentari<\/strong><\/p>\n<p>Kada posjetitelji ostavljaju komentare na web stranici, prikupljamo podatke koji se prikazuju u obrascu za komentare, kao i IP adresu posjetitelja i niz korisni\u010dkog agenta (za identifikaciju preglednika) kako bismo podr\u017eali prepoznavanje ne\u017eeljene po\u0161te.<\/p>\n<p>Anonimizirani niz znakova (tako\u0111er nazvan hash) mo\u017ee se stvoriti iz va\u0161e adrese e-po\u0161te i dati Gravataru kako bi provjerio koristite li ga. Ovdje mo\u017eete prona\u0107i Gravatarovu politiku privatnosti: <a href=\"https:\/\/automattic.com\/privacy\/\" target=\"_blank\" rel=\"noopener noreferrer\">https:\/\/automattic.com\/privacy\/<\/a>. Nakon \u0161to je va\u0161 komentar odobren, va\u0161a profilna slika je vidljiva u va\u0161em komentaru.<\/p>\n<p><strong>4.6. Mediji<\/strong><\/p>\n<p>Ako ste registrirani korisnik i u\u010ditavate fotografije na ovo web mjesto, trebali biste izbjegavati u\u010ditavanje fotografija s EXIF GPS lokacijom. Posjetitelji ove web stranice mogu preuzeti fotografije koje su pohranjene na ovoj web stranici i izvu\u0107i podatke o mjestu na kojem su snimljene.<\/p>\n<p><strong>4.7. Ugra\u0111eni sadr\u017eaj s drugih web stranica<\/strong><\/p>\n<p>Doprinosi na ovoj web stranici mogu sadr\u017eavati ugra\u0111eni sadr\u017eaj (npr. videozapise, slike, \u010dlanke). Ugra\u0111eni sadr\u017eaj s drugih web stranica djeluje na potpuno isti na\u010din kao da je posjetitelj pregledao druga web mjesta.<\/p>\n<p>Ove web stranice mogu prikupljati podatke o vama, koristiti kola\u010di\u0107e, ugra\u0111ivati dodatne usluge pra\u0107enja tre\u0107ih strana i bilje\u017eiti va\u0161u interakciju s ovim ugra\u0111enim sadr\u017eajem, uklju\u010duju\u0107i va\u0161u interakciju s njim ako imate ra\u010dun i prijavljeni ste na ovo web mjesto.<\/p>\n<p><strong>4.8. Prikaz anonimiziranih upita i kupnji<\/strong><\/p>\n<p>Uslugu u oblaku koristimo za informiranje i prezentaciju \u010desto tra\u017eenih i kupljenih proizvoda te za demonstraciju sigurne kupnje u na\u0161oj online trgovini. Ovoj tre\u0107oj strani prenosimo anonimizirane podatke kako bismo izveli optimalne prezentacije za web sustav.<\/p>\n<p><strong>4.9. Dodatne usluge analize<\/strong><\/p>\n<p>Uz Googleov servis za analizu (Google Anlytics), po potrebi koristimo i daljnje procese tehni\u010dke analize, uglavnom odmah nakon a\u017euriranja operativnog softvera po\u010detne stranice i web trgovine. Cilj je brzo prepoznati tehni\u010dku neispravnost koja bi ugrozila korisnikovo iskustvo pregledavanja i potrebe kupnje. Primjeri za to mogu biti \u201cProizvod se ne mo\u017ee dodati u ko\u0161aricu\u201d, \u201cPla\u0107anje nije mogu\u0107e\u201d, \u201cNije mogu\u0107e registrirati korisni\u010dki ra\u010dun\u201d itd. Zabilje\u017eeni osobni podaci spremaju se anonimno i bri\u0161u nakon deaktivacije pregleda.<\/p>\n<p><strong>4.10. Sustav za\u0161tite od hakiranja, spama, zlonamjernog softvera i kra\u0111e identiteta<br \/>\n<\/strong><\/p>\n<p>Kako bismo za\u0161titili osobne podatke i cijeli sustav, koristimo nekoliko visoko razvijenih sustava za\u0161tite koje ne navodimo zbog za\u0161tite privatnosti i sigurnosti. Komentari koje su ostavili posjetitelji mogu se pregledati od strane automatizirane usluge za prepoznavanje spama. Cijela po\u010detna stranica \u0161ifrirana je SSL-om kako bi se zajam\u010dilo sigurno iskustvo pregledavanja.<\/p>\n<p>Ova stranica je za\u0161ti\u0107ena reCAPTCHA i Googleom <a href=\"https:\/\/policies.google.com\/privacy\" rel=\"nofollow noopener\" target=\"_blank\">Politika privatnosti<\/a>\u00a0i <a href=\"https:\/\/policies.google.com\/terms\" rel=\"nofollow noopener\" target=\"_blank\">Uvjeti usluge<\/a>\u00a0primijeniti.<\/p>\n<h3>5. Spremanje i obrada podataka na web shopu<\/h3>\n<p><strong>5.1. Tijekom Va\u0161eg posjeta na\u0161em web shopu bilje\u017eimo:<\/strong><\/p>\n<ul>\n<li>Proizvodi koje ste pogledali. Ovu snimku koristimo da vam poka\u017eemo proizvode koje ste ve\u0107 vidjeli kao podsjetnik.<\/li>\n<li>Lokacija, IP adresa i preglednik. Koristimo opcije kako bismo vam, primjerice, automatski prikazali to\u010dne poreze i tro\u0161kove dostave.<\/li>\n<li>Kola\u010di\u0107i i sesije za predmemoriranje sadr\u017eaja va\u0161e ko\u0161arice prilikom surfanja web trgovinom.<\/li>\n<\/ul>\n<p>Kada kupujete proizvode od nas, tra\u017eit \u0107emo va\u0161e osobne podatke kako bismo mogli izvr\u0161iti narud\u017ebu i poslati proizvode. Ove informacije su va\u0161e ime, adresa za naplatu, adresa za dostavu, adresa e-po\u0161te i broj telefona. Ako otvorite korisni\u010dki ra\u010dun i ne naru\u010dujete kao gost, tra\u017eit \u0107emo i \u017eeljeno korisni\u010dko ime i lozinku. Podatke o pla\u0107anju unesene u trgovini mi ne prikupljamo niti spremamo. Spremanje ovih financijskih podataka ovisi o odabranoj usluzi pla\u0107anja (PayPal, kreditne kartice, trenutni prijenos itd.).<\/p>\n<p>Osim ispunjavanja narud\u017ebi, va\u0161e osobne podatke koristimo za:<\/p>\n<ul>\n<li>Po\u0161aljite narud\u017ebu i podatke o ra\u010dunu kupca putem e-po\u0161te.<\/li>\n<li>Na sva pitanja odgovorite u komentaru narud\u017ebe.<\/li>\n<li>Izvr\u0161ite svoje pla\u0107anje i za\u0161titite se od prijevara.<\/li>\n<li>Izradite svoj korisni\u010dki ra\u010dun<\/li>\n<li>Ispunjavamo na\u0161e financijske zadatke, kao \u0161to je obra\u010dun PDV-a za porezne vlasti, na primjer.<\/li>\n<li>Konstantno optimizirajte na\u0161u trgovinu za jo\u0161 lak\u0161u kupnju.<\/li>\n<li>Slati vam informacije, poput na\u0161eg biltena, ako se sla\u017eete s ovom upotrebom.<\/li>\n<\/ul>\n<p>Va\u0161e osobne podatke obra\u0111ujemo kako bismo vam mogli omogu\u0107iti online trgovinu. Ova obrada se vr\u0161i u skladu s pravnom osnovom ugovora. Va\u0161e osobne podatke dajemo operateru ra\u010dunalnog centra da izvr\u0161i ovu obradu za nas. Nadalje, osobne podatke dajemo pru\u017eatelju platnih usluga, kao i dostavnoj slu\u017ebi kako bi mogli obraditi va\u0161e podatke u svrhu obrade pla\u0107anja ili dostave. Va\u0161e osobne podatke obra\u0111ujemo onoliko dugo koliko je to potrebno zbog fiskalnih razdoblja \u010duvanja i sve dok nam va\u0161i osobni podaci vi\u0161e ne trebaju za pravne zahtjeve.<\/p>\n<p>Tako\u0111er spremamo recenzije proizvoda i objavljujemo ih kako bi drugi ljudi koji su zainteresirani za proizvode mogli pristupiti va\u0161im iskustvima.<\/p>\n<p><strong>5.2. Pristup osobnim podacima<\/strong><\/p>\n<p>Na\u0161 tim za korisni\u010dku podr\u0161ku ima pristup podacima koje unesete prilikom naru\u010divanja. Ovo uklju\u010duje:<\/p>\n<ul>\n<li>Podaci o sadr\u017eaju narud\u017ebe, kada je naru\u010dena i kamo treba biti otpremljena<\/li>\n<li>Osobni podaci kao \u0161to su ime, adresa za naplatu i dostavu, adresa e-po\u0161te i broj telefona.<\/li>\n<\/ul>\n<p>Ovaj pristup je neophodan kako bi se narud\u017eba pripremila za slanje, odgovorili na va\u0161a pitanja i obradili povrate.<\/p>\n<h3>6. Prava pogo\u0111ene osobe<\/h3>\n<p>Kao pogo\u0111ena osoba, imate pravo na sljede\u0107a prava protiv odgovorne strane:<\/p>\n<p><strong>6.1. Pravo na informaciju<\/strong><\/p>\n<p>Mo\u017eete zatra\u017eiti potvrdu od odgovorne strane ako obra\u0111uje osobne podatke koji se ti\u010du vas.<\/p>\n<p><strong>6.2. Pravo na ispravak<\/strong><\/p>\n<p>Imate pravo na ispravak ili dopunu protiv odgovorne strane ako su osobni podaci koji se obra\u0111uju neto\u010dni ili nepotpuni. Odgovorna strana mora odmah izvr\u0161iti ove ispravke.<\/p>\n<p><strong>6.3. Pravo na ograni\u010denje obrade<\/strong><\/p>\n<p>Mo\u017eete zahtijevati ograni\u010denje obrade Va\u0161ih osobnih podataka pod sljede\u0107im uvjetima:<\/p>\n<p>(1) Ako pori\u010dete to\u010dnost osobnih podataka;<br \/>\n(2) ako je obrada nezakonita;<br \/>\n(3) ako odgovorna strana vi\u0161e ne treba osobne podatke za obradu, ali su vam potrebni za podno\u0161enje, ostvarivanje ili obranu pravnog zahtjeva, ili<br \/>\n(4) ako ste ulo\u017eili prigovor na obradu i jo\u0161 niste utvrdili nadma\u0161uju li razlozi odgovorne strane va\u0161e.<\/p>\n<p><strong>6.4. Pravo na brisanje<\/strong><\/p>\n<p>Od odgovorne strane mo\u017eete zahtijevati da odmah izbri\u0161e va\u0161e osobne podatke, a odgovorna strana je du\u017ena to u\u010diniti ako postoji jedan od sljede\u0107ih razloga:<\/p>\n<p>(1) Va\u0161i osobni podaci vi\u0161e nisu potrebni za svrhe za koje se prikupljaju ili obra\u0111uju na odre\u0111eni na\u010din.<br \/>\n(2) Povla\u010dite privolu za obradu Va\u0161ih osobnih podataka i ne postoje druge pravne osnove za obradu istih.<br \/>\n(3) Podnesete prigovor protiv obrade Va\u0161ih osobnih podataka i ne postoje va\u017eniji razlozi za navedenu obradu.<br \/>\n(4) Va\u0161i osobni podaci obra\u0111eni su nezakonito.<\/p>\n<p><strong>6.5. Pravo na konzultacije<\/strong><\/p>\n<p>Ako ste protiv odgovorne strane ostvarili pravo na ispravak, pravo na brisanje ili pravo na ograni\u010denje obrade, ona je du\u017ena obavijestiti sve strane kojima su va\u0161i osobni podaci otkriveni o ovom ispravku, brisanju ili ograni\u010denju obrade, osim ako se to poka\u017ee nemogu\u0107im ili zahtijeva pretjeran napor. O tim strankama imate pravo biti obavije\u0161teni od odgovorne strane.<\/p>\n<p><strong>6.6. Pravo na prenosivost podataka<\/strong><\/p>\n<p>Imate pravo primiti osobne podatke koje ste stavili na raspolaganje odgovornoj strani u strukturiranom, uobi\u010dajenom i strojno \u010ditljivom formatu. Nadalje, imate pravo prenijeti ove podatke drugoj odgovornoj strani bez uplitanja odgovorne strane kojoj ste svoje osobne podatke u\u010dinili dostupnim ako<\/p>\n<p>(1) obrada se temelji na privoli ili ugovoru i<br \/>\n(2) obrada se vr\u0161i uz pomo\u0107 automatiziranih procesa.<\/p>\n<p>Prilikom kori\u0161tenja ovog prava, tako\u0111er dobivate pravo na prijenos va\u0161ih osobnih podataka od jedne odgovorne strane do druge odgovorne strane sve dok je to tehni\u010dki izvedivo. Sloboda i prava drugih ljudi time ne mogu biti ugro\u017eeni.<\/p>\n<p><strong>6.7. Pravo na \u017ealbu<\/strong><\/p>\n<p>Imate pravo u svakom trenutku podnijeti prigovor protiv obrade Va\u0161ih osobnih podataka koja je provedena zbog javnog interesa ili na temelju legitimnog interesa odgovorne strane.<\/p>\n<p>Ako se va\u0161i osobni podaci obra\u0111uju u svrhu izravnog ogla\u0161avanja, imate pravo u bilo kojem trenutku ulo\u017eiti prigovor protiv obrade va\u0161ih osobnih podataka u svrhu te vrste ogla\u0161avanja; to vrijedi i za profiliranje, sve dok je povezano s ovom vrstom izravnog ogla\u0161avanja.<\/p>\n<p>Ako se protivite obradi Va\u0161ih osobnih podataka u svrhu izravnog ogla\u0161avanja, ti se podaci vi\u0161e ne\u0107e obra\u0111ivati u tu svrhu.<\/p>\n<p><strong>6.8. Pravo na opoziv privole za za\u0161titu podataka<\/strong><\/p>\n<p>Svoju privolu za za\u0161titu podataka imate pravo opozvati u bilo kojem trenutku.<\/p>\n<p><strong>6.9. Automatizirane odluke u pojedina\u010dnim slu\u010dajevima, uklju\u010duju\u0107i profiliranje<\/strong><\/p>\n<p>Imate pravo da ne budete podvrgnuti odluci koja se temelji isklju\u010divo na automatskoj obradi va\u0161ih osobnih podataka \u2013 uklju\u010duju\u0107i profiliranje \u2013 koja proizvodi pravne u\u010dinke ili vas ozbiljno kompromitira na sli\u010dan na\u010din.<\/p>\n<p><strong>6.10. Pravo na \u017ealbu regulatornom tijelu<\/strong><\/p>\n<p>Imate pravo na \u017ealbu regulatornom tijelu bez obzira na druge upravne ili pravne lijekove, posebno u dr\u017eavi \u010dlanici va\u0161eg prebivali\u0161ta, mjesta rada ili mjesta sumnje na kr\u0161enje ako obrada va\u0161ih osobnih podataka kr\u0161i DSGVO.<\/p>\n<p>Ako nam \u017eelite poslati upit, molimo koristite obrazac ovdje.<\/p>\n<p>Ako mislite da su va\u0161a prava kao osobe povrije\u0111ena, mo\u017eete kontaktirati austrijsku upravu za za\u0161titu podataka:<\/p>\n<p>Datenschutzbeh\u00f6rde<br \/>\nWickenburggasse 8<br \/>\n1080 Be\u010d<\/p>\n<p>E-mail:\u00a0<a href=\"mailto:dsb@dsb.gv.at\">dsb@dsb.gv.at<\/a><br \/>\nTelefon: <a href=\"tel:+431521522569\">+43 1 521 52-25 69<\/a><\/p>\n<h3>7. A\u017euriranje pravila o privatnosti<\/h3>\n<p>Ova \u0107e se politika privatnosti a\u017eurirati kada se procesi promijene ili naprave tehni\u010dke prilagodbe. Uvijek provjerite trenutnu verziju na\u0161ih pravila o privatnosti.<\/p>\n<hr \/>\n<p>Od: 01.01.2024<\/p>\n\t\t<\/div>\n\t\t\t\t\t<\/div>\n\n\t\n<\/div>","protected":false},"excerpt":{"rendered":"","protected":false},"author":1,"featured_media":0,"parent":2849,"menu_order":0,"comment_status":"closed","ping_status":"closed","template":"page-blank.php","meta":{"inline_featured_image":false,"footnotes":""},"class_list":["post-3","page","type-page","status-publish","hentry"],"_links":{"self":[{"href":"https:\/\/ecoturbino.world\/hr\/wp-json\/wp\/v2\/pages\/3","targetHints":{"allow":["GET"]}}],"collection":[{"href":"https:\/\/ecoturbino.world\/hr\/wp-json\/wp\/v2\/pages"}],"about":[{"href":"https:\/\/ecoturbino.world\/hr\/wp-json\/wp\/v2\/types\/page"}],"author":[{"embeddable":true,"href":"https:\/\/ecoturbino.world\/hr\/wp-json\/wp\/v2\/users\/1"}],"replies":[{"embeddable":true,"href":"https:\/\/ecoturbino.world\/hr\/wp-json\/wp\/v2\/comments?post=3"}],"version-history":[{"count":0,"href":"https:\/\/ecoturbino.world\/hr\/wp-json\/wp\/v2\/pages\/3\/revisions"}],"up":[{"embeddable":true,"href":"https:\/\/ecoturbino.world\/hr\/wp-json\/wp\/v2\/pages\/2849"}],"wp:attachment":[{"href":"https:\/\/ecoturbino.world\/hr\/wp-json\/wp\/v2\/media?parent=3"}],"curies":[{"name":"wp","href":"https:\/\/api.w.org\/{rel}","templated":true}]}}