{"id":2870,"date":"2024-01-18T01:59:26","date_gmt":"2024-01-18T00:59:26","guid":{"rendered":"https:\/\/ecoturbino.eu\/?page_id=2870"},"modified":"2024-01-18T02:07:39","modified_gmt":"2024-01-18T01:07:39","slug":"gtc","status":"publish","type":"page","link":"https:\/\/ecoturbino.world\/hr\/gtc\/","title":{"rendered":"Uvjeti i odredbe"},"content":{"rendered":"<div class=\"banner has-hover\" id=\"banner-357530985\">\n          <div class=\"banner-inner fill\">\n        <div class=\"banner-bg fill\" >\n            <img decoding=\"async\" width=\"2000\" height=\"230\" src=\"https:\/\/ecoturbino.world\/wp-content\/uploads\/2024\/01\/wasser-faq-2000-sw.webp\" class=\"bg attachment-original size-original\" alt=\"Vodovodni kolektor\" \/>                                    \n                    <\/div>\n\t\t\n        <div class=\"banner-layers container\">\n            <div class=\"fill banner-link\"><\/div>            \n   <div id=\"text-box-319411414\" class=\"text-box banner-layer x50 md-x50 lg-x50 y50 md-y50 lg-y50 res-text\">\n                                <div class=\"text-box-content text dark\">\n              \n              <div class=\"text-inner text-center\">\n                  \n<h1>GTC<\/h1>\n              <\/div>\n           <\/div>\n                            \n<style>\n#text-box-319411414 {\n  width: 100%;\n}\n#text-box-319411414 .text-box-content {\n  font-size: 100%;\n}\n@media (min-width:550px) {\n  #text-box-319411414 {\n    width: 71%;\n  }\n}\n@media (min-width:850px) {\n  #text-box-319411414 {\n    width: 50%;\n  }\n}\n<\/style>\n    <\/div>\n \n        <\/div>\n      <\/div>\n\n            \n<style>\n#banner-357530985 {\n  padding-top: 110px;\n}\n@media (min-width:550px) {\n  #banner-357530985 {\n    padding-top: 170px;\n  }\n}\n@media (min-width:850px) {\n  #banner-357530985 {\n    padding-top: 190px;\n  }\n}\n<\/style>\n  <\/div>\n\n\n<div class=\"row\"  id=\"row-1905480662\">\n\n\t<div id=\"col-649791068\" class=\"col small-12 large-12\"  >\n\t\t\t\t<div class=\"col-inner\"  >\n\t\t\t\n\t\t\t\n<h2>Op\u0107i uvjeti za ecoturbino\u00ae World<\/h2>\n<ol>\n<li><strong>Odgovornost<\/strong><br \/>Ne preuzimamo nikakvu odgovornost za pogre\u0161ke ili tehni\u010dke probleme koji se mogu pojaviti na internetu. Primjenjuje se austrijski zakon.<\/li>\n<li><strong>Odgovornost za sadr\u017eaj<\/strong><br \/>Podaci na ovoj web stranici slu\u017ee isklju\u010divo u svrhu op\u0107eg informiranja i nisu obvezuju\u0107i.<\/li>\n<li><strong>Odricanje od odgovornosti za sadr\u017eaj povezanih stranica<\/strong><br \/>Ova web stranica sadr\u017ei razne poveznice na stranice drugih proizvo\u0111a\u010da itd. na Internetu. Izri\u010dito nagla\u0161avamo da nemamo utjecaja na sadr\u017eaj i dizajn stranica na koje se povezuju. Stoga ne mo\u017eemo jam\u010diti pravodobnost, to\u010dnost ili potpunost tamo navedenih informacija. Izri\u010dito se ogra\u0111ujemo od svih sadr\u017eaja ovih stranica. Ova se izjava odnosi na sve poveznice na vanjske stranice koje se nalaze na na\u0161em web-mjestu i sve sadr\u017eaje tih stranica do kojih poveznice vode.<\/li>\n<li><strong>Prava na slike<\/strong><br \/>Sva prava na slike ilustracija u trgovini vlasni\u0161tvo su Ressourcen Saving GmbH i Webdeals Shops GmbH. Kori\u0161tenje bez na\u0161eg izri\u010ditog pristanka nije dopu\u0161teno.<\/li>\n<li><strong>Politika privatnosti i povjerljivosti<\/strong><br \/>Molimo pogledajte na\u0161e <a href=\"\/hr\/privatnost-kokpita\/privatnost\/\">GDPR Ugovor o privatnosti<\/a>.<\/li>\n<li><strong>Klauzula o razdvajanju \/ Razno<\/strong><br \/>Ni\u0161tavost pojedinih odredbi ovih op\u0107ih uvjeta ili kupoprodajnog ugovora ne utje\u010de na valjanost ostalih odredbi. Umjesto nevaljane odredbe primjenjuje se zakonski propis.<\/li>\n<\/ol>\n\t\t<\/div>\n\t\t\t\t\t<\/div>\n\n\t\n<\/div>\n\t<div id=\"gap-842482341\" class=\"gap-element clearfix\" style=\"display:block; height:auto;\">\n\t\t\n<style>\n#gap-842482341 {\n  padding-top: 30px;\n}\n<\/style>\n\t<\/div>","protected":false},"excerpt":{"rendered":"","protected":false},"author":1,"featured_media":0,"parent":0,"menu_order":0,"comment_status":"closed","ping_status":"closed","template":"page-blank.php","meta":{"inline_featured_image":false,"footnotes":""},"class_list":["post-2870","page","type-page","status-publish","hentry"],"_links":{"self":[{"href":"https:\/\/ecoturbino.world\/hr\/wp-json\/wp\/v2\/pages\/2870","targetHints":{"allow":["GET"]}}],"collection":[{"href":"https:\/\/ecoturbino.world\/hr\/wp-json\/wp\/v2\/pages"}],"about":[{"href":"https:\/\/ecoturbino.world\/hr\/wp-json\/wp\/v2\/types\/page"}],"author":[{"embeddable":true,"href":"https:\/\/ecoturbino.world\/hr\/wp-json\/wp\/v2\/users\/1"}],"replies":[{"embeddable":true,"href":"https:\/\/ecoturbino.world\/hr\/wp-json\/wp\/v2\/comments?post=2870"}],"version-history":[{"count":0,"href":"https:\/\/ecoturbino.world\/hr\/wp-json\/wp\/v2\/pages\/2870\/revisions"}],"wp:attachment":[{"href":"https:\/\/ecoturbino.world\/hr\/wp-json\/wp\/v2\/media?parent=2870"}],"curies":[{"name":"wp","href":"https:\/\/api.w.org\/{rel}","templated":true}]}}