{"id":1664,"date":"2024-01-03T21:12:41","date_gmt":"2024-01-03T20:12:41","guid":{"rendered":"https:\/\/ecoturbino.eu\/?page_id=1664"},"modified":"2025-12-29T22:43:21","modified_gmt":"2025-12-29T21:43:21","slug":"higijena-i-zastita-od-kamenca","status":"publish","type":"page","link":"https:\/\/ecoturbino.world\/hr\/hygiene-and-limescale-prevention\/","title":{"rendered":"Higijena i kamenac u tu\u0161evima | Preventiva s ecoturbinom je uvijek bolja"},"content":{"rendered":"<section class=\"section zindex1\" id=\"section_2036864902\">\n\t\t<div class=\"section-bg fill\" >\n\t\t\t\t\t\t\t\t\t\n\t\t\t\n\n\t\t<\/div>\n\n\t\t\n\n\t\t<div class=\"section-content relative\">\n\t\t\t\n<div class=\"row\"  id=\"row-20665801\">\n\n\t<div id=\"col-1185853525\" class=\"col small-12 large-12\"  >\n\t\t\t\t<div class=\"col-inner\"  >\n\t\t\t\n\t\t\t\n\t<div id=\"text-751259954\" class=\"text\">\n\t\t\n<h1 class=\"uppercase\">Higijena i sprje\u010davanje kamenca UB tu\u0161evi s ecoturbino uvijek su bolji!<\/h1>\n<h3 class=\"thin-font\">Kod ku\u0107e, u hotelima, sportskim objektima, bolnicama itd.<\/h3>\n\t\t\n<style>\n#text-751259954 {\n  text-align: center;\n}\n<\/style>\n\t<\/div>\n\t\n<div class=\"text-center\"><div class=\"is-divider divider clearfix\" style=\"max-width:50%;height:1px;\"><\/div><\/div>\n\t<div id=\"gap-2073509867\" class=\"gap-element clearfix\" style=\"display:block; height:auto;\">\n\t\t\n<style>\n#gap-2073509867 {\n  padding-top: 30px;\n}\n<\/style>\n\t<\/div>\n\t\n<div class=\"row\"  id=\"row-1563263352\">\n\n\t<div id=\"col-993033492\" class=\"col medium-8 small-12 large-8\"  >\n\t\t\t\t<div class=\"col-inner\"  >\n\t\t\t\n\t\t\t\n<p><strong>Upotreba kemikalija je u\u010dinkovita<\/strong> u ve\u0107ini slu\u010dajeva, ali oduzima puno vremena,<strong> skupo i \u0161tetno za okoli\u0161.<\/strong> Osim toga, problem se pogor\u0161ava kako se nakupljanje kalcija pove\u0107ava.<\/p>\n<p>Kako biste imali vodeni sustav potpuno bez legionele, morate osigurati da u njemu nema kalcija (uklju\u010duju\u0107i biofilm) i bakterija.<\/p>\n<p>Bez obzira na to tretirate li sustav hladne, tople ili tehnolo\u0161ke vode, va\u017eno je imati metodu za kontrolu naslaga kalcija.<\/p>\n<h3>Higijena \u2013 Kako ina\u010de mo\u017eete ubla\u017eiti problem tu\u0161iranja?<\/h3>\n<p>The <strong>patentirani ecoturbiono adapter za tu\u0161<\/strong> koristi jedinstvenu tehnologiju za <strong>ispu\u0161tanje vode iz tu\u0161eva<\/strong> i svakako mo\u017ee pomo\u0107i <strong>odr\u017eavajte tu\u0161eve \u010distima<\/strong>. Ugra\u0111uje se u va\u0161 postoje\u0107i tu\u0161 i osigurava <strong>odvodnja staja\u0107ih voda<\/strong> od tu\u0161a i uglavnom od <strong>crijevo<\/strong>.<\/p>\n<p>Nadalje, pru\u017ea <strong>potpuna i kontinuirana prevencija<\/strong> kao i a <strong>zna\u010dajno smanjenje<\/strong>. Tehnologija ecoturbiono ne zahtijeva odr\u017eavanje i kemikalije. To zna\u010di da je to odr\u017eivo i ekolo\u0161ki prihvatljivo rje\u0161enje.<\/p>\n<p>Kori\u0161tenjem ove tehnologije, <strong>bakterije su zna\u010dajno smanjene u crijevu<\/strong> i glava tu\u0161a. Osim toga, glava va\u0161eg tu\u0161a je li\u0161ena svog izvora hranjivih tvari, naime kalcija.<\/p>\n\t\t<\/div>\n\t\t\t\t\t<\/div>\n\n\t\n\n\t<div id=\"col-51331530\" class=\"col medium-4 small-12 large-4\"  >\n\t\t\t\t<div class=\"col-inner\"  >\n\t\t\t\n\t\t\t\n\t<div class=\"img has-hover radius10 x md-x lg-x y md-y lg-y\" id=\"image_703334806\">\n\t\t\t\t\t\t\t\t<div class=\"img-inner dark\" >\n\t\t\t<img decoding=\"async\" width=\"600\" height=\"600\" src=\"https:\/\/ecoturbino.world\/wp-content\/uploads\/2024\/01\/legionellas-symbol_600.webp\" class=\"attachment-original size-original\" alt=\"Simbol legionele\" srcset=\"https:\/\/ecoturbino.world\/wp-content\/uploads\/2024\/01\/legionellas-symbol_600.webp 600w, https:\/\/ecoturbino.world\/wp-content\/uploads\/2024\/01\/legionellas-symbol_600-500x500.webp 500w, https:\/\/ecoturbino.world\/wp-content\/uploads\/2024\/01\/legionellas-symbol_600-32x32.webp 32w, https:\/\/ecoturbino.world\/wp-content\/uploads\/2024\/01\/legionellas-symbol_600-48x48.webp 48w, https:\/\/ecoturbino.world\/wp-content\/uploads\/2024\/01\/legionellas-symbol_600-80x80.webp 80w, https:\/\/ecoturbino.world\/wp-content\/uploads\/2024\/01\/legionellas-symbol_600-180x180.webp 180w\" sizes=\"(max-width: 600px) 100vw, 600px\" \/>\t\t\t\t\t\t\n\t\t\t\t\t<\/div>\n\t\t\t\t\t\t\t\t\n<style>\n#image_703334806 {\n  width: 100%;\n}\n<\/style>\n\t<\/div>\n\t\n\t\t<\/div>\n\t\t\t\t\t<\/div>\n\n\t\n<\/div>\n<div class=\"row\"  id=\"row-1620775356\">\n\n\t<div id=\"col-1659577789\" class=\"col small-12 large-12\"  >\n\t\t\t\t<div class=\"col-inner\"  >\n\t\t\t\n\t\t\t\n\t<div class=\"img has-hover radius10 hide-for-small x md-x lg-x y md-y lg-y\" id=\"image_1082433135\">\n\t\t\t\t\t\t\t\t<div class=\"img-inner dark\" >\n\t\t\t<img decoding=\"async\" width=\"1280\" height=\"300\" src=\"https:\/\/ecoturbino.world\/wp-content\/uploads\/2024\/01\/under-shower-legs_1280.webp\" class=\"attachment-original size-original\" alt=\"\" srcset=\"https:\/\/ecoturbino.world\/wp-content\/uploads\/2024\/01\/under-shower-legs_1280.webp 1280w, https:\/\/ecoturbino.world\/wp-content\/uploads\/2024\/01\/under-shower-legs_1280-1000x234.webp 1000w, https:\/\/ecoturbino.world\/wp-content\/uploads\/2024\/01\/under-shower-legs_1280-768x180.webp 768w, https:\/\/ecoturbino.world\/wp-content\/uploads\/2024\/01\/under-shower-legs_1280-240x56.webp 240w\" sizes=\"(max-width: 1280px) 100vw, 1280px\" \/>\t\t\t\t\t\t\n\t\t\t\t\t<\/div>\n\t\t\t\t\t\t\t\t\n<style>\n#image_1082433135 {\n  width: 100%;\n}\n<\/style>\n\t<\/div>\n\t\n<h1>Mo\u017ee li se od tu\u0161iranja dobiti legionarska bolest?<\/h1>\n<p>Da, mogu\u0107 je ugovor<strong> Legionarska bolest od tu\u0161iranja<\/strong>. Malo je vjerojatno da \u0107e se dogoditi pri svakodnevnom tu\u0161iranju u vlastitom domu.<\/p>\n<p>Me\u0111utim, vjerojatnost zaraze tijekom tu\u0161iranja u a <strong>teretana, hotel, bolnica ili ured je vi\u0161i<\/strong> \u2013 bilo gdje s velikim vodovodnim sustavom. Voda se mo\u017ee mijenjati rje\u0111e ako se ta mjesta ne koriste stalno.<\/p>\n\t<div id=\"gap-451165672\" class=\"gap-element clearfix\" style=\"display:block; height:auto;\">\n\t\t\n<style>\n#gap-451165672 {\n  padding-top: 30px;\n}\n<\/style>\n\t<\/div>\n\t\n<div class=\"row\"  id=\"row-1663513626\">\n\n\t<div id=\"col-58516205\" class=\"col medium-8 small-12 large-8\"  >\n\t\t\t\t<div class=\"col-inner\"  >\n\t\t\t\n\t\t\t\n<h2>Simptomi legionarske bolesti<\/h2>\n<p>Infekcija ovim <strong>bakterije mogu dovesti do simptoma poput mu\u010dnine i povra\u0107anja.<\/strong> Vru\u0107ica je tako\u0111er \u010dest simptom. Ostali simptomi uklju\u010duju <strong>bolovi u mi\u0161i\u0107ima, au ekstremnim slu\u010dajevima i zatajenje bubrega<\/strong> mo\u017ee biti posljedica infekcije bakterijom Legionella.<\/p>\n<p>Znakovi da<strong> zahva\u0107ena su plu\u0107a<\/strong> mo\u017ee uklju\u010divati suhi ka\u0161alj, bol u prsima i zvi\u017edanje pri disanju. U takvim slu\u010dajevima va\u017eno je odmah potra\u017eiti lije\u010dni\u010dku pomo\u0107 jer ti znakovi mogu ukazivati na upalu plu\u0107a.<\/p>\n<p>Da biste to sprije\u010dili, <strong>prakticira se pove\u0107ana pozornost na higijenu<\/strong> na mjestima poput <a href=\"https:\/\/en.wikipedia.org\/wiki\/Hospital#:~:text=A%20hospital%20is%20a%20healthcare,healthcare%20staff%20and%20medical%20equipment.\" target=\"_blank\" rel=\"noopener sponsored\"><strong>bolnicama<\/strong><\/a>. Pravilnik o pitkoj vodi ima za cilj pomo\u0107i u prevenciji legionele i regulira prisutnost legionele kroz propise, preporuke i razne zakone.<\/p>\n<p>The<strong> razmno\u017eavanje bakterija Legionella<\/strong> slijedi sli\u010dan obrazac razmno\u017eavanja vlage ili vodenih bakterija op\u0107enito: one uspijevaju u slatkoj vodi. Ne postoje u slanoj ili morskoj vodi. Mogu se na\u0107i u povr\u0161inskim vodama kao iu tlu.<\/p>\n<p>Odavde mogu u\u0107i u podzemne vode. Vjeruje se da, iako se ne mogu dalje razmno\u017eavati u podzemnim vodama, mogu r<strong>ostati \u017eiv do godina.<\/strong><\/p>\n<p><strong>Legionela mo\u017ee u\u0107i u vodovodni sustav putem podzemnih voda.<\/strong> Na taj na\u010din mogu biti <strong>udahnuti tijekom aktivnosti kao \u0161to je tu\u0161iranje i zavr\u0161iti u plu\u0107ima.<\/strong> Budu\u0107i da legionela mo\u017ee uzrokovati bolesti poput legionarske bolesti kod osoba s oslabljenim imunolo\u0161kim sustavom, smatra se opasnom bakterijom pod odre\u0111enim okolnostima<\/p>\n\t\t<\/div>\n\t\t\t\t\n<style>\n#col-58516205 > .col-inner {\n  margin: 0px 0px -15px 0px;\n}\n<\/style>\n\t<\/div>\n\n\t\n\n\t<div id=\"col-73928651\" class=\"col medium-4 small-12 large-4\"  >\n\t\t\t\t<div class=\"col-inner\"  >\n\t\t\t\n\t\t\t\n\t<div class=\"img has-hover radius10 x md-x lg-x y md-y lg-y\" id=\"image_1214153329\">\n\t\t\t\t\t\t\t\t<div class=\"img-inner dark\" >\n\t\t\t<img decoding=\"async\" width=\"600\" height=\"600\" src=\"https:\/\/ecoturbino.world\/wp-content\/uploads\/2024\/01\/symptome-illness_600.webp\" class=\"attachment-original size-original\" alt=\"Simbol simptoma bolesti\" srcset=\"https:\/\/ecoturbino.world\/wp-content\/uploads\/2024\/01\/symptome-illness_600.webp 600w, https:\/\/ecoturbino.world\/wp-content\/uploads\/2024\/01\/symptome-illness_600-500x500.webp 500w, https:\/\/ecoturbino.world\/wp-content\/uploads\/2024\/01\/symptome-illness_600-32x32.webp 32w, https:\/\/ecoturbino.world\/wp-content\/uploads\/2024\/01\/symptome-illness_600-48x48.webp 48w, https:\/\/ecoturbino.world\/wp-content\/uploads\/2024\/01\/symptome-illness_600-80x80.webp 80w, https:\/\/ecoturbino.world\/wp-content\/uploads\/2024\/01\/symptome-illness_600-180x180.webp 180w\" sizes=\"(max-width: 600px) 100vw, 600px\" \/>\t\t\t\t\t\t\n\t\t\t\t\t<\/div>\n\t\t\t\t\t\t\t\t\n<style>\n#image_1214153329 {\n  width: 100%;\n}\n<\/style>\n\t<\/div>\n\t\n\t\t<\/div>\n\t\t\t\t\t<\/div>\n\n\t\n<\/div>\n\t\t<\/div>\n\t\t\t\t\t<\/div>\n\n\t\n<\/div>\n<div class=\"row\"  id=\"row-2023760190\">\n\n\t<div id=\"col-538587354\" class=\"col medium-8 small-12 large-8\"  >\n\t\t\t\t<div class=\"col-inner\"  >\n\t\t\t\n\t\t\t\n<h3>Kako se mo\u017eete zaraziti legionarskom bole\u0161\u0107u dok se tu\u0161irate?<\/h3>\n<p>Pod pravim uvjetima, Legionella <strong>bakterije mogu rasti u bilo kojem vodovodnom sustavu.<\/strong> Bilo koja voda s a<strong> temperatura izme\u0111u 20 i 45 \u00b0C<\/strong> je u opasnosti jer bakterije mogu napredovati samo u ovom temperaturnom rasponu.<\/p>\n<blockquote>\n<p>Hranjive tvari poput hr\u0111e, mulja, kamenca, sedimenta i algi tako\u0111er doprinose rastu ovih bakterija. To postaje poseban problem kada voda u sustavu stagnira (npr. kada se tu\u0161 ili slavina ne koriste redovito).<\/p>\n<\/blockquote>\n<p>Kada otvorite tu\u0161 ili slavinu, kapljice vode kontaminirane L<strong>egionela se \u0161irila kroz maglu<\/strong>, stvara se u malim kapljicama koje se nazivaju aerosoli.<\/p>\n<p>Budu\u0107i da su ovi <strong>aerosoli su dovoljno mali<\/strong> da bi se udahnuli, ulaze u plu\u0107a udisajem. Tada se plu\u0107a inficiraju legionelom, a osoba oboli od legionarske bolesti ili pontiac groznice.<\/p>\n<p>Bolest se mo\u017ee prenijeti i pitkom vodom koja sadr\u017ei legionelu. Osobe s pote\u0161ko\u0107ama u gutanju imaju pove\u0107an rizik.<\/p>\n\t<div id=\"gap-1459343239\" class=\"gap-element clearfix\" style=\"display:block; height:auto;\">\n\t\t\n<style>\n#gap-1459343239 {\n  padding-top: 15px;\n}\n<\/style>\n\t<\/div>\n\t\n<div class=\"is-divider divider clearfix\" style=\"max-width:100%;height:1px;\"><\/div>\n<h3>Koji su simptomi legionarske bolesti?<\/h3>\n<p>The<strong> po\u010detni simptomi<\/strong> od <strong>bolest se obi\u010dno javlja oko dva do deset dana<\/strong> nakon infekcije. Me\u0111utim, ne razvijaju svi koji su izlo\u017eeni bakterijama simptome; najve\u0107em riziku su osobe starije od 50 godina i osobe s oslabljenim imunolo\u0161kim sustavom.<\/p>\n<p>Op\u0107enito, po\u010detni znakovi bolesti su <strong>sli\u010dne simptomima sli\u010dnim gripi<\/strong> i mo\u017ee uklju\u010divati:<\/p>\n<ul>\n<li>Visoka temperatura, groznica i zimica<\/li>\n<li>Suhi ka\u0161alj<\/li>\n<li>Bolovi u mi\u0161i\u0107ima i bolovi<\/li>\n<li>slabost (astenija)<\/li>\n<li>Glavobolje<\/li>\n<\/ul>\n<p>Ako se ne lije\u010di, <strong>infekcija se mo\u017ee pogor\u0161ati<\/strong> unutar prvog tjedna, a zara\u017eeni mogu razviti dodatne simptome poput iska\u0161ljavanja zelene sluzi i<strong> ote\u017eano disanje.<\/strong> Tako\u0111er mogu osjetiti bol u prsima dok di\u0161u.<\/p>\n<p>Neki pacijenti oboljevaju od legionarske bolesti <strong>mu\u010dnina, povra\u0107anje, proljev i bol u trbuhu.<\/strong> Gotovo polovica pacijenata do\u017eivi smetnje \u017eiv\u010danog sustava kao \u0161to su <strong>zbunjenost, delirij, depresija, dezorijentacija i halucinacije.<\/strong><\/p>\n<p>Ako sumnjate da ste mo\u017eda bili izlo\u017eeni legioneli ili imate simptome kao \u0161to su vru\u0107ica, ka\u0161alj, zimica ili bolovi u mi\u0161i\u0107ima, neophodno je \u0161to prije potra\u017eiti lije\u010dni\u010dku pomo\u0107.<\/p>\n<p>Tako\u0111er je va\u017eno obavijestiti svog lije\u010dnika o svojoj nedavnoj povijesti putovanja, budu\u0107i da ste mo\u017eda bili u kontaktu s poznatom epidemijom.<\/p>\n\t\t<\/div>\n\t\t\t\t\t<\/div>\n\n\t\n\n\t<div id=\"col-1172069275\" class=\"col medium-4 small-12 large-4\"  >\n\t\t\t\t<div class=\"col-inner\"  >\n\t\t\t\n\t\t\t\n\t<div class=\"img has-hover radius10 hide-for-small x md-x lg-x y md-y lg-y\" id=\"image_1610240271\">\n\t\t\t\t\t\t\t\t<div class=\"img-inner dark\" >\n\t\t\t<img decoding=\"async\" width=\"600\" height=\"900\" src=\"https:\/\/ecoturbino.world\/wp-content\/uploads\/2024\/01\/water-vapour-shower_600.webp\" class=\"attachment-original size-original\" alt=\"Simbol vodene pare na zidu tu\u0161a\" srcset=\"https:\/\/ecoturbino.world\/wp-content\/uploads\/2024\/01\/water-vapour-shower_600.webp 600w, https:\/\/ecoturbino.world\/wp-content\/uploads\/2024\/01\/water-vapour-shower_600-120x180.webp 120w\" sizes=\"(max-width: 600px) 100vw, 600px\" \/>\t\t\t\t\t\t\n\t\t\t\t\t<\/div>\n\t\t\t\t\t\t\t\t\n<style>\n#image_1610240271 {\n  width: 100%;\n}\n<\/style>\n\t<\/div>\n\t\n\t\t<\/div>\n\t\t\t\t\t<\/div>\n\n\t\n<\/div>\n<div class=\"is-divider divider clearfix\" style=\"margin-top:1.5em;margin-bottom:1.5em;max-width:100%;height:1px;\"><\/div>\n<div class=\"row\"  id=\"row-478236580\">\n\n\t<div id=\"col-1628385264\" class=\"col medium-4 small-12 large-4\"  >\n\t\t\t\t<div class=\"col-inner\"  >\n\t\t\t\n\t\t\t\n\t<div class=\"img has-hover radius10 x md-x lg-x y md-y lg-y\" id=\"image_1276386866\">\n\t\t\t\t\t\t\t\t<div class=\"img-inner dark\" >\n\t\t\t<img decoding=\"async\" width=\"600\" height=\"600\" src=\"https:\/\/ecoturbino.world\/wp-content\/uploads\/2024\/01\/temperature-meter2_600.webp\" class=\"attachment-original size-original\" alt=\"Simbol mjera\u010da temperature\" srcset=\"https:\/\/ecoturbino.world\/wp-content\/uploads\/2024\/01\/temperature-meter2_600.webp 600w, https:\/\/ecoturbino.world\/wp-content\/uploads\/2024\/01\/temperature-meter2_600-500x500.webp 500w, https:\/\/ecoturbino.world\/wp-content\/uploads\/2024\/01\/temperature-meter2_600-32x32.webp 32w, https:\/\/ecoturbino.world\/wp-content\/uploads\/2024\/01\/temperature-meter2_600-48x48.webp 48w, https:\/\/ecoturbino.world\/wp-content\/uploads\/2024\/01\/temperature-meter2_600-80x80.webp 80w, https:\/\/ecoturbino.world\/wp-content\/uploads\/2024\/01\/temperature-meter2_600-180x180.webp 180w\" sizes=\"(max-width: 600px) 100vw, 600px\" \/>\t\t\t\t\t\t\n\t\t\t\t\t<\/div>\n\t\t\t\t\t\t\t\t\n<style>\n#image_1276386866 {\n  width: 100%;\n}\n<\/style>\n\t<\/div>\n\t\n\t\t<\/div>\n\t\t\t\t\t<\/div>\n\n\t\n\n\t<div id=\"col-302229645\" class=\"col medium-8 small-12 large-8\"  >\n\t\t\t\t<div class=\"col-inner\"  >\n\t\t\t\n\t\t\t\n<h3>Kako se kod tu\u0161iranja mo\u017ee sprije\u010diti legionarska bolest?<\/h3>\n<p>Prvo pitanje koje treba razmotriti je gdje <strong>dolazi voda za tu\u0161iranje.<\/strong> Obi\u010dno dolazi iz spremnika za vodu koji se mo\u017ee grijati. Ako je tako, na koju temperaturu je postavljen spremnik tople vode? Legionela se mo\u017ee razvijati na temperaturama izme\u0111u 20 i 45\u00b0C.<\/p>\n<blockquote>\n<p>Stoga vodu treba \u010duvati na 60\u00b0C i distribuirati na temperaturi iznad 50\u00b0C kako bi se sprije\u010dilo pre\u017eivljavanje bakterija.<\/p>\n<\/blockquote>\n<p>Ako voda za tu\u0161iranje dolazi iz a <strong>rezervoar za vodu,<\/strong> tako\u0111er ga treba redovito pregledavati i odr\u017eavati \u010distim. Preporu\u010dljivo je opremiti spremnik \u010dvrstim poklopcem kako bi se sprije\u010dio ulazak prljav\u0161tine i stvaranje hr\u0111e, biofilma i korozije unutra.<\/p>\n<p>Legionela se hrani ovim bakterijama, pa je ometanje njihove opskrbe hranom u\u010dinkovito sredstvo za sprje\u010davanje njihovog razmno\u017eavanja.<\/p>\n<p>Regija u kojoj \u017eivite tako\u0111er je faktor rizika za legionelu. Geologija utje\u010de na tvrdo\u0107u vode u odre\u0111enom podru\u010dju. Dok je ki\u0161a blaga, nakon \u0161to se filtrira kroz stijene, minerali poput kalcija i magnezija po\u010dinju se otapati u vodi. <strong>Voda s visokim sadr\u017eajem minerala naziva se <a href=\"https:\/\/ecoturbino.world\/hr\/tvrda-voda-i-legionela\/\">tvrda voda.<\/a><\/strong><\/p>\n<p>Kada tvrtke za opskrbu vodom pumpaju tvrdu vodu u ku\u0107anstva, to dovodi do naslaga kalcija u cijevima, slavinama i tu\u0161evima. Kalcij osigurava hranjive tvari za legionelu, poti\u010du\u0107i njihov rast.<\/p>\n<p>Stoga su podru\u010dja s tvrdom vodom posebno osjetljiva na rast bakterija Legionella i <strong>tu\u0161evi i slavine moraju se redovito \u010distiti od kamenca kako bi se smanjile naslage kalcija<\/strong><\/p>\n\t\t<\/div>\n\t\t\t\t\t<\/div>\n\n\t\n<\/div>\n<div class=\"row\"  id=\"row-691403676\">\n\n\t<div id=\"col-762916561\" class=\"col small-12 large-12\"  >\n\t\t\t\t<div class=\"col-inner\"  >\n\t\t\t\n\t\t\t\n<div class=\"row row-large row-divided\"  id=\"row-1225770957\">\n\n\t<div id=\"col-1989513335\" class=\"col medium-6 small-12 large-6\"  >\n\t\t\t\t<div class=\"col-inner\"  >\n\t\t\t\n\t\t\t\n<h3>Koliko \u010desto se treba tu\u0161irati da sprije\u010dimo pojavu legionele?<\/h3>\n<p>Legionela mo\u017ee <strong>akumulirati u bilo kojem tu\u0161u, slavini ili cjevovodu za vodu<\/strong> koji se ne koristi redovito jer voda u sustavu stagnira.<\/p>\n<blockquote>\n<p>Kada je voda uklju\u010dena, bakterije istje\u010du iz sustava s vodom, a osobe koje se tu\u0161iraju udi\u0161u aerosole koji sadr\u017ee legionelu.<\/p>\n<\/blockquote>\n<p>Ovo je zna\u010dajnija briga, na primjer, u hotelima i uredima gdje <strong>tu\u0161evi i slavine ne koriste se dulje vrijeme.<\/strong> Me\u0111utim, \u010dak iu privatnim ku\u0107anstvima svaka kupaonica za goste mo\u017ee biti ugro\u017eena.<\/p>\n<p>Preporu\u010dljivo je pokrenuti tu\u0161eve ili slavine koje se rijetko koriste oko <strong>dvije minute svaki tjedan ili dok topla i hladna voda ne dosegnu<\/strong> istu temperaturu kao u \u010desto kori\u0161tenim uti\u010dnicama. Obavezno napustite prostoriju kako biste izbjegli udisanje aerosola koji mogu sadr\u017eavati legionelu.<\/p>\n\t\t<\/div>\n\t\t\t\t\t<\/div>\n\n\t\n\n\t<div id=\"col-1930193911\" class=\"col medium-6 small-12 large-6\"  >\n\t\t\t\t<div class=\"col-inner\"  >\n\t\t\t\n\t\t\t\n<h3>Kako dezinficirati glavu tu\u0161a kako biste sprije\u010dili legionarsku bolest:<\/h3>\n<ol>\n<li>Skinite glavu tu\u0161a s crijeva.<\/li>\n<li>Rastavite glavu tu\u0161a.<\/li>\n<li>Stavite dijelove glave tu\u0161a i crijeva u sudoper i namo\u010dite ih u vru\u0107u vodu s odgovaraju\u0107im sredstvom za \u010di\u0161\u0107enje glava tu\u0161a.<\/li>\n<li>Koristite \u010detku za uklanjanje tvrdokornih ostataka.<\/li>\n<li>Isperite sve dijelove \u010distom vodom.<\/li>\n<li>\u010ciste dijelove isperite vodom kako biste uklonili sredstvo za dezinfekciju glave tu\u0161a.<\/li>\n<li>Osu\u0161ite \u010distim ru\u010dnikom i ostavite da se osu\u0161i na zraku.<\/li>\n<li>Ponovno sastavite glavu tu\u0161a i pri\u010dvrstite je na crijevo.<\/li>\n<\/ol>\n<h3>Postoje li tehnolo\u0161ki napredci koji poma\u017eu u ubijanju legionele u tu\u0161evima?<\/h3>\n<p>Postoji mnogo ure\u0111aja koji se prodaju kao <strong>automatske jedinice za ispiranje<\/strong>. Ovi proizvodi tvrde da ispiru neiskori\u0161tene otvore, sprje\u010davaju\u0107i stagnaciju vode i smanjuju\u0107i rizik od nakupljanja legionele.<\/p>\n\t\t<\/div>\n\t\t\t\t\t<\/div>\n\n\t\n<\/div>\n\t\t<\/div>\n\t\t\t\t\n<style>\n#col-762916561 > .col-inner {\n  padding: 25px 25px 25px 25px;\n  margin: 0px 0px -30px 0px;\n}\n<\/style>\n\t<\/div>\n\n\t\n\n<style>\n#row-691403676 > .col > .col-inner {\n  background-color: rgba(0, 0, 0, 0.15);\n  border-radius: 10px;\n}\n<\/style>\n<\/div>\n\t\t<\/div>\n\t\t\t\t\t<\/div>\n\n\t\n<\/div>\n<div class=\"row\"  id=\"row-1650003869\">\n\n\t<div id=\"col-1813106618\" class=\"col small-12 large-12\"  >\n\t\t\t\t<div class=\"col-inner\" style=\"background-color:rgb(255,255,255);\" >\n\t\t\t\n\t<div class=\"is-border is-dashed\"\n\t\tstyle=\"border-color:rgba(85, 85, 85, 0.75);border-radius:10px;border-width:2px 2px 2px 2px;\">\n\t<\/div>\n\t\t\t\n<div class=\"row\"  id=\"row-1392742092\">\n\n\t<div id=\"col-858410704\" class=\"col medium-8 small-12 large-8\"  >\n\t\t\t\t<div class=\"col-inner\"  >\n\t\t\t\n\t\t\t\n<h3>\u010cetiri sigurne metode za smanjenje legionele pod tu\u0161em:<\/h3>\n<ul>\n<li>Osigurajte da se tu\u0161 \u010desto koristi. Ako nije, razmislite o uklanjanju tu\u0161a.<\/li>\n<li>Ako se tu\u0161 koji se rijetko koristi ne mo\u017ee ukloniti, pobrinite se da se redovito ispire i vodite evidenciju o tome.<\/li>\n<li>Glavu tu\u0161a i crijevo odr\u017eavajte \u010distima, uklju\u010duju\u0107i \u010di\u0161\u0107enje filtera.<\/li>\n<li>Provedite procjenu rizika od legionele ako ste odgovorni za zgradu.<\/li>\n<\/ul>\n\t\t<\/div>\n\t\t\t\t\n<style>\n#col-858410704 > .col-inner {\n  margin: 0px 0px -20px 0px;\n}\n<\/style>\n\t<\/div>\n\n\t\n\n\t<div id=\"col-1028141477\" class=\"col medium-4 small-12 large-4\"  >\n\t\t\t\t<div class=\"col-inner\"  >\n\t\t\t\n\t\t\t\n\t<div class=\"img has-hover radius10 x md-x lg-x y md-y lg-y\" id=\"image_2004982385\">\n\t\t\t\t\t\t\t\t<div class=\"img-inner dark\" >\n\t\t\t<img decoding=\"async\" width=\"600\" height=\"600\" src=\"https:\/\/ecoturbino.world\/wp-content\/uploads\/2024\/01\/legionella-wikipedia_600.webp\" class=\"attachment-original size-original\" alt=\"Legionela, wikipedia\" srcset=\"https:\/\/ecoturbino.world\/wp-content\/uploads\/2024\/01\/legionella-wikipedia_600.webp 600w, https:\/\/ecoturbino.world\/wp-content\/uploads\/2024\/01\/legionella-wikipedia_600-500x500.webp 500w, https:\/\/ecoturbino.world\/wp-content\/uploads\/2024\/01\/legionella-wikipedia_600-32x32.webp 32w, https:\/\/ecoturbino.world\/wp-content\/uploads\/2024\/01\/legionella-wikipedia_600-48x48.webp 48w, https:\/\/ecoturbino.world\/wp-content\/uploads\/2024\/01\/legionella-wikipedia_600-80x80.webp 80w, https:\/\/ecoturbino.world\/wp-content\/uploads\/2024\/01\/legionella-wikipedia_600-180x180.webp 180w\" sizes=\"(max-width: 600px) 100vw, 600px\" \/>\t\t\t\t\t\t\n\t\t\t\t\t<\/div>\n\t\t\t\t\t\t\t\t\n<style>\n#image_2004982385 {\n  width: 100%;\n}\n<\/style>\n\t<\/div>\n\t\n\t\t<\/div>\n\t\t\t\t\n<style>\n#col-1028141477 > .col-inner {\n  margin: 5px 0px -20px 0px;\n}\n<\/style>\n\t<\/div>\n\n\t\n<\/div>\n\t\t<\/div>\n\t\t\t\t\n<style>\n#col-1813106618 > .col-inner {\n  padding: 15px 20px 10px 30px;\n  margin: 0px 0px -100px 0px;\n  border-radius: 10px;\n}\n@media (min-width:550px) {\n  #col-1813106618 > .col-inner {\n    margin: 0px 0px -120px 0px;\n  }\n}\n<\/style>\n\t<\/div>\n\n\t\n<\/div>\n\t\t<\/div>\n\n\t\t\n<style>\n#section_2036864902 {\n  padding-top: 30px;\n  padding-bottom: 30px;\n}\n<\/style>\n\t<\/section>\n\t\n\n\t<section class=\"section\" id=\"section_1577361515\">\n\t\t<div class=\"section-bg fill\" >\n\t\t\t<img decoding=\"async\" width=\"1920\" height=\"683\" src=\"https:\/\/ecoturbino.world\/wp-content\/uploads\/2025\/12\/ecoturbino-function_1920-1.webp\" class=\"bg attachment- size-\" alt=\"funkcija ekoturbina\" \/>\t\t\t\t\t\t<div class=\"section-bg-overlay absolute fill\"><\/div>\n\t\t\t\n\n\t\t<\/div>\n\n\t\t\t<div class=\"ux-shape-divider ux-shape-divider--top ux-shape-divider--style-waves-opacity\">\n\t\t<svg viewbox=\"0 0 1000 300\" xmlns=\"http:\/\/www.w3.org\/2000\/svg\" preserveaspectratio=\"none\">\n    <path class=\"ux-shape-fill\" d=\"M0 300L-1 69.71C216 57 299.47 198.86 403 226C506 253 577 196 660 197C740 198 790.09 234.07 874 267C935.23 291 982 282.61 1000 277.61V300H0Z\"\/>\n    <path class=\"ux-shape-fill\" opacity=\"0.5\" d=\"M1 265.094L0 50.5C217 37.79 300.47 186.36 404 213.5C507 240.5 578 196.5 661 197.5C741 198.5 787.59 239.57 871.5 272.5C932.73 296.5 980.5 284.5 998.5 279.5V298.5L1 265.094Z\"\/>\n    <path class=\"ux-shape-fill\" opacity=\"0.15\" d=\"M0.999878 244.094L-0.00012207 27C217 14.29 300.47 173.86 404 201C507 228 578 196 661 197C741 198 787.59 243.07 871.5 276C932.73 300 980.5 284.5 998.5 279.5V299L0.999878 244.094Z\"\/>\n<\/svg>\n\n\t<\/div>\n\n\n\t\t<div class=\"section-content relative\">\n\t\t\t\n\t\t<\/div>\n\n\t\t\n<style>\n#section_1577361515 {\n  padding-top: 125px;\n  padding-bottom: 125px;\n}\n#section_1577361515 .section-bg-overlay {\n  background-color: rgba(0, 0, 0, 0.25);\n}\n#section_1577361515 .ux-shape-divider--top svg {\n  height: 80px;\n  --divider-top-width: 100%;\n}\n@media (min-width:550px) {\n  #section_1577361515 {\n    padding-top: 220px;\n    padding-bottom: 220px;\n  }\n  #section_1577361515 .ux-shape-divider--top svg {\n    height: 124px;\n  }\n}\n<\/style>\n\t<\/section>","protected":false},"excerpt":{"rendered":"","protected":false},"author":2,"featured_media":1876,"parent":0,"menu_order":0,"comment_status":"closed","ping_status":"closed","template":"page-blank.php","meta":{"inline_featured_image":false,"footnotes":""},"class_list":["post-1664","page","type-page","status-publish","has-post-thumbnail","hentry"],"_links":{"self":[{"href":"https:\/\/ecoturbino.world\/hr\/wp-json\/wp\/v2\/pages\/1664","targetHints":{"allow":["GET"]}}],"collection":[{"href":"https:\/\/ecoturbino.world\/hr\/wp-json\/wp\/v2\/pages"}],"about":[{"href":"https:\/\/ecoturbino.world\/hr\/wp-json\/wp\/v2\/types\/page"}],"author":[{"embeddable":true,"href":"https:\/\/ecoturbino.world\/hr\/wp-json\/wp\/v2\/users\/2"}],"replies":[{"embeddable":true,"href":"https:\/\/ecoturbino.world\/hr\/wp-json\/wp\/v2\/comments?post=1664"}],"version-history":[{"count":0,"href":"https:\/\/ecoturbino.world\/hr\/wp-json\/wp\/v2\/pages\/1664\/revisions"}],"wp:featuredmedia":[{"embeddable":true,"href":"https:\/\/ecoturbino.world\/hr\/wp-json\/wp\/v2\/media\/1876"}],"wp:attachment":[{"href":"https:\/\/ecoturbino.world\/hr\/wp-json\/wp\/v2\/media?parent=1664"}],"curies":[{"name":"wp","href":"https:\/\/api.w.org\/{rel}","templated":true}]}}