{"id":1652,"date":"2024-01-03T21:01:56","date_gmt":"2024-01-03T20:01:56","guid":{"rendered":"https:\/\/ecoturbino.eu\/?page_id=1652"},"modified":"2025-12-29T22:43:52","modified_gmt":"2025-12-29T21:43:52","slug":"tvrda-voda-i-legionela","status":"publish","type":"page","link":"https:\/\/ecoturbino.world\/hr\/hard-water-and-legionella\/","title":{"rendered":"Tvrda voda i legionela | Problemi s tu\u0161evima u kupaonici"},"content":{"rendered":"<section class=\"section zindex1\" id=\"section_884486436\">\n\t\t<div class=\"section-bg fill\" >\n\t\t\t\t\t\t\t\t\t\n\t\t\t\n\n\t\t<\/div>\n\n\t\t\n\n\t\t<div class=\"section-content relative\">\n\t\t\t\n<div class=\"row\"  id=\"row-1943298101\">\n\n\t<div id=\"col-2039886539\" class=\"col small-12 large-12\"  >\n\t\t\t\t<div class=\"col-inner\"  >\n\t\t\t\n\t\t\t\n\t<div id=\"text-2975286952\" class=\"text\">\n\t\t\n<h1 class=\"uppercase\">Tvrda voda i legionela | Pravi razmjeri problema!<\/h1>\n<h3 class=\"thin-font\">Iako je op\u0107a povezanost izme\u0111u tvrde vode i legionele dobro poznata, \u010desto se pogre\u0161no shva\u0107a.<\/h3>\n\t\t\n<style>\n#text-2975286952 {\n  text-align: center;\n}\n<\/style>\n\t<\/div>\n\t\n<div class=\"text-center\"><div class=\"is-divider divider clearfix\" style=\"max-width:50%;height:1px;\"><\/div><\/div>\n\t<div id=\"gap-2130752971\" class=\"gap-element clearfix\" style=\"display:block; height:auto;\">\n\t\t\n<style>\n#gap-2130752971 {\n  padding-top: 30px;\n}\n<\/style>\n\t<\/div>\n\t\n<div class=\"row\"  id=\"row-1627925245\">\n\n\t<div id=\"col-232530702\" class=\"col medium-8 small-12 large-8\"  >\n\t\t\t\t<div class=\"col-inner\"  >\n\t\t\t\n\t\t\t\n<p>U ovom postu fokusirat \u0107emo se na to kako mo\u017eemo <strong>ste\u0107i bolju kontrolu nad sadr\u017eajem bakterija u vodi od samog po\u010detka<\/strong>, kako bi <strong>smanjiti<\/strong> kori\u0161tenje <strong>agresivan i <a href=\"https:\/\/ecoturbino.world\/hr\/utjecaj-5\/\">ekolo\u0161ki<\/a> \u0161tetne kemikalije za uklanjanje bakterija.<\/strong><\/p>\n<p><strong>Klor dioksid<\/strong> nastavlja biti <strong>naj\u010de\u0161\u0107e kori\u0161teni biocid za uni\u0161tavanje bakterija u vodi, uklju\u010duju\u0107i legionelu<\/strong>. Njegova sposobnost uni\u0161tavanja biofilmova vrlo je va\u017ean aspekt ove kemikalije. Me\u0111utim, klor dioksid slu\u017ei isklju\u010divo za kontrolu i smanjenje, a ne prevenciju.<\/p>\n<p>Klju\u010d ovog problema le\u017ei u <strong>razumijevanje veze izme\u0111u naslaga kalcija, biofilmova i legionele.<\/strong> Ovaj pristup omogu\u0107uje a<strong> smanjenje broja bakterija u va\u0161em vodovodnom sustavu<\/strong>, \u010dime se smanjuje vrijeme i potro\u0161nja kemikalija za odr\u017eavanje sustava.<\/p>\n<p>I tu na scenu stupa adapter za tu\u0161 ecoturbino,<strong> osiguranje higijenskih tu\u0161eva u hotelima, fitnes centrima, domovima itd.<\/strong><\/p>\n\t\t<\/div>\n\t\t\t\t\t<\/div>\n\n\t\n\n\t<div id=\"col-786663616\" class=\"col medium-4 small-12 large-4\"  >\n\t\t\t\t<div class=\"col-inner\"  >\n\t\t\t\n\t\t\t\n\t<div class=\"img has-hover radius10 hide-for-small x md-x lg-x y md-y lg-y\" id=\"image_78935149\" data-no-translation=\"\">\n\t\t\t\t\t\t\t\t<div class=\"img-inner dark\" >\n\t\t\t<img decoding=\"async\" width=\"600\" height=\"600\" src=\"https:\/\/ecoturbino.world\/wp-content\/uploads\/2024\/01\/water-drain2_600.webp\" class=\"attachment-original size-original\" alt=\"\" srcset=\"https:\/\/ecoturbino.world\/wp-content\/uploads\/2024\/01\/water-drain2_600.webp 600w, https:\/\/ecoturbino.world\/wp-content\/uploads\/2024\/01\/water-drain2_600-500x500.webp 500w, https:\/\/ecoturbino.world\/wp-content\/uploads\/2024\/01\/water-drain2_600-32x32.webp 32w, https:\/\/ecoturbino.world\/wp-content\/uploads\/2024\/01\/water-drain2_600-48x48.webp 48w, https:\/\/ecoturbino.world\/wp-content\/uploads\/2024\/01\/water-drain2_600-80x80.webp 80w, https:\/\/ecoturbino.world\/wp-content\/uploads\/2024\/01\/water-drain2_600-180x180.webp 180w\" sizes=\"(max-width: 600px) 100vw, 600px\" \/>\t\t\t\t\t\t\n\t\t\t\t\t<\/div>\n\t\t\t\t\t\t\t\t\n<style>\n#image_78935149 {\n  width: 100%;\n}\n<\/style>\n\t<\/div>\n\t\n\t\t<\/div>\n\t\t\t\t\t<\/div>\n\n\t\n<\/div>\n\t<div id=\"gap-657476371\" class=\"gap-element clearfix\" style=\"display:block; height:auto;\">\n\t\t\n<style>\n#gap-657476371 {\n  padding-top: 30px;\n}\n<\/style>\n\t<\/div>\n\t\n<div class=\"row\"  id=\"row-1391225436\">\n\n\t<div id=\"col-1655491324\" class=\"col medium-4 small-12 large-4\"  >\n\t\t\t\t<div class=\"col-inner\"  >\n\t\t\t\n\t\t\t\n\t<div class=\"img has-hover radius10 x md-x lg-x y md-y lg-y\" id=\"image_1643208907\" data-no-translation=\"\">\n\t\t\t\t\t\t\t\t<div class=\"img-inner dark\" >\n\t\t\t<img decoding=\"async\" width=\"600\" height=\"900\" src=\"https:\/\/ecoturbino.world\/wp-content\/uploads\/2024\/01\/shower-head-limescale_600.webp\" class=\"attachment-original size-original\" alt=\"Showerhead limescale symbol\" srcset=\"https:\/\/ecoturbino.world\/wp-content\/uploads\/2024\/01\/shower-head-limescale_600.webp 600w, https:\/\/ecoturbino.world\/wp-content\/uploads\/2024\/01\/shower-head-limescale_600-120x180.webp 120w\" sizes=\"(max-width: 600px) 100vw, 600px\" \/>\t\t\t\t\t\t\n\t\t\t\t\t<\/div>\n\t\t\t\t\t\t\t\t\n<style>\n#image_1643208907 {\n  width: 100%;\n}\n<\/style>\n\t<\/div>\n\t\n\t\t<\/div>\n\t\t\t\t\t<\/div>\n\n\t\n\n\t<div id=\"col-1199638944\" class=\"col medium-8 small-12 large-8\"  >\n\t\t\t\t<div class=\"col-inner\"  >\n\t\t\t\n\t\t\t\n<div class=\"flex-1 overflow-hidden\">\n<div class=\"react-scroll-to-bottom--css-tpvix-79elbk h-full\">\n<div class=\"react-scroll-to-bottom--css-tpvix-1n7m0yu\">\n<div class=\"flex flex-col pb-9 text-sm\">\n<div class=\"w-full text-token-text-primary\" data-testid=\"conversation-turn-13\">\n<div class=\"px-4 py-2 justify-center text-base md:gap-6 m-auto\">\n<div class=\"flex flex-1 text-base mx-auto gap-3 md:px-5 lg:px-1 xl:px-5 md:max-w-3xl lg:max-w-&#091;40rem&#093; xl:max-w-&#091;48rem&#093; group final-completion\">\n<div class=\"relative flex w-full flex-col lg:w-&#091;calc(100%-115px)&#093; agent-turn\">\n<div class=\"flex-col gap-1 md:gap-3\">\n<div class=\"flex flex-grow flex-col max-w-full\">\n<div class=\"min-h-&#091;20px&#093; text-message flex flex-col items-start gap-3 whitespace-pre-wrap break-words &#091;.text-message+&amp;&#093;:mt-5 overflow-x-auto\" data-message-author-role=\"assistant\" data-message-id=\"6402d42d-ba99-40ec-b57e-ac45c40c778e\">\n<div class=\"markdown prose w-full break-words dark:prose-invert light\">\n<h3>\u0160to su naslage kamenca?<\/h3>\n<p><strong>Naslage kamenca tvrde su nakupine<\/strong> primarno sastavljen od <strong>kalcijev karbonat (CaCO3)<\/strong> i \u010desto <strong>nakupljaju se u sustavima tople vode, cjevovodima i ure\u0111ajima.<\/strong><\/p>\n<p>Oni mogu<strong> zna\u010dajno pogor\u0161ati performanse<\/strong> raznih komponenti za vodovod i grijanje,<strong> \u0161to dovodi do smanjene u\u010dinkovitosti<\/strong> i <strong>ve\u0107i operativni tro\u0161kovi<\/strong> za va\u0161u opremu vezanu uz vodu, kao i vizualno neprivla\u010dne rezultate u kupaonici.<\/p>\n<blockquote>\n<p>The <strong>stupanj stvaranja kamenca<\/strong> odre\u0111uje tvrdo\u0107a vode. Odre\u0111ivanje tvrdo\u0107e vode: Je li moja voda meka ili tvrda?<\/p>\n<\/blockquote>\n<p>Tvrdo\u0107a vode ovisi o <strong>sadr\u017eaj spojeva kalcija i magnezija<\/strong>, nastaje kada se kalcij i magnezij spoje s otopljenim ugljikovim dioksidom u vodi.<\/p>\n<ol>\n<li>Meka voda: izme\u0111u 0 i 7 stupnjeva njema\u010dke tvrdo\u0107e (dH) \u2013 Kategorija tvrdo\u0107e I (0 do 1,3 milimola kalcijevog oksida po litri) smatra se mekom vodom.<\/li>\n<li>Tvrda voda: Izme\u0111u 14 i 21 stupnja dH \u2013 Kategorija tvrdo\u0107e III (2,5 do 3,8 milimola kalcijevog oksida po litri) kategorizirana je kao tvrda voda.<\/li>\n<\/ol>\n<\/div>\n<\/div>\n<\/div>\n<\/div>\n<\/div>\n<\/div>\n<\/div>\n<\/div>\n<\/div>\n<\/div>\n<\/div>\n<\/div>\n\t<div id=\"gap-1285328015\" class=\"gap-element clearfix\" style=\"display:block; height:auto;\">\n\t\t\n<style>\n#gap-1285328015 {\n  padding-top: 15px;\n}\n<\/style>\n\t<\/div>\n\t\n<div class=\"is-divider divider clearfix\" style=\"max-width:100%;height:1px;\"><\/div>\n<h3>\u0160to je biofilm?<\/h3>\n<p>A <strong><a href=\"https:\/\/en.wikipedia.org\/wiki\/Biofilm\" target=\"_blank\" rel=\"noopener sponsored\">biofilm<\/a> sastoji se od \u017eivih mikroorganizama<\/strong>, kao \u0161to su bakterije, koje se naseljavaju i mno\u017ee u koloniji ili zajednici.<\/p>\n<p>Do stvaranja biofilma dolazi kada <strong>odre\u0111eni mikroorganizmi<\/strong>, poput nekih vrsta bakterija, <strong>prianjaju uz povr\u0161inu predmeta<\/strong> u vla\u017enom okru\u017eenju i po\u010dinju se razmno\u017eavati.<\/p>\n<p>Ti se mikroorganizmi pri\u010dvr\u0161\u0107uju na povr\u0161inu predmeta <strong>lu\u010denje ljepljive, sluzave tvari.<\/strong><\/p>\n\t\t<\/div>\n\t\t\t\t\t<\/div>\n\n\t\n<\/div>\n<div class=\"row\"  id=\"row-906933116\">\n\n\t<div id=\"col-1873246752\" class=\"col small-12 large-12\"  >\n\t\t\t\t<div class=\"col-inner\"  >\n\t\t\t\n\t\t\t\n<div class=\"row row-large row-divided\"  id=\"row-1291594537\">\n\n\t<div id=\"col-266928126\" class=\"col medium-6 small-12 large-6\"  >\n\t\t\t\t<div class=\"col-inner\"  >\n\t\t\t\n\t\t\t\n<h3>\u0160to su legionele?<\/h3>\n<p><strong><a href=\"https:\/\/en.wikipedia.org\/wiki\/Legionella\" target=\"_blank\" rel=\"noopener sponsored\">Legionela<\/a> su bakterije<\/strong> koji mogu uzrokovati legionarsku bolest, te\u0161ku i <strong>potencijalno po \u017eivot opasan oblik upale plu\u0107a.<\/strong><\/p>\n<p>Prijenos od <strong>Legionarska bolest kod ljudi<\/strong> nastaje udisanjem sitnih kapljica vode (aerosola) koje lebde u zraku i sadr\u017ee bakterije Legionella. Do infekcije dolazi kada te kapljice vode u\u0111u u plu\u0107a.<\/p>\n<p>Legionella pneumophila bila je prva otkrivena velika i rastu\u0107a skupina srodnih bakterijskih vrsta, poznatih kao Legionellae. Danas se zna da ih ima <strong>48 vrsta i 70 podskupina.<\/strong><\/p>\n<p>Postoje razli\u010dita izvje\u0161\u0107a o prevalenciji legionele, ali jesu <strong>op\u0107enito se \u010de\u0161\u0107e nalaze u sustavima tople vode<\/strong>. Me\u0111utim, vjeruje se da je u\u010destalost legionele u toplovodnim sustavima smanjena posljednjih godina.<\/p>\n<p>O\u010dekuje se da \u0107e se broj nastaviti smanjivati kako svijest o problemu raste i kako se poduzimaju dodatne vodoinstalaterske mjere. To zna\u010di da su se poduzete mjere pokazale u\u010dinkovitima u smanjenju prisutnosti bakterija u vodi, a njihovo zanemarivanje smatra se nemarom.<\/p>\n\t\t<\/div>\n\t\t\t\t\n<style>\n#col-266928126 > .col-inner {\n  margin: 0px 0px -50px 0px;\n}\n<\/style>\n\t<\/div>\n\n\t\n\n\t<div id=\"col-773319305\" class=\"col medium-6 small-12 large-6\"  >\n\t\t\t\t<div class=\"col-inner\"  >\n\t\t\t\n\t\t\t\n<p><strong>Optimalni \u017eivotni uvjeti za legionelu su:<\/strong><\/p>\n<ul>\n<li>Nadopunjavanje slatkom vodom.<\/li>\n<li>Produljeno vrijeme boravka.<\/li>\n<li>Raspon temperature od 25\u00b0C do 50\u00b0C.<\/li>\n<\/ul>\n<p>U\u010dinci od<strong> razli\u010dita temperaturna podru\u010dja<\/strong> o proliferaciji legionele:<\/p>\n<div class=\"row\"  id=\"row-661401543\">\n\n\t<div id=\"col-1527395010\" class=\"col small-12 large-12\"  >\n\t\t\t\t<div class=\"col-inner\"  >\n\t\t\t\n\t\t\t\n<table style=\"border-collapse: collapse; width: 100%; height: 189px;\">\n<tbody>\n<tr style=\"height: 21px;\">\n<td style=\"width: 50%; height: 21px;\">Raspon temperature<\/td>\n<td style=\"width: 50%; height: 21px;\">Utjecaj na stopu reprodukcije<\/td>\n<\/tr>\n<tr style=\"height: 21px;\">\n<td style=\"width: 50%; height: 21px;\">do 20 \u00b0C<\/td>\n<td style=\"width: 50%; height: 21px;\">vrlo spora reprodukcija<\/td>\n<\/tr>\n<tr style=\"height: 21px;\">\n<td style=\"width: 50%; height: 21px;\">od 20 \u00b0C<\/td>\n<td style=\"width: 50%; height: 21px;\">Pove\u0107ava se stopa reprodukcije<\/td>\n<\/tr>\n<tr style=\"height: 21px;\">\n<td style=\"width: 50%; height: 21px;\">30 \u00b0C do 45 \u00b0C<\/td>\n<td style=\"width: 50%; height: 21px;\">Optimalno razmno\u017eavanje, udvostru\u010denje na 36 \u00b0C u samo oko 3 sata s dobrom opskrbom hranjivim tvarima, 22 \u2013 72 sata s malom opskrbom hranjivim tvarima.<\/td>\n<\/tr>\n<tr style=\"height: 21px;\">\n<td style=\"width: 50%; height: 21px;\">od 50 \u00b0C<\/td>\n<td style=\"width: 50%; height: 21px;\">jedva ikakva reprodukcija<\/td>\n<\/tr>\n<tr style=\"height: 21px;\">\n<td style=\"width: 50%; height: 21px;\">od 55 \u00b0C<\/td>\n<td style=\"width: 50%; height: 21px;\">Reprodukcija vi\u0161e nije mogu\u0107a, ubijen je nakon 6 sati<\/td>\n<\/tr>\n<tr style=\"height: 21px;\">\n<td style=\"width: 50%; height: 21px;\">od 60 \u00b0C<\/td>\n<td style=\"width: 50%; height: 21px;\">Uni\u0161tava legionelu unutar cca. 30 minuta<\/td>\n<\/tr>\n<tr style=\"height: 21px;\">\n<td style=\"width: 50%; height: 21px;\">od 65 \u00b0C<\/td>\n<td style=\"width: 50%; height: 21px;\">Ubijen u roku od 2 minute<\/td>\n<\/tr>\n<tr style=\"height: 21px;\">\n<td style=\"width: 50%; height: 21px;\">od 70 \u00b0C<\/td>\n<td style=\"width: 50%; height: 21px;\">Ubijen za nekoliko sekundi<\/td>\n<\/tr>\n<\/tbody>\n<\/table>\n\t\t<\/div>\n\t\t\t\t\n<style>\n#col-1527395010 > .col-inner {\n  margin: 0px 0px -60px 0px;\n}\n<\/style>\n\t<\/div>\n\n\t\n<\/div>\n<p><span style=\"font-size: 90%;\">(Izvor: <a href=\"https:\/\/de.wikipedia.org\/wiki\/Legionellen\" target=\"_blank\" rel=\"noopener sponsored\">https:\/\/de.wikipedia.org\/wiki\/Legionellen<\/a>)<\/span><\/p>\n\t\t<\/div>\n\t\t\t\t\n<style>\n#col-773319305 > .col-inner {\n  margin: 0px 0px -50px 0px;\n}\n<\/style>\n\t<\/div>\n\n\t\n<\/div>\n\t\t<\/div>\n\t\t\t\t\n<style>\n#col-1873246752 > .col-inner {\n  padding: 25px 25px 25px 25px;\n  margin: 0px 0px -30px 0px;\n}\n<\/style>\n\t<\/div>\n\n\t\n\n<style>\n#row-906933116 > .col > .col-inner {\n  background-color: rgba(0, 0, 0, 0.15);\n  border-radius: 10px;\n}\n<\/style>\n<\/div>\n\t\t<\/div>\n\t\t\t\t\t<\/div>\n\n\t\n<\/div>\n<div class=\"row\"  id=\"row-1234242019\">\n\n\t<div id=\"col-1935376277\" class=\"col small-12 large-12\"  >\n\t\t\t\t<div class=\"col-inner\" style=\"background-color:rgb(255,255,255);\" >\n\t\t\t\n\t<div class=\"is-border is-dashed\"\n\t\tstyle=\"border-color:rgba(85, 85, 85, 0.75);border-radius:10px;border-width:2px 2px 2px 2px;\">\n\t<\/div>\n\t\t\t\n<div class=\"row\"  id=\"row-908974666\">\n\n\t<div id=\"col-1463678467\" class=\"col medium-8 small-12 large-8\"  >\n\t\t\t\t<div class=\"col-inner\"  >\n\t\t\t\n\t\t\t\n<h3>Kakva je veza izme\u0111u naslaga kamenca, biofilma i legionele?<\/h3>\n<p>Na mjestima gdje<strong> naslage kamenca nastale su zbog talo\u017eenja minerala<\/strong> u tvrdoj vodi i njihovom prianjanju na povr\u0161ine stvara se optimalno tlo za razmno\u017eavanje bakterija.<\/p>\n<p>Glavni \u010dimbenici koji posebno pogoduju razvoju legionele su temperatura i dostupnost hranjivih tvari. <strong>Legionele najbolje uspijevaju na temperaturama izme\u0111u 20 i 45\u00b0C<\/strong>, a kada voda ostane stagnirati u ovom temperaturnom rasponu,<strong> bakterije se mogu brzo razmno\u017eavati.<\/strong><\/p>\n<p>U kombinaciji s prirodom bogatom mineralima <strong>novo stani\u0161te za bakterije, odnosno kamenac,<\/strong> koji slu\u017ei kao izvrstan izvor prehrane, problem se mo\u017ee dalje pro\u0161iriti.<\/p>\n<p>Kad su bakterije prisutne i mno\u017ee se, stvaraju biofilm. U prisutnosti kamenca i biofilma, koji su sada u okru\u017eenju koje im pru\u017ea <strong>idealni uvjeti i dovoljna prehrana,<\/strong> Legionela i druge bakterije mogu se razmno\u017eavati i rasti.<\/p>\n\t\t<\/div>\n\t\t\t\t\n<style>\n#col-1463678467 > .col-inner {\n  margin: 0px 0px -20px 0px;\n}\n<\/style>\n\t<\/div>\n\n\t\n\n\t<div id=\"col-1704348156\" class=\"col medium-4 small-12 large-4\"  >\n\t\t\t\t<div class=\"col-inner\"  >\n\t\t\t\n\t\t\t\n\t<div class=\"img has-hover radius10 x md-x lg-x y md-y lg-y\" id=\"image_1198129441\" data-no-translation=\"\">\n\t\t\t\t\t\t\t\t<div class=\"img-inner dark\" >\n\t\t\t<img decoding=\"async\" width=\"600\" height=\"600\" src=\"https:\/\/ecoturbino.world\/wp-content\/uploads\/2024\/01\/legionella-wikipedia_600.webp\" class=\"attachment-original size-original\" alt=\"Legionella, wikipedia\" srcset=\"https:\/\/ecoturbino.world\/wp-content\/uploads\/2024\/01\/legionella-wikipedia_600.webp 600w, https:\/\/ecoturbino.world\/wp-content\/uploads\/2024\/01\/legionella-wikipedia_600-500x500.webp 500w, https:\/\/ecoturbino.world\/wp-content\/uploads\/2024\/01\/legionella-wikipedia_600-32x32.webp 32w, https:\/\/ecoturbino.world\/wp-content\/uploads\/2024\/01\/legionella-wikipedia_600-48x48.webp 48w, https:\/\/ecoturbino.world\/wp-content\/uploads\/2024\/01\/legionella-wikipedia_600-80x80.webp 80w, https:\/\/ecoturbino.world\/wp-content\/uploads\/2024\/01\/legionella-wikipedia_600-180x180.webp 180w\" sizes=\"(max-width: 600px) 100vw, 600px\" \/>\t\t\t\t\t\t\n\t\t\t\t\t<\/div>\n\t\t\t\t\t\t\t\t\n<style>\n#image_1198129441 {\n  width: 100%;\n}\n<\/style>\n\t<\/div>\n\t\n\t\t<\/div>\n\t\t\t\t\n<style>\n#col-1704348156 > .col-inner {\n  margin: 5px 0px -20px 0px;\n}\n<\/style>\n\t<\/div>\n\n\t\n<\/div>\n\t\t<\/div>\n\t\t\t\t\n<style>\n#col-1935376277 > .col-inner {\n  padding: 15px 20px 10px 30px;\n  margin: 0px 0px -100px 0px;\n  border-radius: 10px;\n}\n@media (min-width:550px) {\n  #col-1935376277 > .col-inner {\n    margin: 0px 0px -120px 0px;\n  }\n}\n<\/style>\n\t<\/div>\n\n\t\n<\/div>\n\t\t<\/div>\n\n\t\t\n<style>\n#section_884486436 {\n  padding-top: 30px;\n  padding-bottom: 30px;\n}\n<\/style>\n\t<\/section>\n\t\n\n\t<section class=\"section\" id=\"section_1098886355\">\n\t\t<div class=\"section-bg fill\" >\n\t\t\t<img decoding=\"async\" width=\"1920\" height=\"683\" src=\"https:\/\/ecoturbino.world\/wp-content\/uploads\/2025\/12\/ecoturbino-function_1920-1.webp\" class=\"bg attachment- size-\" alt=\"funkcija ekoturbina\" \/>\t\t\t\t\t\t<div class=\"section-bg-overlay absolute fill\"><\/div>\n\t\t\t\n\n\t\t<\/div>\n\n\t\t\t<div class=\"ux-shape-divider ux-shape-divider--top ux-shape-divider--style-waves-opacity\">\n\t\t<svg viewbox=\"0 0 1000 300\" xmlns=\"http:\/\/www.w3.org\/2000\/svg\" preserveaspectratio=\"none\">\n    <path class=\"ux-shape-fill\" d=\"M0 300L-1 69.71C216 57 299.47 198.86 403 226C506 253 577 196 660 197C740 198 790.09 234.07 874 267C935.23 291 982 282.61 1000 277.61V300H0Z\"\/>\n    <path class=\"ux-shape-fill\" opacity=\"0.5\" d=\"M1 265.094L0 50.5C217 37.79 300.47 186.36 404 213.5C507 240.5 578 196.5 661 197.5C741 198.5 787.59 239.57 871.5 272.5C932.73 296.5 980.5 284.5 998.5 279.5V298.5L1 265.094Z\"\/>\n    <path class=\"ux-shape-fill\" opacity=\"0.15\" d=\"M0.999878 244.094L-0.00012207 27C217 14.29 300.47 173.86 404 201C507 228 578 196 661 197C741 198 787.59 243.07 871.5 276C932.73 300 980.5 284.5 998.5 279.5V299L0.999878 244.094Z\"\/>\n<\/svg>\n\n\t<\/div>\n\n\n\t\t<div class=\"section-content relative\">\n\t\t\t\n\t\t<\/div>\n\n\t\t\n<style>\n#section_1098886355 {\n  padding-top: 125px;\n  padding-bottom: 125px;\n}\n#section_1098886355 .section-bg-overlay {\n  background-color: rgba(0, 0, 0, 0.25);\n}\n#section_1098886355 .ux-shape-divider--top svg {\n  height: 80px;\n  --divider-top-width: 100%;\n}\n@media (min-width:550px) {\n  #section_1098886355 {\n    padding-top: 220px;\n    padding-bottom: 220px;\n  }\n  #section_1098886355 .ux-shape-divider--top svg {\n    height: 124px;\n  }\n}\n<\/style>\n\t<\/section>","protected":false},"excerpt":{"rendered":"","protected":false},"author":2,"featured_media":1841,"parent":0,"menu_order":0,"comment_status":"closed","ping_status":"closed","template":"page-blank.php","meta":{"inline_featured_image":false,"footnotes":""},"class_list":["post-1652","page","type-page","status-publish","has-post-thumbnail","hentry"],"_links":{"self":[{"href":"https:\/\/ecoturbino.world\/hr\/wp-json\/wp\/v2\/pages\/1652","targetHints":{"allow":["GET"]}}],"collection":[{"href":"https:\/\/ecoturbino.world\/hr\/wp-json\/wp\/v2\/pages"}],"about":[{"href":"https:\/\/ecoturbino.world\/hr\/wp-json\/wp\/v2\/types\/page"}],"author":[{"embeddable":true,"href":"https:\/\/ecoturbino.world\/hr\/wp-json\/wp\/v2\/users\/2"}],"replies":[{"embeddable":true,"href":"https:\/\/ecoturbino.world\/hr\/wp-json\/wp\/v2\/comments?post=1652"}],"version-history":[{"count":0,"href":"https:\/\/ecoturbino.world\/hr\/wp-json\/wp\/v2\/pages\/1652\/revisions"}],"wp:featuredmedia":[{"embeddable":true,"href":"https:\/\/ecoturbino.world\/hr\/wp-json\/wp\/v2\/media\/1841"}],"wp:attachment":[{"href":"https:\/\/ecoturbino.world\/hr\/wp-json\/wp\/v2\/media?parent=1652"}],"curies":[{"name":"wp","href":"https:\/\/api.w.org\/{rel}","templated":true}]}}