{"id":1220,"date":"2024-01-01T12:13:14","date_gmt":"2024-01-01T11:13:14","guid":{"rendered":"https:\/\/ecoturbino.eu\/?page_id=1220"},"modified":"2025-12-29T22:45:57","modified_gmt":"2025-12-29T21:45:57","slug":"utjecaj-7","status":"publish","type":"page","link":"https:\/\/ecoturbino.world\/hr\/impact-7\/","title":{"rendered":"Turbulentna voda \u2013 revitalizira vodu"},"content":{"rendered":"<section class=\"section zindex1\" id=\"section_788337485\">\n\t\t<div class=\"section-bg fill\" >\n\t\t\t\t\t\t\t\t\t\n\t\t\t\n\n\t\t<\/div>\n\n\t\t\n\n\t\t<div class=\"section-content relative\">\n\t\t\t\n<div class=\"row row-small\"  id=\"row-1854645203\">\n\n\t<div id=\"col-1120550712\" class=\"col medium-9 small-12 large-9\"  >\n\t\t\t\t<div class=\"col-inner\"  >\n\t\t\t\n\t\t\t\n<h1 class=\"uppercase\">Turbulentna voda \u2013 daje energiju vodi<\/h1>\n<h3 class=\"thin-font\">sedmi utjecaj ecoturbino\u00ae watersaving sustava za za\u0161titu okoli\u0161a<\/h3>\n<div class=\"row\"  id=\"row-516479734\">\n\n\t<div id=\"col-1260030527\" class=\"col medium-11 small-12 large-11\"  >\n\t\t\t\t<div class=\"col-inner\"  >\n\t\t\t\n\t\t\t\n\t<div id=\"stack-990545683\" class=\"stack stack-row justify-start items-start\">\n\t\t\n\t<div class=\"img has-hover x md-x lg-x y md-y lg-y\" id=\"image_2043074533\">\n\t\t<a class=\"\" href=\"\/hr\/utjecaj-1\/\" >\t\t\t\t\t\t<div class=\"img-inner image-color dark\" >\n\t\t\t<img decoding=\"async\" width=\"100\" height=\"100\" src=\"https:\/\/ecoturbino.world\/wp-content\/uploads\/2024\/01\/impact1.svg\" class=\"attachment-original size-original\" alt=\"\" \/>\t\t\t\t\t\t\n\t\t\t\t\t<\/div>\n\t\t\t\t\t\t<\/a>\t\t\n<style>\n#image_2043074533 {\n  width: 100%;\n}\n<\/style>\n\t<\/div>\n\t\n\t<div class=\"img has-hover x md-x lg-x y md-y lg-y\" id=\"image_1730147688\">\n\t\t<a class=\"\" href=\"\/hr\/utjecaj-2\/\" >\t\t\t\t\t\t<div class=\"img-inner image-color dark\" >\n\t\t\t<img decoding=\"async\" width=\"100\" height=\"100\" src=\"https:\/\/ecoturbino.world\/wp-content\/uploads\/2024\/01\/impact2.svg\" class=\"attachment-original size-original\" alt=\"\" \/>\t\t\t\t\t\t\n\t\t\t\t\t<\/div>\n\t\t\t\t\t\t<\/a>\t\t\n<style>\n#image_1730147688 {\n  width: 100%;\n}\n<\/style>\n\t<\/div>\n\t\n\t<div class=\"img has-hover x md-x lg-x y md-y lg-y\" id=\"image_953014148\">\n\t\t<a class=\"\" href=\"\/hr\/utjecaj-3\/\" >\t\t\t\t\t\t<div class=\"img-inner image-color dark\" >\n\t\t\t<img decoding=\"async\" width=\"100\" height=\"100\" src=\"https:\/\/ecoturbino.world\/wp-content\/uploads\/2024\/01\/impact3.svg\" class=\"attachment-original size-original\" alt=\"Utjecaj 3 ekoturbina\" \/>\t\t\t\t\t\t\n\t\t\t\t\t<\/div>\n\t\t\t\t\t\t<\/a>\t\t\n<style>\n#image_953014148 {\n  width: 100%;\n}\n<\/style>\n\t<\/div>\n\t\n\t<div class=\"img has-hover x md-x lg-x y md-y lg-y\" id=\"image_1433428714\">\n\t\t<a class=\"\" href=\"\/hr\/utjecaj-4\/\" >\t\t\t\t\t\t<div class=\"img-inner image-color dark\" >\n\t\t\t<img decoding=\"async\" width=\"100\" height=\"100\" src=\"https:\/\/ecoturbino.world\/wp-content\/uploads\/2024\/01\/impact4.svg\" class=\"attachment-original size-original\" alt=\"Utjecaj 4 ekoturbina\" \/>\t\t\t\t\t\t\n\t\t\t\t\t<\/div>\n\t\t\t\t\t\t<\/a>\t\t\n<style>\n#image_1433428714 {\n  width: 100%;\n}\n<\/style>\n\t<\/div>\n\t\n\t<div class=\"img has-hover x md-x lg-x y md-y lg-y\" id=\"image_968619610\">\n\t\t<a class=\"\" href=\"\/hr\/utjecaj-5\/\" >\t\t\t\t\t\t<div class=\"img-inner image-color dark\" >\n\t\t\t<img decoding=\"async\" width=\"100\" height=\"100\" src=\"https:\/\/ecoturbino.world\/wp-content\/uploads\/2024\/01\/impact5.svg\" class=\"attachment-original size-original\" alt=\"\" \/>\t\t\t\t\t\t\n\t\t\t\t\t<\/div>\n\t\t\t\t\t\t<\/a>\t\t\n<style>\n#image_968619610 {\n  width: 100%;\n}\n<\/style>\n\t<\/div>\n\t\n\t<div class=\"img has-hover x md-x lg-x y md-y lg-y\" id=\"image_1645916642\">\n\t\t<a class=\"\" href=\"\/hr\/utjecaj-6\/\" >\t\t\t\t\t\t<div class=\"img-inner image-color dark\" >\n\t\t\t<img decoding=\"async\" width=\"100\" height=\"100\" src=\"https:\/\/ecoturbino.world\/wp-content\/uploads\/2024\/01\/impact6.svg\" class=\"attachment-original size-original\" alt=\"Utjecaj 6 ekoturbina\" \/>\t\t\t\t\t\t\n\t\t\t\t\t<\/div>\n\t\t\t\t\t\t<\/a>\t\t\n<style>\n#image_1645916642 {\n  width: 100%;\n}\n<\/style>\n\t<\/div>\n\t\n\t<div class=\"img has-hover x md-x lg-x y md-y lg-y\" id=\"image_1147995424\">\n\t\t\t\t\t\t\t\t<div class=\"img-inner dark\" >\n\t\t\t<img decoding=\"async\" width=\"100\" height=\"100\" src=\"https:\/\/ecoturbino.world\/wp-content\/uploads\/2024\/01\/impact7.svg\" class=\"attachment-original size-original\" alt=\"Utjecaj 7 ekoturbina\" \/>\t\t\t\t\t\t\n\t\t\t\t\t<\/div>\n\t\t\t\t\t\t\t\t\n<style>\n#image_1147995424 {\n  width: 100%;\n}\n<\/style>\n\t<\/div>\n\t\n\t\t\n<style>\n#stack-990545683 > * {\n  --stack-gap: 0.5rem;\n}\n@media (min-width:550px) {\n  #stack-990545683 > * {\n    --stack-gap: 1rem;\n  }\n}\n<\/style>\n\t<\/div>\n\t\n\t\t<\/div>\n\t\t\t\t\t<\/div>\n\n\t\n<\/div>\n\t\t<\/div>\n\t\t\t\t\t<\/div>\n\n\t\n\n\t<div id=\"col-125129539\" class=\"col medium-3 small-12 large-3\"  >\n\t\t\t\t<div class=\"col-inner\"  >\n\t\t\t\n\t\t\t\n\t<div class=\"img has-hover x md-x lg-x y md-y lg-y\" id=\"image_1205477917\">\n\t\t\t\t\t\t\t\t<div class=\"img-inner dark\" >\n\t\t\t<img decoding=\"async\" width=\"100\" height=\"100\" src=\"https:\/\/ecoturbino.world\/wp-content\/uploads\/2024\/01\/impact7.svg\" class=\"attachment-original size-original\" alt=\"Utjecaj 7 ekoturbina\" \/>\t\t\t\t\t\t\n\t\t\t\t\t<\/div>\n\t\t\t\t\t\t\t\t\n<style>\n#image_1205477917 {\n  width: 100%;\n}\n<\/style>\n\t<\/div>\n\t\n\t\t<\/div>\n\t\t\t\t\t<\/div>\n\n\t\n<\/div>\n<div class=\"row\"  id=\"row-1727388132\">\n\n\t<div id=\"col-1934855320\" class=\"col small-12 large-12\"  >\n\t\t\t\t<div class=\"col-inner\"  >\n\t\t\t\n\t\t\t\n<div class=\"is-divider divider clearfix\" style=\"max-width:100%;height:1px;\"><\/div>\n<h2><span style=\"font-size: 120%;\">Uzburkana voda pod tu\u0161em zahvaljuju\u0107i ecoturbino | Kako zrak revitalizira vodeni tok<\/span><\/h2>\n<p>The <strong>jutarnje tu\u0161iranje je klju\u010dni trenutak<\/strong> za mnoge ljude<strong> zapo\u010dnite dan svje\u017ei i puni energije<\/strong>. Okrepljuju\u0107i vodeni tok mo\u017ee u\u010diniti \u010duda i probuditi osjetila.<\/p>\n<p>ecoturbino ide korak dalje kako bi pobolj\u0161ao ovo iskustvo tu\u0161iranja<strong> generiraju\u0107i <a href=\"https:\/\/en.wikipedia.org\/wiki\/Turbulence\" target=\"_blank\" rel=\"noopener sponsored\">turbulentan<\/a> voda.<\/strong> Ali kako to zapravo funkcionira? Odgovor le\u017ei u pametnom <strong>uvo\u0111enje zraka u vodeni tok<\/strong>, \u0161to rezultira revitaliziraju\u0107im i u\u010dinkovitim iskustvom tu\u0161iranja.<\/p>\n<h3>Uloga zraka u tu\u0161u<\/h3>\n<p>Zrak igra klju\u010dnu ulogu u pobolj\u0161anju iskustva tu\u0161iranja. Kada se uvede u tok vode, to <strong>stvara sitne mjehuri\u0107e zraka koji uzburkavaju vodu, daju\u0107i vi\u0161e volumena i strukture.<\/strong> To dovodi do turbulentnog vodenog toka koji nudi<strong> ve\u0107a u\u010dinkovitost i ugodnije iskustvo tu\u0161iranja.<\/strong><\/p>\n<h3>Inovativna tehnologija ecoturbina<\/h3>\n<p>ecoturbino to koristi <strong>zra\u010dna tehnologija za pobolj\u0161anje toka vode.<\/strong> Tehnologija se temelji na posebnom su\u017eavanju popre\u010dnog presjeka koji <strong>ubrzava protok vode<\/strong> dok uvla\u010di zrak. Taj se zrak zatim mije\u0161a s vodom, stvaraju\u0107i dinami\u010dan i okrepljuju\u0107i tok.<\/p>\n\t<div id=\"gap-1564317182\" class=\"gap-element clearfix\" style=\"display:block; height:auto;\">\n\t\t\n<style>\n#gap-1564317182 {\n  padding-top: 30px;\n}\n<\/style>\n\t<\/div>\n\t\n<div class=\"row\"  id=\"row-1468982645\">\n\n\t<div id=\"col-428054946\" class=\"col medium-4 small-12 large-4\"  >\n\t\t\t\t<div class=\"col-inner\"  >\n\t\t\t\n\t\t\t\n\t<div class=\"img has-hover radius10 x md-x lg-x y md-y lg-y\" id=\"image_1727172148\">\n\t\t\t\t\t\t\t\t<div class=\"img-inner dark\" >\n\t\t\t<img decoding=\"async\" width=\"600\" height=\"600\" src=\"https:\/\/ecoturbino.world\/wp-content\/uploads\/2024\/01\/air-water_600.webp\" class=\"attachment-original size-original\" alt=\"Simbol zraka i vode\" srcset=\"https:\/\/ecoturbino.world\/wp-content\/uploads\/2024\/01\/air-water_600.webp 600w, https:\/\/ecoturbino.world\/wp-content\/uploads\/2024\/01\/air-water_600-500x500.webp 500w, https:\/\/ecoturbino.world\/wp-content\/uploads\/2024\/01\/air-water_600-32x32.webp 32w, https:\/\/ecoturbino.world\/wp-content\/uploads\/2024\/01\/air-water_600-48x48.webp 48w, https:\/\/ecoturbino.world\/wp-content\/uploads\/2024\/01\/air-water_600-80x80.webp 80w, https:\/\/ecoturbino.world\/wp-content\/uploads\/2024\/01\/air-water_600-180x180.webp 180w\" sizes=\"(max-width: 600px) 100vw, 600px\" \/>\t\t\t\t\t\t\n\t\t\t\t\t<\/div>\n\t\t\t\t\t\t\t\t\n<style>\n#image_1727172148 {\n  width: 100%;\n}\n<\/style>\n\t<\/div>\n\t\n\t\t<\/div>\n\t\t\t\t\t<\/div>\n\n\t\n\n\t<div id=\"col-987848022\" class=\"col medium-8 small-12 large-8\"  >\n\t\t\t\t<div class=\"col-inner\"  >\n\t\t\t\n\t\t\t\n<h3>Prednosti turbulentne vode pod tu\u0161em<\/h3>\n<ul>\n<li><strong>U\u010dinkovitije \u010di\u0161\u0107enje:<\/strong> Turbulentni mlaz vode mo\u017ee u\u010dinkovito ukloniti prljav\u0161tinu i sapun s ko\u017ee i kose, \u0161to rezultira temeljitijim \u010di\u0161\u0107enjem i boljim iskustvom tu\u0161iranja.<\/li>\n<li><strong>U\u0161teda vode:<\/strong> Dodavanjem zraka ecoturbino mo\u017ee pove\u0107ati tlak vode bez ve\u0107e potro\u0161nje vode. To omogu\u0107uje ugodno iskustvo tu\u0161iranja uz smanjenu potro\u0161nju vode.<\/li>\n<li><strong>U\u0161teda energije:<\/strong> Budu\u0107i da je potrebno zagrijati manje vode da bi se dobila topla voda za tu\u0161iranje, ecoturbino tako\u0111er dovodi do u\u0161tede energije i ni\u017eih tro\u0161kova energije.<\/li>\n<li><strong>Pobolj\u0161ana udobnost tu\u0161iranja:<\/strong> Turbulentniji tok vode iz ecoturbina djeluje sna\u017enije i ugodnije, \u0161to dovodi do pobolj\u0161ane udobnosti tu\u0161iranja.<\/li>\n<li><strong><a href=\"https:\/\/ecoturbino.world\/hr\/utjecaj-5\/\">Ekolo\u0161ki<\/a> prijateljski:<\/strong> Smanjena potro\u0161nja vode i energije zna\u010di manji pritisak na okoli\u0161 i smanjenu emisiju CO2.<\/li>\n<\/ul>\n\t\t<\/div>\n\t\t\t\t\t<\/div>\n\n\t\n<\/div>\n\t<div id=\"gap-330383168\" class=\"gap-element clearfix\" style=\"display:block; height:auto;\">\n\t\t\n<style>\n#gap-330383168 {\n  padding-top: 30px;\n}\n<\/style>\n\t<\/div>\n\t\n<div class=\"row\"  id=\"row-2099307669\">\n\n\t<div id=\"col-1043248928\" class=\"col medium-6 small-12 large-6\"  >\n\t\t\t\t<div class=\"col-inner\"  >\n\t\t\t\n\t\t\t\n<h3>Ugradnja ecoturbina<\/h3>\n<p>Instalacija ecoturbina ne mo\u017ee biti lak\u0161a. Obi\u010dno dolazi sa standardnim navojem od \u00bd in\u010da, koji je prisutan u ve\u0107ini tu\u0161eva.<\/p>\n<p>Ovo omogu\u0107uje <strong>brza i nekomplicirana monta\u017ea bez potrebe za posebnim alatima<\/strong> odnosno stru\u010dnosti. U samo nekoliko minuta svatko mo\u017ee u\u017eivati u blagodatima turbulentnog vodotoka.<\/p>\n\t\t<\/div>\n\t\t\t\t\t<\/div>\n\n\t\n\n\t<div id=\"col-1117043562\" class=\"col medium-6 small-12 large-6\"  >\n\t\t\t\t<div class=\"col-inner\" style=\"background-color:#c0d63d;\" >\n\t\t\t\n\t\t\t\n\t<div id=\"text-4195903598\" class=\"text\">\n\t\t\n<h4 class=\"uppercase\">ZAKLJU\u010cAK<\/h4>\n\t\t\n<style>\n#text-4195903598 {\n  font-size: 2rem;\n  text-align: right;\n  color: rgb(255,255,255);\n}\n#text-4195903598 > * {\n  color: rgb(255,255,255);\n}\n@media (min-width:550px) {\n  #text-4195903598 {\n    font-size: 3.5rem;\n  }\n}\n<\/style>\n\t<\/div>\n\t\n<h3>Osna\u017euju\u0107e iskustvo tu\u0161iranja zahvaljuju\u0107i ecoturbinu<\/h3>\n<blockquote>\n<p>ecoturbino nudi inovativno rje\u0161enje za stvaranje turbulentne vode pod tu\u0161em i u\u017eivanje u blagodatima okrepljuju\u0107eg mlaza vode.<\/p>\n<\/blockquote>\n<p>Uvo\u0111enje zraka u struju vode omogu\u0107uje da se <strong>tu\u0161irajte se u\u010dinkovitije, \u0161tedite vodu i energiju,<\/strong> i <strong>pobolj\u0161ati udobnost tu\u0161iranja<\/strong>t.<\/p>\n<p>Zahvaljuju\u0107i jednostavnoj instalaciji, svatko mo\u017ee iskoristiti prednosti ecoturbina i podi\u0107i svoje iskustvo jutarnjeg tu\u0161iranja na novu razinu.<\/p>\n\t\t<\/div>\n\t\t\t\t\n<style>\n#col-1117043562 > .col-inner {\n  padding: 10px 20px 1px 25px;\n  border-radius: 10px;\n}\n<\/style>\n\t<\/div>\n\n\t\n<\/div>\n\t\t<\/div>\n\t\t\t\t\n<style>\n#col-1934855320 > .col-inner {\n  margin: 0px 0px -125px 0px;\n}\n@media (min-width:550px) {\n  #col-1934855320 > .col-inner {\n    margin: 0px 0px -200px 0px;\n  }\n}\n<\/style>\n\t<\/div>\n\n\t\n<\/div>\n\t\t<\/div>\n\n\t\t\n<style>\n#section_788337485 {\n  padding-top: 30px;\n  padding-bottom: 30px;\n}\n<\/style>\n\t<\/section>\n\t\n\n\t<section class=\"section\" id=\"section_1581281148\">\n\t\t<div class=\"section-bg fill\" >\n\t\t\t<img decoding=\"async\" width=\"1920\" height=\"683\" src=\"https:\/\/ecoturbino.world\/wp-content\/uploads\/2025\/12\/ecoturbino-function_1920-1.webp\" class=\"bg attachment- size-\" alt=\"funkcija ekoturbina\" \/>\t\t\t\t\t\t<div class=\"section-bg-overlay absolute fill\"><\/div>\n\t\t\t\n\n\t\t<\/div>\n\n\t\t\t<div class=\"ux-shape-divider ux-shape-divider--top ux-shape-divider--style-waves-opacity\">\n\t\t<svg viewbox=\"0 0 1000 300\" xmlns=\"http:\/\/www.w3.org\/2000\/svg\" preserveaspectratio=\"none\">\n    <path class=\"ux-shape-fill\" d=\"M0 300L-1 69.71C216 57 299.47 198.86 403 226C506 253 577 196 660 197C740 198 790.09 234.07 874 267C935.23 291 982 282.61 1000 277.61V300H0Z\"\/>\n    <path class=\"ux-shape-fill\" opacity=\"0.5\" d=\"M1 265.094L0 50.5C217 37.79 300.47 186.36 404 213.5C507 240.5 578 196.5 661 197.5C741 198.5 787.59 239.57 871.5 272.5C932.73 296.5 980.5 284.5 998.5 279.5V298.5L1 265.094Z\"\/>\n    <path class=\"ux-shape-fill\" opacity=\"0.15\" d=\"M0.999878 244.094L-0.00012207 27C217 14.29 300.47 173.86 404 201C507 228 578 196 661 197C741 198 787.59 243.07 871.5 276C932.73 300 980.5 284.5 998.5 279.5V299L0.999878 244.094Z\"\/>\n<\/svg>\n\n\t<\/div>\n\n\n\t\t<div class=\"section-content relative\">\n\t\t\t\n\t\t<\/div>\n\n\t\t\n<style>\n#section_1581281148 {\n  padding-top: 125px;\n  padding-bottom: 125px;\n}\n#section_1581281148 .section-bg-overlay {\n  background-color: rgba(0, 0, 0, 0.25);\n}\n#section_1581281148 .ux-shape-divider--top svg {\n  height: 80px;\n  --divider-top-width: 100%;\n}\n@media (min-width:550px) {\n  #section_1581281148 {\n    padding-top: 300px;\n    padding-bottom: 300px;\n  }\n  #section_1581281148 .ux-shape-divider--top svg {\n    height: 124px;\n  }\n}\n<\/style>\n\t<\/section>","protected":false},"excerpt":{"rendered":"","protected":false},"author":2,"featured_media":1698,"parent":0,"menu_order":0,"comment_status":"closed","ping_status":"closed","template":"page-blank.php","meta":{"inline_featured_image":false,"footnotes":""},"class_list":["post-1220","page","type-page","status-publish","has-post-thumbnail","hentry"],"_links":{"self":[{"href":"https:\/\/ecoturbino.world\/hr\/wp-json\/wp\/v2\/pages\/1220","targetHints":{"allow":["GET"]}}],"collection":[{"href":"https:\/\/ecoturbino.world\/hr\/wp-json\/wp\/v2\/pages"}],"about":[{"href":"https:\/\/ecoturbino.world\/hr\/wp-json\/wp\/v2\/types\/page"}],"author":[{"embeddable":true,"href":"https:\/\/ecoturbino.world\/hr\/wp-json\/wp\/v2\/users\/2"}],"replies":[{"embeddable":true,"href":"https:\/\/ecoturbino.world\/hr\/wp-json\/wp\/v2\/comments?post=1220"}],"version-history":[{"count":0,"href":"https:\/\/ecoturbino.world\/hr\/wp-json\/wp\/v2\/pages\/1220\/revisions"}],"wp:featuredmedia":[{"embeddable":true,"href":"https:\/\/ecoturbino.world\/hr\/wp-json\/wp\/v2\/media\/1698"}],"wp:attachment":[{"href":"https:\/\/ecoturbino.world\/hr\/wp-json\/wp\/v2\/media?parent=1220"}],"curies":[{"name":"wp","href":"https:\/\/api.w.org\/{rel}","templated":true}]}}