{"id":1215,"date":"2024-01-01T12:07:15","date_gmt":"2024-01-01T11:07:15","guid":{"rendered":"https:\/\/ecoturbino.eu\/?page_id=1215"},"modified":"2025-12-29T22:45:35","modified_gmt":"2025-12-29T21:45:35","slug":"utjecaj-6","status":"publish","type":"page","link":"https:\/\/ecoturbino.world\/hr\/impact-6\/","title":{"rendered":"Absolutely maintenance-free and retrofitable in all showers &#8211; can be installed by anyone"},"content":{"rendered":"<section class=\"section zindex1\" id=\"section_2002242397\">\n\t\t<div class=\"section-bg fill\" >\n\t\t\t\t\t\t\t\t\t\n\t\t\t\n\n\t\t<\/div>\n\n\t\t\n\n\t\t<div class=\"section-content relative\">\n\t\t\t\n<div class=\"row row-small\"  id=\"row-1157315096\">\n\n\t<div id=\"col-865242097\" class=\"col medium-9 small-12 large-9\"  >\n\t\t\t\t<div class=\"col-inner\"  >\n\t\t\t\n\t\t\t\n<h2 class=\"uppercase\">Apsolutno bez odr\u017eavanja i naknadne ugradnje u sve tu\u0161eve \u2013 svatko mo\u017ee ugraditi<\/h2>\n<h3 class=\"thin-font\">\u0161esti utjecaj ecoturbino\u00ae watersaving sustava za za\u0161titu okoli\u0161a<\/h3>\n<div class=\"row\"  id=\"row-1879085938\">\n\n\t<div id=\"col-734552211\" class=\"col medium-11 small-12 large-11\"  >\n\t\t\t\t<div class=\"col-inner\"  >\n\t\t\t\n\t\t\t\n\t<div id=\"stack-1283653492\" class=\"stack stack-row justify-start items-start\">\n\t\t\n\t<div class=\"img has-hover x md-x lg-x y md-y lg-y\" id=\"image_1982408670\">\n\t\t<a class=\"\" href=\"\/hr\/utjecaj-1\/\" >\t\t\t\t\t\t<div class=\"img-inner image-color dark\" >\n\t\t\t<img decoding=\"async\" width=\"100\" height=\"100\" src=\"https:\/\/ecoturbino.world\/wp-content\/uploads\/2024\/01\/impact1.svg\" class=\"attachment-original size-original\" alt=\"\" \/>\t\t\t\t\t\t\n\t\t\t\t\t<\/div>\n\t\t\t\t\t\t<\/a>\t\t\n<style>\n#image_1982408670 {\n  width: 100%;\n}\n<\/style>\n\t<\/div>\n\t\n\t<div class=\"img has-hover x md-x lg-x y md-y lg-y\" id=\"image_1458018991\">\n\t\t<a class=\"\" href=\"\/hr\/utjecaj-2\/\" >\t\t\t\t\t\t<div class=\"img-inner image-color dark\" >\n\t\t\t<img decoding=\"async\" width=\"100\" height=\"100\" src=\"https:\/\/ecoturbino.world\/wp-content\/uploads\/2024\/01\/impact2.svg\" class=\"attachment-original size-original\" alt=\"\" \/>\t\t\t\t\t\t\n\t\t\t\t\t<\/div>\n\t\t\t\t\t\t<\/a>\t\t\n<style>\n#image_1458018991 {\n  width: 100%;\n}\n<\/style>\n\t<\/div>\n\t\n\t<div class=\"img has-hover x md-x lg-x y md-y lg-y\" id=\"image_339078056\">\n\t\t<a class=\"\" href=\"\/hr\/utjecaj-3\/\" >\t\t\t\t\t\t<div class=\"img-inner image-color dark\" >\n\t\t\t<img decoding=\"async\" width=\"100\" height=\"100\" src=\"https:\/\/ecoturbino.world\/wp-content\/uploads\/2024\/01\/impact3.svg\" class=\"attachment-original size-original\" alt=\"Utjecaj 3 ekoturbina\" \/>\t\t\t\t\t\t\n\t\t\t\t\t<\/div>\n\t\t\t\t\t\t<\/a>\t\t\n<style>\n#image_339078056 {\n  width: 100%;\n}\n<\/style>\n\t<\/div>\n\t\n\t<div class=\"img has-hover x md-x lg-x y md-y lg-y\" id=\"image_1242054296\">\n\t\t<a class=\"\" href=\"\/hr\/utjecaj-4\/\" >\t\t\t\t\t\t<div class=\"img-inner image-color dark\" >\n\t\t\t<img decoding=\"async\" width=\"100\" height=\"100\" src=\"https:\/\/ecoturbino.world\/wp-content\/uploads\/2024\/01\/impact4.svg\" class=\"attachment-original size-original\" alt=\"Utjecaj 4 ekoturbina\" \/>\t\t\t\t\t\t\n\t\t\t\t\t<\/div>\n\t\t\t\t\t\t<\/a>\t\t\n<style>\n#image_1242054296 {\n  width: 100%;\n}\n<\/style>\n\t<\/div>\n\t\n\t<div class=\"img has-hover x md-x lg-x y md-y lg-y\" id=\"image_1774573399\">\n\t\t<a class=\"\" href=\"\/hr\/utjecaj-5\/\" >\t\t\t\t\t\t<div class=\"img-inner image-color dark\" >\n\t\t\t<img decoding=\"async\" width=\"100\" height=\"100\" src=\"https:\/\/ecoturbino.world\/wp-content\/uploads\/2024\/01\/impact5.svg\" class=\"attachment-original size-original\" alt=\"\" \/>\t\t\t\t\t\t\n\t\t\t\t\t<\/div>\n\t\t\t\t\t\t<\/a>\t\t\n<style>\n#image_1774573399 {\n  width: 100%;\n}\n<\/style>\n\t<\/div>\n\t\n\t<div class=\"img has-hover x md-x lg-x y md-y lg-y\" id=\"image_978087361\">\n\t\t\t\t\t\t\t\t<div class=\"img-inner dark\" >\n\t\t\t<img decoding=\"async\" width=\"100\" height=\"100\" src=\"https:\/\/ecoturbino.world\/wp-content\/uploads\/2024\/01\/impact6.svg\" class=\"attachment-original size-original\" alt=\"Utjecaj 6 ekoturbina\" \/>\t\t\t\t\t\t\n\t\t\t\t\t<\/div>\n\t\t\t\t\t\t\t\t\n<style>\n#image_978087361 {\n  width: 100%;\n}\n<\/style>\n\t<\/div>\n\t\n\t<div class=\"img has-hover x md-x lg-x y md-y lg-y\" id=\"image_592872255\">\n\t\t<a class=\"\" href=\"\/hr\/utjecaj-7\/\" >\t\t\t\t\t\t<div class=\"img-inner image-color dark\" >\n\t\t\t<img decoding=\"async\" width=\"100\" height=\"100\" src=\"https:\/\/ecoturbino.world\/wp-content\/uploads\/2024\/01\/impact7.svg\" class=\"attachment-original size-original\" alt=\"Utjecaj 7 ekoturbina\" \/>\t\t\t\t\t\t\n\t\t\t\t\t<\/div>\n\t\t\t\t\t\t<\/a>\t\t\n<style>\n#image_592872255 {\n  width: 100%;\n}\n<\/style>\n\t<\/div>\n\t\n\t\t\n<style>\n#stack-1283653492 > * {\n  --stack-gap: 0.5rem;\n}\n@media (min-width:550px) {\n  #stack-1283653492 > * {\n    --stack-gap: 1rem;\n  }\n}\n<\/style>\n\t<\/div>\n\t\n\t\t<\/div>\n\t\t\t\t\t<\/div>\n\n\t\n<\/div>\n\t\t<\/div>\n\t\t\t\t\t<\/div>\n\n\t\n\n\t<div id=\"col-809608497\" class=\"col medium-3 small-12 large-3\"  >\n\t\t\t\t<div class=\"col-inner\"  >\n\t\t\t\n\t\t\t\n\t<div class=\"img has-hover x md-x lg-x y md-y lg-y\" id=\"image_829785178\">\n\t\t\t\t\t\t\t\t<div class=\"img-inner dark\" >\n\t\t\t<img decoding=\"async\" width=\"100\" height=\"100\" src=\"https:\/\/ecoturbino.world\/wp-content\/uploads\/2024\/01\/impact6.svg\" class=\"attachment-original size-original\" alt=\"Utjecaj 6 ekoturbina\" \/>\t\t\t\t\t\t\n\t\t\t\t\t<\/div>\n\t\t\t\t\t\t\t\t\n<style>\n#image_829785178 {\n  width: 100%;\n}\n<\/style>\n\t<\/div>\n\t\n\t\t<\/div>\n\t\t\t\t\t<\/div>\n\n\t\n<\/div>\n<div class=\"row\"  id=\"row-1088689974\">\n\n\t<div id=\"col-1029838225\" class=\"col small-12 large-12\"  >\n\t\t\t\t<div class=\"col-inner\"  >\n\t\t\t\n\t\t\t\n<div class=\"is-divider divider clearfix\" style=\"max-width:100%;height:1px;\"><\/div>\n<h3><span style=\"font-size: 120%;\">Jednostavna u\u0161teda energije | <a href=\"https:\/\/en.ecoturbino.shop\/details\/\" target=\"_blank\" rel=\"noopener\">ekoturbino<\/a> \u2013 Jednostavan za postavljanje i prikladan za svakoga<\/span><\/h3>\n<p>U vremenu kada <strong>o\u010duvanje energije i za\u0161tita okoli\u0161a postaju sve va\u017eniji,<\/strong> mnogi ljudi tra\u017ee na\u010dine da <strong>smanjiti njihovu potro\u0161nju energije<\/strong> i <strong>smanjiti svoj ekolo\u0161ki otisak.<\/strong><\/p>\n<p>Me\u0111utim, \u010desto se susre\u0107u s problemom koji mnogi <strong>proizvodi koji \u0161tede energiju su komplicirani<\/strong> i zahtijevaju profesionalnu instalaciju. Ali ne mora biti tako. Uz ecoturbino, u\u0161teda energije postaje dje\u010dja igra.<\/p>\n<p>Ovaj <strong>inovativni austrijski proizvod<\/strong> mo\u017ee biti <strong>instalirati bilo tko bez prethodnog znanja<\/strong> ili stru\u010dnost, i uklapa se u svaki tu\u0161. Spreman je za kori\u0161tenje za samo tri minute i ne zahtijeva alate niti slo\u017eenu instalaciju.<\/p>\n<h3>Za\u0161to je ecoturbino tako jednostavan za ugradnju?<\/h3>\n<p>Ecoturbino je dizajniran da napravi<strong> instalacija \u0161to jednostavnija<\/strong>. Ne zahtijeva komplicirane alate niti posebno znanje. Razlog tome je standardni navoj od \u00bd in\u010da koji je prisutan u ve\u0107ini vodovodnih priklju\u010daka na mije\u0161alici za toplu vodu tu\u0161a.<\/p>\n<p>Ovaj standardni navoj omogu\u0107uje jednostavno i sigurno pri\u010dvr\u0161\u0107ivanje ecoturbina bez potrebe za dodatnim pode\u0161avanjem ili preinakama.<\/p>\n\t<div id=\"gap-1832622102\" class=\"gap-element clearfix\" style=\"display:block; height:auto;\">\n\t\t\n<style>\n#gap-1832622102 {\n  padding-top: 30px;\n}\n<\/style>\n\t<\/div>\n\t\n<div class=\"row\"  id=\"row-1411838377\">\n\n\t<div id=\"col-476573717\" class=\"col medium-4 small-12 large-4\"  >\n\t\t\t\t<div class=\"col-inner\"  >\n\t\t\t\n\t\t\t\n\t<div class=\"img has-hover radius10 x md-x lg-x y md-y lg-y\" id=\"image_710617452\">\n\t\t\t\t\t\t\t\t<div class=\"img-inner dark\" >\n\t\t\t<img decoding=\"async\" width=\"600\" height=\"600\" src=\"https:\/\/ecoturbino.world\/wp-content\/uploads\/2024\/01\/tools-shower_600.webp\" class=\"attachment-original size-original\" alt=\"Simbol alata za tu\u0161iranje\" srcset=\"https:\/\/ecoturbino.world\/wp-content\/uploads\/2024\/01\/tools-shower_600.webp 600w, https:\/\/ecoturbino.world\/wp-content\/uploads\/2024\/01\/tools-shower_600-500x500.webp 500w, https:\/\/ecoturbino.world\/wp-content\/uploads\/2024\/01\/tools-shower_600-32x32.webp 32w, https:\/\/ecoturbino.world\/wp-content\/uploads\/2024\/01\/tools-shower_600-48x48.webp 48w, https:\/\/ecoturbino.world\/wp-content\/uploads\/2024\/01\/tools-shower_600-80x80.webp 80w, https:\/\/ecoturbino.world\/wp-content\/uploads\/2024\/01\/tools-shower_600-180x180.webp 180w\" sizes=\"(max-width: 600px) 100vw, 600px\" \/>\t\t\t\t\t\t\n\t\t\t\t\t<\/div>\n\t\t\t\t\t\t\t\t\n<style>\n#image_710617452 {\n  width: 100%;\n}\n<\/style>\n\t<\/div>\n\t\n\t\t<\/div>\n\t\t\t\t\t<\/div>\n\n\t\n\n\t<div id=\"col-1912070511\" class=\"col medium-8 small-12 large-8\"  >\n\t\t\t\t<div class=\"col-inner\"  >\n\t\t\t\n\t\t\t\n<h3>Jednostavan postupak instalacije ecoturbina<\/h3>\n<p>Instalacija ecoturbina ne mo\u017ee biti lak\u0161a. Evo detalja o koracima:<\/p>\n<ol>\n<li><strong>priprema:<\/strong> Provjerite ima li crijevo za tu\u0161iranje <strong>Standardni navoj od \u00bd in\u010da<\/strong> (\u0161to je svjetski standard). To je slu\u010daj u ve\u0107ini tu\u0161eva.<\/li>\n<li><strong>Uklonite crijevo za tu\u0161iranje:<\/strong> Odvijte ga okretanjem u smjeru kazaljke na satu.<\/li>\n<li><strong>Prilo\u017eite ecoturbino:<\/strong> Jednostavno zavrnite ecoturbino na standardni navoj od \u00bd in\u010da na mije\u0161alici, okre\u0107u\u0107i ga u smjeru kazaljke na satu dok se \u010dvrsto ne pri\u010dvrsti.<\/li>\n<li>Sada pri\u010dvrstite crijevo za vodu na ecoturbino \u2013 Gotovo! Va\u0161 ecoturbino je sada spreman za upotrebu. Nisu potrebni daljnji koraci.<\/li>\n<\/ol>\n\t\t<\/div>\n\t\t\t\t\t<\/div>\n\n\t\n<\/div>\n\t<div id=\"gap-318732756\" class=\"gap-element clearfix\" style=\"display:block; height:auto;\">\n\t\t\n<style>\n#gap-318732756 {\n  padding-top: 30px;\n}\n<\/style>\n\t<\/div>\n\t\n<div class=\"row\"  id=\"row-1112021120\">\n\n\t<div id=\"col-597832191\" class=\"col medium-6 small-12 large-6\"  >\n\t\t\t\t<div class=\"col-inner\"  >\n\t\t\t\n\t\t\t\n<h3>Nije potrebno predznanje niti stru\u010dnost<\/h3>\n<p>Najbolja stvar kod ecoturbina je to \u0161to je <strong>pogodan za svakoga<\/strong>. Ne trebate nikakvo predznanje niti stru\u010dnost u vodoinstalacijama. Standardni navoj i jednostavno pri\u010dvr\u0161\u0107ivanje \u010dine instalaciju jednostavnom.<\/p>\n<blockquote>\n<p>To je sjajan na\u010din za u\u0161tedu energije i vode bez potrebe da brinete o slo\u017eenosti instalacije.<\/p>\n<\/blockquote>\n\t\t<\/div>\n\t\t\t\t\t<\/div>\n\n\t\n\n\t<div id=\"col-1812745371\" class=\"col medium-6 small-12 large-6\"  >\n\t\t\t\t<div class=\"col-inner\" style=\"background-color:#c0d63d;\" >\n\t\t\t\n\t\t\t\n\t<div id=\"text-1041774628\" class=\"text\">\n\t\t\n<h4 class=\"uppercase\">ZAKLJU\u010cAK<\/h4>\n\t\t\n<style>\n#text-1041774628 {\n  font-size: 2rem;\n  text-align: right;\n  color: rgb(255,255,255);\n}\n#text-1041774628 > * {\n  color: rgb(255,255,255);\n}\n@media (min-width:550px) {\n  #text-1041774628 {\n    font-size: 3.5rem;\n  }\n}\n<\/style>\n\t<\/div>\n\t\n<h3>Velike prednosti ecoturbina<\/h3>\n<p>Ecoturbino ne samo da nudi jednostavnu instalaciju, ve\u0107 i niz prednosti koje <strong>u\u010diniti isplativom investicijom<\/strong>:<\/p>\n<ul>\n<li><strong><a href=\"https:\/\/ecoturbino.world\/hr\/eu-vlada-slatkom-vodom\/\">U\u0161teda vode<\/a>:<\/strong> Ecoturbino smanjuje potro\u0161nju vode tijekom tu\u0161iranja za 40 posto. Ovo ne samo da \u0161tedi vodu, ve\u0107 i smanjuje tro\u0161kove proizvodnje i odlaganja vode.<\/li>\n<li><strong>U\u0161teda energije:<\/strong> Budu\u0107i da je potrebno zagrijati manje vode da bi se dobila topla voda za tu\u0161iranje, ecoturbino tako\u0111er dovodi do zna\u010dajnih u\u0161teda energije i ni\u017eih tro\u0161kova energije.<\/li>\n<li><strong>Ekolo\u0161ki prihvatljivo:<\/strong> Smanjena potro\u0161nja vode i energije doprinosi o\u010duvanju okoli\u0161a i smanjenju emisije CO2.<\/li>\n<li><strong>Brzi povrat:<\/strong> U\u0161tede na tro\u0161kovima vode i energije brzo \u010dine ulaganje u ecoturbino isplativim.<\/li>\n<li><strong>Pobolj\u0161ana udobnost tu\u0161iranja:<\/strong> Unato\u010d smanjenoj potro\u0161nji vode, ecoturbino i dalje pru\u017ea sna\u017ean i ugodan do\u017eivljaj tu\u0161iranja. Mlaz vode ostaje robustan i ugodan.<\/li>\n<\/ul>\n<blockquote>\n<p>Op\u0107enito, ecoturbino je jednostavan i <strong>isplativ na\u010din za u\u0161tedu energije i vode bez \u017ertvovanja udobnosti tu\u0161iranja.<\/strong> Svatko ga mo\u017ee instalirati i iskoristiti brojne prednosti koje nudi. To je obostrano rje\u0161enje za va\u0161 nov\u010danik i okoli\u0161.<\/p>\n<\/blockquote>\n\t\t<\/div>\n\t\t\t\t\n<style>\n#col-1812745371 > .col-inner {\n  padding: 10px 20px 1px 20px;\n  border-radius: 10px;\n}\n<\/style>\n\t<\/div>\n\n\t\n<\/div>\n\t\t<\/div>\n\t\t\t\t\n<style>\n#col-1029838225 > .col-inner {\n  margin: 0px 0px -125px 0px;\n}\n@media (min-width:550px) {\n  #col-1029838225 > .col-inner {\n    margin: 0px 0px -200px 0px;\n  }\n}\n<\/style>\n\t<\/div>\n\n\t\n<\/div>\n\t\t<\/div>\n\n\t\t\n<style>\n#section_2002242397 {\n  padding-top: 30px;\n  padding-bottom: 30px;\n}\n<\/style>\n\t<\/section>\n\t\n\n\t<section class=\"section\" id=\"section_2078011498\">\n\t\t<div class=\"section-bg fill\" >\n\t\t\t<img decoding=\"async\" width=\"1920\" height=\"683\" src=\"https:\/\/ecoturbino.world\/wp-content\/uploads\/2025\/12\/ecoturbino-function_1920-1.webp\" class=\"bg attachment- size-\" alt=\"funkcija ekoturbina\" \/>\t\t\t\t\t\t<div class=\"section-bg-overlay absolute fill\"><\/div>\n\t\t\t\n\n\t\t<\/div>\n\n\t\t\t<div class=\"ux-shape-divider ux-shape-divider--top ux-shape-divider--style-waves-opacity\">\n\t\t<svg viewbox=\"0 0 1000 300\" xmlns=\"http:\/\/www.w3.org\/2000\/svg\" preserveaspectratio=\"none\">\n    <path class=\"ux-shape-fill\" d=\"M0 300L-1 69.71C216 57 299.47 198.86 403 226C506 253 577 196 660 197C740 198 790.09 234.07 874 267C935.23 291 982 282.61 1000 277.61V300H0Z\"\/>\n    <path class=\"ux-shape-fill\" opacity=\"0.5\" d=\"M1 265.094L0 50.5C217 37.79 300.47 186.36 404 213.5C507 240.5 578 196.5 661 197.5C741 198.5 787.59 239.57 871.5 272.5C932.73 296.5 980.5 284.5 998.5 279.5V298.5L1 265.094Z\"\/>\n    <path class=\"ux-shape-fill\" opacity=\"0.15\" d=\"M0.999878 244.094L-0.00012207 27C217 14.29 300.47 173.86 404 201C507 228 578 196 661 197C741 198 787.59 243.07 871.5 276C932.73 300 980.5 284.5 998.5 279.5V299L0.999878 244.094Z\"\/>\n<\/svg>\n\n\t<\/div>\n\n\n\t\t<div class=\"section-content relative\">\n\t\t\t\n\t\t<\/div>\n\n\t\t\n<style>\n#section_2078011498 {\n  padding-top: 125px;\n  padding-bottom: 125px;\n}\n#section_2078011498 .section-bg-overlay {\n  background-color: rgba(0, 0, 0, 0.25);\n}\n#section_2078011498 .ux-shape-divider--top svg {\n  height: 80px;\n  --divider-top-width: 100%;\n}\n@media (min-width:550px) {\n  #section_2078011498 {\n    padding-top: 200px;\n    padding-bottom: 200px;\n  }\n  #section_2078011498 .ux-shape-divider--top svg {\n    height: 124px;\n  }\n}\n<\/style>\n\t<\/section>","protected":false},"excerpt":{"rendered":"","protected":false},"author":2,"featured_media":1685,"parent":0,"menu_order":0,"comment_status":"closed","ping_status":"closed","template":"page-blank.php","meta":{"inline_featured_image":false,"footnotes":""},"class_list":["post-1215","page","type-page","status-publish","has-post-thumbnail","hentry"],"_links":{"self":[{"href":"https:\/\/ecoturbino.world\/hr\/wp-json\/wp\/v2\/pages\/1215","targetHints":{"allow":["GET"]}}],"collection":[{"href":"https:\/\/ecoturbino.world\/hr\/wp-json\/wp\/v2\/pages"}],"about":[{"href":"https:\/\/ecoturbino.world\/hr\/wp-json\/wp\/v2\/types\/page"}],"author":[{"embeddable":true,"href":"https:\/\/ecoturbino.world\/hr\/wp-json\/wp\/v2\/users\/2"}],"replies":[{"embeddable":true,"href":"https:\/\/ecoturbino.world\/hr\/wp-json\/wp\/v2\/comments?post=1215"}],"version-history":[{"count":0,"href":"https:\/\/ecoturbino.world\/hr\/wp-json\/wp\/v2\/pages\/1215\/revisions"}],"wp:featuredmedia":[{"embeddable":true,"href":"https:\/\/ecoturbino.world\/hr\/wp-json\/wp\/v2\/media\/1685"}],"wp:attachment":[{"href":"https:\/\/ecoturbino.world\/hr\/wp-json\/wp\/v2\/media?parent=1215"}],"curies":[{"name":"wp","href":"https:\/\/api.w.org\/{rel}","templated":true}]}}