{"id":1212,"date":"2024-01-01T12:02:37","date_gmt":"2024-01-01T11:02:37","guid":{"rendered":"https:\/\/ecoturbino.eu\/?page_id=1212"},"modified":"2025-12-29T22:45:10","modified_gmt":"2025-12-29T21:45:10","slug":"utjecaj-5","status":"publish","type":"page","link":"https:\/\/ecoturbino.world\/hr\/impact-5\/","title":{"rendered":"Kori\u0161tenje zemlje uz o\u010duvanje resursa"},"content":{"rendered":"<section class=\"section zindex1\" id=\"section_811508634\">\n\t\t<div class=\"section-bg fill\" >\n\t\t\t\t\t\t\t\t\t\n\t\t\t\n\n\t\t<\/div>\n\n\t\t\n\n\t\t<div class=\"section-content relative\">\n\t\t\t\n<div class=\"row row-small\"  id=\"row-1920086763\">\n\n\t<div id=\"col-671879154\" class=\"col medium-9 small-12 large-9\"  >\n\t\t\t\t<div class=\"col-inner\"  >\n\t\t\t\n\t\t\t\n<h1 class=\"uppercase\">Tretman Zemlje za o\u010duvanje resursa<\/h1>\n<h3 class=\"thin-font\">peti utjecaj ecoturbino\u00ae watersaving sustava za za\u0161titu okoli\u0161a<\/h3>\n<div class=\"row\"  id=\"row-217640040\">\n\n\t<div id=\"col-427951187\" class=\"col medium-11 small-12 large-11\"  >\n\t\t\t\t<div class=\"col-inner\"  >\n\t\t\t\n\t\t\t\n\t<div id=\"stack-1454606450\" class=\"stack stack-row justify-start items-start\">\n\t\t\n\t<div class=\"img has-hover x md-x lg-x y md-y lg-y\" id=\"image_1922539179\">\n\t\t<a class=\"\" href=\"\/hr\/utjecaj-1\/\" >\t\t\t\t\t\t<div class=\"img-inner image-color dark\" >\n\t\t\t<img decoding=\"async\" width=\"100\" height=\"100\" src=\"https:\/\/ecoturbino.world\/wp-content\/uploads\/2024\/01\/impact1.svg\" class=\"attachment-original size-original\" alt=\"\" \/>\t\t\t\t\t\t\n\t\t\t\t\t<\/div>\n\t\t\t\t\t\t<\/a>\t\t\n<style>\n#image_1922539179 {\n  width: 100%;\n}\n<\/style>\n\t<\/div>\n\t\n\t<div class=\"img has-hover x md-x lg-x y md-y lg-y\" id=\"image_457083084\">\n\t\t<a class=\"\" href=\"\/hr\/utjecaj-2\/\" >\t\t\t\t\t\t<div class=\"img-inner image-color dark\" >\n\t\t\t<img decoding=\"async\" width=\"100\" height=\"100\" src=\"https:\/\/ecoturbino.world\/wp-content\/uploads\/2024\/01\/impact2.svg\" class=\"attachment-original size-original\" alt=\"\" \/>\t\t\t\t\t\t\n\t\t\t\t\t<\/div>\n\t\t\t\t\t\t<\/a>\t\t\n<style>\n#image_457083084 {\n  width: 100%;\n}\n<\/style>\n\t<\/div>\n\t\n\t<div class=\"img has-hover x md-x lg-x y md-y lg-y\" id=\"image_2017243789\">\n\t\t<a class=\"\" href=\"\/hr\/utjecaj-3\/\" >\t\t\t\t\t\t<div class=\"img-inner image-color dark\" >\n\t\t\t<img decoding=\"async\" width=\"100\" height=\"100\" src=\"https:\/\/ecoturbino.world\/wp-content\/uploads\/2024\/01\/impact3.svg\" class=\"attachment-original size-original\" alt=\"Utjecaj 3 ekoturbina\" \/>\t\t\t\t\t\t\n\t\t\t\t\t<\/div>\n\t\t\t\t\t\t<\/a>\t\t\n<style>\n#image_2017243789 {\n  width: 100%;\n}\n<\/style>\n\t<\/div>\n\t\n\t<div class=\"img has-hover x md-x lg-x y md-y lg-y\" id=\"image_1315076011\">\n\t\t<a class=\"\" href=\"\/hr\/utjecaj-4\/\" >\t\t\t\t\t\t<div class=\"img-inner image-color dark\" >\n\t\t\t<img decoding=\"async\" width=\"100\" height=\"100\" src=\"https:\/\/ecoturbino.world\/wp-content\/uploads\/2024\/01\/impact4.svg\" class=\"attachment-original size-original\" alt=\"Utjecaj 4 ekoturbina\" \/>\t\t\t\t\t\t\n\t\t\t\t\t<\/div>\n\t\t\t\t\t\t<\/a>\t\t\n<style>\n#image_1315076011 {\n  width: 100%;\n}\n<\/style>\n\t<\/div>\n\t\n\t<div class=\"img has-hover x md-x lg-x y md-y lg-y\" id=\"image_350524159\">\n\t\t\t\t\t\t\t\t<div class=\"img-inner dark\" >\n\t\t\t<img decoding=\"async\" width=\"100\" height=\"100\" src=\"https:\/\/ecoturbino.world\/wp-content\/uploads\/2024\/01\/impact5.svg\" class=\"attachment-original size-original\" alt=\"\" \/>\t\t\t\t\t\t\n\t\t\t\t\t<\/div>\n\t\t\t\t\t\t\t\t\n<style>\n#image_350524159 {\n  width: 100%;\n}\n<\/style>\n\t<\/div>\n\t\n\t<div class=\"img has-hover x md-x lg-x y md-y lg-y\" id=\"image_1527320327\">\n\t\t<a class=\"\" href=\"\/hr\/utjecaj-6\/\" >\t\t\t\t\t\t<div class=\"img-inner image-color dark\" >\n\t\t\t<img decoding=\"async\" width=\"100\" height=\"100\" src=\"https:\/\/ecoturbino.world\/wp-content\/uploads\/2024\/01\/impact6.svg\" class=\"attachment-original size-original\" alt=\"Utjecaj 6 ekoturbina\" \/>\t\t\t\t\t\t\n\t\t\t\t\t<\/div>\n\t\t\t\t\t\t<\/a>\t\t\n<style>\n#image_1527320327 {\n  width: 100%;\n}\n<\/style>\n\t<\/div>\n\t\n\t<div class=\"img has-hover x md-x lg-x y md-y lg-y\" id=\"image_37560015\">\n\t\t<a class=\"\" href=\"\/hr\/utjecaj-7\/\" >\t\t\t\t\t\t<div class=\"img-inner image-color dark\" >\n\t\t\t<img decoding=\"async\" width=\"100\" height=\"100\" src=\"https:\/\/ecoturbino.world\/wp-content\/uploads\/2024\/01\/impact7.svg\" class=\"attachment-original size-original\" alt=\"Utjecaj 7 ekoturbina\" \/>\t\t\t\t\t\t\n\t\t\t\t\t<\/div>\n\t\t\t\t\t\t<\/a>\t\t\n<style>\n#image_37560015 {\n  width: 100%;\n}\n<\/style>\n\t<\/div>\n\t\n\t\t\n<style>\n#stack-1454606450 > * {\n  --stack-gap: 0.5rem;\n}\n@media (min-width:550px) {\n  #stack-1454606450 > * {\n    --stack-gap: 1rem;\n  }\n}\n<\/style>\n\t<\/div>\n\t\n\t\t<\/div>\n\t\t\t\t\t<\/div>\n\n\t\n<\/div>\n\t\t<\/div>\n\t\t\t\t\t<\/div>\n\n\t\n\n\t<div id=\"col-1289770353\" class=\"col medium-3 small-12 large-3\"  >\n\t\t\t\t<div class=\"col-inner\"  >\n\t\t\t\n\t\t\t\n\t<div class=\"img has-hover x md-x lg-x y md-y lg-y\" id=\"image_1208772308\">\n\t\t\t\t\t\t\t\t<div class=\"img-inner dark\" >\n\t\t\t<img decoding=\"async\" width=\"100\" height=\"100\" src=\"https:\/\/ecoturbino.world\/wp-content\/uploads\/2024\/01\/impact5.svg\" class=\"attachment-original size-original\" alt=\"\" \/>\t\t\t\t\t\t\n\t\t\t\t\t<\/div>\n\t\t\t\t\t\t\t\t\n<style>\n#image_1208772308 {\n  width: 100%;\n}\n<\/style>\n\t<\/div>\n\t\n\t\t<\/div>\n\t\t\t\t\t<\/div>\n\n\t\n<\/div>\n<div class=\"row\"  id=\"row-546153307\">\n\n\t<div id=\"col-26810486\" class=\"col small-12 large-12\"  >\n\t\t\t\t<div class=\"col-inner\"  >\n\t\t\t\n\t\t\t\n<div class=\"is-divider divider clearfix\" style=\"max-width:100%;height:1px;\"><\/div>\n<h2><span style=\"font-size: 120%;\">U\u0161teda vode, tro\u0161kova energije i otpadnih voda za sve | Zna\u010daj ecoturbino\u00ae<\/span><\/h2>\n<p>Evo, dodatno smanjujemo potro\u0161nju vode tijekom pljuskova u Europi! Podaci slijede!<\/p>\n<p><strong>Na\u0161 svijet postaje sve su\u0161niji<\/strong>, sa <strong>cijene vode i energije stalno rastu<\/strong>, a tro\u0161kovi postrojenja za pro\u010di\u0161\u0107avanje otpadnih voda tako\u0111er rastu. Suo\u010deni s tim izazovima, bitno je u\u010dinkovitije koristiti resurse i djelovati odr\u017eivo.<\/p>\n<blockquote>\n<p>Jedan od naizgled bezna\u010dajnih ali <strong>nonetheless rastro\u0161ne navike je tu\u0161iranje<\/strong>. U\u017eivamo u kratkom susretu s toplom vodom, ali nakon toga ta voda postaje topla otpadna voda koja se jednostavno ispire u odvod.<\/p>\n<\/blockquote>\n<p>Ovo je a <strong><a href=\"https:\/\/ecoturbino.world\/hr\/eu-vlada-slatkom-vodom\/\">besmisleno rasipanje dragocjene vode<\/a> i energije<\/strong> te je u suprotnosti s na\u010delima odr\u017eivosti i za\u0161tite okoli\u0161a. Ovdje je <strong>revolucionarna tehnologija ecoturbina<\/strong> dolazi u obzir, omogu\u0107uju\u0107i svima da<strong> u\u0161tedite 40 posto potro\u0161nje vode<\/strong> tijekom tu\u0161iranja i odmah smanjiti tro\u0161kove.<\/p>\n<h3>Pitanje o <strong>gubitak vode i energije tijekom tu\u0161iranja<\/strong><\/h3>\n<p><strong>Tu\u0161iranje<\/strong> jedna je od na\u0161ih svakodnevnih navika pri \u010demu \u010desto ne razmi\u0161ljamo o njezinu utjecaju na okoli\u0161. U\u017eivamo u toploj vodi koja te\u010de preko na\u0161e ko\u017ee, zaboravljaju\u0107i da je to ograni\u010den resurs.<\/p>\n<p>Problem po\u010dinje kada <strong>iskori\u0161tena voda za tu\u0161iranje odlazi u kanalizaciju kao topla otpadna voda.<\/strong> Za grijanje vode potrebna je energija, \u010desto iz neobnovljivih izvora, \u0161to uzrokuje tro\u0161kove.<\/p>\n<p>Nadalje, ure\u0111aji za pro\u010di\u0161\u0107avanje otpadnih voda moraju <strong>preraditi ovu otpadnu vodu, dodaju\u0107i dodatne tro\u0161kove<\/strong>. Nagli skok tro\u0161kova otpadnih voda.<\/p>\n\t<div id=\"gap-1650638039\" class=\"gap-element clearfix\" style=\"display:block; height:auto;\">\n\t\t\n<style>\n#gap-1650638039 {\n  padding-top: 30px;\n}\n<\/style>\n\t<\/div>\n\t\n<div class=\"row\"  id=\"row-572275965\">\n\n\t<div id=\"col-1779727732\" class=\"col medium-4 small-12 large-4\"  >\n\t\t\t\t<div class=\"col-inner\"  >\n\t\t\t\n\t\t\t\n\t<div class=\"img has-hover radius10 x md-x lg-x y md-y lg-y\" id=\"image_911772032\">\n\t\t\t\t\t\t\t\t<div class=\"img-inner dark\" >\n\t\t\t<img decoding=\"async\" width=\"600\" height=\"600\" src=\"https:\/\/ecoturbino.world\/wp-content\/uploads\/2024\/01\/water-saving-environment-costs_600.webp\" class=\"attachment-original size-original\" alt=\"Simbol za\u0161tite okoli\u0161a koji \u0161tedi vodu\" srcset=\"https:\/\/ecoturbino.world\/wp-content\/uploads\/2024\/01\/water-saving-environment-costs_600.webp 600w, https:\/\/ecoturbino.world\/wp-content\/uploads\/2024\/01\/water-saving-environment-costs_600-500x500.webp 500w, https:\/\/ecoturbino.world\/wp-content\/uploads\/2024\/01\/water-saving-environment-costs_600-32x32.webp 32w, https:\/\/ecoturbino.world\/wp-content\/uploads\/2024\/01\/water-saving-environment-costs_600-48x48.webp 48w, https:\/\/ecoturbino.world\/wp-content\/uploads\/2024\/01\/water-saving-environment-costs_600-80x80.webp 80w, https:\/\/ecoturbino.world\/wp-content\/uploads\/2024\/01\/water-saving-environment-costs_600-180x180.webp 180w\" sizes=\"(max-width: 600px) 100vw, 600px\" \/>\t\t\t\t\t\t\n\t\t\t\t\t<\/div>\n\t\t\t\t\t\t\t\t\n<style>\n#image_911772032 {\n  width: 100%;\n}\n<\/style>\n\t<\/div>\n\t\n\t\t<\/div>\n\t\t\t\t\t<\/div>\n\n\t\n\n\t<div id=\"col-52283755\" class=\"col medium-8 small-12 large-8\"  >\n\t\t\t\t<div class=\"col-inner\"  >\n\t\t\t\n\t\t\t\n<h3>Rje\u0161enje: ecoturbino<\/h3>\n<p>ecoturbino nudi jednostavno i u\u010dinkovito rje\u0161enje za ovaj problem. Tehnologija je razvijena za smanjenje<strong> potro\u0161nja vode tijekom tu\u0161iranja za nevjerojatnih 40 posto<\/strong> a da korisnici ne moraju \u017ertvovati udobnost tu\u0161iranja. Evo nekih prednosti koje ecoturbino nudi svima:<\/p>\n<ul>\n<li><strong>Smanjenje tro\u0161kova:<\/strong> ecoturbino svima omogu\u0107uje zna\u010dajno smanjenje tro\u0161kova vode i energije. Smanjenjem potro\u0161nje vode potrebno je grijati manje vode, \u0161to dovodi do ni\u017eih tro\u0161kova energije. Ni\u017ei tro\u0161kovi vode daju dodatnu financijsku prednost.<\/li>\n<li><strong>Ekolo\u0161ki prihvatljivo:<\/strong> Smanjenjem potro\u0161nje vode i u\u0161tedom energije ecoturbino doprinosi za\u0161titi okoli\u0161a. Poma\u017ee smanjiti potro\u0161nju vode i smanjiti emisiju CO2, pridonose\u0107i o\u010duvanju okoli\u0161a.<\/li>\n<li><strong>Kratko razdoblje povrata:<\/strong> Tro\u0161kovi nabave ecoturbina su niski, a u\u0161tede u tro\u0161kovima vode i energije vra\u0107aju investiciju u kratkom vremenu. To je ekonomski razumna odluka za tvrtke, hotele, obitelji, klubove, bolnice, stara\u010dke domove i mnoge druge.<\/li>\n<li><strong>Bez kompromisa u u\u017eitku tu\u0161iranja:<\/strong> Unato\u010d smanjenoj potro\u0161nji vode, ecoturbino nastavlja pru\u017eati ugodno i opu\u0161taju\u0107e iskustvo tu\u0161iranja. Mlaz vode ostaje sna\u017ean i ugodan bez ugro\u017eavanja kvalitete tu\u0161iranja.<\/li>\n<\/ul>\n\t\t<\/div>\n\t\t\t\t\t<\/div>\n\n\t\n<\/div>\n\t<div id=\"gap-1005034403\" class=\"gap-element clearfix\" style=\"display:block; height:auto;\">\n\t\t\n<style>\n#gap-1005034403 {\n  padding-top: 30px;\n}\n<\/style>\n\t<\/div>\n\t\n<div class=\"row\"  id=\"row-619808325\">\n\n\t<div id=\"col-2105372149\" class=\"col medium-6 small-12 large-6\"  >\n\t\t\t\t<div class=\"col-inner\"  >\n\t\t\t\n\t\t\t\n<h3>Dodatne prednosti ecoturbina<\/h3>\n<p>ecoturbino nudi dodatne prednosti osim u\u0161tede tro\u0161kova. Poma\u017ee u o\u010duvanju opskrbe vodom i <strong>smanjiti optere\u0107enje ure\u0111aja za pro\u010di\u0161\u0107avanje otpadnih voda<\/strong>. Ovo je posebno va\u017eno u vremenima kada nesta\u0161ica vode i utjecaji na okoli\u0161 postaju sve prisutniji.<\/p>\n\t\t<\/div>\n\t\t\t\t\t<\/div>\n\n\t\n\n\t<div id=\"col-514097675\" class=\"col medium-6 small-12 large-6\"  >\n\t\t\t\t<div class=\"col-inner\" style=\"background-color:#c0d63d;\" >\n\t\t\t\n\t\t\t\n\t<div id=\"text-4168731358\" class=\"text\">\n\t\t\n<h4 class=\"uppercase\">ZAKLJU\u010cAK<\/h4>\n\t\t\n<style>\n#text-4168731358 {\n  font-size: 2rem;\n  text-align: right;\n  color: rgb(255, 255, 255);\n}\n#text-4168731358 > * {\n  color: rgb(255, 255, 255);\n}\n@media (min-width:550px) {\n  #text-4168731358 {\n    font-size: 3.5rem;\n  }\n}\n<\/style>\n\t<\/div>\n\t\n<h3>ecoturbino \u2013 Pobjeda za sve, <a href=\"https:\/\/www.google.com\/aclk?sa=l&amp;ai=DChcSEwizlIz2qdWDAxXtm1oFHdKnCJEYABAAGgJ2dQ&amp;ase=2&amp;gclid=Cj0KCQiAwP6sBhDAARIsAPfK_watGz1qAKakOF_2c21Sq6uC66UaUaL18vzWqCx2GV9fPAC4TGya1OQaAgj9EALw_wcB&amp;ei=1t2fZZTQN4yJ9u8PsZifyAM&amp;sig=AOD64_3tZ_HBVO8lhe659upTWIB85jM_VA&amp;q&amp;sqi=2&amp;nis=4&amp;adurl&amp;ved=2ahUKEwiUk4L2qdWDAxWMhP0HHTHMBzkQ0Qx6BAgIEAE\" target=\"_blank\" rel=\"noopener sponsored\">T\u00dcV-certificiran<\/a> obra\u010dun amortizacije<\/h3>\n<p><strong>ecoturbino je inovativno rje\u0161enje za u\u0161tedu vode, tro\u0161kova energije i otpadnih voda,<\/strong> sve bez kompromisa u u\u017eitku tu\u0161iranja. Tehnologija je prikladna za tvrtke, hotele, obitelji, klubove, bolnice, stara\u010dke domove i mnoge druge.<\/p>\n<blockquote>\n<p>Uz ecoturbino svi mo\u017eemo doprinijeti za\u0161titi okoli\u0161a, a istovremeno smanjiti financijski teret.<\/p>\n<\/blockquote>\n<p>Vrijeme je da preuzmemo odgovornost za na\u0161e resurse i napravimo korak prema odr\u017eivosti.<\/p>\n\t\t<\/div>\n\t\t\t\t\n<style>\n#col-514097675 > .col-inner {\n  padding: 10px 20px 1px 25px;\n  border-radius: 10px;\n}\n<\/style>\n\t<\/div>\n\n\t\n<\/div>\n\t\t<\/div>\n\t\t\t\t\n<style>\n#col-26810486 > .col-inner {\n  margin: 0px 0px -125px 0px;\n}\n@media (min-width:550px) {\n  #col-26810486 > .col-inner {\n    margin: 0px 0px -200px 0px;\n  }\n}\n<\/style>\n\t<\/div>\n\n\t\n<\/div>\n\t\t<\/div>\n\n\t\t\n<style>\n#section_811508634 {\n  padding-top: 30px;\n  padding-bottom: 30px;\n}\n<\/style>\n\t<\/section>\n\t\n\n\t<section class=\"section\" id=\"section_1259289857\">\n\t\t<div class=\"section-bg fill\" >\n\t\t\t<img decoding=\"async\" width=\"1920\" height=\"683\" src=\"https:\/\/ecoturbino.world\/wp-content\/uploads\/2025\/12\/ecoturbino-function_1920-1.webp\" class=\"bg attachment- size-\" alt=\"funkcija ekoturbina\" \/>\t\t\t\t\t\t<div class=\"section-bg-overlay absolute fill\"><\/div>\n\t\t\t\n\n\t\t<\/div>\n\n\t\t\t<div class=\"ux-shape-divider ux-shape-divider--top ux-shape-divider--style-waves-opacity\">\n\t\t<svg viewbox=\"0 0 1000 300\" xmlns=\"http:\/\/www.w3.org\/2000\/svg\" preserveaspectratio=\"none\">\n    <path class=\"ux-shape-fill\" d=\"M0 300L-1 69.71C216 57 299.47 198.86 403 226C506 253 577 196 660 197C740 198 790.09 234.07 874 267C935.23 291 982 282.61 1000 277.61V300H0Z\"\/>\n    <path class=\"ux-shape-fill\" opacity=\"0.5\" d=\"M1 265.094L0 50.5C217 37.79 300.47 186.36 404 213.5C507 240.5 578 196.5 661 197.5C741 198.5 787.59 239.57 871.5 272.5C932.73 296.5 980.5 284.5 998.5 279.5V298.5L1 265.094Z\"\/>\n    <path class=\"ux-shape-fill\" opacity=\"0.15\" d=\"M0.999878 244.094L-0.00012207 27C217 14.29 300.47 173.86 404 201C507 228 578 196 661 197C741 198 787.59 243.07 871.5 276C932.73 300 980.5 284.5 998.5 279.5V299L0.999878 244.094Z\"\/>\n<\/svg>\n\n\t<\/div>\n\n\n\t\t<div class=\"section-content relative\">\n\t\t\t\n\t\t<\/div>\n\n\t\t\n<style>\n#section_1259289857 {\n  padding-top: 125px;\n  padding-bottom: 125px;\n}\n#section_1259289857 .section-bg-overlay {\n  background-color: rgba(0, 0, 0, 0.25);\n}\n#section_1259289857 .ux-shape-divider--top svg {\n  height: 80px;\n  --divider-top-width: 100%;\n}\n@media (min-width:550px) {\n  #section_1259289857 {\n    padding-top: 200px;\n    padding-bottom: 200px;\n  }\n  #section_1259289857 .ux-shape-divider--top svg {\n    height: 124px;\n  }\n}\n<\/style>\n\t<\/section>","protected":false},"excerpt":{"rendered":"","protected":false},"author":2,"featured_media":1680,"parent":0,"menu_order":0,"comment_status":"closed","ping_status":"closed","template":"page-blank.php","meta":{"inline_featured_image":false,"footnotes":""},"class_list":["post-1212","page","type-page","status-publish","has-post-thumbnail","hentry"],"_links":{"self":[{"href":"https:\/\/ecoturbino.world\/hr\/wp-json\/wp\/v2\/pages\/1212","targetHints":{"allow":["GET"]}}],"collection":[{"href":"https:\/\/ecoturbino.world\/hr\/wp-json\/wp\/v2\/pages"}],"about":[{"href":"https:\/\/ecoturbino.world\/hr\/wp-json\/wp\/v2\/types\/page"}],"author":[{"embeddable":true,"href":"https:\/\/ecoturbino.world\/hr\/wp-json\/wp\/v2\/users\/2"}],"replies":[{"embeddable":true,"href":"https:\/\/ecoturbino.world\/hr\/wp-json\/wp\/v2\/comments?post=1212"}],"version-history":[{"count":0,"href":"https:\/\/ecoturbino.world\/hr\/wp-json\/wp\/v2\/pages\/1212\/revisions"}],"wp:featuredmedia":[{"embeddable":true,"href":"https:\/\/ecoturbino.world\/hr\/wp-json\/wp\/v2\/media\/1680"}],"wp:attachment":[{"href":"https:\/\/ecoturbino.world\/hr\/wp-json\/wp\/v2\/media?parent=1212"}],"curies":[{"name":"wp","href":"https:\/\/api.w.org\/{rel}","templated":true}]}}