{"id":1207,"date":"2024-01-01T11:58:41","date_gmt":"2024-01-01T10:58:41","guid":{"rendered":"https:\/\/ecoturbino.eu\/?page_id=1207"},"modified":"2025-12-29T22:44:51","modified_gmt":"2025-12-29T21:44:51","slug":"utjecaj-4","status":"publish","type":"page","link":"https:\/\/ecoturbino.world\/hr\/impact-4\/","title":{"rendered":"Dovoljan pritisak vode za tu\u0161iranje za sve (nije problem u ku\u0107anstvima)"},"content":{"rendered":"<section class=\"section zindex1\" id=\"section_1484794706\">\n\t\t<div class=\"section-bg fill\" >\n\t\t\t\t\t\t\t\t\t\n\t\t\t\n\n\t\t<\/div>\n\n\t\t\n\n\t\t<div class=\"section-content relative\">\n\t\t\t\n<div class=\"row row-small\"  id=\"row-811902361\">\n\n\t<div id=\"col-1752783819\" class=\"col medium-9 small-12 large-9\"  >\n\t\t\t\t<div class=\"col-inner\"  >\n\t\t\t\n\t\t\t\n<h1 class=\"uppercase\">Dovoljan pritisak vode za sve (samo za tvrtke)<\/h1>\n<h3 class=\"thin-font\">\u010detvrti utjecaj ecoturbino\u00ae watersaving sustava za za\u0161titu okoli\u0161a<\/h3>\n<div class=\"row\"  id=\"row-1802881896\">\n\n\t<div id=\"col-1335954256\" class=\"col medium-11 small-12 large-11\"  >\n\t\t\t\t<div class=\"col-inner\"  >\n\t\t\t\n\t\t\t\n\t<div id=\"stack-203538802\" class=\"stack stack-row justify-start items-start\">\n\t\t\n\t<div class=\"img has-hover x md-x lg-x y md-y lg-y\" id=\"image_1176533678\">\n\t\t<a class=\"\" href=\"\/hr\/utjecaj-1\/\" >\t\t\t\t\t\t<div class=\"img-inner image-color dark\" >\n\t\t\t<img decoding=\"async\" width=\"100\" height=\"100\" src=\"https:\/\/ecoturbino.world\/wp-content\/uploads\/2024\/01\/impact1.svg\" class=\"attachment-original size-original\" alt=\"\" \/>\t\t\t\t\t\t\n\t\t\t\t\t<\/div>\n\t\t\t\t\t\t<\/a>\t\t\n<style>\n#image_1176533678 {\n  width: 100%;\n}\n<\/style>\n\t<\/div>\n\t\n\t<div class=\"img has-hover x md-x lg-x y md-y lg-y\" id=\"image_853372217\">\n\t\t<a class=\"\" href=\"\/hr\/utjecaj-2\/\" >\t\t\t\t\t\t<div class=\"img-inner image-color dark\" >\n\t\t\t<img decoding=\"async\" width=\"100\" height=\"100\" src=\"https:\/\/ecoturbino.world\/wp-content\/uploads\/2024\/01\/impact2.svg\" class=\"attachment-original size-original\" alt=\"\" \/>\t\t\t\t\t\t\n\t\t\t\t\t<\/div>\n\t\t\t\t\t\t<\/a>\t\t\n<style>\n#image_853372217 {\n  width: 100%;\n}\n<\/style>\n\t<\/div>\n\t\n\t<div class=\"img has-hover x md-x lg-x y md-y lg-y\" id=\"image_515957103\">\n\t\t<a class=\"\" href=\"\/hr\/utjecaj-3\/\" >\t\t\t\t\t\t<div class=\"img-inner image-color dark\" >\n\t\t\t<img decoding=\"async\" width=\"100\" height=\"100\" src=\"https:\/\/ecoturbino.world\/wp-content\/uploads\/2024\/01\/impact3.svg\" class=\"attachment-original size-original\" alt=\"Utjecaj 3 ekoturbina\" \/>\t\t\t\t\t\t\n\t\t\t\t\t<\/div>\n\t\t\t\t\t\t<\/a>\t\t\n<style>\n#image_515957103 {\n  width: 100%;\n}\n<\/style>\n\t<\/div>\n\t\n\t<div class=\"img has-hover x md-x lg-x y md-y lg-y\" id=\"image_77238726\">\n\t\t\t\t\t\t\t\t<div class=\"img-inner dark\" >\n\t\t\t<img decoding=\"async\" width=\"100\" height=\"100\" src=\"https:\/\/ecoturbino.world\/wp-content\/uploads\/2024\/01\/impact4.svg\" class=\"attachment-original size-original\" alt=\"Utjecaj 4 ekoturbina\" \/>\t\t\t\t\t\t\n\t\t\t\t\t<\/div>\n\t\t\t\t\t\t\t\t\n<style>\n#image_77238726 {\n  width: 100%;\n}\n<\/style>\n\t<\/div>\n\t\n\t<div class=\"img has-hover x md-x lg-x y md-y lg-y\" id=\"image_1912314229\">\n\t\t<a class=\"\" href=\"\/hr\/utjecaj-5\/\" >\t\t\t\t\t\t<div class=\"img-inner image-color dark\" >\n\t\t\t<img decoding=\"async\" width=\"100\" height=\"100\" src=\"https:\/\/ecoturbino.world\/wp-content\/uploads\/2024\/01\/impact5.svg\" class=\"attachment-original size-original\" alt=\"\" \/>\t\t\t\t\t\t\n\t\t\t\t\t<\/div>\n\t\t\t\t\t\t<\/a>\t\t\n<style>\n#image_1912314229 {\n  width: 100%;\n}\n<\/style>\n\t<\/div>\n\t\n\t<div class=\"img has-hover x md-x lg-x y md-y lg-y\" id=\"image_1462268755\">\n\t\t<a class=\"\" href=\"\/hr\/utjecaj-6\/\" >\t\t\t\t\t\t<div class=\"img-inner image-color dark\" >\n\t\t\t<img decoding=\"async\" width=\"100\" height=\"100\" src=\"https:\/\/ecoturbino.world\/wp-content\/uploads\/2024\/01\/impact6.svg\" class=\"attachment-original size-original\" alt=\"Utjecaj 6 ekoturbina\" \/>\t\t\t\t\t\t\n\t\t\t\t\t<\/div>\n\t\t\t\t\t\t<\/a>\t\t\n<style>\n#image_1462268755 {\n  width: 100%;\n}\n<\/style>\n\t<\/div>\n\t\n\t<div class=\"img has-hover x md-x lg-x y md-y lg-y\" id=\"image_1987918100\">\n\t\t<a class=\"\" href=\"\/hr\/utjecaj-7\/\" >\t\t\t\t\t\t<div class=\"img-inner image-color dark\" >\n\t\t\t<img decoding=\"async\" width=\"100\" height=\"100\" src=\"https:\/\/ecoturbino.world\/wp-content\/uploads\/2024\/01\/impact7.svg\" class=\"attachment-original size-original\" alt=\"Utjecaj 7 ekoturbina\" \/>\t\t\t\t\t\t\n\t\t\t\t\t<\/div>\n\t\t\t\t\t\t<\/a>\t\t\n<style>\n#image_1987918100 {\n  width: 100%;\n}\n<\/style>\n\t<\/div>\n\t\n\t\t\n<style>\n#stack-203538802 > * {\n  --stack-gap: 0.5rem;\n}\n@media (min-width:550px) {\n  #stack-203538802 > * {\n    --stack-gap: 1rem;\n  }\n}\n<\/style>\n\t<\/div>\n\t\n\t\t<\/div>\n\t\t\t\t\t<\/div>\n\n\t\n<\/div>\n\t\t<\/div>\n\t\t\t\t\t<\/div>\n\n\t\n\n\t<div id=\"col-871582536\" class=\"col medium-3 small-12 large-3\"  >\n\t\t\t\t<div class=\"col-inner\"  >\n\t\t\t\n\t\t\t\n\t<div class=\"img has-hover x md-x lg-x y md-y lg-y\" id=\"image_1966188707\">\n\t\t\t\t\t\t\t\t<div class=\"img-inner dark\" >\n\t\t\t<img decoding=\"async\" width=\"100\" height=\"100\" src=\"https:\/\/ecoturbino.world\/wp-content\/uploads\/2024\/01\/impact4.svg\" class=\"attachment-original size-original\" alt=\"Utjecaj 4 ekoturbina\" \/>\t\t\t\t\t\t\n\t\t\t\t\t<\/div>\n\t\t\t\t\t\t\t\t\n<style>\n#image_1966188707 {\n  width: 100%;\n}\n<\/style>\n\t<\/div>\n\t\n\t\t<\/div>\n\t\t\t\t\t<\/div>\n\n\t\n<\/div>\n<div class=\"row\"  id=\"row-1169825054\">\n\n\t<div id=\"col-599915968\" class=\"col small-12 large-12\"  >\n\t\t\t\t<div class=\"col-inner\"  >\n\t\t\t\n\t\t\t\n<div class=\"is-divider divider clearfix\" style=\"max-width:100%;height:1px;\"><\/div>\n<h3><span style=\"font-size: 120%;\">U\u010dinkovita rje\u0161enja za tu\u0161iranje u hotelima, <a href=\"https:\/\/ecoturbino.world\/hr\/svijet-imenika\/kategorije\/studentski-domovi\/\" target=\"_blank\" rel=\"noopener\">Studentski domovi<\/a>, Klubovi i fitness centri: ecoturbino za pove\u0107ano zadovoljstvo<\/span><\/h3>\n<p>U <strong>hotela, klubova i fitness centara, opskrba toplom vodom \u010desto mo\u017ee postati pravi problem,<\/strong> pogotovo kad svi gosti ili \u010dlanovi <strong>\u017eele tu\u0161irati u isto vrijeme<\/strong>. Nakon sporta, skijanja ili prije ve\u010dere, ljudi \u017eure pod tu\u0161eve, i<a href=\"https:\/\/en.wikipedia.org\/wiki\/Plumbing#Water_pipes\" target=\"_blank\" rel=\"noopener sponsored\"> vodovodne cijevi<\/a> mo\u017ee samo pru\u017eiti<strong> ograni\u010den kapacitet vode.<\/strong><\/p>\n<blockquote>\n<p>Kada se previ\u0161e ljudi tu\u0161ira istovremeno, pritisak vode zna\u010dajno opada, a iskustvo tu\u0161iranja je uni\u0161teno. To dovodi do nezadovoljstva kupaca ili gostiju i mo\u017ee negativno utjecati na reputaciju objekta.<\/p>\n<\/blockquote>\n<p>Ovdje je <strong>inovativna tehnologija ecoturbino dolazi u obzir,<\/strong> smanjenje potro\u0161nje vode za tu\u0161iranje za 40 posto, odr\u017eavanje tlaka vode te osiguranje zadovoljnih kupaca i gostiju.<\/p>\n\t<div id=\"gap-819941612\" class=\"gap-element clearfix\" style=\"display:block; height:auto;\">\n\t\t\n<style>\n#gap-819941612 {\n  padding-top: 30px;\n}\n<\/style>\n\t<\/div>\n\t\n<div class=\"row\"  id=\"row-2058181351\">\n\n\t<div id=\"col-1633992255\" class=\"col medium-4 small-12 large-4\"  >\n\t\t\t\t<div class=\"col-inner\"  >\n\t\t\t\n\t\t\t\n\t<div class=\"img has-hover radius10 x md-x lg-x y md-y lg-y\" id=\"image_228595769\">\n\t\t\t\t\t\t\t\t<div class=\"img-inner dark\" >\n\t\t\t<img decoding=\"async\" width=\"600\" height=\"600\" src=\"https:\/\/ecoturbino.world\/wp-content\/uploads\/2024\/01\/hotel-floor_600.webp\" class=\"attachment-original size-original\" alt=\"Simbol hotelskog kata\" srcset=\"https:\/\/ecoturbino.world\/wp-content\/uploads\/2024\/01\/hotel-floor_600.webp 600w, https:\/\/ecoturbino.world\/wp-content\/uploads\/2024\/01\/hotel-floor_600-500x500.webp 500w, https:\/\/ecoturbino.world\/wp-content\/uploads\/2024\/01\/hotel-floor_600-32x32.webp 32w, https:\/\/ecoturbino.world\/wp-content\/uploads\/2024\/01\/hotel-floor_600-48x48.webp 48w, https:\/\/ecoturbino.world\/wp-content\/uploads\/2024\/01\/hotel-floor_600-80x80.webp 80w, https:\/\/ecoturbino.world\/wp-content\/uploads\/2024\/01\/hotel-floor_600-180x180.webp 180w\" sizes=\"(max-width: 600px) 100vw, 600px\" \/>\t\t\t\t\t\t\n\t\t\t\t\t<\/div>\n\t\t\t\t\t\t\t\t\n<style>\n#image_228595769 {\n  width: 100%;\n}\n<\/style>\n\t<\/div>\n\t\n\t\t<\/div>\n\t\t\t\t\t<\/div>\n\n\t\n\n\t<div id=\"col-637782278\" class=\"col medium-8 small-12 large-8\"  >\n\t\t\t\t<div class=\"col-inner\"  >\n\t\t\t\n\t\t\t\n<h3>Problem ograni\u010denog kapaciteta vode<\/h3>\n<p>Ograni\u010deni kapacitet cijevi i sustava za opskrbu toplom vodom u hotelima, klubovima i fitness centrima \u010dest je problem <strong>mo\u017ee dovesti do frustriraju\u0107ih situacija.<\/strong><\/p>\n<p>Kad svi ho\u0107e <strong>tu\u0161irati u isto vrijeme, pritisak vode mo\u017ee pasti<\/strong> toliko da vodeni tok postane puko curenje. Izgubljena je radost tu\u0161iranja i <strong>gosti ili \u010dlanovi su razo\u010darani<\/strong>. To mo\u017ee utjecati na zadovoljstvo korisnika i naru\u0161iti ugled ustanove.<\/p>\n<ul>\n<li><strong>Dugi hodnici:<\/strong> Mnoge su prostorije \u010desto spojene na jednu cijev, a pove\u0107ana potro\u0161nja vode u blizini ulazne to\u010dke cijevi \u010desto rezultira <strong>nedovoljna ponuda na udaljenim to\u010dkama kori\u0161tenja,<\/strong> \u010dest problem u starijim zgradama. Rje\u0161enje: Naknadna ugradnja ecoturbino sustava osigurava ravnomjernu distribuciju vode na svim mjestima kori\u0161tenja \u2013 to se tako\u0111er odnosi na vi\u0161ekatnice!<\/li>\n<li>Jednostavno rje\u0161enje: ecoturbino sustav<\/li>\n<\/ul>\n\t\t<\/div>\n\t\t\t\t\t<\/div>\n\n\t\n<\/div>\n\t<div id=\"gap-8363959\" class=\"gap-element clearfix\" style=\"display:block; height:auto;\">\n\t\t\n<style>\n#gap-8363959 {\n  padding-top: 30px;\n}\n<\/style>\n\t<\/div>\n\t\n<div class=\"row\"  id=\"row-1984899302\">\n\n\t<div id=\"col-673924085\" class=\"col medium-6 small-12 large-6\"  >\n\t\t\t\t<div class=\"col-inner\" style=\"background-color:rgb(255,255,255);\" >\n\t\t\t\n\t\t\t\n<p>ecoturbino je u\u010dinkovito rje\u0161enje za ovaj ra\u0161ireni problem. Tehnologija je razvijena za smanjenje potro\u0161nje vode za tu\u0161iranje za impresivnih 40 posto bez utjecaja na pritisak vode. Evo nekih pogodnosti koje ecoturbino nudi hotelima, klubovima i fitness centrima:<\/p>\n<ul>\n<li><strong>O\u010duvanje pritiska vode:<\/strong> ecoturbino osigurava odr\u017eavanje tlaka vode \u010dak i kada se vi\u0161e ljudi tu\u0161ira istovremeno. To zna\u010di da svi gosti ili \u010dlanovi mogu u\u017eivati u sna\u017enom i ugodnom mlazu vode bez kompromisa zbog ograni\u010dene dostupnosti vode.<\/li>\n<li><strong>Zadovoljni kupci i gosti:<\/strong> ecoturbino jam\u010di zadovoljne kupce i goste. Mogu u potpunosti u\u017eivati u iskustvu tu\u0161iranja bez brige o pritisku vode. Ovo dovodi do <strong>pozitivna predaja<\/strong> te ja\u010da ugled ustanove.<\/li>\n<li><strong>U\u0161teda vode:<\/strong> Unato\u010d odr\u017eavanju pritiska vode, <strong>ecoturbino zna\u010dajno smanjuje potro\u0161nju vode.<\/strong> To pridonosi o\u010duvanju vodnih resursa i istovremeno smanjuje tro\u0161kove vode.<\/li>\n<li><strong>U\u0161teda energije:<\/strong> Budu\u0107i da je potrebno zagrijati manje vode da bi se dobila topla voda za tu\u0161iranje, tro\u0161kovi energije su tako\u0111er smanjeni. To nije samo korisno za okoli\u0161, ve\u0107 i za prora\u010dun objekta.<\/li>\n<li><strong>Jednostavna instalacija:<\/strong> ecoturbino se mo\u017ee jednostavno i isplativo ugraditi bez potrebe za opse\u017enim renoviranjem. Ulo\u017eeno se brzo isplati kroz ostvarene u\u0161tede.<\/li>\n<\/ul>\n\t\t<\/div>\n\t\t\t\t\n<style>\n#col-673924085 > .col-inner {\n  padding: 15px 15px 15px 15px;\n  border-radius: 10px;\n}\n<\/style>\n\t<\/div>\n\n\t\n\n\t<div id=\"col-1106708711\" class=\"col medium-6 small-12 large-6\"  >\n\t\t\t\t<div class=\"col-inner\" style=\"background-color:#c0d63d;\" >\n\t\t\t\n\t\t\t\n\t<div id=\"text-3065670119\" class=\"text\">\n\t\t\n<h4 class=\"uppercase\">ZAKLJU\u010cAK<\/h4>\n\t\t\n<style>\n#text-3065670119 {\n  font-size: 2rem;\n  text-align: right;\n  color: rgb(255, 255, 255);\n}\n#text-3065670119 > * {\n  color: rgb(255, 255, 255);\n}\n@media (min-width:550px) {\n  #text-3065670119 {\n    font-size: 3.5rem;\n    text-align: right;\n  }\n}\n<\/style>\n\t<\/div>\n\t\n<h3>Vi\u0161e zadovoljstva, ni\u017ei tro\u0161kovi<\/h3>\n<p>ecoturbino tehnologija je<strong> idealno rje\u0161enje za hotele, klubove i fitness centre<\/strong>, kao i svima koji imaju posla s ograni\u010denim kapacitetom vode. Ne samo to <strong>osigurava zadovoljne kupce i goste<\/strong> ali tako\u0111er omogu\u0107uje zna\u010dajne u\u0161tede vode i smanjenje tro\u0161kova energije.<\/p>\n<p>Uz ecoturbino, objekti mogu pobolj\u0161ati svoje usluge uz istovremeno smanjenje tro\u0161kova \u2013 situacija u kojoj svi dobivaju.<\/p>\n\t\t<\/div>\n\t\t\t\t\n<style>\n#col-1106708711 > .col-inner {\n  padding: 10px 20px 1px 25px;\n  border-radius: 10px;\n}\n<\/style>\n\t<\/div>\n\n\t\n<\/div>\n\t\t<\/div>\n\t\t\t\t\n<style>\n#col-599915968 > .col-inner {\n  margin: 0px 0px -125px 0px;\n}\n@media (min-width:550px) {\n  #col-599915968 > .col-inner {\n    margin: 0px 0px -200px 0px;\n  }\n}\n<\/style>\n\t<\/div>\n\n\t\n<\/div>\n\t\t<\/div>\n\n\t\t\n<style>\n#section_1484794706 {\n  padding-top: 30px;\n  padding-bottom: 30px;\n}\n<\/style>\n\t<\/section>\n\t\n\n\t<section class=\"section\" id=\"section_769283747\">\n\t\t<div class=\"section-bg fill\" >\n\t\t\t<img decoding=\"async\" width=\"1920\" height=\"683\" src=\"https:\/\/ecoturbino.world\/wp-content\/uploads\/2025\/12\/ecoturbino-function_1920-1.webp\" class=\"bg attachment- size-\" alt=\"funkcija ekoturbina\" \/>\t\t\t\t\t\t<div class=\"section-bg-overlay absolute fill\"><\/div>\n\t\t\t\n\n\t\t<\/div>\n\n\t\t\t<div class=\"ux-shape-divider ux-shape-divider--top ux-shape-divider--style-waves-opacity\">\n\t\t<svg viewbox=\"0 0 1000 300\" xmlns=\"http:\/\/www.w3.org\/2000\/svg\" preserveaspectratio=\"none\">\n    <path class=\"ux-shape-fill\" d=\"M0 300L-1 69.71C216 57 299.47 198.86 403 226C506 253 577 196 660 197C740 198 790.09 234.07 874 267C935.23 291 982 282.61 1000 277.61V300H0Z\"\/>\n    <path class=\"ux-shape-fill\" opacity=\"0.5\" d=\"M1 265.094L0 50.5C217 37.79 300.47 186.36 404 213.5C507 240.5 578 196.5 661 197.5C741 198.5 787.59 239.57 871.5 272.5C932.73 296.5 980.5 284.5 998.5 279.5V298.5L1 265.094Z\"\/>\n    <path class=\"ux-shape-fill\" opacity=\"0.15\" d=\"M0.999878 244.094L-0.00012207 27C217 14.29 300.47 173.86 404 201C507 228 578 196 661 197C741 198 787.59 243.07 871.5 276C932.73 300 980.5 284.5 998.5 279.5V299L0.999878 244.094Z\"\/>\n<\/svg>\n\n\t<\/div>\n\n\n\t\t<div class=\"section-content relative\">\n\t\t\t\n\t\t<\/div>\n\n\t\t\n<style>\n#section_769283747 {\n  padding-top: 125px;\n  padding-bottom: 125px;\n}\n#section_769283747 .section-bg-overlay {\n  background-color: rgba(0, 0, 0, 0.25);\n}\n#section_769283747 .ux-shape-divider--top svg {\n  height: 80px;\n  --divider-top-width: 100%;\n}\n@media (min-width:550px) {\n  #section_769283747 {\n    padding-top: 300px;\n    padding-bottom: 300px;\n  }\n  #section_769283747 .ux-shape-divider--top svg {\n    height: 124px;\n  }\n}\n<\/style>\n\t<\/section>","protected":false},"excerpt":{"rendered":"","protected":false},"author":2,"featured_media":1688,"parent":0,"menu_order":0,"comment_status":"closed","ping_status":"closed","template":"page-blank.php","meta":{"inline_featured_image":false,"footnotes":""},"class_list":["post-1207","page","type-page","status-publish","has-post-thumbnail","hentry"],"_links":{"self":[{"href":"https:\/\/ecoturbino.world\/hr\/wp-json\/wp\/v2\/pages\/1207","targetHints":{"allow":["GET"]}}],"collection":[{"href":"https:\/\/ecoturbino.world\/hr\/wp-json\/wp\/v2\/pages"}],"about":[{"href":"https:\/\/ecoturbino.world\/hr\/wp-json\/wp\/v2\/types\/page"}],"author":[{"embeddable":true,"href":"https:\/\/ecoturbino.world\/hr\/wp-json\/wp\/v2\/users\/2"}],"replies":[{"embeddable":true,"href":"https:\/\/ecoturbino.world\/hr\/wp-json\/wp\/v2\/comments?post=1207"}],"version-history":[{"count":0,"href":"https:\/\/ecoturbino.world\/hr\/wp-json\/wp\/v2\/pages\/1207\/revisions"}],"wp:featuredmedia":[{"embeddable":true,"href":"https:\/\/ecoturbino.world\/hr\/wp-json\/wp\/v2\/media\/1688"}],"wp:attachment":[{"href":"https:\/\/ecoturbino.world\/hr\/wp-json\/wp\/v2\/media?parent=1207"}],"curies":[{"name":"wp","href":"https:\/\/api.w.org\/{rel}","templated":true}]}}