{"id":1202,"date":"2024-01-01T11:52:19","date_gmt":"2024-01-01T10:52:19","guid":{"rendered":"https:\/\/ecoturbino.eu\/?page_id=1202"},"modified":"2025-12-29T22:44:32","modified_gmt":"2025-12-29T21:44:32","slug":"utjecaj-3","status":"publish","type":"page","link":"https:\/\/ecoturbino.world\/hr\/impact-3\/","title":{"rendered":"Dovoljno tople vode za sve tu\u0161eve u isto vrijeme"},"content":{"rendered":"<section class=\"section zindex1\" id=\"section_521665042\">\n\t\t<div class=\"section-bg fill\" >\n\t\t\t\t\t\t\t\t\t\n\t\t\t\n\n\t\t<\/div>\n\n\t\t\n\n\t\t<div class=\"section-content relative\">\n\t\t\t\n<div class=\"row row-small\"  id=\"row-764990074\">\n\n\t<div id=\"col-597797277\" class=\"col medium-9 small-12 large-9\"  >\n\t\t\t\t<div class=\"col-inner\"  >\n\t\t\t\n\t\t\t\n<h1 class=\"uppercase\">Dovoljna koli\u010dina tople vode za sve tu\u0161eve<\/h1>\n<h3 class=\"thin-font\">tre\u0107i utjecaj ecoturbino\u00ae watersaving sustava za za\u0161titu okoli\u0161a<\/h3>\n<div class=\"row\"  id=\"row-1254574740\">\n\n\t<div id=\"col-1300729013\" class=\"col medium-11 small-12 large-11\"  >\n\t\t\t\t<div class=\"col-inner\"  >\n\t\t\t\n\t\t\t\n\t<div id=\"stack-2695300823\" class=\"stack stack-row justify-start items-start\">\n\t\t\n\t<div class=\"img has-hover x md-x lg-x y md-y lg-y\" id=\"image_1739988599\">\n\t\t<a class=\"\" href=\"\/hr\/utjecaj-1\/\" >\t\t\t\t\t\t<div class=\"img-inner image-color dark\" >\n\t\t\t<img decoding=\"async\" width=\"100\" height=\"100\" src=\"https:\/\/ecoturbino.world\/wp-content\/uploads\/2024\/01\/impact1.svg\" class=\"attachment-original size-original\" alt=\"\" \/>\t\t\t\t\t\t\n\t\t\t\t\t<\/div>\n\t\t\t\t\t\t<\/a>\t\t\n<style>\n#image_1739988599 {\n  width: 100%;\n}\n<\/style>\n\t<\/div>\n\t\n\t<div class=\"img has-hover x md-x lg-x y md-y lg-y\" id=\"image_1734084652\">\n\t\t<a class=\"\" href=\"\/hr\/utjecaj-2\/\" >\t\t\t\t\t\t<div class=\"img-inner image-color dark\" >\n\t\t\t<img decoding=\"async\" width=\"100\" height=\"100\" src=\"https:\/\/ecoturbino.world\/wp-content\/uploads\/2024\/01\/impact2.svg\" class=\"attachment-original size-original\" alt=\"\" \/>\t\t\t\t\t\t\n\t\t\t\t\t<\/div>\n\t\t\t\t\t\t<\/a>\t\t\n<style>\n#image_1734084652 {\n  width: 100%;\n}\n<\/style>\n\t<\/div>\n\t\n\t<div class=\"img has-hover x md-x lg-x y md-y lg-y\" id=\"image_1241775863\">\n\t\t\t\t\t\t\t\t<div class=\"img-inner dark\" >\n\t\t\t<img decoding=\"async\" width=\"100\" height=\"100\" src=\"https:\/\/ecoturbino.world\/wp-content\/uploads\/2024\/01\/impact3.svg\" class=\"attachment-original size-original\" alt=\"Utjecaj 3 ekoturbina\" \/>\t\t\t\t\t\t\n\t\t\t\t\t<\/div>\n\t\t\t\t\t\t\t\t\n<style>\n#image_1241775863 {\n  width: 100%;\n}\n<\/style>\n\t<\/div>\n\t\n\t<div class=\"img has-hover x md-x lg-x y md-y lg-y\" id=\"image_1243350060\">\n\t\t<a class=\"\" href=\"\/hr\/utjecaj-4\/\" >\t\t\t\t\t\t<div class=\"img-inner image-color dark\" >\n\t\t\t<img decoding=\"async\" width=\"100\" height=\"100\" src=\"https:\/\/ecoturbino.world\/wp-content\/uploads\/2024\/01\/impact4.svg\" class=\"attachment-original size-original\" alt=\"Utjecaj 4 ekoturbina\" \/>\t\t\t\t\t\t\n\t\t\t\t\t<\/div>\n\t\t\t\t\t\t<\/a>\t\t\n<style>\n#image_1243350060 {\n  width: 100%;\n}\n<\/style>\n\t<\/div>\n\t\n\t<div class=\"img has-hover x md-x lg-x y md-y lg-y\" id=\"image_1954831212\">\n\t\t<a class=\"\" href=\"\/hr\/utjecaj-5\/\" >\t\t\t\t\t\t<div class=\"img-inner image-color dark\" >\n\t\t\t<img decoding=\"async\" width=\"100\" height=\"100\" src=\"https:\/\/ecoturbino.world\/wp-content\/uploads\/2024\/01\/impact5.svg\" class=\"attachment-original size-original\" alt=\"\" \/>\t\t\t\t\t\t\n\t\t\t\t\t<\/div>\n\t\t\t\t\t\t<\/a>\t\t\n<style>\n#image_1954831212 {\n  width: 100%;\n}\n<\/style>\n\t<\/div>\n\t\n\t<div class=\"img has-hover x md-x lg-x y md-y lg-y\" id=\"image_2051424669\">\n\t\t<a class=\"\" href=\"\/hr\/utjecaj-6\/\" >\t\t\t\t\t\t<div class=\"img-inner image-color dark\" >\n\t\t\t<img decoding=\"async\" width=\"100\" height=\"100\" src=\"https:\/\/ecoturbino.world\/wp-content\/uploads\/2024\/01\/impact6.svg\" class=\"attachment-original size-original\" alt=\"Utjecaj 6 ekoturbina\" \/>\t\t\t\t\t\t\n\t\t\t\t\t<\/div>\n\t\t\t\t\t\t<\/a>\t\t\n<style>\n#image_2051424669 {\n  width: 100%;\n}\n<\/style>\n\t<\/div>\n\t\n\t<div class=\"img has-hover x md-x lg-x y md-y lg-y\" id=\"image_883562194\">\n\t\t<a class=\"\" href=\"\/hr\/utjecaj-7\/\" >\t\t\t\t\t\t<div class=\"img-inner image-color dark\" >\n\t\t\t<img decoding=\"async\" width=\"100\" height=\"100\" src=\"https:\/\/ecoturbino.world\/wp-content\/uploads\/2024\/01\/impact7.svg\" class=\"attachment-original size-original\" alt=\"Utjecaj 7 ekoturbina\" \/>\t\t\t\t\t\t\n\t\t\t\t\t<\/div>\n\t\t\t\t\t\t<\/a>\t\t\n<style>\n#image_883562194 {\n  width: 100%;\n}\n<\/style>\n\t<\/div>\n\t\n\t\t\n<style>\n#stack-2695300823 > * {\n  --stack-gap: 0.5rem;\n}\n@media (min-width:550px) {\n  #stack-2695300823 > * {\n    --stack-gap: 1rem;\n  }\n}\n<\/style>\n\t<\/div>\n\t\n\t\t<\/div>\n\t\t\t\t\t<\/div>\n\n\t\n<\/div>\n\t\t<\/div>\n\t\t\t\t\t<\/div>\n\n\t\n\n\t<div id=\"col-1270313571\" class=\"col medium-3 small-12 large-3\"  >\n\t\t\t\t<div class=\"col-inner\"  >\n\t\t\t\n\t\t\t\n\t<div class=\"img has-hover x md-x lg-x y md-y lg-y\" id=\"image_2065831891\">\n\t\t\t\t\t\t\t\t<div class=\"img-inner dark\" >\n\t\t\t<img decoding=\"async\" width=\"100\" height=\"100\" src=\"https:\/\/ecoturbino.world\/wp-content\/uploads\/2024\/01\/impact3.svg\" class=\"attachment-original size-original\" alt=\"Utjecaj 3 ekoturbina\" \/>\t\t\t\t\t\t\n\t\t\t\t\t<\/div>\n\t\t\t\t\t\t\t\t\n<style>\n#image_2065831891 {\n  width: 100%;\n}\n<\/style>\n\t<\/div>\n\t\n\t\t<\/div>\n\t\t\t\t\t<\/div>\n\n\t\n<\/div>\n<div class=\"row\"  id=\"row-413234659\">\n\n\t<div id=\"col-758392734\" class=\"col small-12 large-12\"  >\n\t\t\t\t<div class=\"col-inner\"  >\n\t\t\t\n\t\t\t\n<div class=\"is-divider divider clearfix\" style=\"max-width:100%;height:1px;\"><\/div>\n<h3><span style=\"font-size: 120%;\">Mali kotlovi i opskrba toplom vodom za svakoga | Problem i rje\u0161enje s ecoturbinom<\/span><\/h3>\n<p>Pitanje o <strong>opskrba toplom vodom \u010desto se zanemaruje<\/strong> ali ostaje klju\u010dni element za udobnost i kvalitetu \u017eivota u mnogima <strong>ku\u0107anstva, <a href=\"https:\/\/ecoturbino.world\/hr\/svijet-imenika\/kategorije\/sportski-centar-2\/\" target=\"_blank\" rel=\"noopener\">teretane<\/a>, studentski domovi,<\/strong> i druge komunalne sadr\u017eaje.<\/p>\n<p>Pogotovo u situacijama u kojima <strong>mali kotlovi ili dizalice topline jedini su izvor tople vode,<\/strong> nesta\u0161ice mogu nastati kada se svi \u017eele tu\u0161irati u isto vrijeme. Ovaj problem prvenstveno poga\u0111a obitelji u obiteljskim ku\u0107ama, sportskim dvoranama i komunalnim objektima.<\/p>\n<p>Ovdje je <strong>inovativna tehnologija ecoturbina dolazi u obzir<\/strong>, ne samo <strong>smanjenje potro\u0161nje vode tijekom tu\u0161iranja za impresivnih 40 posto<\/strong> ali i op\u0107enito osiguravaju\u0107i dovoljnu opskrbu toplom vodom za sve i nude\u0107i brojne pogodnosti.<\/p>\n<blockquote>\n<p>Trajanje dostupnosti tople vode za tu\u0161eve produljeno je za 40%.<\/p>\n<\/blockquote>\n\t<div id=\"gap-2031059504\" class=\"gap-element clearfix\" style=\"display:block; height:auto;\">\n\t\t\n<style>\n#gap-2031059504 {\n  padding-top: 30px;\n}\n<\/style>\n\t<\/div>\n\t\n<div class=\"row\"  id=\"row-709697475\">\n\n\t<div id=\"col-1630848245\" class=\"col medium-4 small-12 large-4\"  >\n\t\t\t\t<div class=\"col-inner\"  >\n\t\t\t\n\t\t\t\n\t<div class=\"img has-hover radius10 x md-x lg-x y md-y lg-y\" id=\"image_651500798\">\n\t\t\t\t\t\t\t\t<div class=\"img-inner dark\" >\n\t\t\t<img decoding=\"async\" width=\"600\" height=\"600\" src=\"https:\/\/ecoturbino.world\/wp-content\/uploads\/2024\/01\/setting-temp_600.webp\" class=\"attachment-original size-original\" alt=\"Simbol za pode\u0161avanje temperature\" srcset=\"https:\/\/ecoturbino.world\/wp-content\/uploads\/2024\/01\/setting-temp_600.webp 600w, https:\/\/ecoturbino.world\/wp-content\/uploads\/2024\/01\/setting-temp_600-500x500.webp 500w, https:\/\/ecoturbino.world\/wp-content\/uploads\/2024\/01\/setting-temp_600-32x32.webp 32w, https:\/\/ecoturbino.world\/wp-content\/uploads\/2024\/01\/setting-temp_600-48x48.webp 48w, https:\/\/ecoturbino.world\/wp-content\/uploads\/2024\/01\/setting-temp_600-80x80.webp 80w, https:\/\/ecoturbino.world\/wp-content\/uploads\/2024\/01\/setting-temp_600-180x180.webp 180w\" sizes=\"(max-width: 600px) 100vw, 600px\" \/>\t\t\t\t\t\t\n\t\t\t\t\t<\/div>\n\t\t\t\t\t\t\t\t\n<style>\n#image_651500798 {\n  width: 100%;\n}\n<\/style>\n\t<\/div>\n\t\n\t\t<\/div>\n\t\t\t\t\t<\/div>\n\n\t\n\n\t<div id=\"col-351224727\" class=\"col medium-8 small-12 large-8\"  >\n\t\t\t\t<div class=\"col-inner\"  >\n\t\t\t\n\t\t\t\n<h3>Problem s malim kotlovima i <a href=\"https:\/\/en.wikipedia.org\/wiki\/Heat_pump\" target=\"_blank\" rel=\"noopener sponsored\">Toplinske pumpe<\/a><\/h3>\n<p>U mnogim stambenim i komunalnim objektima, <strong>sustavi za opskrbu toplom vodom \u010desto su premali<\/strong> zbog ograni\u010denih resursa ili prostornih ograni\u010denja.<\/p>\n<p>Mali kotlovi ili dizalice topline mogu predstavljati pote\u0161ko\u0107e, <strong>posebno kada se mnogo ljudi \u017eeli tu\u0161irati istovremeno.<\/strong> To \u010desto dovodi do neugodnih situacija u kojima ponestane tople vode ili je \u010dak potpuno nestane.<\/p>\n<p>\u010clanovi obitelji moraju \u017euriti tijekom tu\u0161iranja ili \u010dekati jo\u0161 tople vode, <strong>korisnici teretane postaju frustrirani,<\/strong> a ukupna udobnost je zna\u010dajno ugro\u017eena.<\/p>\n\t\t<\/div>\n\t\t\t\t\t<\/div>\n\n\t\n<\/div>\n\t<div id=\"gap-1314649057\" class=\"gap-element clearfix\" style=\"display:block; height:auto;\">\n\t\t\n<style>\n#gap-1314649057 {\n  padding-top: 30px;\n}\n<\/style>\n\t<\/div>\n\t\n<div class=\"row\"  id=\"row-1926135220\">\n\n\t<div id=\"col-1781176303\" class=\"col medium-6 small-12 large-6\"  >\n\t\t\t\t<div class=\"col-inner\" style=\"background-color:rgb(255,255,255);\" >\n\t\t\t\n\t\t\t\n<h3>Rje\u0161enje &quot;Odgovaraju\u0107e tople vode za sve&quot; = ecoturbino<\/h3>\n<p>ecoturbino tehnologija nudi<strong> u\u010dinkovito rje\u0161enje ovog ra\u0161irenog problema<\/strong>. Dizajniran je za <strong>drasti\u010dno smanjiti potro\u0161nju vode tijekom tu\u0161iranja<\/strong> bez ugro\u017eavanja udobnosti tu\u0161iranja. Evo nekih prednosti koje ecoturbino pru\u017ea svima:<\/p>\n<ul>\n<li><strong>Smanjena (HOT) \u2013 Potro\u0161nja vode:<\/strong> ecoturbino mo\u017ee smanjiti potro\u0161nju vode za impresivnih 40 posto. To zna\u010di da je potrebno zagrijati manje vode da bi se osigurala topla voda za tu\u0161iranje, odnosno da je postoje\u0107a koli\u010dina dovoljna za mnogo vi\u0161e tu\u0161iranja. To dovodi do zna\u010dajnih u\u0161teda energije i vode.<\/li>\n<\/ul>\n<blockquote>\n<p>Odgovaraju\u0107a topla voda za sve: smanjenjem potro\u0161nje vode, ecoturbino osigurava da ima dovoljno tople vode za sve, \u010dak i kada se vi\u0161e ljudi \u017eeli tu\u0161irati u isto vrijeme. U\u010dinkovito je rije\u0161en problem ograni\u010denog kapaciteta malih kotlova ili dizalica topline.<\/p>\n<\/blockquote>\n<ul>\n<li><strong>Brzi povrat:<\/strong> Instalacija ecoturbina je jednostavna i isplativa. U\u0161teda na tro\u0161kovima energije i vode \u010dini investiciju isplativom u kratkom roku. Za obitelji, teretane i druge objekte, ecoturbino se brzo isplati.<\/li>\n<li><strong>Ekolo\u0161ki prihvatljivo:<\/strong> Smanjenjem potro\u0161nje vode ecoturbino doprinosi o\u010duvanju vodnih resursa i smanjenju emisije CO2. To nije samo korisno za va\u0161 nov\u010danik ve\u0107 i za okoli\u0161.<\/li>\n<li><strong>Pobolj\u0161ana udobnost tu\u0161iranja:<\/strong> Unato\u010d smanjenju potro\u0161nje vode, <strong>ecoturbino i dalje pru\u017ea nepromijenjeno, ugodno i opu\u0161taju\u0107e iskustvo tu\u0161iranja<\/strong>. Tehnologija osigurava da struja vode ostane jaka i ugodna bez rasipanja (na\u010delo pove\u0107anja tlaka bez vanjske energije).<\/li>\n<\/ul>\n\t\t<\/div>\n\t\t\t\t\n<style>\n#col-1781176303 > .col-inner {\n  padding: 5px 15px 15px 15px;\n  border-radius: 10px;\n}\n<\/style>\n\t<\/div>\n\n\t\n\n\t<div id=\"col-211958812\" class=\"col medium-6 small-12 large-6\"  >\n\t\t\t\t<div class=\"col-inner\" style=\"background-color:#c0d63d;\" >\n\t\t\t\n\t\t\t\n\t<div id=\"text-1960629625\" class=\"text\">\n\t\t\n<h4 class=\"uppercase\">ZAKLJU\u010cAK<\/h4>\n\t\t\n<style>\n#text-1960629625 {\n  font-size: 2rem;\n  text-align: right;\n  color: rgb(255,255,255);\n}\n#text-1960629625 > * {\n  color: rgb(255,255,255);\n}\n@media (min-width:850px) {\n  #text-1960629625 {\n    font-size: 3.5rem;\n  }\n}\n<\/style>\n\t<\/div>\n\t\n<h3>Prednosti za sve zahvaljuju\u0107i ecoturbino sustavu<\/h3>\n<p>ecoturbino tehnologija je a <strong>win-win rje\u0161enje za sve<\/strong> suo\u010davanje s ograni\u010denim izvorima tople vode. To <strong>smanjuje potro\u0161nju vode, osigurava dovoljno tople vode za sve,<\/strong> i nudi brojne prednosti u smislu u\u0161tede, ekolo\u0161ke prihvatljivosti i udobnosti tu\u0161iranja.<\/p>\n<blockquote>\n<p>Bilo da se radi o obiteljskim ku\u0107ama, teretanama ili drugim komunalnim objektima, ecoturbino osigurava u\u010dinkovitu i zadovoljavaju\u0107u opskrbu toplom vodom za sve.<\/p>\n<\/blockquote>\n<p>Trebalo bi <strong>postoje\u0107i odvod premali,<\/strong> ecoturbino tako\u0111er mo\u017ee pomo\u0107i kod ovog problema. Umjesto poplava, kori\u0161tenje na\u0161ih proizvoda je <strong>\u010desto dovoljno da sprije\u010di prelijevanje,<\/strong> tako da je potrebno samo 60% odvodnog kapaciteta \u2013 prelijevanje se \u010desto mo\u017ee sprije\u010diti.<\/p>\n\t\t<\/div>\n\t\t\t\t\n<style>\n#col-211958812 > .col-inner {\n  padding: 10px 20px 1px 25px;\n  border-radius: 10px;\n}\n<\/style>\n\t<\/div>\n\n\t\n<\/div>\n\t\t<\/div>\n\t\t\t\t\n<style>\n#col-758392734 > .col-inner {\n  margin: 0px 0px -125px 0px;\n}\n@media (min-width:550px) {\n  #col-758392734 > .col-inner {\n    margin: 0px 0px -200px 0px;\n  }\n}\n<\/style>\n\t<\/div>\n\n\t\n<\/div>\n\t\t<\/div>\n\n\t\t\n<style>\n#section_521665042 {\n  padding-top: 30px;\n  padding-bottom: 30px;\n}\n<\/style>\n\t<\/section>\n\t\n\n\t<section class=\"section\" id=\"section_2102673403\">\n\t\t<div class=\"section-bg fill\" >\n\t\t\t<img decoding=\"async\" width=\"1920\" height=\"683\" src=\"https:\/\/ecoturbino.world\/wp-content\/uploads\/2025\/12\/ecoturbino-function_1920-1.webp\" class=\"bg attachment- size-\" alt=\"funkcija ekoturbina\" \/>\t\t\t\t\t\t<div class=\"section-bg-overlay absolute fill\"><\/div>\n\t\t\t\n\n\t\t<\/div>\n\n\t\t\t<div class=\"ux-shape-divider ux-shape-divider--top ux-shape-divider--style-waves-opacity\">\n\t\t<svg viewbox=\"0 0 1000 300\" xmlns=\"http:\/\/www.w3.org\/2000\/svg\" preserveaspectratio=\"none\">\n    <path class=\"ux-shape-fill\" d=\"M0 300L-1 69.71C216 57 299.47 198.86 403 226C506 253 577 196 660 197C740 198 790.09 234.07 874 267C935.23 291 982 282.61 1000 277.61V300H0Z\"\/>\n    <path class=\"ux-shape-fill\" opacity=\"0.5\" d=\"M1 265.094L0 50.5C217 37.79 300.47 186.36 404 213.5C507 240.5 578 196.5 661 197.5C741 198.5 787.59 239.57 871.5 272.5C932.73 296.5 980.5 284.5 998.5 279.5V298.5L1 265.094Z\"\/>\n    <path class=\"ux-shape-fill\" opacity=\"0.15\" d=\"M0.999878 244.094L-0.00012207 27C217 14.29 300.47 173.86 404 201C507 228 578 196 661 197C741 198 787.59 243.07 871.5 276C932.73 300 980.5 284.5 998.5 279.5V299L0.999878 244.094Z\"\/>\n<\/svg>\n\n\t<\/div>\n\n\n\t\t<div class=\"section-content relative\">\n\t\t\t\n\t\t<\/div>\n\n\t\t\n<style>\n#section_2102673403 {\n  padding-top: 125px;\n  padding-bottom: 125px;\n}\n#section_2102673403 .section-bg-overlay {\n  background-color: rgba(0, 0, 0, 0.25);\n}\n#section_2102673403 .ux-shape-divider--top svg {\n  height: 80px;\n  --divider-top-width: 100%;\n}\n@media (min-width:550px) {\n  #section_2102673403 {\n    padding-top: 250px;\n    padding-bottom: 250px;\n  }\n  #section_2102673403 .ux-shape-divider--top svg {\n    height: 124px;\n  }\n}\n<\/style>\n\t<\/section>","protected":false},"excerpt":{"rendered":"","protected":false},"author":2,"featured_media":1556,"parent":0,"menu_order":0,"comment_status":"closed","ping_status":"closed","template":"page-blank.php","meta":{"inline_featured_image":false,"footnotes":""},"class_list":["post-1202","page","type-page","status-publish","has-post-thumbnail","hentry"],"_links":{"self":[{"href":"https:\/\/ecoturbino.world\/hr\/wp-json\/wp\/v2\/pages\/1202","targetHints":{"allow":["GET"]}}],"collection":[{"href":"https:\/\/ecoturbino.world\/hr\/wp-json\/wp\/v2\/pages"}],"about":[{"href":"https:\/\/ecoturbino.world\/hr\/wp-json\/wp\/v2\/types\/page"}],"author":[{"embeddable":true,"href":"https:\/\/ecoturbino.world\/hr\/wp-json\/wp\/v2\/users\/2"}],"replies":[{"embeddable":true,"href":"https:\/\/ecoturbino.world\/hr\/wp-json\/wp\/v2\/comments?post=1202"}],"version-history":[{"count":0,"href":"https:\/\/ecoturbino.world\/hr\/wp-json\/wp\/v2\/pages\/1202\/revisions"}],"wp:featuredmedia":[{"embeddable":true,"href":"https:\/\/ecoturbino.world\/hr\/wp-json\/wp\/v2\/media\/1556"}],"wp:attachment":[{"href":"https:\/\/ecoturbino.world\/hr\/wp-json\/wp\/v2\/media?parent=1202"}],"curies":[{"name":"wp","href":"https:\/\/api.w.org\/{rel}","templated":true}]}}