{"id":1198,"date":"2024-01-01T11:46:22","date_gmt":"2024-01-01T10:46:22","guid":{"rendered":"https:\/\/ecoturbino.eu\/?page_id=1198"},"modified":"2024-01-16T00:49:38","modified_gmt":"2024-01-15T23:49:38","slug":"utjecaj-2","status":"publish","type":"page","link":"https:\/\/ecoturbino.world\/hr\/impact-2\/","title":{"rendered":"Optimizirana i vidljiva higijena u tu\u0161evima | tu\u0161 glave"},"content":{"rendered":"<section class=\"section zindex1\" id=\"section_501060632\">\n\t\t<div class=\"section-bg fill\" >\n\t\t\t\t\t\t\t\t\t\n\t\t\t\n\n\t\t<\/div>\n\n\t\t\n\n\t\t<div class=\"section-content relative\">\n\t\t\t\n<div class=\"row row-small\"  id=\"row-1409246041\">\n\n\t<div id=\"col-1345715178\" class=\"col medium-9 small-12 large-9\"  >\n\t\t\t\t<div class=\"col-inner\"  >\n\t\t\t\n\t\t\t\n<h1 class=\"uppercase\">Optimizirana i vidljiva higijena POD TU\u0160EVIMA I KUPALOM<\/h1>\n<h3 class=\"thin-font\">drugi utjecaj ecoturbino\u00ae watersaving sustava za za\u0161titu okoli\u0161a<\/h3>\n<div class=\"row\"  id=\"row-180469526\">\n\n\t<div id=\"col-635363135\" class=\"col medium-11 small-12 large-11\"  >\n\t\t\t\t<div class=\"col-inner\"  >\n\t\t\t\n\t\t\t\n\t<div id=\"stack-472501272\" class=\"stack stack-row justify-start items-start\">\n\t\t\n\t<div class=\"img has-hover x md-x lg-x y md-y lg-y\" id=\"image_1428805113\">\n\t\t<a class=\"\" href=\"\/hr\/utjecaj-1\/\" >\t\t\t\t\t\t<div class=\"img-inner image-color dark\" >\n\t\t\t<img decoding=\"async\" width=\"100\" height=\"100\" src=\"https:\/\/ecoturbino.world\/wp-content\/uploads\/2024\/01\/impact1.svg\" class=\"attachment-original size-original\" alt=\"\" \/>\t\t\t\t\t\t\n\t\t\t\t\t<\/div>\n\t\t\t\t\t\t<\/a>\t\t\n<style>\n#image_1428805113 {\n  width: 100%;\n}\n<\/style>\n\t<\/div>\n\t\n\t<div class=\"img has-hover x md-x lg-x y md-y lg-y\" id=\"image_2026048543\">\n\t\t\t\t\t\t\t\t<div class=\"img-inner dark\" >\n\t\t\t<img decoding=\"async\" width=\"100\" height=\"100\" src=\"https:\/\/ecoturbino.world\/wp-content\/uploads\/2024\/01\/impact2.svg\" class=\"attachment-original size-original\" alt=\"\" \/>\t\t\t\t\t\t\n\t\t\t\t\t<\/div>\n\t\t\t\t\t\t\t\t\n<style>\n#image_2026048543 {\n  width: 100%;\n}\n<\/style>\n\t<\/div>\n\t\n\t<div class=\"img has-hover x md-x lg-x y md-y lg-y\" id=\"image_1441459781\">\n\t\t<a class=\"\" href=\"\/hr\/utjecaj-3\/\" >\t\t\t\t\t\t<div class=\"img-inner image-color dark\" >\n\t\t\t<img decoding=\"async\" width=\"100\" height=\"100\" src=\"https:\/\/ecoturbino.world\/wp-content\/uploads\/2024\/01\/impact3.svg\" class=\"attachment-original size-original\" alt=\"Utjecaj 3 ekoturbina\" \/>\t\t\t\t\t\t\n\t\t\t\t\t<\/div>\n\t\t\t\t\t\t<\/a>\t\t\n<style>\n#image_1441459781 {\n  width: 100%;\n}\n<\/style>\n\t<\/div>\n\t\n\t<div class=\"img has-hover x md-x lg-x y md-y lg-y\" id=\"image_871062744\">\n\t\t<a class=\"\" href=\"\/hr\/utjecaj-4\/\" >\t\t\t\t\t\t<div class=\"img-inner image-color dark\" >\n\t\t\t<img decoding=\"async\" width=\"100\" height=\"100\" src=\"https:\/\/ecoturbino.world\/wp-content\/uploads\/2024\/01\/impact4.svg\" class=\"attachment-original size-original\" alt=\"Utjecaj 4 ekoturbina\" \/>\t\t\t\t\t\t\n\t\t\t\t\t<\/div>\n\t\t\t\t\t\t<\/a>\t\t\n<style>\n#image_871062744 {\n  width: 100%;\n}\n<\/style>\n\t<\/div>\n\t\n\t<div class=\"img has-hover x md-x lg-x y md-y lg-y\" id=\"image_1097323142\">\n\t\t<a class=\"\" href=\"\/hr\/utjecaj-5\/\" >\t\t\t\t\t\t<div class=\"img-inner image-color dark\" >\n\t\t\t<img decoding=\"async\" width=\"100\" height=\"100\" src=\"https:\/\/ecoturbino.world\/wp-content\/uploads\/2024\/01\/impact5.svg\" class=\"attachment-original size-original\" alt=\"\" \/>\t\t\t\t\t\t\n\t\t\t\t\t<\/div>\n\t\t\t\t\t\t<\/a>\t\t\n<style>\n#image_1097323142 {\n  width: 100%;\n}\n<\/style>\n\t<\/div>\n\t\n\t<div class=\"img has-hover x md-x lg-x y md-y lg-y\" id=\"image_2135765877\">\n\t\t<a class=\"\" href=\"\/hr\/utjecaj-6\/\" >\t\t\t\t\t\t<div class=\"img-inner image-color dark\" >\n\t\t\t<img decoding=\"async\" width=\"100\" height=\"100\" src=\"https:\/\/ecoturbino.world\/wp-content\/uploads\/2024\/01\/impact6.svg\" class=\"attachment-original size-original\" alt=\"Utjecaj 6 ekoturbina\" \/>\t\t\t\t\t\t\n\t\t\t\t\t<\/div>\n\t\t\t\t\t\t<\/a>\t\t\n<style>\n#image_2135765877 {\n  width: 100%;\n}\n<\/style>\n\t<\/div>\n\t\n\t<div class=\"img has-hover x md-x lg-x y md-y lg-y\" id=\"image_1156613365\">\n\t\t<a class=\"\" href=\"\/hr\/utjecaj-7\/\" >\t\t\t\t\t\t<div class=\"img-inner image-color dark\" >\n\t\t\t<img decoding=\"async\" width=\"100\" height=\"100\" src=\"https:\/\/ecoturbino.world\/wp-content\/uploads\/2024\/01\/impact7.svg\" class=\"attachment-original size-original\" alt=\"Utjecaj 7 ekoturbina\" \/>\t\t\t\t\t\t\n\t\t\t\t\t<\/div>\n\t\t\t\t\t\t<\/a>\t\t\n<style>\n#image_1156613365 {\n  width: 100%;\n}\n<\/style>\n\t<\/div>\n\t\n\t\t\n<style>\n#stack-472501272 > * {\n  --stack-gap: 0.5rem;\n}\n@media (min-width:550px) {\n  #stack-472501272 > * {\n    --stack-gap: 1rem;\n  }\n}\n<\/style>\n\t<\/div>\n\t\n\t\t<\/div>\n\t\t\t\t\t<\/div>\n\n\t\n<\/div>\n\t\t<\/div>\n\t\t\t\t\t<\/div>\n\n\t\n\n\t<div id=\"col-1330015839\" class=\"col medium-3 small-12 large-3\"  >\n\t\t\t\t<div class=\"col-inner\"  >\n\t\t\t\n\t\t\t\n\t<div class=\"img has-hover x md-x lg-x y md-y lg-y\" id=\"image_730440448\">\n\t\t\t\t\t\t\t\t<div class=\"img-inner dark\" >\n\t\t\t<img decoding=\"async\" width=\"100\" height=\"100\" src=\"https:\/\/ecoturbino.world\/wp-content\/uploads\/2024\/01\/impact2.svg\" class=\"attachment-original size-original\" alt=\"\" \/>\t\t\t\t\t\t\n\t\t\t\t\t<\/div>\n\t\t\t\t\t\t\t\t\n<style>\n#image_730440448 {\n  width: 100%;\n}\n<\/style>\n\t<\/div>\n\t\n\t\t<\/div>\n\t\t\t\t\t<\/div>\n\n\t\n<\/div>\n<div class=\"row\"  id=\"row-1804911259\">\n\n\t<div id=\"col-862299164\" class=\"col small-12 large-12\"  >\n\t\t\t\t<div class=\"col-inner\"  >\n\t\t\t\n\t\t\t\n<div class=\"is-divider divider clearfix\" style=\"max-width:100%;height:1px;\"><\/div>\n<h3><span style=\"font-size: 120%;\">O\u010distite tu\u0161eve i crijeva | obavezna za higijenske tu\u0161eve u hotelima, domovima, sportskim objektima itd.<\/span><\/h3>\n<p>The <strong>iskustvo tu\u0161iranja<\/strong> igra sredi\u0161nju ulogu u na\u0161em blagostanju, bilo kod ku\u0107e, u hotelima ili drugom smje\u0161taju.<\/p>\n<p>Opu\u0161taju\u0107e tu\u0161iranje ujutro ili nakon dugog dana mo\u017ee napraviti razliku izme\u0111u dobrog i sjajnog dana. Ali \u0161to ako <strong>tu\u0161evi i crijeva<\/strong> koristimo za \u010di\u0161\u0107enje sebe su sami <strong>kontaminirano bakterijama<\/strong>?<\/p>\n<p>Ovaj problem ne mo\u017ee biti samo <strong>nehigijenski<\/strong> ali tako\u0111er <strong>predstavljaju zdravstveni rizik (kontaminacija legionelom).<\/strong> Ovdje na scenu stupa ne samo inovativna tehnologija ecoturbino <strong>osiguravanje higijenski \u010distih tu\u0161eva i crijeva<\/strong> ali i minimiziranje napora \u010di\u0161\u0107enja, smanjenje kamenca i naslaga te promicanje zdravlja, posebno u smislu rizika od legionele.<\/p>\n\t<div id=\"gap-1286831455\" class=\"gap-element clearfix\" style=\"display:block; height:auto;\">\n\t\t\n<style>\n#gap-1286831455 {\n  padding-top: 30px;\n}\n<\/style>\n\t<\/div>\n\t\n<div class=\"row\"  id=\"row-370206727\">\n\n\t<div id=\"col-1010808254\" class=\"col medium-4 small-12 large-4\"  >\n\t\t\t\t<div class=\"col-inner\"  >\n\t\t\t\n\t\t\t\n\t<div class=\"img has-hover radius10 x md-x lg-x y md-y lg-y\" id=\"image_1546496549\">\n\t\t\t\t\t\t\t\t<div class=\"img-inner dark\" >\n\t\t\t<img decoding=\"async\" width=\"600\" height=\"600\" src=\"https:\/\/ecoturbino.world\/wp-content\/uploads\/2024\/01\/shower-head_600.webp\" class=\"attachment-original size-original\" alt=\"\" srcset=\"https:\/\/ecoturbino.world\/wp-content\/uploads\/2024\/01\/shower-head_600.webp 600w, https:\/\/ecoturbino.world\/wp-content\/uploads\/2024\/01\/shower-head_600-500x500.webp 500w, https:\/\/ecoturbino.world\/wp-content\/uploads\/2024\/01\/shower-head_600-32x32.webp 32w, https:\/\/ecoturbino.world\/wp-content\/uploads\/2024\/01\/shower-head_600-48x48.webp 48w, https:\/\/ecoturbino.world\/wp-content\/uploads\/2024\/01\/shower-head_600-80x80.webp 80w, https:\/\/ecoturbino.world\/wp-content\/uploads\/2024\/01\/shower-head_600-180x180.webp 180w\" sizes=\"(max-width: 600px) 100vw, 600px\" \/>\t\t\t\t\t\t\n\t\t\t\t\t<\/div>\n\t\t\t\t\t\t\t\t\n<style>\n#image_1546496549 {\n  width: 100%;\n}\n<\/style>\n\t<\/div>\n\t\n\t\t<\/div>\n\t\t\t\t\t<\/div>\n\n\t\n\n\t<div id=\"col-1682942442\" class=\"col medium-8 small-12 large-8\"  >\n\t\t\t\t<div class=\"col-inner\"  >\n\t\t\t\n\t\t\t\n<h3>Za\u0161to se tu\u0161evi i crijeva zaprljaju bakterijama?<\/h3>\n<p>Glave tu\u0161eva i crijeva osjetljivi su na bakterijsku kontaminaciju iz nekoliko razloga. Glavni razlog je <strong>voda staja\u0107ica.<\/strong> Kada voda stagnira u cijevima i glavi tu\u0161a, stvara se <strong>idealno tlo za razmno\u017eavanje bakterija<\/strong> i drugi mikroorganizmi.<\/p>\n<p>Kada se glave tu\u0161a i crijeva za tu\u0161iranje ne koriste, primjerice kada se ide na odmor, temperatura vode u <strong>sustava prirodno se di\u017ee na sobnu temperaturu, pove\u0107avaju\u0107i kontaminaciju i rast legionele<\/strong> vi\u0161estruko \u2013 optimalno tlo za razmno\u017eavanje bakterija!<\/p>\n<p>Te se bakterije mogu brzo razmno\u017eavati u toplom i vla\u017enom okru\u017eenju i mogu<strong> izazvati zdravstvene probleme (npr <a href=\"https:\/\/en.wikipedia.org\/wiki\/Pneumonia\" target=\"_blank\" rel=\"noopener sponsored\">upala plu\u0107a<\/a><\/strong>). Drugi problem je<strong> stvaranje kamenca<\/strong> i druge naslage, koje ne samo da izgledaju ru\u017eno nego i <strong>utjecati na u\u010dinkovitost glave tu\u0161a<\/strong> i mo\u017ee dovesti do neravnomjerne raspodjele vode.<\/p>\n\t\t<\/div>\n\t\t\t\t\t<\/div>\n\n\t\n<\/div>\n<div class=\"row\"  id=\"row-1089335417\">\n\n\t<div id=\"col-1180969607\" class=\"col medium-6 small-12 large-6\"  >\n\t\t\t\t<div class=\"col-inner\"  >\n\t\t\t\n\t\t\t\n<h3>Rje\u0161enje za \u010diste tu\u0161eve i crijeva: ecoturbino\u00ae<\/h3>\n<p>Ecoturbino tehnologija nudi u\u010dinkovito rje\u0161enje za ove probleme. Dizajniran je za kontinuirano pra\u017enjenje glava tu\u0161a i crijeva kako bi se sprije\u010dilo stagniranje vode. Ovo ima nekoliko prednosti:<\/p>\n<ul>\n<li><strong>Higijena:<\/strong> Kontinuirano ispu\u0161tanje tu\u0161eva i crijeva nakon tu\u0161iranja zna\u010dajno smanjuje rizik od bakterijske kontaminacije. Bez staja\u0107e vode u glavi tu\u0161a, bakterije i mikroorganizmi nemaju tlo za razmno\u017eavanje.<\/li>\n<li><strong>Napor \u010di\u0161\u0107enja:<\/strong> Zamoran zadatak redovitog \u010di\u0161\u0107enja glava tu\u0161a i crijeva kako bi se sprije\u010dile naslage i nakupljanje kamenca uvelike je eliminiran. Ovo \u0161tedi vrijeme i trud. Napori oko odr\u017eavanja zna\u010dajno su smanjeni!<\/li>\n<li><strong>Kamenac i naslage:<\/strong> Ecoturbino tehnologija tako\u0111er poma\u017ee u smanjenju kamenca i naslaga u tu\u0161evima i crijevima. Ovo ne samo da produ\u017euje \u017eivotni vijek opreme za tu\u0161iranje, ve\u0107 tako\u0111er osigurava dosljedan protok vode i optimalne performanse.<\/li>\n<li><strong>Zdravlje:<\/strong> Osobito je va\u017eno smanjiti rizik od legionele. Legionele su bakterije koje se razmno\u017eavaju u staja\u0107oj vodi i mogu izazvati ozbiljne zdravstvene probleme kada se udi\u0161u putem aerosola. Ecoturbino poma\u017ee smanjiti ovaj rizik i za\u0161tititi zdravlje korisnika.<\/li>\n<li><strong>Vizualna \u010disto\u0107a:<\/strong> Glave tu\u0161eva koje tehnologija ecoturbino kontinuirano ispu\u0161ta uvijek ostaju vizualno \u010diste i privla\u010dne. To pridonosi cjelokupnoj estetici kupaonice.<\/li>\n<\/ul>\n\t\t<\/div>\n\t\t\t\t\t<\/div>\n\n\t\n\n\t<div id=\"col-875469583\" class=\"col medium-6 small-12 large-6\"  >\n\t\t\t\t<div class=\"col-inner\" style=\"background-color:#c0d63d;\" >\n\t\t\t\n\t\t\t\n\t<div id=\"text-2041845469\" class=\"text\">\n\t\t\n<h4 class=\"uppercase\">ZAKLJU\u010cAK<\/h4>\n\t\t\n<style>\n#text-2041845469 {\n  font-size: 2rem;\n  text-align: right;\n  color: rgb(255, 255, 255);\n}\n#text-2041845469 > * {\n  color: rgb(255, 255, 255);\n}\n@media (min-width:850px) {\n  #text-2041845469 {\n    font-size: 3.5rem;\n  }\n}\n<\/style>\n\t<\/div>\n\t\n<h3>Savr\u0161ena higijena kupaonice i vi\u0161e od toga zahvaljuju\u0107i ecoturbinu<\/h3>\n<p><strong>ekoturbino<\/strong> ne samo pru\u017ea <strong>higijenski \u010diste glave tu\u0161eva<\/strong> i crijeva, ali tako\u0111er pridonosi cjelokupnoj higijeni kupaonice. Budu\u0107i da su staja\u0107a voda i s njom povezani problemi s bakterijama smanjeni, ukupna higijena kupaonice je pobolj\u0161ana.<\/p>\n<p>Ovo je posebno va\u017eno u smje\u0161tajima kao \u0161to su <strong>hoteli, stara\u010dki domovi, <a href=\"https:\/\/ecoturbino.world\/hr\/svijet-imenika\/kategorije\/medicinski\/\" target=\"_blank\" rel=\"noopener\">klinike<\/a>, i pansioni<\/strong>, kao i sezonski poslovi i sportski objekti, gdje su sigurnost i udobnost gostiju i pacijenata na prvom mjestu.<\/p>\n<p>Op\u0107enito, ecoturbino je<strong> inovativno rje\u0161enje za \u010desto zanemaren<\/strong> problem. \u010cisti tu\u0161evi i crijeva nisu samo <strong>estetski ugodan<\/strong> ali i bitna za zdravlje i dobrobit korisnika.<\/p>\n<p>Uz ecoturbino, mo\u017eete podi\u0107i<strong> iskustvo tu\u0161iranja u hotelima, domovima<\/strong>, i ostali smje\u0161taj na novu razinu dok<strong> optimizacija higijene kupaonice.<\/strong><\/p>\n\t\t<\/div>\n\t\t\t\t\n<style>\n#col-875469583 > .col-inner {\n  padding: 10px 20px 1px 25px;\n  border-radius: 10px;\n}\n<\/style>\n\t<\/div>\n\n\t\n<\/div>\n<div class=\"video video-fit mb\" style=\"padding-top:56.25%;\"><p><iframe title=\"NAJLAK\u0160I na\u010din za \u010di\u0161\u0107enje glave tu\u0161a\ud83d\udca5(NEVJEROJATAN REZULTAT)!!\" width=\"1020\" height=\"574\" src=\"https:\/\/www.youtube.com\/embed\/J7uwCSF8Ym0?feature=oembed\" frameborder=\"0\" allow=\"accelerometer; autoplay; clipboard-write; encrypted-media; gyroscope; picture-in-picture; web-share\" referrerpolicy=\"strict-origin-when-cross-origin\" allowfullscreen><\/iframe><\/p>\n<\/div>\n\t\t<\/div>\n\t\t\t\t\t<\/div>\n\n\t\n<\/div>\n\t\t<\/div>\n\n\t\t\n<style>\n#section_501060632 {\n  padding-top: 30px;\n  padding-bottom: 30px;\n}\n<\/style>\n\t<\/section>","protected":false},"excerpt":{"rendered":"","protected":false},"author":2,"featured_media":1533,"parent":0,"menu_order":0,"comment_status":"closed","ping_status":"closed","template":"page-blank.php","meta":{"inline_featured_image":false,"footnotes":""},"class_list":["post-1198","page","type-page","status-publish","has-post-thumbnail","hentry"],"_links":{"self":[{"href":"https:\/\/ecoturbino.world\/hr\/wp-json\/wp\/v2\/pages\/1198","targetHints":{"allow":["GET"]}}],"collection":[{"href":"https:\/\/ecoturbino.world\/hr\/wp-json\/wp\/v2\/pages"}],"about":[{"href":"https:\/\/ecoturbino.world\/hr\/wp-json\/wp\/v2\/types\/page"}],"author":[{"embeddable":true,"href":"https:\/\/ecoturbino.world\/hr\/wp-json\/wp\/v2\/users\/2"}],"replies":[{"embeddable":true,"href":"https:\/\/ecoturbino.world\/hr\/wp-json\/wp\/v2\/comments?post=1198"}],"version-history":[{"count":0,"href":"https:\/\/ecoturbino.world\/hr\/wp-json\/wp\/v2\/pages\/1198\/revisions"}],"wp:featuredmedia":[{"embeddable":true,"href":"https:\/\/ecoturbino.world\/hr\/wp-json\/wp\/v2\/media\/1533"}],"wp:attachment":[{"href":"https:\/\/ecoturbino.world\/hr\/wp-json\/wp\/v2\/media?parent=1198"}],"curies":[{"name":"wp","href":"https:\/\/api.w.org\/{rel}","templated":true}]}}