{"id":1195,"date":"2024-01-01T11:44:09","date_gmt":"2024-01-01T10:44:09","guid":{"rendered":"https:\/\/ecoturbino.eu\/?page_id=1195"},"modified":"2024-01-20T12:37:42","modified_gmt":"2024-01-20T11:37:42","slug":"utjecaj-1","status":"publish","type":"page","link":"https:\/\/ecoturbino.world\/hr\/impact-1\/","title":{"rendered":"Do\u017eivljaj zvu\u010dnog tu\u0161a s vodopadom i ki\u0161om | ecoturbino"},"content":{"rendered":"<section class=\"section zindex1\" id=\"section_94527241\">\n\t\t<div class=\"section-bg fill\" >\n\t\t\t\t\t\t\t\t\t\n\t\t\t\n\n\t\t<\/div>\n\n\t\t\n\n\t\t<div class=\"section-content relative\">\n\t\t\t\n<div class=\"row row-small\"  id=\"row-330981782\">\n\n\t<div id=\"col-1998316630\" class=\"col medium-9 small-12 large-9\"  >\n\t\t\t\t<div class=\"col-inner\"  >\n\t\t\t\n\t\t\t\n<h1 class=\"uppercase\">Iskustvo vodopada i ki\u0161nog tu\u0161a | Ecoturbino\u00ae<\/h1>\n<h3 class=\"thin-font\">prvi u\u010dinak ecoturbino\u00ae watersaving sustava za za\u0161titu okoli\u0161a<\/h3>\n<div class=\"row\"  id=\"row-174185091\">\n\n\t<div id=\"col-197463872\" class=\"col medium-11 small-12 large-11\"  >\n\t\t\t\t<div class=\"col-inner\"  >\n\t\t\t\n\t\t\t\n\t<div id=\"stack-2739426955\" class=\"stack stack-row justify-start items-start sm:stack-row\">\n\t\t\n\t<div class=\"img has-hover x md-x lg-x y md-y lg-y\" id=\"image_972609657\">\n\t\t\t\t\t\t\t\t<div class=\"img-inner dark\" >\n\t\t\t<img decoding=\"async\" width=\"100\" height=\"100\" src=\"https:\/\/ecoturbino.world\/wp-content\/uploads\/2024\/01\/impact1.svg\" class=\"attachment-original size-original\" alt=\"\" \/>\t\t\t\t\t\t\n\t\t\t\t\t<\/div>\n\t\t\t\t\t\t\t\t\n<style>\n#image_972609657 {\n  width: 100%;\n}\n<\/style>\n\t<\/div>\n\t\n\t<div class=\"img has-hover x md-x lg-x y md-y lg-y\" id=\"image_664013457\">\n\t\t<a class=\"\" href=\"\/hr\/utjecaj-2\/\" >\t\t\t\t\t\t<div class=\"img-inner image-color dark\" >\n\t\t\t<img decoding=\"async\" width=\"100\" height=\"100\" src=\"https:\/\/ecoturbino.world\/wp-content\/uploads\/2024\/01\/impact2.svg\" class=\"attachment-original size-original\" alt=\"\" \/>\t\t\t\t\t\t\n\t\t\t\t\t<\/div>\n\t\t\t\t\t\t<\/a>\t\t\n<style>\n#image_664013457 {\n  width: 100%;\n}\n<\/style>\n\t<\/div>\n\t\n\t<div class=\"img has-hover x md-x lg-x y md-y lg-y\" id=\"image_559499505\">\n\t\t<a class=\"\" href=\"\/hr\/utjecaj-3\/\" >\t\t\t\t\t\t<div class=\"img-inner image-color dark\" >\n\t\t\t<img decoding=\"async\" width=\"100\" height=\"100\" src=\"https:\/\/ecoturbino.world\/wp-content\/uploads\/2024\/01\/impact3.svg\" class=\"attachment-original size-original\" alt=\"Utjecaj 3 ekoturbina\" \/>\t\t\t\t\t\t\n\t\t\t\t\t<\/div>\n\t\t\t\t\t\t<\/a>\t\t\n<style>\n#image_559499505 {\n  width: 100%;\n}\n<\/style>\n\t<\/div>\n\t\n\t<div class=\"img has-hover x md-x lg-x y md-y lg-y\" id=\"image_1729446624\">\n\t\t<a class=\"\" href=\"\/hr\/utjecaj-4\/\" >\t\t\t\t\t\t<div class=\"img-inner image-color dark\" >\n\t\t\t<img decoding=\"async\" width=\"100\" height=\"100\" src=\"https:\/\/ecoturbino.world\/wp-content\/uploads\/2024\/01\/impact4.svg\" class=\"attachment-original size-original\" alt=\"Utjecaj 4 ekoturbina\" \/>\t\t\t\t\t\t\n\t\t\t\t\t<\/div>\n\t\t\t\t\t\t<\/a>\t\t\n<style>\n#image_1729446624 {\n  width: 100%;\n}\n<\/style>\n\t<\/div>\n\t\n\t<div class=\"img has-hover x md-x lg-x y md-y lg-y\" id=\"image_771430486\">\n\t\t<a class=\"\" href=\"\/hr\/utjecaj-5\/\" >\t\t\t\t\t\t<div class=\"img-inner image-color dark\" >\n\t\t\t<img decoding=\"async\" width=\"100\" height=\"100\" src=\"https:\/\/ecoturbino.world\/wp-content\/uploads\/2024\/01\/impact5.svg\" class=\"attachment-original size-original\" alt=\"\" \/>\t\t\t\t\t\t\n\t\t\t\t\t<\/div>\n\t\t\t\t\t\t<\/a>\t\t\n<style>\n#image_771430486 {\n  width: 100%;\n}\n<\/style>\n\t<\/div>\n\t\n\t<div class=\"img has-hover x md-x lg-x y md-y lg-y\" id=\"image_332059343\">\n\t\t<a class=\"\" href=\"\/hr\/utjecaj-6\/\" >\t\t\t\t\t\t<div class=\"img-inner image-color dark\" >\n\t\t\t<img decoding=\"async\" width=\"100\" height=\"100\" src=\"https:\/\/ecoturbino.world\/wp-content\/uploads\/2024\/01\/impact6.svg\" class=\"attachment-original size-original\" alt=\"Utjecaj 6 ekoturbina\" \/>\t\t\t\t\t\t\n\t\t\t\t\t<\/div>\n\t\t\t\t\t\t<\/a>\t\t\n<style>\n#image_332059343 {\n  width: 100%;\n}\n<\/style>\n\t<\/div>\n\t\n\t<div class=\"img has-hover x md-x lg-x y md-y lg-y\" id=\"image_217833014\">\n\t\t<a class=\"\" href=\"\/hr\/utjecaj-7\/\" >\t\t\t\t\t\t<div class=\"img-inner image-color dark\" >\n\t\t\t<img decoding=\"async\" width=\"100\" height=\"100\" src=\"https:\/\/ecoturbino.world\/wp-content\/uploads\/2024\/01\/impact7.svg\" class=\"attachment-original size-original\" alt=\"Utjecaj 7 ekoturbina\" \/>\t\t\t\t\t\t\n\t\t\t\t\t<\/div>\n\t\t\t\t\t\t<\/a>\t\t\n<style>\n#image_217833014 {\n  width: 100%;\n}\n<\/style>\n\t<\/div>\n\t\n\t\t\n<style>\n#stack-2739426955 > * {\n  --stack-gap: 0.5rem;\n}\n@media (min-width:550px) {\n  #stack-2739426955 > * {\n    --stack-gap: 1rem;\n  }\n}\n<\/style>\n\t<\/div>\n\t\n\t\t<\/div>\n\t\t\t\t\t<\/div>\n\n\t\n<\/div>\n\t\t<\/div>\n\t\t\t\t\t<\/div>\n\n\t\n\n\t<div id=\"col-635691903\" class=\"col medium-3 small-12 large-3\"  >\n\t\t\t\t<div class=\"col-inner\"  >\n\t\t\t\n\t\t\t\n\t<div class=\"img has-hover x md-x lg-x y md-y lg-y\" id=\"image_967220673\">\n\t\t\t\t\t\t\t\t<div class=\"img-inner dark\" >\n\t\t\t<img decoding=\"async\" width=\"100\" height=\"100\" src=\"https:\/\/ecoturbino.world\/wp-content\/uploads\/2024\/01\/impact1.svg\" class=\"attachment-original size-original\" alt=\"\" \/>\t\t\t\t\t\t\n\t\t\t\t\t<\/div>\n\t\t\t\t\t\t\t\t\n<style>\n#image_967220673 {\n  width: 100%;\n}\n<\/style>\n\t<\/div>\n\t\n\t\t<\/div>\n\t\t\t\t\t<\/div>\n\n\t\n<\/div>\n<div class=\"row\"  id=\"row-1018761913\">\n\n\t<div id=\"col-1017225608\" class=\"col small-12 large-12\"  >\n\t\t\t\t<div class=\"col-inner\"  >\n\t\t\t\n\t\t\t\n<div class=\"is-divider divider clearfix\" style=\"max-width:100%;height:1px;\"><\/div>\n<h2><span style=\"font-size: 120%;\">Iskustvo tu\u0161iranja kao da ste na otvorenom | zvu\u010dni ki\u0161ni tu\u0161 za udobnost<\/span><\/h2>\n<p>Za mnoge ljude, svakodnevno <strong>tu\u0161iranje<\/strong> je vi\u0161e od samo neophodne higijenske mjere. to je <strong>trenutak opu\u0161tanja, blagostanja i osvje\u017eenja.<\/strong><\/p>\n<p>U dana\u0161njem u\u017eurbanom svijetu, gdje su stres i rokovi sveprisutni, <strong>tu\u0161 mo\u017ee biti oaza mira<\/strong> i pomla\u0111ivanje.<\/p>\n<p>A kada mo\u017eete pobolj\u0161ati<strong> iskustvo tu\u0161iranja po osje\u0107aju<\/strong> kao da stoji\u0161 pod a <strong>osvje\u017eavaju\u0107i ki\u0161ni tu\u0161 na otvorenom ili pored vodopada,<\/strong> taj trenutak postaje ne\u0161to uistinu posebno. Zahvaljuju\u0107i ecoturbinu, to je sada mogu\u0107e.<\/p>\n<h3>\u010ce\u017enja za prirodom u kupaonici<\/h3>\n<p>The <strong>\u010de\u017enja za prirodom i vani<\/strong> je duboko ukorijenjeno u nama. Kroz povijest, <strong>ljudi su tra\u017eili vezu s prirodom<\/strong> i integrirali ga u na\u0161 svakodnevni \u017eivot, bilo ozelenjavanjem \u017eivotnog prostora ili kori\u0161tenjem prirodnih materijala.<\/p>\n<p>Stoga je sasvim prirodno da i mi \u017eelimo do\u017eivjeti prirodu u svojim kupaonicama. Ideja stajanja pod osvje\u017eavaju\u0107im ki\u0161nim tu\u0161em, zajedno s <strong>zvukovi vode na otvorenom<\/strong>, dok je toplo <strong>voda nje\u017eno te\u010de po na\u0161im tijelima<\/strong>, vrlo je privla\u010dan mnogima od nas. Zahvaljuju\u0107i ecoturbinu, to je sada mogu\u0107e.<\/p>\n\t<div id=\"gap-394046175\" class=\"gap-element clearfix\" style=\"display:block; height:auto;\">\n\t\t\n<style>\n#gap-394046175 {\n  padding-top: 30px;\n}\n<\/style>\n\t<\/div>\n\t\n<div class=\"row\"  id=\"row-797350508\">\n\n\t<div id=\"col-1260533019\" class=\"col medium-4 small-12 large-4\"  >\n\t\t\t\t<div class=\"col-inner\"  >\n\t\t\t\n\t\t\t\n\t<div class=\"img has-hover radius10 x md-x lg-x y md-y lg-y\" id=\"image_1201006709\">\n\t\t\t\t\t\t\t\t<div class=\"img-inner dark\" >\n\t\t\t<img decoding=\"async\" width=\"600\" height=\"600\" src=\"https:\/\/ecoturbino.world\/wp-content\/uploads\/2024\/01\/waterfall_600.webp\" class=\"attachment-original size-original\" alt=\"Simbol vodopada\" srcset=\"https:\/\/ecoturbino.world\/wp-content\/uploads\/2024\/01\/waterfall_600.webp 600w, https:\/\/ecoturbino.world\/wp-content\/uploads\/2024\/01\/waterfall_600-500x500.webp 500w, https:\/\/ecoturbino.world\/wp-content\/uploads\/2024\/01\/waterfall_600-32x32.webp 32w, https:\/\/ecoturbino.world\/wp-content\/uploads\/2024\/01\/waterfall_600-48x48.webp 48w, https:\/\/ecoturbino.world\/wp-content\/uploads\/2024\/01\/waterfall_600-80x80.webp 80w, https:\/\/ecoturbino.world\/wp-content\/uploads\/2024\/01\/waterfall_600-180x180.webp 180w\" sizes=\"(max-width: 600px) 100vw, 600px\" \/>\t\t\t\t\t\t\n\t\t\t\t\t<\/div>\n\t\t\t\t\t\t\t\t\n<style>\n#image_1201006709 {\n  width: 100%;\n}\n<\/style>\n\t<\/div>\n\t\n\t\t<\/div>\n\t\t\t\t\t<\/div>\n\n\t\n\n\t<div id=\"col-2491303\" class=\"col medium-8 small-12 large-8\"  >\n\t\t\t\t<div class=\"col-inner\"  >\n\t\t\t\n\t\t\t\n<h3>Zvuk vode i ki\u0161e | opu\u0161taju\u0107e slu\u0161no iskustvo<\/h3>\n<p>Ali <strong>Iskustvo zvu\u010dnog tu\u0161iranja ki\u0161om i vodom<\/strong> pod tu\u0161em nadilazi osje\u0107aj tople ki\u0161e na ko\u017ei. Tako\u0111er uklju\u010duje umiruju\u0107i zvuk ki\u0161e koja nje\u017eno udara o tijelo i zatim se spu\u0161ta prema dolje. Ovo nje\u017eno tapkanje podsje\u0107a nas na osvje\u017eenje <strong>vanjski ki\u0161ni tu\u0161<\/strong> i poma\u017ee rije\u0161iti se stresa svakodnevnog \u017eivota.<\/p>\n<blockquote>\n<p>Mjehuri\u0107i zraka pod tlakom koje ecoturbino integrira u struju vode u biti se odmotaju dok izlaze iz mlaznica glave tu\u0161a. To stvara osje\u0107aj svje\u017eeg zvuka koji se najbolje mo\u017ee usporediti s ki\u0161nim tu\u0161em na otvorenom. Fantasti\u010dno iskustvo.<\/p>\n<\/blockquote>\n<p>The <strong>zvuk od <a href=\"https:\/\/en.wikipedia.org\/wiki\/Waterfall\" target=\"_blank\" rel=\"noopener sponsored\">slap<\/a><\/strong> mo\u017ee djelovati umiruju\u0107e i ubla\u017eiti stres. To stvara a <strong>opu\u0161tena atmosfera koja olak\u0161ava otpu\u0161tanje<\/strong> i usredoto\u010dite se na iskustvo tu\u0161iranja. Lagani \u0161um vode mo\u017ee umiriti um i opustiti tijelo, \u0161to je posebno ugodno nakon dugog dana.<\/p>\n\t\t<\/div>\n\t\t\t\t\t<\/div>\n\n\t\n<\/div>\n\t<div id=\"gap-1814728815\" class=\"gap-element clearfix\" style=\"display:block; height:auto;\">\n\t\t\n<style>\n#gap-1814728815 {\n  padding-top: 30px;\n}\n<\/style>\n\t<\/div>\n\t\n<div class=\"row\"  id=\"row-574467693\">\n\n\t<div id=\"col-747872085\" class=\"col medium-6 small-12 large-6\"  >\n\t\t\t\t<div class=\"col-inner\"  >\n\t\t\t\n\t\t\t\n<h3>Znanost iza iskustva tu\u0161iranja<\/h3>\n<blockquote>\n<p>Opu\u0161taju\u0107i u\u010dinak zvukova vode znanstveno je potkrijepljen. Studije su pokazale da slu\u0161anje zvukova vode mo\u017ee smanjiti razinu stresa.<\/p>\n<\/blockquote>\n<p>The <strong>zvuk ki\u0161e, valova ili vode koja te\u010de<\/strong> aktivira odre\u0111ene dijelove mozga povezane s opu\u0161tanjem i blagostanjem.<\/p>\n<p>To obja\u0161njava za\u0161to mnogi ljudi <strong>tu\u0161iranje smatrajte na\u010dinom osloba\u0111anja od stresa i opu\u0161tanja<\/strong>. Zahvaljuju\u0107i ecoturbinu, to je sada mogu\u0107e.<\/p>\n\t\t<\/div>\n\t\t\t\t\t<\/div>\n\n\t\n\n\t<div id=\"col-89255110\" class=\"col medium-6 small-12 large-6\"  >\n\t\t\t\t<div class=\"col-inner\" style=\"background-color:#c0d63d;\" >\n\t\t\t\n\t\t\t\n\t<div id=\"text-3490218563\" class=\"text\">\n\t\t\n<h4 class=\"uppercase\">ZAKLJU\u010cAK<\/h4>\n\t\t\n<style>\n#text-3490218563 {\n  font-size: 2rem;\n  text-align: right;\n  color: rgb(255, 255, 255);\n}\n#text-3490218563 > * {\n  color: rgb(255, 255, 255);\n}\n@media (min-width:850px) {\n  #text-3490218563 {\n    font-size: 3.5rem;\n  }\n}\n<\/style>\n\t<\/div>\n\t\n<h3>U\u017eivanje u iskustvu tu\u0161iranja kao na otvorenom<\/h3>\n<p>Do\u017eivljaj tu\u0161iranja kao da je <strong>zvu\u010dni ki\u0161ni pljusak<\/strong> je vi\u0161e od obi\u010dnog tu\u0161a. To je na\u010din da integriramo prirodu u na\u0161 svakodnevni \u017eivot, smanjimo stres i opustimo se.<\/p>\n<p>S ki\u0161nim tu\u0161em i <strong>odgovaraju\u0107i atmosferski elementi u <a href=\"https:\/\/ecoturbino.world\/hr\/svijet-imenika\/kategorije\/hotel\/\">hotel<\/a> ili ku\u0107nu kupaonicu<\/strong>, svatko mo\u017ee do\u017eivjeti ovaj poseban trenutak opu\u0161tanja.<\/p>\n<p>Stoga si s vremena na vrijeme priu\u0161tite predah pod svojim malim ki\u0161nim oblakom i u\u017eivajte u osje\u0107aju kao da stojite pod toplim ki\u0161nim tu\u0161em na otvorenom. Va\u0161e tijelo i um bit \u0107e vam zahvalni.<\/p>\n\t\t<\/div>\n\t\t\t\t\n<style>\n#col-89255110 > .col-inner {\n  padding: 10px 20px 1px 25px;\n  border-radius: 10px;\n}\n<\/style>\n\t<\/div>\n\n\t\n<\/div>\n<div class=\"video video-fit mb\" style=\"padding-top:56.25%;\"><p><iframe title=\"Vodopad koji te\u010de preko stijena u \u0161umi 4k. Opu\u0161taju\u0107a voda koja te\u010de, bijeli \u0161um za spavanje, meditacija\" width=\"1020\" height=\"574\" src=\"https:\/\/www.youtube.com\/embed\/sa2JCQ1Dils?feature=oembed\" frameborder=\"0\" allow=\"accelerometer; autoplay; clipboard-write; encrypted-media; gyroscope; picture-in-picture; web-share\" referrerpolicy=\"strict-origin-when-cross-origin\" allowfullscreen><\/iframe><\/p>\n<\/div>\n\t\t<\/div>\n\t\t\t\t\t<\/div>\n\n\t\n<\/div>\n\t\t<\/div>\n\n\t\t\n<style>\n#section_94527241 {\n  padding-top: 30px;\n  padding-bottom: 30px;\n}\n<\/style>\n\t<\/section>","protected":false},"excerpt":{"rendered":"","protected":false},"author":2,"featured_media":1494,"parent":0,"menu_order":0,"comment_status":"closed","ping_status":"closed","template":"page-blank.php","meta":{"inline_featured_image":false,"footnotes":""},"class_list":["post-1195","page","type-page","status-publish","has-post-thumbnail","hentry"],"_links":{"self":[{"href":"https:\/\/ecoturbino.world\/hr\/wp-json\/wp\/v2\/pages\/1195","targetHints":{"allow":["GET"]}}],"collection":[{"href":"https:\/\/ecoturbino.world\/hr\/wp-json\/wp\/v2\/pages"}],"about":[{"href":"https:\/\/ecoturbino.world\/hr\/wp-json\/wp\/v2\/types\/page"}],"author":[{"embeddable":true,"href":"https:\/\/ecoturbino.world\/hr\/wp-json\/wp\/v2\/users\/2"}],"replies":[{"embeddable":true,"href":"https:\/\/ecoturbino.world\/hr\/wp-json\/wp\/v2\/comments?post=1195"}],"version-history":[{"count":0,"href":"https:\/\/ecoturbino.world\/hr\/wp-json\/wp\/v2\/pages\/1195\/revisions"}],"wp:featuredmedia":[{"embeddable":true,"href":"https:\/\/ecoturbino.world\/hr\/wp-json\/wp\/v2\/media\/1494"}],"wp:attachment":[{"href":"https:\/\/ecoturbino.world\/hr\/wp-json\/wp\/v2\/media?parent=1195"}],"curies":[{"name":"wp","href":"https:\/\/api.w.org\/{rel}","templated":true}]}}