{"id":2870,"date":"2024-01-18T01:59:26","date_gmt":"2024-01-18T00:59:26","guid":{"rendered":"https:\/\/ecoturbino.eu\/?page_id=2870"},"modified":"2024-01-18T02:07:39","modified_gmt":"2024-01-18T01:07:39","slug":"gtc","status":"publish","type":"page","link":"https:\/\/ecoturbino.world\/fr\/gtc\/","title":{"rendered":"Conditions g\u00e9n\u00e9rales d'utilisation"},"content":{"rendered":"<div class=\"banner has-hover\" id=\"banner-442304981\">\n          <div class=\"banner-inner fill\">\n        <div class=\"banner-bg fill\" >\n            <img decoding=\"async\" width=\"2000\" height=\"230\" src=\"https:\/\/ecoturbino.world\/wp-content\/uploads\/2024\/01\/wasser-faq-2000-sw.webp\" class=\"bg attachment-original size-original\" alt=\"Collecteur d&#039;eau\" \/>                                    \n                    <\/div>\n\t\t\n        <div class=\"banner-layers container\">\n            <div class=\"fill banner-link\"><\/div>            \n   <div id=\"text-box-622516286\" class=\"text-box banner-layer x50 md-x50 lg-x50 y50 md-y50 lg-y50 res-text\">\n                                <div class=\"text-box-content text dark\">\n              \n              <div class=\"text-inner text-center\">\n                  \n<h1>CTG<\/h1>\n              <\/div>\n           <\/div>\n                            \n<style>\n#text-box-622516286 {\n  width: 100%;\n}\n#text-box-622516286 .text-box-content {\n  font-size: 100%;\n}\n@media (min-width:550px) {\n  #text-box-622516286 {\n    width: 71%;\n  }\n}\n@media (min-width:850px) {\n  #text-box-622516286 {\n    width: 50%;\n  }\n}\n<\/style>\n    <\/div>\n \n        <\/div>\n      <\/div>\n\n            \n<style>\n#banner-442304981 {\n  padding-top: 110px;\n}\n@media (min-width:550px) {\n  #banner-442304981 {\n    padding-top: 170px;\n  }\n}\n@media (min-width:850px) {\n  #banner-442304981 {\n    padding-top: 190px;\n  }\n}\n<\/style>\n  <\/div>\n\n\n<div class=\"row\"  id=\"row-830492577\">\n\n\t<div id=\"col-1475098662\" class=\"col small-12 large-12\"  >\n\t\t\t\t<div class=\"col-inner\"  >\n\t\t\t\n\t\t\t\n<h2>Conditions g\u00e9n\u00e9rales pour ecoturbino\u00ae World<\/h2>\n<ol>\n<li><strong>Responsabilit\u00e9<\/strong><br \/>Nous n'assumons aucune responsabilit\u00e9 pour les erreurs ou les probl\u00e8mes techniques pouvant survenir sur l'Internet. Le droit autrichien s'applique.<\/li>\n<li><strong>Responsabilit\u00e9 du contenu<\/strong><br \/>Les informations contenues dans ce site web sont uniquement destin\u00e9es \u00e0 des fins d'information g\u00e9n\u00e9rale et ne sont pas contraignantes.<\/li>\n<li><strong>Clause de non-responsabilit\u00e9 concernant le contenu des sites li\u00e9s<\/strong><br \/>Ce site web contient divers liens vers d'autres pages de fabricants, etc. sur l'Internet. Nous soulignons express\u00e9ment que nous n'avons aucune influence sur le contenu et la conception des pages li\u00e9es. Nous ne pouvons donc pas garantir l'actualit\u00e9, l'exactitude et l'exhaustivit\u00e9 des informations qui y sont fournies. Nous nous distan\u00e7ons express\u00e9ment de tous les contenus de ces pages. Cette d\u00e9claration s'applique \u00e0 tous les liens vers des pages externes contenus dans notre site et \u00e0 tous les contenus de ces pages auxquels les liens m\u00e8nent.<\/li>\n<li><strong>Droit \u00e0 l'image<\/strong><br \/>Tous les droits d'image des illustrations de la boutique sont d\u00e9tenus par Ressourcen Saving GmbH et Webdeals Shops GmbH. Toute utilisation sans notre accord expr\u00e8s est interdite.<\/li>\n<li><strong>Politique de confidentialit\u00e9 et de protection de la vie priv\u00e9e<\/strong><br \/>Veuillez vous r\u00e9f\u00e9rer \u00e0 notre <a href=\"\/fr\/cockpit-prive\/vie-privee\/\">Accord de confidentialit\u00e9 GDPR<\/a>.<\/li>\n<li><strong>Clause de divisibilit\u00e9 \/ Divers<\/strong><br \/>La nullit\u00e9 de certaines dispositions des pr\u00e9sentes conditions g\u00e9n\u00e9rales ou du contrat d'achat n'affecte pas la validit\u00e9 des autres dispositions. La disposition l\u00e9gale s'applique en lieu et place de la disposition invalide.<\/li>\n<\/ol>\n\t\t<\/div>\n\t\t\t\t\t<\/div>\n\n\t\n<\/div>\n\t<div id=\"gap-523673740\" class=\"gap-element clearfix\" style=\"display:block; height:auto;\">\n\t\t\n<style>\n#gap-523673740 {\n  padding-top: 30px;\n}\n<\/style>\n\t<\/div>","protected":false},"excerpt":{"rendered":"","protected":false},"author":1,"featured_media":0,"parent":0,"menu_order":0,"comment_status":"closed","ping_status":"closed","template":"page-blank.php","meta":{"inline_featured_image":false,"footnotes":""},"class_list":["post-2870","page","type-page","status-publish","hentry"],"_links":{"self":[{"href":"https:\/\/ecoturbino.world\/fr\/wp-json\/wp\/v2\/pages\/2870","targetHints":{"allow":["GET"]}}],"collection":[{"href":"https:\/\/ecoturbino.world\/fr\/wp-json\/wp\/v2\/pages"}],"about":[{"href":"https:\/\/ecoturbino.world\/fr\/wp-json\/wp\/v2\/types\/page"}],"author":[{"embeddable":true,"href":"https:\/\/ecoturbino.world\/fr\/wp-json\/wp\/v2\/users\/1"}],"replies":[{"embeddable":true,"href":"https:\/\/ecoturbino.world\/fr\/wp-json\/wp\/v2\/comments?post=2870"}],"version-history":[{"count":0,"href":"https:\/\/ecoturbino.world\/fr\/wp-json\/wp\/v2\/pages\/2870\/revisions"}],"wp:attachment":[{"href":"https:\/\/ecoturbino.world\/fr\/wp-json\/wp\/v2\/media?parent=2870"}],"curies":[{"name":"wp","href":"https:\/\/api.w.org\/{rel}","templated":true}]}}