{"id":1215,"date":"2024-01-01T12:07:15","date_gmt":"2024-01-01T11:07:15","guid":{"rendered":"https:\/\/ecoturbino.eu\/?page_id=1215"},"modified":"2025-12-29T22:45:35","modified_gmt":"2025-12-29T21:45:35","slug":"impact-6","status":"publish","type":"page","link":"https:\/\/ecoturbino.world\/fr\/impact-6\/","title":{"rendered":"Absolument sans entretien et r\u00e9trofit dans toutes les douches \u2013 peut \u00eatre install\u00e9 par n'importe qui"},"content":{"rendered":"<section class=\"section zindex1\" id=\"section_463812970\">\n\t\t<div class=\"section-bg fill\" >\n\t\t\t\t\t\t\t\t\t\n\t\t\t\n\n\t\t<\/div>\n\n\t\t\n\n\t\t<div class=\"section-content relative\">\n\t\t\t\n<div class=\"row row-small\"  id=\"row-836216538\">\n\n\t<div id=\"col-1275670757\" class=\"col medium-9 small-12 large-9\"  >\n\t\t\t\t<div class=\"col-inner\"  >\n\t\t\t\n\t\t\t\n<h2 class=\"uppercase\">Absolument sans entretien et adaptable \u00e0 toutes les douches - installable par n'importe qui<\/h2>\n<h3 class=\"thin-font\">le sixi\u00e8me impact du syst\u00e8me ecoturbino\u00ae d'\u00e9conomie d'eau et de protection de l'environnement<\/h3>\n<div class=\"row\"  id=\"row-2073349639\">\n\n\t<div id=\"col-1485549847\" class=\"col medium-11 small-12 large-11\"  >\n\t\t\t\t<div class=\"col-inner\"  >\n\t\t\t\n\t\t\t\n\t<div id=\"stack-4273011792\" class=\"stack stack-row justify-start items-start\">\n\t\t\n\t<div class=\"img has-hover x md-x lg-x y md-y lg-y\" id=\"image_786929973\">\n\t\t<a class=\"\" href=\"\/fr\/impact-1\/\" >\t\t\t\t\t\t<div class=\"img-inner image-color dark\" >\n\t\t\t<img decoding=\"async\" width=\"100\" height=\"100\" src=\"https:\/\/ecoturbino.world\/wp-content\/uploads\/2024\/01\/impact1.svg\" class=\"attachment-original size-original\" alt=\"\" \/>\t\t\t\t\t\t\n\t\t\t\t\t<\/div>\n\t\t\t\t\t\t<\/a>\t\t\n<style>\n#image_786929973 {\n  width: 100%;\n}\n<\/style>\n\t<\/div>\n\t\n\t<div class=\"img has-hover x md-x lg-x y md-y lg-y\" id=\"image_1743564790\">\n\t\t<a class=\"\" href=\"\/fr\/impact-2\/\" >\t\t\t\t\t\t<div class=\"img-inner image-color dark\" >\n\t\t\t<img decoding=\"async\" width=\"100\" height=\"100\" src=\"https:\/\/ecoturbino.world\/wp-content\/uploads\/2024\/01\/impact2.svg\" class=\"attachment-original size-original\" alt=\"\" \/>\t\t\t\t\t\t\n\t\t\t\t\t<\/div>\n\t\t\t\t\t\t<\/a>\t\t\n<style>\n#image_1743564790 {\n  width: 100%;\n}\n<\/style>\n\t<\/div>\n\t\n\t<div class=\"img has-hover x md-x lg-x y md-y lg-y\" id=\"image_123837524\">\n\t\t<a class=\"\" href=\"\/fr\/impact-3\/\" >\t\t\t\t\t\t<div class=\"img-inner image-color dark\" >\n\t\t\t<img decoding=\"async\" width=\"100\" height=\"100\" src=\"https:\/\/ecoturbino.world\/wp-content\/uploads\/2024\/01\/impact3.svg\" class=\"attachment-original size-original\" alt=\"Impact 3 de l&#039;\u00e9coturbino\" \/>\t\t\t\t\t\t\n\t\t\t\t\t<\/div>\n\t\t\t\t\t\t<\/a>\t\t\n<style>\n#image_123837524 {\n  width: 100%;\n}\n<\/style>\n\t<\/div>\n\t\n\t<div class=\"img has-hover x md-x lg-x y md-y lg-y\" id=\"image_19631833\">\n\t\t<a class=\"\" href=\"\/fr\/impact-4\/\" >\t\t\t\t\t\t<div class=\"img-inner image-color dark\" >\n\t\t\t<img decoding=\"async\" width=\"100\" height=\"100\" src=\"https:\/\/ecoturbino.world\/wp-content\/uploads\/2024\/01\/impact4.svg\" class=\"attachment-original size-original\" alt=\"Impact 4 de l&#039;\u00e9coturbino\" \/>\t\t\t\t\t\t\n\t\t\t\t\t<\/div>\n\t\t\t\t\t\t<\/a>\t\t\n<style>\n#image_19631833 {\n  width: 100%;\n}\n<\/style>\n\t<\/div>\n\t\n\t<div class=\"img has-hover x md-x lg-x y md-y lg-y\" id=\"image_1041755010\">\n\t\t<a class=\"\" href=\"\/fr\/impact-5\/\" >\t\t\t\t\t\t<div class=\"img-inner image-color dark\" >\n\t\t\t<img decoding=\"async\" width=\"100\" height=\"100\" src=\"https:\/\/ecoturbino.world\/wp-content\/uploads\/2024\/01\/impact5.svg\" class=\"attachment-original size-original\" alt=\"\" \/>\t\t\t\t\t\t\n\t\t\t\t\t<\/div>\n\t\t\t\t\t\t<\/a>\t\t\n<style>\n#image_1041755010 {\n  width: 100%;\n}\n<\/style>\n\t<\/div>\n\t\n\t<div class=\"img has-hover x md-x lg-x y md-y lg-y\" id=\"image_633133285\">\n\t\t\t\t\t\t\t\t<div class=\"img-inner dark\" >\n\t\t\t<img decoding=\"async\" width=\"100\" height=\"100\" src=\"https:\/\/ecoturbino.world\/wp-content\/uploads\/2024\/01\/impact6.svg\" class=\"attachment-original size-original\" alt=\"Impact 6 de l&#039;\u00e9coturbino\" \/>\t\t\t\t\t\t\n\t\t\t\t\t<\/div>\n\t\t\t\t\t\t\t\t\n<style>\n#image_633133285 {\n  width: 100%;\n}\n<\/style>\n\t<\/div>\n\t\n\t<div class=\"img has-hover x md-x lg-x y md-y lg-y\" id=\"image_663006476\">\n\t\t<a class=\"\" href=\"\/fr\/impact-7\/\" >\t\t\t\t\t\t<div class=\"img-inner image-color dark\" >\n\t\t\t<img decoding=\"async\" width=\"100\" height=\"100\" src=\"https:\/\/ecoturbino.world\/wp-content\/uploads\/2024\/01\/impact7.svg\" class=\"attachment-original size-original\" alt=\"Impact 7 de l&#039;\u00e9coturbino\" \/>\t\t\t\t\t\t\n\t\t\t\t\t<\/div>\n\t\t\t\t\t\t<\/a>\t\t\n<style>\n#image_663006476 {\n  width: 100%;\n}\n<\/style>\n\t<\/div>\n\t\n\t\t\n<style>\n#stack-4273011792 > * {\n  --stack-gap: 0.5rem;\n}\n@media (min-width:550px) {\n  #stack-4273011792 > * {\n    --stack-gap: 1rem;\n  }\n}\n<\/style>\n\t<\/div>\n\t\n\t\t<\/div>\n\t\t\t\t\t<\/div>\n\n\t\n<\/div>\n\t\t<\/div>\n\t\t\t\t\t<\/div>\n\n\t\n\n\t<div id=\"col-1623239516\" class=\"col medium-3 small-12 large-3\"  >\n\t\t\t\t<div class=\"col-inner\"  >\n\t\t\t\n\t\t\t\n\t<div class=\"img has-hover x md-x lg-x y md-y lg-y\" id=\"image_1296390570\">\n\t\t\t\t\t\t\t\t<div class=\"img-inner dark\" >\n\t\t\t<img decoding=\"async\" width=\"100\" height=\"100\" src=\"https:\/\/ecoturbino.world\/wp-content\/uploads\/2024\/01\/impact6.svg\" class=\"attachment-original size-original\" alt=\"Impact 6 de l&#039;\u00e9coturbino\" \/>\t\t\t\t\t\t\n\t\t\t\t\t<\/div>\n\t\t\t\t\t\t\t\t\n<style>\n#image_1296390570 {\n  width: 100%;\n}\n<\/style>\n\t<\/div>\n\t\n\t\t<\/div>\n\t\t\t\t\t<\/div>\n\n\t\n<\/div>\n<div class=\"row\"  id=\"row-463651497\">\n\n\t<div id=\"col-1987878219\" class=\"col small-12 large-12\"  >\n\t\t\t\t<div class=\"col-inner\"  >\n\t\t\t\n\t\t\t\n<div class=\"is-divider divider clearfix\" style=\"max-width:100%;height:1px;\"><\/div>\n<h3><span style=\"font-size: 120%;\">Les \u00e9conomies d'\u00e9nergie en toute simplicit\u00e9 <a href=\"https:\/\/en.ecoturbino.shop\/details\/\" target=\"_blank\" rel=\"noopener\">ecoturbino<\/a> - Facile \u00e0 installer et adapt\u00e9 \u00e0 tous<\/span><\/h3>\n<p>\u00c0 une \u00e9poque o\u00f9 <strong>les \u00e9conomies d'\u00e9nergie et la protection de l'environnement deviennent de plus en plus importantes,<\/strong> De nombreuses personnes cherchent des moyens de <strong>r\u00e9duire leur consommation d'\u00e9nergie<\/strong> et <strong>r\u00e9duire leur empreinte \u00e9cologique.<\/strong><\/p>\n<p>Cependant, ils se heurtent souvent au probl\u00e8me suivant : de nombreux <strong>les produits \u00e9conomes en \u00e9nergie sont compliqu\u00e9s<\/strong> et n\u00e9cessitent une installation professionnelle. Mais ce n'est pas une fatalit\u00e9. Avec ecoturbino, les \u00e9conomies d'\u00e9nergie deviennent un jeu d'enfant.<\/p>\n<p>Le pr\u00e9sent <strong>produit autrichien innovant<\/strong> peut \u00eatre <strong>install\u00e9 par n'importe qui sans connaissance pr\u00e9alable<\/strong> ou d'expertise, et il s'adapte \u00e0 toutes les douches. Il est pr\u00eat \u00e0 l'emploi en trois minutes seulement et ne n\u00e9cessite aucun outil ni installation complexe.<\/p>\n<h3>Pourquoi ecoturbino est-il si facile \u00e0 installer ?<\/h3>\n<p>Ecoturbino a \u00e9t\u00e9 con\u00e7u pour rendre<strong> une installation aussi simple que possible<\/strong>. Il ne n\u00e9cessite pas d'outils compliqu\u00e9s ni de connaissances sp\u00e9cialis\u00e9es. La raison en est le filetage standard de \u00bd pouce pr\u00e9sent dans la plupart des raccords de plomberie au niveau du mitigeur d'eau chaude de la douche.<\/p>\n<p>Ce filetage standard permet une fixation facile et s\u00fbre de l'ecoturbino sans qu'il soit n\u00e9cessaire de proc\u00e9der \u00e0 des ajustements ou \u00e0 des modifications suppl\u00e9mentaires.<\/p>\n\t<div id=\"gap-715931323\" class=\"gap-element clearfix\" style=\"display:block; height:auto;\">\n\t\t\n<style>\n#gap-715931323 {\n  padding-top: 30px;\n}\n<\/style>\n\t<\/div>\n\t\n<div class=\"row\"  id=\"row-392053291\">\n\n\t<div id=\"col-1947114057\" class=\"col medium-4 small-12 large-4\"  >\n\t\t\t\t<div class=\"col-inner\"  >\n\t\t\t\n\t\t\t\n\t<div class=\"img has-hover radius10 x md-x lg-x y md-y lg-y\" id=\"image_1870668905\">\n\t\t\t\t\t\t\t\t<div class=\"img-inner dark\" >\n\t\t\t<img decoding=\"async\" width=\"600\" height=\"600\" src=\"https:\/\/ecoturbino.world\/wp-content\/uploads\/2024\/01\/tools-shower_600.webp\" class=\"attachment-original size-original\" alt=\"Symbole des outils de douche\" srcset=\"https:\/\/ecoturbino.world\/wp-content\/uploads\/2024\/01\/tools-shower_600.webp 600w, https:\/\/ecoturbino.world\/wp-content\/uploads\/2024\/01\/tools-shower_600-500x500.webp 500w, https:\/\/ecoturbino.world\/wp-content\/uploads\/2024\/01\/tools-shower_600-32x32.webp 32w, https:\/\/ecoturbino.world\/wp-content\/uploads\/2024\/01\/tools-shower_600-48x48.webp 48w, https:\/\/ecoturbino.world\/wp-content\/uploads\/2024\/01\/tools-shower_600-80x80.webp 80w, https:\/\/ecoturbino.world\/wp-content\/uploads\/2024\/01\/tools-shower_600-180x180.webp 180w\" sizes=\"(max-width: 600px) 100vw, 600px\" \/>\t\t\t\t\t\t\n\t\t\t\t\t<\/div>\n\t\t\t\t\t\t\t\t\n<style>\n#image_1870668905 {\n  width: 100%;\n}\n<\/style>\n\t<\/div>\n\t\n\t\t<\/div>\n\t\t\t\t\t<\/div>\n\n\t\n\n\t<div id=\"col-1335778253\" class=\"col medium-8 small-12 large-8\"  >\n\t\t\t\t<div class=\"col-inner\"  >\n\t\t\t\n\t\t\t\n<h3>Le processus d'installation simple de l'ecoturbino<\/h3>\n<p>L'installation d'ecoturbino ne peut pas \u00eatre plus simple. Voici les \u00e9tapes en d\u00e9tail :<\/p>\n<ol>\n<li><strong>Pr\u00e9paration :<\/strong> Veillez \u00e0 ce que votre tuyau de douche soit muni d'un <strong>Filetage standard de \u00bd pouce<\/strong> (qui est la norme mondiale). C'est le cas dans la plupart des douches.<\/li>\n<li><strong>Retirer le tuyau de douche :<\/strong> D\u00e9vissez-le en le tournant dans le sens des aiguilles d'une montre.<\/li>\n<li><strong>Attachez l'\u00e9coturbino :<\/strong> Il suffit de visser ecoturbino sur le filetage standard de \u00bd pouce du m\u00e9langeur, en le tournant dans le sens des aiguilles d'une montre jusqu'\u00e0 ce qu'il soit solidement fix\u00e9.<\/li>\n<li>Fixez maintenant le tuyau d'arrosage \u00e0 l'ecoturbino - C'est fait ! Votre ecoturbino est maintenant pr\u00eat \u00e0 l'emploi. Il n'y a pas d'autres \u00e9tapes \u00e0 suivre.<\/li>\n<\/ol>\n\t\t<\/div>\n\t\t\t\t\t<\/div>\n\n\t\n<\/div>\n\t<div id=\"gap-1992026894\" class=\"gap-element clearfix\" style=\"display:block; height:auto;\">\n\t\t\n<style>\n#gap-1992026894 {\n  padding-top: 30px;\n}\n<\/style>\n\t<\/div>\n\t\n<div class=\"row\"  id=\"row-623190808\">\n\n\t<div id=\"col-928421984\" class=\"col medium-6 small-12 large-6\"  >\n\t\t\t\t<div class=\"col-inner\"  >\n\t\t\t\n\t\t\t\n<h3>Aucune connaissance ou expertise pr\u00e9alable n'est requise<\/h3>\n<p>L'avantage de l'\u00e9coturbino est qu'il est <strong>convient \u00e0 tout le monde<\/strong>. Vous n'avez besoin d'aucune connaissance ou expertise pr\u00e9alable en mati\u00e8re d'installations de plomberie. Le filetage standard et la facilit\u00e9 de fixation font de l'installation un jeu d'enfant.<\/p>\n<blockquote>\n<p>C'est un excellent moyen d'\u00e9conomiser de l'\u00e9nergie et de l'eau sans avoir \u00e0 se soucier de la complexit\u00e9 de l'installation.<\/p>\n<\/blockquote>\n\t\t<\/div>\n\t\t\t\t\t<\/div>\n\n\t\n\n\t<div id=\"col-1199063518\" class=\"col medium-6 small-12 large-6\"  >\n\t\t\t\t<div class=\"col-inner\" style=\"background-color:#c0d63d;\" >\n\t\t\t\n\t\t\t\n\t<div id=\"text-1461194944\" class=\"text\">\n\t\t\n<h4 class=\"uppercase\">CONCLUSION<\/h4>\n\t\t\n<style>\n#text-1461194944 {\n  font-size: 2rem;\n  text-align: right;\n  color: rgb(255,255,255);\n}\n#text-1461194944 > * {\n  color: rgb(255,255,255);\n}\n@media (min-width:550px) {\n  #text-1461194944 {\n    font-size: 3.5rem;\n  }\n}\n<\/style>\n\t<\/div>\n\t\n<h3>Les grands avantages de l'\u00e9coturbino<\/h3>\n<p>Ecoturbino n'offre pas seulement une installation facile, mais aussi une s\u00e9rie d'avantages, notamment <strong>en faire un investissement rentable<\/strong>:<\/p>\n<ul>\n<li><strong><a href=\"https:\/\/ecoturbino.world\/fr\/lue-reglemente-leau-douce\/\">\u00c9conomies d'eau<\/a>:<\/strong> L'Ecoturbino r\u00e9duit de 40 % la consommation d'eau pendant les douches. Cela permet non seulement d'\u00e9conomiser de l'eau, mais aussi de r\u00e9duire les co\u00fbts de production et d'\u00e9limination de l'eau.<\/li>\n<li><strong>\u00c9conomies d'\u00e9nergie :<\/strong> Comme il faut moins d'eau pour chauffer l'eau de la douche, l'\u00e9coturbino permet \u00e9galement de r\u00e9aliser d'importantes \u00e9conomies d'\u00e9nergie et de r\u00e9duire les co\u00fbts \u00e9nerg\u00e9tiques.<\/li>\n<li><strong>Respectueux de l'environnement :<\/strong> La r\u00e9duction de la consommation d'eau et d'\u00e9nergie contribue \u00e0 la pr\u00e9servation de l'environnement et \u00e0 la diminution des \u00e9missions de CO2.<\/li>\n<li><strong>Un retour rapide :<\/strong> Les \u00e9conomies r\u00e9alis\u00e9es sur les co\u00fbts de l'eau et de l'\u00e9nergie rentabilisent rapidement l'investissement dans l'\u00e9coturbino.<\/li>\n<li><strong>Confort de douche am\u00e9lior\u00e9 :<\/strong> Malgr\u00e9 la r\u00e9duction de la consommation d'eau, ecoturbino offre toujours une exp\u00e9rience de douche forte et agr\u00e9able. Le jet d'eau reste robuste et agr\u00e9able.<\/li>\n<\/ul>\n<blockquote>\n<p>Dans l'ensemble, ecoturbino est un outil simple et efficace. <strong>Une fa\u00e7on rentable d'\u00e9conomiser de l'\u00e9nergie et de l'eau sans sacrifier le confort de la douche.<\/strong> Tout le monde peut l'installer et b\u00e9n\u00e9ficier des nombreux avantages qu'il offre. C'est une solution gagnant-gagnant pour votre portefeuille et l'environnement.<\/p>\n<\/blockquote>\n\t\t<\/div>\n\t\t\t\t\n<style>\n#col-1199063518 > .col-inner {\n  padding: 10px 20px 1px 20px;\n  border-radius: 10px;\n}\n<\/style>\n\t<\/div>\n\n\t\n<\/div>\n\t\t<\/div>\n\t\t\t\t\n<style>\n#col-1987878219 > .col-inner {\n  margin: 0px 0px -125px 0px;\n}\n@media (min-width:550px) {\n  #col-1987878219 > .col-inner {\n    margin: 0px 0px -200px 0px;\n  }\n}\n<\/style>\n\t<\/div>\n\n\t\n<\/div>\n\t\t<\/div>\n\n\t\t\n<style>\n#section_463812970 {\n  padding-top: 30px;\n  padding-bottom: 30px;\n}\n<\/style>\n\t<\/section>\n\t\n\n\t<section class=\"section\" id=\"section_467353554\">\n\t\t<div class=\"section-bg fill\" >\n\t\t\t<img decoding=\"async\" width=\"1920\" height=\"683\" src=\"https:\/\/ecoturbino.world\/wp-content\/uploads\/2025\/12\/ecoturbino-function_1920-1.webp\" class=\"bg attachment- size-\" alt=\"Fonctionnement de l&#039;\u00e9coturbino\" \/>\t\t\t\t\t\t<div class=\"section-bg-overlay absolute fill\"><\/div>\n\t\t\t\n\n\t\t<\/div>\n\n\t\t\t<div class=\"ux-shape-divider ux-shape-divider--top ux-shape-divider--style-waves-opacity\">\n\t\t<svg viewbox=\"0 0 1000 300\" xmlns=\"http:\/\/www.w3.org\/2000\/svg\" preserveaspectratio=\"none\">\n    <path class=\"ux-shape-fill\" d=\"M0 300L-1 69.71C216 57 299.47 198.86 403 226C506 253 577 196 660 197C740 198 790.09 234.07 874 267C935.23 291 982 282.61 1000 277.61V300H0Z\"\/>\n    <path class=\"ux-shape-fill\" opacity=\"0.5\" d=\"M1 265.094L0 50.5C217 37.79 300.47 186.36 404 213.5C507 240.5 578 196.5 661 197.5C741 198.5 787.59 239.57 871.5 272.5C932.73 296.5 980.5 284.5 998.5 279.5V298.5L1 265.094Z\"\/>\n    <path class=\"ux-shape-fill\" opacity=\"0.15\" d=\"M0.999878 244.094L-0.00012207 27C217 14.29 300.47 173.86 404 201C507 228 578 196 661 197C741 198 787.59 243.07 871.5 276C932.73 300 980.5 284.5 998.5 279.5V299L0.999878 244.094Z\"\/>\n<\/svg>\n\n\t<\/div>\n\n\n\t\t<div class=\"section-content relative\">\n\t\t\t\n\t\t<\/div>\n\n\t\t\n<style>\n#section_467353554 {\n  padding-top: 125px;\n  padding-bottom: 125px;\n}\n#section_467353554 .section-bg-overlay {\n  background-color: rgba(0, 0, 0, 0.25);\n}\n#section_467353554 .ux-shape-divider--top svg {\n  height: 80px;\n  --divider-top-width: 100%;\n}\n@media (min-width:550px) {\n  #section_467353554 {\n    padding-top: 200px;\n    padding-bottom: 200px;\n  }\n  #section_467353554 .ux-shape-divider--top svg {\n    height: 124px;\n  }\n}\n<\/style>\n\t<\/section>","protected":false},"excerpt":{"rendered":"","protected":false},"author":2,"featured_media":1685,"parent":0,"menu_order":0,"comment_status":"closed","ping_status":"closed","template":"page-blank.php","meta":{"inline_featured_image":false,"footnotes":""},"class_list":["post-1215","page","type-page","status-publish","has-post-thumbnail","hentry"],"_links":{"self":[{"href":"https:\/\/ecoturbino.world\/fr\/wp-json\/wp\/v2\/pages\/1215","targetHints":{"allow":["GET"]}}],"collection":[{"href":"https:\/\/ecoturbino.world\/fr\/wp-json\/wp\/v2\/pages"}],"about":[{"href":"https:\/\/ecoturbino.world\/fr\/wp-json\/wp\/v2\/types\/page"}],"author":[{"embeddable":true,"href":"https:\/\/ecoturbino.world\/fr\/wp-json\/wp\/v2\/users\/2"}],"replies":[{"embeddable":true,"href":"https:\/\/ecoturbino.world\/fr\/wp-json\/wp\/v2\/comments?post=1215"}],"version-history":[{"count":0,"href":"https:\/\/ecoturbino.world\/fr\/wp-json\/wp\/v2\/pages\/1215\/revisions"}],"wp:featuredmedia":[{"embeddable":true,"href":"https:\/\/ecoturbino.world\/fr\/wp-json\/wp\/v2\/media\/1685"}],"wp:attachment":[{"href":"https:\/\/ecoturbino.world\/fr\/wp-json\/wp\/v2\/media?parent=1215"}],"curies":[{"name":"wp","href":"https:\/\/api.w.org\/{rel}","templated":true}]}}