{"id":1212,"date":"2024-01-01T12:02:37","date_gmt":"2024-01-01T11:02:37","guid":{"rendered":"https:\/\/ecoturbino.eu\/?page_id=1212"},"modified":"2025-12-29T22:45:10","modified_gmt":"2025-12-29T21:45:10","slug":"impact-5","status":"publish","type":"page","link":"https:\/\/ecoturbino.world\/fr\/impact-5\/","title":{"rendered":"L'utilisation de la terre en pr\u00e9servant les ressources"},"content":{"rendered":"<section class=\"section zindex1\" id=\"section_559053659\">\n\t\t<div class=\"section-bg fill\" >\n\t\t\t\t\t\t\t\t\t\n\t\t\t\n\n\t\t<\/div>\n\n\t\t\n\n\t\t<div class=\"section-content relative\">\n\t\t\t\n<div class=\"row row-small\"  id=\"row-1267905285\">\n\n\t<div id=\"col-1403740476\" class=\"col medium-9 small-12 large-9\"  >\n\t\t\t\t<div class=\"col-inner\"  >\n\t\t\t\n\t\t\t\n<h1 class=\"uppercase\">Traitement de la terre pr\u00e9servant les ressources<\/h1>\n<h3 class=\"thin-font\">le cinqui\u00e8me impact du syst\u00e8me ecoturbino\u00ae d'\u00e9conomie d'eau et de protection de l'environnement<\/h3>\n<div class=\"row\"  id=\"row-1772892998\">\n\n\t<div id=\"col-1407504288\" class=\"col medium-11 small-12 large-11\"  >\n\t\t\t\t<div class=\"col-inner\"  >\n\t\t\t\n\t\t\t\n\t<div id=\"stack-3884958663\" class=\"stack stack-row justify-start items-start\">\n\t\t\n\t<div class=\"img has-hover x md-x lg-x y md-y lg-y\" id=\"image_1898427221\">\n\t\t<a class=\"\" href=\"\/fr\/impact-1\/\" >\t\t\t\t\t\t<div class=\"img-inner image-color dark\" >\n\t\t\t<img decoding=\"async\" width=\"100\" height=\"100\" src=\"https:\/\/ecoturbino.world\/wp-content\/uploads\/2024\/01\/impact1.svg\" class=\"attachment-original size-original\" alt=\"\" \/>\t\t\t\t\t\t\n\t\t\t\t\t<\/div>\n\t\t\t\t\t\t<\/a>\t\t\n<style>\n#image_1898427221 {\n  width: 100%;\n}\n<\/style>\n\t<\/div>\n\t\n\t<div class=\"img has-hover x md-x lg-x y md-y lg-y\" id=\"image_395627255\">\n\t\t<a class=\"\" href=\"\/fr\/impact-2\/\" >\t\t\t\t\t\t<div class=\"img-inner image-color dark\" >\n\t\t\t<img decoding=\"async\" width=\"100\" height=\"100\" src=\"https:\/\/ecoturbino.world\/wp-content\/uploads\/2024\/01\/impact2.svg\" class=\"attachment-original size-original\" alt=\"\" \/>\t\t\t\t\t\t\n\t\t\t\t\t<\/div>\n\t\t\t\t\t\t<\/a>\t\t\n<style>\n#image_395627255 {\n  width: 100%;\n}\n<\/style>\n\t<\/div>\n\t\n\t<div class=\"img has-hover x md-x lg-x y md-y lg-y\" id=\"image_1611791828\">\n\t\t<a class=\"\" href=\"\/fr\/impact-3\/\" >\t\t\t\t\t\t<div class=\"img-inner image-color dark\" >\n\t\t\t<img decoding=\"async\" width=\"100\" height=\"100\" src=\"https:\/\/ecoturbino.world\/wp-content\/uploads\/2024\/01\/impact3.svg\" class=\"attachment-original size-original\" alt=\"Impact 3 de l&#039;\u00e9coturbino\" \/>\t\t\t\t\t\t\n\t\t\t\t\t<\/div>\n\t\t\t\t\t\t<\/a>\t\t\n<style>\n#image_1611791828 {\n  width: 100%;\n}\n<\/style>\n\t<\/div>\n\t\n\t<div class=\"img has-hover x md-x lg-x y md-y lg-y\" id=\"image_2024306055\">\n\t\t<a class=\"\" href=\"\/fr\/impact-4\/\" >\t\t\t\t\t\t<div class=\"img-inner image-color dark\" >\n\t\t\t<img decoding=\"async\" width=\"100\" height=\"100\" src=\"https:\/\/ecoturbino.world\/wp-content\/uploads\/2024\/01\/impact4.svg\" class=\"attachment-original size-original\" alt=\"Impact 4 de l&#039;\u00e9coturbino\" \/>\t\t\t\t\t\t\n\t\t\t\t\t<\/div>\n\t\t\t\t\t\t<\/a>\t\t\n<style>\n#image_2024306055 {\n  width: 100%;\n}\n<\/style>\n\t<\/div>\n\t\n\t<div class=\"img has-hover x md-x lg-x y md-y lg-y\" id=\"image_756350892\">\n\t\t\t\t\t\t\t\t<div class=\"img-inner dark\" >\n\t\t\t<img decoding=\"async\" width=\"100\" height=\"100\" src=\"https:\/\/ecoturbino.world\/wp-content\/uploads\/2024\/01\/impact5.svg\" class=\"attachment-original size-original\" alt=\"\" \/>\t\t\t\t\t\t\n\t\t\t\t\t<\/div>\n\t\t\t\t\t\t\t\t\n<style>\n#image_756350892 {\n  width: 100%;\n}\n<\/style>\n\t<\/div>\n\t\n\t<div class=\"img has-hover x md-x lg-x y md-y lg-y\" id=\"image_1277164604\">\n\t\t<a class=\"\" href=\"\/fr\/impact-6\/\" >\t\t\t\t\t\t<div class=\"img-inner image-color dark\" >\n\t\t\t<img decoding=\"async\" width=\"100\" height=\"100\" src=\"https:\/\/ecoturbino.world\/wp-content\/uploads\/2024\/01\/impact6.svg\" class=\"attachment-original size-original\" alt=\"Impact 6 de l&#039;\u00e9coturbino\" \/>\t\t\t\t\t\t\n\t\t\t\t\t<\/div>\n\t\t\t\t\t\t<\/a>\t\t\n<style>\n#image_1277164604 {\n  width: 100%;\n}\n<\/style>\n\t<\/div>\n\t\n\t<div class=\"img has-hover x md-x lg-x y md-y lg-y\" id=\"image_1252605022\">\n\t\t<a class=\"\" href=\"\/fr\/impact-7\/\" >\t\t\t\t\t\t<div class=\"img-inner image-color dark\" >\n\t\t\t<img decoding=\"async\" width=\"100\" height=\"100\" src=\"https:\/\/ecoturbino.world\/wp-content\/uploads\/2024\/01\/impact7.svg\" class=\"attachment-original size-original\" alt=\"Impact 7 de l&#039;\u00e9coturbino\" \/>\t\t\t\t\t\t\n\t\t\t\t\t<\/div>\n\t\t\t\t\t\t<\/a>\t\t\n<style>\n#image_1252605022 {\n  width: 100%;\n}\n<\/style>\n\t<\/div>\n\t\n\t\t\n<style>\n#stack-3884958663 > * {\n  --stack-gap: 0.5rem;\n}\n@media (min-width:550px) {\n  #stack-3884958663 > * {\n    --stack-gap: 1rem;\n  }\n}\n<\/style>\n\t<\/div>\n\t\n\t\t<\/div>\n\t\t\t\t\t<\/div>\n\n\t\n<\/div>\n\t\t<\/div>\n\t\t\t\t\t<\/div>\n\n\t\n\n\t<div id=\"col-856311701\" class=\"col medium-3 small-12 large-3\"  >\n\t\t\t\t<div class=\"col-inner\"  >\n\t\t\t\n\t\t\t\n\t<div class=\"img has-hover x md-x lg-x y md-y lg-y\" id=\"image_262604524\">\n\t\t\t\t\t\t\t\t<div class=\"img-inner dark\" >\n\t\t\t<img decoding=\"async\" width=\"100\" height=\"100\" src=\"https:\/\/ecoturbino.world\/wp-content\/uploads\/2024\/01\/impact5.svg\" class=\"attachment-original size-original\" alt=\"\" \/>\t\t\t\t\t\t\n\t\t\t\t\t<\/div>\n\t\t\t\t\t\t\t\t\n<style>\n#image_262604524 {\n  width: 100%;\n}\n<\/style>\n\t<\/div>\n\t\n\t\t<\/div>\n\t\t\t\t\t<\/div>\n\n\t\n<\/div>\n<div class=\"row\"  id=\"row-1333094144\">\n\n\t<div id=\"col-1945192720\" class=\"col small-12 large-12\"  >\n\t\t\t\t<div class=\"col-inner\"  >\n\t\t\t\n\t\t\t\n<div class=\"is-divider divider clearfix\" style=\"max-width:100%;height:1px;\"><\/div>\n<h2><span style=\"font-size: 120%;\">Economies d'eau, d'\u00e9nergie et d'eaux us\u00e9es pour tous | L'importance d'ecoturbino\u00ae.<\/span><\/h2>\n<p>Ici, nous r\u00e9duisons encore la consommation d'eau pendant les douches en Europe ! Les donn\u00e9es suivront !<\/p>\n<p><strong>Notre monde devient de plus en plus sec<\/strong>, avec <strong>les prix de l'eau et de l'\u00e9nergie augmentent r\u00e9guli\u00e8rement<\/strong>et les co\u00fbts des installations de traitement des eaux us\u00e9es augmentent \u00e9galement. Face \u00e0 ces d\u00e9fis, il est essentiel d'utiliser les ressources plus efficacement et d'agir de mani\u00e8re durable.<\/p>\n<blockquote>\n<p>L'un des \u00e9l\u00e9ments apparemment insignifiants mais <strong>N\u00e9anmoins, la douche est une habitude de gaspillage<\/strong>. Nous profitons d'une br\u00e8ve rencontre avec l'eau chaude, mais ensuite, cette eau devient une eau us\u00e9e chaude qui est simplement jet\u00e9e \u00e0 l'\u00e9gout.<\/p>\n<\/blockquote>\n<p>Il s'agit d'un <strong><a href=\"https:\/\/ecoturbino.world\/fr\/lue-reglemente-leau-douce\/\">gaspillage insens\u00e9 d'eau pr\u00e9cieuse<\/a> et l'\u00e9nergie<\/strong> et contredit les principes de durabilit\u00e9 et de protection de l'environnement. C'est dans ce contexte que le <strong>technologie r\u00e9volutionnaire de l'ecoturbino<\/strong> Le syst\u00e8me permet \u00e0 chacun d'avoir acc\u00e8s \u00e0 l'information.<strong> \u00e9conomiser 40 % de la consommation d'eau<\/strong> pendant la douche et r\u00e9duire imm\u00e9diatement les co\u00fbts.<\/p>\n<h3>La question de la <strong>gaspillage d'eau et d'\u00e9nergie pendant la douche<\/strong><\/h3>\n<p><strong>Douche<\/strong> est l'une de nos habitudes quotidiennes dont nous ne nous pr\u00e9occupons gu\u00e8re de l'impact sur notre environnement. Nous appr\u00e9cions l'eau chaude qui coule sur notre peau, oubliant qu'il s'agit d'une ressource limit\u00e9e.<\/p>\n<p>Le probl\u00e8me commence lorsque le <strong>l'eau de douche usag\u00e9e est rejet\u00e9e dans les \u00e9gouts sous forme d'eaux us\u00e9es chaudes.<\/strong> Le chauffage de l'eau n\u00e9cessite de l'\u00e9nergie, souvent issue de sources non renouvelables, ce qui entra\u00eene des co\u00fbts.<\/p>\n<p>En outre, les stations d'\u00e9puration doivent <strong>traiter ces eaux us\u00e9es, ce qui entra\u00eene des co\u00fbts suppl\u00e9mentaires<\/strong>. La mont\u00e9e en fl\u00e8che des co\u00fbts des eaux us\u00e9es.<\/p>\n\t<div id=\"gap-1643320480\" class=\"gap-element clearfix\" style=\"display:block; height:auto;\">\n\t\t\n<style>\n#gap-1643320480 {\n  padding-top: 30px;\n}\n<\/style>\n\t<\/div>\n\t\n<div class=\"row\"  id=\"row-1004906895\">\n\n\t<div id=\"col-529785133\" class=\"col medium-4 small-12 large-4\"  >\n\t\t\t\t<div class=\"col-inner\"  >\n\t\t\t\n\t\t\t\n\t<div class=\"img has-hover radius10 x md-x lg-x y md-y lg-y\" id=\"image_1508680451\">\n\t\t\t\t\t\t\t\t<div class=\"img-inner dark\" >\n\t\t\t<img decoding=\"async\" width=\"600\" height=\"600\" src=\"https:\/\/ecoturbino.world\/wp-content\/uploads\/2024\/01\/water-saving-environment-costs_600.webp\" class=\"attachment-original size-original\" alt=\"Symbole d&#039;\u00e9conomie d&#039;eau et de protection de l&#039;environnement\" srcset=\"https:\/\/ecoturbino.world\/wp-content\/uploads\/2024\/01\/water-saving-environment-costs_600.webp 600w, https:\/\/ecoturbino.world\/wp-content\/uploads\/2024\/01\/water-saving-environment-costs_600-500x500.webp 500w, https:\/\/ecoturbino.world\/wp-content\/uploads\/2024\/01\/water-saving-environment-costs_600-32x32.webp 32w, https:\/\/ecoturbino.world\/wp-content\/uploads\/2024\/01\/water-saving-environment-costs_600-48x48.webp 48w, https:\/\/ecoturbino.world\/wp-content\/uploads\/2024\/01\/water-saving-environment-costs_600-80x80.webp 80w, https:\/\/ecoturbino.world\/wp-content\/uploads\/2024\/01\/water-saving-environment-costs_600-180x180.webp 180w\" sizes=\"(max-width: 600px) 100vw, 600px\" \/>\t\t\t\t\t\t\n\t\t\t\t\t<\/div>\n\t\t\t\t\t\t\t\t\n<style>\n#image_1508680451 {\n  width: 100%;\n}\n<\/style>\n\t<\/div>\n\t\n\t\t<\/div>\n\t\t\t\t\t<\/div>\n\n\t\n\n\t<div id=\"col-820287238\" class=\"col medium-8 small-12 large-8\"  >\n\t\t\t\t<div class=\"col-inner\"  >\n\t\t\t\n\t\t\t\n<h3>La solution : ecoturbino<\/h3>\n<p>ecoturbino offre une solution simple et efficace \u00e0 ce probl\u00e8me. Cette technologie a \u00e9t\u00e9 mise au point pour r\u00e9duire les \u00e9missions de gaz \u00e0 effet de serre.<strong> la consommation d'eau pendant les douches a diminu\u00e9 de 40 %.<\/strong> sans que les utilisateurs aient \u00e0 sacrifier le confort de la douche. Voici quelques-uns des avantages qu'ecoturbino offre \u00e0 tous :<\/p>\n<ul>\n<li><strong>R\u00e9duction des co\u00fbts :<\/strong> ecoturbino permet \u00e0 chacun de r\u00e9duire de mani\u00e8re significative ses co\u00fbts d'eau et d'\u00e9nergie. En r\u00e9duisant la consommation d'eau, moins d'eau doit \u00eatre chauff\u00e9e, ce qui entra\u00eene une r\u00e9duction des co\u00fbts \u00e9nerg\u00e9tiques. La r\u00e9duction des co\u00fbts de l'eau constitue un avantage financier suppl\u00e9mentaire.<\/li>\n<li><strong>Respectueux de l'environnement :<\/strong> En r\u00e9duisant la consommation d'eau et en \u00e9conomisant l'\u00e9nergie, ecoturbino contribue \u00e0 la protection de l'environnement. Il permet de r\u00e9duire la consommation d'eau et les \u00e9missions de CO2, contribuant ainsi \u00e0 la pr\u00e9servation de l'environnement.<\/li>\n<li><strong>P\u00e9riode de r\u00e9cup\u00e9ration courte :<\/strong> Les co\u00fbts d'acquisition de l'ecoturbino sont faibles et les \u00e9conomies d'eau et d'\u00e9nergie permettent d'amortir l'investissement en peu de temps. C'est une d\u00e9cision \u00e9conomiquement judicieuse pour les entreprises, les h\u00f4tels, les familles, les clubs, les h\u00f4pitaux, les maisons de retraite et bien d'autres encore.<\/li>\n<li><strong>Pas de compromis sur le plaisir de la douche :<\/strong> Malgr\u00e9 la r\u00e9duction de la consommation d'eau, ecoturbino continue d'offrir une exp\u00e9rience de douche agr\u00e9able et relaxante. Le jet d'eau reste puissant et agr\u00e9able sans compromettre la qualit\u00e9 de la douche.<\/li>\n<\/ul>\n\t\t<\/div>\n\t\t\t\t\t<\/div>\n\n\t\n<\/div>\n\t<div id=\"gap-961628364\" class=\"gap-element clearfix\" style=\"display:block; height:auto;\">\n\t\t\n<style>\n#gap-961628364 {\n  padding-top: 30px;\n}\n<\/style>\n\t<\/div>\n\t\n<div class=\"row\"  id=\"row-1519880020\">\n\n\t<div id=\"col-1254178031\" class=\"col medium-6 small-12 large-6\"  >\n\t\t\t\t<div class=\"col-inner\"  >\n\t\t\t\n\t\t\t\n<h3>Avantages suppl\u00e9mentaires de l'ecoturbino<\/h3>\n<p>L'ecoturbino offre d'autres avantages que les \u00e9conomies de co\u00fbts. Il contribue \u00e0 la pr\u00e9servation de l'approvisionnement en eau et \u00e0 l'am\u00e9lioration de la qualit\u00e9 de l'air. <strong>r\u00e9duire la charge pesant sur les stations d'\u00e9puration des eaux us\u00e9es<\/strong>. Cela est particuli\u00e8rement important \u00e0 une \u00e9poque o\u00f9 la p\u00e9nurie d'eau et les incidences sur l'environnement sont de plus en plus fr\u00e9quentes.<\/p>\n\t\t<\/div>\n\t\t\t\t\t<\/div>\n\n\t\n\n\t<div id=\"col-1772493048\" class=\"col medium-6 small-12 large-6\"  >\n\t\t\t\t<div class=\"col-inner\" style=\"background-color:#c0d63d;\" >\n\t\t\t\n\t\t\t\n\t<div id=\"text-2169443104\" class=\"text\">\n\t\t\n<h4 class=\"uppercase\">CONCLUSION<\/h4>\n\t\t\n<style>\n#text-2169443104 {\n  font-size: 2rem;\n  text-align: right;\n  color: rgb(255, 255, 255);\n}\n#text-2169443104 > * {\n  color: rgb(255, 255, 255);\n}\n@media (min-width:550px) {\n  #text-2169443104 {\n    font-size: 3.5rem;\n  }\n}\n<\/style>\n\t<\/div>\n\t\n<h3>ecoturbino - Tout le monde y gagne, <a href=\"https:\/\/www.google.com\/aclk?sa=l&amp;ai=DChcSEwizlIz2qdWDAxXtm1oFHdKnCJEYABAAGgJ2dQ&amp;ase=2&amp;gclid=Cj0KCQiAwP6sBhDAARIsAPfK_watGz1qAKakOF_2c21Sq6uC66UaUaL18vzWqCx2GV9fPAC4TGya1OQaAgj9EALw_wcB&amp;ei=1t2fZZTQN4yJ9u8PsZifyAM&amp;sig=AOD64_3tZ_HBVO8lhe659upTWIB85jM_VA&amp;q&amp;sqi=2&amp;nis=4&amp;adurl&amp;ved=2ahUKEwiUk4L2qdWDAxWMhP0HHTHMBzkQ0Qx6BAgIEAE\" target=\"_blank\" rel=\"noopener sponsored\">Certifi\u00e9 T\u00dcV<\/a> calcul de l'amortissement<\/h3>\n<p><strong>ecoturbino est une solution innovante pour \u00e9conomiser l'eau, les co\u00fbts \u00e9nerg\u00e9tiques et les eaux us\u00e9es,<\/strong> tout cela sans compromettre le plaisir de la douche. Cette technologie convient aux entreprises, aux h\u00f4tels, aux familles, aux clubs, aux h\u00f4pitaux, aux maisons de retraite et \u00e0 bien d'autres encore.<\/p>\n<blockquote>\n<p>Avec ecoturbino, nous pouvons tous contribuer \u00e0 la protection de l'environnement tout en r\u00e9duisant notre charge financi\u00e8re.<\/p>\n<\/blockquote>\n<p>Il est temps d'assumer la responsabilit\u00e9 de nos ressources et de faire un pas vers la durabilit\u00e9.<\/p>\n\t\t<\/div>\n\t\t\t\t\n<style>\n#col-1772493048 > .col-inner {\n  padding: 10px 20px 1px 25px;\n  border-radius: 10px;\n}\n<\/style>\n\t<\/div>\n\n\t\n<\/div>\n\t\t<\/div>\n\t\t\t\t\n<style>\n#col-1945192720 > .col-inner {\n  margin: 0px 0px -125px 0px;\n}\n@media (min-width:550px) {\n  #col-1945192720 > .col-inner {\n    margin: 0px 0px -200px 0px;\n  }\n}\n<\/style>\n\t<\/div>\n\n\t\n<\/div>\n\t\t<\/div>\n\n\t\t\n<style>\n#section_559053659 {\n  padding-top: 30px;\n  padding-bottom: 30px;\n}\n<\/style>\n\t<\/section>\n\t\n\n\t<section class=\"section\" id=\"section_179104782\">\n\t\t<div class=\"section-bg fill\" >\n\t\t\t<img decoding=\"async\" width=\"1920\" height=\"683\" src=\"https:\/\/ecoturbino.world\/wp-content\/uploads\/2025\/12\/ecoturbino-function_1920-1.webp\" class=\"bg attachment- size-\" alt=\"Fonctionnement de l&#039;\u00e9coturbino\" \/>\t\t\t\t\t\t<div class=\"section-bg-overlay absolute fill\"><\/div>\n\t\t\t\n\n\t\t<\/div>\n\n\t\t\t<div class=\"ux-shape-divider ux-shape-divider--top ux-shape-divider--style-waves-opacity\">\n\t\t<svg viewbox=\"0 0 1000 300\" xmlns=\"http:\/\/www.w3.org\/2000\/svg\" preserveaspectratio=\"none\">\n    <path class=\"ux-shape-fill\" d=\"M0 300L-1 69.71C216 57 299.47 198.86 403 226C506 253 577 196 660 197C740 198 790.09 234.07 874 267C935.23 291 982 282.61 1000 277.61V300H0Z\"\/>\n    <path class=\"ux-shape-fill\" opacity=\"0.5\" d=\"M1 265.094L0 50.5C217 37.79 300.47 186.36 404 213.5C507 240.5 578 196.5 661 197.5C741 198.5 787.59 239.57 871.5 272.5C932.73 296.5 980.5 284.5 998.5 279.5V298.5L1 265.094Z\"\/>\n    <path class=\"ux-shape-fill\" opacity=\"0.15\" d=\"M0.999878 244.094L-0.00012207 27C217 14.29 300.47 173.86 404 201C507 228 578 196 661 197C741 198 787.59 243.07 871.5 276C932.73 300 980.5 284.5 998.5 279.5V299L0.999878 244.094Z\"\/>\n<\/svg>\n\n\t<\/div>\n\n\n\t\t<div class=\"section-content relative\">\n\t\t\t\n\t\t<\/div>\n\n\t\t\n<style>\n#section_179104782 {\n  padding-top: 125px;\n  padding-bottom: 125px;\n}\n#section_179104782 .section-bg-overlay {\n  background-color: rgba(0, 0, 0, 0.25);\n}\n#section_179104782 .ux-shape-divider--top svg {\n  height: 80px;\n  --divider-top-width: 100%;\n}\n@media (min-width:550px) {\n  #section_179104782 {\n    padding-top: 200px;\n    padding-bottom: 200px;\n  }\n  #section_179104782 .ux-shape-divider--top svg {\n    height: 124px;\n  }\n}\n<\/style>\n\t<\/section>","protected":false},"excerpt":{"rendered":"","protected":false},"author":2,"featured_media":1680,"parent":0,"menu_order":0,"comment_status":"closed","ping_status":"closed","template":"page-blank.php","meta":{"inline_featured_image":false,"footnotes":""},"class_list":["post-1212","page","type-page","status-publish","has-post-thumbnail","hentry"],"_links":{"self":[{"href":"https:\/\/ecoturbino.world\/fr\/wp-json\/wp\/v2\/pages\/1212","targetHints":{"allow":["GET"]}}],"collection":[{"href":"https:\/\/ecoturbino.world\/fr\/wp-json\/wp\/v2\/pages"}],"about":[{"href":"https:\/\/ecoturbino.world\/fr\/wp-json\/wp\/v2\/types\/page"}],"author":[{"embeddable":true,"href":"https:\/\/ecoturbino.world\/fr\/wp-json\/wp\/v2\/users\/2"}],"replies":[{"embeddable":true,"href":"https:\/\/ecoturbino.world\/fr\/wp-json\/wp\/v2\/comments?post=1212"}],"version-history":[{"count":0,"href":"https:\/\/ecoturbino.world\/fr\/wp-json\/wp\/v2\/pages\/1212\/revisions"}],"wp:featuredmedia":[{"embeddable":true,"href":"https:\/\/ecoturbino.world\/fr\/wp-json\/wp\/v2\/media\/1680"}],"wp:attachment":[{"href":"https:\/\/ecoturbino.world\/fr\/wp-json\/wp\/v2\/media?parent=1212"}],"curies":[{"name":"wp","href":"https:\/\/api.w.org\/{rel}","templated":true}]}}