{"id":1198,"date":"2024-01-01T11:46:22","date_gmt":"2024-01-01T10:46:22","guid":{"rendered":"https:\/\/ecoturbino.eu\/?page_id=1198"},"modified":"2024-01-16T00:49:38","modified_gmt":"2024-01-15T23:49:38","slug":"impact-2","status":"publish","type":"page","link":"https:\/\/ecoturbino.world\/fr\/impact-2\/","title":{"rendered":"Hygi\u00e8ne optimis\u00e9e et visible dans les douches et les pommes de douche"},"content":{"rendered":"<section class=\"section zindex1\" id=\"section_274607301\">\n\t\t<div class=\"section-bg fill\" >\n\t\t\t\t\t\t\t\t\t\n\t\t\t\n\n\t\t<\/div>\n\n\t\t\n\n\t\t<div class=\"section-content relative\">\n\t\t\t\n<div class=\"row row-small\"  id=\"row-524208248\">\n\n\t<div id=\"col-592504224\" class=\"col medium-9 small-12 large-9\"  >\n\t\t\t\t<div class=\"col-inner\"  >\n\t\t\t\n\t\t\t\n<h1 class=\"uppercase\">Hygi\u00e8ne optimis\u00e9e et visible DANS LA DOUCHE ET LE BAIN<\/h1>\n<h3 class=\"thin-font\">le deuxi\u00e8me impact du syst\u00e8me ecoturbino\u00ae d'\u00e9conomie d'eau et de protection de l'environnement<\/h3>\n<div class=\"row\"  id=\"row-1658961441\">\n\n\t<div id=\"col-205237303\" class=\"col medium-11 small-12 large-11\"  >\n\t\t\t\t<div class=\"col-inner\"  >\n\t\t\t\n\t\t\t\n\t<div id=\"stack-3660706450\" class=\"stack stack-row justify-start items-start\">\n\t\t\n\t<div class=\"img has-hover x md-x lg-x y md-y lg-y\" id=\"image_869307271\">\n\t\t<a class=\"\" href=\"\/fr\/impact-1\/\" >\t\t\t\t\t\t<div class=\"img-inner image-color dark\" >\n\t\t\t<img decoding=\"async\" width=\"100\" height=\"100\" src=\"https:\/\/ecoturbino.world\/wp-content\/uploads\/2024\/01\/impact1.svg\" class=\"attachment-original size-original\" alt=\"\" \/>\t\t\t\t\t\t\n\t\t\t\t\t<\/div>\n\t\t\t\t\t\t<\/a>\t\t\n<style>\n#image_869307271 {\n  width: 100%;\n}\n<\/style>\n\t<\/div>\n\t\n\t<div class=\"img has-hover x md-x lg-x y md-y lg-y\" id=\"image_1084832719\">\n\t\t\t\t\t\t\t\t<div class=\"img-inner dark\" >\n\t\t\t<img decoding=\"async\" width=\"100\" height=\"100\" src=\"https:\/\/ecoturbino.world\/wp-content\/uploads\/2024\/01\/impact2.svg\" class=\"attachment-original size-original\" alt=\"\" \/>\t\t\t\t\t\t\n\t\t\t\t\t<\/div>\n\t\t\t\t\t\t\t\t\n<style>\n#image_1084832719 {\n  width: 100%;\n}\n<\/style>\n\t<\/div>\n\t\n\t<div class=\"img has-hover x md-x lg-x y md-y lg-y\" id=\"image_842402853\">\n\t\t<a class=\"\" href=\"\/fr\/impact-3\/\" >\t\t\t\t\t\t<div class=\"img-inner image-color dark\" >\n\t\t\t<img decoding=\"async\" width=\"100\" height=\"100\" src=\"https:\/\/ecoturbino.world\/wp-content\/uploads\/2024\/01\/impact3.svg\" class=\"attachment-original size-original\" alt=\"Impact 3 de l&#039;\u00e9coturbino\" \/>\t\t\t\t\t\t\n\t\t\t\t\t<\/div>\n\t\t\t\t\t\t<\/a>\t\t\n<style>\n#image_842402853 {\n  width: 100%;\n}\n<\/style>\n\t<\/div>\n\t\n\t<div class=\"img has-hover x md-x lg-x y md-y lg-y\" id=\"image_1160300464\">\n\t\t<a class=\"\" href=\"\/fr\/impact-4\/\" >\t\t\t\t\t\t<div class=\"img-inner image-color dark\" >\n\t\t\t<img decoding=\"async\" width=\"100\" height=\"100\" src=\"https:\/\/ecoturbino.world\/wp-content\/uploads\/2024\/01\/impact4.svg\" class=\"attachment-original size-original\" alt=\"Impact 4 de l&#039;\u00e9coturbino\" \/>\t\t\t\t\t\t\n\t\t\t\t\t<\/div>\n\t\t\t\t\t\t<\/a>\t\t\n<style>\n#image_1160300464 {\n  width: 100%;\n}\n<\/style>\n\t<\/div>\n\t\n\t<div class=\"img has-hover x md-x lg-x y md-y lg-y\" id=\"image_1790455630\">\n\t\t<a class=\"\" href=\"\/fr\/impact-5\/\" >\t\t\t\t\t\t<div class=\"img-inner image-color dark\" >\n\t\t\t<img decoding=\"async\" width=\"100\" height=\"100\" src=\"https:\/\/ecoturbino.world\/wp-content\/uploads\/2024\/01\/impact5.svg\" class=\"attachment-original size-original\" alt=\"\" \/>\t\t\t\t\t\t\n\t\t\t\t\t<\/div>\n\t\t\t\t\t\t<\/a>\t\t\n<style>\n#image_1790455630 {\n  width: 100%;\n}\n<\/style>\n\t<\/div>\n\t\n\t<div class=\"img has-hover x md-x lg-x y md-y lg-y\" id=\"image_919793762\">\n\t\t<a class=\"\" href=\"\/fr\/impact-6\/\" >\t\t\t\t\t\t<div class=\"img-inner image-color dark\" >\n\t\t\t<img decoding=\"async\" width=\"100\" height=\"100\" src=\"https:\/\/ecoturbino.world\/wp-content\/uploads\/2024\/01\/impact6.svg\" class=\"attachment-original size-original\" alt=\"Impact 6 de l&#039;\u00e9coturbino\" \/>\t\t\t\t\t\t\n\t\t\t\t\t<\/div>\n\t\t\t\t\t\t<\/a>\t\t\n<style>\n#image_919793762 {\n  width: 100%;\n}\n<\/style>\n\t<\/div>\n\t\n\t<div class=\"img has-hover x md-x lg-x y md-y lg-y\" id=\"image_1318131141\">\n\t\t<a class=\"\" href=\"\/fr\/impact-7\/\" >\t\t\t\t\t\t<div class=\"img-inner image-color dark\" >\n\t\t\t<img decoding=\"async\" width=\"100\" height=\"100\" src=\"https:\/\/ecoturbino.world\/wp-content\/uploads\/2024\/01\/impact7.svg\" class=\"attachment-original size-original\" alt=\"Impact 7 de l&#039;\u00e9coturbino\" \/>\t\t\t\t\t\t\n\t\t\t\t\t<\/div>\n\t\t\t\t\t\t<\/a>\t\t\n<style>\n#image_1318131141 {\n  width: 100%;\n}\n<\/style>\n\t<\/div>\n\t\n\t\t\n<style>\n#stack-3660706450 > * {\n  --stack-gap: 0.5rem;\n}\n@media (min-width:550px) {\n  #stack-3660706450 > * {\n    --stack-gap: 1rem;\n  }\n}\n<\/style>\n\t<\/div>\n\t\n\t\t<\/div>\n\t\t\t\t\t<\/div>\n\n\t\n<\/div>\n\t\t<\/div>\n\t\t\t\t\t<\/div>\n\n\t\n\n\t<div id=\"col-443225976\" class=\"col medium-3 small-12 large-3\"  >\n\t\t\t\t<div class=\"col-inner\"  >\n\t\t\t\n\t\t\t\n\t<div class=\"img has-hover x md-x lg-x y md-y lg-y\" id=\"image_1729494282\">\n\t\t\t\t\t\t\t\t<div class=\"img-inner dark\" >\n\t\t\t<img decoding=\"async\" width=\"100\" height=\"100\" src=\"https:\/\/ecoturbino.world\/wp-content\/uploads\/2024\/01\/impact2.svg\" class=\"attachment-original size-original\" alt=\"\" \/>\t\t\t\t\t\t\n\t\t\t\t\t<\/div>\n\t\t\t\t\t\t\t\t\n<style>\n#image_1729494282 {\n  width: 100%;\n}\n<\/style>\n\t<\/div>\n\t\n\t\t<\/div>\n\t\t\t\t\t<\/div>\n\n\t\n<\/div>\n<div class=\"row\"  id=\"row-1040419105\">\n\n\t<div id=\"col-13371306\" class=\"col small-12 large-12\"  >\n\t\t\t\t<div class=\"col-inner\"  >\n\t\t\t\n\t\t\t\n<div class=\"is-divider divider clearfix\" style=\"max-width:100%;height:1px;\"><\/div>\n<h3><span style=\"font-size: 120%;\">Des pommes de douche et des tuyaux propres sont indispensables pour des douches hygi\u00e9niques dans les h\u00f4tels, les maisons, les installations sportives, etc.<\/span><\/h3>\n<p>Le <strong>exp\u00e9rience de la douche<\/strong> joue un r\u00f4le central dans notre bien-\u00eatre, que ce soit \u00e0 la maison, \u00e0 l'h\u00f4tel ou dans d'autres lieux d'h\u00e9bergement.<\/p>\n<p>Une douche relaxante le matin ou apr\u00e8s une longue journ\u00e9e peut faire la diff\u00e9rence entre une bonne et une excellente journ\u00e9e. Mais que se passe-t-il si la <strong>pommes de douche et tuyaux<\/strong> que nous utilisons pour nous nettoyer sont eux-m\u00eames <strong>contamin\u00e9s par des bact\u00e9ries<\/strong>?<\/p>\n<p>Ce probl\u00e8me peut non seulement \u00eatre <strong>insalubre<\/strong> mais aussi <strong>pr\u00e9sentent des risques pour la sant\u00e9 (contamination par la l\u00e9gionelle).<\/strong> C'est l\u00e0 que la technologie innovante d'ecoturbino entre en jeu. <strong>assurer la propret\u00e9 hygi\u00e9nique des pommes de douche et des tuyaux d'arrosage<\/strong> mais aussi de minimiser les efforts de nettoyage, de r\u00e9duire le calcaire et les d\u00e9p\u00f4ts, et de promouvoir la sant\u00e9, notamment en ce qui concerne le risque de l\u00e9gionellose.<\/p>\n\t<div id=\"gap-1239829818\" class=\"gap-element clearfix\" style=\"display:block; height:auto;\">\n\t\t\n<style>\n#gap-1239829818 {\n  padding-top: 30px;\n}\n<\/style>\n\t<\/div>\n\t\n<div class=\"row\"  id=\"row-1585682350\">\n\n\t<div id=\"col-868745528\" class=\"col medium-4 small-12 large-4\"  >\n\t\t\t\t<div class=\"col-inner\"  >\n\t\t\t\n\t\t\t\n\t<div class=\"img has-hover radius10 x md-x lg-x y md-y lg-y\" id=\"image_1147420315\">\n\t\t\t\t\t\t\t\t<div class=\"img-inner dark\" >\n\t\t\t<img decoding=\"async\" width=\"600\" height=\"600\" src=\"https:\/\/ecoturbino.world\/wp-content\/uploads\/2024\/01\/shower-head_600.webp\" class=\"attachment-original size-original\" alt=\"\" srcset=\"https:\/\/ecoturbino.world\/wp-content\/uploads\/2024\/01\/shower-head_600.webp 600w, https:\/\/ecoturbino.world\/wp-content\/uploads\/2024\/01\/shower-head_600-500x500.webp 500w, https:\/\/ecoturbino.world\/wp-content\/uploads\/2024\/01\/shower-head_600-32x32.webp 32w, https:\/\/ecoturbino.world\/wp-content\/uploads\/2024\/01\/shower-head_600-48x48.webp 48w, https:\/\/ecoturbino.world\/wp-content\/uploads\/2024\/01\/shower-head_600-80x80.webp 80w, https:\/\/ecoturbino.world\/wp-content\/uploads\/2024\/01\/shower-head_600-180x180.webp 180w\" sizes=\"(max-width: 600px) 100vw, 600px\" \/>\t\t\t\t\t\t\n\t\t\t\t\t<\/div>\n\t\t\t\t\t\t\t\t\n<style>\n#image_1147420315 {\n  width: 100%;\n}\n<\/style>\n\t<\/div>\n\t\n\t\t<\/div>\n\t\t\t\t\t<\/div>\n\n\t\n\n\t<div id=\"col-1039426827\" class=\"col medium-8 small-12 large-8\"  >\n\t\t\t\t<div class=\"col-inner\"  >\n\t\t\t\n\t\t\t\n<h3>Pourquoi les pommes de douche et les tuyaux sont-ils contamin\u00e9s par des bact\u00e9ries ?<\/h3>\n<p>Les pommes de douche et les tuyaux sont susceptibles d'\u00eatre contamin\u00e9s par des bact\u00e9ries pour plusieurs raisons. La principale raison est <strong>l'eau stagnante.<\/strong> Lorsque l'eau stagne dans les canalisations et dans la pomme de douche, elle constitue un danger pour la sant\u00e9. <strong>un terrain id\u00e9al pour les bact\u00e9ries<\/strong> et d'autres micro-organismes.<\/p>\n<p>Lorsque les pommes de douche et les tuyaux de douche ne sont pas utilis\u00e9s, par exemple lorsque vous partez en vacances, la temp\u00e9rature de l'eau dans la salle de bains est plus \u00e9lev\u00e9e que dans les autres salles de bains. <strong>s'\u00e9l\u00e8vent naturellement \u00e0 la temp\u00e9rature ambiante, ce qui favorise la contamination et le d\u00e9veloppement de la l\u00e9gionellose.<\/strong> par un multiple - un terrain propice \u00e0 la prolif\u00e9ration des bact\u00e9ries !<\/p>\n<p>Ces bact\u00e9ries peuvent se multiplier rapidement dans un environnement chaud et humide et peuvent<strong> causer des probl\u00e8mes de sant\u00e9 (tels que <a href=\"https:\/\/en.wikipedia.org\/wiki\/Pneumonia\" target=\"_blank\" rel=\"noopener sponsored\">pneumonie<\/a><\/strong>). Un autre probl\u00e8me est celui de la<strong> formation de calcaire<\/strong> et d'autres d\u00e9p\u00f4ts, qui sont non seulement inesth\u00e9tiques mais aussi <strong>affectent les performances de la pomme de douche<\/strong> et peut entra\u00eener une distribution in\u00e9gale de l'eau.<\/p>\n\t\t<\/div>\n\t\t\t\t\t<\/div>\n\n\t\n<\/div>\n<div class=\"row\"  id=\"row-877208424\">\n\n\t<div id=\"col-1225022917\" class=\"col medium-6 small-12 large-6\"  >\n\t\t\t\t<div class=\"col-inner\"  >\n\t\t\t\n\t\t\t\n<h3>La solution pour des pommes de douche et des tuyaux propres : ecoturbino\u00ae.<\/h3>\n<p>La technologie Ecoturbino offre une solution efficace \u00e0 ces probl\u00e8mes. Elle est con\u00e7ue pour drainer en continu les pommes de douche et les tuyaux afin d'\u00e9viter la stagnation de l'eau. Cela pr\u00e9sente plusieurs avantages :<\/p>\n<ul>\n<li><strong>Hygi\u00e8ne :<\/strong> La vidange continue des pommes de douche et des tuyaux apr\u00e8s la douche r\u00e9duit consid\u00e9rablement le risque de contamination bact\u00e9rienne. En l'absence d'eau stagnante dans la pomme de douche, les bact\u00e9ries et les micro-organismes n'ont pas de terrain propice \u00e0 la reproduction.<\/li>\n<li><strong>Effort de nettoyage :<\/strong> La t\u00e2che fastidieuse consistant \u00e0 nettoyer r\u00e9guli\u00e8rement les pommes de douche et les tuyaux pour \u00e9viter les d\u00e9p\u00f4ts et l'accumulation de calcaire est largement \u00e9limin\u00e9e. Cela permet d'\u00e9conomiser du temps et des efforts. Les efforts d'entretien sont consid\u00e9rablement r\u00e9duits !<\/li>\n<li><strong>Calcaire et d\u00e9p\u00f4ts :<\/strong> La technologie Ecoturbino contribue \u00e9galement \u00e0 r\u00e9duire le calcaire et les d\u00e9p\u00f4ts dans les pommes de douche et les tuyaux. Cela permet non seulement d'am\u00e9liorer la dur\u00e9e de vie de l'\u00e9quipement de douche, mais aussi de garantir un d\u00e9bit d'eau constant et des performances optimales.<\/li>\n<li><strong>La sant\u00e9 :<\/strong> La r\u00e9duction du risque de l\u00e9gionellose est particuli\u00e8rement importante. Les l\u00e9gionelles sont des bact\u00e9ries qui se multiplient dans les eaux stagnantes et peuvent causer de graves probl\u00e8mes de sant\u00e9 lorsqu'elles sont inhal\u00e9es sous forme d'a\u00e9rosols. Ecoturbino contribue \u00e0 minimiser ce risque et \u00e0 prot\u00e9ger la sant\u00e9 des utilisateurs.<\/li>\n<li><strong>Propret\u00e9 visuelle :<\/strong> Les pommeaux de douche drain\u00e9s en continu par la technologie ecoturbino restent toujours visuellement propres et attrayants. Cela contribue \u00e0 l'esth\u00e9tique g\u00e9n\u00e9rale de la salle de bains.<\/li>\n<\/ul>\n\t\t<\/div>\n\t\t\t\t\t<\/div>\n\n\t\n\n\t<div id=\"col-641051023\" class=\"col medium-6 small-12 large-6\"  >\n\t\t\t\t<div class=\"col-inner\" style=\"background-color:#c0d63d;\" >\n\t\t\t\n\t\t\t\n\t<div id=\"text-3092556702\" class=\"text\">\n\t\t\n<h4 class=\"uppercase\">CONCLUSION<\/h4>\n\t\t\n<style>\n#text-3092556702 {\n  font-size: 2rem;\n  text-align: right;\n  color: rgb(255, 255, 255);\n}\n#text-3092556702 > * {\n  color: rgb(255, 255, 255);\n}\n@media (min-width:850px) {\n  #text-3092556702 {\n    font-size: 3.5rem;\n  }\n}\n<\/style>\n\t<\/div>\n\t\n<h3>Une hygi\u00e8ne parfaite dans la salle de bains et au-del\u00e0 gr\u00e2ce \u00e0 ecoturbino<\/h3>\n<p><strong>ecoturbino<\/strong> ne fournit pas seulement <strong>des pommes de douche hygi\u00e9niques<\/strong> et les tuyaux, mais contribue \u00e9galement \u00e0 l'hygi\u00e8ne g\u00e9n\u00e9rale de la salle de bains. La r\u00e9duction de l'eau stagnante et des probl\u00e8mes bact\u00e9riens associ\u00e9s am\u00e9liore l'hygi\u00e8ne g\u00e9n\u00e9rale de la salle de bains.<\/p>\n<p>Ceci est particuli\u00e8rement important pour les logements tels que <strong>h\u00f4tels, maisons de retraite, <a href=\"https:\/\/ecoturbino.world\/fr\/monde-de-lannuaire\/categories\/medical\/\" target=\"_blank\" rel=\"noopener\">cliniques<\/a>et maisons d'h\u00f4tes<\/strong>La s\u00e9curit\u00e9 et le confort des clients et des patients sont des priorit\u00e9s absolues dans le cadre des op\u00e9rations saisonni\u00e8res et des installations sportives.<\/p>\n<p>Dans l'ensemble, ecoturbino est un<strong> solution innovante \u00e0 un probl\u00e8me souvent n\u00e9glig\u00e9<\/strong> probl\u00e8me. Des pommes de douche et des tuyaux propres sont non seulement <strong>esth\u00e9tiquement agr\u00e9able<\/strong> mais aussi essentielle pour la sant\u00e9 et le bien-\u00eatre des utilisateurs.<\/p>\n<p>Avec ecoturbino, vous pouvez \u00e9lever la<strong> exp\u00e9rience de la douche dans les h\u00f4tels, les maisons<\/strong>et d'autres h\u00e9bergements \u00e0 un nouveau niveau tout en<strong> optimiser l'hygi\u00e8ne de la salle de bains.<\/strong><\/p>\n\t\t<\/div>\n\t\t\t\t\n<style>\n#col-641051023 > .col-inner {\n  padding: 10px 20px 1px 25px;\n  border-radius: 10px;\n}\n<\/style>\n\t<\/div>\n\n\t\n<\/div>\n<div class=\"video video-fit mb\" style=\"padding-top:56.25%;\"><p><iframe title=\"EASIEST Way To Clean Your Shower Head\ud83d\udca5(UNBELIEVABLE RESULT) !!!\" width=\"1020\" height=\"574\" src=\"https:\/\/www.youtube.com\/embed\/J7uwCSF8Ym0?feature=oembed\" frameborder=\"0\" allow=\"accelerometer; autoplay; clipboard-write; encrypted-media; gyroscope; picture-in-picture; web-share\" referrerpolicy=\"strict-origin-when-cross-origin\" allowfullscreen><\/iframe><\/p>\n<\/div>\n\t\t<\/div>\n\t\t\t\t\t<\/div>\n\n\t\n<\/div>\n\t\t<\/div>\n\n\t\t\n<style>\n#section_274607301 {\n  padding-top: 30px;\n  padding-bottom: 30px;\n}\n<\/style>\n\t<\/section>","protected":false},"excerpt":{"rendered":"","protected":false},"author":2,"featured_media":1533,"parent":0,"menu_order":0,"comment_status":"closed","ping_status":"closed","template":"page-blank.php","meta":{"inline_featured_image":false,"footnotes":""},"class_list":["post-1198","page","type-page","status-publish","has-post-thumbnail","hentry"],"_links":{"self":[{"href":"https:\/\/ecoturbino.world\/fr\/wp-json\/wp\/v2\/pages\/1198","targetHints":{"allow":["GET"]}}],"collection":[{"href":"https:\/\/ecoturbino.world\/fr\/wp-json\/wp\/v2\/pages"}],"about":[{"href":"https:\/\/ecoturbino.world\/fr\/wp-json\/wp\/v2\/types\/page"}],"author":[{"embeddable":true,"href":"https:\/\/ecoturbino.world\/fr\/wp-json\/wp\/v2\/users\/2"}],"replies":[{"embeddable":true,"href":"https:\/\/ecoturbino.world\/fr\/wp-json\/wp\/v2\/comments?post=1198"}],"version-history":[{"count":0,"href":"https:\/\/ecoturbino.world\/fr\/wp-json\/wp\/v2\/pages\/1198\/revisions"}],"wp:featuredmedia":[{"embeddable":true,"href":"https:\/\/ecoturbino.world\/fr\/wp-json\/wp\/v2\/media\/1533"}],"wp:attachment":[{"href":"https:\/\/ecoturbino.world\/fr\/wp-json\/wp\/v2\/media?parent=1198"}],"curies":[{"name":"wp","href":"https:\/\/api.w.org\/{rel}","templated":true}]}}