{"id":2870,"date":"2024-01-18T01:59:26","date_gmt":"2024-01-18T00:59:26","guid":{"rendered":"https:\/\/ecoturbino.eu\/?page_id=2870"},"modified":"2024-01-18T02:07:39","modified_gmt":"2024-01-18T01:07:39","slug":"gtc","status":"publish","type":"page","link":"https:\/\/ecoturbino.world\/es\/gtc\/","title":{"rendered":"Terms and Conditions"},"content":{"rendered":"<div class=\"banner has-hover\" id=\"banner-2141347107\">\n          <div class=\"banner-inner fill\">\n        <div class=\"banner-bg fill\" >\n            <img decoding=\"async\" width=\"2000\" height=\"230\" src=\"https:\/\/ecoturbino.world\/wp-content\/uploads\/2024\/01\/wasser-faq-2000-sw.webp\" class=\"bg attachment-original size-original\" alt=\"Colector de agua\" \/>                                    \n                    <\/div>\n\t\t\n        <div class=\"banner-layers container\">\n            <div class=\"fill banner-link\"><\/div>            \n   <div id=\"text-box-797786066\" class=\"text-box banner-layer x50 md-x50 lg-x50 y50 md-y50 lg-y50 res-text\">\n                                <div class=\"text-box-content text dark\">\n              \n              <div class=\"text-inner text-center\">\n                  \n<h1>GTC<\/h1>\n              <\/div>\n           <\/div>\n                            \n<style>\n#text-box-797786066 {\n  width: 100%;\n}\n#text-box-797786066 .text-box-content {\n  font-size: 100%;\n}\n@media (min-width:550px) {\n  #text-box-797786066 {\n    width: 71%;\n  }\n}\n@media (min-width:850px) {\n  #text-box-797786066 {\n    width: 50%;\n  }\n}\n<\/style>\n    <\/div>\n \n        <\/div>\n      <\/div>\n\n            \n<style>\n#banner-2141347107 {\n  padding-top: 110px;\n}\n@media (min-width:550px) {\n  #banner-2141347107 {\n    padding-top: 170px;\n  }\n}\n@media (min-width:850px) {\n  #banner-2141347107 {\n    padding-top: 190px;\n  }\n}\n<\/style>\n  <\/div>\n\n\n<div class=\"row\"  id=\"row-866170372\">\n\n\t<div id=\"col-825981393\" class=\"col small-12 large-12\"  >\n\t\t\t\t<div class=\"col-inner\"  >\n\t\t\t\n\t\t\t\n<h2>Condiciones generales de ecoturbino\u00ae World<\/h2>\n<ol>\n<li><strong>Responsabilidad<\/strong><br \/>No asumimos ninguna responsabilidad por errores o problemas t\u00e9cnicos que puedan surgir en Internet. Se aplica la legislaci\u00f3n austriaca.<\/li>\n<li><strong>Responsabilidad por los contenidos<\/strong><br \/>La informaci\u00f3n contenida en este sitio web tiene car\u00e1cter meramente informativo y no es vinculante.<\/li>\n<li><strong>Descargo de responsabilidad sobre los contenidos de los sitios enlazados<\/strong><br \/>Este sitio web contiene diversos enlaces a p\u00e1ginas de otros fabricantes, etc. en Internet. Subrayamos expresamente que no tenemos ninguna influencia sobre el contenido y el dise\u00f1o de las p\u00e1ginas enlazadas. Por lo tanto, no podemos garantizar la actualidad, exactitud o integridad de la informaci\u00f3n proporcionada en ellas. Nos distanciamos expresamente de todos los contenidos de estas p\u00e1ginas. Esta declaraci\u00f3n se aplica a todos los enlaces a p\u00e1ginas externas que figuran en nuestro sitio y a todos los contenidos de las p\u00e1ginas a las que conducen los enlaces.<\/li>\n<li><strong>Derechos de imagen<\/strong><br \/>Todos los derechos de imagen de las ilustraciones de la tienda son propiedad de Ressourcen Saving GmbH y Webdeals Shops GmbH. No est\u00e1 permitido su uso sin nuestro consentimiento expreso.<\/li>\n<li><strong>Pol\u00edtica de privacidad y confidencialidad<\/strong><br \/>Consulte nuestra <a href=\"\/es\/cabina-de-privacidad\/privacidad\/\">Acuerdo de privacidad GDPR<\/a>.<\/li>\n<li><strong>Cl\u00e1usula de salvedad \/ Varios<\/strong><br \/>La invalidez de disposiciones individuales de estas condiciones generales o del contrato de compra no afecta a la validez de las disposiciones restantes. En lugar de la disposici\u00f3n inv\u00e1lida, se aplica la normativa legal.<\/li>\n<\/ol>\n\t\t<\/div>\n\t\t\t\t\t<\/div>\n\n\t\n<\/div>\n\t<div id=\"gap-1416311197\" class=\"gap-element clearfix\" style=\"display:block; height:auto;\">\n\t\t\n<style>\n#gap-1416311197 {\n  padding-top: 30px;\n}\n<\/style>\n\t<\/div>","protected":false},"excerpt":{"rendered":"","protected":false},"author":1,"featured_media":0,"parent":0,"menu_order":0,"comment_status":"closed","ping_status":"closed","template":"page-blank.php","meta":{"inline_featured_image":false,"footnotes":""},"class_list":["post-2870","page","type-page","status-publish","hentry"],"_links":{"self":[{"href":"https:\/\/ecoturbino.world\/es\/wp-json\/wp\/v2\/pages\/2870","targetHints":{"allow":["GET"]}}],"collection":[{"href":"https:\/\/ecoturbino.world\/es\/wp-json\/wp\/v2\/pages"}],"about":[{"href":"https:\/\/ecoturbino.world\/es\/wp-json\/wp\/v2\/types\/page"}],"author":[{"embeddable":true,"href":"https:\/\/ecoturbino.world\/es\/wp-json\/wp\/v2\/users\/1"}],"replies":[{"embeddable":true,"href":"https:\/\/ecoturbino.world\/es\/wp-json\/wp\/v2\/comments?post=2870"}],"version-history":[{"count":0,"href":"https:\/\/ecoturbino.world\/es\/wp-json\/wp\/v2\/pages\/2870\/revisions"}],"wp:attachment":[{"href":"https:\/\/ecoturbino.world\/es\/wp-json\/wp\/v2\/media?parent=2870"}],"curies":[{"name":"wp","href":"https:\/\/api.w.org\/{rel}","templated":true}]}}