{"id":1652,"date":"2024-01-03T21:01:56","date_gmt":"2024-01-03T20:01:56","guid":{"rendered":"https:\/\/ecoturbino.eu\/?page_id=1652"},"modified":"2025-12-29T22:43:52","modified_gmt":"2025-12-29T21:43:52","slug":"agua-dura-y-legionela","status":"publish","type":"page","link":"https:\/\/ecoturbino.world\/es\/hard-water-and-legionella\/","title":{"rendered":"Agua dura y legionela | Problemas con las duchas en el ba\u00f1o"},"content":{"rendered":"<section class=\"section zindex1\" id=\"section_600491659\">\n\t\t<div class=\"section-bg fill\" >\n\t\t\t\t\t\t\t\t\t\n\t\t\t\n\n\t\t<\/div>\n\n\t\t\n\n\t\t<div class=\"section-content relative\">\n\t\t\t\n<div class=\"row\"  id=\"row-130977157\">\n\n\t<div id=\"col-749779866\" class=\"col small-12 large-12\"  >\n\t\t\t\t<div class=\"col-inner\"  >\n\t\t\t\n\t\t\t\n\t<div id=\"text-2987995132\" class=\"text\">\n\t\t\n<h1 class=\"uppercase\">Agua dura y legionela | \u00a1El verdadero alcance del problema!<\/h1>\n<h3 class=\"thin-font\">Aunque la relaci\u00f3n general entre el agua dura y la legionela es bien conocida, a menudo se malinterpreta.<\/h3>\n\t\t\n<style>\n#text-2987995132 {\n  text-align: center;\n}\n<\/style>\n\t<\/div>\n\t\n<div class=\"text-center\"><div class=\"is-divider divider clearfix\" style=\"max-width:50%;height:1px;\"><\/div><\/div>\n\t<div id=\"gap-328354662\" class=\"gap-element clearfix\" style=\"display:block; height:auto;\">\n\t\t\n<style>\n#gap-328354662 {\n  padding-top: 30px;\n}\n<\/style>\n\t<\/div>\n\t\n<div class=\"row\"  id=\"row-1117085471\">\n\n\t<div id=\"col-49033373\" class=\"col medium-8 small-12 large-8\"  >\n\t\t\t\t<div class=\"col-inner\"  >\n\t\t\t\n\t\t\t\n<p>En este post, nos centramos en c\u00f3mo podemos <strong>controlar mejor el contenido bacteriano del agua desde el principio<\/strong>con el fin de <strong>reducir<\/strong> el uso de <strong>agresivo y <a href=\"https:\/\/ecoturbino.world\/es\/impacto-5\/\">ecol\u00f3gicamente<\/a> productos qu\u00edmicos nocivos para la eliminaci\u00f3n de bacterias.<\/strong><\/p>\n<p><strong>Di\u00f3xido de cloro<\/strong> sigue siendo el <strong>biocida m\u00e1s utilizado para eliminar las bacterias del agua, incluida la Legionella<\/strong>. Su capacidad para destruir las biopel\u00edculas es un aspecto muy importante de este producto qu\u00edmico. Sin embargo, el di\u00f3xido de cloro sirve \u00fanicamente para el control y la reducci\u00f3n, no para la prevenci\u00f3n.<\/p>\n<p>La clave de esta cuesti\u00f3n reside en <strong>comprender la conexi\u00f3n entre los dep\u00f3sitos de calcio, las biopel\u00edculas y la Legionella.<\/strong> Este enfoque permite<strong> reducci\u00f3n del n\u00famero de bacterias en su sistema de agua<\/strong>Por consiguiente, se minimiza el tiempo y el consumo de productos qu\u00edmicos para el mantenimiento del sistema.<\/p>\n<p>Y aqu\u00ed es donde entra en juego el adaptador de ducha ecoturbino,<strong> garantizar duchas higi\u00e9nicas en hoteles, gimnasios, hogares, etc.<\/strong><\/p>\n\t\t<\/div>\n\t\t\t\t\t<\/div>\n\n\t\n\n\t<div id=\"col-1232675025\" class=\"col medium-4 small-12 large-4\"  >\n\t\t\t\t<div class=\"col-inner\"  >\n\t\t\t\n\t\t\t\n\t<div class=\"img has-hover radius10 hide-for-small x md-x lg-x y md-y lg-y\" id=\"image_1916658266\">\n\t\t\t\t\t\t\t\t<div class=\"img-inner dark\" >\n\t\t\t<img decoding=\"async\" width=\"600\" height=\"600\" src=\"https:\/\/ecoturbino.world\/wp-content\/uploads\/2024\/01\/water-drain2_600.webp\" class=\"attachment-original size-original\" alt=\"\" srcset=\"https:\/\/ecoturbino.world\/wp-content\/uploads\/2024\/01\/water-drain2_600.webp 600w, https:\/\/ecoturbino.world\/wp-content\/uploads\/2024\/01\/water-drain2_600-500x500.webp 500w, https:\/\/ecoturbino.world\/wp-content\/uploads\/2024\/01\/water-drain2_600-32x32.webp 32w, https:\/\/ecoturbino.world\/wp-content\/uploads\/2024\/01\/water-drain2_600-48x48.webp 48w, https:\/\/ecoturbino.world\/wp-content\/uploads\/2024\/01\/water-drain2_600-80x80.webp 80w, https:\/\/ecoturbino.world\/wp-content\/uploads\/2024\/01\/water-drain2_600-180x180.webp 180w\" sizes=\"(max-width: 600px) 100vw, 600px\" \/>\t\t\t\t\t\t\n\t\t\t\t\t<\/div>\n\t\t\t\t\t\t\t\t\n<style>\n#image_1916658266 {\n  width: 100%;\n}\n<\/style>\n\t<\/div>\n\t\n\t\t<\/div>\n\t\t\t\t\t<\/div>\n\n\t\n<\/div>\n\t<div id=\"gap-397550867\" class=\"gap-element clearfix\" style=\"display:block; height:auto;\">\n\t\t\n<style>\n#gap-397550867 {\n  padding-top: 30px;\n}\n<\/style>\n\t<\/div>\n\t\n<div class=\"row\"  id=\"row-1185758649\">\n\n\t<div id=\"col-857550113\" class=\"col medium-4 small-12 large-4\"  >\n\t\t\t\t<div class=\"col-inner\"  >\n\t\t\t\n\t\t\t\n\t<div class=\"img has-hover radius10 x md-x lg-x y md-y lg-y\" id=\"image_126218048\">\n\t\t\t\t\t\t\t\t<div class=\"img-inner dark\" >\n\t\t\t<img decoding=\"async\" width=\"600\" height=\"900\" src=\"https:\/\/ecoturbino.world\/wp-content\/uploads\/2024\/01\/shower-head-limescale_600.webp\" class=\"attachment-original size-original\" alt=\"S\u00edmbolo de cal en la ducha\" srcset=\"https:\/\/ecoturbino.world\/wp-content\/uploads\/2024\/01\/shower-head-limescale_600.webp 600w, https:\/\/ecoturbino.world\/wp-content\/uploads\/2024\/01\/shower-head-limescale_600-120x180.webp 120w\" sizes=\"(max-width: 600px) 100vw, 600px\" \/>\t\t\t\t\t\t\n\t\t\t\t\t<\/div>\n\t\t\t\t\t\t\t\t\n<style>\n#image_126218048 {\n  width: 100%;\n}\n<\/style>\n\t<\/div>\n\t\n\t\t<\/div>\n\t\t\t\t\t<\/div>\n\n\t\n\n\t<div id=\"col-307972346\" class=\"col medium-8 small-12 large-8\"  >\n\t\t\t\t<div class=\"col-inner\"  >\n\t\t\t\n\t\t\t\n<div class=\"flex-1 overflow-hidden\">\n<div class=\"react-scroll-to-bottom--css-tpvix-79elbk h-full\">\n<div class=\"react-scroll-to-bottom--css-tpvix-1n7m0yu\">\n<div class=\"flex flex-col pb-9 text-sm\">\n<div class=\"w-full text-token-text-primary\" data-testid=\"conversation-turn-13\">\n<div class=\"px-4 py-2 justify-center text-base md:gap-6 m-auto\">\n<div class=\"flex flex-1 text-base mx-auto gap-3 md:px-5 lg:px-1 xl:px-5 md:max-w-3xl lg:max-w-&#091;40rem&#093; xl:max-w-&#091;48rem&#093; group final-completion\">\n<div class=\"relative flex w-full flex-col lg:w-&#091;calc(100%-115px)&#093; agent-turn\">\n<div class=\"flex-col gap-1 md:gap-3\">\n<div class=\"flex flex-grow flex-col max-w-full\">\n<div class=\"min-h-&#091;20px&#093; text-message flex flex-col items-start gap-3 whitespace-pre-wrap break-words &#091;.text-message+&amp;&#093;:mt-5 overflow-x-auto\" data-message-author-role=\"assistant\" data-message-id=\"6402d42d-ba99-40ec-b57e-ac45c40c778e\">\n<div class=\"markdown prose w-full break-words dark:prose-invert light\">\n<h3>\u00bfQu\u00e9 son los dep\u00f3sitos de cal?<\/h3>\n<p><strong>Los dep\u00f3sitos calc\u00e1reos son acumulaciones duras<\/strong> compuesto principalmente por <strong>carbonato c\u00e1lcico (CaCO3)<\/strong> y a menudo <strong>acumulaci\u00f3n en sistemas de agua caliente, tuber\u00edas y electrodom\u00e9sticos.<\/strong><\/p>\n<p>Pueden<strong> perjudicar significativamente el rendimiento<\/strong> de diversos componentes de fontaner\u00eda y calefacci\u00f3n,<strong> lo que reduce la eficacia<\/strong> y <strong>mayores costes de explotaci\u00f3n<\/strong> para sus equipos relacionados con el agua, as\u00ed como resultados visualmente poco atractivos en el cuarto de ba\u00f1o.<\/p>\n<blockquote>\n<p>En <strong>grado de formaci\u00f3n de cal<\/strong> viene determinada por la dureza del agua. Determinar la dureza del agua: \u00bfEs mi agua blanda o dura?<\/p>\n<\/blockquote>\n<p>La dureza del agua depende del <strong>contenido de compuestos de calcio y magnesio<\/strong>Se forma cuando el calcio y el magnesio se combinan con el di\u00f3xido de carbono disuelto en el agua.<\/p>\n<ol>\n<li>Agua blanda: Entre 0 y 7 grados Dureza alemana (dH) - La categor\u00eda de dureza I (0 a 1,3 milimoles de \u00f3xido de calcio por litro) se considera agua blanda.<\/li>\n<li>Agua dura: Entre 14 y 21 grados dH - La categor\u00eda de dureza III (de 2,5 a 3,8 milimoles de \u00f3xido de calcio por litro) se clasifica como agua dura.<\/li>\n<\/ol>\n<\/div>\n<\/div>\n<\/div>\n<\/div>\n<\/div>\n<\/div>\n<\/div>\n<\/div>\n<\/div>\n<\/div>\n<\/div>\n<\/div>\n\t<div id=\"gap-404298443\" class=\"gap-element clearfix\" style=\"display:block; height:auto;\">\n\t\t\n<style>\n#gap-404298443 {\n  padding-top: 15px;\n}\n<\/style>\n\t<\/div>\n\t\n<div class=\"is-divider divider clearfix\" style=\"max-width:100%;height:1px;\"><\/div>\n<h3>\u00bfQu\u00e9 es una biopel\u00edcula?<\/h3>\n<p>A <strong><a href=\"https:\/\/en.wikipedia.org\/wiki\/Biofilm\" target=\"_blank\" rel=\"noopener sponsored\">biopel\u00edcula<\/a> consiste en microorganismos vivos<\/strong>Como las bacterias, que se asientan y multiplican en una colonia o comunidad.<\/p>\n<p>La formaci\u00f3n de una biopel\u00edcula se produce cuando <strong>ciertos microorganismos<\/strong>como algunas especies de bacterias, <strong>adherirse a la superficie de un objeto<\/strong> en un ambiente h\u00famedo y comienzan a proliferar.<\/p>\n<p>Estos microorganismos se adhieren a la superficie del objeto mediante <strong>segregando una sustancia pegajosa y viscosa.<\/strong><\/p>\n\t\t<\/div>\n\t\t\t\t\t<\/div>\n\n\t\n<\/div>\n<div class=\"row\"  id=\"row-696140817\">\n\n\t<div id=\"col-1775831974\" class=\"col small-12 large-12\"  >\n\t\t\t\t<div class=\"col-inner\"  >\n\t\t\t\n\t\t\t\n<div class=\"row row-large row-divided\"  id=\"row-205362563\">\n\n\t<div id=\"col-112014965\" class=\"col medium-6 small-12 large-6\"  >\n\t\t\t\t<div class=\"col-inner\"  >\n\t\t\t\n\t\t\t\n<h3>\u00bfQu\u00e9 son las legionelas?<\/h3>\n<p><strong><a href=\"https:\/\/en.wikipedia.org\/wiki\/Legionella\" target=\"_blank\" rel=\"noopener sponsored\">Legionella<\/a> son bacterias<\/strong> que pueden causar la legionelosis, una enfermedad grave y <strong>forma de neumon\u00eda potencialmente mortal.<\/strong><\/p>\n<p>Transmisi\u00f3n de <strong>Legionelosis en humanos<\/strong> se produce por la inhalaci\u00f3n de min\u00fasculas gotas de agua (aerosoles) que est\u00e1n suspendidas en el aire y contienen la bacteria Legionella. La infecci\u00f3n se produce cuando estas gotitas de agua entran en los pulmones.<\/p>\n<p>Legionella pneumophila fue la primera de un amplio y creciente grupo de especies bacterianas relacionadas, conocidas como Legionellae, que se descubri\u00f3. En la actualidad se conocen <strong>48 especies y 70 subgrupos.<\/strong><\/p>\n<p>Existen diversos informes sobre la prevalencia de la Legionella, pero son los siguientes <strong>generalmente m\u00e1s com\u00fan en los sistemas de agua caliente<\/strong>. Sin embargo, se cree que la frecuencia de Legionella en los sistemas de agua caliente ha disminuido en los \u00faltimos a\u00f1os.<\/p>\n<p>Se espera que la cifra siga disminuyendo a medida que aumente la concienciaci\u00f3n sobre el problema y se adopten m\u00e1s medidas de fontaner\u00eda. Esto significa que las medidas adoptadas han demostrado su eficacia para reducir al m\u00ednimo la presencia de bacterias en el agua, y descuidarlas se considera negligencia.<\/p>\n\t\t<\/div>\n\t\t\t\t\n<style>\n#col-112014965 > .col-inner {\n  margin: 0px 0px -50px 0px;\n}\n<\/style>\n\t<\/div>\n\n\t\n\n\t<div id=\"col-479611601\" class=\"col medium-6 small-12 large-6\"  >\n\t\t\t\t<div class=\"col-inner\"  >\n\t\t\t\n\t\t\t\n<p><strong>Las condiciones de vida \u00f3ptimas para la Legionella son:<\/strong><\/p>\n<ul>\n<li>Reposici\u00f3n de agua dulce.<\/li>\n<li>Tiempo de residencia prolongado.<\/li>\n<li>Rango de temperatura de 25\u00b0C a 50\u00b0C.<\/li>\n<\/ul>\n<p>Efectos de<strong> diferentes rangos de temperatura<\/strong> sobre la proliferaci\u00f3n de Legionella:<\/p>\n<div class=\"row\"  id=\"row-1605699108\">\n\n\t<div id=\"col-1928312784\" class=\"col small-12 large-12\"  >\n\t\t\t\t<div class=\"col-inner\"  >\n\t\t\t\n\t\t\t\n<table style=\"border-collapse: collapse; width: 100%; height: 189px;\">\n<tbody>\n<tr style=\"height: 21px;\">\n<td style=\"width: 50%; height: 21px;\">Temperatura<\/td>\n<td style=\"width: 50%; height: 21px;\">Efecto sobre la tasa de reproducci\u00f3n<\/td>\n<\/tr>\n<tr style=\"height: 21px;\">\n<td style=\"width: 50%; height: 21px;\">hasta 20 \u00b0C<\/td>\n<td style=\"width: 50%; height: 21px;\">reproducci\u00f3n muy lenta<\/td>\n<\/tr>\n<tr style=\"height: 21px;\">\n<td style=\"width: 50%; height: 21px;\">a partir de 20 \u00b0C<\/td>\n<td style=\"width: 50%; height: 21px;\">Aumenta la tasa de reproducci\u00f3n<\/td>\n<\/tr>\n<tr style=\"height: 21px;\">\n<td style=\"width: 50%; height: 21px;\">30 \u00b0C a 45 \u00b0C<\/td>\n<td style=\"width: 50%; height: 21px;\">Multiplicaci\u00f3n \u00f3ptima, duplicaci\u00f3n a 36 \u00b0C en s\u00f3lo unas 3 horas con un buen aporte de nutrientes, 22 - 72 horas con un bajo aporte de nutrientes.<\/td>\n<\/tr>\n<tr style=\"height: 21px;\">\n<td style=\"width: 50%; height: 21px;\">a partir de 50 \u00b0C<\/td>\n<td style=\"width: 50%; height: 21px;\">apenas reproducci\u00f3n<\/td>\n<\/tr>\n<tr style=\"height: 21px;\">\n<td style=\"width: 50%; height: 21px;\">a partir de 55 \u00b0C<\/td>\n<td style=\"width: 50%; height: 21px;\">No m\u00e1s reproducci\u00f3n posible, muerto despu\u00e9s de 6 horas<\/td>\n<\/tr>\n<tr style=\"height: 21px;\">\n<td style=\"width: 50%; height: 21px;\">a partir de 60 \u00b0C<\/td>\n<td style=\"width: 50%; height: 21px;\">Destruye la legionela en unos 30 minutos<\/td>\n<\/tr>\n<tr style=\"height: 21px;\">\n<td style=\"width: 50%; height: 21px;\">a partir de 65 \u00b0C<\/td>\n<td style=\"width: 50%; height: 21px;\">Muerto en 2 minutos<\/td>\n<\/tr>\n<tr style=\"height: 21px;\">\n<td style=\"width: 50%; height: 21px;\">a partir de 70 \u00b0C<\/td>\n<td style=\"width: 50%; height: 21px;\">Muerto en cuesti\u00f3n de segundos<\/td>\n<\/tr>\n<\/tbody>\n<\/table>\n\t\t<\/div>\n\t\t\t\t\n<style>\n#col-1928312784 > .col-inner {\n  margin: 0px 0px -60px 0px;\n}\n<\/style>\n\t<\/div>\n\n\t\n<\/div>\n<p><span style=\"font-size: 90%;\">(Fuente: <a href=\"https:\/\/de.wikipedia.org\/wiki\/Legionellen\" target=\"_blank\" rel=\"noopener sponsored\">https:\/\/de.wikipedia.org\/wiki\/Legionellen<\/a>)<\/span><\/p>\n\t\t<\/div>\n\t\t\t\t\n<style>\n#col-479611601 > .col-inner {\n  margin: 0px 0px -50px 0px;\n}\n<\/style>\n\t<\/div>\n\n\t\n<\/div>\n\t\t<\/div>\n\t\t\t\t\n<style>\n#col-1775831974 > .col-inner {\n  padding: 25px 25px 25px 25px;\n  margin: 0px 0px -30px 0px;\n}\n<\/style>\n\t<\/div>\n\n\t\n\n<style>\n#row-696140817 > .col > .col-inner {\n  background-color: rgba(0, 0, 0, 0.15);\n  border-radius: 10px;\n}\n<\/style>\n<\/div>\n\t\t<\/div>\n\t\t\t\t\t<\/div>\n\n\t\n<\/div>\n<div class=\"row\"  id=\"row-2089927189\">\n\n\t<div id=\"col-1435796372\" class=\"col small-12 large-12\"  >\n\t\t\t\t<div class=\"col-inner\" style=\"background-color:rgb(255,255,255);\" >\n\t\t\t\n\t<div class=\"is-border is-dashed\"\n\t\tstyle=\"border-color:rgba(85, 85, 85, 0.75);border-radius:10px;border-width:2px 2px 2px 2px;\">\n\t<\/div>\n\t\t\t\n<div class=\"row\"  id=\"row-490490227\">\n\n\t<div id=\"col-750030391\" class=\"col medium-8 small-12 large-8\"  >\n\t\t\t\t<div class=\"col-inner\"  >\n\t\t\t\n\t\t\t\n<h3>\u00bfQu\u00e9 relaci\u00f3n existe entre los dep\u00f3sitos calc\u00e1reos, la biopel\u00edcula y la legionela?<\/h3>\n<p>En los lugares donde<strong> los dep\u00f3sitos calc\u00e1reos se han formado debido a la precipitaci\u00f3n de minerales<\/strong> en el agua dura y su adherencia a las superficies, se crea un caldo de cultivo \u00f3ptimo para las bacterias.<\/p>\n<p>Los principales factores que favorecen especialmente el crecimiento de la Legionella son la temperatura y la disponibilidad de nutrientes. <strong>La Legionella se desarrolla mejor a temperaturas entre 20 y 45\u00b0C<\/strong>y cuando el agua permanece estancada en este intervalo de temperatura, el<strong> las bacterias pueden multiplicarse r\u00e1pidamente.<\/strong><\/p>\n<p>Junto con la naturaleza rica en minerales del <strong>nuevo h\u00e1bitat para las bacterias, es decir, la cal,<\/strong> que sirve de excelente fuente de nutrici\u00f3n, el problema puede extenderse a\u00fan m\u00e1s.<\/p>\n<p>Una vez que las bacterias est\u00e1n presentes y se multiplican, forman una biopel\u00edcula. En presencia de cal y biopel\u00edcula, que ahora se encuentran en un entorno que les proporciona <strong>condiciones ideales y una nutrici\u00f3n suficiente,<\/strong> La legionela y otras bacterias pueden multiplicarse y prosperar.<\/p>\n\t\t<\/div>\n\t\t\t\t\n<style>\n#col-750030391 > .col-inner {\n  margin: 0px 0px -20px 0px;\n}\n<\/style>\n\t<\/div>\n\n\t\n\n\t<div id=\"col-1094982721\" class=\"col medium-4 small-12 large-4\"  >\n\t\t\t\t<div class=\"col-inner\"  >\n\t\t\t\n\t\t\t\n\t<div class=\"img has-hover radius10 x md-x lg-x y md-y lg-y\" id=\"image_753952404\">\n\t\t\t\t\t\t\t\t<div class=\"img-inner dark\" >\n\t\t\t<img decoding=\"async\" width=\"600\" height=\"600\" src=\"https:\/\/ecoturbino.world\/wp-content\/uploads\/2024\/01\/legionella-wikipedia_600.webp\" class=\"attachment-original size-original\" alt=\"Legionella, wikipedia\" srcset=\"https:\/\/ecoturbino.world\/wp-content\/uploads\/2024\/01\/legionella-wikipedia_600.webp 600w, https:\/\/ecoturbino.world\/wp-content\/uploads\/2024\/01\/legionella-wikipedia_600-500x500.webp 500w, https:\/\/ecoturbino.world\/wp-content\/uploads\/2024\/01\/legionella-wikipedia_600-32x32.webp 32w, https:\/\/ecoturbino.world\/wp-content\/uploads\/2024\/01\/legionella-wikipedia_600-48x48.webp 48w, https:\/\/ecoturbino.world\/wp-content\/uploads\/2024\/01\/legionella-wikipedia_600-80x80.webp 80w, https:\/\/ecoturbino.world\/wp-content\/uploads\/2024\/01\/legionella-wikipedia_600-180x180.webp 180w\" sizes=\"(max-width: 600px) 100vw, 600px\" \/>\t\t\t\t\t\t\n\t\t\t\t\t<\/div>\n\t\t\t\t\t\t\t\t\n<style>\n#image_753952404 {\n  width: 100%;\n}\n<\/style>\n\t<\/div>\n\t\n\t\t<\/div>\n\t\t\t\t\n<style>\n#col-1094982721 > .col-inner {\n  margin: 5px 0px -20px 0px;\n}\n<\/style>\n\t<\/div>\n\n\t\n<\/div>\n\t\t<\/div>\n\t\t\t\t\n<style>\n#col-1435796372 > .col-inner {\n  padding: 15px 20px 10px 30px;\n  margin: 0px 0px -100px 0px;\n  border-radius: 10px;\n}\n@media (min-width:550px) {\n  #col-1435796372 > .col-inner {\n    margin: 0px 0px -120px 0px;\n  }\n}\n<\/style>\n\t<\/div>\n\n\t\n<\/div>\n\t\t<\/div>\n\n\t\t\n<style>\n#section_600491659 {\n  padding-top: 30px;\n  padding-bottom: 30px;\n}\n<\/style>\n\t<\/section>\n\t\n\n\t<section class=\"section\" id=\"section_534042781\">\n\t\t<div class=\"section-bg fill\" >\n\t\t\t<img decoding=\"async\" width=\"1920\" height=\"683\" src=\"https:\/\/ecoturbino.world\/wp-content\/uploads\/2025\/12\/ecoturbino-function_1920-1.webp\" class=\"bg attachment- size-\" alt=\"ecoturbino funktion\" \/>\t\t\t\t\t\t<div class=\"section-bg-overlay absolute fill\"><\/div>\n\t\t\t\n\n\t\t<\/div>\n\n\t\t\t<div class=\"ux-shape-divider ux-shape-divider--top ux-shape-divider--style-waves-opacity\">\n\t\t<svg viewbox=\"0 0 1000 300\" xmlns=\"http:\/\/www.w3.org\/2000\/svg\" preserveaspectratio=\"none\">\n    <path class=\"ux-shape-fill\" d=\"M0 300L-1 69.71C216 57 299.47 198.86 403 226C506 253 577 196 660 197C740 198 790.09 234.07 874 267C935.23 291 982 282.61 1000 277.61V300H0Z\"\/>\n    <path class=\"ux-shape-fill\" opacity=\"0.5\" d=\"M1 265.094L0 50.5C217 37.79 300.47 186.36 404 213.5C507 240.5 578 196.5 661 197.5C741 198.5 787.59 239.57 871.5 272.5C932.73 296.5 980.5 284.5 998.5 279.5V298.5L1 265.094Z\"\/>\n    <path class=\"ux-shape-fill\" opacity=\"0.15\" d=\"M0.999878 244.094L-0.00012207 27C217 14.29 300.47 173.86 404 201C507 228 578 196 661 197C741 198 787.59 243.07 871.5 276C932.73 300 980.5 284.5 998.5 279.5V299L0.999878 244.094Z\"\/>\n<\/svg>\n\n\t<\/div>\n\n\n\t\t<div class=\"section-content relative\">\n\t\t\t\n\t\t<\/div>\n\n\t\t\n<style>\n#section_534042781 {\n  padding-top: 125px;\n  padding-bottom: 125px;\n}\n#section_534042781 .section-bg-overlay {\n  background-color: rgba(0, 0, 0, 0.25);\n}\n#section_534042781 .ux-shape-divider--top svg {\n  height: 80px;\n  --divider-top-width: 100%;\n}\n@media (min-width:550px) {\n  #section_534042781 {\n    padding-top: 220px;\n    padding-bottom: 220px;\n  }\n  #section_534042781 .ux-shape-divider--top svg {\n    height: 124px;\n  }\n}\n<\/style>\n\t<\/section>","protected":false},"excerpt":{"rendered":"","protected":false},"author":2,"featured_media":1841,"parent":0,"menu_order":0,"comment_status":"closed","ping_status":"closed","template":"page-blank.php","meta":{"inline_featured_image":false,"footnotes":""},"class_list":["post-1652","page","type-page","status-publish","has-post-thumbnail","hentry"],"_links":{"self":[{"href":"https:\/\/ecoturbino.world\/es\/wp-json\/wp\/v2\/pages\/1652","targetHints":{"allow":["GET"]}}],"collection":[{"href":"https:\/\/ecoturbino.world\/es\/wp-json\/wp\/v2\/pages"}],"about":[{"href":"https:\/\/ecoturbino.world\/es\/wp-json\/wp\/v2\/types\/page"}],"author":[{"embeddable":true,"href":"https:\/\/ecoturbino.world\/es\/wp-json\/wp\/v2\/users\/2"}],"replies":[{"embeddable":true,"href":"https:\/\/ecoturbino.world\/es\/wp-json\/wp\/v2\/comments?post=1652"}],"version-history":[{"count":0,"href":"https:\/\/ecoturbino.world\/es\/wp-json\/wp\/v2\/pages\/1652\/revisions"}],"wp:featuredmedia":[{"embeddable":true,"href":"https:\/\/ecoturbino.world\/es\/wp-json\/wp\/v2\/media\/1841"}],"wp:attachment":[{"href":"https:\/\/ecoturbino.world\/es\/wp-json\/wp\/v2\/media?parent=1652"}],"curies":[{"name":"wp","href":"https:\/\/api.w.org\/{rel}","templated":true}]}}