{"id":1220,"date":"2024-01-01T12:13:14","date_gmt":"2024-01-01T11:13:14","guid":{"rendered":"https:\/\/ecoturbino.eu\/?page_id=1220"},"modified":"2025-12-29T22:45:57","modified_gmt":"2025-12-29T21:45:57","slug":"impacto-7","status":"publish","type":"page","link":"https:\/\/ecoturbino.world\/es\/impact-7\/","title":{"rendered":"Turbulent water &#8211; revitalizes water"},"content":{"rendered":"<section class=\"section zindex1\" id=\"section_1889461688\">\n\t\t<div class=\"section-bg fill\" >\n\t\t\t\t\t\t\t\t\t\n\t\t\t\n\n\t\t<\/div>\n\n\t\t\n\n\t\t<div class=\"section-content relative\">\n\t\t\t\n<div class=\"row row-small\"  id=\"row-1944493346\">\n\n\t<div id=\"col-245310167\" class=\"col medium-9 small-12 large-9\"  >\n\t\t\t\t<div class=\"col-inner\"  >\n\t\t\t\n\t\t\t\n<h1 class=\"uppercase\">Agua turbulenta - Energiza el agua<\/h1>\n<h3 class=\"thin-font\">el s\u00e9ptimo impacto del sistema ecoturbino\u00ae de ahorro de agua y protecci\u00f3n del medio ambiente<\/h3>\n<div class=\"row\"  id=\"row-1988252\">\n\n\t<div id=\"col-1575187679\" class=\"col medium-11 small-12 large-11\"  >\n\t\t\t\t<div class=\"col-inner\"  >\n\t\t\t\n\t\t\t\n\t<div id=\"stack-4253955323\" class=\"stack stack-row justify-start items-start\">\n\t\t\n\t<div class=\"img has-hover x md-x lg-x y md-y lg-y\" id=\"image_1441667813\">\n\t\t<a class=\"\" href=\"\/es\/impacto-1\/\" >\t\t\t\t\t\t<div class=\"img-inner image-color dark\" >\n\t\t\t<img decoding=\"async\" width=\"100\" height=\"100\" src=\"https:\/\/ecoturbino.world\/wp-content\/uploads\/2024\/01\/impact1.svg\" class=\"attachment-original size-original\" alt=\"\" \/>\t\t\t\t\t\t\n\t\t\t\t\t<\/div>\n\t\t\t\t\t\t<\/a>\t\t\n<style>\n#image_1441667813 {\n  width: 100%;\n}\n<\/style>\n\t<\/div>\n\t\n\t<div class=\"img has-hover x md-x lg-x y md-y lg-y\" id=\"image_1593616315\">\n\t\t<a class=\"\" href=\"\/es\/impacto-2\/\" >\t\t\t\t\t\t<div class=\"img-inner image-color dark\" >\n\t\t\t<img decoding=\"async\" width=\"100\" height=\"100\" src=\"https:\/\/ecoturbino.world\/wp-content\/uploads\/2024\/01\/impact2.svg\" class=\"attachment-original size-original\" alt=\"\" \/>\t\t\t\t\t\t\n\t\t\t\t\t<\/div>\n\t\t\t\t\t\t<\/a>\t\t\n<style>\n#image_1593616315 {\n  width: 100%;\n}\n<\/style>\n\t<\/div>\n\t\n\t<div class=\"img has-hover x md-x lg-x y md-y lg-y\" id=\"image_1915754584\">\n\t\t<a class=\"\" href=\"\/es\/impacto-3\/\" >\t\t\t\t\t\t<div class=\"img-inner image-color dark\" >\n\t\t\t<img decoding=\"async\" width=\"100\" height=\"100\" src=\"https:\/\/ecoturbino.world\/wp-content\/uploads\/2024\/01\/impact3.svg\" class=\"attachment-original size-original\" alt=\"Impacto 3 de ecoturbino\" \/>\t\t\t\t\t\t\n\t\t\t\t\t<\/div>\n\t\t\t\t\t\t<\/a>\t\t\n<style>\n#image_1915754584 {\n  width: 100%;\n}\n<\/style>\n\t<\/div>\n\t\n\t<div class=\"img has-hover x md-x lg-x y md-y lg-y\" id=\"image_810417433\">\n\t\t<a class=\"\" href=\"\/es\/impacto-4\/\" >\t\t\t\t\t\t<div class=\"img-inner image-color dark\" >\n\t\t\t<img decoding=\"async\" width=\"100\" height=\"100\" src=\"https:\/\/ecoturbino.world\/wp-content\/uploads\/2024\/01\/impact4.svg\" class=\"attachment-original size-original\" alt=\"Impacto 4 de ecoturbino\" \/>\t\t\t\t\t\t\n\t\t\t\t\t<\/div>\n\t\t\t\t\t\t<\/a>\t\t\n<style>\n#image_810417433 {\n  width: 100%;\n}\n<\/style>\n\t<\/div>\n\t\n\t<div class=\"img has-hover x md-x lg-x y md-y lg-y\" id=\"image_461507966\">\n\t\t<a class=\"\" href=\"\/es\/impacto-5\/\" >\t\t\t\t\t\t<div class=\"img-inner image-color dark\" >\n\t\t\t<img decoding=\"async\" width=\"100\" height=\"100\" src=\"https:\/\/ecoturbino.world\/wp-content\/uploads\/2024\/01\/impact5.svg\" class=\"attachment-original size-original\" alt=\"\" \/>\t\t\t\t\t\t\n\t\t\t\t\t<\/div>\n\t\t\t\t\t\t<\/a>\t\t\n<style>\n#image_461507966 {\n  width: 100%;\n}\n<\/style>\n\t<\/div>\n\t\n\t<div class=\"img has-hover x md-x lg-x y md-y lg-y\" id=\"image_1259788475\">\n\t\t<a class=\"\" href=\"\/es\/impacto-6\/\" >\t\t\t\t\t\t<div class=\"img-inner image-color dark\" >\n\t\t\t<img decoding=\"async\" width=\"100\" height=\"100\" src=\"https:\/\/ecoturbino.world\/wp-content\/uploads\/2024\/01\/impact6.svg\" class=\"attachment-original size-original\" alt=\"Impacto 6 de ecoturbino\" \/>\t\t\t\t\t\t\n\t\t\t\t\t<\/div>\n\t\t\t\t\t\t<\/a>\t\t\n<style>\n#image_1259788475 {\n  width: 100%;\n}\n<\/style>\n\t<\/div>\n\t\n\t<div class=\"img has-hover x md-x lg-x y md-y lg-y\" id=\"image_458723198\">\n\t\t\t\t\t\t\t\t<div class=\"img-inner dark\" >\n\t\t\t<img decoding=\"async\" width=\"100\" height=\"100\" src=\"https:\/\/ecoturbino.world\/wp-content\/uploads\/2024\/01\/impact7.svg\" class=\"attachment-original size-original\" alt=\"Impacto 7 de ecoturbino\" \/>\t\t\t\t\t\t\n\t\t\t\t\t<\/div>\n\t\t\t\t\t\t\t\t\n<style>\n#image_458723198 {\n  width: 100%;\n}\n<\/style>\n\t<\/div>\n\t\n\t\t\n<style>\n#stack-4253955323 > * {\n  --stack-gap: 0.5rem;\n}\n@media (min-width:550px) {\n  #stack-4253955323 > * {\n    --stack-gap: 1rem;\n  }\n}\n<\/style>\n\t<\/div>\n\t\n\t\t<\/div>\n\t\t\t\t\t<\/div>\n\n\t\n<\/div>\n\t\t<\/div>\n\t\t\t\t\t<\/div>\n\n\t\n\n\t<div id=\"col-1880356319\" class=\"col medium-3 small-12 large-3\"  >\n\t\t\t\t<div class=\"col-inner\"  >\n\t\t\t\n\t\t\t\n\t<div class=\"img has-hover x md-x lg-x y md-y lg-y\" id=\"image_980640647\">\n\t\t\t\t\t\t\t\t<div class=\"img-inner dark\" >\n\t\t\t<img decoding=\"async\" width=\"100\" height=\"100\" src=\"https:\/\/ecoturbino.world\/wp-content\/uploads\/2024\/01\/impact7.svg\" class=\"attachment-original size-original\" alt=\"Impacto 7 de ecoturbino\" \/>\t\t\t\t\t\t\n\t\t\t\t\t<\/div>\n\t\t\t\t\t\t\t\t\n<style>\n#image_980640647 {\n  width: 100%;\n}\n<\/style>\n\t<\/div>\n\t\n\t\t<\/div>\n\t\t\t\t\t<\/div>\n\n\t\n<\/div>\n<div class=\"row\"  id=\"row-826664185\">\n\n\t<div id=\"col-631616204\" class=\"col small-12 large-12\"  >\n\t\t\t\t<div class=\"col-inner\"  >\n\t\t\t\n\t\t\t\n<div class=\"is-divider divider clearfix\" style=\"max-width:100%;height:1px;\"><\/div>\n<h2><span style=\"font-size: 120%;\">Agua turbulenta en la ducha gracias a ecoturbino | C\u00f3mo el aire revitaliza el chorro de agua<\/span><\/h2>\n<p>En <strong>la ducha matinal es un momento crucial<\/strong> para que muchas personas<strong> empezar el d\u00eda con frescura y energ\u00eda<\/strong>. Una corriente de agua vigorizante puede hacer maravillas y despertar los sentidos.<\/p>\n<p>ecoturbino va un paso m\u00e1s all\u00e1 para mejorar esta experiencia de ducha mediante<strong> generando <a href=\"https:\/\/en.wikipedia.org\/wiki\/Turbulence\" target=\"_blank\" rel=\"noopener sponsored\">turbulento<\/a> agua.<\/strong> Pero, \u00bfc\u00f3mo funciona realmente? La respuesta est\u00e1 en el ingenioso <strong>introducci\u00f3n de aire en la corriente de agua<\/strong>El resultado es una ducha revitalizante y eficaz.<\/p>\n<h3>El papel del aire en la ducha<\/h3>\n<p>El aire desempe\u00f1a un papel crucial para mejorar la experiencia de la ducha. Cuando se introduce en el chorro de agua, <strong>crea peque\u00f1as burbujas de aire que agitan el agua, aport\u00e1ndole m\u00e1s volumen y estructura.<\/strong> Esto da lugar a una corriente de agua turbulenta que ofrece<strong> mayor eficacia y una experiencia de ducha m\u00e1s agradable.<\/strong><\/p>\n<h3>La innovadora tecnolog\u00eda de ecoturbino<\/h3>\n<p>ecoturbino utiliza esto <strong>tecnolog\u00eda del aire para mejorar la corriente de agua.<\/strong> La tecnolog\u00eda se basa en un estrechamiento especial de la secci\u00f3n transversal que <strong>acelera el flujo de agua<\/strong> mientras aspira aire. Este aire se mezcla con el agua, creando una corriente din\u00e1mica y vigorizante.<\/p>\n\t<div id=\"gap-1411854712\" class=\"gap-element clearfix\" style=\"display:block; height:auto;\">\n\t\t\n<style>\n#gap-1411854712 {\n  padding-top: 30px;\n}\n<\/style>\n\t<\/div>\n\t\n<div class=\"row\"  id=\"row-1707821993\">\n\n\t<div id=\"col-524590979\" class=\"col medium-4 small-12 large-4\"  >\n\t\t\t\t<div class=\"col-inner\"  >\n\t\t\t\n\t\t\t\n\t<div class=\"img has-hover radius10 x md-x lg-x y md-y lg-y\" id=\"image_299235283\">\n\t\t\t\t\t\t\t\t<div class=\"img-inner dark\" >\n\t\t\t<img decoding=\"async\" width=\"600\" height=\"600\" src=\"https:\/\/ecoturbino.world\/wp-content\/uploads\/2024\/01\/air-water_600.webp\" class=\"attachment-original size-original\" alt=\"S\u00edmbolo de aire y agua\" srcset=\"https:\/\/ecoturbino.world\/wp-content\/uploads\/2024\/01\/air-water_600.webp 600w, https:\/\/ecoturbino.world\/wp-content\/uploads\/2024\/01\/air-water_600-500x500.webp 500w, https:\/\/ecoturbino.world\/wp-content\/uploads\/2024\/01\/air-water_600-32x32.webp 32w, https:\/\/ecoturbino.world\/wp-content\/uploads\/2024\/01\/air-water_600-48x48.webp 48w, https:\/\/ecoturbino.world\/wp-content\/uploads\/2024\/01\/air-water_600-80x80.webp 80w, https:\/\/ecoturbino.world\/wp-content\/uploads\/2024\/01\/air-water_600-180x180.webp 180w\" sizes=\"(max-width: 600px) 100vw, 600px\" \/>\t\t\t\t\t\t\n\t\t\t\t\t<\/div>\n\t\t\t\t\t\t\t\t\n<style>\n#image_299235283 {\n  width: 100%;\n}\n<\/style>\n\t<\/div>\n\t\n\t\t<\/div>\n\t\t\t\t\t<\/div>\n\n\t\n\n\t<div id=\"col-207033034\" class=\"col medium-8 small-12 large-8\"  >\n\t\t\t\t<div class=\"col-inner\"  >\n\t\t\t\n\t\t\t\n<h3>Los beneficios del agua turbulenta en la ducha<\/h3>\n<ul>\n<li><strong>Limpieza m\u00e1s eficaz:<\/strong> Un chorro de agua turbulento puede eliminar eficazmente la suciedad y el jab\u00f3n de la piel y el cabello, lo que se traduce en una limpieza m\u00e1s profunda y una mejor experiencia de ducha.<\/li>\n<li><strong>Ahorro de agua:<\/strong> Al a\u00f1adir aire, ecoturbino puede aumentar la presi\u00f3n del agua sin consumir m\u00e1s agua. Esto permite disfrutar de una ducha c\u00f3moda con un consumo de agua reducido.<\/li>\n<li><strong>Ahorro de energ\u00eda:<\/strong> Como hay que calentar menos agua para obtener agua caliente para la ducha, la ecoturbina tambi\u00e9n permite ahorrar energ\u00eda y reducir los costes energ\u00e9ticos.<\/li>\n<li><strong>Mayor comodidad en la ducha:<\/strong> El chorro de agua m\u00e1s turbulento de ecoturbino se siente m\u00e1s fuerte y agradable, lo que se traduce en una mayor comodidad en la ducha.<\/li>\n<li><strong><a href=\"https:\/\/ecoturbino.world\/es\/impacto-5\/\">Medio ambiente<\/a> amable:<\/strong> La reducci\u00f3n del consumo de agua y energ\u00eda supone una menor presi\u00f3n sobre el medio ambiente y una disminuci\u00f3n de las emisiones de CO2.<\/li>\n<\/ul>\n\t\t<\/div>\n\t\t\t\t\t<\/div>\n\n\t\n<\/div>\n\t<div id=\"gap-358331276\" class=\"gap-element clearfix\" style=\"display:block; height:auto;\">\n\t\t\n<style>\n#gap-358331276 {\n  padding-top: 30px;\n}\n<\/style>\n\t<\/div>\n\t\n<div class=\"row\"  id=\"row-653890205\">\n\n\t<div id=\"col-689046061\" class=\"col medium-6 small-12 large-6\"  >\n\t\t\t\t<div class=\"col-inner\"  >\n\t\t\t\n\t\t\t\n<h3>La instalaci\u00f3n de ecoturbino<\/h3>\n<p>La instalaci\u00f3n de ecoturbino no podr\u00eda ser m\u00e1s sencilla. Suele venir con una rosca est\u00e1ndar de \u00bd pulgada, presente en la mayor\u00eda de las duchas.<\/p>\n<p>Esto permite <strong>instalaci\u00f3n r\u00e1pida y sencilla sin necesidad de herramientas especiales<\/strong> o experiencia. En s\u00f3lo unos minutos, cualquiera puede disfrutar de los beneficios de una corriente de agua turbulenta.<\/p>\n\t\t<\/div>\n\t\t\t\t\t<\/div>\n\n\t\n\n\t<div id=\"col-1989389294\" class=\"col medium-6 small-12 large-6\"  >\n\t\t\t\t<div class=\"col-inner\" style=\"background-color:#c0d63d;\" >\n\t\t\t\n\t\t\t\n\t<div id=\"text-779906375\" class=\"text\">\n\t\t\n<h4 class=\"uppercase\">CONCLUSI\u00d3N<\/h4>\n\t\t\n<style>\n#text-779906375 {\n  font-size: 2rem;\n  text-align: right;\n  color: rgb(255,255,255);\n}\n#text-779906375 > * {\n  color: rgb(255,255,255);\n}\n@media (min-width:550px) {\n  #text-779906375 {\n    font-size: 3.5rem;\n  }\n}\n<\/style>\n\t<\/div>\n\t\n<h3>Una experiencia de ducha vigorizante gracias a ecoturbino<\/h3>\n<blockquote>\n<p>ecoturbino ofrece una soluci\u00f3n innovadora para generar agua turbulenta en la ducha y disfrutar de los beneficios de un chorro de agua vigorizante.<\/p>\n<\/blockquote>\n<p>La introducci\u00f3n de aire en la corriente de agua permite <strong>ducharse de forma m\u00e1s eficiente, ahorrar agua y energ\u00eda,<\/strong> y <strong>mejorar la comodidad de la ducha<\/strong>t.<\/p>\n<p>Gracias a su f\u00e1cil instalaci\u00f3n, todo el mundo puede beneficiarse de las ventajas de ecoturbino y elevar su experiencia de ducha matutina a un nuevo nivel.<\/p>\n\t\t<\/div>\n\t\t\t\t\n<style>\n#col-1989389294 > .col-inner {\n  padding: 10px 20px 1px 25px;\n  border-radius: 10px;\n}\n<\/style>\n\t<\/div>\n\n\t\n<\/div>\n\t\t<\/div>\n\t\t\t\t\n<style>\n#col-631616204 > .col-inner {\n  margin: 0px 0px -125px 0px;\n}\n@media (min-width:550px) {\n  #col-631616204 > .col-inner {\n    margin: 0px 0px -200px 0px;\n  }\n}\n<\/style>\n\t<\/div>\n\n\t\n<\/div>\n\t\t<\/div>\n\n\t\t\n<style>\n#section_1889461688 {\n  padding-top: 30px;\n  padding-bottom: 30px;\n}\n<\/style>\n\t<\/section>\n\t\n\n\t<section class=\"section\" id=\"section_200956053\">\n\t\t<div class=\"section-bg fill\" >\n\t\t\t<img decoding=\"async\" width=\"1920\" height=\"683\" src=\"https:\/\/ecoturbino.world\/wp-content\/uploads\/2025\/12\/ecoturbino-function_1920-1.webp\" class=\"bg attachment- size-\" alt=\"ecoturbino funktion\" \/>\t\t\t\t\t\t<div class=\"section-bg-overlay absolute fill\"><\/div>\n\t\t\t\n\n\t\t<\/div>\n\n\t\t\t<div class=\"ux-shape-divider ux-shape-divider--top ux-shape-divider--style-waves-opacity\">\n\t\t<svg viewbox=\"0 0 1000 300\" xmlns=\"http:\/\/www.w3.org\/2000\/svg\" preserveaspectratio=\"none\">\n    <path class=\"ux-shape-fill\" d=\"M0 300L-1 69.71C216 57 299.47 198.86 403 226C506 253 577 196 660 197C740 198 790.09 234.07 874 267C935.23 291 982 282.61 1000 277.61V300H0Z\"\/>\n    <path class=\"ux-shape-fill\" opacity=\"0.5\" d=\"M1 265.094L0 50.5C217 37.79 300.47 186.36 404 213.5C507 240.5 578 196.5 661 197.5C741 198.5 787.59 239.57 871.5 272.5C932.73 296.5 980.5 284.5 998.5 279.5V298.5L1 265.094Z\"\/>\n    <path class=\"ux-shape-fill\" opacity=\"0.15\" d=\"M0.999878 244.094L-0.00012207 27C217 14.29 300.47 173.86 404 201C507 228 578 196 661 197C741 198 787.59 243.07 871.5 276C932.73 300 980.5 284.5 998.5 279.5V299L0.999878 244.094Z\"\/>\n<\/svg>\n\n\t<\/div>\n\n\n\t\t<div class=\"section-content relative\">\n\t\t\t\n\t\t<\/div>\n\n\t\t\n<style>\n#section_200956053 {\n  padding-top: 125px;\n  padding-bottom: 125px;\n}\n#section_200956053 .section-bg-overlay {\n  background-color: rgba(0, 0, 0, 0.25);\n}\n#section_200956053 .ux-shape-divider--top svg {\n  height: 80px;\n  --divider-top-width: 100%;\n}\n@media (min-width:550px) {\n  #section_200956053 {\n    padding-top: 300px;\n    padding-bottom: 300px;\n  }\n  #section_200956053 .ux-shape-divider--top svg {\n    height: 124px;\n  }\n}\n<\/style>\n\t<\/section>","protected":false},"excerpt":{"rendered":"","protected":false},"author":2,"featured_media":1698,"parent":0,"menu_order":0,"comment_status":"closed","ping_status":"closed","template":"page-blank.php","meta":{"inline_featured_image":false,"footnotes":""},"class_list":["post-1220","page","type-page","status-publish","has-post-thumbnail","hentry"],"_links":{"self":[{"href":"https:\/\/ecoturbino.world\/es\/wp-json\/wp\/v2\/pages\/1220","targetHints":{"allow":["GET"]}}],"collection":[{"href":"https:\/\/ecoturbino.world\/es\/wp-json\/wp\/v2\/pages"}],"about":[{"href":"https:\/\/ecoturbino.world\/es\/wp-json\/wp\/v2\/types\/page"}],"author":[{"embeddable":true,"href":"https:\/\/ecoturbino.world\/es\/wp-json\/wp\/v2\/users\/2"}],"replies":[{"embeddable":true,"href":"https:\/\/ecoturbino.world\/es\/wp-json\/wp\/v2\/comments?post=1220"}],"version-history":[{"count":0,"href":"https:\/\/ecoturbino.world\/es\/wp-json\/wp\/v2\/pages\/1220\/revisions"}],"wp:featuredmedia":[{"embeddable":true,"href":"https:\/\/ecoturbino.world\/es\/wp-json\/wp\/v2\/media\/1698"}],"wp:attachment":[{"href":"https:\/\/ecoturbino.world\/es\/wp-json\/wp\/v2\/media?parent=1220"}],"curies":[{"name":"wp","href":"https:\/\/api.w.org\/{rel}","templated":true}]}}