{"id":1202,"date":"2024-01-01T11:52:19","date_gmt":"2024-01-01T10:52:19","guid":{"rendered":"https:\/\/ecoturbino.eu\/?page_id=1202"},"modified":"2025-12-29T22:44:32","modified_gmt":"2025-12-29T21:44:32","slug":"impacto-3","status":"publish","type":"page","link":"https:\/\/ecoturbino.world\/es\/impact-3\/","title":{"rendered":"Agua caliente suficiente para todas las duchas al mismo tiempo"},"content":{"rendered":"<section class=\"section zindex1\" id=\"section_489963721\">\n\t\t<div class=\"section-bg fill\" >\n\t\t\t\t\t\t\t\t\t\n\t\t\t\n\n\t\t<\/div>\n\n\t\t\n\n\t\t<div class=\"section-content relative\">\n\t\t\t\n<div class=\"row row-small\"  id=\"row-247600090\">\n\n\t<div id=\"col-448915482\" class=\"col medium-9 small-12 large-9\"  >\n\t\t\t\t<div class=\"col-inner\"  >\n\t\t\t\n\t\t\t\n<h1 class=\"uppercase\">Suministro suficiente de agua caliente para todas las duchas<\/h1>\n<h3 class=\"thin-font\">el tercer impacto del sistema ecoturbino\u00ae de ahorro de agua y protecci\u00f3n del medio ambiente<\/h3>\n<div class=\"row\"  id=\"row-772396432\">\n\n\t<div id=\"col-1387994967\" class=\"col medium-11 small-12 large-11\"  >\n\t\t\t\t<div class=\"col-inner\"  >\n\t\t\t\n\t\t\t\n\t<div id=\"stack-2007775457\" class=\"stack stack-row justify-start items-start\">\n\t\t\n\t<div class=\"img has-hover x md-x lg-x y md-y lg-y\" id=\"image_1050326980\">\n\t\t<a class=\"\" href=\"\/es\/impacto-1\/\" >\t\t\t\t\t\t<div class=\"img-inner image-color dark\" >\n\t\t\t<img decoding=\"async\" width=\"100\" height=\"100\" src=\"https:\/\/ecoturbino.world\/wp-content\/uploads\/2024\/01\/impact1.svg\" class=\"attachment-original size-original\" alt=\"\" \/>\t\t\t\t\t\t\n\t\t\t\t\t<\/div>\n\t\t\t\t\t\t<\/a>\t\t\n<style>\n#image_1050326980 {\n  width: 100%;\n}\n<\/style>\n\t<\/div>\n\t\n\t<div class=\"img has-hover x md-x lg-x y md-y lg-y\" id=\"image_871319762\">\n\t\t<a class=\"\" href=\"\/es\/impacto-2\/\" >\t\t\t\t\t\t<div class=\"img-inner image-color dark\" >\n\t\t\t<img decoding=\"async\" width=\"100\" height=\"100\" src=\"https:\/\/ecoturbino.world\/wp-content\/uploads\/2024\/01\/impact2.svg\" class=\"attachment-original size-original\" alt=\"\" \/>\t\t\t\t\t\t\n\t\t\t\t\t<\/div>\n\t\t\t\t\t\t<\/a>\t\t\n<style>\n#image_871319762 {\n  width: 100%;\n}\n<\/style>\n\t<\/div>\n\t\n\t<div class=\"img has-hover x md-x lg-x y md-y lg-y\" id=\"image_1969592138\">\n\t\t\t\t\t\t\t\t<div class=\"img-inner dark\" >\n\t\t\t<img decoding=\"async\" width=\"100\" height=\"100\" src=\"https:\/\/ecoturbino.world\/wp-content\/uploads\/2024\/01\/impact3.svg\" class=\"attachment-original size-original\" alt=\"Impacto 3 de ecoturbino\" \/>\t\t\t\t\t\t\n\t\t\t\t\t<\/div>\n\t\t\t\t\t\t\t\t\n<style>\n#image_1969592138 {\n  width: 100%;\n}\n<\/style>\n\t<\/div>\n\t\n\t<div class=\"img has-hover x md-x lg-x y md-y lg-y\" id=\"image_388653015\">\n\t\t<a class=\"\" href=\"\/es\/impacto-4\/\" >\t\t\t\t\t\t<div class=\"img-inner image-color dark\" >\n\t\t\t<img decoding=\"async\" width=\"100\" height=\"100\" src=\"https:\/\/ecoturbino.world\/wp-content\/uploads\/2024\/01\/impact4.svg\" class=\"attachment-original size-original\" alt=\"Impacto 4 de ecoturbino\" \/>\t\t\t\t\t\t\n\t\t\t\t\t<\/div>\n\t\t\t\t\t\t<\/a>\t\t\n<style>\n#image_388653015 {\n  width: 100%;\n}\n<\/style>\n\t<\/div>\n\t\n\t<div class=\"img has-hover x md-x lg-x y md-y lg-y\" id=\"image_1143326393\">\n\t\t<a class=\"\" href=\"\/es\/impacto-5\/\" >\t\t\t\t\t\t<div class=\"img-inner image-color dark\" >\n\t\t\t<img decoding=\"async\" width=\"100\" height=\"100\" src=\"https:\/\/ecoturbino.world\/wp-content\/uploads\/2024\/01\/impact5.svg\" class=\"attachment-original size-original\" alt=\"\" \/>\t\t\t\t\t\t\n\t\t\t\t\t<\/div>\n\t\t\t\t\t\t<\/a>\t\t\n<style>\n#image_1143326393 {\n  width: 100%;\n}\n<\/style>\n\t<\/div>\n\t\n\t<div class=\"img has-hover x md-x lg-x y md-y lg-y\" id=\"image_258603811\">\n\t\t<a class=\"\" href=\"\/es\/impacto-6\/\" >\t\t\t\t\t\t<div class=\"img-inner image-color dark\" >\n\t\t\t<img decoding=\"async\" width=\"100\" height=\"100\" src=\"https:\/\/ecoturbino.world\/wp-content\/uploads\/2024\/01\/impact6.svg\" class=\"attachment-original size-original\" alt=\"Impacto 6 de ecoturbino\" \/>\t\t\t\t\t\t\n\t\t\t\t\t<\/div>\n\t\t\t\t\t\t<\/a>\t\t\n<style>\n#image_258603811 {\n  width: 100%;\n}\n<\/style>\n\t<\/div>\n\t\n\t<div class=\"img has-hover x md-x lg-x y md-y lg-y\" id=\"image_2091323498\">\n\t\t<a class=\"\" href=\"\/es\/impacto-7\/\" >\t\t\t\t\t\t<div class=\"img-inner image-color dark\" >\n\t\t\t<img decoding=\"async\" width=\"100\" height=\"100\" src=\"https:\/\/ecoturbino.world\/wp-content\/uploads\/2024\/01\/impact7.svg\" class=\"attachment-original size-original\" alt=\"Impacto 7 de ecoturbino\" \/>\t\t\t\t\t\t\n\t\t\t\t\t<\/div>\n\t\t\t\t\t\t<\/a>\t\t\n<style>\n#image_2091323498 {\n  width: 100%;\n}\n<\/style>\n\t<\/div>\n\t\n\t\t\n<style>\n#stack-2007775457 > * {\n  --stack-gap: 0.5rem;\n}\n@media (min-width:550px) {\n  #stack-2007775457 > * {\n    --stack-gap: 1rem;\n  }\n}\n<\/style>\n\t<\/div>\n\t\n\t\t<\/div>\n\t\t\t\t\t<\/div>\n\n\t\n<\/div>\n\t\t<\/div>\n\t\t\t\t\t<\/div>\n\n\t\n\n\t<div id=\"col-421391687\" class=\"col medium-3 small-12 large-3\"  >\n\t\t\t\t<div class=\"col-inner\"  >\n\t\t\t\n\t\t\t\n\t<div class=\"img has-hover x md-x lg-x y md-y lg-y\" id=\"image_797107671\">\n\t\t\t\t\t\t\t\t<div class=\"img-inner dark\" >\n\t\t\t<img decoding=\"async\" width=\"100\" height=\"100\" src=\"https:\/\/ecoturbino.world\/wp-content\/uploads\/2024\/01\/impact3.svg\" class=\"attachment-original size-original\" alt=\"Impacto 3 de ecoturbino\" \/>\t\t\t\t\t\t\n\t\t\t\t\t<\/div>\n\t\t\t\t\t\t\t\t\n<style>\n#image_797107671 {\n  width: 100%;\n}\n<\/style>\n\t<\/div>\n\t\n\t\t<\/div>\n\t\t\t\t\t<\/div>\n\n\t\n<\/div>\n<div class=\"row\"  id=\"row-842408991\">\n\n\t<div id=\"col-698856032\" class=\"col small-12 large-12\"  >\n\t\t\t\t<div class=\"col-inner\"  >\n\t\t\t\n\t\t\t\n<div class=\"is-divider divider clearfix\" style=\"max-width:100%;height:1px;\"><\/div>\n<h3><span style=\"font-size: 120%;\">Peque\u00f1as calderas y suministro de agua caliente para todos | Problema y soluci\u00f3n con ecoturbino<\/span><\/h3>\n<p>La cuesti\u00f3n de <strong>el suministro de agua caliente suele pasarse por alto<\/strong> pero sigue siendo un elemento crucial para el confort y la calidad de vida en muchos <strong>hogares, <a href=\"https:\/\/ecoturbino.world\/es\/directorio-mundial\/categorias\/centro-deportivo-2\/\" target=\"_blank\" rel=\"noopener\">gimnasios<\/a>residencias de estudiantes,<\/strong> y otras instalaciones comunes.<\/p>\n<p>Especialmente en situaciones en las que <strong>peque\u00f1as calderas o bombas de calor son la \u00fanica fuente de agua caliente,<\/strong> La escasez puede producirse cuando todo el mundo quiere ducharse al mismo tiempo. Este problema afecta sobre todo a familias en viviendas unifamiliares, gimnasios e instalaciones comunes.<\/p>\n<p>Aqu\u00ed es donde el <strong>entra en juego la innovadora tecnolog\u00eda de ecoturbino<\/strong>no s\u00f3lo <strong>reducir el consumo de agua durante las duchas en un impresionante 40%.<\/strong> sino tambi\u00e9n, en general, garantizar un suministro adecuado de agua caliente para todos y ofrecer numerosas ventajas.<\/p>\n<blockquote>\n<p>La duraci\u00f3n de la disponibilidad de agua caliente para duchas se ampl\u00eda con 40%.<\/p>\n<\/blockquote>\n\t<div id=\"gap-1277059459\" class=\"gap-element clearfix\" style=\"display:block; height:auto;\">\n\t\t\n<style>\n#gap-1277059459 {\n  padding-top: 30px;\n}\n<\/style>\n\t<\/div>\n\t\n<div class=\"row\"  id=\"row-1613360265\">\n\n\t<div id=\"col-675213543\" class=\"col medium-4 small-12 large-4\"  >\n\t\t\t\t<div class=\"col-inner\"  >\n\t\t\t\n\t\t\t\n\t<div class=\"img has-hover radius10 x md-x lg-x y md-y lg-y\" id=\"image_1743531127\">\n\t\t\t\t\t\t\t\t<div class=\"img-inner dark\" >\n\t\t\t<img decoding=\"async\" width=\"600\" height=\"600\" src=\"https:\/\/ecoturbino.world\/wp-content\/uploads\/2024\/01\/setting-temp_600.webp\" class=\"attachment-original size-original\" alt=\"S\u00edmbolo de temperatura de ajuste\" srcset=\"https:\/\/ecoturbino.world\/wp-content\/uploads\/2024\/01\/setting-temp_600.webp 600w, https:\/\/ecoturbino.world\/wp-content\/uploads\/2024\/01\/setting-temp_600-500x500.webp 500w, https:\/\/ecoturbino.world\/wp-content\/uploads\/2024\/01\/setting-temp_600-32x32.webp 32w, https:\/\/ecoturbino.world\/wp-content\/uploads\/2024\/01\/setting-temp_600-48x48.webp 48w, https:\/\/ecoturbino.world\/wp-content\/uploads\/2024\/01\/setting-temp_600-80x80.webp 80w, https:\/\/ecoturbino.world\/wp-content\/uploads\/2024\/01\/setting-temp_600-180x180.webp 180w\" sizes=\"(max-width: 600px) 100vw, 600px\" \/>\t\t\t\t\t\t\n\t\t\t\t\t<\/div>\n\t\t\t\t\t\t\t\t\n<style>\n#image_1743531127 {\n  width: 100%;\n}\n<\/style>\n\t<\/div>\n\t\n\t\t<\/div>\n\t\t\t\t\t<\/div>\n\n\t\n\n\t<div id=\"col-689973744\" class=\"col medium-8 small-12 large-8\"  >\n\t\t\t\t<div class=\"col-inner\"  >\n\t\t\t\n\t\t\t\n<h3>El problema de las calderas peque\u00f1as y <a href=\"https:\/\/en.wikipedia.org\/wiki\/Heat_pump\" target=\"_blank\" rel=\"noopener sponsored\">Bombas de calor<\/a><\/h3>\n<p>En muchas residencias e instalaciones comunes, <strong>los sistemas de suministro de agua caliente suelen estar subdimensionados<\/strong> debido a la limitaci\u00f3n de recursos o de espacio.<\/p>\n<p>Las calderas o bombas de calor peque\u00f1as pueden plantear dificultades, <strong>especialmente cuando muchas personas quieren ducharse simult\u00e1neamente.<\/strong> Esto suele provocar situaciones desagradables en las que el agua caliente escasea o incluso se agota por completo.<\/p>\n<p>Los miembros de la familia tienen que darse prisa durante las duchas o esperar a que haya m\u00e1s agua caliente, <strong>los clientes del gimnasio se frustran,<\/strong> y el confort general se ve significativamente comprometido.<\/p>\n\t\t<\/div>\n\t\t\t\t\t<\/div>\n\n\t\n<\/div>\n\t<div id=\"gap-50775297\" class=\"gap-element clearfix\" style=\"display:block; height:auto;\">\n\t\t\n<style>\n#gap-50775297 {\n  padding-top: 30px;\n}\n<\/style>\n\t<\/div>\n\t\n<div class=\"row\"  id=\"row-266661196\">\n\n\t<div id=\"col-178907216\" class=\"col medium-6 small-12 large-6\"  >\n\t\t\t\t<div class=\"col-inner\" style=\"background-color:rgb(255,255,255);\" >\n\t\t\t\n\t\t\t\n<h3>La soluci\u00f3n \"Agua caliente adecuada para todos\" = ecoturbino<\/h3>\n<p>La tecnolog\u00eda ecoturbino ofrece una<strong> soluci\u00f3n eficaz a este problema generalizado<\/strong>. Est\u00e1 dise\u00f1ado para <strong>reducir dr\u00e1sticamente el consumo de agua durante las duchas<\/strong> sin comprometer la comodidad de la ducha. Estas son algunas de las ventajas que ecoturbino ofrece a todo el mundo:<\/p>\n<ul>\n<li><strong>Reducido (HOT) - Consumo de agua:<\/strong> ecoturbino puede reducir el consumo de agua en un impresionante 40%. Esto significa que es necesario calentar menos agua para proporcionar agua caliente para las duchas, o que la cantidad existente es suficiente para muchas m\u00e1s sesiones de ducha. Esto supone un importante ahorro de energ\u00eda y recursos h\u00eddricos.<\/li>\n<\/ul>\n<blockquote>\n<p>Agua caliente suficiente para todos: Al reducir el consumo de agua, ecoturbino garantiza que haya suficiente agua caliente para todos, incluso cuando varias personas quieren ducharse al mismo tiempo. El problema de la capacidad limitada de las calderas o bombas de calor peque\u00f1as se resuelve de forma eficaz.<\/p>\n<\/blockquote>\n<ul>\n<li><strong>Recuperaci\u00f3n r\u00e1pida:<\/strong> Instalar ecoturbino es sencillo y rentable. El ahorro en costes de energ\u00eda y agua hace que la inversi\u00f3n sea rentable en poco tiempo. Para familias, gimnasios y otras instalaciones, ecoturbino se amortiza r\u00e1pidamente.<\/li>\n<li><strong>Respetuoso con el medio ambiente:<\/strong> Al reducir el consumo de agua, ecoturbino contribuye a conservar los recursos h\u00eddricos y a reducir las emisiones de CO2. Esto no s\u00f3lo es beneficioso para su cartera, sino tambi\u00e9n para el medio ambiente.<\/li>\n<li><strong>Mayor comodidad en la ducha:<\/strong> A pesar de reducir el consumo de agua, <strong>ecoturbino sigue proporcionando una experiencia de ducha inalterada, agradable y relajante<\/strong>. La tecnolog\u00eda garantiza que el chorro de agua siga siendo fuerte y agradable sin derrochar (principio de aumento de la presi\u00f3n sin energ\u00eda externa).<\/li>\n<\/ul>\n\t\t<\/div>\n\t\t\t\t\n<style>\n#col-178907216 > .col-inner {\n  padding: 5px 15px 15px 15px;\n  border-radius: 10px;\n}\n<\/style>\n\t<\/div>\n\n\t\n\n\t<div id=\"col-1231722075\" class=\"col medium-6 small-12 large-6\"  >\n\t\t\t\t<div class=\"col-inner\" style=\"background-color:#c0d63d;\" >\n\t\t\t\n\t\t\t\n\t<div id=\"text-2003598701\" class=\"text\">\n\t\t\n<h4 class=\"uppercase\">CONCLUSI\u00d3N<\/h4>\n\t\t\n<style>\n#text-2003598701 {\n  font-size: 2rem;\n  text-align: right;\n  color: rgb(255,255,255);\n}\n#text-2003598701 > * {\n  color: rgb(255,255,255);\n}\n@media (min-width:850px) {\n  #text-2003598701 {\n    font-size: 3.5rem;\n  }\n}\n<\/style>\n\t<\/div>\n\t\n<h3>Beneficios para todos gracias al sistema ecoturbino<\/h3>\n<p>la tecnolog\u00eda ecoturbino es una <strong>una soluci\u00f3n beneficiosa para todos<\/strong> con recursos limitados de agua caliente. En <strong>reduce el consumo de agua y garantiza agua caliente suficiente para todos,<\/strong> y ofrece numerosas ventajas en t\u00e9rminos de ahorro de costes, respeto del medio ambiente y comodidad en la ducha.<\/p>\n<blockquote>\n<p>Ya sea en viviendas familiares, gimnasios u otras instalaciones comunes, ecoturbino garantiza un suministro de agua caliente eficiente y satisfactorio para todos.<\/p>\n<\/blockquote>\n<p>En caso de que un <strong>desag\u00fce existente sea demasiado peque\u00f1o,<\/strong> ecoturbino tambi\u00e9n puede ayudar con este problema. En lugar de inundar, el uso de nuestros productos es <strong>a menudo suficiente para evitar un desbordamiento,<\/strong> por lo que s\u00f3lo se necesita 60% de la capacidad de desag\u00fce - a menudo se puede evitar el desbordamiento.<\/p>\n\t\t<\/div>\n\t\t\t\t\n<style>\n#col-1231722075 > .col-inner {\n  padding: 10px 20px 1px 25px;\n  border-radius: 10px;\n}\n<\/style>\n\t<\/div>\n\n\t\n<\/div>\n\t\t<\/div>\n\t\t\t\t\n<style>\n#col-698856032 > .col-inner {\n  margin: 0px 0px -125px 0px;\n}\n@media (min-width:550px) {\n  #col-698856032 > .col-inner {\n    margin: 0px 0px -200px 0px;\n  }\n}\n<\/style>\n\t<\/div>\n\n\t\n<\/div>\n\t\t<\/div>\n\n\t\t\n<style>\n#section_489963721 {\n  padding-top: 30px;\n  padding-bottom: 30px;\n}\n<\/style>\n\t<\/section>\n\t\n\n\t<section class=\"section\" id=\"section_201375406\">\n\t\t<div class=\"section-bg fill\" >\n\t\t\t<img decoding=\"async\" width=\"1920\" height=\"683\" src=\"https:\/\/ecoturbino.world\/wp-content\/uploads\/2025\/12\/ecoturbino-function_1920-1.webp\" class=\"bg attachment- size-\" alt=\"ecoturbino funktion\" \/>\t\t\t\t\t\t<div class=\"section-bg-overlay absolute fill\"><\/div>\n\t\t\t\n\n\t\t<\/div>\n\n\t\t\t<div class=\"ux-shape-divider ux-shape-divider--top ux-shape-divider--style-waves-opacity\">\n\t\t<svg viewbox=\"0 0 1000 300\" xmlns=\"http:\/\/www.w3.org\/2000\/svg\" preserveaspectratio=\"none\">\n    <path class=\"ux-shape-fill\" d=\"M0 300L-1 69.71C216 57 299.47 198.86 403 226C506 253 577 196 660 197C740 198 790.09 234.07 874 267C935.23 291 982 282.61 1000 277.61V300H0Z\"\/>\n    <path class=\"ux-shape-fill\" opacity=\"0.5\" d=\"M1 265.094L0 50.5C217 37.79 300.47 186.36 404 213.5C507 240.5 578 196.5 661 197.5C741 198.5 787.59 239.57 871.5 272.5C932.73 296.5 980.5 284.5 998.5 279.5V298.5L1 265.094Z\"\/>\n    <path class=\"ux-shape-fill\" opacity=\"0.15\" d=\"M0.999878 244.094L-0.00012207 27C217 14.29 300.47 173.86 404 201C507 228 578 196 661 197C741 198 787.59 243.07 871.5 276C932.73 300 980.5 284.5 998.5 279.5V299L0.999878 244.094Z\"\/>\n<\/svg>\n\n\t<\/div>\n\n\n\t\t<div class=\"section-content relative\">\n\t\t\t\n\t\t<\/div>\n\n\t\t\n<style>\n#section_201375406 {\n  padding-top: 125px;\n  padding-bottom: 125px;\n}\n#section_201375406 .section-bg-overlay {\n  background-color: rgba(0, 0, 0, 0.25);\n}\n#section_201375406 .ux-shape-divider--top svg {\n  height: 80px;\n  --divider-top-width: 100%;\n}\n@media (min-width:550px) {\n  #section_201375406 {\n    padding-top: 250px;\n    padding-bottom: 250px;\n  }\n  #section_201375406 .ux-shape-divider--top svg {\n    height: 124px;\n  }\n}\n<\/style>\n\t<\/section>","protected":false},"excerpt":{"rendered":"","protected":false},"author":2,"featured_media":1556,"parent":0,"menu_order":0,"comment_status":"closed","ping_status":"closed","template":"page-blank.php","meta":{"inline_featured_image":false,"footnotes":""},"class_list":["post-1202","page","type-page","status-publish","has-post-thumbnail","hentry"],"_links":{"self":[{"href":"https:\/\/ecoturbino.world\/es\/wp-json\/wp\/v2\/pages\/1202","targetHints":{"allow":["GET"]}}],"collection":[{"href":"https:\/\/ecoturbino.world\/es\/wp-json\/wp\/v2\/pages"}],"about":[{"href":"https:\/\/ecoturbino.world\/es\/wp-json\/wp\/v2\/types\/page"}],"author":[{"embeddable":true,"href":"https:\/\/ecoturbino.world\/es\/wp-json\/wp\/v2\/users\/2"}],"replies":[{"embeddable":true,"href":"https:\/\/ecoturbino.world\/es\/wp-json\/wp\/v2\/comments?post=1202"}],"version-history":[{"count":0,"href":"https:\/\/ecoturbino.world\/es\/wp-json\/wp\/v2\/pages\/1202\/revisions"}],"wp:featuredmedia":[{"embeddable":true,"href":"https:\/\/ecoturbino.world\/es\/wp-json\/wp\/v2\/media\/1556"}],"wp:attachment":[{"href":"https:\/\/ecoturbino.world\/es\/wp-json\/wp\/v2\/media?parent=1202"}],"curies":[{"name":"wp","href":"https:\/\/api.w.org\/{rel}","templated":true}]}}