{"id":3,"date":"2023-11-25T11:41:12","date_gmt":"2023-11-25T10:41:12","guid":{"rendered":"https:\/\/ecoturbino.eu\/?page_id=3"},"modified":"2024-01-18T02:10:49","modified_gmt":"2024-01-18T01:10:49","slug":"datenschutz","status":"publish","type":"page","link":"https:\/\/ecoturbino.world\/de\/privacy-cockpit\/privacy\/","title":{"rendered":"Datenschutzrichtlinie gem\u00e4\u00df GDPR"},"content":{"rendered":"<div class=\"banner has-hover\" id=\"banner-562885275\">\n          <div class=\"banner-inner fill\">\n        <div class=\"banner-bg fill\" >\n            <img decoding=\"async\" width=\"2000\" height=\"230\" src=\"https:\/\/ecoturbino.world\/wp-content\/uploads\/2024\/01\/wasser-faq-2000-sw.webp\" class=\"bg attachment-original size-original\" alt=\"Wassersammler\" \/>                                    \n                    <\/div>\n\t\t\n        <div class=\"banner-layers container\">\n            <div class=\"fill banner-link\"><\/div>            \n   <div id=\"text-box-228138326\" class=\"text-box banner-layer x50 md-x50 lg-x50 y50 md-y50 lg-y50 res-text\">\n                                <div class=\"text-box-content text dark\">\n              \n              <div class=\"text-inner text-center\">\n                  \n<h1><span style=\"font-size: 100%;\">DATENSCHUTZPOLITIK<\/span><\/h1>\n              <\/div>\n           <\/div>\n                            \n<style>\n#text-box-228138326 {\n  width: 60%;\n}\n#text-box-228138326 .text-box-content {\n  font-size: 100%;\n}\n<\/style>\n    <\/div>\n \n        <\/div>\n      <\/div>\n\n            \n<style>\n#banner-562885275 {\n  padding-top: 110px;\n}\n@media (min-width:550px) {\n  #banner-562885275 {\n    padding-top: 170px;\n  }\n}\n@media (min-width:850px) {\n  #banner-562885275 {\n    padding-top: 190px;\n  }\n}\n<\/style>\n  <\/div>\n\n\n<div class=\"row\"  id=\"row-1895124325\">\n\n\t<div id=\"col-1363011793\" class=\"col small-12 large-12\"  >\n\t\t\t\t<div class=\"col-inner\"  >\n\t\t\t\n\t\t\t\n<h3>1. Name und Anschrift der verantwortlichen Partei<\/h3>\n<p>Verantwortliche Stelle im Sinne der Datenschutz-Grundverordnung und anderer nationaler Datenschutzgesetze der Mitgliedsstaaten sowie sonstiger datenschutzrechtlicher Vorschriften ist:<\/p>\n<p>Ressourcen-Sparen GmbH<br \/>\nAlserbachstra\u00dfe 2<br \/>\nAT- 1090 Wien<\/p>\n<p>\ud83d\udcde <a href=\"tel:+4369918180000\">+43 699 18180000<\/a><br \/>\n\ud83d\udce7 <a href=\"mailto:info@ecoturbino.eu\">info (at) ecoturbino.eu<\/a><\/p>\n<p>(von nun an auch verantwortliche Partei genannt).<\/p>\n<p>Die verantwortliche Partei betreibt die folgende Website: https:\/\/ecoturbino.world.<\/p>\n<p>Der Schutz Ihrer pers\u00f6nlichen Daten ist f\u00fcr uns ein wichtiges Anliegen. Deshalb m\u00f6chten wir Ihnen im Folgenden zeigen, wie Ihre pers\u00f6nlichen Daten, die f\u00fcr diese Website und unsere Dienstleistungen verwendet werden, behandelt werden.<\/p>\n<p>Unsere Datenschutzpolitik bezieht sich nur auf die Nutzung der Website https:\/\/en.ecoturbino.shop. Wenn Sie von unseren Seiten auf andere Websites weitergeleitet werden, informieren Sie sich bitte \u00fcber den jeweiligen Umgang mit Ihren pers\u00f6nlichen Daten auf der Seite, auf die Sie weitergeleitet wurden.<\/p>\n<h3>2. Fragen des Datenschutzes<\/h3>\n<p>Bitte richten Sie Ihre Fragen zum Datenschutz an <a href=\"mailto:privacy@ecoturbino.shop\">privacy@ecoturbino.shop<\/a>.<\/p>\n<h3>3. Allgemeine Informationen zur Datenverarbeitung<\/h3>\n<p>Unter personenbezogenen Daten verstehen wir alle Informationen, die Ihre Identit\u00e4t preisgeben (z. B. Name, Adresse, E-Mail-Adresse, Telefonnummer). Bei der Nutzung unseres digitalen Dienstes werden Ihre personenbezogenen Daten nur im Einklang mit den gesetzlichen Bestimmungen verarbeitet. Dazu geh\u00f6ren die DSGVO, das TKG 2003 oder das nationale Datenschutzgesetz. Ihre pers\u00f6nlichen Daten werden im Sinne der Datenvermeidung und -minimierung nur dann erhoben, wenn sie f\u00fcr den von Ihnen gew\u00fcnschten Zweck erforderlich sind oder Sie uns diese freiwillig zur Verf\u00fcgung stellen.<\/p>\n<p>Wir m\u00f6chten Sie darauf hinweisen, dass wir auch dann f\u00fcr Ihre Daten verantwortlich sind, wenn wir einen Dritten (Auftragsverarbeiter) mit der Abwicklung eines Vertrages beauftragen.<\/p>\n<h3>4. Wir f\u00fchren die folgenden Prozesse durch<\/h3>\n<p><strong>4.1. Cookies<\/strong><\/p>\n<p>Um die Nutzung unserer Website so benutzerfreundlich und sicher wie m\u00f6glich zu gestalten und um bestimmte Funktionen zu erm\u00f6glichen, verwenden wir so genannte Cookies. Dabei handelt es sich um kleine Textdateien, die in Ihrem Browser abgelegt werden. Die meisten der von uns verwendeten Cookies sind so genannte Session-Cookies, die von Ihrem Ger\u00e4t nach Verlassen unserer Website automatisch gel\u00f6scht werden. Andere Cookies, so genannte Langzeit-Cookies, bleiben auf Ihrem Ger\u00e4t gespeichert, bis Sie sie l\u00f6schen. Diese Cookies erm\u00f6glichen es uns, Ihren Browser bei Ihrem n\u00e4chsten Besuch wiederzuerkennen. Sie k\u00f6nnen das Speichern von Cookies durch entsprechende Einstellungen in Ihrem Browser verhindern. Wir weisen Sie jedoch darauf hin, dass Sie dann nicht alle Funktionen der Website vollumf\u00e4nglich nutzen k\u00f6nnen.<\/p>\n<p>Wenn Sie einen Kommentar auf unserer Website schreiben, k\u00f6nnen Sie zustimmen, dass Ihr Name, Ihre E-Mail-Adresse und Ihre Website in Cookies gespeichert werden. Dies ist eine Komfortfunktion, damit Sie beim n\u00e4chsten Mal, wenn Sie einen Kommentar schreiben, nicht alle diese Informationen erneut eingeben m\u00fcssen. Diese Cookies werden ein Jahr lang gespeichert.<\/p>\n<p>Wenn Sie ein Konto haben und sich auf dieser Website anmelden, setzen wir ein tempor\u00e4res Cookie, um festzustellen, ob Ihr Browser Cookies zul\u00e4sst oder nicht. Dieses Cookie enth\u00e4lt keine pers\u00f6nlichen Informationen und wird gel\u00f6scht, wenn Sie Ihren Browser schlie\u00dfen.<\/p>\n<p>Wenn Sie sich anmelden, werden wir einige Cookies konfigurieren, um Ihre Anmeldeinformationen und Anzeigeoptionen zu speichern. Cookies f\u00fcr die Anmeldung verfallen nach zwei Jahren und Cookies f\u00fcr Ihre Anzeigeoptionen nach einem Jahr. Wenn Sie bei der Anmeldung \"Eingeloggt bleiben\" w\u00e4hlen, bleiben Sie zwei Wochen lang eingeloggt. Wenn Sie sich von Ihrem Konto abmelden, werden die Anmelde-Cookies gel\u00f6scht.<\/p>\n<p><strong>4.2. Sitzungscookies<\/strong><\/p>\n<p>Um Ihnen das Surfen auf unserer Website zu erleichtern, legen wir eine so genannte Session-ID fest, die jedem Besucher zu Beginn der Nutzung unserer Website zugewiesen wird. Diese Sitzungs-ID erm\u00f6glicht es unserem Server, Sie bzw. Ihren Computer\/Browser als denselben Besucher zu erkennen, auch wenn sich die IP-Adresse zwischen den Besuchen m\u00f6glicherweise \u00e4ndert. Diese Sitzungs-ID erm\u00f6glicht auch die Zuordnung mehrerer zusammenh\u00e4ngender Anfragen, die von einem Nutzer w\u00e4hrend einer Sitzung gestellt werden. Der verwendete Sitzungs-ID-Cookie wird bis zum Ende einer Sitzung gespeichert. Er wird automatisch gel\u00f6scht, wenn Sie Ihren Browser schlie\u00dfen.<\/p>\n<p><strong>4.3. Langfristige Cookies<\/strong><\/p>\n<p>Unsere Website benutzt auch Funktionen des Webanalysedienstes Google Analytics, eines Dienstes der Google Inc. (\"Google\"), der \u00fcber ein Privacy-Shield-Zertifikat verf\u00fcgt.<\/p>\n<p>Google Analytics verwendet ebenfalls Cookies, die u.a. eine Analyse der Nutzung der Website durch Sie erm\u00f6glichen. Im Zuge der Nutzung von Google Analytics \u00fcber diese Website werden die folgenden Informationen gesammelt: IP-Adresse, Nutzerverhalten, Browserinformationen. Wir installieren Google Analytics nur mit IP-Anonymisierung. Das bedeutet, dass Ihre IP-Adresse von Google innerhalb von Mitgliedstaaten der Europ\u00e4ischen Union oder in anderen Vertragsstaaten des Abkommens \u00fcber den Europ\u00e4ischen Wirtschaftsraum gek\u00fcrzt wird. Nur in Ausnahmef\u00e4llen wird die volle IP-Adresse an einen Server von Google in den USA \u00fcbertragen und erst dort gek\u00fcrzt. Im Auftrag des Betreibers dieser Website wird Google diese Informationen benutzen, um Ihre Nutzung der Website auszuwerten, um Reports \u00fcber die Aktivit\u00e4ten auf der Website zusammenzustellen und um weitere mit der Websitenutzung und der Internetnutzung verbundene Dienstleistungen gegen\u00fcber dem Websitebetreiber zu erbringen. Diese Berichte und Dienste werden verwendet, um das Angebot dieser Website st\u00e4ndig zu verbessern. Sie k\u00f6nnen die Erfassung der durch das Cookie erzeugten und auf Ihre Nutzung der Website bezogenen Daten (inkl. Ihrer IP-Adresse) an Google sowie die Verarbeitung dieser Daten durch Google verhindern, indem sie das unter dem folgenden Link verf\u00fcgbare Browser-Plugin herunterladen und installieren:\u00a0<a href=\"http:\/\/tools.google.com\/dlpage\/gaoptout?hl=de\" target=\"_blank\" rel=\"noopener noreferrer\">http:\/\/tools.google.com\/dlpage\/gaoptout?hl=de<\/a>. Je nach verwendetem Browser sind auch \u00e4hnliche Plug-ins anderer Anbieter verf\u00fcgbar. Die oben genannten personenbezogenen Daten werden f\u00fcr zwei Jahre gespeichert.<\/p>\n<p><strong>4.4. Newsletter &amp; Push-Nachrichten<br \/>\n<\/strong><\/p>\n<p>Wir verarbeiten Ihre pers\u00f6nlichen Daten, damit wir Ihnen Newsletter und Push-Nachrichten schicken k\u00f6nnen. Dieser Vorgang erfolgt rechtm\u00e4\u00dfig mit Ihrer Zustimmung. Wir geben Ihre personenbezogenen Daten an Dritte weiter, damit diese die Nachricht f\u00fcr uns versenden k\u00f6nnen. Ihre personenbezogenen Daten werden so lange verarbeitet, bis Sie die Verarbeitung abbrechen.<\/p>\n<p><strong>4.5. Kommentare<\/strong><\/p>\n<p>Wenn Besucher Kommentare auf der Website hinterlassen, sammeln wir die Daten, die im Kommentarformular angezeigt werden, sowie die IP-Adresse des Besuchers und den User-Agent-String (zur Identifizierung des Browsers), um die Erkennung von Spam zu unterst\u00fctzen.<\/p>\n<p>Aus Ihrer E-Mail-Adresse kann eine anonymisierte Zeichenfolge (auch Hash genannt) erstellt und an Gravatar weitergegeben werden, um zu \u00fcberpr\u00fcfen, ob Sie diese verwenden. Die Datenschutzrichtlinien von Gravatar finden Sie hier: <a href=\"https:\/\/automattic.com\/privacy\/\" target=\"_blank\" rel=\"noopener noreferrer\">https:\/\/automattic.com\/privacy\/<\/a>. Nachdem Ihr Kommentar genehmigt wurde, ist Ihr Profilbild in Ihrem Kommentar sichtbar.<\/p>\n<p><strong>4.6. Medien<\/strong><\/p>\n<p>Wenn Sie ein registrierter Benutzer sind und Fotos auf diese Website laden, sollten Sie es vermeiden, Fotos mit einer EXIF-GPS-Position hochzuladen. Besucher dieser Website k\u00f6nnten Fotos, die auf dieser Website gespeichert sind, herunterladen und Informationen \u00fcber den Ort, an dem sie aufgenommen wurden, extrahieren.<\/p>\n<p><strong>4.7. Eingebettete Inhalte von anderen Websites<\/strong><\/p>\n<p>Die Beitr\u00e4ge auf dieser Website k\u00f6nnen eingebettete Inhalte enthalten (z. B. Videos, Bilder, Artikel). Eingebettete Inhalte von anderen Websites verhalten sich genau so, als ob der Besucher die anderen Websites besucht h\u00e4tte.<\/p>\n<p>Diese Websites k\u00f6nnen Informationen \u00fcber Sie sammeln, Cookies verwenden, zus\u00e4tzliche Tracking-Dienste von Dritten einbetten und Ihre Interaktion mit diesen eingebetteten Inhalten aufzeichnen, einschlie\u00dflich Ihrer Interaktion mit diesen Inhalten, wenn Sie ein Konto haben und auf dieser Website angemeldet sind.<\/p>\n<p><strong>4.8. Darstellung der anonymisierten Anfragen und K\u00e4ufe<\/strong><\/p>\n<p>Zur Information und Darstellung h\u00e4ufig nachgefragter und gekaufter Produkte und zur Demonstration des sicheren Einkaufs in unserem Online-Shop nutzen wir einen Cloud-Dienst. Wir \u00fcbermitteln diesem Dritten anonymisierte Daten, um optimale Darstellungen f\u00fcr das Websystem zu realisieren.<\/p>\n<p><strong>4.9. Weitere Analysedienste<\/strong><\/p>\n<p>Neben dem Analysedienst von Google (Google Anlytics) setzen wir bei Bedarf weitere technische Analyseverfahren ein, vor allem direkt nach der Aktualisierung der Homepage und der Betriebssoftware des Webshops. Ziel ist es, technisches Fehlverhalten, das das Surferlebnis und den Kaufwunsch des Nutzers beeintr\u00e4chtigen w\u00fcrde, schnell zu erkennen. Beispiele hierf\u00fcr k\u00f6nnen sein: \"Produkt kann nicht in den Warenkorb gelegt werden\", \"Zahlung nicht m\u00f6glich\", \"Registrierung eines Kundenkontos nicht m\u00f6glich\", usw. Aufgezeichnete pers\u00f6nliche Informationen werden anonym gespeichert und nach Deaktivierung der Pr\u00fcfung gel\u00f6scht.<\/p>\n<p><strong>4.10. Schutzsystem gegen Hackerangriffe, Spam, Malware und Phishing<br \/>\n<\/strong><\/p>\n<p>Um pers\u00f6nliche Daten und das gesamte System zu sch\u00fctzen, verwenden wir mehrere hochentwickelte Schutzsysteme, die wir aus Datenschutz- und Sicherheitsgr\u00fcnden nicht auflisten. Die von den Besuchern hinterlassenen Kommentare k\u00f6nnen von einem automatischen Dienst zur Spam-Erkennung untersucht werden. Die gesamte Homepage ist mit SSL verschl\u00fcsselt, um ein sicheres Browsing-Erlebnis zu gew\u00e4hrleisten.<\/p>\n<p>Diese Website ist durch reCAPTCHA und das Google <a href=\"https:\/\/policies.google.com\/privacy\" rel=\"nofollow noopener\" target=\"_blank\">Datenschutzbestimmungen<\/a>\u00a0und <a href=\"https:\/\/policies.google.com\/terms\" rel=\"nofollow noopener\" target=\"_blank\">Bedingungen der Dienstleistung<\/a>\u00a0anwenden.<\/p>\n<h3>5. Speichern und Bearbeiten von Daten im Webshop<\/h3>\n<p><strong>5.1. W\u00e4hrend Ihres Besuchs in unserem Webshop erfassen wir:<\/strong><\/p>\n<ul>\n<li>Produkte, die Sie sich angesehen haben. Wir verwenden diese Aufzeichnung, um Ihnen Produkte, die Sie bereits gesehen haben, als Erinnerung zu zeigen.<\/li>\n<li>Standort, IP-Adresse und Browser. Wir verwenden die Optionen, um Ihnen zum Beispiel automatisch die korrekten Steuern und Versandkosten anzuzeigen.<\/li>\n<li>Cookies und Sessions zum Zwischenspeichern des Inhalts Ihres Warenkorbs beim Surfen im Webshop.<\/li>\n<\/ul>\n<p>Wenn Sie bei uns Produkte kaufen, bitten wir Sie um Ihre pers\u00f6nlichen Daten, damit wir die Bestellung abschlie\u00dfen und die Produkte versenden k\u00f6nnen. Dabei handelt es sich um Ihren Namen, Ihre Rechnungsadresse, Ihre Lieferadresse, Ihre E-Mail-Adresse und Ihre Telefonnummer. Wenn Sie ein Kundenkonto er\u00f6ffnen und nicht als Gast bestellen, fragen wir Sie au\u00dferdem nach Ihrem gew\u00fcnschten Benutzernamen und Passwort. Die im Shop eingegebenen Zahlungsinformationen werden von uns weder erhoben noch gespeichert. Die Speicherung dieser finanziellen Informationen obliegt dem gew\u00e4hlten Zahlungsdienst (PayPal, Kreditkarten, Sofort\u00fcberweisung, etc.).<\/p>\n<p>Neben dem Ausf\u00fcllen von Bestellungen verwenden wir Ihre pers\u00f6nlichen Informationen, um:<\/p>\n<ul>\n<li>Senden Sie die Bestell- und Kundenkontodaten per E-Mail.<\/li>\n<li>Beantworten Sie alle Fragen in den Kommentaren zur Bestellung.<\/li>\n<li>F\u00fchren Sie Ihre Zahlung durch und wehren Sie Betr\u00fcger ab.<\/li>\n<li>Erstellen Sie Ihr Kundenkonto<\/li>\n<li>Erf\u00fcllung unserer finanziellen Aufgaben, wie z. B. die Berechnung der Mehrwertsteuer f\u00fcr die Steuerbeh\u00f6rden.<\/li>\n<li>Optimieren Sie st\u00e4ndig unseren Shop f\u00fcr einen noch einfacheren Einkauf.<\/li>\n<li>Ihnen Informationen, wie z. B. unseren Newsletter, zukommen zu lassen, wenn Sie dieser Nutzung zustimmen.<\/li>\n<\/ul>\n<p>Wir verarbeiten Ihre personenbezogenen Daten, um Ihnen einen Online-Shop zur Verf\u00fcgung stellen zu k\u00f6nnen. Diese Verarbeitung erfolgt auf der Rechtsgrundlage des Vertrages. Wir geben Ihre personenbezogenen Daten an einen Rechenzentrumsbetreiber weiter, der diese Verarbeitung f\u00fcr uns durchf\u00fchrt. Dar\u00fcber hinaus geben wir die personenbezogenen Daten an einen Zahlungsdienstleister sowie an einen Lieferdienst weiter, damit diese Ihre Daten zum Zwecke der Abwicklung der Zahlung oder der Lieferung verarbeiten k\u00f6nnen. Wir verarbeiten Ihre personenbezogenen Daten so lange, wie es aufgrund steuerlicher Aufbewahrungsfristen erforderlich ist und solange wir Ihre personenbezogenen Daten nicht mehr f\u00fcr rechtliche Anspr\u00fcche ben\u00f6tigen.<\/p>\n<p>Wir speichern auch Produktbewertungen und machen sie \u00f6ffentlich, damit andere Personen, die sich f\u00fcr die Produkte interessieren, auf Ihre Erfahrungen zugreifen k\u00f6nnen.<\/p>\n<p><strong>5.2. Zugang zu pers\u00f6nlichen Informationen<\/strong><\/p>\n<p>Unser Kundendienst hat Zugang zu den Informationen, die Sie bei Ihrer Bestellung eingeben. Dies beinhaltet:<\/p>\n<ul>\n<li>Informationen \u00fcber den Inhalt der Bestellung, den Zeitpunkt der Bestellung und den Zielort der Lieferung<\/li>\n<li>Pers\u00f6nliche Daten wie Name, Rechnungs- und Lieferadresse, E-Mail-Adresse und Telefonnummer.<\/li>\n<\/ul>\n<p>Dieser Zugang ist notwendig, um die Bestellung versandfertig zu machen, Ihre Fragen zu beantworten und R\u00fccksendungen zu bearbeiten.<\/p>\n<h3>6. Rechte der betroffenen Person<\/h3>\n<p>Als betroffene Person stehen Ihnen folgende Rechte gegen\u00fcber dem Verantwortlichen zu:<\/p>\n<p><strong>6.1. Recht auf Information<\/strong><\/p>\n<p>Sie k\u00f6nnen von der verantwortlichen Stelle eine Best\u00e4tigung verlangen, wenn sie personenbezogene Daten \u00fcber Sie verarbeitet.<\/p>\n<p><strong>6.2. Recht auf Berichtigung<\/strong><\/p>\n<p>Sie haben ein Recht auf Berichtigung oder Vervollst\u00e4ndigung gegen\u00fcber dem Verantwortlichen, wenn die personenbezogenen Daten, die verarbeitet werden, unrichtig oder unvollst\u00e4ndig sind. Der Verantwortliche muss diese Berichtigungen unverz\u00fcglich vornehmen.<\/p>\n<p><strong>6.3. Recht auf Einschr\u00e4nkung der Verarbeitung<\/strong><\/p>\n<p>Sie k\u00f6nnen die Einschr\u00e4nkung der Verarbeitung Ihrer personenbezogenen Daten unter den folgenden Bedingungen verlangen:<\/p>\n<p>(1) Wenn Sie die Richtigkeit der personenbezogenen Daten bestreiten;<br \/>\n(2) wenn die Verarbeitung rechtswidrig ist;<br \/>\n(3) wenn die verantwortliche Stelle die personenbezogenen Daten nicht mehr f\u00fcr die Verarbeitung ben\u00f6tigt, Sie diese aber zur Geltendmachung, Aus\u00fcbung oder Verteidigung von Rechtsanspr\u00fcchen ben\u00f6tigen, oder<br \/>\n(4) wenn Sie Widerspruch gegen die Verarbeitung eingelegt haben und noch nicht feststeht, ob die Gr\u00fcnde des Verantwortlichen gegen\u00fcber den Ihren \u00fcberwiegen oder nicht.<\/p>\n<p><strong>6.4. Recht auf L\u00f6schung<\/strong><\/p>\n<p>Sie k\u00f6nnen von der verantwortlichen Stelle verlangen, dass sie Ihre personenbezogenen Daten unverz\u00fcglich l\u00f6scht, und die verantwortliche Stelle ist dazu verpflichtet, wenn einer der folgenden Gr\u00fcnde vorliegt:<\/p>\n<p>(1) Ihre personenbezogenen Daten werden f\u00fcr die Zwecke, f\u00fcr die sie erhoben oder auf eine bestimmte Weise verarbeitet wurden, nicht mehr ben\u00f6tigt.<br \/>\n(2) Sie widerrufen Ihre Einwilligung zur Verarbeitung Ihrer personenbezogenen Daten und es gibt keine andere Rechtsgrundlage f\u00fcr die Verarbeitung dieser Daten.<br \/>\n(3) Sie legen Widerspruch gegen die Verarbeitung Ihrer personenbezogenen Daten ein und es liegen keine zwingenden Gr\u00fcnde f\u00fcr die Verarbeitung vor.<br \/>\n(4) Ihre personenbezogenen Daten wurden unrechtm\u00e4\u00dfig verarbeitet.<\/p>\n<p><strong>6.5. Recht auf Anh\u00f6rung<\/strong><\/p>\n<p>Haben Sie das Recht auf Berichtigung, L\u00f6schung oder Einschr\u00e4nkung der Verarbeitung gegen\u00fcber dem Verantwortlichen geltend gemacht, so ist dieser verpflichtet, alle Personen, denen Ihre personenbezogenen Daten offengelegt wurden, \u00fcber diese Berichtigung, L\u00f6schung oder Einschr\u00e4nkung der Verarbeitung zu informieren, es sei denn, dies erweist sich als unm\u00f6glich oder ist mit einem unverh\u00e4ltnism\u00e4\u00dfigen Aufwand verbunden. Sie haben das Recht, von der verantwortlichen Stelle \u00fcber diese Stellen informiert zu werden.<\/p>\n<p><strong>6.6. Recht auf Daten\u00fcbertragbarkeit<\/strong><\/p>\n<p>Sie haben das Recht, die personenbezogenen Daten, die Sie dem Verantwortlichen zur Verf\u00fcgung gestellt haben, in einem strukturierten, g\u00e4ngigen und maschinenlesbaren Format zu erhalten. Dar\u00fcber hinaus haben Sie das Recht, diese Informationen an einen anderen Verantwortlichen zu \u00fcbermitteln, ohne dass der Verantwortliche, dem Sie Ihre personenbezogenen Informationen zur Verf\u00fcgung gestellt haben, eingreifen muss, wenn<\/p>\n<p>(1) die Verarbeitung auf einer Einwilligung oder einem Vertrag beruht und<br \/>\n(2) die Verarbeitung erfolgt mit Hilfe automatisierter Verfahren.<\/p>\n<p>Wenn Sie dieses Recht aus\u00fcben, erhalten Sie auch das Recht, dass Ihre pers\u00f6nlichen Daten von einem Verantwortlichen an einen anderen Verantwortlichen \u00fcbermittelt werden, sofern dies technisch m\u00f6glich ist. Die Freiheit und die Rechte anderer Personen d\u00fcrfen dadurch nicht beeintr\u00e4chtigt werden.<\/p>\n<p><strong>6.7. Recht auf Berufung<\/strong><\/p>\n<p>Sie haben das Recht, jederzeit Widerspruch gegen die Verarbeitung Ihrer personenbezogenen Daten einzulegen, die aufgrund eines \u00f6ffentlichen Interesses oder auf der Grundlage eines berechtigten Interesses des Verantwortlichen erfolgt.<\/p>\n<p>Werden Ihre personenbezogenen Daten verarbeitet, um Direktwerbung zu betreiben, so haben Sie das Recht, jederzeit Widerspruch gegen die Verarbeitung Ihrer personenbezogenen Daten zum Zwecke derartiger Werbung einzulegen; dies gilt auch f\u00fcr das Profiling, soweit es mit solcher Direktwerbung in Verbindung steht.<\/p>\n<p>Wenn Sie der Verarbeitung Ihrer personenbezogenen Daten zum Zwecke der Direktwerbung widersprechen, werden diese Daten nicht mehr zu diesem Zweck verarbeitet.<\/p>\n<p><strong>6.8. Recht auf Widerruf der Zustimmung zum Datenschutz<\/strong><\/p>\n<p>Sie haben das Recht, Ihre Zustimmung zum Datenschutz jederzeit zu widerrufen.<\/p>\n<p><strong>6.9. Automatisierte Entscheidungen im Einzelfall, einschlie\u00dflich Profiling<\/strong><\/p>\n<p>Sie haben das Recht, nicht einer Entscheidung unterworfen zu werden, die ausschlie\u00dflich auf einer automatischen Verarbeitung Ihrer personenbezogenen Daten - einschlie\u00dflich Profiling - beruht und rechtliche Folgen hat oder Sie in \u00e4hnlicher Weise schwer beeintr\u00e4chtigt.<\/p>\n<p><strong>6.10. Recht auf Beschwerde bei einer Regulierungsstelle<\/strong><\/p>\n<p>Sie haben das Recht, ungeachtet anderer verwaltungsrechtlicher oder gerichtlicher Rechtsbehelfe bei einer Aufsichtsbeh\u00f6rde Beschwerde einzulegen, insbesondere in dem Mitgliedstaat Ihres Wohnsitzes, Ihres Arbeitsplatzes oder des Ortes des mutma\u00dflichen Versto\u00dfes, wenn die Verarbeitung Ihrer personenbezogenen Daten gegen die DSGVO verst\u00f6\u00dft.<\/p>\n<p>Wenn Sie eine Anfrage an uns senden m\u00f6chten, verwenden Sie bitte das Formular hier.<\/p>\n<p>Wenn Sie glauben, dass Ihre Pers\u00f6nlichkeitsrechte verletzt werden, k\u00f6nnen Sie sich an die \u00f6sterreichische Datenschutzbeh\u00f6rde wenden:<\/p>\n<p>Datenschutzbeh\u00f6rde<br \/>\nWickenburggasse 8<br \/>\n1080 Wien<\/p>\n<p>E-Mail:\u00a0<a href=\"mailto:dsb@dsb.gv.at\">dsb@dsb.gv.at<\/a><br \/>\nTelefon: <a href=\"tel:+431521522569\">+43 1 521 52-25 69<\/a><\/p>\n<h3>7. Aktualisierung der Datenschutzrichtlinie<\/h3>\n<p>Diese Datenschutzerkl\u00e4rung wird aktualisiert, wenn die Verfahren ge\u00e4ndert oder technische Anpassungen vorgenommen werden. Bitte pr\u00fcfen Sie immer die aktuelle Version unserer Datenschutzerkl\u00e4rung.<\/p>\n<hr \/>\n<p>Ab dem: 01.01.2024<\/p>\n\t\t<\/div>\n\t\t\t\t\t<\/div>\n\n\t\n<\/div>","protected":false},"excerpt":{"rendered":"","protected":false},"author":1,"featured_media":0,"parent":2849,"menu_order":0,"comment_status":"closed","ping_status":"closed","template":"page-blank.php","meta":{"inline_featured_image":false,"footnotes":""},"class_list":["post-3","page","type-page","status-publish","hentry"],"_links":{"self":[{"href":"https:\/\/ecoturbino.world\/de\/wp-json\/wp\/v2\/pages\/3","targetHints":{"allow":["GET"]}}],"collection":[{"href":"https:\/\/ecoturbino.world\/de\/wp-json\/wp\/v2\/pages"}],"about":[{"href":"https:\/\/ecoturbino.world\/de\/wp-json\/wp\/v2\/types\/page"}],"author":[{"embeddable":true,"href":"https:\/\/ecoturbino.world\/de\/wp-json\/wp\/v2\/users\/1"}],"replies":[{"embeddable":true,"href":"https:\/\/ecoturbino.world\/de\/wp-json\/wp\/v2\/comments?post=3"}],"version-history":[{"count":0,"href":"https:\/\/ecoturbino.world\/de\/wp-json\/wp\/v2\/pages\/3\/revisions"}],"up":[{"embeddable":true,"href":"https:\/\/ecoturbino.world\/de\/wp-json\/wp\/v2\/pages\/2849"}],"wp:attachment":[{"href":"https:\/\/ecoturbino.world\/de\/wp-json\/wp\/v2\/media?parent=3"}],"curies":[{"name":"wp","href":"https:\/\/api.w.org\/{rel}","templated":true}]}}