{"id":2870,"date":"2024-01-18T01:59:26","date_gmt":"2024-01-18T00:59:26","guid":{"rendered":"https:\/\/ecoturbino.eu\/?page_id=2870"},"modified":"2024-01-18T02:07:39","modified_gmt":"2024-01-18T01:07:39","slug":"gtc","status":"publish","type":"page","link":"https:\/\/ecoturbino.world\/de\/gtc\/","title":{"rendered":"Bedingungen und Konditionen"},"content":{"rendered":"<div class=\"banner has-hover\" id=\"banner-1163449523\">\n          <div class=\"banner-inner fill\">\n        <div class=\"banner-bg fill\" >\n            <img decoding=\"async\" width=\"2000\" height=\"230\" src=\"https:\/\/ecoturbino.world\/wp-content\/uploads\/2024\/01\/wasser-faq-2000-sw.webp\" class=\"bg attachment-original size-original\" alt=\"Wassersammler\" \/>                                    \n                    <\/div>\n\t\t\n        <div class=\"banner-layers container\">\n            <div class=\"fill banner-link\"><\/div>            \n   <div id=\"text-box-2035550971\" class=\"text-box banner-layer x50 md-x50 lg-x50 y50 md-y50 lg-y50 res-text\">\n                                <div class=\"text-box-content text dark\">\n              \n              <div class=\"text-inner text-center\">\n                  \n<h1>GTC<\/h1>\n              <\/div>\n           <\/div>\n                            \n<style>\n#text-box-2035550971 {\n  width: 100%;\n}\n#text-box-2035550971 .text-box-content {\n  font-size: 100%;\n}\n@media (min-width:550px) {\n  #text-box-2035550971 {\n    width: 71%;\n  }\n}\n@media (min-width:850px) {\n  #text-box-2035550971 {\n    width: 50%;\n  }\n}\n<\/style>\n    <\/div>\n \n        <\/div>\n      <\/div>\n\n            \n<style>\n#banner-1163449523 {\n  padding-top: 110px;\n}\n@media (min-width:550px) {\n  #banner-1163449523 {\n    padding-top: 170px;\n  }\n}\n@media (min-width:850px) {\n  #banner-1163449523 {\n    padding-top: 190px;\n  }\n}\n<\/style>\n  <\/div>\n\n\n<div class=\"row\"  id=\"row-1791185372\">\n\n\t<div id=\"col-430857831\" class=\"col small-12 large-12\"  >\n\t\t\t\t<div class=\"col-inner\"  >\n\t\t\t\n\t\t\t\n<h2>Allgemeine Gesch\u00e4ftsbedingungen f\u00fcr ecoturbino\u00ae World<\/h2>\n<ol>\n<li><strong>Haftung<\/strong><br \/>Wir \u00fcbernehmen keine Haftung f\u00fcr Fehler oder technische Probleme, die im Internet auftreten k\u00f6nnen. Es gilt \u00f6sterreichisches Recht.<\/li>\n<li><strong>Haftung f\u00fcr Inhalte<\/strong><br \/>Die Angaben auf dieser Website dienen ausschlie\u00dflich der allgemeinen Information und sind unverbindlich.<\/li>\n<li><strong>Haftungsausschluss f\u00fcr den Inhalt der verlinkten Seiten<\/strong><br \/>Diese Website enth\u00e4lt verschiedene Links zu anderen Herstellerseiten etc. im Internet. Wir betonen ausdr\u00fccklich, dass wir keinerlei Einfluss auf die Inhalte und die Gestaltung der gelinkten Seiten haben. Deshalb k\u00f6nnen wir f\u00fcr die Aktualit\u00e4t, Richtigkeit und Vollst\u00e4ndigkeit der dort bereitgestellten Informationen keine Gew\u00e4hr \u00fcbernehmen. Wir distanzieren uns ausdr\u00fccklich von allen Inhalten dieser Seiten. Diese Erkl\u00e4rung gilt f\u00fcr alle auf unserer Site enthaltenen Links zu externen Seiten und alle Inhalte dieser Seiten, zu denen diese Links f\u00fchren.<\/li>\n<li><strong>Bildrechte<\/strong><br \/>Alle Bildrechte der Abbildungen im Shop liegen bei der Ressourcen Saving GmbH und der Webdeals Shops GmbH. Eine Verwendung ohne unsere ausdr\u00fcckliche Zustimmung ist nicht gestattet.<\/li>\n<li><strong>Datenschutz und Vertraulichkeit<\/strong><br \/>Bitte beachten Sie unser <a href=\"\/de\/datenschutz-cockpit\/datenschutz\/\">GDPR-Datenschutzvereinbarung<\/a>.<\/li>\n<li><strong>Salvatorische Klausel \/ Sonstiges<\/strong><br \/>Die Unwirksamkeit einzelner Bestimmungen dieser Allgemeinen Gesch\u00e4ftsbedingungen oder des Kaufvertrages ber\u00fchrt die Wirksamkeit der \u00fcbrigen Bestimmungen nicht. Anstelle der unwirksamen Bestimmung gilt die gesetzliche Regelung.<\/li>\n<\/ol>\n\t\t<\/div>\n\t\t\t\t\t<\/div>\n\n\t\n<\/div>\n\t<div id=\"gap-164886732\" class=\"gap-element clearfix\" style=\"display:block; height:auto;\">\n\t\t\n<style>\n#gap-164886732 {\n  padding-top: 30px;\n}\n<\/style>\n\t<\/div>","protected":false},"excerpt":{"rendered":"","protected":false},"author":1,"featured_media":0,"parent":0,"menu_order":0,"comment_status":"closed","ping_status":"closed","template":"page-blank.php","meta":{"inline_featured_image":false,"footnotes":""},"class_list":["post-2870","page","type-page","status-publish","hentry"],"_links":{"self":[{"href":"https:\/\/ecoturbino.world\/de\/wp-json\/wp\/v2\/pages\/2870","targetHints":{"allow":["GET"]}}],"collection":[{"href":"https:\/\/ecoturbino.world\/de\/wp-json\/wp\/v2\/pages"}],"about":[{"href":"https:\/\/ecoturbino.world\/de\/wp-json\/wp\/v2\/types\/page"}],"author":[{"embeddable":true,"href":"https:\/\/ecoturbino.world\/de\/wp-json\/wp\/v2\/users\/1"}],"replies":[{"embeddable":true,"href":"https:\/\/ecoturbino.world\/de\/wp-json\/wp\/v2\/comments?post=2870"}],"version-history":[{"count":0,"href":"https:\/\/ecoturbino.world\/de\/wp-json\/wp\/v2\/pages\/2870\/revisions"}],"wp:attachment":[{"href":"https:\/\/ecoturbino.world\/de\/wp-json\/wp\/v2\/media?parent=2870"}],"curies":[{"name":"wp","href":"https:\/\/api.w.org\/{rel}","templated":true}]}}