{"id":1652,"date":"2024-01-03T21:01:56","date_gmt":"2024-01-03T20:01:56","guid":{"rendered":"https:\/\/ecoturbino.eu\/?page_id=1652"},"modified":"2025-12-29T22:43:52","modified_gmt":"2025-12-29T21:43:52","slug":"hartes-wasser-und-legionellen","status":"publish","type":"page","link":"https:\/\/ecoturbino.world\/de\/hard-water-and-legionella\/","title":{"rendered":"Hartes Wasser und Legionellen | Probleme mit Duschen im Badezimmer"},"content":{"rendered":"<section class=\"section zindex1\" id=\"section_131918428\">\n\t\t<div class=\"section-bg fill\" >\n\t\t\t\t\t\t\t\t\t\n\t\t\t\n\n\t\t<\/div>\n\n\t\t\n\n\t\t<div class=\"section-content relative\">\n\t\t\t\n<div class=\"row\"  id=\"row-1417517841\">\n\n\t<div id=\"col-837106737\" class=\"col small-12 large-12\"  >\n\t\t\t\t<div class=\"col-inner\"  >\n\t\t\t\n\t\t\t\n\t<div id=\"text-3623127583\" class=\"text\">\n\t\t\n<h1 class=\"uppercase\">Hartes Wasser und Legionellen | Das wahre Ausma\u00df des Problems!<\/h1>\n<h3 class=\"thin-font\">Obwohl der Zusammenhang zwischen hartem Wasser und Legionellen allgemein bekannt ist, wird er oft missverstanden.<\/h3>\n\t\t\n<style>\n#text-3623127583 {\n  text-align: center;\n}\n<\/style>\n\t<\/div>\n\t\n<div class=\"text-center\"><div class=\"is-divider divider clearfix\" style=\"max-width:50%;height:1px;\"><\/div><\/div>\n\t<div id=\"gap-1748699257\" class=\"gap-element clearfix\" style=\"display:block; height:auto;\">\n\t\t\n<style>\n#gap-1748699257 {\n  padding-top: 30px;\n}\n<\/style>\n\t<\/div>\n\t\n<div class=\"row\"  id=\"row-1981040986\">\n\n\t<div id=\"col-196352272\" class=\"col medium-8 small-12 large-8\"  >\n\t\t\t\t<div class=\"col-inner\"  >\n\t\t\t\n\t\t\t\n<p>In diesem Beitrag konzentrieren wir uns darauf, wie wir <strong>eine bessere Kontrolle des Bakteriengehalts im Wasser von Anfang an<\/strong>um die <strong>reduzieren.<\/strong> die Verwendung von <strong>aggressiv und <a href=\"https:\/\/ecoturbino.world\/de\/auswirkung-5\/\">\u00f6kologisch<\/a> sch\u00e4dliche Chemikalien zur Entfernung von Bakterien.<\/strong><\/p>\n<p><strong>Chlordioxid<\/strong> ist nach wie vor die <strong>das am h\u00e4ufigsten verwendete Biozid zur Beseitigung von Bakterien im Wasser, einschlie\u00dflich Legionellen<\/strong>. Die F\u00e4higkeit, Biofilme zu zerst\u00f6ren, ist ein \u00e4u\u00dferst wichtiger Aspekt dieser Chemikalie. Chlordioxid dient jedoch nur der Kontrolle und Reduzierung, nicht der Pr\u00e4vention.<\/p>\n<p>Der Schl\u00fcssel zu diesem Problem liegt in <strong>Verst\u00e4ndnis des Zusammenhangs zwischen Kalkablagerungen, Biofilmen und Legionellen.<\/strong> Dieser Ansatz erm\u00f6glicht eine<strong> Verringerung der Anzahl von Bakterien in Ihrem Wassersystem<\/strong>Dadurch wird der Zeit- und Chemikalienverbrauch f\u00fcr die Systemwartung minimiert.<\/p>\n<p>Und genau hier kommt der ecoturbino-Duschadapter ins Spiel,<strong> Gew\u00e4hrleistung hygienischer Duschen in Hotels, Fitnesszentren, Heimen usw.<\/strong><\/p>\n\t\t<\/div>\n\t\t\t\t\t<\/div>\n\n\t\n\n\t<div id=\"col-2038825102\" class=\"col medium-4 small-12 large-4\"  >\n\t\t\t\t<div class=\"col-inner\"  >\n\t\t\t\n\t\t\t\n\t<div class=\"img has-hover radius10 hide-for-small x md-x lg-x y md-y lg-y\" id=\"image_726523640\">\n\t\t\t\t\t\t\t\t<div class=\"img-inner dark\" >\n\t\t\t<img decoding=\"async\" width=\"600\" height=\"600\" src=\"https:\/\/ecoturbino.world\/wp-content\/uploads\/2024\/01\/water-drain2_600.webp\" class=\"attachment-original size-original\" alt=\"\" srcset=\"https:\/\/ecoturbino.world\/wp-content\/uploads\/2024\/01\/water-drain2_600.webp 600w, https:\/\/ecoturbino.world\/wp-content\/uploads\/2024\/01\/water-drain2_600-500x500.webp 500w, https:\/\/ecoturbino.world\/wp-content\/uploads\/2024\/01\/water-drain2_600-32x32.webp 32w, https:\/\/ecoturbino.world\/wp-content\/uploads\/2024\/01\/water-drain2_600-48x48.webp 48w, https:\/\/ecoturbino.world\/wp-content\/uploads\/2024\/01\/water-drain2_600-80x80.webp 80w, https:\/\/ecoturbino.world\/wp-content\/uploads\/2024\/01\/water-drain2_600-180x180.webp 180w\" sizes=\"(max-width: 600px) 100vw, 600px\" \/>\t\t\t\t\t\t\n\t\t\t\t\t<\/div>\n\t\t\t\t\t\t\t\t\n<style>\n#image_726523640 {\n  width: 100%;\n}\n<\/style>\n\t<\/div>\n\t\n\t\t<\/div>\n\t\t\t\t\t<\/div>\n\n\t\n<\/div>\n\t<div id=\"gap-839808553\" class=\"gap-element clearfix\" style=\"display:block; height:auto;\">\n\t\t\n<style>\n#gap-839808553 {\n  padding-top: 30px;\n}\n<\/style>\n\t<\/div>\n\t\n<div class=\"row\"  id=\"row-1641858308\">\n\n\t<div id=\"col-1539303553\" class=\"col medium-4 small-12 large-4\"  >\n\t\t\t\t<div class=\"col-inner\"  >\n\t\t\t\n\t\t\t\n\t<div class=\"img has-hover radius10 x md-x lg-x y md-y lg-y\" id=\"image_311461134\">\n\t\t\t\t\t\t\t\t<div class=\"img-inner dark\" >\n\t\t\t<img decoding=\"async\" width=\"600\" height=\"900\" src=\"https:\/\/ecoturbino.world\/wp-content\/uploads\/2024\/01\/shower-head-limescale_600.webp\" class=\"attachment-original size-original\" alt=\"Symbol f\u00fcr Kalkablagerungen auf dem Duschkopf\" srcset=\"https:\/\/ecoturbino.world\/wp-content\/uploads\/2024\/01\/shower-head-limescale_600.webp 600w, https:\/\/ecoturbino.world\/wp-content\/uploads\/2024\/01\/shower-head-limescale_600-120x180.webp 120w\" sizes=\"(max-width: 600px) 100vw, 600px\" \/>\t\t\t\t\t\t\n\t\t\t\t\t<\/div>\n\t\t\t\t\t\t\t\t\n<style>\n#image_311461134 {\n  width: 100%;\n}\n<\/style>\n\t<\/div>\n\t\n\t\t<\/div>\n\t\t\t\t\t<\/div>\n\n\t\n\n\t<div id=\"col-279476903\" class=\"col medium-8 small-12 large-8\"  >\n\t\t\t\t<div class=\"col-inner\"  >\n\t\t\t\n\t\t\t\n<div class=\"flex-1 overflow-hidden\">\n<div class=\"react-scroll-to-bottom--css-tpvix-79elbk h-full\">\n<div class=\"react-scroll-to-bottom--css-tpvix-1n7m0yu\">\n<div class=\"flex flex-col pb-9 text-sm\">\n<div class=\"w-full text-token-text-primary\" data-testid=\"conversation-turn-13\">\n<div class=\"px-4 py-2 justify-center text-base md:gap-6 m-auto\">\n<div class=\"flex flex-1 text-base mx-auto gap-3 md:px-5 lg:px-1 xl:px-5 md:max-w-3xl lg:max-w-&#091;40rem&#093; xl:max-w-&#091;48rem&#093; group final-completion\">\n<div class=\"relative flex w-full flex-col lg:w-&#091;calc(100%-115px)&#093; agent-turn\">\n<div class=\"flex-col gap-1 md:gap-3\">\n<div class=\"flex flex-grow flex-col max-w-full\">\n<div class=\"min-h-&#091;20px&#093; text-message flex flex-col items-start gap-3 whitespace-pre-wrap break-words &#091;.text-message+&amp;&#093;:mt-5 overflow-x-auto\" data-message-author-role=\"assistant\" data-message-id=\"6402d42d-ba99-40ec-b57e-ac45c40c778e\">\n<div class=\"markdown prose w-full break-words dark:prose-invert light\">\n<h3>Was sind Kalkablagerungen?<\/h3>\n<p><strong>Kalkablagerungen sind harte Ansammlungen<\/strong> haupts\u00e4chlich bestehend aus <strong>Kalziumkarbonat (CaCO3)<\/strong> und oft <strong>die sich in Warmwassersystemen, Rohrleitungen und Ger\u00e4ten ablagern.<\/strong><\/p>\n<p>Sie k\u00f6nnen<strong> die Leistung erheblich beeintr\u00e4chtigen<\/strong> von verschiedenen Sanit\u00e4r- und Heizungskomponenten,<strong> was zu einer geringeren Effizienz f\u00fchrt<\/strong> und <strong>h\u00f6here Betriebskosten<\/strong> f\u00fcr Ihre wasserf\u00fchrenden Ger\u00e4te sowie optisch unattraktive Ergebnisse im Badezimmer.<\/p>\n<blockquote>\n<p>Die <strong>Grad der Verkalkung<\/strong> wird durch die Wasserh\u00e4rte bestimmt. Bestimmung der Wasserh\u00e4rte: Ist mein Wasser weich oder hart?<\/p>\n<\/blockquote>\n<p>Die Wasserh\u00e4rte h\u00e4ngt ab von der <strong>Gehalt an Calcium- und Magnesiumverbindungen<\/strong>entsteht, wenn sich Kalzium und Magnesium mit dem im Wasser gel\u00f6sten Kohlendioxid verbinden.<\/p>\n<ol>\n<li>Weiches Wasser: Zwischen 0 und 7 Grad deutscher H\u00e4rte (dH) - Die H\u00e4rtekategorie I (0 bis 1,3 Millimol Calciumoxid pro Liter) gilt als weiches Wasser.<\/li>\n<li>Hartes Wasser: Zwischen 14 und 21 Grad dH - Die H\u00e4rtekategorie III (2,5 bis 3,8 Millimol Calciumoxid pro Liter) wird als hartes Wasser eingestuft.<\/li>\n<\/ol>\n<\/div>\n<\/div>\n<\/div>\n<\/div>\n<\/div>\n<\/div>\n<\/div>\n<\/div>\n<\/div>\n<\/div>\n<\/div>\n<\/div>\n\t<div id=\"gap-326575905\" class=\"gap-element clearfix\" style=\"display:block; height:auto;\">\n\t\t\n<style>\n#gap-326575905 {\n  padding-top: 15px;\n}\n<\/style>\n\t<\/div>\n\t\n<div class=\"is-divider divider clearfix\" style=\"max-width:100%;height:1px;\"><\/div>\n<h3>Was ist ein Biofilm?<\/h3>\n<p>A <strong><a href=\"https:\/\/en.wikipedia.org\/wiki\/Biofilm\" target=\"_blank\" rel=\"noopener sponsored\">Biofilm<\/a> besteht aus lebenden Mikroorganismen<\/strong>(z. B. Bakterien), die sich in einer Kolonie oder Gemeinschaft ansiedeln und vermehren.<\/p>\n<p>Die Bildung eines Biofilms erfolgt, wenn <strong>bestimmte Mikroorganismen<\/strong>wie einige Arten von Bakterien, <strong>an der Oberfl\u00e4che eines Objekts haften<\/strong> in einer feuchten Umgebung und beginnen sich zu vermehren.<\/p>\n<p>Diese Mikroorganismen heften sich an die Oberfl\u00e4che des Objekts durch <strong>die eine klebrige, schleimige Substanz absondern.<\/strong><\/p>\n\t\t<\/div>\n\t\t\t\t\t<\/div>\n\n\t\n<\/div>\n<div class=\"row\"  id=\"row-782459583\">\n\n\t<div id=\"col-558872338\" class=\"col small-12 large-12\"  >\n\t\t\t\t<div class=\"col-inner\"  >\n\t\t\t\n\t\t\t\n<div class=\"row row-large row-divided\"  id=\"row-272044084\">\n\n\t<div id=\"col-269050549\" class=\"col medium-6 small-12 large-6\"  >\n\t\t\t\t<div class=\"col-inner\"  >\n\t\t\t\n\t\t\t\n<h3>Was sind Legionellen?<\/h3>\n<p><strong><a href=\"https:\/\/en.wikipedia.org\/wiki\/Legionella\" target=\"_blank\" rel=\"noopener sponsored\">Legionellen<\/a> sind Bakterien<\/strong> die die Legion\u00e4rskrankheit, eine schwere und <strong>eine potenziell lebensbedrohliche Form der Lungenentz\u00fcndung.<\/strong><\/p>\n<p>\u00dcbertragung von <strong>Legion\u00e4rskrankheit beim Menschen<\/strong> erfolgt durch das Einatmen winziger Wassertr\u00f6pfchen (Aerosole), die in der Luft schweben und Legionellenbakterien enthalten. Die Infektion erfolgt, wenn diese Wassertr\u00f6pfchen in die Lunge gelangen.<\/p>\n<p>Legionella pneumophila war die erste einer gro\u00dfen und wachsenden Gruppe verwandter Bakterienarten, die als Legionellen bezeichnet werden, die entdeckt wurde. Heute ist bekannt, dass es <strong>48 Arten und 70 Untergruppen.<\/strong><\/p>\n<p>Es gibt unterschiedliche Berichte \u00fcber die Pr\u00e4valenz von Legionellen, aber sie sind <strong>im Allgemeinen h\u00e4ufiger in Warmwassersystemen zu finden<\/strong>. Es wird jedoch angenommen, dass die H\u00e4ufigkeit von Legionellen in Warmwassersystemen in den letzten Jahren abgenommen hat.<\/p>\n<p>Es wird erwartet, dass die Zahl weiter abnimmt, da das Bewusstsein f\u00fcr das Problem w\u00e4chst und mehr Sanit\u00e4rma\u00dfnahmen ergriffen werden. Dies bedeutet, dass die getroffenen Ma\u00dfnahmen sich als wirksam erwiesen haben, um das Vorhandensein von Bakterien im Wasser zu minimieren, und dass ihre Vernachl\u00e4ssigung als Nachl\u00e4ssigkeit betrachtet wird.<\/p>\n\t\t<\/div>\n\t\t\t\t\n<style>\n#col-269050549 > .col-inner {\n  margin: 0px 0px -50px 0px;\n}\n<\/style>\n\t<\/div>\n\n\t\n\n\t<div id=\"col-101750193\" class=\"col medium-6 small-12 large-6\"  >\n\t\t\t\t<div class=\"col-inner\"  >\n\t\t\t\n\t\t\t\n<p><strong>Die optimalen Lebensbedingungen f\u00fcr Legionellen sind:<\/strong><\/p>\n<ul>\n<li>Wiederauff\u00fcllung des S\u00fc\u00dfwassers.<\/li>\n<li>Verl\u00e4ngerte Verweildauer.<\/li>\n<li>Temperaturbereich von 25\u00b0C bis 50\u00b0C.<\/li>\n<\/ul>\n<p>Auswirkungen von<strong> verschiedene Temperaturbereiche<\/strong> auf die Ausbreitung von Legionellen:<\/p>\n<div class=\"row\"  id=\"row-784264797\">\n\n\t<div id=\"col-1163858165\" class=\"col small-12 large-12\"  >\n\t\t\t\t<div class=\"col-inner\"  >\n\t\t\t\n\t\t\t\n<table style=\"border-collapse: collapse; width: 100%; height: 189px;\">\n<tbody>\n<tr style=\"height: 21px;\">\n<td style=\"width: 50%; height: 21px;\">Temperaturbereich<\/td>\n<td style=\"width: 50%; height: 21px;\">Auswirkung auf die Reproduktionsrate<\/td>\n<\/tr>\n<tr style=\"height: 21px;\">\n<td style=\"width: 50%; height: 21px;\">bis 20 \u00b0C<\/td>\n<td style=\"width: 50%; height: 21px;\">sehr langsame Reproduktion<\/td>\n<\/tr>\n<tr style=\"height: 21px;\">\n<td style=\"width: 50%; height: 21px;\">ab 20 \u00b0C<\/td>\n<td style=\"width: 50%; height: 21px;\">Reproduktionsrate steigt<\/td>\n<\/tr>\n<tr style=\"height: 21px;\">\n<td style=\"width: 50%; height: 21px;\">30 \u00b0C bis 45 \u00b0C<\/td>\n<td style=\"width: 50%; height: 21px;\">Optimale Vermehrung, Verdopplung bei 36 \u00b0C in nur etwa 3 Stunden bei guter N\u00e4hrstoffversorgung, 22 - 72 Stunden bei geringer N\u00e4hrstoffversorgung.<\/td>\n<\/tr>\n<tr style=\"height: 21px;\">\n<td style=\"width: 50%; height: 21px;\">ab 50 \u00b0C<\/td>\n<td style=\"width: 50%; height: 21px;\">kaum Reproduktion<\/td>\n<\/tr>\n<tr style=\"height: 21px;\">\n<td style=\"width: 50%; height: 21px;\">ab 55 \u00b0C<\/td>\n<td style=\"width: 50%; height: 21px;\">Keine Reproduktion mehr m\u00f6glich, nach 6 Stunden get\u00f6tet<\/td>\n<\/tr>\n<tr style=\"height: 21px;\">\n<td style=\"width: 50%; height: 21px;\">ab 60 \u00b0C<\/td>\n<td style=\"width: 50%; height: 21px;\">Vernichtet Legionellen innerhalb von ca. 30 Minuten<\/td>\n<\/tr>\n<tr style=\"height: 21px;\">\n<td style=\"width: 50%; height: 21px;\">ab 65 \u00b0C<\/td>\n<td style=\"width: 50%; height: 21px;\">T\u00f6tung innerhalb von 2 Minuten<\/td>\n<\/tr>\n<tr style=\"height: 21px;\">\n<td style=\"width: 50%; height: 21px;\">ab 70 \u00b0C<\/td>\n<td style=\"width: 50%; height: 21px;\">T\u00f6tung innerhalb von Sekunden<\/td>\n<\/tr>\n<\/tbody>\n<\/table>\n\t\t<\/div>\n\t\t\t\t\n<style>\n#col-1163858165 > .col-inner {\n  margin: 0px 0px -60px 0px;\n}\n<\/style>\n\t<\/div>\n\n\t\n<\/div>\n<p><span style=\"font-size: 90%;\">(Quelle: <a href=\"https:\/\/de.wikipedia.org\/wiki\/Legionellen\" target=\"_blank\" rel=\"noopener sponsored\">https:\/\/de.wikipedia.org\/wiki\/Legionellen<\/a>)<\/span><\/p>\n\t\t<\/div>\n\t\t\t\t\n<style>\n#col-101750193 > .col-inner {\n  margin: 0px 0px -50px 0px;\n}\n<\/style>\n\t<\/div>\n\n\t\n<\/div>\n\t\t<\/div>\n\t\t\t\t\n<style>\n#col-558872338 > .col-inner {\n  padding: 25px 25px 25px 25px;\n  margin: 0px 0px -30px 0px;\n}\n<\/style>\n\t<\/div>\n\n\t\n\n<style>\n#row-782459583 > .col > .col-inner {\n  background-color: rgba(0, 0, 0, 0.15);\n  border-radius: 10px;\n}\n<\/style>\n<\/div>\n\t\t<\/div>\n\t\t\t\t\t<\/div>\n\n\t\n<\/div>\n<div class=\"row\"  id=\"row-718701405\">\n\n\t<div id=\"col-245170299\" class=\"col small-12 large-12\"  >\n\t\t\t\t<div class=\"col-inner\" style=\"background-color:rgb(255,255,255);\" >\n\t\t\t\n\t<div class=\"is-border is-dashed\"\n\t\tstyle=\"border-color:rgba(85, 85, 85, 0.75);border-radius:10px;border-width:2px 2px 2px 2px;\">\n\t<\/div>\n\t\t\t\n<div class=\"row\"  id=\"row-138779287\">\n\n\t<div id=\"col-1967482726\" class=\"col medium-8 small-12 large-8\"  >\n\t\t\t\t<div class=\"col-inner\"  >\n\t\t\t\n\t\t\t\n<h3>Was ist der Zusammenhang zwischen Kalkablagerungen, Biofilm und Legionellen?<\/h3>\n<p>An Orten, an denen<strong> Kalkablagerungen haben sich durch die Ausf\u00e4llung von Mineralien gebildet<\/strong> in hartem Wasser und deren Anhaftung an Oberfl\u00e4chen wird ein optimaler N\u00e4hrboden f\u00fcr Bakterien geschaffen.<\/p>\n<p>Die Hauptfaktoren, die das Wachstum von Legionellen besonders beg\u00fcnstigen, sind die Temperatur und die Verf\u00fcgbarkeit von N\u00e4hrstoffen. <strong>Legionellen gedeihen am besten bei Temperaturen zwischen 20 und 45\u00b0C<\/strong>und wenn das Wasser in diesem Temperaturbereich stagniert, wird die<strong> Bakterien k\u00f6nnen sich schnell vermehren.<\/strong><\/p>\n<p>In Verbindung mit der mineralreichen Beschaffenheit des <strong>neuen Lebensraum f\u00fcr die Bakterien, n\u00e4mlich die Kalkablagerungen,<\/strong> die als hervorragende Nahrungsquelle dient, kann sich das Problem weiter ausbreiten.<\/p>\n<p>Sobald die Bakterien vorhanden sind und sich vermehren, bilden sie einen Biofilm. In Anwesenheit von Kalk und Biofilm, die sich nun in einer Umgebung befinden, die sie mit <strong>ideale Bedingungen und ausreichende Ern\u00e4hrung,<\/strong> Legionellen und andere Bakterien k\u00f6nnen sich vermehren und gedeihen.<\/p>\n\t\t<\/div>\n\t\t\t\t\n<style>\n#col-1967482726 > .col-inner {\n  margin: 0px 0px -20px 0px;\n}\n<\/style>\n\t<\/div>\n\n\t\n\n\t<div id=\"col-638886868\" class=\"col medium-4 small-12 large-4\"  >\n\t\t\t\t<div class=\"col-inner\"  >\n\t\t\t\n\t\t\t\n\t<div class=\"img has-hover radius10 x md-x lg-x y md-y lg-y\" id=\"image_636218964\">\n\t\t\t\t\t\t\t\t<div class=\"img-inner dark\" >\n\t\t\t<img decoding=\"async\" width=\"600\" height=\"600\" src=\"https:\/\/ecoturbino.world\/wp-content\/uploads\/2024\/01\/legionella-wikipedia_600.webp\" class=\"attachment-original size-original\" alt=\"Legionellen, wikipedia\" srcset=\"https:\/\/ecoturbino.world\/wp-content\/uploads\/2024\/01\/legionella-wikipedia_600.webp 600w, https:\/\/ecoturbino.world\/wp-content\/uploads\/2024\/01\/legionella-wikipedia_600-500x500.webp 500w, https:\/\/ecoturbino.world\/wp-content\/uploads\/2024\/01\/legionella-wikipedia_600-32x32.webp 32w, https:\/\/ecoturbino.world\/wp-content\/uploads\/2024\/01\/legionella-wikipedia_600-48x48.webp 48w, https:\/\/ecoturbino.world\/wp-content\/uploads\/2024\/01\/legionella-wikipedia_600-80x80.webp 80w, https:\/\/ecoturbino.world\/wp-content\/uploads\/2024\/01\/legionella-wikipedia_600-180x180.webp 180w\" sizes=\"(max-width: 600px) 100vw, 600px\" \/>\t\t\t\t\t\t\n\t\t\t\t\t<\/div>\n\t\t\t\t\t\t\t\t\n<style>\n#image_636218964 {\n  width: 100%;\n}\n<\/style>\n\t<\/div>\n\t\n\t\t<\/div>\n\t\t\t\t\n<style>\n#col-638886868 > .col-inner {\n  margin: 5px 0px -20px 0px;\n}\n<\/style>\n\t<\/div>\n\n\t\n<\/div>\n\t\t<\/div>\n\t\t\t\t\n<style>\n#col-245170299 > .col-inner {\n  padding: 15px 20px 10px 30px;\n  margin: 0px 0px -100px 0px;\n  border-radius: 10px;\n}\n@media (min-width:550px) {\n  #col-245170299 > .col-inner {\n    margin: 0px 0px -120px 0px;\n  }\n}\n<\/style>\n\t<\/div>\n\n\t\n<\/div>\n\t\t<\/div>\n\n\t\t\n<style>\n#section_131918428 {\n  padding-top: 30px;\n  padding-bottom: 30px;\n}\n<\/style>\n\t<\/section>\n\t\n\n\t<section class=\"section\" id=\"section_332704389\">\n\t\t<div class=\"section-bg fill\" >\n\t\t\t<img decoding=\"async\" width=\"1920\" height=\"683\" src=\"https:\/\/ecoturbino.world\/wp-content\/uploads\/2025\/12\/ecoturbino-function_1920-1.webp\" class=\"bg attachment- size-\" alt=\"ecoturbino Funktion\" \/>\t\t\t\t\t\t<div class=\"section-bg-overlay absolute fill\"><\/div>\n\t\t\t\n\n\t\t<\/div>\n\n\t\t\t<div class=\"ux-shape-divider ux-shape-divider--top ux-shape-divider--style-waves-opacity\">\n\t\t<svg viewbox=\"0 0 1000 300\" xmlns=\"http:\/\/www.w3.org\/2000\/svg\" preserveaspectratio=\"none\">\n    <path class=\"ux-shape-fill\" d=\"M0 300L-1 69.71C216 57 299.47 198.86 403 226C506 253 577 196 660 197C740 198 790.09 234.07 874 267C935.23 291 982 282.61 1000 277.61V300H0Z\"\/>\n    <path class=\"ux-shape-fill\" opacity=\"0.5\" d=\"M1 265.094L0 50.5C217 37.79 300.47 186.36 404 213.5C507 240.5 578 196.5 661 197.5C741 198.5 787.59 239.57 871.5 272.5C932.73 296.5 980.5 284.5 998.5 279.5V298.5L1 265.094Z\"\/>\n    <path class=\"ux-shape-fill\" opacity=\"0.15\" d=\"M0.999878 244.094L-0.00012207 27C217 14.29 300.47 173.86 404 201C507 228 578 196 661 197C741 198 787.59 243.07 871.5 276C932.73 300 980.5 284.5 998.5 279.5V299L0.999878 244.094Z\"\/>\n<\/svg>\n\n\t<\/div>\n\n\n\t\t<div class=\"section-content relative\">\n\t\t\t\n\t\t<\/div>\n\n\t\t\n<style>\n#section_332704389 {\n  padding-top: 125px;\n  padding-bottom: 125px;\n}\n#section_332704389 .section-bg-overlay {\n  background-color: rgba(0, 0, 0, 0.25);\n}\n#section_332704389 .ux-shape-divider--top svg {\n  height: 80px;\n  --divider-top-width: 100%;\n}\n@media (min-width:550px) {\n  #section_332704389 {\n    padding-top: 220px;\n    padding-bottom: 220px;\n  }\n  #section_332704389 .ux-shape-divider--top svg {\n    height: 124px;\n  }\n}\n<\/style>\n\t<\/section>","protected":false},"excerpt":{"rendered":"","protected":false},"author":2,"featured_media":1841,"parent":0,"menu_order":0,"comment_status":"closed","ping_status":"closed","template":"page-blank.php","meta":{"inline_featured_image":false,"footnotes":""},"class_list":["post-1652","page","type-page","status-publish","has-post-thumbnail","hentry"],"_links":{"self":[{"href":"https:\/\/ecoturbino.world\/de\/wp-json\/wp\/v2\/pages\/1652","targetHints":{"allow":["GET"]}}],"collection":[{"href":"https:\/\/ecoturbino.world\/de\/wp-json\/wp\/v2\/pages"}],"about":[{"href":"https:\/\/ecoturbino.world\/de\/wp-json\/wp\/v2\/types\/page"}],"author":[{"embeddable":true,"href":"https:\/\/ecoturbino.world\/de\/wp-json\/wp\/v2\/users\/2"}],"replies":[{"embeddable":true,"href":"https:\/\/ecoturbino.world\/de\/wp-json\/wp\/v2\/comments?post=1652"}],"version-history":[{"count":0,"href":"https:\/\/ecoturbino.world\/de\/wp-json\/wp\/v2\/pages\/1652\/revisions"}],"wp:featuredmedia":[{"embeddable":true,"href":"https:\/\/ecoturbino.world\/de\/wp-json\/wp\/v2\/media\/1841"}],"wp:attachment":[{"href":"https:\/\/ecoturbino.world\/de\/wp-json\/wp\/v2\/media?parent=1652"}],"curies":[{"name":"wp","href":"https:\/\/api.w.org\/{rel}","templated":true}]}}