{"id":1220,"date":"2024-01-01T12:13:14","date_gmt":"2024-01-01T11:13:14","guid":{"rendered":"https:\/\/ecoturbino.eu\/?page_id=1220"},"modified":"2025-12-29T22:45:57","modified_gmt":"2025-12-29T21:45:57","slug":"auswirkung-7","status":"publish","type":"page","link":"https:\/\/ecoturbino.world\/de\/impact-7\/","title":{"rendered":"Turbulentes Wasser - belebt das Wasser"},"content":{"rendered":"<section class=\"section zindex1\" id=\"section_1710899349\">\n\t\t<div class=\"section-bg fill\" >\n\t\t\t\t\t\t\t\t\t\n\t\t\t\n\n\t\t<\/div>\n\n\t\t\n\n\t\t<div class=\"section-content relative\">\n\t\t\t\n<div class=\"row row-small\"  id=\"row-497476242\">\n\n\t<div id=\"col-1083957047\" class=\"col medium-9 small-12 large-9\"  >\n\t\t\t\t<div class=\"col-inner\"  >\n\t\t\t\n\t\t\t\n<h1 class=\"uppercase\">Turbulentes Wasser - energetisiert Wasser<\/h1>\n<h3 class=\"thin-font\">die siebte Auswirkung des wassersparenden ecoturbino\u00ae-Umweltschutzsystems<\/h3>\n<div class=\"row\"  id=\"row-1863330566\">\n\n\t<div id=\"col-471489407\" class=\"col medium-11 small-12 large-11\"  >\n\t\t\t\t<div class=\"col-inner\"  >\n\t\t\t\n\t\t\t\n\t<div id=\"stack-3108930447\" class=\"stack stack-row justify-start items-start\">\n\t\t\n\t<div class=\"img has-hover x md-x lg-x y md-y lg-y\" id=\"image_1443823394\">\n\t\t<a class=\"\" href=\"\/de\/auswirkung-1\/\" >\t\t\t\t\t\t<div class=\"img-inner image-color dark\" >\n\t\t\t<img decoding=\"async\" width=\"100\" height=\"100\" src=\"https:\/\/ecoturbino.world\/wp-content\/uploads\/2024\/01\/impact1.svg\" class=\"attachment-original size-original\" alt=\"\" \/>\t\t\t\t\t\t\n\t\t\t\t\t<\/div>\n\t\t\t\t\t\t<\/a>\t\t\n<style>\n#image_1443823394 {\n  width: 100%;\n}\n<\/style>\n\t<\/div>\n\t\n\t<div class=\"img has-hover x md-x lg-x y md-y lg-y\" id=\"image_1109094734\">\n\t\t<a class=\"\" href=\"\/de\/auswirkung-2\/\" >\t\t\t\t\t\t<div class=\"img-inner image-color dark\" >\n\t\t\t<img decoding=\"async\" width=\"100\" height=\"100\" src=\"https:\/\/ecoturbino.world\/wp-content\/uploads\/2024\/01\/impact2.svg\" class=\"attachment-original size-original\" alt=\"\" \/>\t\t\t\t\t\t\n\t\t\t\t\t<\/div>\n\t\t\t\t\t\t<\/a>\t\t\n<style>\n#image_1109094734 {\n  width: 100%;\n}\n<\/style>\n\t<\/div>\n\t\n\t<div class=\"img has-hover x md-x lg-x y md-y lg-y\" id=\"image_1813571823\">\n\t\t<a class=\"\" href=\"\/de\/auswirkung-3\/\" >\t\t\t\t\t\t<div class=\"img-inner image-color dark\" >\n\t\t\t<img decoding=\"async\" width=\"100\" height=\"100\" src=\"https:\/\/ecoturbino.world\/wp-content\/uploads\/2024\/01\/impact3.svg\" class=\"attachment-original size-original\" alt=\"Auswirkungen 3 von ecoturbino\" \/>\t\t\t\t\t\t\n\t\t\t\t\t<\/div>\n\t\t\t\t\t\t<\/a>\t\t\n<style>\n#image_1813571823 {\n  width: 100%;\n}\n<\/style>\n\t<\/div>\n\t\n\t<div class=\"img has-hover x md-x lg-x y md-y lg-y\" id=\"image_1563901482\">\n\t\t<a class=\"\" href=\"\/de\/auswirkung-4\/\" >\t\t\t\t\t\t<div class=\"img-inner image-color dark\" >\n\t\t\t<img decoding=\"async\" width=\"100\" height=\"100\" src=\"https:\/\/ecoturbino.world\/wp-content\/uploads\/2024\/01\/impact4.svg\" class=\"attachment-original size-original\" alt=\"Auswirkungen 4 von ecoturbino\" \/>\t\t\t\t\t\t\n\t\t\t\t\t<\/div>\n\t\t\t\t\t\t<\/a>\t\t\n<style>\n#image_1563901482 {\n  width: 100%;\n}\n<\/style>\n\t<\/div>\n\t\n\t<div class=\"img has-hover x md-x lg-x y md-y lg-y\" id=\"image_2131606826\">\n\t\t<a class=\"\" href=\"\/de\/auswirkung-5\/\" >\t\t\t\t\t\t<div class=\"img-inner image-color dark\" >\n\t\t\t<img decoding=\"async\" width=\"100\" height=\"100\" src=\"https:\/\/ecoturbino.world\/wp-content\/uploads\/2024\/01\/impact5.svg\" class=\"attachment-original size-original\" alt=\"\" \/>\t\t\t\t\t\t\n\t\t\t\t\t<\/div>\n\t\t\t\t\t\t<\/a>\t\t\n<style>\n#image_2131606826 {\n  width: 100%;\n}\n<\/style>\n\t<\/div>\n\t\n\t<div class=\"img has-hover x md-x lg-x y md-y lg-y\" id=\"image_1558866932\">\n\t\t<a class=\"\" href=\"\/de\/auswirkung-6\/\" >\t\t\t\t\t\t<div class=\"img-inner image-color dark\" >\n\t\t\t<img decoding=\"async\" width=\"100\" height=\"100\" src=\"https:\/\/ecoturbino.world\/wp-content\/uploads\/2024\/01\/impact6.svg\" class=\"attachment-original size-original\" alt=\"Auswirkungen 6 von ecoturbino\" \/>\t\t\t\t\t\t\n\t\t\t\t\t<\/div>\n\t\t\t\t\t\t<\/a>\t\t\n<style>\n#image_1558866932 {\n  width: 100%;\n}\n<\/style>\n\t<\/div>\n\t\n\t<div class=\"img has-hover x md-x lg-x y md-y lg-y\" id=\"image_2111566544\">\n\t\t\t\t\t\t\t\t<div class=\"img-inner dark\" >\n\t\t\t<img decoding=\"async\" width=\"100\" height=\"100\" src=\"https:\/\/ecoturbino.world\/wp-content\/uploads\/2024\/01\/impact7.svg\" class=\"attachment-original size-original\" alt=\"Auswirkungen 7 von ecoturbino\" \/>\t\t\t\t\t\t\n\t\t\t\t\t<\/div>\n\t\t\t\t\t\t\t\t\n<style>\n#image_2111566544 {\n  width: 100%;\n}\n<\/style>\n\t<\/div>\n\t\n\t\t\n<style>\n#stack-3108930447 > * {\n  --stack-gap: 0.5rem;\n}\n@media (min-width:550px) {\n  #stack-3108930447 > * {\n    --stack-gap: 1rem;\n  }\n}\n<\/style>\n\t<\/div>\n\t\n\t\t<\/div>\n\t\t\t\t\t<\/div>\n\n\t\n<\/div>\n\t\t<\/div>\n\t\t\t\t\t<\/div>\n\n\t\n\n\t<div id=\"col-564735740\" class=\"col medium-3 small-12 large-3\"  >\n\t\t\t\t<div class=\"col-inner\"  >\n\t\t\t\n\t\t\t\n\t<div class=\"img has-hover x md-x lg-x y md-y lg-y\" id=\"image_1273972089\">\n\t\t\t\t\t\t\t\t<div class=\"img-inner dark\" >\n\t\t\t<img decoding=\"async\" width=\"100\" height=\"100\" src=\"https:\/\/ecoturbino.world\/wp-content\/uploads\/2024\/01\/impact7.svg\" class=\"attachment-original size-original\" alt=\"Auswirkungen 7 von ecoturbino\" \/>\t\t\t\t\t\t\n\t\t\t\t\t<\/div>\n\t\t\t\t\t\t\t\t\n<style>\n#image_1273972089 {\n  width: 100%;\n}\n<\/style>\n\t<\/div>\n\t\n\t\t<\/div>\n\t\t\t\t\t<\/div>\n\n\t\n<\/div>\n<div class=\"row\"  id=\"row-1343320653\">\n\n\t<div id=\"col-1721935367\" class=\"col small-12 large-12\"  >\n\t\t\t\t<div class=\"col-inner\"  >\n\t\t\t\n\t\t\t\n<div class=\"is-divider divider clearfix\" style=\"max-width:100%;height:1px;\"><\/div>\n<h2><span style=\"font-size: 120%;\">Turbulentes Wasser in der Dusche dank ecoturbino | Wie Luft den Wasserstrahl belebt<\/span><\/h2>\n<p>Die <strong>Die morgendliche Dusche ist ein entscheidender Moment<\/strong> f\u00fcr viele Menschen zu<strong> frisch und energiegeladen in den Tag starten<\/strong>. Ein belebender Wasserstrahl kann Wunder bewirken und die Sinne wecken.<\/p>\n<p>ecoturbino geht noch einen Schritt weiter und verbessert das Duscherlebnis durch<strong> Erzeugung von <a href=\"https:\/\/en.wikipedia.org\/wiki\/Turbulence\" target=\"_blank\" rel=\"noopener sponsored\">turbulent<\/a> Wasser.<\/strong> Aber wie funktioniert das eigentlich? Die Antwort liegt in der cleveren <strong>Einleitung von Luft in den Wasserstrom<\/strong>Das Ergebnis ist ein belebendes und effizientes Duscherlebnis.<\/p>\n<h3>Die Rolle der Luft in der Dusche<\/h3>\n<p>Luft spielt eine entscheidende Rolle bei der Verbesserung des Duscherlebnisses. Wenn sie in den Wasserstrom eingeleitet wird, ist sie <strong>erzeugt winzige Luftbl\u00e4schen, die das Wasser aufwirbeln und f\u00fcr mehr Volumen und Struktur sorgen.<\/strong> Dies f\u00fchrt zu einem turbulenten Wasserstrom, der die<strong> h\u00f6here Effizienz und ein angenehmeres Duscherlebnis.<\/strong><\/p>\n<h3>Die innovative Technologie von ecoturbino<\/h3>\n<p>ecoturbino nutzt dies <strong>Lufttechnik zur Verbesserung des Wasserstroms.<\/strong> Die Technologie basiert auf einer speziellen Verengung des Querschnitts, die <strong>beschleunigt den Wasserfluss<\/strong> und saugt dabei Luft an. Diese Luft wird dann mit dem Wasser vermischt, wodurch ein dynamischer und belebender Strom entsteht.<\/p>\n\t<div id=\"gap-574466402\" class=\"gap-element clearfix\" style=\"display:block; height:auto;\">\n\t\t\n<style>\n#gap-574466402 {\n  padding-top: 30px;\n}\n<\/style>\n\t<\/div>\n\t\n<div class=\"row\"  id=\"row-89537706\">\n\n\t<div id=\"col-1578443199\" class=\"col medium-4 small-12 large-4\"  >\n\t\t\t\t<div class=\"col-inner\"  >\n\t\t\t\n\t\t\t\n\t<div class=\"img has-hover radius10 x md-x lg-x y md-y lg-y\" id=\"image_2010575614\">\n\t\t\t\t\t\t\t\t<div class=\"img-inner dark\" >\n\t\t\t<img decoding=\"async\" width=\"600\" height=\"600\" src=\"https:\/\/ecoturbino.world\/wp-content\/uploads\/2024\/01\/air-water_600.webp\" class=\"attachment-original size-original\" alt=\"Symbol f\u00fcr Luft und Wasser\" srcset=\"https:\/\/ecoturbino.world\/wp-content\/uploads\/2024\/01\/air-water_600.webp 600w, https:\/\/ecoturbino.world\/wp-content\/uploads\/2024\/01\/air-water_600-500x500.webp 500w, https:\/\/ecoturbino.world\/wp-content\/uploads\/2024\/01\/air-water_600-32x32.webp 32w, https:\/\/ecoturbino.world\/wp-content\/uploads\/2024\/01\/air-water_600-48x48.webp 48w, https:\/\/ecoturbino.world\/wp-content\/uploads\/2024\/01\/air-water_600-80x80.webp 80w, https:\/\/ecoturbino.world\/wp-content\/uploads\/2024\/01\/air-water_600-180x180.webp 180w\" sizes=\"(max-width: 600px) 100vw, 600px\" \/>\t\t\t\t\t\t\n\t\t\t\t\t<\/div>\n\t\t\t\t\t\t\t\t\n<style>\n#image_2010575614 {\n  width: 100%;\n}\n<\/style>\n\t<\/div>\n\t\n\t\t<\/div>\n\t\t\t\t\t<\/div>\n\n\t\n\n\t<div id=\"col-1398165393\" class=\"col medium-8 small-12 large-8\"  >\n\t\t\t\t<div class=\"col-inner\"  >\n\t\t\t\n\t\t\t\n<h3>Die Vorteile von turbulentem Wasser in der Dusche<\/h3>\n<ul>\n<li><strong>Effizientere Reinigung:<\/strong> Ein turbulenter Wasserstrahl kann Schmutz und Seife effizient von Haut und Haaren entfernen, was zu einer gr\u00fcndlicheren Reinigung und einem besseren Duscherlebnis f\u00fchrt.<\/li>\n<li><strong>Wassereinsparungen:<\/strong> Durch die Zugabe von Luft kann ecoturbino den Wasserdruck erh\u00f6hen, ohne mehr Wasser zu verbrauchen. Dies erm\u00f6glicht ein komfortables Duscherlebnis bei reduziertem Wasserverbrauch.<\/li>\n<li><strong>Energieeinsparungen:<\/strong> Da weniger Wasser erhitzt werden muss, um warmes Duschwasser bereitzustellen, f\u00fchrt ecoturbino auch zu Energieeinsparungen und niedrigeren Energiekosten.<\/li>\n<li><strong>Erh\u00f6hter Duschkomfort:<\/strong> Der turbulentere Wasserstrahl von ecoturbino f\u00fchlt sich st\u00e4rker und angenehmer an, was zu einem verbesserten Duschkomfort f\u00fchrt.<\/li>\n<li><strong><a href=\"https:\/\/ecoturbino.world\/de\/auswirkung-5\/\">Umweltfreundlich<\/a> freundlich:<\/strong> Ein geringerer Wasser- und Energieverbrauch bedeutet weniger Belastung f\u00fcr die Umwelt und weniger CO2-Emissionen.<\/li>\n<\/ul>\n\t\t<\/div>\n\t\t\t\t\t<\/div>\n\n\t\n<\/div>\n\t<div id=\"gap-1791977727\" class=\"gap-element clearfix\" style=\"display:block; height:auto;\">\n\t\t\n<style>\n#gap-1791977727 {\n  padding-top: 30px;\n}\n<\/style>\n\t<\/div>\n\t\n<div class=\"row\"  id=\"row-1375990536\">\n\n\t<div id=\"col-773797793\" class=\"col medium-6 small-12 large-6\"  >\n\t\t\t\t<div class=\"col-inner\"  >\n\t\t\t\n\t\t\t\n<h3>Die Installation von ecoturbino<\/h3>\n<p>Die Installation von ecoturbino k\u00f6nnte nicht einfacher sein. Er wird normalerweise mit einem \u00bd-Zoll-Standardgewinde geliefert, das in den meisten Duschen vorhanden ist.<\/p>\n<p>Dies erm\u00f6glicht es <strong>schneller und unkomplizierter Einbau ohne Spezialwerkzeug<\/strong> oder Fachwissen. In nur wenigen Minuten kann jeder die Vorteile eines turbulenten Wasserstrahls genie\u00dfen.<\/p>\n\t\t<\/div>\n\t\t\t\t\t<\/div>\n\n\t\n\n\t<div id=\"col-1758336159\" class=\"col medium-6 small-12 large-6\"  >\n\t\t\t\t<div class=\"col-inner\" style=\"background-color:#c0d63d;\" >\n\t\t\t\n\t\t\t\n\t<div id=\"text-3887564094\" class=\"text\">\n\t\t\n<h4 class=\"uppercase\">SCHLUSSFOLGERUNG<\/h4>\n\t\t\n<style>\n#text-3887564094 {\n  font-size: 2rem;\n  text-align: right;\n  color: rgb(255,255,255);\n}\n#text-3887564094 > * {\n  color: rgb(255,255,255);\n}\n@media (min-width:550px) {\n  #text-3887564094 {\n    font-size: 3.5rem;\n  }\n}\n<\/style>\n\t<\/div>\n\t\n<h3>Ein belebendes Duscherlebnis dank ecoturbino<\/h3>\n<blockquote>\n<p>ecoturbino bietet eine innovative L\u00f6sung, um in der Dusche turbulentes Wasser zu erzeugen und die Vorteile eines belebenden Wasserstrahls zu genie\u00dfen.<\/p>\n<\/blockquote>\n<p>Die Einf\u00fchrung von Luft in den Wasserstrom erm\u00f6glicht es <strong>effizienter duschen, Wasser und Energie sparen,<\/strong> und <strong>Verbesserung des Duschkomforts<\/strong>t.<\/p>\n<p>Dank der einfachen Installation kann jeder die Vorteile von ecoturbino nutzen und sein morgendliches Duscherlebnis auf ein neues Niveau heben.<\/p>\n\t\t<\/div>\n\t\t\t\t\n<style>\n#col-1758336159 > .col-inner {\n  padding: 10px 20px 1px 25px;\n  border-radius: 10px;\n}\n<\/style>\n\t<\/div>\n\n\t\n<\/div>\n\t\t<\/div>\n\t\t\t\t\n<style>\n#col-1721935367 > .col-inner {\n  margin: 0px 0px -125px 0px;\n}\n@media (min-width:550px) {\n  #col-1721935367 > .col-inner {\n    margin: 0px 0px -200px 0px;\n  }\n}\n<\/style>\n\t<\/div>\n\n\t\n<\/div>\n\t\t<\/div>\n\n\t\t\n<style>\n#section_1710899349 {\n  padding-top: 30px;\n  padding-bottom: 30px;\n}\n<\/style>\n\t<\/section>\n\t\n\n\t<section class=\"section\" id=\"section_1133264514\">\n\t\t<div class=\"section-bg fill\" >\n\t\t\t<img decoding=\"async\" width=\"1920\" height=\"683\" src=\"https:\/\/ecoturbino.world\/wp-content\/uploads\/2025\/12\/ecoturbino-function_1920-1.webp\" class=\"bg attachment- size-\" alt=\"ecoturbino Funktion\" \/>\t\t\t\t\t\t<div class=\"section-bg-overlay absolute fill\"><\/div>\n\t\t\t\n\n\t\t<\/div>\n\n\t\t\t<div class=\"ux-shape-divider ux-shape-divider--top ux-shape-divider--style-waves-opacity\">\n\t\t<svg viewbox=\"0 0 1000 300\" xmlns=\"http:\/\/www.w3.org\/2000\/svg\" preserveaspectratio=\"none\">\n    <path class=\"ux-shape-fill\" d=\"M0 300L-1 69.71C216 57 299.47 198.86 403 226C506 253 577 196 660 197C740 198 790.09 234.07 874 267C935.23 291 982 282.61 1000 277.61V300H0Z\"\/>\n    <path class=\"ux-shape-fill\" opacity=\"0.5\" d=\"M1 265.094L0 50.5C217 37.79 300.47 186.36 404 213.5C507 240.5 578 196.5 661 197.5C741 198.5 787.59 239.57 871.5 272.5C932.73 296.5 980.5 284.5 998.5 279.5V298.5L1 265.094Z\"\/>\n    <path class=\"ux-shape-fill\" opacity=\"0.15\" d=\"M0.999878 244.094L-0.00012207 27C217 14.29 300.47 173.86 404 201C507 228 578 196 661 197C741 198 787.59 243.07 871.5 276C932.73 300 980.5 284.5 998.5 279.5V299L0.999878 244.094Z\"\/>\n<\/svg>\n\n\t<\/div>\n\n\n\t\t<div class=\"section-content relative\">\n\t\t\t\n\t\t<\/div>\n\n\t\t\n<style>\n#section_1133264514 {\n  padding-top: 125px;\n  padding-bottom: 125px;\n}\n#section_1133264514 .section-bg-overlay {\n  background-color: rgba(0, 0, 0, 0.25);\n}\n#section_1133264514 .ux-shape-divider--top svg {\n  height: 80px;\n  --divider-top-width: 100%;\n}\n@media (min-width:550px) {\n  #section_1133264514 {\n    padding-top: 300px;\n    padding-bottom: 300px;\n  }\n  #section_1133264514 .ux-shape-divider--top svg {\n    height: 124px;\n  }\n}\n<\/style>\n\t<\/section>","protected":false},"excerpt":{"rendered":"","protected":false},"author":2,"featured_media":1698,"parent":0,"menu_order":0,"comment_status":"closed","ping_status":"closed","template":"page-blank.php","meta":{"inline_featured_image":false,"footnotes":""},"class_list":["post-1220","page","type-page","status-publish","has-post-thumbnail","hentry"],"_links":{"self":[{"href":"https:\/\/ecoturbino.world\/de\/wp-json\/wp\/v2\/pages\/1220","targetHints":{"allow":["GET"]}}],"collection":[{"href":"https:\/\/ecoturbino.world\/de\/wp-json\/wp\/v2\/pages"}],"about":[{"href":"https:\/\/ecoturbino.world\/de\/wp-json\/wp\/v2\/types\/page"}],"author":[{"embeddable":true,"href":"https:\/\/ecoturbino.world\/de\/wp-json\/wp\/v2\/users\/2"}],"replies":[{"embeddable":true,"href":"https:\/\/ecoturbino.world\/de\/wp-json\/wp\/v2\/comments?post=1220"}],"version-history":[{"count":0,"href":"https:\/\/ecoturbino.world\/de\/wp-json\/wp\/v2\/pages\/1220\/revisions"}],"wp:featuredmedia":[{"embeddable":true,"href":"https:\/\/ecoturbino.world\/de\/wp-json\/wp\/v2\/media\/1698"}],"wp:attachment":[{"href":"https:\/\/ecoturbino.world\/de\/wp-json\/wp\/v2\/media?parent=1220"}],"curies":[{"name":"wp","href":"https:\/\/api.w.org\/{rel}","templated":true}]}}