{"id":1215,"date":"2024-01-01T12:07:15","date_gmt":"2024-01-01T11:07:15","guid":{"rendered":"https:\/\/ecoturbino.eu\/?page_id=1215"},"modified":"2025-12-29T22:45:35","modified_gmt":"2025-12-29T21:45:35","slug":"auswirkung-6","status":"publish","type":"page","link":"https:\/\/ecoturbino.world\/de\/impact-6\/","title":{"rendered":"Absolut wartungsfrei und nachr\u00fcstbar in allen Duschen \u2013 von jedem montierbar"},"content":{"rendered":"<section class=\"section zindex1\" id=\"section_539973274\">\n\t\t<div class=\"section-bg fill\" >\n\t\t\t\t\t\t\t\t\t\n\t\t\t\n\n\t\t<\/div>\n\n\t\t\n\n\t\t<div class=\"section-content relative\">\n\t\t\t\n<div class=\"row row-small\"  id=\"row-84754845\">\n\n\t<div id=\"col-1143992951\" class=\"col medium-9 small-12 large-9\"  >\n\t\t\t\t<div class=\"col-inner\"  >\n\t\t\t\n\t\t\t\n<h2 class=\"uppercase\">Absolut wartungsfrei und nachr\u00fcstbar in allen Duschen - von jedermann installierbar<\/h2>\n<h3 class=\"thin-font\">die sechste Auswirkung des wassersparenden ecoturbino\u00ae-Umweltschutzsystems<\/h3>\n<div class=\"row\"  id=\"row-1000194639\">\n\n\t<div id=\"col-279655769\" class=\"col medium-11 small-12 large-11\"  >\n\t\t\t\t<div class=\"col-inner\"  >\n\t\t\t\n\t\t\t\n\t<div id=\"stack-3409128900\" class=\"stack stack-row justify-start items-start\">\n\t\t\n\t<div class=\"img has-hover x md-x lg-x y md-y lg-y\" id=\"image_107048211\" data-no-translation=\"\">\n\t\t<a class=\"\" href=\"\/impact-1\/\" >\t\t\t\t\t\t<div class=\"img-inner image-color dark\" >\n\t\t\t<img decoding=\"async\" width=\"100\" height=\"100\" src=\"https:\/\/ecoturbino.world\/wp-content\/uploads\/2024\/01\/impact1.svg\" class=\"attachment-original size-original\" alt=\"\" \/>\t\t\t\t\t\t\n\t\t\t\t\t<\/div>\n\t\t\t\t\t\t<\/a>\t\t\n<style>\n#image_107048211 {\n  width: 100%;\n}\n<\/style>\n\t<\/div>\n\t\n\t<div class=\"img has-hover x md-x lg-x y md-y lg-y\" id=\"image_881873877\" data-no-translation=\"\">\n\t\t<a class=\"\" href=\"\/impact-2\/\" >\t\t\t\t\t\t<div class=\"img-inner image-color dark\" >\n\t\t\t<img decoding=\"async\" width=\"100\" height=\"100\" src=\"https:\/\/ecoturbino.world\/wp-content\/uploads\/2024\/01\/impact2.svg\" class=\"attachment-original size-original\" alt=\"\" \/>\t\t\t\t\t\t\n\t\t\t\t\t<\/div>\n\t\t\t\t\t\t<\/a>\t\t\n<style>\n#image_881873877 {\n  width: 100%;\n}\n<\/style>\n\t<\/div>\n\t\n\t<div class=\"img has-hover x md-x lg-x y md-y lg-y\" id=\"image_221588420\" data-no-translation=\"\">\n\t\t<a class=\"\" href=\"\/impact-3\/\" >\t\t\t\t\t\t<div class=\"img-inner image-color dark\" >\n\t\t\t<img decoding=\"async\" width=\"100\" height=\"100\" src=\"https:\/\/ecoturbino.world\/wp-content\/uploads\/2024\/01\/impact3.svg\" class=\"attachment-original size-original\" alt=\"Impact 3 of ecoturbino\" \/>\t\t\t\t\t\t\n\t\t\t\t\t<\/div>\n\t\t\t\t\t\t<\/a>\t\t\n<style>\n#image_221588420 {\n  width: 100%;\n}\n<\/style>\n\t<\/div>\n\t\n\t<div class=\"img has-hover x md-x lg-x y md-y lg-y\" id=\"image_1343930581\" data-no-translation=\"\">\n\t\t<a class=\"\" href=\"\/impact-4\/\" >\t\t\t\t\t\t<div class=\"img-inner image-color dark\" >\n\t\t\t<img decoding=\"async\" width=\"100\" height=\"100\" src=\"https:\/\/ecoturbino.world\/wp-content\/uploads\/2024\/01\/impact4.svg\" class=\"attachment-original size-original\" alt=\"Impact 4 of ecoturbino\" \/>\t\t\t\t\t\t\n\t\t\t\t\t<\/div>\n\t\t\t\t\t\t<\/a>\t\t\n<style>\n#image_1343930581 {\n  width: 100%;\n}\n<\/style>\n\t<\/div>\n\t\n\t<div class=\"img has-hover x md-x lg-x y md-y lg-y\" id=\"image_886511883\" data-no-translation=\"\">\n\t\t<a class=\"\" href=\"\/impact-5\/\" >\t\t\t\t\t\t<div class=\"img-inner image-color dark\" >\n\t\t\t<img decoding=\"async\" width=\"100\" height=\"100\" src=\"https:\/\/ecoturbino.world\/wp-content\/uploads\/2024\/01\/impact5.svg\" class=\"attachment-original size-original\" alt=\"\" \/>\t\t\t\t\t\t\n\t\t\t\t\t<\/div>\n\t\t\t\t\t\t<\/a>\t\t\n<style>\n#image_886511883 {\n  width: 100%;\n}\n<\/style>\n\t<\/div>\n\t\n\t<div class=\"img has-hover x md-x lg-x y md-y lg-y\" id=\"image_678719951\" data-no-translation=\"\">\n\t\t\t\t\t\t\t\t<div class=\"img-inner dark\" >\n\t\t\t<img decoding=\"async\" width=\"100\" height=\"100\" src=\"https:\/\/ecoturbino.world\/wp-content\/uploads\/2024\/01\/impact6.svg\" class=\"attachment-original size-original\" alt=\"Impact 6 of ecoturbino\" \/>\t\t\t\t\t\t\n\t\t\t\t\t<\/div>\n\t\t\t\t\t\t\t\t\n<style>\n#image_678719951 {\n  width: 100%;\n}\n<\/style>\n\t<\/div>\n\t\n\t<div class=\"img has-hover x md-x lg-x y md-y lg-y\" id=\"image_1890821775\" data-no-translation=\"\">\n\t\t<a class=\"\" href=\"\/impact-7\/\" >\t\t\t\t\t\t<div class=\"img-inner image-color dark\" >\n\t\t\t<img decoding=\"async\" width=\"100\" height=\"100\" src=\"https:\/\/ecoturbino.world\/wp-content\/uploads\/2024\/01\/impact7.svg\" class=\"attachment-original size-original\" alt=\"Impact 7 of ecoturbino\" \/>\t\t\t\t\t\t\n\t\t\t\t\t<\/div>\n\t\t\t\t\t\t<\/a>\t\t\n<style>\n#image_1890821775 {\n  width: 100%;\n}\n<\/style>\n\t<\/div>\n\t\n\t\t\n<style>\n#stack-3409128900 > * {\n  --stack-gap: 0.5rem;\n}\n@media (min-width:550px) {\n  #stack-3409128900 > * {\n    --stack-gap: 1rem;\n  }\n}\n<\/style>\n\t<\/div>\n\t\n\t\t<\/div>\n\t\t\t\t\t<\/div>\n\n\t\n<\/div>\n\t\t<\/div>\n\t\t\t\t\t<\/div>\n\n\t\n\n\t<div id=\"col-1883671520\" class=\"col medium-3 small-12 large-3\"  >\n\t\t\t\t<div class=\"col-inner\"  >\n\t\t\t\n\t\t\t\n\t<div class=\"img has-hover x md-x lg-x y md-y lg-y\" id=\"image_766045465\" data-no-translation=\"\">\n\t\t\t\t\t\t\t\t<div class=\"img-inner dark\" >\n\t\t\t<img decoding=\"async\" width=\"100\" height=\"100\" src=\"https:\/\/ecoturbino.world\/wp-content\/uploads\/2024\/01\/impact6.svg\" class=\"attachment-original size-original\" alt=\"Impact 6 of ecoturbino\" \/>\t\t\t\t\t\t\n\t\t\t\t\t<\/div>\n\t\t\t\t\t\t\t\t\n<style>\n#image_766045465 {\n  width: 100%;\n}\n<\/style>\n\t<\/div>\n\t\n\t\t<\/div>\n\t\t\t\t\t<\/div>\n\n\t\n<\/div>\n<div class=\"row\"  id=\"row-366688960\">\n\n\t<div id=\"col-831004017\" class=\"col small-12 large-12\"  >\n\t\t\t\t<div class=\"col-inner\"  >\n\t\t\t\n\t\t\t\n<div class=\"is-divider divider clearfix\" style=\"max-width:100%;height:1px;\"><\/div>\n<h3><span style=\"font-size: 120%;\">Energiesparen leicht gemacht | <a href=\"https:\/\/en.ecoturbino.shop\/details\/\" target=\"_blank\" rel=\"noopener\">ecoturbino<\/a> - Einfach zu installieren und f\u00fcr jedermann geeignet<\/span><\/h3>\n<p>In einer Zeit, in der <strong>Energieeinsparung und Umweltschutz werden immer wichtiger,<\/strong> Viele Menschen suchen nach Wegen, um <strong>ihren Energieverbrauch zu senken<\/strong> und <strong>ihren \u00f6kologischen Fu\u00dfabdruck zu verringern.<\/strong><\/p>\n<p>Sie sto\u00dfen jedoch h\u00e4ufig auf das Problem, dass viele <strong>energiesparende Produkte sind kompliziert<\/strong> und erfordern eine professionelle Installation. Aber das muss nicht sein. Mit ecoturbino wird das Energiesparen zum Kinderspiel.<\/p>\n<p>Diese <strong>innovatives \u00f6sterreichisches Produkt<\/strong> kann sein <strong>von jedermann ohne Vorkenntnisse installiert werden<\/strong> oder Fachwissen, und sie passt in jede Dusche. Sie ist in nur drei Minuten einsatzbereit und erfordert weder Werkzeug noch eine komplexe Installation.<\/p>\n<h3>Warum ist ecoturbino so einfach zu installieren?<\/h3>\n<p>Ecoturbino wurde entwickelt, um die<strong> so einfach wie m\u00f6glich zu installieren<\/strong>. Es sind keine komplizierten Werkzeuge oder spezielle Kenntnisse erforderlich. Der Grund daf\u00fcr ist das \u00bd-Zoll-Standardgewinde, das bei den meisten Sanit\u00e4ranschl\u00fcssen an der Warmwassermischbatterie der Dusche vorhanden ist.<\/p>\n<p>Dieses Standardgewinde erm\u00f6glicht eine einfache und sichere Befestigung von ecoturbino, ohne dass zus\u00e4tzliche Anpassungen oder Modifikationen erforderlich sind.<\/p>\n\t<div id=\"gap-733734970\" class=\"gap-element clearfix\" style=\"display:block; height:auto;\">\n\t\t\n<style>\n#gap-733734970 {\n  padding-top: 30px;\n}\n<\/style>\n\t<\/div>\n\t\n<div class=\"row\"  id=\"row-767098846\">\n\n\t<div id=\"col-1684333168\" class=\"col medium-4 small-12 large-4\"  >\n\t\t\t\t<div class=\"col-inner\"  >\n\t\t\t\n\t\t\t\n\t<div class=\"img has-hover radius10 x md-x lg-x y md-y lg-y\" id=\"image_674019598\" data-no-translation=\"\">\n\t\t\t\t\t\t\t\t<div class=\"img-inner dark\" >\n\t\t\t<img decoding=\"async\" width=\"600\" height=\"600\" src=\"https:\/\/ecoturbino.world\/wp-content\/uploads\/2024\/01\/tools-shower_600.webp\" class=\"attachment-original size-original\" alt=\"Shower tools symbol\" srcset=\"https:\/\/ecoturbino.world\/wp-content\/uploads\/2024\/01\/tools-shower_600.webp 600w, https:\/\/ecoturbino.world\/wp-content\/uploads\/2024\/01\/tools-shower_600-500x500.webp 500w, https:\/\/ecoturbino.world\/wp-content\/uploads\/2024\/01\/tools-shower_600-32x32.webp 32w, https:\/\/ecoturbino.world\/wp-content\/uploads\/2024\/01\/tools-shower_600-48x48.webp 48w, https:\/\/ecoturbino.world\/wp-content\/uploads\/2024\/01\/tools-shower_600-80x80.webp 80w, https:\/\/ecoturbino.world\/wp-content\/uploads\/2024\/01\/tools-shower_600-180x180.webp 180w\" sizes=\"(max-width: 600px) 100vw, 600px\" \/>\t\t\t\t\t\t\n\t\t\t\t\t<\/div>\n\t\t\t\t\t\t\t\t\n<style>\n#image_674019598 {\n  width: 100%;\n}\n<\/style>\n\t<\/div>\n\t\n\t\t<\/div>\n\t\t\t\t\t<\/div>\n\n\t\n\n\t<div id=\"col-966137606\" class=\"col medium-8 small-12 large-8\"  >\n\t\t\t\t<div class=\"col-inner\"  >\n\t\t\t\n\t\t\t\n<h3>Der einfache ecoturbino-Installationsprozess<\/h3>\n<p>Die Installation von ecoturbino k\u00f6nnte nicht einfacher sein. Hier sind die Schritte im Detail:<\/p>\n<ol>\n<li><strong>Vorbereitung:<\/strong> Stellen Sie sicher, dass Ihr Brauseschlauch eine <strong>\u00bd-Zoll Standard-Gewinde<\/strong> (dies ist die weltweite Norm). Dies ist bei den meisten Duschen der Fall.<\/li>\n<li><strong>Entfernen Sie den Duschschlauch:<\/strong> L\u00f6sen Sie ihn durch Drehen im Uhrzeigersinn.<\/li>\n<li><strong>Befestigen Sie ecoturbino:<\/strong> Schrauben Sie ecoturbino einfach auf das \u00bd-Zoll-Standardgewinde des Mischers und drehen Sie ihn im Uhrzeigersinn, bis er sicher befestigt ist.<\/li>\n<li>Schlie\u00dfen Sie nun den Wasserschlauch an ecoturbino an - fertig! Ihr ecoturbino ist nun einsatzbereit. Es sind keine weiteren Schritte erforderlich.<\/li>\n<\/ol>\n\t\t<\/div>\n\t\t\t\t\t<\/div>\n\n\t\n<\/div>\n\t<div id=\"gap-421550933\" class=\"gap-element clearfix\" style=\"display:block; height:auto;\">\n\t\t\n<style>\n#gap-421550933 {\n  padding-top: 30px;\n}\n<\/style>\n\t<\/div>\n\t\n<div class=\"row\"  id=\"row-1060928618\">\n\n\t<div id=\"col-2136784463\" class=\"col medium-6 small-12 large-6\"  >\n\t\t\t\t<div class=\"col-inner\"  >\n\t\t\t\n\t\t\t\n<h3>Keine Vorkenntnisse oder Fachkenntnisse erforderlich<\/h3>\n<p>Das Beste an ecoturbino ist, dass es <strong>f\u00fcr alle geeignet<\/strong>. Sie brauchen keine Vorkenntnisse oder Erfahrung mit Sanit\u00e4rinstallationen. Das Standardgewinde und die einfache Befestigung machen die Installation zu einem Kinderspiel.<\/p>\n<blockquote>\n<p>Dies ist eine gro\u00dfartige M\u00f6glichkeit, Energie und Wasser zu sparen, ohne sich um die Komplexit\u00e4t der Installation k\u00fcmmern zu m\u00fcssen.<\/p>\n<\/blockquote>\n\t\t<\/div>\n\t\t\t\t\t<\/div>\n\n\t\n\n\t<div id=\"col-184393622\" class=\"col medium-6 small-12 large-6\"  >\n\t\t\t\t<div class=\"col-inner\" style=\"background-color:#c0d63d;\" >\n\t\t\t\n\t\t\t\n\t<div id=\"text-1902266641\" class=\"text\">\n\t\t\n<h4 class=\"uppercase\">SCHLUSSFOLGERUNG<\/h4>\n\t\t\n<style>\n#text-1902266641 {\n  font-size: 2rem;\n  text-align: right;\n  color: rgb(255,255,255);\n}\n#text-1902266641 > * {\n  color: rgb(255,255,255);\n}\n@media (min-width:550px) {\n  #text-1902266641 {\n    font-size: 3.5rem;\n  }\n}\n<\/style>\n\t<\/div>\n\t\n<h3>Die gro\u00dfen Vorteile von ecoturbino<\/h3>\n<p>Ecoturbino bietet nicht nur eine einfache Installation, sondern auch eine Reihe von Vorteilen, die <strong>machen es zu einer lohnenden Investition<\/strong>:<\/p>\n<ul>\n<li><strong><a href=\"https:\/\/ecoturbino.world\/de\/eu-regelt-susswasser\/\">Wassereinsparungen<\/a>:<\/strong> Ecoturbino reduziert den Wasserverbrauch beim Duschen um 40 Prozent. Das spart nicht nur Wasser, sondern senkt auch die Kosten f\u00fcr die Wasserproduktion und -entsorgung.<\/li>\n<li><strong>Energieeinsparungen:<\/strong> Da weniger Wasser erhitzt werden muss, um warmes Duschwasser bereitzustellen, f\u00fchrt ecoturbino auch zu erheblichen Energieeinsparungen und niedrigeren Energiekosten.<\/li>\n<li><strong>Umweltfreundlich:<\/strong> Ein geringerer Wasser- und Energieverbrauch tr\u00e4gt zur Schonung der Umwelt und zur Verringerung der CO2-Emissionen bei.<\/li>\n<li><strong>Schnelle R\u00fcckzahlung:<\/strong> Die Einsparungen bei den Wasser- und Energiekosten machen die Investition in ecoturbino schnell rentabel.<\/li>\n<li><strong>Erh\u00f6hter Duschkomfort:<\/strong> Trotz der Verringerung des Wasserverbrauchs bietet ecoturbino ein starkes und angenehmes Duscherlebnis. Der Wasserstrahl bleibt kr\u00e4ftig und angenehm.<\/li>\n<\/ul>\n<blockquote>\n<p>Insgesamt ist ecoturbino ein einfaches und <strong>eine kosteng\u00fcnstige M\u00f6glichkeit, Energie und Wasser zu sparen, ohne auf Duschkomfort verzichten zu m\u00fcssen.<\/strong> Jeder kann es installieren und von den zahlreichen Vorteilen profitieren, die es bietet. Es ist eine Win-Win-L\u00f6sung f\u00fcr Ihren Geldbeutel und die Umwelt.<\/p>\n<\/blockquote>\n\t\t<\/div>\n\t\t\t\t\n<style>\n#col-184393622 > .col-inner {\n  padding: 10px 20px 1px 20px;\n  border-radius: 10px;\n}\n<\/style>\n\t<\/div>\n\n\t\n<\/div>\n\t\t<\/div>\n\t\t\t\t\n<style>\n#col-831004017 > .col-inner {\n  margin: 0px 0px -125px 0px;\n}\n@media (min-width:550px) {\n  #col-831004017 > .col-inner {\n    margin: 0px 0px -200px 0px;\n  }\n}\n<\/style>\n\t<\/div>\n\n\t\n<\/div>\n\t\t<\/div>\n\n\t\t\n<style>\n#section_539973274 {\n  padding-top: 30px;\n  padding-bottom: 30px;\n}\n<\/style>\n\t<\/section>\n\t\n\n\t<section class=\"section\" id=\"section_105487630\">\n\t\t<div class=\"section-bg fill\" >\n\t\t\t<img decoding=\"async\" width=\"1920\" height=\"683\" src=\"https:\/\/ecoturbino.world\/wp-content\/uploads\/2025\/12\/ecoturbino-function_1920-1.webp\" class=\"bg attachment- size-\" alt=\"ecoturbino Funktion\" \/>\t\t\t\t\t\t<div class=\"section-bg-overlay absolute fill\"><\/div>\n\t\t\t\n\n\t\t<\/div>\n\n\t\t\t<div class=\"ux-shape-divider ux-shape-divider--top ux-shape-divider--style-waves-opacity\">\n\t\t<svg viewbox=\"0 0 1000 300\" xmlns=\"http:\/\/www.w3.org\/2000\/svg\" preserveaspectratio=\"none\">\n    <path class=\"ux-shape-fill\" d=\"M0 300L-1 69.71C216 57 299.47 198.86 403 226C506 253 577 196 660 197C740 198 790.09 234.07 874 267C935.23 291 982 282.61 1000 277.61V300H0Z\"\/>\n    <path class=\"ux-shape-fill\" opacity=\"0.5\" d=\"M1 265.094L0 50.5C217 37.79 300.47 186.36 404 213.5C507 240.5 578 196.5 661 197.5C741 198.5 787.59 239.57 871.5 272.5C932.73 296.5 980.5 284.5 998.5 279.5V298.5L1 265.094Z\"\/>\n    <path class=\"ux-shape-fill\" opacity=\"0.15\" d=\"M0.999878 244.094L-0.00012207 27C217 14.29 300.47 173.86 404 201C507 228 578 196 661 197C741 198 787.59 243.07 871.5 276C932.73 300 980.5 284.5 998.5 279.5V299L0.999878 244.094Z\"\/>\n<\/svg>\n\n\t<\/div>\n\n\n\t\t<div class=\"section-content relative\">\n\t\t\t\n\t\t<\/div>\n\n\t\t\n<style>\n#section_105487630 {\n  padding-top: 125px;\n  padding-bottom: 125px;\n}\n#section_105487630 .section-bg-overlay {\n  background-color: rgba(0, 0, 0, 0.25);\n}\n#section_105487630 .ux-shape-divider--top svg {\n  height: 80px;\n  --divider-top-width: 100%;\n}\n@media (min-width:550px) {\n  #section_105487630 {\n    padding-top: 200px;\n    padding-bottom: 200px;\n  }\n  #section_105487630 .ux-shape-divider--top svg {\n    height: 124px;\n  }\n}\n<\/style>\n\t<\/section>","protected":false},"excerpt":{"rendered":"","protected":false},"author":2,"featured_media":1685,"parent":0,"menu_order":0,"comment_status":"closed","ping_status":"closed","template":"page-blank.php","meta":{"inline_featured_image":false,"footnotes":""},"class_list":["post-1215","page","type-page","status-publish","has-post-thumbnail","hentry"],"_links":{"self":[{"href":"https:\/\/ecoturbino.world\/de\/wp-json\/wp\/v2\/pages\/1215","targetHints":{"allow":["GET"]}}],"collection":[{"href":"https:\/\/ecoturbino.world\/de\/wp-json\/wp\/v2\/pages"}],"about":[{"href":"https:\/\/ecoturbino.world\/de\/wp-json\/wp\/v2\/types\/page"}],"author":[{"embeddable":true,"href":"https:\/\/ecoturbino.world\/de\/wp-json\/wp\/v2\/users\/2"}],"replies":[{"embeddable":true,"href":"https:\/\/ecoturbino.world\/de\/wp-json\/wp\/v2\/comments?post=1215"}],"version-history":[{"count":0,"href":"https:\/\/ecoturbino.world\/de\/wp-json\/wp\/v2\/pages\/1215\/revisions"}],"wp:featuredmedia":[{"embeddable":true,"href":"https:\/\/ecoturbino.world\/de\/wp-json\/wp\/v2\/media\/1685"}],"wp:attachment":[{"href":"https:\/\/ecoturbino.world\/de\/wp-json\/wp\/v2\/media?parent=1215"}],"curies":[{"name":"wp","href":"https:\/\/api.w.org\/{rel}","templated":true}]}}