{"id":1212,"date":"2024-01-01T12:02:37","date_gmt":"2024-01-01T11:02:37","guid":{"rendered":"https:\/\/ecoturbino.eu\/?page_id=1212"},"modified":"2025-12-29T22:45:10","modified_gmt":"2025-12-29T21:45:10","slug":"auswirkung-5","status":"publish","type":"page","link":"https:\/\/ecoturbino.world\/de\/impact-5\/","title":{"rendered":"Der ressourcenschonende Umgang mit der Erde"},"content":{"rendered":"<section class=\"section zindex1\" id=\"section_864328284\">\n\t\t<div class=\"section-bg fill\" >\n\t\t\t\t\t\t\t\t\t\n\t\t\t\n\n\t\t<\/div>\n\n\t\t\n\n\t\t<div class=\"section-content relative\">\n\t\t\t\n<div class=\"row row-small\"  id=\"row-111426139\">\n\n\t<div id=\"col-769361219\" class=\"col medium-9 small-12 large-9\"  >\n\t\t\t\t<div class=\"col-inner\"  >\n\t\t\t\n\t\t\t\n<h1 class=\"uppercase\">Ressourcenschonender Umgang mit der Erde<\/h1>\n<h3 class=\"thin-font\">die f\u00fcnfte Auswirkung des wassersparenden ecoturbino\u00ae-Umweltschutzsystems<\/h3>\n<div class=\"row\"  id=\"row-1646698924\">\n\n\t<div id=\"col-2072486628\" class=\"col medium-11 small-12 large-11\"  >\n\t\t\t\t<div class=\"col-inner\"  >\n\t\t\t\n\t\t\t\n\t<div id=\"stack-3704732374\" class=\"stack stack-row justify-start items-start\">\n\t\t\n\t<div class=\"img has-hover x md-x lg-x y md-y lg-y\" id=\"image_224381017\">\n\t\t<a class=\"\" href=\"\/de\/auswirkung-1\/\" >\t\t\t\t\t\t<div class=\"img-inner image-color dark\" >\n\t\t\t<img decoding=\"async\" width=\"100\" height=\"100\" src=\"https:\/\/ecoturbino.world\/wp-content\/uploads\/2024\/01\/impact1.svg\" class=\"attachment-original size-original\" alt=\"\" \/>\t\t\t\t\t\t\n\t\t\t\t\t<\/div>\n\t\t\t\t\t\t<\/a>\t\t\n<style>\n#image_224381017 {\n  width: 100%;\n}\n<\/style>\n\t<\/div>\n\t\n\t<div class=\"img has-hover x md-x lg-x y md-y lg-y\" id=\"image_1340632478\">\n\t\t<a class=\"\" href=\"\/de\/auswirkung-2\/\" >\t\t\t\t\t\t<div class=\"img-inner image-color dark\" >\n\t\t\t<img decoding=\"async\" width=\"100\" height=\"100\" src=\"https:\/\/ecoturbino.world\/wp-content\/uploads\/2024\/01\/impact2.svg\" class=\"attachment-original size-original\" alt=\"\" \/>\t\t\t\t\t\t\n\t\t\t\t\t<\/div>\n\t\t\t\t\t\t<\/a>\t\t\n<style>\n#image_1340632478 {\n  width: 100%;\n}\n<\/style>\n\t<\/div>\n\t\n\t<div class=\"img has-hover x md-x lg-x y md-y lg-y\" id=\"image_1346610593\">\n\t\t<a class=\"\" href=\"\/de\/auswirkung-3\/\" >\t\t\t\t\t\t<div class=\"img-inner image-color dark\" >\n\t\t\t<img decoding=\"async\" width=\"100\" height=\"100\" src=\"https:\/\/ecoturbino.world\/wp-content\/uploads\/2024\/01\/impact3.svg\" class=\"attachment-original size-original\" alt=\"Auswirkungen 3 von ecoturbino\" \/>\t\t\t\t\t\t\n\t\t\t\t\t<\/div>\n\t\t\t\t\t\t<\/a>\t\t\n<style>\n#image_1346610593 {\n  width: 100%;\n}\n<\/style>\n\t<\/div>\n\t\n\t<div class=\"img has-hover x md-x lg-x y md-y lg-y\" id=\"image_212050038\">\n\t\t<a class=\"\" href=\"\/de\/auswirkung-4\/\" >\t\t\t\t\t\t<div class=\"img-inner image-color dark\" >\n\t\t\t<img decoding=\"async\" width=\"100\" height=\"100\" src=\"https:\/\/ecoturbino.world\/wp-content\/uploads\/2024\/01\/impact4.svg\" class=\"attachment-original size-original\" alt=\"Auswirkungen 4 von ecoturbino\" \/>\t\t\t\t\t\t\n\t\t\t\t\t<\/div>\n\t\t\t\t\t\t<\/a>\t\t\n<style>\n#image_212050038 {\n  width: 100%;\n}\n<\/style>\n\t<\/div>\n\t\n\t<div class=\"img has-hover x md-x lg-x y md-y lg-y\" id=\"image_282111411\">\n\t\t\t\t\t\t\t\t<div class=\"img-inner dark\" >\n\t\t\t<img decoding=\"async\" width=\"100\" height=\"100\" src=\"https:\/\/ecoturbino.world\/wp-content\/uploads\/2024\/01\/impact5.svg\" class=\"attachment-original size-original\" alt=\"\" \/>\t\t\t\t\t\t\n\t\t\t\t\t<\/div>\n\t\t\t\t\t\t\t\t\n<style>\n#image_282111411 {\n  width: 100%;\n}\n<\/style>\n\t<\/div>\n\t\n\t<div class=\"img has-hover x md-x lg-x y md-y lg-y\" id=\"image_905715628\">\n\t\t<a class=\"\" href=\"\/de\/auswirkung-6\/\" >\t\t\t\t\t\t<div class=\"img-inner image-color dark\" >\n\t\t\t<img decoding=\"async\" width=\"100\" height=\"100\" src=\"https:\/\/ecoturbino.world\/wp-content\/uploads\/2024\/01\/impact6.svg\" class=\"attachment-original size-original\" alt=\"Auswirkungen 6 von ecoturbino\" \/>\t\t\t\t\t\t\n\t\t\t\t\t<\/div>\n\t\t\t\t\t\t<\/a>\t\t\n<style>\n#image_905715628 {\n  width: 100%;\n}\n<\/style>\n\t<\/div>\n\t\n\t<div class=\"img has-hover x md-x lg-x y md-y lg-y\" id=\"image_912972631\">\n\t\t<a class=\"\" href=\"\/de\/auswirkung-7\/\" >\t\t\t\t\t\t<div class=\"img-inner image-color dark\" >\n\t\t\t<img decoding=\"async\" width=\"100\" height=\"100\" src=\"https:\/\/ecoturbino.world\/wp-content\/uploads\/2024\/01\/impact7.svg\" class=\"attachment-original size-original\" alt=\"Auswirkungen 7 von ecoturbino\" \/>\t\t\t\t\t\t\n\t\t\t\t\t<\/div>\n\t\t\t\t\t\t<\/a>\t\t\n<style>\n#image_912972631 {\n  width: 100%;\n}\n<\/style>\n\t<\/div>\n\t\n\t\t\n<style>\n#stack-3704732374 > * {\n  --stack-gap: 0.5rem;\n}\n@media (min-width:550px) {\n  #stack-3704732374 > * {\n    --stack-gap: 1rem;\n  }\n}\n<\/style>\n\t<\/div>\n\t\n\t\t<\/div>\n\t\t\t\t\t<\/div>\n\n\t\n<\/div>\n\t\t<\/div>\n\t\t\t\t\t<\/div>\n\n\t\n\n\t<div id=\"col-112366747\" class=\"col medium-3 small-12 large-3\"  >\n\t\t\t\t<div class=\"col-inner\"  >\n\t\t\t\n\t\t\t\n\t<div class=\"img has-hover x md-x lg-x y md-y lg-y\" id=\"image_191380710\">\n\t\t\t\t\t\t\t\t<div class=\"img-inner dark\" >\n\t\t\t<img decoding=\"async\" width=\"100\" height=\"100\" src=\"https:\/\/ecoturbino.world\/wp-content\/uploads\/2024\/01\/impact5.svg\" class=\"attachment-original size-original\" alt=\"\" \/>\t\t\t\t\t\t\n\t\t\t\t\t<\/div>\n\t\t\t\t\t\t\t\t\n<style>\n#image_191380710 {\n  width: 100%;\n}\n<\/style>\n\t<\/div>\n\t\n\t\t<\/div>\n\t\t\t\t\t<\/div>\n\n\t\n<\/div>\n<div class=\"row\"  id=\"row-373152352\">\n\n\t<div id=\"col-2080766718\" class=\"col small-12 large-12\"  >\n\t\t\t\t<div class=\"col-inner\"  >\n\t\t\t\n\t\t\t\n<div class=\"is-divider divider clearfix\" style=\"max-width:100%;height:1px;\"><\/div>\n<h2><span style=\"font-size: 120%;\">Wasser-, Energiekosten- und Abwassersparen f\u00fcr alle | Die Bedeutung von ecoturbino\u00ae<\/span><\/h2>\n<p>Hier reduzieren wir den Wasserverbrauch beim Duschen in Europa weiter! Daten werden folgen!<\/p>\n<p><strong>Unsere Welt wird immer trockener<\/strong>, mit <strong>Stetiger Anstieg der Wasser- und Energiepreise<\/strong>und auch die Kosten f\u00fcr Abwasseraufbereitungsanlagen steigen. Angesichts dieser Herausforderungen ist es unerl\u00e4sslich, Ressourcen effizienter zu nutzen und nachhaltig zu handeln.<\/p>\n<blockquote>\n<p>Eine der scheinbar unbedeutenden, aber <strong>dennoch verschwenderische Gewohnheiten ist das Duschen<\/strong>. Wir genie\u00dfen eine kurze Begegnung mit warmem Wasser, aber danach wird dieses Wasser zu warmem Abwasser, das einfach in den Abfluss gesp\u00fclt wird.<\/p>\n<\/blockquote>\n<p>Dies ist eine <strong><a href=\"https:\/\/ecoturbino.world\/de\/eu-regelt-susswasser\/\">sinnlose Verschwendung von wertvollem Wasser<\/a> und Energie<\/strong> und widerspricht den Grunds\u00e4tzen der Nachhaltigkeit und des Umweltschutzes. Hier ist die <strong>bahnbrechende Technologie von ecoturbino<\/strong> ins Spiel kommt und es jedem erm\u00f6glicht<strong> 40 Prozent des Wasserverbrauchs einsparen<\/strong> beim Duschen und reduzieren sofort die Kosten.<\/p>\n<h3>Die Frage der <strong>Wasser- und Energieverschwendung beim Duschen<\/strong><\/h3>\n<p><strong>Duschen<\/strong> ist eine unserer t\u00e4glichen Gewohnheiten, bei der wir uns oft wenig Gedanken \u00fcber ihre Auswirkungen auf unsere Umwelt machen. Wir genie\u00dfen das warme Wasser, das \u00fcber unsere Haut flie\u00dft, und vergessen dabei, dass es eine endliche Ressource ist.<\/p>\n<p>Das Problem beginnt, wenn die <strong>Gebrauchtes Duschwasser wird als warmes Abwasser in die Kanalisation geleitet.<\/strong> F\u00fcr die Erw\u00e4rmung des Wassers wird Energie ben\u00f6tigt, die oft aus nicht erneuerbaren Quellen stammt, was Kosten verursacht.<\/p>\n<p>Dar\u00fcber hinaus m\u00fcssen die Kl\u00e4ranlagen <strong>diese Abw\u00e4sser zu verarbeiten, was zus\u00e4tzliche Kosten verursacht<\/strong>. Hochschnellende Abwasserkosten.<\/p>\n\t<div id=\"gap-395780012\" class=\"gap-element clearfix\" style=\"display:block; height:auto;\">\n\t\t\n<style>\n#gap-395780012 {\n  padding-top: 30px;\n}\n<\/style>\n\t<\/div>\n\t\n<div class=\"row\"  id=\"row-1960359769\">\n\n\t<div id=\"col-226561680\" class=\"col medium-4 small-12 large-4\"  >\n\t\t\t\t<div class=\"col-inner\"  >\n\t\t\t\n\t\t\t\n\t<div class=\"img has-hover radius10 x md-x lg-x y md-y lg-y\" id=\"image_704796521\">\n\t\t\t\t\t\t\t\t<div class=\"img-inner dark\" >\n\t\t\t<img decoding=\"async\" width=\"600\" height=\"600\" src=\"https:\/\/ecoturbino.world\/wp-content\/uploads\/2024\/01\/water-saving-environment-costs_600.webp\" class=\"attachment-original size-original\" alt=\"Symbol f\u00fcr Wassereinsparung und Umweltschutz\" srcset=\"https:\/\/ecoturbino.world\/wp-content\/uploads\/2024\/01\/water-saving-environment-costs_600.webp 600w, https:\/\/ecoturbino.world\/wp-content\/uploads\/2024\/01\/water-saving-environment-costs_600-500x500.webp 500w, https:\/\/ecoturbino.world\/wp-content\/uploads\/2024\/01\/water-saving-environment-costs_600-32x32.webp 32w, https:\/\/ecoturbino.world\/wp-content\/uploads\/2024\/01\/water-saving-environment-costs_600-48x48.webp 48w, https:\/\/ecoturbino.world\/wp-content\/uploads\/2024\/01\/water-saving-environment-costs_600-80x80.webp 80w, https:\/\/ecoturbino.world\/wp-content\/uploads\/2024\/01\/water-saving-environment-costs_600-180x180.webp 180w\" sizes=\"(max-width: 600px) 100vw, 600px\" \/>\t\t\t\t\t\t\n\t\t\t\t\t<\/div>\n\t\t\t\t\t\t\t\t\n<style>\n#image_704796521 {\n  width: 100%;\n}\n<\/style>\n\t<\/div>\n\t\n\t\t<\/div>\n\t\t\t\t\t<\/div>\n\n\t\n\n\t<div id=\"col-1455004438\" class=\"col medium-8 small-12 large-8\"  >\n\t\t\t\t<div class=\"col-inner\"  >\n\t\t\t\n\t\t\t\n<h3>Die L\u00f6sung: ecoturbino<\/h3>\n<p>ecoturbino bietet eine einfache und effiziente L\u00f6sung f\u00fcr dieses Problem. Die Technologie wurde entwickelt, um die<strong> Wasserverbrauch beim Duschen um erstaunliche 40 Prozent<\/strong> ohne dass die Nutzer auf Duschkomfort verzichten m\u00fcssen. Hier sind einige der Vorteile, die ecoturbino f\u00fcr alle bietet:<\/p>\n<ul>\n<li><strong>Kostensenkung:<\/strong> ecoturbino erm\u00f6glicht es jedem, seine Wasser- und Energiekosten erheblich zu senken. Durch die Reduzierung des Wasserverbrauchs muss weniger Wasser erhitzt werden, was zu geringeren Energiekosten f\u00fchrt. Geringere Wasserkosten bieten einen zus\u00e4tzlichen finanziellen Vorteil.<\/li>\n<li><strong>Umweltfreundlich:<\/strong> Durch die Reduzierung des Wasserverbrauchs und die Einsparung von Energie tr\u00e4gt ecoturbino zum Umweltschutz bei. Es hilft, den Wasserverbrauch und die CO2-Emissionen zu senken und tr\u00e4gt so zum Umweltschutz bei.<\/li>\n<li><strong>Kurze Amortisationszeit:<\/strong> Die Anschaffungskosten von ecoturbino sind gering, und die Einsparungen bei den Wasser- und Energiekosten amortisieren die Investition in kurzer Zeit. Es ist eine wirtschaftlich sinnvolle Entscheidung f\u00fcr Unternehmen, Hotels, Familien, Vereine, Krankenh\u00e4user, Pflegeheime und viele andere.<\/li>\n<li><strong>Keine Kompromisse beim Duschvergn\u00fcgen:<\/strong> Trotz der Reduzierung des Wasserverbrauchs bietet ecoturbino weiterhin ein angenehmes und entspannendes Duscherlebnis. Der Wasserstrahl bleibt stark und angenehm, ohne die Duschqualit\u00e4t zu beeintr\u00e4chtigen.<\/li>\n<\/ul>\n\t\t<\/div>\n\t\t\t\t\t<\/div>\n\n\t\n<\/div>\n\t<div id=\"gap-961189917\" class=\"gap-element clearfix\" style=\"display:block; height:auto;\">\n\t\t\n<style>\n#gap-961189917 {\n  padding-top: 30px;\n}\n<\/style>\n\t<\/div>\n\t\n<div class=\"row\"  id=\"row-1681680860\">\n\n\t<div id=\"col-1371918308\" class=\"col medium-6 small-12 large-6\"  >\n\t\t\t\t<div class=\"col-inner\"  >\n\t\t\t\n\t\t\t\n<h3>Zus\u00e4tzliche Vorteile von ecoturbino<\/h3>\n<p>ecoturbino bietet \u00fcber die Kosteneinsparungen hinaus weitere Vorteile. Es hilft, die Wasservorr\u00e4te zu schonen und <strong>die Belastung der Kl\u00e4ranlagen zu verringern<\/strong>. Dies ist besonders wichtig in Zeiten, in denen Wasserknappheit und Umweltbelastungen immer h\u00e4ufiger vorkommen.<\/p>\n\t\t<\/div>\n\t\t\t\t\t<\/div>\n\n\t\n\n\t<div id=\"col-1621662107\" class=\"col medium-6 small-12 large-6\"  >\n\t\t\t\t<div class=\"col-inner\" style=\"background-color:#c0d63d;\" >\n\t\t\t\n\t\t\t\n\t<div id=\"text-3226176311\" class=\"text\">\n\t\t\n<h4 class=\"uppercase\">SCHLUSSFOLGERUNG<\/h4>\n\t\t\n<style>\n#text-3226176311 {\n  font-size: 2rem;\n  text-align: right;\n  color: rgb(255, 255, 255);\n}\n#text-3226176311 > * {\n  color: rgb(255, 255, 255);\n}\n@media (min-width:550px) {\n  #text-3226176311 {\n    font-size: 3.5rem;\n  }\n}\n<\/style>\n\t<\/div>\n\t\n<h3>ecoturbino - ein Gewinn f\u00fcr alle, <a href=\"https:\/\/www.google.com\/aclk?sa=l&amp;ai=DChcSEwizlIz2qdWDAxXtm1oFHdKnCJEYABAAGgJ2dQ&amp;ase=2&amp;gclid=Cj0KCQiAwP6sBhDAARIsAPfK_watGz1qAKakOF_2c21Sq6uC66UaUaL18vzWqCx2GV9fPAC4TGya1OQaAgj9EALw_wcB&amp;ei=1t2fZZTQN4yJ9u8PsZifyAM&amp;sig=AOD64_3tZ_HBVO8lhe659upTWIB85jM_VA&amp;q&amp;sqi=2&amp;nis=4&amp;adurl&amp;ved=2ahUKEwiUk4L2qdWDAxWMhP0HHTHMBzkQ0Qx6BAgIEAE\" target=\"_blank\" rel=\"noopener sponsored\">T\u00dcV-zertifiziert<\/a> Abschreibungsrechnung<\/h3>\n<p><strong>ecoturbino ist eine innovative L\u00f6sung, um Wasser, Energiekosten und Abwasser zu sparen,<\/strong> und das alles, ohne den Duschgenuss zu beeintr\u00e4chtigen. Die Technologie ist f\u00fcr Unternehmen, Hotels, Familien, Vereine, Krankenh\u00e4user, Pflegeheime und viele andere geeignet.<\/p>\n<blockquote>\n<p>Mit ecoturbino k\u00f6nnen wir alle zum Umweltschutz beitragen und gleichzeitig unsere finanzielle Belastung verringern.<\/p>\n<\/blockquote>\n<p>Es ist an der Zeit, Verantwortung f\u00fcr unsere Ressourcen zu \u00fcbernehmen und einen Schritt in Richtung Nachhaltigkeit zu tun.<\/p>\n\t\t<\/div>\n\t\t\t\t\n<style>\n#col-1621662107 > .col-inner {\n  padding: 10px 20px 1px 25px;\n  border-radius: 10px;\n}\n<\/style>\n\t<\/div>\n\n\t\n<\/div>\n\t\t<\/div>\n\t\t\t\t\n<style>\n#col-2080766718 > .col-inner {\n  margin: 0px 0px -125px 0px;\n}\n@media (min-width:550px) {\n  #col-2080766718 > .col-inner {\n    margin: 0px 0px -200px 0px;\n  }\n}\n<\/style>\n\t<\/div>\n\n\t\n<\/div>\n\t\t<\/div>\n\n\t\t\n<style>\n#section_864328284 {\n  padding-top: 30px;\n  padding-bottom: 30px;\n}\n<\/style>\n\t<\/section>\n\t\n\n\t<section class=\"section\" id=\"section_759093210\">\n\t\t<div class=\"section-bg fill\" >\n\t\t\t<img decoding=\"async\" width=\"1920\" height=\"683\" src=\"https:\/\/ecoturbino.world\/wp-content\/uploads\/2025\/12\/ecoturbino-function_1920-1.webp\" class=\"bg attachment- size-\" alt=\"ecoturbino Funktion\" \/>\t\t\t\t\t\t<div class=\"section-bg-overlay absolute fill\"><\/div>\n\t\t\t\n\n\t\t<\/div>\n\n\t\t\t<div class=\"ux-shape-divider ux-shape-divider--top ux-shape-divider--style-waves-opacity\">\n\t\t<svg viewbox=\"0 0 1000 300\" xmlns=\"http:\/\/www.w3.org\/2000\/svg\" preserveaspectratio=\"none\">\n    <path class=\"ux-shape-fill\" d=\"M0 300L-1 69.71C216 57 299.47 198.86 403 226C506 253 577 196 660 197C740 198 790.09 234.07 874 267C935.23 291 982 282.61 1000 277.61V300H0Z\"\/>\n    <path class=\"ux-shape-fill\" opacity=\"0.5\" d=\"M1 265.094L0 50.5C217 37.79 300.47 186.36 404 213.5C507 240.5 578 196.5 661 197.5C741 198.5 787.59 239.57 871.5 272.5C932.73 296.5 980.5 284.5 998.5 279.5V298.5L1 265.094Z\"\/>\n    <path class=\"ux-shape-fill\" opacity=\"0.15\" d=\"M0.999878 244.094L-0.00012207 27C217 14.29 300.47 173.86 404 201C507 228 578 196 661 197C741 198 787.59 243.07 871.5 276C932.73 300 980.5 284.5 998.5 279.5V299L0.999878 244.094Z\"\/>\n<\/svg>\n\n\t<\/div>\n\n\n\t\t<div class=\"section-content relative\">\n\t\t\t\n\t\t<\/div>\n\n\t\t\n<style>\n#section_759093210 {\n  padding-top: 125px;\n  padding-bottom: 125px;\n}\n#section_759093210 .section-bg-overlay {\n  background-color: rgba(0, 0, 0, 0.25);\n}\n#section_759093210 .ux-shape-divider--top svg {\n  height: 80px;\n  --divider-top-width: 100%;\n}\n@media (min-width:550px) {\n  #section_759093210 {\n    padding-top: 200px;\n    padding-bottom: 200px;\n  }\n  #section_759093210 .ux-shape-divider--top svg {\n    height: 124px;\n  }\n}\n<\/style>\n\t<\/section>","protected":false},"excerpt":{"rendered":"","protected":false},"author":2,"featured_media":1680,"parent":0,"menu_order":0,"comment_status":"closed","ping_status":"closed","template":"page-blank.php","meta":{"inline_featured_image":false,"footnotes":""},"class_list":["post-1212","page","type-page","status-publish","has-post-thumbnail","hentry"],"_links":{"self":[{"href":"https:\/\/ecoturbino.world\/de\/wp-json\/wp\/v2\/pages\/1212","targetHints":{"allow":["GET"]}}],"collection":[{"href":"https:\/\/ecoturbino.world\/de\/wp-json\/wp\/v2\/pages"}],"about":[{"href":"https:\/\/ecoturbino.world\/de\/wp-json\/wp\/v2\/types\/page"}],"author":[{"embeddable":true,"href":"https:\/\/ecoturbino.world\/de\/wp-json\/wp\/v2\/users\/2"}],"replies":[{"embeddable":true,"href":"https:\/\/ecoturbino.world\/de\/wp-json\/wp\/v2\/comments?post=1212"}],"version-history":[{"count":0,"href":"https:\/\/ecoturbino.world\/de\/wp-json\/wp\/v2\/pages\/1212\/revisions"}],"wp:featuredmedia":[{"embeddable":true,"href":"https:\/\/ecoturbino.world\/de\/wp-json\/wp\/v2\/media\/1680"}],"wp:attachment":[{"href":"https:\/\/ecoturbino.world\/de\/wp-json\/wp\/v2\/media?parent=1212"}],"curies":[{"name":"wp","href":"https:\/\/api.w.org\/{rel}","templated":true}]}}