{"id":1207,"date":"2024-01-01T11:58:41","date_gmt":"2024-01-01T10:58:41","guid":{"rendered":"https:\/\/ecoturbino.eu\/?page_id=1207"},"modified":"2025-12-29T22:44:51","modified_gmt":"2025-12-29T21:44:51","slug":"auswirkung-4","status":"publish","type":"page","link":"https:\/\/ecoturbino.world\/de\/impact-4\/","title":{"rendered":"Ausreichender Wasserdruck in der Dusche f\u00fcr alle (in Haushalten kein Thema)"},"content":{"rendered":"<section class=\"section zindex1\" id=\"section_1302413974\">\n\t\t<div class=\"section-bg fill\" >\n\t\t\t\t\t\t\t\t\t\n\t\t\t\n\n\t\t<\/div>\n\n\t\t\n\n\t\t<div class=\"section-content relative\">\n\t\t\t\n<div class=\"row row-small\"  id=\"row-1097772709\">\n\n\t<div id=\"col-883307624\" class=\"col medium-9 small-12 large-9\"  >\n\t\t\t\t<div class=\"col-inner\"  >\n\t\t\t\n\t\t\t\n<h1 class=\"uppercase\">Ausreichender Wasserdruck f\u00fcr alle (nur f\u00fcr Unternehmen)<\/h1>\n<h3 class=\"thin-font\">die vierte Auswirkung des wassersparenden ecoturbino\u00ae-Umweltschutzsystems<\/h3>\n<div class=\"row\"  id=\"row-2033569038\">\n\n\t<div id=\"col-1517681042\" class=\"col medium-11 small-12 large-11\"  >\n\t\t\t\t<div class=\"col-inner\"  >\n\t\t\t\n\t\t\t\n\t<div id=\"stack-81051595\" class=\"stack stack-row justify-start items-start\">\n\t\t\n\t<div class=\"img has-hover x md-x lg-x y md-y lg-y\" id=\"image_2077985266\">\n\t\t<a class=\"\" href=\"\/de\/auswirkung-1\/\" >\t\t\t\t\t\t<div class=\"img-inner image-color dark\" >\n\t\t\t<img decoding=\"async\" width=\"100\" height=\"100\" src=\"https:\/\/ecoturbino.world\/wp-content\/uploads\/2024\/01\/impact1.svg\" class=\"attachment-original size-original\" alt=\"\" \/>\t\t\t\t\t\t\n\t\t\t\t\t<\/div>\n\t\t\t\t\t\t<\/a>\t\t\n<style>\n#image_2077985266 {\n  width: 100%;\n}\n<\/style>\n\t<\/div>\n\t\n\t<div class=\"img has-hover x md-x lg-x y md-y lg-y\" id=\"image_1160595453\">\n\t\t<a class=\"\" href=\"\/de\/auswirkung-2\/\" >\t\t\t\t\t\t<div class=\"img-inner image-color dark\" >\n\t\t\t<img decoding=\"async\" width=\"100\" height=\"100\" src=\"https:\/\/ecoturbino.world\/wp-content\/uploads\/2024\/01\/impact2.svg\" class=\"attachment-original size-original\" alt=\"\" \/>\t\t\t\t\t\t\n\t\t\t\t\t<\/div>\n\t\t\t\t\t\t<\/a>\t\t\n<style>\n#image_1160595453 {\n  width: 100%;\n}\n<\/style>\n\t<\/div>\n\t\n\t<div class=\"img has-hover x md-x lg-x y md-y lg-y\" id=\"image_1958667388\">\n\t\t<a class=\"\" href=\"\/de\/auswirkung-3\/\" >\t\t\t\t\t\t<div class=\"img-inner image-color dark\" >\n\t\t\t<img decoding=\"async\" width=\"100\" height=\"100\" src=\"https:\/\/ecoturbino.world\/wp-content\/uploads\/2024\/01\/impact3.svg\" class=\"attachment-original size-original\" alt=\"Auswirkungen 3 von ecoturbino\" \/>\t\t\t\t\t\t\n\t\t\t\t\t<\/div>\n\t\t\t\t\t\t<\/a>\t\t\n<style>\n#image_1958667388 {\n  width: 100%;\n}\n<\/style>\n\t<\/div>\n\t\n\t<div class=\"img has-hover x md-x lg-x y md-y lg-y\" id=\"image_7736344\">\n\t\t\t\t\t\t\t\t<div class=\"img-inner dark\" >\n\t\t\t<img decoding=\"async\" width=\"100\" height=\"100\" src=\"https:\/\/ecoturbino.world\/wp-content\/uploads\/2024\/01\/impact4.svg\" class=\"attachment-original size-original\" alt=\"Auswirkungen 4 von ecoturbino\" \/>\t\t\t\t\t\t\n\t\t\t\t\t<\/div>\n\t\t\t\t\t\t\t\t\n<style>\n#image_7736344 {\n  width: 100%;\n}\n<\/style>\n\t<\/div>\n\t\n\t<div class=\"img has-hover x md-x lg-x y md-y lg-y\" id=\"image_1974487026\">\n\t\t<a class=\"\" href=\"\/de\/auswirkung-5\/\" >\t\t\t\t\t\t<div class=\"img-inner image-color dark\" >\n\t\t\t<img decoding=\"async\" width=\"100\" height=\"100\" src=\"https:\/\/ecoturbino.world\/wp-content\/uploads\/2024\/01\/impact5.svg\" class=\"attachment-original size-original\" alt=\"\" \/>\t\t\t\t\t\t\n\t\t\t\t\t<\/div>\n\t\t\t\t\t\t<\/a>\t\t\n<style>\n#image_1974487026 {\n  width: 100%;\n}\n<\/style>\n\t<\/div>\n\t\n\t<div class=\"img has-hover x md-x lg-x y md-y lg-y\" id=\"image_377956516\">\n\t\t<a class=\"\" href=\"\/de\/auswirkung-6\/\" >\t\t\t\t\t\t<div class=\"img-inner image-color dark\" >\n\t\t\t<img decoding=\"async\" width=\"100\" height=\"100\" src=\"https:\/\/ecoturbino.world\/wp-content\/uploads\/2024\/01\/impact6.svg\" class=\"attachment-original size-original\" alt=\"Auswirkungen 6 von ecoturbino\" \/>\t\t\t\t\t\t\n\t\t\t\t\t<\/div>\n\t\t\t\t\t\t<\/a>\t\t\n<style>\n#image_377956516 {\n  width: 100%;\n}\n<\/style>\n\t<\/div>\n\t\n\t<div class=\"img has-hover x md-x lg-x y md-y lg-y\" id=\"image_2023266733\">\n\t\t<a class=\"\" href=\"\/de\/auswirkung-7\/\" >\t\t\t\t\t\t<div class=\"img-inner image-color dark\" >\n\t\t\t<img decoding=\"async\" width=\"100\" height=\"100\" src=\"https:\/\/ecoturbino.world\/wp-content\/uploads\/2024\/01\/impact7.svg\" class=\"attachment-original size-original\" alt=\"Auswirkungen 7 von ecoturbino\" \/>\t\t\t\t\t\t\n\t\t\t\t\t<\/div>\n\t\t\t\t\t\t<\/a>\t\t\n<style>\n#image_2023266733 {\n  width: 100%;\n}\n<\/style>\n\t<\/div>\n\t\n\t\t\n<style>\n#stack-81051595 > * {\n  --stack-gap: 0.5rem;\n}\n@media (min-width:550px) {\n  #stack-81051595 > * {\n    --stack-gap: 1rem;\n  }\n}\n<\/style>\n\t<\/div>\n\t\n\t\t<\/div>\n\t\t\t\t\t<\/div>\n\n\t\n<\/div>\n\t\t<\/div>\n\t\t\t\t\t<\/div>\n\n\t\n\n\t<div id=\"col-505708203\" class=\"col medium-3 small-12 large-3\"  >\n\t\t\t\t<div class=\"col-inner\"  >\n\t\t\t\n\t\t\t\n\t<div class=\"img has-hover x md-x lg-x y md-y lg-y\" id=\"image_109300403\">\n\t\t\t\t\t\t\t\t<div class=\"img-inner dark\" >\n\t\t\t<img decoding=\"async\" width=\"100\" height=\"100\" src=\"https:\/\/ecoturbino.world\/wp-content\/uploads\/2024\/01\/impact4.svg\" class=\"attachment-original size-original\" alt=\"Auswirkungen 4 von ecoturbino\" \/>\t\t\t\t\t\t\n\t\t\t\t\t<\/div>\n\t\t\t\t\t\t\t\t\n<style>\n#image_109300403 {\n  width: 100%;\n}\n<\/style>\n\t<\/div>\n\t\n\t\t<\/div>\n\t\t\t\t\t<\/div>\n\n\t\n<\/div>\n<div class=\"row\"  id=\"row-113173901\">\n\n\t<div id=\"col-1716141464\" class=\"col small-12 large-12\"  >\n\t\t\t\t<div class=\"col-inner\"  >\n\t\t\t\n\t\t\t\n<div class=\"is-divider divider clearfix\" style=\"max-width:100%;height:1px;\"><\/div>\n<h3><span style=\"font-size: 120%;\">Effektive Duschl\u00f6sungen f\u00fcr Hotels, <a href=\"https:\/\/ecoturbino.world\/de\/verzeichniswelt\/kategorien\/studentenwohnheime\/\" target=\"_blank\" rel=\"noopener\">Studentenwohnheime<\/a>Clubs und Fitnessstudios: ecoturbino f\u00fcr mehr Kundenzufriedenheit<\/span><\/h3>\n<p>Unter <strong>In Hotels, Clubs und Fitnesszentren kann die Warmwasserversorgung oft zu einem echten Problem werden,<\/strong> insbesondere wenn alle G\u00e4ste oder Mitglieder <strong>zur gleichen Zeit duschen wollen<\/strong>. Nach dem Sport, dem Skifahren oder vor dem Abendessen eilen die Menschen zu den Duschen, und die<a href=\"https:\/\/en.wikipedia.org\/wiki\/Plumbing#Water_pipes\" target=\"_blank\" rel=\"noopener sponsored\"> Wasserleitungen<\/a> kann nur bieten<strong> begrenzte Wasserkapazit\u00e4t.<\/strong><\/p>\n<blockquote>\n<p>Wenn zu viele Menschen gleichzeitig duschen, sinkt der Wasserdruck erheblich, und das Duscherlebnis ist ruiniert. Dies f\u00fchrt zu unzufriedenen Kunden oder G\u00e4sten und kann sich negativ auf den Ruf der Einrichtung auswirken.<\/p>\n<\/blockquote>\n<p>Dies ist der Ort, an dem die <strong>kommt die innovative Technologie von ecoturbino ins Spiel,<\/strong> Reduzierung des Wasserverbrauchs in den Duschen um 40 Prozent, Aufrechterhaltung des Wasserdrucks und Gew\u00e4hrleistung zufriedener Kunden und G\u00e4ste.<\/p>\n\t<div id=\"gap-2008816357\" class=\"gap-element clearfix\" style=\"display:block; height:auto;\">\n\t\t\n<style>\n#gap-2008816357 {\n  padding-top: 30px;\n}\n<\/style>\n\t<\/div>\n\t\n<div class=\"row\"  id=\"row-47994829\">\n\n\t<div id=\"col-1013452806\" class=\"col medium-4 small-12 large-4\"  >\n\t\t\t\t<div class=\"col-inner\"  >\n\t\t\t\n\t\t\t\n\t<div class=\"img has-hover radius10 x md-x lg-x y md-y lg-y\" id=\"image_1196801045\">\n\t\t\t\t\t\t\t\t<div class=\"img-inner dark\" >\n\t\t\t<img decoding=\"async\" width=\"600\" height=\"600\" src=\"https:\/\/ecoturbino.world\/wp-content\/uploads\/2024\/01\/hotel-floor_600.webp\" class=\"attachment-original size-original\" alt=\"Hotel-Etagen-Symbol\" srcset=\"https:\/\/ecoturbino.world\/wp-content\/uploads\/2024\/01\/hotel-floor_600.webp 600w, https:\/\/ecoturbino.world\/wp-content\/uploads\/2024\/01\/hotel-floor_600-500x500.webp 500w, https:\/\/ecoturbino.world\/wp-content\/uploads\/2024\/01\/hotel-floor_600-32x32.webp 32w, https:\/\/ecoturbino.world\/wp-content\/uploads\/2024\/01\/hotel-floor_600-48x48.webp 48w, https:\/\/ecoturbino.world\/wp-content\/uploads\/2024\/01\/hotel-floor_600-80x80.webp 80w, https:\/\/ecoturbino.world\/wp-content\/uploads\/2024\/01\/hotel-floor_600-180x180.webp 180w\" sizes=\"(max-width: 600px) 100vw, 600px\" \/>\t\t\t\t\t\t\n\t\t\t\t\t<\/div>\n\t\t\t\t\t\t\t\t\n<style>\n#image_1196801045 {\n  width: 100%;\n}\n<\/style>\n\t<\/div>\n\t\n\t\t<\/div>\n\t\t\t\t\t<\/div>\n\n\t\n\n\t<div id=\"col-4791191\" class=\"col medium-8 small-12 large-8\"  >\n\t\t\t\t<div class=\"col-inner\"  >\n\t\t\t\n\t\t\t\n<h3>Das Problem der begrenzten Wasserkapazit\u00e4t<\/h3>\n<p>Die begrenzte Wasserkapazit\u00e4t von Leitungen und Warmwasserversorgungssystemen in Hotels, Clubs und Fitnesscentern ist ein h\u00e4ufiges Problem, das <strong>kann zu frustrierenden Situationen f\u00fchren.<\/strong><\/p>\n<p>Wenn alle wollen <strong>gleichzeitig zu duschen, kann der Wasserdruck abfallen<\/strong> so sehr, dass der Wasserstrahl nur noch ein Rinnsal ist. Die Freude am Duschen geht verloren, und <strong>G\u00e4ste oder Mitglieder sind entt\u00e4uscht<\/strong>. Dies kann die Kundenzufriedenheit beeintr\u00e4chtigen und dem Ruf der Einrichtung schaden.<\/p>\n<ul>\n<li><strong>Lange Korridore:<\/strong> Oft sind viele R\u00e4ume an ein einziges Rohr angeschlossen, und ein erh\u00f6hter Wasserverbrauch in der N\u00e4he der Eintrittsstelle des Rohrs f\u00fchrt h\u00e4ufig zu <strong>Unterversorgung an weit entfernten Verbrauchsstellen,<\/strong> ein h\u00e4ufiges Problem in \u00e4lteren Geb\u00e4uden. Die L\u00f6sung: Die Nachr\u00fcstung des ecoturbino-Systems sorgt f\u00fcr eine gleichm\u00e4\u00dfige Wasserverteilung an allen Entnahmestellen - auch in mehrst\u00f6ckigen Geb\u00e4uden!<\/li>\n<li>Die einfache L\u00f6sung: ecoturbino System<\/li>\n<\/ul>\n\t\t<\/div>\n\t\t\t\t\t<\/div>\n\n\t\n<\/div>\n\t<div id=\"gap-1762125224\" class=\"gap-element clearfix\" style=\"display:block; height:auto;\">\n\t\t\n<style>\n#gap-1762125224 {\n  padding-top: 30px;\n}\n<\/style>\n\t<\/div>\n\t\n<div class=\"row\"  id=\"row-860889842\">\n\n\t<div id=\"col-990977231\" class=\"col medium-6 small-12 large-6\"  >\n\t\t\t\t<div class=\"col-inner\" style=\"background-color:rgb(255,255,255);\" >\n\t\t\t\n\t\t\t\n<p>ecoturbino ist eine effektive L\u00f6sung f\u00fcr dieses weit verbreitete Problem. Die Technologie wurde entwickelt, um den Wasserverbrauch beim Duschen um beeindruckende 40 Prozent zu senken, ohne den Wasserdruck zu beeintr\u00e4chtigen. Hier sind einige der Vorteile, die ecoturbino f\u00fcr Hotels, Clubs und Fitnesszentren bietet:<\/p>\n<ul>\n<li><strong>Aufrechterhaltung des Wasserdrucks:<\/strong> ecoturbino sorgt daf\u00fcr, dass der Wasserdruck auch dann erhalten bleibt, wenn mehrere Personen gleichzeitig duschen. Das bedeutet, dass alle G\u00e4ste oder Mitglieder einen starken und angenehmen Wasserstrahl genie\u00dfen k\u00f6nnen, ohne dass sie aufgrund der begrenzten Wasserverf\u00fcgbarkeit Kompromisse eingehen m\u00fcssen.<\/li>\n<li><strong>Zufriedene Kunden und G\u00e4ste:<\/strong> ecoturbino garantiert zufriedene Kunden und G\u00e4ste. Sie k\u00f6nnen ihr Duscherlebnis in vollen Z\u00fcgen genie\u00dfen, ohne sich Gedanken \u00fcber den Wasserdruck zu machen. Dies f\u00fchrt zu <strong>positive Mundpropaganda<\/strong> und st\u00e4rkt den Ruf der Einrichtung.<\/li>\n<li><strong>Wassereinsparungen:<\/strong> Trotz Aufrechterhaltung des Wasserdrucks, <strong>ecoturbino reduziert den Wasserverbrauch erheblich.<\/strong> Dies tr\u00e4gt zur Schonung der Wasserressourcen bei und senkt gleichzeitig die Wasserkosten.<\/li>\n<li><strong>Energieeinsparung:<\/strong> Da weniger Wasser erhitzt werden muss, um warmes Duschwasser bereitzustellen, werden auch die Energiekosten gesenkt. Das ist nicht nur gut f\u00fcr die Umwelt, sondern auch f\u00fcr das Budget der Einrichtung.<\/li>\n<li><strong>Einfache Installation:<\/strong> ecoturbino kann einfach und kosteng\u00fcnstig installiert werden, ohne dass umfangreiche Renovierungsarbeiten notwendig sind. Die Investition macht sich durch die erzielten Einsparungen schnell bezahlt.<\/li>\n<\/ul>\n\t\t<\/div>\n\t\t\t\t\n<style>\n#col-990977231 > .col-inner {\n  padding: 15px 15px 15px 15px;\n  border-radius: 10px;\n}\n<\/style>\n\t<\/div>\n\n\t\n\n\t<div id=\"col-1929843884\" class=\"col medium-6 small-12 large-6\"  >\n\t\t\t\t<div class=\"col-inner\" style=\"background-color:#c0d63d;\" >\n\t\t\t\n\t\t\t\n\t<div id=\"text-1867086472\" class=\"text\">\n\t\t\n<h4 class=\"uppercase\">SCHLUSSFOLGERUNG<\/h4>\n\t\t\n<style>\n#text-1867086472 {\n  font-size: 2rem;\n  text-align: right;\n  color: rgb(255, 255, 255);\n}\n#text-1867086472 > * {\n  color: rgb(255, 255, 255);\n}\n@media (min-width:550px) {\n  #text-1867086472 {\n    font-size: 3.5rem;\n    text-align: right;\n  }\n}\n<\/style>\n\t<\/div>\n\t\n<h3>Mehr Zufriedenheit, weniger Kosten<\/h3>\n<p>Die ecoturbino-Technologie ist ein<strong> ideale L\u00f6sung f\u00fcr Hotels, Clubs und Fitnesszentren<\/strong>sowie f\u00fcr alle, die mit begrenzter Wasserkapazit\u00e4t zu tun haben. Es ist nicht nur <strong>sorgt f\u00fcr zufriedene Kunden und G\u00e4ste<\/strong> sondern erm\u00f6glicht auch erhebliche Wassereinsparungen und geringere Energiekosten.<\/p>\n<p>Mit ecoturbino k\u00f6nnen die Einrichtungen ihre Dienstleistungen verbessern und gleichzeitig die Kosten senken - eine Win-Win-Situation f\u00fcr alle.<\/p>\n\t\t<\/div>\n\t\t\t\t\n<style>\n#col-1929843884 > .col-inner {\n  padding: 10px 20px 1px 25px;\n  border-radius: 10px;\n}\n<\/style>\n\t<\/div>\n\n\t\n<\/div>\n\t\t<\/div>\n\t\t\t\t\n<style>\n#col-1716141464 > .col-inner {\n  margin: 0px 0px -125px 0px;\n}\n@media (min-width:550px) {\n  #col-1716141464 > .col-inner {\n    margin: 0px 0px -200px 0px;\n  }\n}\n<\/style>\n\t<\/div>\n\n\t\n<\/div>\n\t\t<\/div>\n\n\t\t\n<style>\n#section_1302413974 {\n  padding-top: 30px;\n  padding-bottom: 30px;\n}\n<\/style>\n\t<\/section>\n\t\n\n\t<section class=\"section\" id=\"section_539369628\">\n\t\t<div class=\"section-bg fill\" >\n\t\t\t<img decoding=\"async\" width=\"1920\" height=\"683\" src=\"https:\/\/ecoturbino.world\/wp-content\/uploads\/2025\/12\/ecoturbino-function_1920-1.webp\" class=\"bg attachment- size-\" alt=\"ecoturbino Funktion\" \/>\t\t\t\t\t\t<div class=\"section-bg-overlay absolute fill\"><\/div>\n\t\t\t\n\n\t\t<\/div>\n\n\t\t\t<div class=\"ux-shape-divider ux-shape-divider--top ux-shape-divider--style-waves-opacity\">\n\t\t<svg viewbox=\"0 0 1000 300\" xmlns=\"http:\/\/www.w3.org\/2000\/svg\" preserveaspectratio=\"none\">\n    <path class=\"ux-shape-fill\" d=\"M0 300L-1 69.71C216 57 299.47 198.86 403 226C506 253 577 196 660 197C740 198 790.09 234.07 874 267C935.23 291 982 282.61 1000 277.61V300H0Z\"\/>\n    <path class=\"ux-shape-fill\" opacity=\"0.5\" d=\"M1 265.094L0 50.5C217 37.79 300.47 186.36 404 213.5C507 240.5 578 196.5 661 197.5C741 198.5 787.59 239.57 871.5 272.5C932.73 296.5 980.5 284.5 998.5 279.5V298.5L1 265.094Z\"\/>\n    <path class=\"ux-shape-fill\" opacity=\"0.15\" d=\"M0.999878 244.094L-0.00012207 27C217 14.29 300.47 173.86 404 201C507 228 578 196 661 197C741 198 787.59 243.07 871.5 276C932.73 300 980.5 284.5 998.5 279.5V299L0.999878 244.094Z\"\/>\n<\/svg>\n\n\t<\/div>\n\n\n\t\t<div class=\"section-content relative\">\n\t\t\t\n\t\t<\/div>\n\n\t\t\n<style>\n#section_539369628 {\n  padding-top: 125px;\n  padding-bottom: 125px;\n}\n#section_539369628 .section-bg-overlay {\n  background-color: rgba(0, 0, 0, 0.25);\n}\n#section_539369628 .ux-shape-divider--top svg {\n  height: 80px;\n  --divider-top-width: 100%;\n}\n@media (min-width:550px) {\n  #section_539369628 {\n    padding-top: 300px;\n    padding-bottom: 300px;\n  }\n  #section_539369628 .ux-shape-divider--top svg {\n    height: 124px;\n  }\n}\n<\/style>\n\t<\/section>","protected":false},"excerpt":{"rendered":"","protected":false},"author":2,"featured_media":1688,"parent":0,"menu_order":0,"comment_status":"closed","ping_status":"closed","template":"page-blank.php","meta":{"inline_featured_image":false,"footnotes":""},"class_list":["post-1207","page","type-page","status-publish","has-post-thumbnail","hentry"],"_links":{"self":[{"href":"https:\/\/ecoturbino.world\/de\/wp-json\/wp\/v2\/pages\/1207","targetHints":{"allow":["GET"]}}],"collection":[{"href":"https:\/\/ecoturbino.world\/de\/wp-json\/wp\/v2\/pages"}],"about":[{"href":"https:\/\/ecoturbino.world\/de\/wp-json\/wp\/v2\/types\/page"}],"author":[{"embeddable":true,"href":"https:\/\/ecoturbino.world\/de\/wp-json\/wp\/v2\/users\/2"}],"replies":[{"embeddable":true,"href":"https:\/\/ecoturbino.world\/de\/wp-json\/wp\/v2\/comments?post=1207"}],"version-history":[{"count":0,"href":"https:\/\/ecoturbino.world\/de\/wp-json\/wp\/v2\/pages\/1207\/revisions"}],"wp:featuredmedia":[{"embeddable":true,"href":"https:\/\/ecoturbino.world\/de\/wp-json\/wp\/v2\/media\/1688"}],"wp:attachment":[{"href":"https:\/\/ecoturbino.world\/de\/wp-json\/wp\/v2\/media?parent=1207"}],"curies":[{"name":"wp","href":"https:\/\/api.w.org\/{rel}","templated":true}]}}