{"id":1202,"date":"2024-01-01T11:52:19","date_gmt":"2024-01-01T10:52:19","guid":{"rendered":"https:\/\/ecoturbino.eu\/?page_id=1202"},"modified":"2025-12-29T22:44:32","modified_gmt":"2025-12-29T21:44:32","slug":"auswirkung-3","status":"publish","type":"page","link":"https:\/\/ecoturbino.world\/de\/impact-3\/","title":{"rendered":"Ausreichend hei\u00dfes Wasser f\u00fcr alle Duschen zur gleichen Zeit"},"content":{"rendered":"<section class=\"section zindex1\" id=\"section_1358667760\">\n\t\t<div class=\"section-bg fill\" >\n\t\t\t\t\t\t\t\t\t\n\t\t\t\n\n\t\t<\/div>\n\n\t\t\n\n\t\t<div class=\"section-content relative\">\n\t\t\t\n<div class=\"row row-small\"  id=\"row-1026169765\">\n\n\t<div id=\"col-1419370514\" class=\"col medium-9 small-12 large-9\"  >\n\t\t\t\t<div class=\"col-inner\"  >\n\t\t\t\n\t\t\t\n<h1 class=\"uppercase\">Ausreichende Warmwasserversorgung f\u00fcr alle Duschen<\/h1>\n<h3 class=\"thin-font\">die dritte Auswirkung des wassersparenden ecoturbino\u00ae-Umweltschutzsystems<\/h3>\n<div class=\"row\"  id=\"row-1656764797\">\n\n\t<div id=\"col-400317951\" class=\"col medium-11 small-12 large-11\"  >\n\t\t\t\t<div class=\"col-inner\"  >\n\t\t\t\n\t\t\t\n\t<div id=\"stack-1933286804\" class=\"stack stack-row justify-start items-start\">\n\t\t\n\t<div class=\"img has-hover x md-x lg-x y md-y lg-y\" id=\"image_1975218951\">\n\t\t<a class=\"\" href=\"\/de\/auswirkung-1\/\" >\t\t\t\t\t\t<div class=\"img-inner image-color dark\" >\n\t\t\t<img decoding=\"async\" width=\"100\" height=\"100\" src=\"https:\/\/ecoturbino.world\/wp-content\/uploads\/2024\/01\/impact1.svg\" class=\"attachment-original size-original\" alt=\"\" \/>\t\t\t\t\t\t\n\t\t\t\t\t<\/div>\n\t\t\t\t\t\t<\/a>\t\t\n<style>\n#image_1975218951 {\n  width: 100%;\n}\n<\/style>\n\t<\/div>\n\t\n\t<div class=\"img has-hover x md-x lg-x y md-y lg-y\" id=\"image_297973091\">\n\t\t<a class=\"\" href=\"\/de\/auswirkung-2\/\" >\t\t\t\t\t\t<div class=\"img-inner image-color dark\" >\n\t\t\t<img decoding=\"async\" width=\"100\" height=\"100\" src=\"https:\/\/ecoturbino.world\/wp-content\/uploads\/2024\/01\/impact2.svg\" class=\"attachment-original size-original\" alt=\"\" \/>\t\t\t\t\t\t\n\t\t\t\t\t<\/div>\n\t\t\t\t\t\t<\/a>\t\t\n<style>\n#image_297973091 {\n  width: 100%;\n}\n<\/style>\n\t<\/div>\n\t\n\t<div class=\"img has-hover x md-x lg-x y md-y lg-y\" id=\"image_791668199\">\n\t\t\t\t\t\t\t\t<div class=\"img-inner dark\" >\n\t\t\t<img decoding=\"async\" width=\"100\" height=\"100\" src=\"https:\/\/ecoturbino.world\/wp-content\/uploads\/2024\/01\/impact3.svg\" class=\"attachment-original size-original\" alt=\"Auswirkungen 3 von ecoturbino\" \/>\t\t\t\t\t\t\n\t\t\t\t\t<\/div>\n\t\t\t\t\t\t\t\t\n<style>\n#image_791668199 {\n  width: 100%;\n}\n<\/style>\n\t<\/div>\n\t\n\t<div class=\"img has-hover x md-x lg-x y md-y lg-y\" id=\"image_1234086995\">\n\t\t<a class=\"\" href=\"\/de\/auswirkung-4\/\" >\t\t\t\t\t\t<div class=\"img-inner image-color dark\" >\n\t\t\t<img decoding=\"async\" width=\"100\" height=\"100\" src=\"https:\/\/ecoturbino.world\/wp-content\/uploads\/2024\/01\/impact4.svg\" class=\"attachment-original size-original\" alt=\"Auswirkungen 4 von ecoturbino\" \/>\t\t\t\t\t\t\n\t\t\t\t\t<\/div>\n\t\t\t\t\t\t<\/a>\t\t\n<style>\n#image_1234086995 {\n  width: 100%;\n}\n<\/style>\n\t<\/div>\n\t\n\t<div class=\"img has-hover x md-x lg-x y md-y lg-y\" id=\"image_2069360590\">\n\t\t<a class=\"\" href=\"\/de\/auswirkung-5\/\" >\t\t\t\t\t\t<div class=\"img-inner image-color dark\" >\n\t\t\t<img decoding=\"async\" width=\"100\" height=\"100\" src=\"https:\/\/ecoturbino.world\/wp-content\/uploads\/2024\/01\/impact5.svg\" class=\"attachment-original size-original\" alt=\"\" \/>\t\t\t\t\t\t\n\t\t\t\t\t<\/div>\n\t\t\t\t\t\t<\/a>\t\t\n<style>\n#image_2069360590 {\n  width: 100%;\n}\n<\/style>\n\t<\/div>\n\t\n\t<div class=\"img has-hover x md-x lg-x y md-y lg-y\" id=\"image_1525931224\">\n\t\t<a class=\"\" href=\"\/de\/auswirkung-6\/\" >\t\t\t\t\t\t<div class=\"img-inner image-color dark\" >\n\t\t\t<img decoding=\"async\" width=\"100\" height=\"100\" src=\"https:\/\/ecoturbino.world\/wp-content\/uploads\/2024\/01\/impact6.svg\" class=\"attachment-original size-original\" alt=\"Auswirkungen 6 von ecoturbino\" \/>\t\t\t\t\t\t\n\t\t\t\t\t<\/div>\n\t\t\t\t\t\t<\/a>\t\t\n<style>\n#image_1525931224 {\n  width: 100%;\n}\n<\/style>\n\t<\/div>\n\t\n\t<div class=\"img has-hover x md-x lg-x y md-y lg-y\" id=\"image_498981432\">\n\t\t<a class=\"\" href=\"\/de\/auswirkung-7\/\" >\t\t\t\t\t\t<div class=\"img-inner image-color dark\" >\n\t\t\t<img decoding=\"async\" width=\"100\" height=\"100\" src=\"https:\/\/ecoturbino.world\/wp-content\/uploads\/2024\/01\/impact7.svg\" class=\"attachment-original size-original\" alt=\"Auswirkungen 7 von ecoturbino\" \/>\t\t\t\t\t\t\n\t\t\t\t\t<\/div>\n\t\t\t\t\t\t<\/a>\t\t\n<style>\n#image_498981432 {\n  width: 100%;\n}\n<\/style>\n\t<\/div>\n\t\n\t\t\n<style>\n#stack-1933286804 > * {\n  --stack-gap: 0.5rem;\n}\n@media (min-width:550px) {\n  #stack-1933286804 > * {\n    --stack-gap: 1rem;\n  }\n}\n<\/style>\n\t<\/div>\n\t\n\t\t<\/div>\n\t\t\t\t\t<\/div>\n\n\t\n<\/div>\n\t\t<\/div>\n\t\t\t\t\t<\/div>\n\n\t\n\n\t<div id=\"col-1012422006\" class=\"col medium-3 small-12 large-3\"  >\n\t\t\t\t<div class=\"col-inner\"  >\n\t\t\t\n\t\t\t\n\t<div class=\"img has-hover x md-x lg-x y md-y lg-y\" id=\"image_1511014397\">\n\t\t\t\t\t\t\t\t<div class=\"img-inner dark\" >\n\t\t\t<img decoding=\"async\" width=\"100\" height=\"100\" src=\"https:\/\/ecoturbino.world\/wp-content\/uploads\/2024\/01\/impact3.svg\" class=\"attachment-original size-original\" alt=\"Auswirkungen 3 von ecoturbino\" \/>\t\t\t\t\t\t\n\t\t\t\t\t<\/div>\n\t\t\t\t\t\t\t\t\n<style>\n#image_1511014397 {\n  width: 100%;\n}\n<\/style>\n\t<\/div>\n\t\n\t\t<\/div>\n\t\t\t\t\t<\/div>\n\n\t\n<\/div>\n<div class=\"row\"  id=\"row-1266627571\">\n\n\t<div id=\"col-184501045\" class=\"col small-12 large-12\"  >\n\t\t\t\t<div class=\"col-inner\"  >\n\t\t\t\n\t\t\t\n<div class=\"is-divider divider clearfix\" style=\"max-width:100%;height:1px;\"><\/div>\n<h3><span style=\"font-size: 120%;\">Kleinheizkessel und Warmwasserversorgung f\u00fcr jedermann | Problem und L\u00f6sung mit ecoturbino<\/span><\/h3>\n<p>Die Frage der <strong>die Warmwasserversorgung wird oft \u00fcbersehen<\/strong> bleibt aber in vielen F\u00e4llen ein entscheidendes Element f\u00fcr Komfort und Lebensqualit\u00e4t <strong>Haushalte, <a href=\"https:\/\/ecoturbino.world\/de\/verzeichniswelt\/kategorien\/sportzentrum-2\/\" target=\"_blank\" rel=\"noopener\">Fitnessstudios<\/a>Studentenwohnheime,<\/strong> und andere kommunale Einrichtungen.<\/p>\n<p>Insbesondere in Situationen, in denen <strong>kleine Heizkessel oder W\u00e4rmepumpen sind die einzige Quelle f\u00fcr Warmwasser,<\/strong> kann es zu Engp\u00e4ssen kommen, wenn alle gleichzeitig duschen wollen. Dieses Problem betrifft vor allem Familien in Einfamilienh\u00e4usern, Turnhallen und Gemeinschaftseinrichtungen.<\/p>\n<p>Dies ist der Ort, an dem die <strong>innovative Technologie von ecoturbino kommt ins Spiel<\/strong>nicht nur <strong>Reduzierung des Wasserverbrauchs beim Duschen um beeindruckende 40 Prozent<\/strong> sondern auch ganz allgemein eine ausreichende Versorgung mit Warmwasser f\u00fcr alle und zahlreiche Vorteile bietet.<\/p>\n<blockquote>\n<p>Die Dauer der Verf\u00fcgbarkeit von Warmwasser zum Duschen wird um 40% verl\u00e4ngert.<\/p>\n<\/blockquote>\n\t<div id=\"gap-1600517606\" class=\"gap-element clearfix\" style=\"display:block; height:auto;\">\n\t\t\n<style>\n#gap-1600517606 {\n  padding-top: 30px;\n}\n<\/style>\n\t<\/div>\n\t\n<div class=\"row\"  id=\"row-726163772\">\n\n\t<div id=\"col-1638134328\" class=\"col medium-4 small-12 large-4\"  >\n\t\t\t\t<div class=\"col-inner\"  >\n\t\t\t\n\t\t\t\n\t<div class=\"img has-hover radius10 x md-x lg-x y md-y lg-y\" id=\"image_1982824675\">\n\t\t\t\t\t\t\t\t<div class=\"img-inner dark\" >\n\t\t\t<img decoding=\"async\" width=\"600\" height=\"600\" src=\"https:\/\/ecoturbino.world\/wp-content\/uploads\/2024\/01\/setting-temp_600.webp\" class=\"attachment-original size-original\" alt=\"Symbol f\u00fcr die Einstellung der Temperatur\" srcset=\"https:\/\/ecoturbino.world\/wp-content\/uploads\/2024\/01\/setting-temp_600.webp 600w, https:\/\/ecoturbino.world\/wp-content\/uploads\/2024\/01\/setting-temp_600-500x500.webp 500w, https:\/\/ecoturbino.world\/wp-content\/uploads\/2024\/01\/setting-temp_600-32x32.webp 32w, https:\/\/ecoturbino.world\/wp-content\/uploads\/2024\/01\/setting-temp_600-48x48.webp 48w, https:\/\/ecoturbino.world\/wp-content\/uploads\/2024\/01\/setting-temp_600-80x80.webp 80w, https:\/\/ecoturbino.world\/wp-content\/uploads\/2024\/01\/setting-temp_600-180x180.webp 180w\" sizes=\"(max-width: 600px) 100vw, 600px\" \/>\t\t\t\t\t\t\n\t\t\t\t\t<\/div>\n\t\t\t\t\t\t\t\t\n<style>\n#image_1982824675 {\n  width: 100%;\n}\n<\/style>\n\t<\/div>\n\t\n\t\t<\/div>\n\t\t\t\t\t<\/div>\n\n\t\n\n\t<div id=\"col-1354264362\" class=\"col medium-8 small-12 large-8\"  >\n\t\t\t\t<div class=\"col-inner\"  >\n\t\t\t\n\t\t\t\n<h3>Das Problem mit kleinen Kesseln und <a href=\"https:\/\/en.wikipedia.org\/wiki\/Heat_pump\" target=\"_blank\" rel=\"noopener sponsored\">W\u00e4rmepumpen<\/a><\/h3>\n<p>In vielen Wohnheimen und kommunalen Einrichtungen, <strong>Warmwasserversorgungssysteme sind oft unterdimensioniert<\/strong> aufgrund von begrenzten Ressourcen oder Platzmangel.<\/p>\n<p>Bei kleinen Heizkesseln oder W\u00e4rmepumpen kann es zu Schwierigkeiten kommen, <strong>vor allem, wenn viele Menschen gleichzeitig duschen wollen.<\/strong> Dies f\u00fchrt oft zu unangenehmen Situationen, in denen das Warmwasser knapp wird oder sogar ganz ausgeht.<\/p>\n<p>Die Familienmitglieder m\u00fcssen sich beim Duschen beeilen oder auf mehr hei\u00dfes Wasser warten, <strong>Fitnessstudio-Kunden werden frustriert,<\/strong> und der Gesamtkomfort wird erheblich beeintr\u00e4chtigt.<\/p>\n\t\t<\/div>\n\t\t\t\t\t<\/div>\n\n\t\n<\/div>\n\t<div id=\"gap-979346102\" class=\"gap-element clearfix\" style=\"display:block; height:auto;\">\n\t\t\n<style>\n#gap-979346102 {\n  padding-top: 30px;\n}\n<\/style>\n\t<\/div>\n\t\n<div class=\"row\"  id=\"row-964620281\">\n\n\t<div id=\"col-1653667317\" class=\"col medium-6 small-12 large-6\"  >\n\t\t\t\t<div class=\"col-inner\" style=\"background-color:rgb(255,255,255);\" >\n\t\t\t\n\t\t\t\n<h3>Die L\u00f6sung \"Angemessenes Warmwasser f\u00fcr alle\" = ecoturbino<\/h3>\n<p>Die ecoturbino-Technologie bietet eine<strong> wirksame L\u00f6sung f\u00fcr dieses weit verbreitete Problem<\/strong>. Sie ist konzipiert f\u00fcr <strong>drastische Reduzierung des Wasserverbrauchs beim Duschen<\/strong> ohne den Duschkomfort zu beeintr\u00e4chtigen. Hier sind einige der Vorteile, die ecoturbino f\u00fcr alle bietet:<\/p>\n<ul>\n<li><strong>Reduziert (HOT) - Wasserverbrauch:<\/strong> ecoturbino kann den Wasserverbrauch um beeindruckende 40 Prozent senken. Das bedeutet, dass weniger Wasser erhitzt werden muss, um warmes Wasser zum Duschen bereitzustellen, oder dass die vorhandene Menge f\u00fcr viel mehr Duschvorg\u00e4nge ausreicht. Dies f\u00fchrt zu einer erheblichen Einsparung von Energie- und Wasserressourcen.<\/li>\n<\/ul>\n<blockquote>\n<p>Ausreichend Warmwasser f\u00fcr alle: Durch die Reduzierung des Wasserverbrauchs sorgt ecoturbino daf\u00fcr, dass gen\u00fcgend Warmwasser f\u00fcr alle zur Verf\u00fcgung steht, auch wenn mehrere Personen gleichzeitig duschen wollen. Das Problem der begrenzten Kapazit\u00e4t von kleinen Heizkesseln oder W\u00e4rmepumpen wird effektiv gel\u00f6st.<\/p>\n<\/blockquote>\n<ul>\n<li><strong>Schnelle R\u00fcckzahlung:<\/strong> Die Installation von ecoturbino ist einfach und kosteng\u00fcnstig. Die Einsparungen bei den Energie- und Wasserkosten machen die Investition in kurzer Zeit rentabel. F\u00fcr Familien, Fitnessstudios und andere Einrichtungen zahlt sich ecoturbino schnell aus.<\/li>\n<li><strong>Umweltfreundlich:<\/strong> Durch die Reduzierung des Wasserverbrauchs tr\u00e4gt ecoturbino zur Schonung der Wasserressourcen und zur Verringerung der CO2-Emissionen bei. Das ist nicht nur gut f\u00fcr Ihren Geldbeutel, sondern auch f\u00fcr die Umwelt.<\/li>\n<li><strong>Erh\u00f6hter Duschkomfort:<\/strong> Trotz Reduzierung des Wasserverbrauchs, <strong>ecoturbino bietet weiterhin ein unver\u00e4ndertes, angenehmes und entspannendes Duscherlebnis<\/strong>. Die Technologie sorgt daf\u00fcr, dass der Wasserstrom stark und angenehm bleibt, ohne dabei verschwenderisch zu sein (Druckverst\u00e4rkungsprinzip ohne externe Energie).<\/li>\n<\/ul>\n\t\t<\/div>\n\t\t\t\t\n<style>\n#col-1653667317 > .col-inner {\n  padding: 5px 15px 15px 15px;\n  border-radius: 10px;\n}\n<\/style>\n\t<\/div>\n\n\t\n\n\t<div id=\"col-725570781\" class=\"col medium-6 small-12 large-6\"  >\n\t\t\t\t<div class=\"col-inner\" style=\"background-color:#c0d63d;\" >\n\t\t\t\n\t\t\t\n\t<div id=\"text-2953024350\" class=\"text\">\n\t\t\n<h4 class=\"uppercase\">SCHLUSSFOLGERUNG<\/h4>\n\t\t\n<style>\n#text-2953024350 {\n  font-size: 2rem;\n  text-align: right;\n  color: rgb(255,255,255);\n}\n#text-2953024350 > * {\n  color: rgb(255,255,255);\n}\n@media (min-width:850px) {\n  #text-2953024350 {\n    font-size: 3.5rem;\n  }\n}\n<\/style>\n\t<\/div>\n\t\n<h3>Vorteile f\u00fcr alle dank des ecoturbino-Systems<\/h3>\n<p>Die ecoturbino-Technologie ist ein <strong>Win-Win-L\u00f6sung f\u00fcr alle<\/strong> Umgang mit begrenzten Warmwasserressourcen. Es <strong>reduziert den Wasserverbrauch und sorgt f\u00fcr ausreichend warmes Wasser f\u00fcr alle,<\/strong> und bietet zahlreiche Vorteile in Bezug auf Kosteneinsparungen, Umweltfreundlichkeit und Duschkomfort.<\/p>\n<blockquote>\n<p>Ob in Einfamilienh\u00e4usern, Turnhallen oder anderen Gemeinschaftseinrichtungen, ecoturbino sorgt f\u00fcr eine effiziente und zufriedenstellende Warmwasserversorgung f\u00fcr alle.<\/p>\n<\/blockquote>\n<p>Sollte ein <strong>vorhandenen Abfluss zu klein sein,<\/strong> ecoturbino kann auch bei diesem Problem helfen. Statt \u00dcberschwemmung ist der Einsatz unserer Produkte <strong>oft ausreichend, um ein \u00dcberlaufen zu verhindern,<\/strong> so dass nur 60% der Abflusskapazit\u00e4t ben\u00f6tigt wird - ein \u00dcberlaufen kann oft verhindert werden.<\/p>\n\t\t<\/div>\n\t\t\t\t\n<style>\n#col-725570781 > .col-inner {\n  padding: 10px 20px 1px 25px;\n  border-radius: 10px;\n}\n<\/style>\n\t<\/div>\n\n\t\n<\/div>\n\t\t<\/div>\n\t\t\t\t\n<style>\n#col-184501045 > .col-inner {\n  margin: 0px 0px -125px 0px;\n}\n@media (min-width:550px) {\n  #col-184501045 > .col-inner {\n    margin: 0px 0px -200px 0px;\n  }\n}\n<\/style>\n\t<\/div>\n\n\t\n<\/div>\n\t\t<\/div>\n\n\t\t\n<style>\n#section_1358667760 {\n  padding-top: 30px;\n  padding-bottom: 30px;\n}\n<\/style>\n\t<\/section>\n\t\n\n\t<section class=\"section\" id=\"section_1812537506\">\n\t\t<div class=\"section-bg fill\" >\n\t\t\t<img decoding=\"async\" width=\"1920\" height=\"683\" src=\"https:\/\/ecoturbino.world\/wp-content\/uploads\/2025\/12\/ecoturbino-function_1920-1.webp\" class=\"bg attachment- size-\" alt=\"ecoturbino Funktion\" \/>\t\t\t\t\t\t<div class=\"section-bg-overlay absolute fill\"><\/div>\n\t\t\t\n\n\t\t<\/div>\n\n\t\t\t<div class=\"ux-shape-divider ux-shape-divider--top ux-shape-divider--style-waves-opacity\">\n\t\t<svg viewbox=\"0 0 1000 300\" xmlns=\"http:\/\/www.w3.org\/2000\/svg\" preserveaspectratio=\"none\">\n    <path class=\"ux-shape-fill\" d=\"M0 300L-1 69.71C216 57 299.47 198.86 403 226C506 253 577 196 660 197C740 198 790.09 234.07 874 267C935.23 291 982 282.61 1000 277.61V300H0Z\"\/>\n    <path class=\"ux-shape-fill\" opacity=\"0.5\" d=\"M1 265.094L0 50.5C217 37.79 300.47 186.36 404 213.5C507 240.5 578 196.5 661 197.5C741 198.5 787.59 239.57 871.5 272.5C932.73 296.5 980.5 284.5 998.5 279.5V298.5L1 265.094Z\"\/>\n    <path class=\"ux-shape-fill\" opacity=\"0.15\" d=\"M0.999878 244.094L-0.00012207 27C217 14.29 300.47 173.86 404 201C507 228 578 196 661 197C741 198 787.59 243.07 871.5 276C932.73 300 980.5 284.5 998.5 279.5V299L0.999878 244.094Z\"\/>\n<\/svg>\n\n\t<\/div>\n\n\n\t\t<div class=\"section-content relative\">\n\t\t\t\n\t\t<\/div>\n\n\t\t\n<style>\n#section_1812537506 {\n  padding-top: 125px;\n  padding-bottom: 125px;\n}\n#section_1812537506 .section-bg-overlay {\n  background-color: rgba(0, 0, 0, 0.25);\n}\n#section_1812537506 .ux-shape-divider--top svg {\n  height: 80px;\n  --divider-top-width: 100%;\n}\n@media (min-width:550px) {\n  #section_1812537506 {\n    padding-top: 250px;\n    padding-bottom: 250px;\n  }\n  #section_1812537506 .ux-shape-divider--top svg {\n    height: 124px;\n  }\n}\n<\/style>\n\t<\/section>","protected":false},"excerpt":{"rendered":"","protected":false},"author":2,"featured_media":1556,"parent":0,"menu_order":0,"comment_status":"closed","ping_status":"closed","template":"page-blank.php","meta":{"inline_featured_image":false,"footnotes":""},"class_list":["post-1202","page","type-page","status-publish","has-post-thumbnail","hentry"],"_links":{"self":[{"href":"https:\/\/ecoturbino.world\/de\/wp-json\/wp\/v2\/pages\/1202","targetHints":{"allow":["GET"]}}],"collection":[{"href":"https:\/\/ecoturbino.world\/de\/wp-json\/wp\/v2\/pages"}],"about":[{"href":"https:\/\/ecoturbino.world\/de\/wp-json\/wp\/v2\/types\/page"}],"author":[{"embeddable":true,"href":"https:\/\/ecoturbino.world\/de\/wp-json\/wp\/v2\/users\/2"}],"replies":[{"embeddable":true,"href":"https:\/\/ecoturbino.world\/de\/wp-json\/wp\/v2\/comments?post=1202"}],"version-history":[{"count":0,"href":"https:\/\/ecoturbino.world\/de\/wp-json\/wp\/v2\/pages\/1202\/revisions"}],"wp:featuredmedia":[{"embeddable":true,"href":"https:\/\/ecoturbino.world\/de\/wp-json\/wp\/v2\/media\/1556"}],"wp:attachment":[{"href":"https:\/\/ecoturbino.world\/de\/wp-json\/wp\/v2\/media?parent=1202"}],"curies":[{"name":"wp","href":"https:\/\/api.w.org\/{rel}","templated":true}]}}