{"id":1198,"date":"2024-01-01T11:46:22","date_gmt":"2024-01-01T10:46:22","guid":{"rendered":"https:\/\/ecoturbino.eu\/?page_id=1198"},"modified":"2024-01-16T00:49:38","modified_gmt":"2024-01-15T23:49:38","slug":"auswirkung-2","status":"publish","type":"page","link":"https:\/\/ecoturbino.world\/de\/impact-2\/","title":{"rendered":"Optimierte und sichtbare Hygiene in Duschen | Duschk\u00f6pfe"},"content":{"rendered":"<section class=\"section zindex1\" id=\"section_1306108303\">\n\t\t<div class=\"section-bg fill\" >\n\t\t\t\t\t\t\t\t\t\n\t\t\t\n\n\t\t<\/div>\n\n\t\t\n\n\t\t<div class=\"section-content relative\">\n\t\t\t\n<div class=\"row row-small\"  id=\"row-25658566\">\n\n\t<div id=\"col-487317816\" class=\"col medium-9 small-12 large-9\"  >\n\t\t\t\t<div class=\"col-inner\"  >\n\t\t\t\n\t\t\t\n<h1 class=\"uppercase\">Optimierte und sichtbare Hygiene IN DUSCHE &amp; BAD<\/h1>\n<h3 class=\"thin-font\">die zweite Auswirkung des wassersparenden ecoturbino\u00ae-Umweltschutzsystems<\/h3>\n<div class=\"row\"  id=\"row-1083823520\">\n\n\t<div id=\"col-2028785539\" class=\"col medium-11 small-12 large-11\"  >\n\t\t\t\t<div class=\"col-inner\"  >\n\t\t\t\n\t\t\t\n\t<div id=\"stack-3335933156\" class=\"stack stack-row justify-start items-start\">\n\t\t\n\t<div class=\"img has-hover x md-x lg-x y md-y lg-y\" id=\"image_1623721838\">\n\t\t<a class=\"\" href=\"\/de\/auswirkung-1\/\" >\t\t\t\t\t\t<div class=\"img-inner image-color dark\" >\n\t\t\t<img decoding=\"async\" width=\"100\" height=\"100\" src=\"https:\/\/ecoturbino.world\/wp-content\/uploads\/2024\/01\/impact1.svg\" class=\"attachment-original size-original\" alt=\"\" \/>\t\t\t\t\t\t\n\t\t\t\t\t<\/div>\n\t\t\t\t\t\t<\/a>\t\t\n<style>\n#image_1623721838 {\n  width: 100%;\n}\n<\/style>\n\t<\/div>\n\t\n\t<div class=\"img has-hover x md-x lg-x y md-y lg-y\" id=\"image_1909531584\">\n\t\t\t\t\t\t\t\t<div class=\"img-inner dark\" >\n\t\t\t<img decoding=\"async\" width=\"100\" height=\"100\" src=\"https:\/\/ecoturbino.world\/wp-content\/uploads\/2024\/01\/impact2.svg\" class=\"attachment-original size-original\" alt=\"\" \/>\t\t\t\t\t\t\n\t\t\t\t\t<\/div>\n\t\t\t\t\t\t\t\t\n<style>\n#image_1909531584 {\n  width: 100%;\n}\n<\/style>\n\t<\/div>\n\t\n\t<div class=\"img has-hover x md-x lg-x y md-y lg-y\" id=\"image_304820703\">\n\t\t<a class=\"\" href=\"\/de\/auswirkung-3\/\" >\t\t\t\t\t\t<div class=\"img-inner image-color dark\" >\n\t\t\t<img decoding=\"async\" width=\"100\" height=\"100\" src=\"https:\/\/ecoturbino.world\/wp-content\/uploads\/2024\/01\/impact3.svg\" class=\"attachment-original size-original\" alt=\"Auswirkungen 3 von ecoturbino\" \/>\t\t\t\t\t\t\n\t\t\t\t\t<\/div>\n\t\t\t\t\t\t<\/a>\t\t\n<style>\n#image_304820703 {\n  width: 100%;\n}\n<\/style>\n\t<\/div>\n\t\n\t<div class=\"img has-hover x md-x lg-x y md-y lg-y\" id=\"image_80292588\">\n\t\t<a class=\"\" href=\"\/de\/auswirkung-4\/\" >\t\t\t\t\t\t<div class=\"img-inner image-color dark\" >\n\t\t\t<img decoding=\"async\" width=\"100\" height=\"100\" src=\"https:\/\/ecoturbino.world\/wp-content\/uploads\/2024\/01\/impact4.svg\" class=\"attachment-original size-original\" alt=\"Auswirkungen 4 von ecoturbino\" \/>\t\t\t\t\t\t\n\t\t\t\t\t<\/div>\n\t\t\t\t\t\t<\/a>\t\t\n<style>\n#image_80292588 {\n  width: 100%;\n}\n<\/style>\n\t<\/div>\n\t\n\t<div class=\"img has-hover x md-x lg-x y md-y lg-y\" id=\"image_468980126\">\n\t\t<a class=\"\" href=\"\/de\/auswirkung-5\/\" >\t\t\t\t\t\t<div class=\"img-inner image-color dark\" >\n\t\t\t<img decoding=\"async\" width=\"100\" height=\"100\" src=\"https:\/\/ecoturbino.world\/wp-content\/uploads\/2024\/01\/impact5.svg\" class=\"attachment-original size-original\" alt=\"\" \/>\t\t\t\t\t\t\n\t\t\t\t\t<\/div>\n\t\t\t\t\t\t<\/a>\t\t\n<style>\n#image_468980126 {\n  width: 100%;\n}\n<\/style>\n\t<\/div>\n\t\n\t<div class=\"img has-hover x md-x lg-x y md-y lg-y\" id=\"image_479768971\">\n\t\t<a class=\"\" href=\"\/de\/auswirkung-6\/\" >\t\t\t\t\t\t<div class=\"img-inner image-color dark\" >\n\t\t\t<img decoding=\"async\" width=\"100\" height=\"100\" src=\"https:\/\/ecoturbino.world\/wp-content\/uploads\/2024\/01\/impact6.svg\" class=\"attachment-original size-original\" alt=\"Auswirkungen 6 von ecoturbino\" \/>\t\t\t\t\t\t\n\t\t\t\t\t<\/div>\n\t\t\t\t\t\t<\/a>\t\t\n<style>\n#image_479768971 {\n  width: 100%;\n}\n<\/style>\n\t<\/div>\n\t\n\t<div class=\"img has-hover x md-x lg-x y md-y lg-y\" id=\"image_1177489059\">\n\t\t<a class=\"\" href=\"\/de\/auswirkung-7\/\" >\t\t\t\t\t\t<div class=\"img-inner image-color dark\" >\n\t\t\t<img decoding=\"async\" width=\"100\" height=\"100\" src=\"https:\/\/ecoturbino.world\/wp-content\/uploads\/2024\/01\/impact7.svg\" class=\"attachment-original size-original\" alt=\"Auswirkungen 7 von ecoturbino\" \/>\t\t\t\t\t\t\n\t\t\t\t\t<\/div>\n\t\t\t\t\t\t<\/a>\t\t\n<style>\n#image_1177489059 {\n  width: 100%;\n}\n<\/style>\n\t<\/div>\n\t\n\t\t\n<style>\n#stack-3335933156 > * {\n  --stack-gap: 0.5rem;\n}\n@media (min-width:550px) {\n  #stack-3335933156 > * {\n    --stack-gap: 1rem;\n  }\n}\n<\/style>\n\t<\/div>\n\t\n\t\t<\/div>\n\t\t\t\t\t<\/div>\n\n\t\n<\/div>\n\t\t<\/div>\n\t\t\t\t\t<\/div>\n\n\t\n\n\t<div id=\"col-1166270287\" class=\"col medium-3 small-12 large-3\"  >\n\t\t\t\t<div class=\"col-inner\"  >\n\t\t\t\n\t\t\t\n\t<div class=\"img has-hover x md-x lg-x y md-y lg-y\" id=\"image_602985898\">\n\t\t\t\t\t\t\t\t<div class=\"img-inner dark\" >\n\t\t\t<img decoding=\"async\" width=\"100\" height=\"100\" src=\"https:\/\/ecoturbino.world\/wp-content\/uploads\/2024\/01\/impact2.svg\" class=\"attachment-original size-original\" alt=\"\" \/>\t\t\t\t\t\t\n\t\t\t\t\t<\/div>\n\t\t\t\t\t\t\t\t\n<style>\n#image_602985898 {\n  width: 100%;\n}\n<\/style>\n\t<\/div>\n\t\n\t\t<\/div>\n\t\t\t\t\t<\/div>\n\n\t\n<\/div>\n<div class=\"row\"  id=\"row-516430233\">\n\n\t<div id=\"col-1337397401\" class=\"col small-12 large-12\"  >\n\t\t\t\t<div class=\"col-inner\"  >\n\t\t\t\n\t\t\t\n<div class=\"is-divider divider clearfix\" style=\"max-width:100%;height:1px;\"><\/div>\n<h3><span style=\"font-size: 120%;\">Saubere Duschk\u00f6pfe und Schl\u00e4uche sind ein Muss f\u00fcr hygienisches Duschen in Hotels, Wohnungen, Sportanlagen usw.<\/span><\/h3>\n<p>Die <strong>Duscherlebnis<\/strong> spielt eine zentrale Rolle f\u00fcr unser Wohlbefinden, ob zu Hause, in Hotels oder anderen Unterk\u00fcnften.<\/p>\n<p>Eine entspannende Dusche am Morgen oder nach einem langen Tag kann den Unterschied zwischen einem guten und einem tollen Tag ausmachen. Aber was, wenn die <strong>Duschk\u00f6pfe und Schl\u00e4uche<\/strong> die wir verwenden, um uns zu reinigen, sind selbst <strong>mit Bakterien kontaminiert<\/strong>?<\/p>\n<p>Dieses Problem kann nicht nur <strong>unhygienisch<\/strong> sondern auch <strong>Gesundheitsrisiken bergen (Legionellenkontamination).<\/strong> Hier kommt die innovative Technologie von ecoturbino ins Spiel, die nicht nur <strong>Gew\u00e4hrleistung hygienisch sauberer Duschk\u00f6pfe und Schl\u00e4uche<\/strong> sondern auch die Minimierung des Reinigungsaufwands, die Verringerung von Kalk und Ablagerungen sowie die F\u00f6rderung der Gesundheit, insbesondere im Hinblick auf das Legionellenrisiko.<\/p>\n\t<div id=\"gap-843288703\" class=\"gap-element clearfix\" style=\"display:block; height:auto;\">\n\t\t\n<style>\n#gap-843288703 {\n  padding-top: 30px;\n}\n<\/style>\n\t<\/div>\n\t\n<div class=\"row\"  id=\"row-1227339705\">\n\n\t<div id=\"col-1695599775\" class=\"col medium-4 small-12 large-4\"  >\n\t\t\t\t<div class=\"col-inner\"  >\n\t\t\t\n\t\t\t\n\t<div class=\"img has-hover radius10 x md-x lg-x y md-y lg-y\" id=\"image_1914778751\">\n\t\t\t\t\t\t\t\t<div class=\"img-inner dark\" >\n\t\t\t<img decoding=\"async\" width=\"600\" height=\"600\" src=\"https:\/\/ecoturbino.world\/wp-content\/uploads\/2024\/01\/shower-head_600.webp\" class=\"attachment-original size-original\" alt=\"\" srcset=\"https:\/\/ecoturbino.world\/wp-content\/uploads\/2024\/01\/shower-head_600.webp 600w, https:\/\/ecoturbino.world\/wp-content\/uploads\/2024\/01\/shower-head_600-500x500.webp 500w, https:\/\/ecoturbino.world\/wp-content\/uploads\/2024\/01\/shower-head_600-32x32.webp 32w, https:\/\/ecoturbino.world\/wp-content\/uploads\/2024\/01\/shower-head_600-48x48.webp 48w, https:\/\/ecoturbino.world\/wp-content\/uploads\/2024\/01\/shower-head_600-80x80.webp 80w, https:\/\/ecoturbino.world\/wp-content\/uploads\/2024\/01\/shower-head_600-180x180.webp 180w\" sizes=\"(max-width: 600px) 100vw, 600px\" \/>\t\t\t\t\t\t\n\t\t\t\t\t<\/div>\n\t\t\t\t\t\t\t\t\n<style>\n#image_1914778751 {\n  width: 100%;\n}\n<\/style>\n\t<\/div>\n\t\n\t\t<\/div>\n\t\t\t\t\t<\/div>\n\n\t\n\n\t<div id=\"col-1646521557\" class=\"col medium-8 small-12 large-8\"  >\n\t\t\t\t<div class=\"col-inner\"  >\n\t\t\t\n\t\t\t\n<h3>Warum werden Duschk\u00f6pfe und Schl\u00e4uche mit Bakterien verunreinigt?<\/h3>\n<p>Duschk\u00f6pfe und Schl\u00e4uche sind aus mehreren Gr\u00fcnden anf\u00e4llig f\u00fcr bakterielle Verunreinigungen. Der Hauptgrund ist <strong>Stehendes Wasser.<\/strong> Wenn Wasser in den Rohren und im Duschkopf stagniert, sorgt es f\u00fcr eine <strong>idealer N\u00e4hrboden f\u00fcr Bakterien<\/strong> und andere Mikroorganismen.<\/p>\n<p>Wenn Duschk\u00f6pfe und Duschschl\u00e4uche nicht benutzt werden, z. B. im Urlaub, kann die Wassertemperatur in der <strong>Systeme steigt auf nat\u00fcrliche Weise auf Raumtemperatur an, was die Kontamination und das Legionellenwachstum erh\u00f6ht<\/strong> um ein Vielfaches - ein optimaler N\u00e4hrboden f\u00fcr Bakterien!<\/p>\n<p>Diese Bakterien k\u00f6nnen sich in der warmen und feuchten Umgebung schnell vermehren und k\u00f6nnen<strong> Gesundheitsprobleme verursachen (z. B. <a href=\"https:\/\/en.wikipedia.org\/wiki\/Pneumonia\" target=\"_blank\" rel=\"noopener sponsored\">Lungenentz\u00fcndung<\/a><\/strong>). Ein weiteres Problem ist die<strong> Bildung von Kalkablagerungen<\/strong> und andere Ablagerungen, die nicht nur unansehnlich aussehen, sondern auch <strong>die Leistung des Duschkopfes beeintr\u00e4chtigen<\/strong> und kann zu einer ungleichm\u00e4\u00dfigen Wasserverteilung f\u00fchren.<\/p>\n\t\t<\/div>\n\t\t\t\t\t<\/div>\n\n\t\n<\/div>\n<div class=\"row\"  id=\"row-2130550262\">\n\n\t<div id=\"col-314721970\" class=\"col medium-6 small-12 large-6\"  >\n\t\t\t\t<div class=\"col-inner\"  >\n\t\t\t\n\t\t\t\n<h3>Die L\u00f6sung f\u00fcr saubere Duschk\u00f6pfe und Schl\u00e4uche: ecoturbino\u00ae<\/h3>\n<p>Die Ecoturbino-Technologie bietet eine wirksame L\u00f6sung f\u00fcr diese Probleme. Sie ist so konzipiert, dass Duschk\u00f6pfe und Schl\u00e4uche kontinuierlich entleert werden, um stagnierendes Wasser zu vermeiden. Dies hat mehrere Vorteile:<\/p>\n<ul>\n<li><strong>Hygiene:<\/strong> Das kontinuierliche Ablassen von Duschk\u00f6pfen und Schl\u00e4uchen nach dem Duschen verringert das Risiko einer bakteriellen Verunreinigung erheblich. Da kein stehendes Wasser im Duschkopf vorhanden ist, haben Bakterien und Mikroorganismen keinen N\u00e4hrboden.<\/li>\n<li><strong>Aufwand f\u00fcr die Reinigung:<\/strong> Die l\u00e4stige Aufgabe, Duschk\u00f6pfe und Schl\u00e4uche regelm\u00e4\u00dfig zu reinigen, um Ablagerungen und Kalkablagerungen zu vermeiden, entf\u00e4llt weitgehend. Das spart Zeit und M\u00fche. Der Wartungsaufwand wird deutlich reduziert!<\/li>\n<li><strong>Kalkablagerungen und Ablagerungen:<\/strong> Die Ecoturbino-Technologie hilft auch, Kalk und Ablagerungen in Duschk\u00f6pfen und Schl\u00e4uchen zu reduzieren. Dies verl\u00e4ngert nicht nur die Lebensdauer der Duschausr\u00fcstung, sondern sorgt auch f\u00fcr einen gleichm\u00e4\u00dfigen Wasserfluss und optimale Leistung.<\/li>\n<li><strong>Gesundheit:<\/strong> Die Verringerung des Legionellenrisikos ist besonders wichtig. Legionellen sind Bakterien, die sich in stehendem Wasser vermehren und schwere Gesundheitsprobleme verursachen k\u00f6nnen, wenn sie \u00fcber Aerosole eingeatmet werden. Ecoturbino hilft, dieses Risiko zu minimieren und die Gesundheit der Nutzer zu sch\u00fctzen.<\/li>\n<li><strong>Visuelle Sauberkeit:<\/strong> Duschk\u00f6pfe, die durch die ecoturbino-Technologie kontinuierlich entw\u00e4ssert werden, bleiben immer optisch sauber und ansprechend. Dies tr\u00e4gt zur Gesamt\u00e4sthetik des Badezimmers bei.<\/li>\n<\/ul>\n\t\t<\/div>\n\t\t\t\t\t<\/div>\n\n\t\n\n\t<div id=\"col-1526588575\" class=\"col medium-6 small-12 large-6\"  >\n\t\t\t\t<div class=\"col-inner\" style=\"background-color:#c0d63d;\" >\n\t\t\t\n\t\t\t\n\t<div id=\"text-1882980728\" class=\"text\">\n\t\t\n<h4 class=\"uppercase\">SCHLUSSFOLGERUNG<\/h4>\n\t\t\n<style>\n#text-1882980728 {\n  font-size: 2rem;\n  text-align: right;\n  color: rgb(255, 255, 255);\n}\n#text-1882980728 > * {\n  color: rgb(255, 255, 255);\n}\n@media (min-width:850px) {\n  #text-1882980728 {\n    font-size: 3.5rem;\n  }\n}\n<\/style>\n\t<\/div>\n\t\n<h3>Perfekte Hygiene im Bad und dar\u00fcber hinaus dank ecoturbino<\/h3>\n<p><strong>ecoturbino<\/strong> bietet nicht nur <strong>hygienisch saubere Duschk\u00f6pfe<\/strong> und Schl\u00e4uche, sondern tr\u00e4gt auch zur allgemeinen Badhygiene bei. Da stehendes Wasser und die damit verbundenen bakteriellen Probleme reduziert werden, verbessert sich die Gesamthygiene des Badezimmers.<\/p>\n<p>Dies ist besonders wichtig in Unterk\u00fcnften wie <strong>Hotels, Pflegeheime, <a href=\"https:\/\/ecoturbino.world\/de\/verzeichniswelt\/kategorien\/medizinisch\/\" target=\"_blank\" rel=\"noopener\">Kliniken<\/a>und G\u00e4steh\u00e4user<\/strong>sowie Saisonbetriebe und Sportanlagen, in denen die Sicherheit und der Komfort der G\u00e4ste und Patienten oberste Priorit\u00e4t haben.<\/p>\n<p>Insgesamt ist ecoturbino ein<strong> innovative L\u00f6sung f\u00fcr eine h\u00e4ufig \u00fcbersehene<\/strong> Problem. Saubere Duschk\u00f6pfe und Schl\u00e4uche sind nicht nur <strong>\u00e4sthetisch ansprechend<\/strong> sondern auch f\u00fcr die Gesundheit und das Wohlbefinden der Nutzer unerl\u00e4sslich.<\/p>\n<p>Mit ecoturbino k\u00f6nnen Sie die<strong> Duscherfahrung in Hotels, Heimen<\/strong>und anderen Unterk\u00fcnften auf ein neues Niveau, w\u00e4hrend<strong> Optimierung der Badhygiene.<\/strong><\/p>\n\t\t<\/div>\n\t\t\t\t\n<style>\n#col-1526588575 > .col-inner {\n  padding: 10px 20px 1px 25px;\n  border-radius: 10px;\n}\n<\/style>\n\t<\/div>\n\n\t\n<\/div>\n<div class=\"video video-fit mb\" style=\"padding-top:56.25%;\"><p><iframe title=\"Der einfachste Weg, Ihren Duschkopf zu reinigen\ud83d\udca5(UNGLAUBLICHES ERGEBNIS)!!\" width=\"1020\" height=\"574\" src=\"https:\/\/www.youtube.com\/embed\/J7uwCSF8Ym0?feature=oembed\" frameborder=\"0\" allow=\"accelerometer; autoplay; clipboard-write; encrypted-media; gyroscope; picture-in-picture; web-share\" referrerpolicy=\"strict-origin-when-cross-origin\" allowfullscreen><\/iframe><\/p>\n<\/div>\n\t\t<\/div>\n\t\t\t\t\t<\/div>\n\n\t\n<\/div>\n\t\t<\/div>\n\n\t\t\n<style>\n#section_1306108303 {\n  padding-top: 30px;\n  padding-bottom: 30px;\n}\n<\/style>\n\t<\/section>","protected":false},"excerpt":{"rendered":"","protected":false},"author":2,"featured_media":1533,"parent":0,"menu_order":0,"comment_status":"closed","ping_status":"closed","template":"page-blank.php","meta":{"inline_featured_image":false,"footnotes":""},"class_list":["post-1198","page","type-page","status-publish","has-post-thumbnail","hentry"],"_links":{"self":[{"href":"https:\/\/ecoturbino.world\/de\/wp-json\/wp\/v2\/pages\/1198","targetHints":{"allow":["GET"]}}],"collection":[{"href":"https:\/\/ecoturbino.world\/de\/wp-json\/wp\/v2\/pages"}],"about":[{"href":"https:\/\/ecoturbino.world\/de\/wp-json\/wp\/v2\/types\/page"}],"author":[{"embeddable":true,"href":"https:\/\/ecoturbino.world\/de\/wp-json\/wp\/v2\/users\/2"}],"replies":[{"embeddable":true,"href":"https:\/\/ecoturbino.world\/de\/wp-json\/wp\/v2\/comments?post=1198"}],"version-history":[{"count":0,"href":"https:\/\/ecoturbino.world\/de\/wp-json\/wp\/v2\/pages\/1198\/revisions"}],"wp:featuredmedia":[{"embeddable":true,"href":"https:\/\/ecoturbino.world\/de\/wp-json\/wp\/v2\/media\/1533"}],"wp:attachment":[{"href":"https:\/\/ecoturbino.world\/de\/wp-json\/wp\/v2\/media?parent=1198"}],"curies":[{"name":"wp","href":"https:\/\/api.w.org\/{rel}","templated":true}]}}