{"id":1195,"date":"2024-01-01T11:44:09","date_gmt":"2024-01-01T10:44:09","guid":{"rendered":"https:\/\/ecoturbino.eu\/?page_id=1195"},"modified":"2024-01-20T12:37:42","modified_gmt":"2024-01-20T11:37:42","slug":"auswirkung-1","status":"publish","type":"page","link":"https:\/\/ecoturbino.world\/de\/impact-1\/","title":{"rendered":"Wasserfall- und Regenschalldusche Erlebnis | ecoturbino"},"content":{"rendered":"<section class=\"section zindex1\" id=\"section_1869037151\">\n\t\t<div class=\"section-bg fill\" >\n\t\t\t\t\t\t\t\t\t\n\t\t\t\n\n\t\t<\/div>\n\n\t\t\n\n\t\t<div class=\"section-content relative\">\n\t\t\t\n<div class=\"row row-small\"  id=\"row-199797615\">\n\n\t<div id=\"col-1703399327\" class=\"col medium-9 small-12 large-9\"  >\n\t\t\t\t<div class=\"col-inner\"  >\n\t\t\t\n\t\t\t\n<h1 class=\"uppercase\">Erlebnisdusche mit Wasserfall und Regenschall | Ecoturbino\u00ae<\/h1>\n<h3 class=\"thin-font\">die ersten Auswirkungen des wassersparenden und umweltschonenden Systems ecoturbino\u00ae<\/h3>\n<div class=\"row\"  id=\"row-2038478325\">\n\n\t<div id=\"col-1791206348\" class=\"col medium-11 small-12 large-11\"  >\n\t\t\t\t<div class=\"col-inner\"  >\n\t\t\t\n\t\t\t\n\t<div id=\"stack-3246658663\" class=\"stack stack-row justify-start items-start sm:stack-row\">\n\t\t\n\t<div class=\"img has-hover x md-x lg-x y md-y lg-y\" id=\"image_244661502\">\n\t\t\t\t\t\t\t\t<div class=\"img-inner dark\" >\n\t\t\t<img decoding=\"async\" width=\"100\" height=\"100\" src=\"https:\/\/ecoturbino.world\/wp-content\/uploads\/2024\/01\/impact1.svg\" class=\"attachment-original size-original\" alt=\"\" \/>\t\t\t\t\t\t\n\t\t\t\t\t<\/div>\n\t\t\t\t\t\t\t\t\n<style>\n#image_244661502 {\n  width: 100%;\n}\n<\/style>\n\t<\/div>\n\t\n\t<div class=\"img has-hover x md-x lg-x y md-y lg-y\" id=\"image_1318568356\">\n\t\t<a class=\"\" href=\"\/de\/auswirkung-2\/\" >\t\t\t\t\t\t<div class=\"img-inner image-color dark\" >\n\t\t\t<img decoding=\"async\" width=\"100\" height=\"100\" src=\"https:\/\/ecoturbino.world\/wp-content\/uploads\/2024\/01\/impact2.svg\" class=\"attachment-original size-original\" alt=\"\" \/>\t\t\t\t\t\t\n\t\t\t\t\t<\/div>\n\t\t\t\t\t\t<\/a>\t\t\n<style>\n#image_1318568356 {\n  width: 100%;\n}\n<\/style>\n\t<\/div>\n\t\n\t<div class=\"img has-hover x md-x lg-x y md-y lg-y\" id=\"image_1034542007\">\n\t\t<a class=\"\" href=\"\/de\/auswirkung-3\/\" >\t\t\t\t\t\t<div class=\"img-inner image-color dark\" >\n\t\t\t<img decoding=\"async\" width=\"100\" height=\"100\" src=\"https:\/\/ecoturbino.world\/wp-content\/uploads\/2024\/01\/impact3.svg\" class=\"attachment-original size-original\" alt=\"Auswirkungen 3 von ecoturbino\" \/>\t\t\t\t\t\t\n\t\t\t\t\t<\/div>\n\t\t\t\t\t\t<\/a>\t\t\n<style>\n#image_1034542007 {\n  width: 100%;\n}\n<\/style>\n\t<\/div>\n\t\n\t<div class=\"img has-hover x md-x lg-x y md-y lg-y\" id=\"image_1675904190\">\n\t\t<a class=\"\" href=\"\/de\/auswirkung-4\/\" >\t\t\t\t\t\t<div class=\"img-inner image-color dark\" >\n\t\t\t<img decoding=\"async\" width=\"100\" height=\"100\" src=\"https:\/\/ecoturbino.world\/wp-content\/uploads\/2024\/01\/impact4.svg\" class=\"attachment-original size-original\" alt=\"Auswirkungen 4 von ecoturbino\" \/>\t\t\t\t\t\t\n\t\t\t\t\t<\/div>\n\t\t\t\t\t\t<\/a>\t\t\n<style>\n#image_1675904190 {\n  width: 100%;\n}\n<\/style>\n\t<\/div>\n\t\n\t<div class=\"img has-hover x md-x lg-x y md-y lg-y\" id=\"image_1124530116\">\n\t\t<a class=\"\" href=\"\/de\/auswirkung-5\/\" >\t\t\t\t\t\t<div class=\"img-inner image-color dark\" >\n\t\t\t<img decoding=\"async\" width=\"100\" height=\"100\" src=\"https:\/\/ecoturbino.world\/wp-content\/uploads\/2024\/01\/impact5.svg\" class=\"attachment-original size-original\" alt=\"\" \/>\t\t\t\t\t\t\n\t\t\t\t\t<\/div>\n\t\t\t\t\t\t<\/a>\t\t\n<style>\n#image_1124530116 {\n  width: 100%;\n}\n<\/style>\n\t<\/div>\n\t\n\t<div class=\"img has-hover x md-x lg-x y md-y lg-y\" id=\"image_366543495\">\n\t\t<a class=\"\" href=\"\/de\/auswirkung-6\/\" >\t\t\t\t\t\t<div class=\"img-inner image-color dark\" >\n\t\t\t<img decoding=\"async\" width=\"100\" height=\"100\" src=\"https:\/\/ecoturbino.world\/wp-content\/uploads\/2024\/01\/impact6.svg\" class=\"attachment-original size-original\" alt=\"Auswirkungen 6 von ecoturbino\" \/>\t\t\t\t\t\t\n\t\t\t\t\t<\/div>\n\t\t\t\t\t\t<\/a>\t\t\n<style>\n#image_366543495 {\n  width: 100%;\n}\n<\/style>\n\t<\/div>\n\t\n\t<div class=\"img has-hover x md-x lg-x y md-y lg-y\" id=\"image_1634882688\">\n\t\t<a class=\"\" href=\"\/de\/auswirkung-7\/\" >\t\t\t\t\t\t<div class=\"img-inner image-color dark\" >\n\t\t\t<img decoding=\"async\" width=\"100\" height=\"100\" src=\"https:\/\/ecoturbino.world\/wp-content\/uploads\/2024\/01\/impact7.svg\" class=\"attachment-original size-original\" alt=\"Auswirkungen 7 von ecoturbino\" \/>\t\t\t\t\t\t\n\t\t\t\t\t<\/div>\n\t\t\t\t\t\t<\/a>\t\t\n<style>\n#image_1634882688 {\n  width: 100%;\n}\n<\/style>\n\t<\/div>\n\t\n\t\t\n<style>\n#stack-3246658663 > * {\n  --stack-gap: 0.5rem;\n}\n@media (min-width:550px) {\n  #stack-3246658663 > * {\n    --stack-gap: 1rem;\n  }\n}\n<\/style>\n\t<\/div>\n\t\n\t\t<\/div>\n\t\t\t\t\t<\/div>\n\n\t\n<\/div>\n\t\t<\/div>\n\t\t\t\t\t<\/div>\n\n\t\n\n\t<div id=\"col-1056423690\" class=\"col medium-3 small-12 large-3\"  >\n\t\t\t\t<div class=\"col-inner\"  >\n\t\t\t\n\t\t\t\n\t<div class=\"img has-hover x md-x lg-x y md-y lg-y\" id=\"image_104828088\">\n\t\t\t\t\t\t\t\t<div class=\"img-inner dark\" >\n\t\t\t<img decoding=\"async\" width=\"100\" height=\"100\" src=\"https:\/\/ecoturbino.world\/wp-content\/uploads\/2024\/01\/impact1.svg\" class=\"attachment-original size-original\" alt=\"\" \/>\t\t\t\t\t\t\n\t\t\t\t\t<\/div>\n\t\t\t\t\t\t\t\t\n<style>\n#image_104828088 {\n  width: 100%;\n}\n<\/style>\n\t<\/div>\n\t\n\t\t<\/div>\n\t\t\t\t\t<\/div>\n\n\t\n<\/div>\n<div class=\"row\"  id=\"row-1639467169\">\n\n\t<div id=\"col-2074599885\" class=\"col small-12 large-12\"  >\n\t\t\t\t<div class=\"col-inner\"  >\n\t\t\t\n\t\t\t\n<div class=\"is-divider divider clearfix\" style=\"max-width:100%;height:1px;\"><\/div>\n<h2><span style=\"font-size: 120%;\">Das Duscherlebnis wie im Freien | ein h\u00f6rbarer Regenschauer f\u00fcr Komfort<\/span><\/h2>\n<p>F\u00fcr viele Menschen ist die t\u00e4gliche <strong>Duschen<\/strong> ist mehr als nur eine notwendige Hygienema\u00dfnahme. Es ist eine <strong>einen Moment der Entspannung, des Wohlbefindens und der Erfrischung.<\/strong><\/p>\n<p>In der hektischen Welt von heute, in der Stress und Fristen allgegenw\u00e4rtig sind, ist die <strong>Duschen kann eine Oase der Ruhe sein<\/strong> und Verj\u00fcngung.<\/p>\n<p>Und wenn Sie die<strong> Duscherlebnis nach Gef\u00fchl<\/strong> als st\u00fcnden Sie unter einer <strong>eine erfrischende Regendusche im Freien oder neben einem Wasserfall,<\/strong> wird dieser Moment zu etwas ganz Besonderem. Dank ecoturbino ist dies nun m\u00f6glich.<\/p>\n<h3>Die Sehnsucht nach der Natur im Badezimmer<\/h3>\n<p>Die <strong>Sehnsucht nach der Natur und der freien Natur<\/strong> ist tief in uns verwurzelt. Im Laufe der Geschichte, <strong>die Menschen haben eine Verbindung zur Natur gesucht<\/strong> und in unser t\u00e4gliches Leben integriert, sei es durch die Begr\u00fcnung unserer Lebensr\u00e4ume oder die Verwendung nat\u00fcrlicher Materialien.<\/p>\n<p>Da ist es nur nat\u00fcrlich, dass wir die Natur auch in unseren Badezimmern erleben wollen. Die Vorstellung, unter einer erfrischenden Regendusche zu stehen, komplett mit <strong>Wasserger\u00e4usche im Freien<\/strong>warm, w\u00e4hrend <strong>Wasser flie\u00dft sanft \u00fcber unsere K\u00f6rper<\/strong>ist f\u00fcr viele von uns sehr reizvoll. Dank ecoturbino ist dies nun m\u00f6glich.<\/p>\n\t<div id=\"gap-1215388202\" class=\"gap-element clearfix\" style=\"display:block; height:auto;\">\n\t\t\n<style>\n#gap-1215388202 {\n  padding-top: 30px;\n}\n<\/style>\n\t<\/div>\n\t\n<div class=\"row\"  id=\"row-614815381\">\n\n\t<div id=\"col-161896508\" class=\"col medium-4 small-12 large-4\"  >\n\t\t\t\t<div class=\"col-inner\"  >\n\t\t\t\n\t\t\t\n\t<div class=\"img has-hover radius10 x md-x lg-x y md-y lg-y\" id=\"image_707824473\">\n\t\t\t\t\t\t\t\t<div class=\"img-inner dark\" >\n\t\t\t<img decoding=\"async\" width=\"600\" height=\"600\" src=\"https:\/\/ecoturbino.world\/wp-content\/uploads\/2024\/01\/waterfall_600.webp\" class=\"attachment-original size-original\" alt=\"Wasserfall-Symbol\" srcset=\"https:\/\/ecoturbino.world\/wp-content\/uploads\/2024\/01\/waterfall_600.webp 600w, https:\/\/ecoturbino.world\/wp-content\/uploads\/2024\/01\/waterfall_600-500x500.webp 500w, https:\/\/ecoturbino.world\/wp-content\/uploads\/2024\/01\/waterfall_600-32x32.webp 32w, https:\/\/ecoturbino.world\/wp-content\/uploads\/2024\/01\/waterfall_600-48x48.webp 48w, https:\/\/ecoturbino.world\/wp-content\/uploads\/2024\/01\/waterfall_600-80x80.webp 80w, https:\/\/ecoturbino.world\/wp-content\/uploads\/2024\/01\/waterfall_600-180x180.webp 180w\" sizes=\"(max-width: 600px) 100vw, 600px\" \/>\t\t\t\t\t\t\n\t\t\t\t\t<\/div>\n\t\t\t\t\t\t\t\t\n<style>\n#image_707824473 {\n  width: 100%;\n}\n<\/style>\n\t<\/div>\n\t\n\t\t<\/div>\n\t\t\t\t\t<\/div>\n\n\t\n\n\t<div id=\"col-307854025\" class=\"col medium-8 small-12 large-8\"  >\n\t\t\t\t<div class=\"col-inner\"  >\n\t\t\t\n\t\t\t\n<h3>Der Klang von Wasser und Regen | ein entspannendes H\u00f6rerlebnis<\/h3>\n<p>Aber die <strong>Regen- und Wasserklang-Dusch-Erlebnis<\/strong> unter der Dusche geht \u00fcber das Gef\u00fchl des warmen Regens auf der Haut hinaus. Es geh\u00f6rt auch das beruhigende Ger\u00e4usch des Regens dazu, der sanft auf den K\u00f6rper trifft und dann in Kaskaden herabrieselt. Dieses sanfte Prasseln erinnert uns an eine erfrischende <strong>Outdoor-Regendusche<\/strong> und hilft, den Stress des Alltags abzusch\u00fctteln.<\/p>\n<blockquote>\n<p>Die unter Druck stehenden Luftblasen, die ecoturbino in den Wasserstrahl integriert, entspannen sich beim Austritt aus den D\u00fcsen des Duschkopfes. So entsteht ein frisches Klangbild, das am ehesten mit einer Regendusche im Freien zu vergleichen ist. Ein fantastisches Erlebnis.<\/p>\n<\/blockquote>\n<p>Die <strong>Klang von <a href=\"https:\/\/en.wikipedia.org\/wiki\/Waterfall\" target=\"_blank\" rel=\"noopener sponsored\">Wasserfall<\/a><\/strong> kann eine beruhigende Wirkung haben und Stress abbauen. Es schafft eine <strong>entspannte Atmosph\u00e4re, die es leichter macht, loszulassen<\/strong> und konzentrieren Sie sich auf das Duscherlebnis. Das sanfte Pl\u00e4tschern des Wassers kann den Geist beruhigen und den K\u00f6rper entspannen, was besonders nach einem langen Tag sehr beruhigend ist.<\/p>\n\t\t<\/div>\n\t\t\t\t\t<\/div>\n\n\t\n<\/div>\n\t<div id=\"gap-1322384382\" class=\"gap-element clearfix\" style=\"display:block; height:auto;\">\n\t\t\n<style>\n#gap-1322384382 {\n  padding-top: 30px;\n}\n<\/style>\n\t<\/div>\n\t\n<div class=\"row\"  id=\"row-1762431844\">\n\n\t<div id=\"col-1067665724\" class=\"col medium-6 small-12 large-6\"  >\n\t\t\t\t<div class=\"col-inner\"  >\n\t\t\t\n\t\t\t\n<h3>Die Wissenschaft hinter dem Duscherlebnis<\/h3>\n<blockquote>\n<p>Die entspannende Wirkung von Wasserger\u00e4uschen ist wissenschaftlich belegt. Studien haben gezeigt, dass das H\u00f6ren von Wasserger\u00e4uschen den Stresspegel senken kann.<\/p>\n<\/blockquote>\n<p>Die <strong>Ger\u00e4usch von Regen, Wellen oder flie\u00dfendem Wasser<\/strong> aktiviert bestimmte Teile des Gehirns, die mit Entspannung und Wohlbefinden zu tun haben.<\/p>\n<p>Dies erkl\u00e4rt, warum viele Menschen <strong>Duschen als Mittel zum Stressabbau und zur Entspannung betrachten<\/strong>. Dank ecoturbino ist dies nun m\u00f6glich.<\/p>\n\t\t<\/div>\n\t\t\t\t\t<\/div>\n\n\t\n\n\t<div id=\"col-1913570580\" class=\"col medium-6 small-12 large-6\"  >\n\t\t\t\t<div class=\"col-inner\" style=\"background-color:#c0d63d;\" >\n\t\t\t\n\t\t\t\n\t<div id=\"text-3930471624\" class=\"text\">\n\t\t\n<h4 class=\"uppercase\">SCHLUSSFOLGERUNG<\/h4>\n\t\t\n<style>\n#text-3930471624 {\n  font-size: 2rem;\n  text-align: right;\n  color: rgb(255, 255, 255);\n}\n#text-3930471624 > * {\n  color: rgb(255, 255, 255);\n}\n@media (min-width:850px) {\n  #text-3930471624 {\n    font-size: 3.5rem;\n  }\n}\n<\/style>\n\t<\/div>\n\t\n<h3>Das Duscherlebnis wie unter freiem Himmel genie\u00dfen<\/h3>\n<p>Die Dusche erleben wie eine <strong>h\u00f6rbarer Regenschauer<\/strong> ist mehr als nur eine einfache Dusche. Es ist eine M\u00f6glichkeit, die Natur in unser t\u00e4gliches Leben zu integrieren, Stress abzubauen und zu entspannen.<\/p>\n<p>Mit einem Regenschauer und der <strong>geeignete atmosph\u00e4rische Elemente in der <a href=\"https:\/\/ecoturbino.world\/de\/verzeichniswelt\/kategorien\/hotel\/\">Hotel<\/a> oder Badezimmer zu Hause<\/strong>kann jeder diesen besonderen Moment der Entspannung erleben.<\/p>\n<p>G\u00f6nnen Sie sich also von Zeit zu Zeit eine Pause unter Ihrer eigenen kleinen Regenwolke und genie\u00dfen Sie das Gef\u00fchl, als st\u00fcnden Sie unter einem warmen Regenschauer im Freien. Ihr K\u00f6rper und Ihr Geist werden es Ihnen danken.<\/p>\n\t\t<\/div>\n\t\t\t\t\n<style>\n#col-1913570580 > .col-inner {\n  padding: 10px 20px 1px 25px;\n  border-radius: 10px;\n}\n<\/style>\n\t<\/div>\n\n\t\n<\/div>\n<div class=\"video video-fit mb\" style=\"padding-top:56.25%;\"><p><iframe title=\"Wasserfall flie\u00dft \u00fcber Felsen im Wald 4k. Entspannendes flie\u00dfendes Wasser, wei\u00dfes Rauschen f\u00fcr Schlaf, Meditation\" width=\"1020\" height=\"574\" src=\"https:\/\/www.youtube.com\/embed\/sa2JCQ1Dils?feature=oembed\" frameborder=\"0\" allow=\"accelerometer; autoplay; clipboard-write; encrypted-media; gyroscope; picture-in-picture; web-share\" referrerpolicy=\"strict-origin-when-cross-origin\" allowfullscreen><\/iframe><\/p>\n<\/div>\n\t\t<\/div>\n\t\t\t\t\t<\/div>\n\n\t\n<\/div>\n\t\t<\/div>\n\n\t\t\n<style>\n#section_1869037151 {\n  padding-top: 30px;\n  padding-bottom: 30px;\n}\n<\/style>\n\t<\/section>","protected":false},"excerpt":{"rendered":"","protected":false},"author":2,"featured_media":1494,"parent":0,"menu_order":0,"comment_status":"closed","ping_status":"closed","template":"page-blank.php","meta":{"inline_featured_image":false,"footnotes":""},"class_list":["post-1195","page","type-page","status-publish","has-post-thumbnail","hentry"],"_links":{"self":[{"href":"https:\/\/ecoturbino.world\/de\/wp-json\/wp\/v2\/pages\/1195","targetHints":{"allow":["GET"]}}],"collection":[{"href":"https:\/\/ecoturbino.world\/de\/wp-json\/wp\/v2\/pages"}],"about":[{"href":"https:\/\/ecoturbino.world\/de\/wp-json\/wp\/v2\/types\/page"}],"author":[{"embeddable":true,"href":"https:\/\/ecoturbino.world\/de\/wp-json\/wp\/v2\/users\/2"}],"replies":[{"embeddable":true,"href":"https:\/\/ecoturbino.world\/de\/wp-json\/wp\/v2\/comments?post=1195"}],"version-history":[{"count":0,"href":"https:\/\/ecoturbino.world\/de\/wp-json\/wp\/v2\/pages\/1195\/revisions"}],"wp:featuredmedia":[{"embeddable":true,"href":"https:\/\/ecoturbino.world\/de\/wp-json\/wp\/v2\/media\/1494"}],"wp:attachment":[{"href":"https:\/\/ecoturbino.world\/de\/wp-json\/wp\/v2\/media?parent=1195"}],"curies":[{"name":"wp","href":"https:\/\/api.w.org\/{rel}","templated":true}]}}